{"id":750,"date":"2017-06-08T10:09:23","date_gmt":"2017-06-08T08:09:23","guid":{"rendered":"https:\/\/www.villafloresmartin.com\/es\/?page_id=750"},"modified":"2024-03-20T16:57:00","modified_gmt":"2024-03-20T15:57:00","slug":"certificaciones","status":"publish","type":"page","link":"https:\/\/www.villafloresmartin.com\/es\/responsabilidad\/certificaciones\/","title":{"rendered":"Certificaciones"},"content":{"rendered":"<p class=\"no-margen\"><img  title=\"Certificaciones - Villa Flores Mart\u00edn\" loading=\"lazy\" decoding=\"async\" class=\"aligncenter size-full wp-image-1009 img-full\" src=\"https:\/\/www.villafloresmartin.com\/es\/wp-content\/uploads\/2017\/10\/certificados-cabecera.jpg\"  alt=\"Certificaciones - Villa Flores Mart\u00edn\"  width=\"1600\" height=\"575\" \/><\/p>\n<h1 class=\"text-center mt-4 mb-4\">Certificaciones<\/h1>\n<div class=\"adorno-naranja\"><\/div>\n<div class=\"container mt-4 mb-5\">\n\n<!-- Generado usando Document Gallery. Obtenga el suyo aqu\u00ed:http:\/\/wordpress.org\/extend\/plugins\/document-gallery -->\n<div id=\"document-gallery-1\" class=\"document-gallery\" data-shortcode='{\"id\":750,\"include\":\"2402,2401,2399,2400,1654,1653,1648,1649,1650,1651,1964,2013,2116\",\"exclude\":\"\",\"attachment_pg\":false,\"columns\":3,\"descriptions\":false,\"fancy\":true,\"limit\":-1,\"mime_types\":\"application,video,text,audio,image\",\"new_window\":true,\"order\":\"ASC\",\"orderby\":\"post__in\",\"paginate\":true,\"post_status\":\"any\",\"post_type\":\"attachment\",\"relation\":\"AND\",\"skip\":0}' style='--dg-icon-width: 32%'>\n<div class='document-icon-row'>\n   <div class=\"document-icon\">\n      <a href=\"https:\/\/www.villafloresmartin.com\/es\/wp-content\/uploads\/2024\/03\/Certificado-ER-0905-1997.pdf\" target=\"_blank\">\n         <img decoding=\"async\" src=\"https:\/\/www.villafloresmartin.com\/es\/wp-content\/uploads\/2024\/03\/Certificado-ER-0905-1997-thumb.png\"  title=\"Certificaciones - Villa Flores Mart\u00edn\"   alt=\"Certificaciones - Villa Flores Mart\u00edn\"  data-ext=\"pdf\"\/>\n         <span class=\"title\">Certificado ER-0905-1997<\/span>\n      <\/a>\n   <\/div>\n   <div class=\"document-icon\">\n      <a href=\"https:\/\/www.villafloresmartin.com\/es\/wp-content\/uploads\/2024\/03\/Certificado-SST-0021-2006.pdf\" target=\"_blank\">\n         <img decoding=\"async\" src=\"https:\/\/www.villafloresmartin.com\/es\/wp-content\/uploads\/2024\/03\/Certificado-SST-0021-2006-thumb.png\"  title=\"Certificaciones - Villa Flores Mart\u00edn\"   alt=\"Certificaciones - Villa Flores Mart\u00edn\"  data-ext=\"pdf\"\/>\n         <span class=\"title\">Certificado SST-0021-2006<\/span>\n      <\/a>\n   <\/div>\n   <div class=\"document-icon\">\n      <a href=\"https:\/\/www.villafloresmartin.com\/es\/wp-content\/uploads\/2024\/03\/Certificado-GA-2001-0004.pdf\" target=\"_blank\">\n         <img decoding=\"async\" src=\"https:\/\/www.villafloresmartin.com\/es\/wp-content\/uploads\/2024\/03\/Certificado-GA-2001-0004-thumb.png\"  title=\"Certificaciones - Villa Flores Mart\u00edn\"   alt=\"Certificaciones - Villa Flores Mart\u00edn\"  data-ext=\"pdf\"\/>\n         <span class=\"title\">Certificado GA-2001-0004<\/span>\n      <\/a>\n   <\/div>\n\n<\/div>\n<div class='document-icon-row'>\n   <div class=\"document-icon\">\n      <a href=\"https:\/\/www.villafloresmartin.com\/es\/wp-content\/uploads\/2024\/03\/Certificado-SSTCoV-0002-2021.pdf\" target=\"_blank\">\n         <img decoding=\"async\" src=\"https:\/\/www.villafloresmartin.com\/es\/wp-content\/uploads\/2024\/03\/Certificado-SSTCoV-0002-2021-thumb.png\"  title=\"Certificaciones - Villa Flores Mart\u00edn\"   alt=\"Certificaciones - Villa Flores Mart\u00edn\"  data-ext=\"pdf\"\/>\n         <span class=\"title\">Certificado SSTCoV-0002-2021<\/span>\n      <\/a>\n   <\/div>\n   <div class=\"document-icon\">\n      <a href=\"https:\/\/www.villafloresmartin.com\/es\/wp-content\/uploads\/2019\/07\/CLASIFICACI\u00d3N-DE-CONTRATISTA-DEL-ESTADO-SERVICIOS.pdf\" target=\"_blank\">\n         <img decoding=\"async\" src=\"https:\/\/www.villafloresmartin.com\/es\/wp-content\/uploads\/2019\/07\/CLASIFICACI\u00d3N-DE-CONTRATISTA-DEL-ESTADO-SERVICIOS-thumb.png\"  title=\"Certificaciones - Villa Flores Mart\u00edn\"   alt=\"Certificaciones - Villa Flores Mart\u00edn\"  data-ext=\"pdf\"\/>\n         <span class=\"title\">CLASIFICACI\u00d3N DE CONTRATISTA DEL ESTADO SERVICIOS<\/span>\n      <\/a>\n   <\/div>\n   <div class=\"document-icon\">\n      <a href=\"https:\/\/www.villafloresmartin.com\/es\/wp-content\/uploads\/2019\/07\/CLASIFICACI\u00d3N-DE-CONTRATISTA-DEL-ESTADO-OBRAS.pdf\" target=\"_blank\">\n         <img decoding=\"async\" src=\"https:\/\/www.villafloresmartin.com\/es\/wp-content\/uploads\/2019\/07\/CLASIFICACI\u00d3N-DE-CONTRATISTA-DEL-ESTADO-OBRAS-thumb.png\"  title=\"Certificaciones - Villa Flores Mart\u00edn\"   alt=\"Certificaciones - Villa Flores Mart\u00edn\"  data-ext=\"pdf\"\/>\n         <span class=\"title\">CLASIFICACI\u00d3N DE CONTRATISTA DEL ESTADO OBRAS<\/span>\n      <\/a>\n   <\/div>\n\n<\/div>\n<div class='document-icon-row'>\n   <div class=\"document-icon\">\n      <a href=\"https:\/\/www.villafloresmartin.com\/es\/wp-content\/uploads\/2019\/07\/CALIFICACI\u00d3N-ENDESA-ENEL-2019-07-A-2020-07.pdf\" target=\"_blank\">\n         <img decoding=\"async\" src=\"https:\/\/www.villafloresmartin.com\/es\/wp-content\/uploads\/2019\/07\/CALIFICACI\u00d3N-ENDESA-ENEL-2019-07-A-2020-07-thumb.png\"  title=\"Certificaciones - Villa Flores Mart\u00edn\"   alt=\"Certificaciones - Villa Flores Mart\u00edn\"  data-ext=\"pdf\"\/>\n         <span class=\"title\">CALIFICACI\u00d3N ENDESA ENEL<\/span>\n      <\/a>\n   <\/div>\n   <div class=\"document-icon\">\n      <a href=\"https:\/\/www.villafloresmartin.com\/es\/wp-content\/uploads\/2019\/07\/CALIFICACI\u00d3N-ENDESA-ENEL-ALQUILER-GRUPOS-ELECTROGENOS-2018-12-12-A-2021-12-12.pdf\" target=\"_blank\">\n         <img decoding=\"async\" src=\"https:\/\/www.villafloresmartin.com\/es\/wp-content\/uploads\/2019\/07\/CALIFICACI\u00d3N-ENDESA-ENEL-ALQUILER-GRUPOS-ELECTROGENOS-2018-12-12-A-2021-12-12-thumb.png\"  title=\"Certificaciones - Villa Flores Mart\u00edn\"   alt=\"Certificaciones - Villa Flores Mart\u00edn\"  data-ext=\"pdf\"\/>\n         <span class=\"title\">CALIFICACI\u00d3N ENDESA ENEL ALQUILER GRUPOS ELECTROGENOS<\/span>\n      <\/a>\n   <\/div>\n   <div class=\"document-icon\">\n      <a href=\"https:\/\/www.villafloresmartin.com\/es\/wp-content\/uploads\/2019\/07\/CALIFICACI\u00d3N-ENDESA-ENEL-MT-BT-2017-07-A-2020-07.pdf\" target=\"_blank\">\n         <img decoding=\"async\" src=\"https:\/\/www.villafloresmartin.com\/es\/wp-content\/uploads\/2019\/07\/CALIFICACI\u00d3N-ENDESA-ENEL-MT-BT-2017-07-A-2020-07-thumb.png\"  title=\"Certificaciones - Villa Flores Mart\u00edn\"   alt=\"Certificaciones - Villa Flores Mart\u00edn\"  data-ext=\"pdf\"\/>\n         <span class=\"title\">CALIFICACI\u00d3N ENDESA ENEL MT-BT<\/span>\n      <\/a>\n   <\/div>\n\n<\/div>\n<div class='document-icon-row'>\n   <div class=\"document-icon\">\n      <a href=\"https:\/\/www.villafloresmartin.com\/es\/wp-content\/uploads\/2019\/07\/CALIFICACI\u00d3N-ENDESA-ENEL-OR-2017-03-a-2020-03.pdf\" target=\"_blank\">\n         <img decoding=\"async\" src=\"https:\/\/www.villafloresmartin.com\/es\/wp-content\/uploads\/2019\/07\/CALIFICACI\u00d3N-ENDESA-ENEL-OR-2017-03-a-2020-03-thumb.png\"  title=\"Certificaciones - Villa Flores Mart\u00edn\"   alt=\"Certificaciones - Villa Flores Mart\u00edn\"  data-ext=\"pdf\"\/>\n         <span class=\"title\">CALIFICACI\u00d3N ENDESA ENEL OR<\/span>\n      <\/a>\n   <\/div>\n   <div class=\"document-icon\">\n      <a href=\"https:\/\/www.villafloresmartin.com\/es\/wp-content\/uploads\/2021\/02\/Pol\u00edtica-de-Gesti\u00f3n.pdf\" target=\"_blank\">\n         <img decoding=\"async\" src=\"https:\/\/www.villafloresmartin.com\/es\/wp-content\/uploads\/2021\/02\/Pol\u00edtica-de-Gesti\u00f3n-thumb.png\"  title=\"Certificaciones - Villa Flores Mart\u00edn\"   alt=\"Certificaciones - Villa Flores Mart\u00edn\"  data-ext=\"pdf\"\/>\n         <span class=\"title\">Pol\u00edtica de Gesti\u00f3n<\/span>\n      <\/a>\n   <\/div>\n   <div class=\"document-icon\">\n      <a href=\"https:\/\/www.villafloresmartin.com\/es\/wp-content\/uploads\/2021\/04\/04-Pol\u00edtica-Covid-19.pdf\" target=\"_blank\">\n         <img decoding=\"async\" src=\"https:\/\/www.villafloresmartin.com\/es\/wp-content\/uploads\/2021\/04\/04-Pol\u00edtica-Covid-19-thumb.png\"  title=\"Certificaciones - Villa Flores Mart\u00edn\"   alt=\"Certificaciones - Villa Flores Mart\u00edn\"  data-ext=\"pdf\"\/>\n         <span class=\"title\">POLITICA COVID-19<\/span>\n      <\/a>\n   <\/div>\n\n<\/div>\n<div class='document-icon-row'>\n   <div class=\"document-icon\">\n      <a href=\"https:\/\/www.villafloresmartin.com\/es\/wp-content\/uploads\/2021\/07\/10877839-ISO-14064-1_compressed.pdf\" target=\"_blank\">\n         <img decoding=\"async\" src=\"https:\/\/www.villafloresmartin.com\/es\/wp-content\/uploads\/2021\/07\/10877839-ISO-14064-1_compressed-thumb.png\"  title=\"Certificaciones - Villa Flores Mart\u00edn\"   alt=\"Certificaciones - Villa Flores Mart\u00edn\"  data-ext=\"pdf\"\/>\n         <span class=\"title\">Huella de Carbono<\/span>\n      <\/a>\n   <\/div>\n\n<\/div>\n<\/div>\n<\/div>\n<div class=\"content_block\" id=\"custom_post_widget-2058\"><div class=\"row mt-5 mb-3\">\n<div class=\"col-md-4 mosaico-home borde-derecha\">\n<div class=\"fondo-sostenibilidad-ambiental mosaico-escala mosaico-escala-int\">\n<h3><a class=\"d-flex justify-content-center flex-column\" href=\"https:\/\/www.villafloresmartin.com\/es\/responsabilidad\/medio-ambiente\/\">Medio ambiente<\/a><\/h3>\n<\/div>\n<\/div>\n<div class=\"col-md-4 mosaico-home borde-derecha-izquierda\">\n<div class=\"fondo-sostenibilidad-calidad mosaico-escala mosaico-escala-int\">\n<h3><a class=\"d-flex justify-content-center flex-column\" href=\"https:\/\/www.villafloresmartin.com\/es\/responsabilidad\/calidad\/\">Calidad<\/a><\/h3>\n<\/div>\n<\/div>\n<div class=\"col-md-4 mosaico-home borde-izquierda\">\n<div class=\"fondo-sostenibilidad-seguridad mosaico-escala mosaico-escala-int\">\n<h3><a class=\"d-flex justify-content-center flex-column\" href=\"https:\/\/www.villafloresmartin.com\/es\/responsabilidad\/seguridad\/\">Seguridad<\/a><\/h3>\n<\/div>\n<\/div>\n<\/div>\n<div class=\"row mt-4 mb-4\">\n<div class=\"col-md-3 mosaico-home borde-derecha\">\n<div class=\"fondo-sostenibilidad-responsabilidad mosaico-escala mosaico-escala-int\">\n<h3><a class=\"d-flex justify-content-center flex-column\" href=\"https:\/\/www.villafloresmartin.com\/es\/responsabilidad\/responsabilidad-social-corporativa\">Responsabilidad social corporativa<\/a><\/h3>\n<\/div>\n<\/div>\n<div class=\"col-md-3 mosaico-home borde-derecha-izquierda\">\n<div class=\"fondo-sostenibilidad-formacion mosaico-escala mosaico-escala-int\">\n<h3><a class=\"d-flex justify-content-center flex-column\" href=\"https:\/\/www.villafloresmartin.com\/es\/responsabilidad\/formacion\">Formaci\u00f3n<\/a><\/h3>\n<\/div>\n<\/div>\n<div class=\"col-md-3 mosaico-home borde-izquierda\">\n<div class=\"fondo-sostenibilidad-certificaciones mosaico-escala mosaico-escala-int\">\n<h3><a class=\"d-flex justify-content-center flex-column\" href=\"https:\/\/www.villafloresmartin.com\/es\/responsabilidad\/certificaciones\">Certificaciones<\/a><\/h3>\n<\/div>\n<\/div>\n<div class=\"col-md-3 mosaico-home borde-izquierda\">\n<div class=\"fondo-seguridad-pandemia mosaico-escala mosaico-escala-int\">\n<h3><a class=\"d-flex justify-content-center flex-column\" href=\"https:\/\/www.villafloresmartin.com\/es\/responsabilidad\/trabajo-seguro-en-pandemia\/\">Trabajo seguro en pandemia<\/a><\/h3>\n<\/div>\n<\/div>\n<\/div>\n<\/div>\n","protected":false},"excerpt":{"rendered":"<p>Certificaciones [&#8230;]<\/p>\n<p><a class=\"btn btn-secondary understrap-read-more-link\" href=\"https:\/\/www.villafloresmartin.com\/es\/responsabilidad\/certificaciones\/\">Leer m\u00e1s&#8230;<\/a><\/p>\n","protected":false},"author":2,"featured_media":0,"parent":14,"menu_order":0,"comment_status":"closed","ping_status":"closed","template":"page-templates\/empty.php","meta":{"footnotes":""},"class_list":["post-750","page","type-page","status-publish","hentry"],"yoast_head":"<!-- This site is optimized with the Yoast SEO plugin v26.9 - https:\/\/yoast.com\/product\/yoast-seo-wordpress\/ -->\n<title>Certificaciones de Calidad de la Empresa Villa Flores Mart\u00edn<\/title>\n<meta name=\"description\" content=\"Villa Flores Mart\u00edn (VFM) dispone de un Sistema de Gesti\u00f3n de la Calidad certificado por AENOR, desde 1997, de acuerdo con la norma ISO 9001. Accede a nuestra web y consulta todas las certificaciones que tiene Villa Flores Mart\u00edn.\" \/>\n<meta name=\"robots\" content=\"index, follow, max-snippet:-1, max-image-preview:large, max-video-preview:-1\" \/>\n<link rel=\"canonical\" href=\"https:\/\/www.villafloresmartin.com\/es\/responsabilidad\/certificaciones\/\" \/>\n<meta property=\"og:locale\" content=\"es_ES\" \/>\n<meta property=\"og:type\" content=\"article\" \/>\n<meta property=\"og:title\" content=\"Certificaciones de Calidad de la Empresa Villa Flores Mart\u00edn\" \/>\n<meta property=\"og:description\" content=\"Villa Flores Mart\u00edn (VFM) dispone de un Sistema de Gesti\u00f3n de la Calidad certificado por AENOR, desde 1997, de acuerdo con la norma ISO 9001. Accede a nuestra web y consulta todas las certificaciones que tiene Villa Flores Mart\u00edn.\" \/>\n<meta property=\"og:url\" content=\"https:\/\/www.villafloresmartin.com\/es\/responsabilidad\/certificaciones\/\" \/>\n<meta property=\"og:site_name\" content=\"Villa Flores Mart\u00edn\" \/>\n<meta property=\"article:modified_time\" content=\"2024-03-20T15:57:00+00:00\" \/>\n<meta property=\"og:image\" content=\"https:\/\/www.villafloresmartin.com\/es\/wp-content\/uploads\/2017\/10\/certificados-cabecera.jpg\" \/>\n<meta name=\"twitter:label1\" content=\"Tiempo de lectura\" \/>\n\t<meta name=\"twitter:data1\" content=\"1 minuto\" \/>\n<script type=\"application\/ld+json\" class=\"yoast-schema-graph\">{\"@context\":\"https:\/\/schema.org\",\"@graph\":[{\"@type\":\"WebPage\",\"@id\":\"https:\/\/www.villafloresmartin.com\/es\/responsabilidad\/certificaciones\/\",\"url\":\"https:\/\/www.villafloresmartin.com\/es\/responsabilidad\/certificaciones\/\",\"name\":\"Certificaciones de Calidad de la Empresa Villa Flores Mart\u00edn\",\"isPartOf\":{\"@id\":\"https:\/\/www.villafloresmartin.com\/es\/#website\"},\"primaryImageOfPage\":{\"@id\":\"https:\/\/www.villafloresmartin.com\/es\/responsabilidad\/certificaciones\/#primaryimage\"},\"image\":{\"@id\":\"https:\/\/www.villafloresmartin.com\/es\/responsabilidad\/certificaciones\/#primaryimage\"},\"thumbnailUrl\":\"https:\/\/www.villafloresmartin.com\/es\/wp-content\/uploads\/2017\/10\/certificados-cabecera.jpg\",\"datePublished\":\"2017-06-08T08:09:23+00:00\",\"dateModified\":\"2024-03-20T15:57:00+00:00\",\"description\":\"Villa Flores Mart\u00edn (VFM) dispone de un Sistema de Gesti\u00f3n de la Calidad certificado por AENOR, desde 1997, de acuerdo con la norma ISO 9001. Accede a nuestra web y consulta todas las certificaciones que tiene Villa Flores Mart\u00edn.\",\"breadcrumb\":{\"@id\":\"https:\/\/www.villafloresmartin.com\/es\/responsabilidad\/certificaciones\/#breadcrumb\"},\"inLanguage\":\"es\",\"potentialAction\":[{\"@type\":\"ReadAction\",\"target\":[\"https:\/\/www.villafloresmartin.com\/es\/responsabilidad\/certificaciones\/\"]}]},{\"@type\":\"ImageObject\",\"inLanguage\":\"es\",\"@id\":\"https:\/\/www.villafloresmartin.com\/es\/responsabilidad\/certificaciones\/#primaryimage\",\"url\":\"https:\/\/www.villafloresmartin.com\/es\/wp-content\/uploads\/2017\/10\/certificados-cabecera.jpg\",\"contentUrl\":\"https:\/\/www.villafloresmartin.com\/es\/wp-content\/uploads\/2017\/10\/certificados-cabecera.jpg\",\"width\":1600,\"height\":575},{\"@type\":\"BreadcrumbList\",\"@id\":\"https:\/\/www.villafloresmartin.com\/es\/responsabilidad\/certificaciones\/#breadcrumb\",\"itemListElement\":[{\"@type\":\"ListItem\",\"position\":1,\"name\":\"Portada\",\"item\":\"https:\/\/www.villafloresmartin.com\/es\/\"},{\"@type\":\"ListItem\",\"position\":2,\"name\":\"Responsabilidad\",\"item\":\"https:\/\/www.villafloresmartin.com\/es\/responsabilidad\/\"},{\"@type\":\"ListItem\",\"position\":3,\"name\":\"Certificaciones\"}]},{\"@type\":\"WebSite\",\"@id\":\"https:\/\/www.villafloresmartin.com\/es\/#website\",\"url\":\"https:\/\/www.villafloresmartin.com\/es\/\",\"name\":\"Villa Flores Mart\u00edn\",\"description\":\"\",\"potentialAction\":[{\"@type\":\"SearchAction\",\"target\":{\"@type\":\"EntryPoint\",\"urlTemplate\":\"https:\/\/www.villafloresmartin.com\/es\/?s={search_term_string}\"},\"query-input\":{\"@type\":\"PropertyValueSpecification\",\"valueRequired\":true,\"valueName\":\"search_term_string\"}}],\"inLanguage\":\"es\"}]}<\/script>\n<!-- \/ Yoast SEO plugin. -->","yoast_head_json":{"title":"Certificaciones de Calidad de la Empresa Villa Flores Mart\u00edn","description":"Villa Flores Mart\u00edn (VFM) dispone de un Sistema de Gesti\u00f3n de la Calidad certificado por AENOR, desde 1997, de acuerdo con la norma ISO 9001. Accede a nuestra web y consulta todas las certificaciones que tiene Villa Flores Mart\u00edn.","robots":{"index":"index","follow":"follow","max-snippet":"max-snippet:-1","max-image-preview":"max-image-preview:large","max-video-preview":"max-video-preview:-1"},"canonical":"https:\/\/www.villafloresmartin.com\/es\/responsabilidad\/certificaciones\/","og_locale":"es_ES","og_type":"article","og_title":"Certificaciones de Calidad de la Empresa Villa Flores Mart\u00edn","og_description":"Villa Flores Mart\u00edn (VFM) dispone de un Sistema de Gesti\u00f3n de la Calidad certificado por AENOR, desde 1997, de acuerdo con la norma ISO 9001. Accede a nuestra web y consulta todas las certificaciones que tiene Villa Flores Mart\u00edn.","og_url":"https:\/\/www.villafloresmartin.com\/es\/responsabilidad\/certificaciones\/","og_site_name":"Villa Flores Mart\u00edn","article_modified_time":"2024-03-20T15:57:00+00:00","og_image":[{"url":"https:\/\/www.villafloresmartin.com\/es\/wp-content\/uploads\/2017\/10\/certificados-cabecera.jpg","type":"","width":"","height":""}],"twitter_misc":{"Tiempo de lectura":"1 minuto"},"schema":{"@context":"https:\/\/schema.org","@graph":[{"@type":"WebPage","@id":"https:\/\/www.villafloresmartin.com\/es\/responsabilidad\/certificaciones\/","url":"https:\/\/www.villafloresmartin.com\/es\/responsabilidad\/certificaciones\/","name":"Certificaciones de Calidad de la Empresa Villa Flores Mart\u00edn","isPartOf":{"@id":"https:\/\/www.villafloresmartin.com\/es\/#website"},"primaryImageOfPage":{"@id":"https:\/\/www.villafloresmartin.com\/es\/responsabilidad\/certificaciones\/#primaryimage"},"image":{"@id":"https:\/\/www.villafloresmartin.com\/es\/responsabilidad\/certificaciones\/#primaryimage"},"thumbnailUrl":"https:\/\/www.villafloresmartin.com\/es\/wp-content\/uploads\/2017\/10\/certificados-cabecera.jpg","datePublished":"2017-06-08T08:09:23+00:00","dateModified":"2024-03-20T15:57:00+00:00","description":"Villa Flores Mart\u00edn (VFM) dispone de un Sistema de Gesti\u00f3n de la Calidad certificado por AENOR, desde 1997, de acuerdo con la norma ISO 9001. Accede a nuestra web y consulta todas las certificaciones que tiene Villa Flores Mart\u00edn.","breadcrumb":{"@id":"https:\/\/www.villafloresmartin.com\/es\/responsabilidad\/certificaciones\/#breadcrumb"},"inLanguage":"es","potentialAction":[{"@type":"ReadAction","target":["https:\/\/www.villafloresmartin.com\/es\/responsabilidad\/certificaciones\/"]}]},{"@type":"ImageObject","inLanguage":"es","@id":"https:\/\/www.villafloresmartin.com\/es\/responsabilidad\/certificaciones\/#primaryimage","url":"https:\/\/www.villafloresmartin.com\/es\/wp-content\/uploads\/2017\/10\/certificados-cabecera.jpg","contentUrl":"https:\/\/www.villafloresmartin.com\/es\/wp-content\/uploads\/2017\/10\/certificados-cabecera.jpg","width":1600,"height":575},{"@type":"BreadcrumbList","@id":"https:\/\/www.villafloresmartin.com\/es\/responsabilidad\/certificaciones\/#breadcrumb","itemListElement":[{"@type":"ListItem","position":1,"name":"Portada","item":"https:\/\/www.villafloresmartin.com\/es\/"},{"@type":"ListItem","position":2,"name":"Responsabilidad","item":"https:\/\/www.villafloresmartin.com\/es\/responsabilidad\/"},{"@type":"ListItem","position":3,"name":"Certificaciones"}]},{"@type":"WebSite","@id":"https:\/\/www.villafloresmartin.com\/es\/#website","url":"https:\/\/www.villafloresmartin.com\/es\/","name":"Villa Flores Mart\u00edn","description":"","potentialAction":[{"@type":"SearchAction","target":{"@type":"EntryPoint","urlTemplate":"https:\/\/www.villafloresmartin.com\/es\/?s={search_term_string}"},"query-input":{"@type":"PropertyValueSpecification","valueRequired":true,"valueName":"search_term_string"}}],"inLanguage":"es"}]}},"_links":{"self":[{"href":"https:\/\/www.villafloresmartin.com\/es\/wp-json\/wp\/v2\/pages\/750","targetHints":{"allow":["GET"]}}],"collection":[{"href":"https:\/\/www.villafloresmartin.com\/es\/wp-json\/wp\/v2\/pages"}],"about":[{"href":"https:\/\/www.villafloresmartin.com\/es\/wp-json\/wp\/v2\/types\/page"}],"author":[{"embeddable":true,"href":"https:\/\/www.villafloresmartin.com\/es\/wp-json\/wp\/v2\/users\/2"}],"replies":[{"embeddable":true,"href":"https:\/\/www.villafloresmartin.com\/es\/wp-json\/wp\/v2\/comments?post=750"}],"version-history":[{"count":2,"href":"https:\/\/www.villafloresmartin.com\/es\/wp-json\/wp\/v2\/pages\/750\/revisions"}],"predecessor-version":[{"id":2404,"href":"https:\/\/www.villafloresmartin.com\/es\/wp-json\/wp\/v2\/pages\/750\/revisions\/2404"}],"up":[{"embeddable":true,"href":"https:\/\/www.villafloresmartin.com\/es\/wp-json\/wp\/v2\/pages\/14"}],"wp:attachment":[{"href":"https:\/\/www.villafloresmartin.com\/es\/wp-json\/wp\/v2\/media?parent=750"}],"curies":[{"name":"wp","href":"https:\/\/api.w.org\/{rel}","templated":true}]}}