{"id":667,"date":"2017-06-05T16:15:39","date_gmt":"2017-06-05T14:15:39","guid":{"rendered":"https:\/\/www.villafloresmartin.com\/es\/?page_id=667"},"modified":"2020-02-14T09:32:10","modified_gmt":"2020-02-14T08:32:10","slug":"medios","status":"publish","type":"page","link":"https:\/\/www.villafloresmartin.com\/es\/medios\/","title":{"rendered":"Medios"},"content":{"rendered":"<p class=\"no-margin\"><img  title=\"Medios - Villa Flores Mart\u00edn\" loading=\"lazy\" decoding=\"async\" src=\"https:\/\/www.villafloresmartin.com\/es\/wp-content\/uploads\/2020\/02\/cabecera-medios.jpg\"  alt=\"Medios - Villa Flores Mart\u00edn\"  width=\"1600\" height=\"575\" class=\"alignleft size-full wp-image-1765 img-full\" srcset=\"https:\/\/www.villafloresmartin.com\/es\/wp-content\/uploads\/2020\/02\/cabecera-medios.jpg 1600w, https:\/\/www.villafloresmartin.com\/es\/wp-content\/uploads\/2020\/02\/cabecera-medios-300x108.jpg 300w, https:\/\/www.villafloresmartin.com\/es\/wp-content\/uploads\/2020\/02\/cabecera-medios-768x276.jpg 768w, https:\/\/www.villafloresmartin.com\/es\/wp-content\/uploads\/2020\/02\/cabecera-medios-1024x368.jpg 1024w\" sizes=\"auto, (max-width: 1600px) 100vw, 1600px\" \/><\/p>\n<h1 class=\"text-center mt-4 mb-4\">Medios<\/h1>\n<div class=\"adorno-naranja\"><\/div>\n<div class=\"container mt-4 mb-4\">\n<div class=\"row\">\n<div class=\"col-md-12\">\n<p class=\"text-center\">Villa Flores Mart\u00edn (VFM) basa su futuro en tres pilares fundamentales. Por un lado se encuentran sus instalaciones y medios t\u00e9cnicos y, por otro, su profesional equipo humano. Gracias a la combinaci\u00f3n de sendos elementos, VFM se ha convertido en la empresa que es hoy d\u00eda.<\/p>\n<\/div>\n<\/div>\n<\/div>\n<div class=\"row mt-4 mb-4\">\n<div class=\"col-md-6 fondo-naranja padding-3\">\n<h2>Instalaciones<\/h2>\n<p class=\"texto\">Las instalaciones centrales de VFM se encuentran en un moderno parque log\u00edstico situado en el municipio sevillano de Carmona. La parcela que engloba al complejo de la compa\u00f1\u00eda ocupa una superficie total de 20.000 metros cuadrados (m\u00b2), de los cuales 5.000 m\u00b2 comprenden la zona construida y cubierta, m\u00e1s un edificio de oficinas de 500 m\u00b2 por planta, donde se ubican las oficinas t\u00e9cnica y administrativa. Todos los departamentos que componen la empresa est\u00e1n dotados de los medios m\u00e1s actuales y productivos.<\/p>\n<p class=\"texto\">Menci\u00f3n especial merece el inter\u00e9s permanente por la <a href=\"https:\/\/www.villafloresmartin.com\/es\/responsabilidad\/formacion\">formaci\u00f3n<\/a> de la plantilla, para lo que disponemos de unas instalaciones especializadas para llevar a cabo el reciclaje y el aprendizaje permanente de nuestros trabajadores.<\/p>\n<\/div>\n<div class=\"col-md-6 fondo-medios-instalaciones padding-3\"><\/div>\n<\/div>\n<div class=\"container mt-4 mb-4\">\n<div class=\"row\">\n<div class=\"col-md-12\">\n<h2>Recursos Humanos<\/h2>\n<p class=\"texto\">La direcci\u00f3n de VFM siempre ha sido consciente del valor que supone mantener a un equipo de trabajo comprometido con los objetivos de la empresa, la mejora continua, la responsabilidad social y medioambiental, as\u00ed como la apuesta constante por la calidad, la seguridad y la salud.<\/p>\n<p class=\"texto\">Si bien, contamos con un personal altamente cualificado y especializado en todas sus \u00e1reas, organizadas en distintos departamentos: Gesti\u00f3n de Obras y Proyectos, Producci\u00f3n, Prevenci\u00f3n, Calidad y Medio Ambiente, Log\u00edstica y Aprovisionamientos y Administraci\u00f3n.<\/p>\n<\/div>\n<\/div>\n<\/div>\n<div class=\"row mt-4 mb-4\">\n<div class=\"col-md-6 fondo-medios-tecnicos padding-3\"><\/div>\n<div class=\"col-md-6 fondo-gris padding-3\">\n<h2>Medios t\u00e9cnicos<\/h2>\n<p class=\"texto\">En Villa Flores Mart\u00edn pretendemos beneficiarnos de los mejores y m\u00e1s modernos medios t\u00e9cnicos existentes en el mercado. Tales como elementos de progreso para un trabajo de calidad y satisfacci\u00f3n de nuestros clientes.<\/p>\n<p class=\"texto\">Para ello disponemos de una amplia flota de veh\u00edculos, maquinaria y equipos de trabajo que acometen todos los servicios que ofrecemos tanto para los trabajos en instalaciones el\u00e9ctricas como para los trabajos de obra civil.<\/p>\n<ul>\n<li>Veh\u00edculos todoterreno.<\/li>\n<li>Camiones gr\u00faa.<\/li>\n<li><a href=\"https:\/\/www.villafloresmartin.com\/es\/servicios\/servicios-energia-electrica\/grupos-electrogenos\/\">Grupos electr\u00f3genos de 100 a 1.600 KVA.<\/a><\/li>\n<li><a href=\"https:\/\/www.villafloresmartin.com\/es\/servicios\/servicios-energia-electrica\/centros-transformacion-moviles\/\">Centros de transformaci\u00f3n m\u00f3viles.<\/a><\/li>\n<li><a href=\"https:\/\/www.villafloresmartin.com\/es\/servicios\/localizacion-ensayos-diagnosis-lineas-subterraneas-electricas\/\">Laboratorios m\u00f3viles para la localizaci\u00f3n, ensayos y diagnosis de l\u00edneas subterr\u00e1neas el\u00e9ctricas.<\/a><\/li>\n<li><a href=\"https:\/\/www.villafloresmartin.com\/es\/servicios\/obra-civil\/\">Cabezas tractoras, ba\u00f1eras, g\u00f3ndolas, camiones cuba, etc.<\/a><\/li>\n<li>Plataformas elevadoras m\u00f3viles de personal.<\/li>\n<li><a href=\"https:\/\/www.villafloresmartin.com\/es\/servicios\/obra-civil\/\">Maquinaria para movimientos de tierras y excavaci\u00f3n.<\/a><\/li>\n<\/ul>\n<\/div>\n<\/div>\n<div class=\"container mt-4 mb-4\">\n<div class=\"row\">\n<div id='gallery-1' class='gallery galleryid-667 gallery-columns-3 gallery-size-thumbnail'><figure class='gallery-item'>\n\t\t\t<div class='gallery-icon landscape'>\n\t\t\t\t<a href='https:\/\/www.villafloresmartin.com\/es\/wp-content\/uploads\/2017\/06\/20160307_180149.jpg'><img  title=\"Medios - Villa Flores Mart\u00edn\" loading=\"lazy\" decoding=\"async\" width=\"150\" height=\"150\" src=\"https:\/\/www.villafloresmartin.com\/es\/wp-content\/uploads\/2017\/06\/20160307_180149-150x150.jpg\" class=\"attachment-thumbnail size-thumbnail\"  alt=\"Medios - Villa Flores Mart\u00edn\"  \/><\/a>\n\t\t\t<\/div><\/figure><figure class='gallery-item'>\n\t\t\t<div class='gallery-icon landscape'>\n\t\t\t\t<a href='https:\/\/www.villafloresmartin.com\/es\/wp-content\/uploads\/2017\/06\/Cabezas-tract-ba\u00a7eras.-etc.jpg'><img  title=\"Medios - Villa Flores Mart\u00edn\" loading=\"lazy\" decoding=\"async\" width=\"150\" height=\"150\" src=\"https:\/\/www.villafloresmartin.com\/es\/wp-content\/uploads\/2017\/06\/Cabezas-tract-ba\u00a7eras.-etc-150x150.jpg\" class=\"attachment-thumbnail size-thumbnail\"  alt=\"Medios - Villa Flores Mart\u00edn\"  aria-describedby=\"gallery-1-945\" \/><\/a>\n\t\t\t<\/div>\n\t\t\t\t<figcaption class='wp-caption-text gallery-caption' id='gallery-1-945'>\n\t\t\t\tCabezas tractoras\n\t\t\t\t<\/figcaption><\/figure><figure class='gallery-item'>\n\t\t\t<div class='gallery-icon landscape'>\n\t\t\t\t<a href='https:\/\/www.villafloresmartin.com\/es\/wp-content\/uploads\/2017\/06\/Camiones-gruas.jpg'><img  title=\"Medios - Villa Flores Mart\u00edn\" loading=\"lazy\" decoding=\"async\" width=\"150\" height=\"150\" src=\"https:\/\/www.villafloresmartin.com\/es\/wp-content\/uploads\/2017\/06\/Camiones-gruas-150x150.jpg\" class=\"attachment-thumbnail size-thumbnail\"  alt=\"Medios - Villa Flores Mart\u00edn\"  aria-describedby=\"gallery-1-946\" \/><\/a>\n\t\t\t<\/div>\n\t\t\t\t<figcaption class='wp-caption-text gallery-caption' id='gallery-1-946'>\n\t\t\t\tCamiones gr\u00faas\n\t\t\t\t<\/figcaption><\/figure><figure class='gallery-item'>\n\t\t\t<div class='gallery-icon landscape'>\n\t\t\t\t<a href='https:\/\/www.villafloresmartin.com\/es\/wp-content\/uploads\/2017\/06\/Centros-moviles.jpg'><img  title=\"Medios - Villa Flores Mart\u00edn\" loading=\"lazy\" decoding=\"async\" width=\"150\" height=\"150\" src=\"https:\/\/www.villafloresmartin.com\/es\/wp-content\/uploads\/2017\/06\/Centros-moviles-150x150.jpg\" class=\"attachment-thumbnail size-thumbnail\"  alt=\"Medios - Villa Flores Mart\u00edn\"  aria-describedby=\"gallery-1-947\" \/><\/a>\n\t\t\t<\/div>\n\t\t\t\t<figcaption class='wp-caption-text gallery-caption' id='gallery-1-947'>\n\t\t\t\tCentros m\u00f3viles\n\t\t\t\t<\/figcaption><\/figure><figure class='gallery-item'>\n\t\t\t<div class='gallery-icon landscape'>\n\t\t\t\t<a href='https:\/\/www.villafloresmartin.com\/es\/wp-content\/uploads\/2018\/04\/Grupo_electrogeno_1200x873.jpg'><img  title=\"Medios - Villa Flores Mart\u00edn\" loading=\"lazy\" decoding=\"async\" width=\"150\" height=\"150\" src=\"https:\/\/www.villafloresmartin.com\/es\/wp-content\/uploads\/2018\/04\/Grupo_electrogeno_1200x873-150x150.jpg\" class=\"attachment-thumbnail size-thumbnail\"  alt=\"Medios - Villa Flores Mart\u00edn\"  aria-describedby=\"gallery-1-1320\" \/><\/a>\n\t\t\t<\/div>\n\t\t\t\t<figcaption class='wp-caption-text gallery-caption' id='gallery-1-1320'>\n\t\t\t\tGrupos Electr\u00f3genos\n\t\t\t\t<\/figcaption><\/figure><figure class='gallery-item'>\n\t\t\t<div class='gallery-icon landscape'>\n\t\t\t\t<a href='https:\/\/www.villafloresmartin.com\/es\/wp-content\/uploads\/2018\/04\/Laboratorio_movil_2_1200x797.jpg'><img  title=\"Medios - Villa Flores Mart\u00edn\" loading=\"lazy\" decoding=\"async\" width=\"150\" height=\"150\" src=\"https:\/\/www.villafloresmartin.com\/es\/wp-content\/uploads\/2018\/04\/Laboratorio_movil_2_1200x797-150x150.jpg\" class=\"attachment-thumbnail size-thumbnail\"  alt=\"Medios - Villa Flores Mart\u00edn\"  aria-describedby=\"gallery-1-1319\" \/><\/a>\n\t\t\t<\/div>\n\t\t\t\t<figcaption class='wp-caption-text gallery-caption' id='gallery-1-1319'>\n\t\t\t\tLaboratorio M\u00f3vil\n\t\t\t\t<\/figcaption><\/figure><figure class='gallery-item'>\n\t\t\t<div class='gallery-icon landscape'>\n\t\t\t\t<a href='https:\/\/www.villafloresmartin.com\/es\/wp-content\/uploads\/2018\/04\/Labolatorio_movil_1200x797.jpg'><img  title=\"Medios - Villa Flores Mart\u00edn\" loading=\"lazy\" decoding=\"async\" width=\"150\" height=\"150\" src=\"https:\/\/www.villafloresmartin.com\/es\/wp-content\/uploads\/2018\/04\/Labolatorio_movil_1200x797-150x150.jpg\" class=\"attachment-thumbnail size-thumbnail\"  alt=\"Medios - Villa Flores Mart\u00edn\"  aria-describedby=\"gallery-1-1313\" \/><\/a>\n\t\t\t<\/div>\n\t\t\t\t<figcaption class='wp-caption-text gallery-caption' id='gallery-1-1313'>\n\t\t\t\tLaboratorio M\u00f3vil\n\t\t\t\t<\/figcaption><\/figure><figure class='gallery-item'>\n\t\t\t<div class='gallery-icon landscape'>\n\t\t\t\t<a href='https:\/\/www.villafloresmartin.com\/es\/wp-content\/uploads\/2017\/06\/Maquinaria-obra-civil.jpg'><img  title=\"Medios - Villa Flores Mart\u00edn\" loading=\"lazy\" decoding=\"async\" width=\"150\" height=\"150\" src=\"https:\/\/www.villafloresmartin.com\/es\/wp-content\/uploads\/2017\/06\/Maquinaria-obra-civil-150x150.jpg\" class=\"attachment-thumbnail size-thumbnail\"  alt=\"Medios - Villa Flores Mart\u00edn\"  aria-describedby=\"gallery-1-951\" \/><\/a>\n\t\t\t<\/div>\n\t\t\t\t<figcaption class='wp-caption-text gallery-caption' id='gallery-1-951'>\n\t\t\t\tMaquinaria obra civil\n\t\t\t\t<\/figcaption><\/figure><figure class='gallery-item'>\n\t\t\t<div class='gallery-icon landscape'>\n\t\t\t\t<a href='https:\/\/www.villafloresmartin.com\/es\/wp-content\/uploads\/2017\/06\/Maquinaria-tendidos.jpg'><img  title=\"Medios - Villa Flores Mart\u00edn\" loading=\"lazy\" decoding=\"async\" width=\"150\" height=\"150\" src=\"https:\/\/www.villafloresmartin.com\/es\/wp-content\/uploads\/2017\/06\/Maquinaria-tendidos-150x150.jpg\" class=\"attachment-thumbnail size-thumbnail\"  alt=\"Medios - Villa Flores Mart\u00edn\"  aria-describedby=\"gallery-1-952\" \/><\/a>\n\t\t\t<\/div>\n\t\t\t\t<figcaption class='wp-caption-text gallery-caption' id='gallery-1-952'>\n\t\t\t\tMaquinaria tendidos\n\t\t\t\t<\/figcaption><\/figure>\n\t\t<\/div>\n\n<\/div>\n<\/div>\n","protected":false},"excerpt":{"rendered":"<p>Medios Villa Flores Mart\u00edn (VFM) basa su futuro en tres pilares fundamentales. Por un lado se encuentran sus instalaciones y medios t\u00e9cnicos y, por otro, su profesional equipo humano. Gracias a la combinaci\u00f3n de sendos elementos, VFM se ha convertido en la empresa que es hoy d\u00eda. Instalaciones Las instalaciones centrales de VFM se encuentran [&#8230;]<\/p>\n<p><a class=\"btn btn-secondary understrap-read-more-link\" href=\"https:\/\/www.villafloresmartin.com\/es\/medios\/\">Leer m\u00e1s&#8230;<\/a><\/p>\n","protected":false},"author":2,"featured_media":0,"parent":0,"menu_order":0,"comment_status":"closed","ping_status":"closed","template":"page-templates\/empty.php","meta":{"footnotes":""},"class_list":["post-667","page","type-page","status-publish","hentry"],"yoast_head":"<!-- This site is optimized with the Yoast SEO plugin v26.9 - https:\/\/yoast.com\/product\/yoast-seo-wordpress\/ -->\n<title>Maquinaria para movimientos de tierras y excavaci\u00f3n - Centros de transformaci\u00f3n m\u00f3viles<\/title>\n<meta name=\"description\" content=\"Maquinaria para movimientos de tierras y excavaci\u00f3n y Centros de transformaci\u00f3n m\u00f3viles entre otros medios. Las instalaciones centrales de VFM se encuentran en un moderno parque log\u00edstico situado en el municipio sevillano de Carmona. En Villa Flores Mart\u00edn pretendemos beneficiarnos de los mejores y m\u00e1s modernos medios t\u00e9cnicos existentes en el mercado.\" \/>\n<meta name=\"robots\" content=\"index, follow, max-snippet:-1, max-image-preview:large, max-video-preview:-1\" \/>\n<link rel=\"canonical\" href=\"https:\/\/www.villafloresmartin.com\/es\/medios\/\" \/>\n<meta property=\"og:locale\" content=\"es_ES\" \/>\n<meta property=\"og:type\" content=\"article\" \/>\n<meta property=\"og:title\" content=\"Maquinaria para movimientos de tierras y excavaci\u00f3n - Centros de transformaci\u00f3n m\u00f3viles\" \/>\n<meta property=\"og:description\" content=\"Maquinaria para movimientos de tierras y excavaci\u00f3n y Centros de transformaci\u00f3n m\u00f3viles entre otros medios. Las instalaciones centrales de VFM se encuentran en un moderno parque log\u00edstico situado en el municipio sevillano de Carmona. En Villa Flores Mart\u00edn pretendemos beneficiarnos de los mejores y m\u00e1s modernos medios t\u00e9cnicos existentes en el mercado.\" \/>\n<meta property=\"og:url\" content=\"https:\/\/www.villafloresmartin.com\/es\/medios\/\" \/>\n<meta property=\"og:site_name\" content=\"Villa Flores Mart\u00edn\" \/>\n<meta property=\"article:modified_time\" content=\"2020-02-14T08:32:10+00:00\" \/>\n<meta property=\"og:image\" content=\"https:\/\/www.villafloresmartin.com\/es\/wp-content\/uploads\/2017\/06\/20160307_180149-150x150.jpg\" \/>\n<meta name=\"twitter:label1\" content=\"Tiempo de lectura\" \/>\n\t<meta name=\"twitter:data1\" content=\"2 minutos\" \/>\n<script type=\"application\/ld+json\" class=\"yoast-schema-graph\">{\"@context\":\"https:\/\/schema.org\",\"@graph\":[{\"@type\":\"WebPage\",\"@id\":\"https:\/\/www.villafloresmartin.com\/es\/medios\/\",\"url\":\"https:\/\/www.villafloresmartin.com\/es\/medios\/\",\"name\":\"Maquinaria para movimientos de tierras y excavaci\u00f3n - Centros de transformaci\u00f3n m\u00f3viles\",\"isPartOf\":{\"@id\":\"https:\/\/www.villafloresmartin.com\/es\/#website\"},\"primaryImageOfPage\":{\"@id\":\"https:\/\/www.villafloresmartin.com\/es\/medios\/#primaryimage\"},\"image\":{\"@id\":\"https:\/\/www.villafloresmartin.com\/es\/medios\/#primaryimage\"},\"thumbnailUrl\":\"https:\/\/www.villafloresmartin.com\/es\/wp-content\/uploads\/2020\/02\/cabecera-medios.jpg\",\"datePublished\":\"2017-06-05T14:15:39+00:00\",\"dateModified\":\"2020-02-14T08:32:10+00:00\",\"description\":\"Maquinaria para movimientos de tierras y excavaci\u00f3n y Centros de transformaci\u00f3n m\u00f3viles entre otros medios. Las instalaciones centrales de VFM se encuentran en un moderno parque log\u00edstico situado en el municipio sevillano de Carmona. En Villa Flores Mart\u00edn pretendemos beneficiarnos de los mejores y m\u00e1s modernos medios t\u00e9cnicos existentes en el mercado.\",\"breadcrumb\":{\"@id\":\"https:\/\/www.villafloresmartin.com\/es\/medios\/#breadcrumb\"},\"inLanguage\":\"es\",\"potentialAction\":[{\"@type\":\"ReadAction\",\"target\":[\"https:\/\/www.villafloresmartin.com\/es\/medios\/\"]}]},{\"@type\":\"ImageObject\",\"inLanguage\":\"es\",\"@id\":\"https:\/\/www.villafloresmartin.com\/es\/medios\/#primaryimage\",\"url\":\"https:\/\/www.villafloresmartin.com\/es\/wp-content\/uploads\/2020\/02\/cabecera-medios.jpg\",\"contentUrl\":\"https:\/\/www.villafloresmartin.com\/es\/wp-content\/uploads\/2020\/02\/cabecera-medios.jpg\",\"width\":1600,\"height\":575},{\"@type\":\"BreadcrumbList\",\"@id\":\"https:\/\/www.villafloresmartin.com\/es\/medios\/#breadcrumb\",\"itemListElement\":[{\"@type\":\"ListItem\",\"position\":1,\"name\":\"Portada\",\"item\":\"https:\/\/www.villafloresmartin.com\/es\/\"},{\"@type\":\"ListItem\",\"position\":2,\"name\":\"Medios\"}]},{\"@type\":\"WebSite\",\"@id\":\"https:\/\/www.villafloresmartin.com\/es\/#website\",\"url\":\"https:\/\/www.villafloresmartin.com\/es\/\",\"name\":\"Villa Flores Mart\u00edn\",\"description\":\"\",\"potentialAction\":[{\"@type\":\"SearchAction\",\"target\":{\"@type\":\"EntryPoint\",\"urlTemplate\":\"https:\/\/www.villafloresmartin.com\/es\/?s={search_term_string}\"},\"query-input\":{\"@type\":\"PropertyValueSpecification\",\"valueRequired\":true,\"valueName\":\"search_term_string\"}}],\"inLanguage\":\"es\"}]}<\/script>\n<!-- \/ Yoast SEO plugin. -->","yoast_head_json":{"title":"Maquinaria para movimientos de tierras y excavaci\u00f3n - Centros de transformaci\u00f3n m\u00f3viles","description":"Maquinaria para movimientos de tierras y excavaci\u00f3n y Centros de transformaci\u00f3n m\u00f3viles entre otros medios. Las instalaciones centrales de VFM se encuentran en un moderno parque log\u00edstico situado en el municipio sevillano de Carmona. En Villa Flores Mart\u00edn pretendemos beneficiarnos de los mejores y m\u00e1s modernos medios t\u00e9cnicos existentes en el mercado.","robots":{"index":"index","follow":"follow","max-snippet":"max-snippet:-1","max-image-preview":"max-image-preview:large","max-video-preview":"max-video-preview:-1"},"canonical":"https:\/\/www.villafloresmartin.com\/es\/medios\/","og_locale":"es_ES","og_type":"article","og_title":"Maquinaria para movimientos de tierras y excavaci\u00f3n - Centros de transformaci\u00f3n m\u00f3viles","og_description":"Maquinaria para movimientos de tierras y excavaci\u00f3n y Centros de transformaci\u00f3n m\u00f3viles entre otros medios. Las instalaciones centrales de VFM se encuentran en un moderno parque log\u00edstico situado en el municipio sevillano de Carmona. En Villa Flores Mart\u00edn pretendemos beneficiarnos de los mejores y m\u00e1s modernos medios t\u00e9cnicos existentes en el mercado.","og_url":"https:\/\/www.villafloresmartin.com\/es\/medios\/","og_site_name":"Villa Flores Mart\u00edn","article_modified_time":"2020-02-14T08:32:10+00:00","og_image":[{"url":"https:\/\/www.villafloresmartin.com\/es\/wp-content\/uploads\/2017\/06\/20160307_180149-150x150.jpg","type":"","width":"","height":""}],"twitter_misc":{"Tiempo de lectura":"2 minutos"},"schema":{"@context":"https:\/\/schema.org","@graph":[{"@type":"WebPage","@id":"https:\/\/www.villafloresmartin.com\/es\/medios\/","url":"https:\/\/www.villafloresmartin.com\/es\/medios\/","name":"Maquinaria para movimientos de tierras y excavaci\u00f3n - Centros de transformaci\u00f3n m\u00f3viles","isPartOf":{"@id":"https:\/\/www.villafloresmartin.com\/es\/#website"},"primaryImageOfPage":{"@id":"https:\/\/www.villafloresmartin.com\/es\/medios\/#primaryimage"},"image":{"@id":"https:\/\/www.villafloresmartin.com\/es\/medios\/#primaryimage"},"thumbnailUrl":"https:\/\/www.villafloresmartin.com\/es\/wp-content\/uploads\/2020\/02\/cabecera-medios.jpg","datePublished":"2017-06-05T14:15:39+00:00","dateModified":"2020-02-14T08:32:10+00:00","description":"Maquinaria para movimientos de tierras y excavaci\u00f3n y Centros de transformaci\u00f3n m\u00f3viles entre otros medios. Las instalaciones centrales de VFM se encuentran en un moderno parque log\u00edstico situado en el municipio sevillano de Carmona. En Villa Flores Mart\u00edn pretendemos beneficiarnos de los mejores y m\u00e1s modernos medios t\u00e9cnicos existentes en el mercado.","breadcrumb":{"@id":"https:\/\/www.villafloresmartin.com\/es\/medios\/#breadcrumb"},"inLanguage":"es","potentialAction":[{"@type":"ReadAction","target":["https:\/\/www.villafloresmartin.com\/es\/medios\/"]}]},{"@type":"ImageObject","inLanguage":"es","@id":"https:\/\/www.villafloresmartin.com\/es\/medios\/#primaryimage","url":"https:\/\/www.villafloresmartin.com\/es\/wp-content\/uploads\/2020\/02\/cabecera-medios.jpg","contentUrl":"https:\/\/www.villafloresmartin.com\/es\/wp-content\/uploads\/2020\/02\/cabecera-medios.jpg","width":1600,"height":575},{"@type":"BreadcrumbList","@id":"https:\/\/www.villafloresmartin.com\/es\/medios\/#breadcrumb","itemListElement":[{"@type":"ListItem","position":1,"name":"Portada","item":"https:\/\/www.villafloresmartin.com\/es\/"},{"@type":"ListItem","position":2,"name":"Medios"}]},{"@type":"WebSite","@id":"https:\/\/www.villafloresmartin.com\/es\/#website","url":"https:\/\/www.villafloresmartin.com\/es\/","name":"Villa Flores Mart\u00edn","description":"","potentialAction":[{"@type":"SearchAction","target":{"@type":"EntryPoint","urlTemplate":"https:\/\/www.villafloresmartin.com\/es\/?s={search_term_string}"},"query-input":{"@type":"PropertyValueSpecification","valueRequired":true,"valueName":"search_term_string"}}],"inLanguage":"es"}]}},"_links":{"self":[{"href":"https:\/\/www.villafloresmartin.com\/es\/wp-json\/wp\/v2\/pages\/667","targetHints":{"allow":["GET"]}}],"collection":[{"href":"https:\/\/www.villafloresmartin.com\/es\/wp-json\/wp\/v2\/pages"}],"about":[{"href":"https:\/\/www.villafloresmartin.com\/es\/wp-json\/wp\/v2\/types\/page"}],"author":[{"embeddable":true,"href":"https:\/\/www.villafloresmartin.com\/es\/wp-json\/wp\/v2\/users\/2"}],"replies":[{"embeddable":true,"href":"https:\/\/www.villafloresmartin.com\/es\/wp-json\/wp\/v2\/comments?post=667"}],"version-history":[{"count":0,"href":"https:\/\/www.villafloresmartin.com\/es\/wp-json\/wp\/v2\/pages\/667\/revisions"}],"wp:attachment":[{"href":"https:\/\/www.villafloresmartin.com\/es\/wp-json\/wp\/v2\/media?parent=667"}],"curies":[{"name":"wp","href":"https:\/\/api.w.org\/{rel}","templated":true}]}}