{"id":60,"date":"2017-04-06T15:16:06","date_gmt":"2017-04-06T13:16:06","guid":{"rendered":"https:\/\/www.villafloresmartin.com\/es\/?page_id=60"},"modified":"2021-12-03T14:31:38","modified_gmt":"2021-12-03T13:31:38","slug":"mantenimiento-instalaciones-electricas","status":"publish","type":"page","link":"https:\/\/www.villafloresmartin.com\/es\/servicios\/mantenimiento-instalaciones-electricas\/","title":{"rendered":"Mantenimiento de instalaciones el\u00e9ctricas"},"content":{"rendered":"<p class=\"no-margin\"><img  title=\"Mantenimiento de instalaciones el\u00e9ctricas - Villa Flores Mart\u00edn\" loading=\"lazy\" decoding=\"async\" class=\"aligncenter size-full wp-image-379 img-full\" src=\"https:\/\/www.villafloresmartin.com\/es\/wp-content\/uploads\/2017\/04\/cabecera-mantenimiento-instalaciones.jpg\"  alt=\"Mantenimiento de instalaciones el\u00e9ctricas - Villa Flores Mart\u00edn\"  width=\"1600\" height=\"575\" srcset=\"https:\/\/www.villafloresmartin.com\/es\/wp-content\/uploads\/2017\/04\/cabecera-mantenimiento-instalaciones.jpg 1600w, https:\/\/www.villafloresmartin.com\/es\/wp-content\/uploads\/2017\/04\/cabecera-mantenimiento-instalaciones-300x108.jpg 300w, https:\/\/www.villafloresmartin.com\/es\/wp-content\/uploads\/2017\/04\/cabecera-mantenimiento-instalaciones-768x276.jpg 768w, https:\/\/www.villafloresmartin.com\/es\/wp-content\/uploads\/2017\/04\/cabecera-mantenimiento-instalaciones-1024x368.jpg 1024w\" sizes=\"auto, (max-width: 1600px) 100vw, 1600px\" \/><\/p>\n<h1 class=\"text-center mt-4 mb-4\">Mantenimiento de instalaciones el\u00e9ctricas<\/h1>\n<div class=\"adorno-naranja\"><\/div>\n<div class=\"container mt-4 mb-4\">\n<div class=\"row\">\n<div class=\"col-md-12\">\n<div class=\"dos-columnas\">\n<p class=\"texto\">El mantenimiento de instalaciones el\u00e9ctricas es fundamental para el correcto desarrollo de las actividades de nuestros clientes. Adem\u00e1s, aporta tranquilidad al saber que ning\u00fan contratiempo se presentar\u00e1 o no causar\u00e1 da\u00f1os.<\/p>\n<p class=\"texto\">En este sentido, es necesario contar con una empresa de gran experiencia como Villa Flores Mart\u00edn, capaz de garantizar que las instalaciones se encuentren en perfectas condiciones.<\/p>\n<p class=\"texto\">Para ofrecer este servicio de mantenimiento, ha sido fundamental tener en nuestra plantilla profesionales cualificados que se encarguen de las revisiones para as\u00ed evitar posibles incidentes y\/o accidentes por desconocimiento en el \u00e1rea.<\/p>\n<\/div>\n<\/div>\n<\/div>\n<\/div>\n<div class=\"row mt-4 mb-4\">\n<div class=\"col-md-4 quienes-somos-fondo-1\"><\/div>\n<div class=\"col-md-8 fondo-naranja padding-3\">\n<h2>Conf\u00eda en Villa Flores Mart\u00edn para el mantenimiento, revisi\u00f3n e inspecci\u00f3n de Instalaciones el\u00e9ctricas<\/h2>\n<p class=\"texto\">Las instalaciones el\u00e9ctricas, al igual que el resto de elementos que integran una infraestructura, deben contar con una supervisi\u00f3n constante con la finalidad de que su tiempo funcional se cumpla de manera adecuada e incluso se alargue.<\/p>\n<p class=\"texto\">Esta supervisi\u00f3n se divide en tres fases imprescindibles: Mantenimiento, revisi\u00f3n e inspecci\u00f3n de instalaciones el\u00e9ctricas. Al seguir estos pasos, proporcionamos un servicio eficaz y completo a todos nuestros clientes las 24 horas del d\u00eda.<\/p>\n<p class=\"texto\">De este modo, en Villa Flores Mart\u00edn ofrecemos en este sentido dos servicios que te ser\u00e1n necesarios para que tu instalaci\u00f3n el\u00e9ctrica funcione correctamente que siga todas las normativas del sector:<\/p>\n<ul>\n<li><strong>Mantenimiento preventivo y correctivo en Alta y Baja Tensi\u00f3n:<\/strong> Analizamos el estado de la instalaci\u00f3n de Alta o Baja tensi\u00f3n de nuestros clientes. Tras el diagn\u00f3stico, elaboramos el plan de mantenimiento que corresponde a su situaci\u00f3n.<\/li>\n<li><strong>Revisi\u00f3n termogr\u00e1fica:<\/strong> Con ella, realizamos una revisi\u00f3n de puntos con una temperatura superior a la que en el sector se considera normal y elaboramos un informe exhaustivo de los puntos calientes existentes en la instalaci\u00f3n. De esta forma, nuestros clientes podr\u00e1n saber cu\u00e1les est\u00e1n a punto de estropearse.<\/li>\n<\/ul>\n<\/div>\n<\/div>\n<div class=\"container mt-4 mb-4\">\n<div class=\"row\">\n<div class=\"col-md-12\">\n<p class=\"texto\">En Villa Flores Mart\u00edn nos ocupamos de ofrecerte los mejores servicios y el personal cualificado en atenci\u00f3n preventiva y correctiva. No permitas quedarte sin energ\u00eda el\u00e9ctrica por la falta de inspecci\u00f3n, revisi\u00f3n y mantenimiento de las instalaciones, ya que luego podr\u00eda ser demasiado tarde y el problema se agravar\u00eda. Tu tranquilidad es la nuestra.<\/p>\n<\/div>\n<\/div>\n<\/div>\n<div class=\"row mt-4 mb-4\">\n<div class=\"col-md-6 mosaico-home borde-derecha\">\n<div class=\"fondo-mantenimiento-1 mosaico-escala\">\n<h3><a class=\"d-flex justify-content-center flex-column\" href=\"https:\/\/www.villafloresmartin.com\/es\/servicios\/mantenimiento-instalaciones-electricas\/mantenimiento-preventivo-correctivo-alta-baja-tension\">Mantenimiento preventivo y correctivo en Alta y Baja Tensi\u00f3n<\/a><\/h3>\n<\/div>\n<\/div>\n<div class=\"col-md-6 mosaico-home borde-izquierda\">\n<div class=\"fondo-mantenimiento-2 mosaico-escala\">\n<h3><a class=\"d-flex justify-content-center flex-column\" href=\"https:\/\/www.villafloresmartin.com\/es\/servicios\/mantenimiento-instalaciones-electricas\/revision-termografica\">Revisi\u00f3n termogr\u00e1fica<\/a><\/h3>\n<\/div>\n<\/div>\n<\/div>\n","protected":false},"excerpt":{"rendered":"<p>Mantenimiento de instalaciones el\u00e9ctricas El mantenimiento de instalaciones el\u00e9ctricas es fundamental para el correcto desarrollo de las actividades de nuestros clientes. Adem\u00e1s, aporta tranquilidad al saber que ning\u00fan contratiempo se presentar\u00e1 o no causar\u00e1 da\u00f1os. En este sentido, es necesario contar con una empresa de gran experiencia como Villa Flores Mart\u00edn, capaz de garantizar que [&#8230;]<\/p>\n<p><a class=\"btn btn-secondary understrap-read-more-link\" href=\"https:\/\/www.villafloresmartin.com\/es\/servicios\/mantenimiento-instalaciones-electricas\/\">Leer m\u00e1s&#8230;<\/a><\/p>\n","protected":false},"author":2,"featured_media":0,"parent":12,"menu_order":0,"comment_status":"closed","ping_status":"closed","template":"page-templates\/empty.php","meta":{"footnotes":""},"class_list":["post-60","page","type-page","status-publish","hentry"],"yoast_head":"<!-- This site is optimized with the Yoast SEO plugin v26.9 - https:\/\/yoast.com\/product\/yoast-seo-wordpress\/ -->\n<title>Mantenimiento de Instalaciones El\u00e9ctricas en Sevilla con VFM<\/title>\n<meta name=\"description\" content=\"En Villa Flores Mart\u00edn (VFM) nos dedicamos al cuidado preventivo y correctivo de las instalaciones de Alta y Baja Tensi\u00f3n de todos nuestros clientes. Para dar un servicio lo m\u00e1s completo posible, disponemos de un servicio de 24 horas los 365 d\u00edas del a\u00f1o en reparaciones de aver\u00edas el\u00e9ctricas.\" \/>\n<meta name=\"robots\" content=\"index, follow, max-snippet:-1, max-image-preview:large, max-video-preview:-1\" \/>\n<link rel=\"canonical\" href=\"https:\/\/www.villafloresmartin.com\/es\/servicios\/mantenimiento-instalaciones-electricas\/\" \/>\n<meta property=\"og:locale\" content=\"es_ES\" \/>\n<meta property=\"og:type\" content=\"article\" \/>\n<meta property=\"og:title\" content=\"Mantenimiento de Instalaciones El\u00e9ctricas en Sevilla con VFM\" \/>\n<meta property=\"og:description\" content=\"En Villa Flores Mart\u00edn (VFM) nos dedicamos al cuidado preventivo y correctivo de las instalaciones de Alta y Baja Tensi\u00f3n de todos nuestros clientes. Para dar un servicio lo m\u00e1s completo posible, disponemos de un servicio de 24 horas los 365 d\u00edas del a\u00f1o en reparaciones de aver\u00edas el\u00e9ctricas.\" \/>\n<meta property=\"og:url\" content=\"https:\/\/www.villafloresmartin.com\/es\/servicios\/mantenimiento-instalaciones-electricas\/\" \/>\n<meta property=\"og:site_name\" content=\"Villa Flores Mart\u00edn\" \/>\n<meta property=\"article:modified_time\" content=\"2021-12-03T13:31:38+00:00\" \/>\n<meta property=\"og:image\" content=\"https:\/\/www.villafloresmartin.com\/es\/wp-content\/uploads\/2017\/04\/cabecera-mantenimiento-instalaciones.jpg\" \/>\n<meta name=\"twitter:label1\" content=\"Tiempo de lectura\" \/>\n\t<meta name=\"twitter:data1\" content=\"2 minutos\" \/>\n<script type=\"application\/ld+json\" class=\"yoast-schema-graph\">{\"@context\":\"https:\/\/schema.org\",\"@graph\":[{\"@type\":\"WebPage\",\"@id\":\"https:\/\/www.villafloresmartin.com\/es\/servicios\/mantenimiento-instalaciones-electricas\/\",\"url\":\"https:\/\/www.villafloresmartin.com\/es\/servicios\/mantenimiento-instalaciones-electricas\/\",\"name\":\"Mantenimiento de Instalaciones El\u00e9ctricas en Sevilla con VFM\",\"isPartOf\":{\"@id\":\"https:\/\/www.villafloresmartin.com\/es\/#website\"},\"primaryImageOfPage\":{\"@id\":\"https:\/\/www.villafloresmartin.com\/es\/servicios\/mantenimiento-instalaciones-electricas\/#primaryimage\"},\"image\":{\"@id\":\"https:\/\/www.villafloresmartin.com\/es\/servicios\/mantenimiento-instalaciones-electricas\/#primaryimage\"},\"thumbnailUrl\":\"https:\/\/www.villafloresmartin.com\/es\/wp-content\/uploads\/2017\/04\/cabecera-mantenimiento-instalaciones.jpg\",\"datePublished\":\"2017-04-06T13:16:06+00:00\",\"dateModified\":\"2021-12-03T13:31:38+00:00\",\"description\":\"En Villa Flores Mart\u00edn (VFM) nos dedicamos al cuidado preventivo y correctivo de las instalaciones de Alta y Baja Tensi\u00f3n de todos nuestros clientes. Para dar un servicio lo m\u00e1s completo posible, disponemos de un servicio de 24 horas los 365 d\u00edas del a\u00f1o en reparaciones de aver\u00edas el\u00e9ctricas.\",\"breadcrumb\":{\"@id\":\"https:\/\/www.villafloresmartin.com\/es\/servicios\/mantenimiento-instalaciones-electricas\/#breadcrumb\"},\"inLanguage\":\"es\",\"potentialAction\":[{\"@type\":\"ReadAction\",\"target\":[\"https:\/\/www.villafloresmartin.com\/es\/servicios\/mantenimiento-instalaciones-electricas\/\"]}]},{\"@type\":\"ImageObject\",\"inLanguage\":\"es\",\"@id\":\"https:\/\/www.villafloresmartin.com\/es\/servicios\/mantenimiento-instalaciones-electricas\/#primaryimage\",\"url\":\"https:\/\/www.villafloresmartin.com\/es\/wp-content\/uploads\/2017\/04\/cabecera-mantenimiento-instalaciones.jpg\",\"contentUrl\":\"https:\/\/www.villafloresmartin.com\/es\/wp-content\/uploads\/2017\/04\/cabecera-mantenimiento-instalaciones.jpg\",\"width\":1600,\"height\":575},{\"@type\":\"BreadcrumbList\",\"@id\":\"https:\/\/www.villafloresmartin.com\/es\/servicios\/mantenimiento-instalaciones-electricas\/#breadcrumb\",\"itemListElement\":[{\"@type\":\"ListItem\",\"position\":1,\"name\":\"Portada\",\"item\":\"https:\/\/www.villafloresmartin.com\/es\/\"},{\"@type\":\"ListItem\",\"position\":2,\"name\":\"Servicios\",\"item\":\"https:\/\/www.villafloresmartin.com\/es\/servicios\/\"},{\"@type\":\"ListItem\",\"position\":3,\"name\":\"Mantenimiento de instalaciones el\u00e9ctricas\"}]},{\"@type\":\"WebSite\",\"@id\":\"https:\/\/www.villafloresmartin.com\/es\/#website\",\"url\":\"https:\/\/www.villafloresmartin.com\/es\/\",\"name\":\"Villa Flores Mart\u00edn\",\"description\":\"\",\"potentialAction\":[{\"@type\":\"SearchAction\",\"target\":{\"@type\":\"EntryPoint\",\"urlTemplate\":\"https:\/\/www.villafloresmartin.com\/es\/?s={search_term_string}\"},\"query-input\":{\"@type\":\"PropertyValueSpecification\",\"valueRequired\":true,\"valueName\":\"search_term_string\"}}],\"inLanguage\":\"es\"}]}<\/script>\n<!-- \/ Yoast SEO plugin. -->","yoast_head_json":{"title":"Mantenimiento de Instalaciones El\u00e9ctricas en Sevilla con VFM","description":"En Villa Flores Mart\u00edn (VFM) nos dedicamos al cuidado preventivo y correctivo de las instalaciones de Alta y Baja Tensi\u00f3n de todos nuestros clientes. Para dar un servicio lo m\u00e1s completo posible, disponemos de un servicio de 24 horas los 365 d\u00edas del a\u00f1o en reparaciones de aver\u00edas el\u00e9ctricas.","robots":{"index":"index","follow":"follow","max-snippet":"max-snippet:-1","max-image-preview":"max-image-preview:large","max-video-preview":"max-video-preview:-1"},"canonical":"https:\/\/www.villafloresmartin.com\/es\/servicios\/mantenimiento-instalaciones-electricas\/","og_locale":"es_ES","og_type":"article","og_title":"Mantenimiento de Instalaciones El\u00e9ctricas en Sevilla con VFM","og_description":"En Villa Flores Mart\u00edn (VFM) nos dedicamos al cuidado preventivo y correctivo de las instalaciones de Alta y Baja Tensi\u00f3n de todos nuestros clientes. Para dar un servicio lo m\u00e1s completo posible, disponemos de un servicio de 24 horas los 365 d\u00edas del a\u00f1o en reparaciones de aver\u00edas el\u00e9ctricas.","og_url":"https:\/\/www.villafloresmartin.com\/es\/servicios\/mantenimiento-instalaciones-electricas\/","og_site_name":"Villa Flores Mart\u00edn","article_modified_time":"2021-12-03T13:31:38+00:00","og_image":[{"url":"https:\/\/www.villafloresmartin.com\/es\/wp-content\/uploads\/2017\/04\/cabecera-mantenimiento-instalaciones.jpg","type":"","width":"","height":""}],"twitter_misc":{"Tiempo de lectura":"2 minutos"},"schema":{"@context":"https:\/\/schema.org","@graph":[{"@type":"WebPage","@id":"https:\/\/www.villafloresmartin.com\/es\/servicios\/mantenimiento-instalaciones-electricas\/","url":"https:\/\/www.villafloresmartin.com\/es\/servicios\/mantenimiento-instalaciones-electricas\/","name":"Mantenimiento de Instalaciones El\u00e9ctricas en Sevilla con VFM","isPartOf":{"@id":"https:\/\/www.villafloresmartin.com\/es\/#website"},"primaryImageOfPage":{"@id":"https:\/\/www.villafloresmartin.com\/es\/servicios\/mantenimiento-instalaciones-electricas\/#primaryimage"},"image":{"@id":"https:\/\/www.villafloresmartin.com\/es\/servicios\/mantenimiento-instalaciones-electricas\/#primaryimage"},"thumbnailUrl":"https:\/\/www.villafloresmartin.com\/es\/wp-content\/uploads\/2017\/04\/cabecera-mantenimiento-instalaciones.jpg","datePublished":"2017-04-06T13:16:06+00:00","dateModified":"2021-12-03T13:31:38+00:00","description":"En Villa Flores Mart\u00edn (VFM) nos dedicamos al cuidado preventivo y correctivo de las instalaciones de Alta y Baja Tensi\u00f3n de todos nuestros clientes. Para dar un servicio lo m\u00e1s completo posible, disponemos de un servicio de 24 horas los 365 d\u00edas del a\u00f1o en reparaciones de aver\u00edas el\u00e9ctricas.","breadcrumb":{"@id":"https:\/\/www.villafloresmartin.com\/es\/servicios\/mantenimiento-instalaciones-electricas\/#breadcrumb"},"inLanguage":"es","potentialAction":[{"@type":"ReadAction","target":["https:\/\/www.villafloresmartin.com\/es\/servicios\/mantenimiento-instalaciones-electricas\/"]}]},{"@type":"ImageObject","inLanguage":"es","@id":"https:\/\/www.villafloresmartin.com\/es\/servicios\/mantenimiento-instalaciones-electricas\/#primaryimage","url":"https:\/\/www.villafloresmartin.com\/es\/wp-content\/uploads\/2017\/04\/cabecera-mantenimiento-instalaciones.jpg","contentUrl":"https:\/\/www.villafloresmartin.com\/es\/wp-content\/uploads\/2017\/04\/cabecera-mantenimiento-instalaciones.jpg","width":1600,"height":575},{"@type":"BreadcrumbList","@id":"https:\/\/www.villafloresmartin.com\/es\/servicios\/mantenimiento-instalaciones-electricas\/#breadcrumb","itemListElement":[{"@type":"ListItem","position":1,"name":"Portada","item":"https:\/\/www.villafloresmartin.com\/es\/"},{"@type":"ListItem","position":2,"name":"Servicios","item":"https:\/\/www.villafloresmartin.com\/es\/servicios\/"},{"@type":"ListItem","position":3,"name":"Mantenimiento de instalaciones el\u00e9ctricas"}]},{"@type":"WebSite","@id":"https:\/\/www.villafloresmartin.com\/es\/#website","url":"https:\/\/www.villafloresmartin.com\/es\/","name":"Villa Flores Mart\u00edn","description":"","potentialAction":[{"@type":"SearchAction","target":{"@type":"EntryPoint","urlTemplate":"https:\/\/www.villafloresmartin.com\/es\/?s={search_term_string}"},"query-input":{"@type":"PropertyValueSpecification","valueRequired":true,"valueName":"search_term_string"}}],"inLanguage":"es"}]}},"_links":{"self":[{"href":"https:\/\/www.villafloresmartin.com\/es\/wp-json\/wp\/v2\/pages\/60","targetHints":{"allow":["GET"]}}],"collection":[{"href":"https:\/\/www.villafloresmartin.com\/es\/wp-json\/wp\/v2\/pages"}],"about":[{"href":"https:\/\/www.villafloresmartin.com\/es\/wp-json\/wp\/v2\/types\/page"}],"author":[{"embeddable":true,"href":"https:\/\/www.villafloresmartin.com\/es\/wp-json\/wp\/v2\/users\/2"}],"replies":[{"embeddable":true,"href":"https:\/\/www.villafloresmartin.com\/es\/wp-json\/wp\/v2\/comments?post=60"}],"version-history":[{"count":0,"href":"https:\/\/www.villafloresmartin.com\/es\/wp-json\/wp\/v2\/pages\/60\/revisions"}],"up":[{"embeddable":true,"href":"https:\/\/www.villafloresmartin.com\/es\/wp-json\/wp\/v2\/pages\/12"}],"wp:attachment":[{"href":"https:\/\/www.villafloresmartin.com\/es\/wp-json\/wp\/v2\/media?parent=60"}],"curies":[{"name":"wp","href":"https:\/\/api.w.org\/{rel}","templated":true}]}}