{"id":588,"date":"2017-06-01T13:51:17","date_gmt":"2017-06-01T11:51:17","guid":{"rendered":"https:\/\/www.villafloresmartin.com\/es\/?page_id=588"},"modified":"2021-06-10T10:54:55","modified_gmt":"2021-06-10T08:54:55","slug":"responsabilidad-social-corporativa","status":"publish","type":"page","link":"https:\/\/www.villafloresmartin.com\/es\/responsabilidad\/responsabilidad-social-corporativa\/","title":{"rendered":"Responsabilidad social corporativa"},"content":{"rendered":"<p class=\"no-margin\"><img  title=\"Responsabilidad social corporativa - Villa Flores Mart\u00edn\" loading=\"lazy\" decoding=\"async\" class=\"aligncenter size-full wp-image-597 img-full\" src=\"https:\/\/www.villafloresmartin.com\/es\/wp-content\/uploads\/2017\/06\/cabecera-rsc.jpg\"  alt=\"Responsabilidad social corporativa - Villa Flores Mart\u00edn\"  width=\"1600\" height=\"575\" srcset=\"https:\/\/www.villafloresmartin.com\/es\/wp-content\/uploads\/2017\/06\/cabecera-rsc.jpg 1600w, https:\/\/www.villafloresmartin.com\/es\/wp-content\/uploads\/2017\/06\/cabecera-rsc-300x108.jpg 300w, https:\/\/www.villafloresmartin.com\/es\/wp-content\/uploads\/2017\/06\/cabecera-rsc-768x276.jpg 768w, https:\/\/www.villafloresmartin.com\/es\/wp-content\/uploads\/2017\/06\/cabecera-rsc-1024x368.jpg 1024w\" sizes=\"auto, (max-width: 1600px) 100vw, 1600px\" \/><\/p>\n<h1 class=\"text-center mt-4 mb-4\">Responsabilidad social corporativa<\/h1>\n<div class=\"adorno-naranja\"><\/div>\n<div class=\"container mt-4 mb-4\">\n<div class=\"row\">\n<div class=\"col-md-12 dos-columnas\">\n<p class=\"texto\">En pleno Siglo XXI las empresas tienen m\u00e1s que una obligaci\u00f3n con la sociedad que les rodea. Deben potenciar acciones que persigan el bienestar y la seguridad de las personas, as\u00ed como favorecer su desarrollo bajo unos principios \u00e9ticos y responsables.<\/p>\n<p class=\"texto\">En Villa Flores Mart\u00edn (VFM) estamos altamente concienciados de la postura que debemos asumir como compa\u00f1\u00eda especializada en la distribuci\u00f3n el\u00e9ctrica, de ah\u00ed que colaboremos en un sinf\u00edn de acciones que persiguen la meta de mejorar el d\u00eda a d\u00eda de la sociedad de la que formamos parte.<\/p>\n<\/div>\n<\/div>\n<\/div>\n<div class=\"container-fluid\">\n<div class=\"row mt-4 mb-4\">\n<div class=\"col-md-6 fondo-naranja padding-3\">\n<h2>Empresa adherida al Pacto Mundial<\/h2>\n<p class=\"texto\">Adem\u00e1s de las actividades que llevamos a cabo de manera m\u00e1s local o regional, se encuentra la pertenencia al Pacto Mundial de las Naciones Unidas. Pocas empresas nacionales e internacionales forman parte de esta instituci\u00f3n y en VFM tenemos el orgullo de estar entre las adheridas.<\/p>\n<p class=\"texto\">Este pacto global es un instrumento de libre conformidad por el cual la compa\u00f1\u00eda acreditada asume voluntariamente el compromiso de implantaci\u00f3n de los diez principios que establece. Asimismo, garantiza tambi\u00e9n la transparencia en los progresos que realiza mediante la elaboraci\u00f3n de informes de progreso. En definitiva, un claro ejemplo de la concienciaci\u00f3n de esta entidad con un mejor futuro para la comunidad.<\/p>\n<\/div>\n<div class=\"col-md-6 fondo-gris padding-3\">\n<p class=\"texto\">El fin del Pacto Mundial es promover el di\u00e1logo social para la creaci\u00f3n de una ciudadan\u00eda colaborativa global, donde se concilien los intereses de las compa\u00f1\u00edas con las demandas y valores de la sociedad civil.<\/p>\n<p class=\"texto\">Nuestro compromiso con la excelencia y la sociedad tambi\u00e9n se ve reflejado en las certificaciones que ostentamos. Somos una compa\u00f1\u00eda homologada por AENOR en materia de Calidad (ISO 9001), Medio Ambiente (ISO 14001), Seguridad (AHSAS 18001) y Trabajo Seguro en pandemia (ISO\/PAS 45005).<\/p>\n<p class=\"texto\">Desde Villa Flores Mart\u00edn manifestamos nuestro respaldo a cualquier iniciativa que implique una mejora sustancial del bienestar social. Si tienes alguna propuesta y quieres contar con nuestro respaldo, no dudes en contactar con nosotros.<\/p>\n<\/div>\n<\/div>\n<div class=\"content_block\" id=\"custom_post_widget-2058\"><div class=\"row mt-5 mb-3\">\n<div class=\"col-md-4 mosaico-home borde-derecha\">\n<div class=\"fondo-sostenibilidad-ambiental mosaico-escala mosaico-escala-int\">\n<h3><a class=\"d-flex justify-content-center flex-column\" href=\"https:\/\/www.villafloresmartin.com\/es\/responsabilidad\/medio-ambiente\/\">Medio ambiente<\/a><\/h3>\n<\/div>\n<\/div>\n<div class=\"col-md-4 mosaico-home borde-derecha-izquierda\">\n<div class=\"fondo-sostenibilidad-calidad mosaico-escala mosaico-escala-int\">\n<h3><a class=\"d-flex justify-content-center flex-column\" href=\"https:\/\/www.villafloresmartin.com\/es\/responsabilidad\/calidad\/\">Calidad<\/a><\/h3>\n<\/div>\n<\/div>\n<div class=\"col-md-4 mosaico-home borde-izquierda\">\n<div class=\"fondo-sostenibilidad-seguridad mosaico-escala mosaico-escala-int\">\n<h3><a class=\"d-flex justify-content-center flex-column\" href=\"https:\/\/www.villafloresmartin.com\/es\/responsabilidad\/seguridad\/\">Seguridad<\/a><\/h3>\n<\/div>\n<\/div>\n<\/div>\n<div class=\"row mt-4 mb-4\">\n<div class=\"col-md-3 mosaico-home borde-derecha\">\n<div class=\"fondo-sostenibilidad-responsabilidad mosaico-escala mosaico-escala-int\">\n<h3><a class=\"d-flex justify-content-center flex-column\" href=\"https:\/\/www.villafloresmartin.com\/es\/responsabilidad\/responsabilidad-social-corporativa\">Responsabilidad social corporativa<\/a><\/h3>\n<\/div>\n<\/div>\n<div class=\"col-md-3 mosaico-home borde-derecha-izquierda\">\n<div class=\"fondo-sostenibilidad-formacion mosaico-escala mosaico-escala-int\">\n<h3><a class=\"d-flex justify-content-center flex-column\" href=\"https:\/\/www.villafloresmartin.com\/es\/responsabilidad\/formacion\">Formaci\u00f3n<\/a><\/h3>\n<\/div>\n<\/div>\n<div class=\"col-md-3 mosaico-home borde-izquierda\">\n<div class=\"fondo-sostenibilidad-certificaciones mosaico-escala mosaico-escala-int\">\n<h3><a class=\"d-flex justify-content-center flex-column\" href=\"https:\/\/www.villafloresmartin.com\/es\/responsabilidad\/certificaciones\">Certificaciones<\/a><\/h3>\n<\/div>\n<\/div>\n<div class=\"col-md-3 mosaico-home borde-izquierda\">\n<div class=\"fondo-seguridad-pandemia mosaico-escala mosaico-escala-int\">\n<h3><a class=\"d-flex justify-content-center flex-column\" href=\"https:\/\/www.villafloresmartin.com\/es\/responsabilidad\/trabajo-seguro-en-pandemia\/\">Trabajo seguro en pandemia<\/a><\/h3>\n<\/div>\n<\/div>\n<\/div>\n<\/div>\n<\/div>\n","protected":false},"excerpt":{"rendered":"<p>Responsabilidad social corporativa En pleno Siglo XXI las empresas tienen m\u00e1s que una obligaci\u00f3n con la sociedad que les rodea. Deben potenciar acciones que persigan el bienestar y la seguridad de las personas, as\u00ed como favorecer su desarrollo bajo unos principios \u00e9ticos y responsables. En Villa Flores Mart\u00edn (VFM) estamos altamente concienciados de la postura [&#8230;]<\/p>\n<p><a class=\"btn btn-secondary understrap-read-more-link\" href=\"https:\/\/www.villafloresmartin.com\/es\/responsabilidad\/responsabilidad-social-corporativa\/\">Leer m\u00e1s&#8230;<\/a><\/p>\n","protected":false},"author":2,"featured_media":0,"parent":14,"menu_order":0,"comment_status":"closed","ping_status":"closed","template":"page-templates\/empty.php","meta":{"footnotes":""},"class_list":["post-588","page","type-page","status-publish","hentry"],"yoast_head":"<!-- This site is optimized with the Yoast SEO plugin v26.9 - https:\/\/yoast.com\/product\/yoast-seo-wordpress\/ -->\n<title>Responsabilidad social corporativa - Villa Flores Mart\u00edn<\/title>\n<meta name=\"description\" content=\"En Villa Flores Mart\u00edn (VFM) estamos altamente concienciados de la postura que debemos asumir como compa\u00f1\u00eda especializada en la distribuci\u00f3n el\u00e9ctrica, de ah\u00ed que colaboremos en un sinf\u00edn de acciones que persiguen la meta de mejorar el d\u00eda a d\u00eda de la sociedad de la que formamos parte.\" \/>\n<meta name=\"robots\" content=\"index, follow, max-snippet:-1, max-image-preview:large, max-video-preview:-1\" \/>\n<link rel=\"canonical\" href=\"https:\/\/www.villafloresmartin.com\/es\/responsabilidad\/responsabilidad-social-corporativa\/\" \/>\n<meta property=\"og:locale\" content=\"es_ES\" \/>\n<meta property=\"og:type\" content=\"article\" \/>\n<meta property=\"og:title\" content=\"Responsabilidad social corporativa - Villa Flores Mart\u00edn\" \/>\n<meta property=\"og:description\" content=\"En Villa Flores Mart\u00edn (VFM) estamos altamente concienciados de la postura que debemos asumir como compa\u00f1\u00eda especializada en la distribuci\u00f3n el\u00e9ctrica, de ah\u00ed que colaboremos en un sinf\u00edn de acciones que persiguen la meta de mejorar el d\u00eda a d\u00eda de la sociedad de la que formamos parte.\" \/>\n<meta property=\"og:url\" content=\"https:\/\/www.villafloresmartin.com\/es\/responsabilidad\/responsabilidad-social-corporativa\/\" \/>\n<meta property=\"og:site_name\" content=\"Villa Flores Mart\u00edn\" \/>\n<meta property=\"article:modified_time\" content=\"2021-06-10T08:54:55+00:00\" \/>\n<meta property=\"og:image\" content=\"https:\/\/www.villafloresmartin.com\/es\/wp-content\/uploads\/2017\/06\/cabecera-rsc.jpg\" \/>\n<meta name=\"twitter:label1\" content=\"Tiempo de lectura\" \/>\n\t<meta name=\"twitter:data1\" content=\"2 minutos\" \/>\n<script type=\"application\/ld+json\" class=\"yoast-schema-graph\">{\"@context\":\"https:\/\/schema.org\",\"@graph\":[{\"@type\":\"WebPage\",\"@id\":\"https:\/\/www.villafloresmartin.com\/es\/responsabilidad\/responsabilidad-social-corporativa\/\",\"url\":\"https:\/\/www.villafloresmartin.com\/es\/responsabilidad\/responsabilidad-social-corporativa\/\",\"name\":\"Responsabilidad social corporativa - Villa Flores Mart\u00edn\",\"isPartOf\":{\"@id\":\"https:\/\/www.villafloresmartin.com\/es\/#website\"},\"primaryImageOfPage\":{\"@id\":\"https:\/\/www.villafloresmartin.com\/es\/responsabilidad\/responsabilidad-social-corporativa\/#primaryimage\"},\"image\":{\"@id\":\"https:\/\/www.villafloresmartin.com\/es\/responsabilidad\/responsabilidad-social-corporativa\/#primaryimage\"},\"thumbnailUrl\":\"https:\/\/www.villafloresmartin.com\/es\/wp-content\/uploads\/2017\/06\/cabecera-rsc.jpg\",\"datePublished\":\"2017-06-01T11:51:17+00:00\",\"dateModified\":\"2021-06-10T08:54:55+00:00\",\"description\":\"En Villa Flores Mart\u00edn (VFM) estamos altamente concienciados de la postura que debemos asumir como compa\u00f1\u00eda especializada en la distribuci\u00f3n el\u00e9ctrica, de ah\u00ed que colaboremos en un sinf\u00edn de acciones que persiguen la meta de mejorar el d\u00eda a d\u00eda de la sociedad de la que formamos parte.\",\"breadcrumb\":{\"@id\":\"https:\/\/www.villafloresmartin.com\/es\/responsabilidad\/responsabilidad-social-corporativa\/#breadcrumb\"},\"inLanguage\":\"es\",\"potentialAction\":[{\"@type\":\"ReadAction\",\"target\":[\"https:\/\/www.villafloresmartin.com\/es\/responsabilidad\/responsabilidad-social-corporativa\/\"]}]},{\"@type\":\"ImageObject\",\"inLanguage\":\"es\",\"@id\":\"https:\/\/www.villafloresmartin.com\/es\/responsabilidad\/responsabilidad-social-corporativa\/#primaryimage\",\"url\":\"https:\/\/www.villafloresmartin.com\/es\/wp-content\/uploads\/2017\/06\/cabecera-rsc.jpg\",\"contentUrl\":\"https:\/\/www.villafloresmartin.com\/es\/wp-content\/uploads\/2017\/06\/cabecera-rsc.jpg\",\"width\":1600,\"height\":575},{\"@type\":\"BreadcrumbList\",\"@id\":\"https:\/\/www.villafloresmartin.com\/es\/responsabilidad\/responsabilidad-social-corporativa\/#breadcrumb\",\"itemListElement\":[{\"@type\":\"ListItem\",\"position\":1,\"name\":\"Portada\",\"item\":\"https:\/\/www.villafloresmartin.com\/es\/\"},{\"@type\":\"ListItem\",\"position\":2,\"name\":\"Responsabilidad\",\"item\":\"https:\/\/www.villafloresmartin.com\/es\/responsabilidad\/\"},{\"@type\":\"ListItem\",\"position\":3,\"name\":\"Responsabilidad social corporativa\"}]},{\"@type\":\"WebSite\",\"@id\":\"https:\/\/www.villafloresmartin.com\/es\/#website\",\"url\":\"https:\/\/www.villafloresmartin.com\/es\/\",\"name\":\"Villa Flores Mart\u00edn\",\"description\":\"\",\"potentialAction\":[{\"@type\":\"SearchAction\",\"target\":{\"@type\":\"EntryPoint\",\"urlTemplate\":\"https:\/\/www.villafloresmartin.com\/es\/?s={search_term_string}\"},\"query-input\":{\"@type\":\"PropertyValueSpecification\",\"valueRequired\":true,\"valueName\":\"search_term_string\"}}],\"inLanguage\":\"es\"}]}<\/script>\n<!-- \/ Yoast SEO plugin. -->","yoast_head_json":{"title":"Responsabilidad social corporativa - Villa Flores Mart\u00edn","description":"En Villa Flores Mart\u00edn (VFM) estamos altamente concienciados de la postura que debemos asumir como compa\u00f1\u00eda especializada en la distribuci\u00f3n el\u00e9ctrica, de ah\u00ed que colaboremos en un sinf\u00edn de acciones que persiguen la meta de mejorar el d\u00eda a d\u00eda de la sociedad de la que formamos parte.","robots":{"index":"index","follow":"follow","max-snippet":"max-snippet:-1","max-image-preview":"max-image-preview:large","max-video-preview":"max-video-preview:-1"},"canonical":"https:\/\/www.villafloresmartin.com\/es\/responsabilidad\/responsabilidad-social-corporativa\/","og_locale":"es_ES","og_type":"article","og_title":"Responsabilidad social corporativa - Villa Flores Mart\u00edn","og_description":"En Villa Flores Mart\u00edn (VFM) estamos altamente concienciados de la postura que debemos asumir como compa\u00f1\u00eda especializada en la distribuci\u00f3n el\u00e9ctrica, de ah\u00ed que colaboremos en un sinf\u00edn de acciones que persiguen la meta de mejorar el d\u00eda a d\u00eda de la sociedad de la que formamos parte.","og_url":"https:\/\/www.villafloresmartin.com\/es\/responsabilidad\/responsabilidad-social-corporativa\/","og_site_name":"Villa Flores Mart\u00edn","article_modified_time":"2021-06-10T08:54:55+00:00","og_image":[{"url":"https:\/\/www.villafloresmartin.com\/es\/wp-content\/uploads\/2017\/06\/cabecera-rsc.jpg","type":"","width":"","height":""}],"twitter_misc":{"Tiempo de lectura":"2 minutos"},"schema":{"@context":"https:\/\/schema.org","@graph":[{"@type":"WebPage","@id":"https:\/\/www.villafloresmartin.com\/es\/responsabilidad\/responsabilidad-social-corporativa\/","url":"https:\/\/www.villafloresmartin.com\/es\/responsabilidad\/responsabilidad-social-corporativa\/","name":"Responsabilidad social corporativa - Villa Flores Mart\u00edn","isPartOf":{"@id":"https:\/\/www.villafloresmartin.com\/es\/#website"},"primaryImageOfPage":{"@id":"https:\/\/www.villafloresmartin.com\/es\/responsabilidad\/responsabilidad-social-corporativa\/#primaryimage"},"image":{"@id":"https:\/\/www.villafloresmartin.com\/es\/responsabilidad\/responsabilidad-social-corporativa\/#primaryimage"},"thumbnailUrl":"https:\/\/www.villafloresmartin.com\/es\/wp-content\/uploads\/2017\/06\/cabecera-rsc.jpg","datePublished":"2017-06-01T11:51:17+00:00","dateModified":"2021-06-10T08:54:55+00:00","description":"En Villa Flores Mart\u00edn (VFM) estamos altamente concienciados de la postura que debemos asumir como compa\u00f1\u00eda especializada en la distribuci\u00f3n el\u00e9ctrica, de ah\u00ed que colaboremos en un sinf\u00edn de acciones que persiguen la meta de mejorar el d\u00eda a d\u00eda de la sociedad de la que formamos parte.","breadcrumb":{"@id":"https:\/\/www.villafloresmartin.com\/es\/responsabilidad\/responsabilidad-social-corporativa\/#breadcrumb"},"inLanguage":"es","potentialAction":[{"@type":"ReadAction","target":["https:\/\/www.villafloresmartin.com\/es\/responsabilidad\/responsabilidad-social-corporativa\/"]}]},{"@type":"ImageObject","inLanguage":"es","@id":"https:\/\/www.villafloresmartin.com\/es\/responsabilidad\/responsabilidad-social-corporativa\/#primaryimage","url":"https:\/\/www.villafloresmartin.com\/es\/wp-content\/uploads\/2017\/06\/cabecera-rsc.jpg","contentUrl":"https:\/\/www.villafloresmartin.com\/es\/wp-content\/uploads\/2017\/06\/cabecera-rsc.jpg","width":1600,"height":575},{"@type":"BreadcrumbList","@id":"https:\/\/www.villafloresmartin.com\/es\/responsabilidad\/responsabilidad-social-corporativa\/#breadcrumb","itemListElement":[{"@type":"ListItem","position":1,"name":"Portada","item":"https:\/\/www.villafloresmartin.com\/es\/"},{"@type":"ListItem","position":2,"name":"Responsabilidad","item":"https:\/\/www.villafloresmartin.com\/es\/responsabilidad\/"},{"@type":"ListItem","position":3,"name":"Responsabilidad social corporativa"}]},{"@type":"WebSite","@id":"https:\/\/www.villafloresmartin.com\/es\/#website","url":"https:\/\/www.villafloresmartin.com\/es\/","name":"Villa Flores Mart\u00edn","description":"","potentialAction":[{"@type":"SearchAction","target":{"@type":"EntryPoint","urlTemplate":"https:\/\/www.villafloresmartin.com\/es\/?s={search_term_string}"},"query-input":{"@type":"PropertyValueSpecification","valueRequired":true,"valueName":"search_term_string"}}],"inLanguage":"es"}]}},"_links":{"self":[{"href":"https:\/\/www.villafloresmartin.com\/es\/wp-json\/wp\/v2\/pages\/588","targetHints":{"allow":["GET"]}}],"collection":[{"href":"https:\/\/www.villafloresmartin.com\/es\/wp-json\/wp\/v2\/pages"}],"about":[{"href":"https:\/\/www.villafloresmartin.com\/es\/wp-json\/wp\/v2\/types\/page"}],"author":[{"embeddable":true,"href":"https:\/\/www.villafloresmartin.com\/es\/wp-json\/wp\/v2\/users\/2"}],"replies":[{"embeddable":true,"href":"https:\/\/www.villafloresmartin.com\/es\/wp-json\/wp\/v2\/comments?post=588"}],"version-history":[{"count":0,"href":"https:\/\/www.villafloresmartin.com\/es\/wp-json\/wp\/v2\/pages\/588\/revisions"}],"up":[{"embeddable":true,"href":"https:\/\/www.villafloresmartin.com\/es\/wp-json\/wp\/v2\/pages\/14"}],"wp:attachment":[{"href":"https:\/\/www.villafloresmartin.com\/es\/wp-json\/wp\/v2\/media?parent=588"}],"curies":[{"name":"wp","href":"https:\/\/api.w.org\/{rel}","templated":true}]}}