{"id":56,"date":"2017-04-06T15:15:18","date_gmt":"2017-04-06T13:15:18","guid":{"rendered":"https:\/\/www.villafloresmartin.com\/es\/?page_id=56"},"modified":"2023-08-29T13:07:53","modified_gmt":"2023-08-29T11:07:53","slug":"obra-civil","status":"publish","type":"page","link":"https:\/\/www.villafloresmartin.com\/es\/servicios\/obra-civil\/","title":{"rendered":"Obra civil"},"content":{"rendered":"<p class=\"no-margin\"><img  title=\"Obra civil - Villa Flores Mart\u00edn\" loading=\"lazy\" decoding=\"async\" class=\"aligncenter size-full wp-image-361 img-full\" src=\"https:\/\/www.villafloresmartin.com\/es\/wp-content\/uploads\/2017\/04\/obra-civil-cabecera.jpg\"  alt=\"Obra civil - Villa Flores Mart\u00edn\"  width=\"1400\" height=\"504\" srcset=\"https:\/\/www.villafloresmartin.com\/es\/wp-content\/uploads\/2017\/04\/obra-civil-cabecera.jpg 1400w, https:\/\/www.villafloresmartin.com\/es\/wp-content\/uploads\/2017\/04\/obra-civil-cabecera-300x108.jpg 300w, https:\/\/www.villafloresmartin.com\/es\/wp-content\/uploads\/2017\/04\/obra-civil-cabecera-768x276.jpg 768w, https:\/\/www.villafloresmartin.com\/es\/wp-content\/uploads\/2017\/04\/obra-civil-cabecera-1024x369.jpg 1024w\" sizes=\"auto, (max-width: 1400px) 100vw, 1400px\" \/><\/p>\n<h1 class=\"text-center mt-4 mb-4\">Obra civil<\/h1>\n<div class=\"adorno-naranja\"><\/div>\n<div class=\"container mt-4 mb-4\">\n<div class=\"row\">\n<div class=\"col-md-12\">\n<div class=\"dos-columnas\">\n<p class=\"p1\">En <b>Villa Flores Mart\u00edn, VFM,<\/b> somos una empresa integral que contempla la instalaci\u00f3n de nuevas redes de distribuci\u00f3n de alta, media y baja tensi\u00f3n, procura el mantenimiento de los centros de distribuci\u00f3n y las reparaciones necesarias.<\/p>\n<p class=\"p1\">Asimismo, en una labor conjunta entre <b>el<\/b> <b>Departamento de Servicio T\u00e9cnico y el Departamento de Obra Civil,<\/b> se logra la <a href=\"https:\/\/www.villafloresmartin.com\/es\/servicios\/obra-civil\/canalizaciones\/\"><span class=\"s1\">canalizaci\u00f3n<\/span><\/a> de obras el\u00e9ctricas e hidr\u00e1ulicas con cobertura completa y la instalaci\u00f3n o reforma de <a href=\"https:\/\/www.villafloresmartin.com\/es\/servicios\/obra-civil\/obra-civil-centros-transformacion\/\"><span class=\"s1\">centros de transformaci\u00f3n<\/span><\/a> en obras existentes o de nueva construcci\u00f3n.<\/p>\n<p class=\"p1\">Las obligaciones de un Departamento de Obra Civil deben ser estrictamente adaptadas a las necesidades del cliente, y en VFM nos encargamos <span class=\"s2\">de que as\u00ed sea.<\/span><\/p>\n<\/div>\n<\/div>\n<\/div>\n<\/div>\n<div class=\"row mt-4 mb-4\">\n<div class=\"col-md-4 quienes-somos-fondo-1\"><\/div>\n<div class=\"col-md-8 fondo-naranja padding-3\">\n<h2>\u00bfQu\u00e9 actividades realiza nuestro Departamento de Obra Civil?<\/h2>\n<p class=\"p1\">El Departamento de obra Civil de VFM trabaja con el <b>personal t\u00e9cnico m\u00e1s capacitado<\/b> del mercado, abarcando diferentes trabajos en obras nuevas o en reformas de obras ya existentes, donde destacamos por las siguientes actividades:<\/p>\n<ul>\n<li style=\"list-style-type: none;\"><\/li>\n<\/ul>\n<ul>\n<li style=\"list-style-type: none;\">\n<ul>\n<li><strong>Canalizaciones para obras el\u00e9ctricas e hidr\u00e1ulicas:<\/strong><\/li>\n<\/ul>\n<\/li>\n<\/ul>\n<p class=\"p1\">Este servicio contempla la ejecuci\u00f3n canalizaciones para redes de abastecimiento y saneamiento de agua, as\u00ed como tambi\u00e9n de las instalaciones de agua, gas, luz e <span class=\"s1\">In<\/span>ternet.<\/p>\n<p class=\"p1\">Para ello, contamos con el <b>personal t\u00e9cnico con mayor preparaci\u00f3n profesional y emp\u00edrica<\/b><span class=\"s1\">,<\/span> con m\u00e1s de 40 a\u00f1os de experiencia y la capacidad de ejecutar y asesorar al cliente en el tr\u00e1mite de todo el proceso, <span class=\"s1\">alcanzando<\/span> siempre resultados precisos y muy eficientes.<\/p>\n<p class=\"p2\">Para acompa\u00f1ar a nuestros clientes desde el principio hasta el final, y asegurarnos de que no se presenten inconvenientes posteriores, en VFM nos encargamos tambi\u00e9n del acompa\u00f1amiento en la <b>tramitaci\u00f3n de los permisos<\/b> que sean necesarios para la ejecuci\u00f3n de las canalizaciones y de las instalaciones el\u00e9ctricas requeridas en la obra civil.<\/p>\n<ul>\n<li style=\"list-style-type: none;\">\n<ul>\n<li><strong>Obra civil en centros de transformaci\u00f3n:<\/strong><\/li>\n<\/ul>\n<\/li>\n<\/ul>\n<p>En Villa Flores Mart\u00edn ofrecemos un servicio relativo a reforma y construcci\u00f3n de centros de transformaci\u00f3n.<\/p>\n<p class=\"p2\">Este servicio abarca el <b>an\u00e1lisis de las \u00e1reas de ejecuci\u00f3n y el acondicionamiento t\u00e9rmico y ac\u00fastico<\/b> de los centros de transformaci\u00f3n antes de proceder a cualquier instalaci\u00f3n, asegur\u00e1ndonos del cumplimiento de los par\u00e1metros de construcci\u00f3n y evitando futuras quejas.<\/p>\n<p class=\"p3\">Finalmente, nos complace hacer uso de nuestro personal m\u00e1s preparado para <b>instalar <\/b><span class=\"s1\"><b>edificios prefabricados destinados <\/b><\/span><b>a centros de distribuci\u00f3n el\u00e9ctrica.<\/b><\/p>\n<\/div>\n<\/div>\n<div class=\"container mt-4 mb-4\">\n<div class=\"row\">\n<div class=\"col-md-12\">\n<h2>VFM: contamos con el Departamento de Obra Civil m\u00e1s cualificado<\/h2>\n<p class=\"p1\">En <b>VFM<\/b> contamos con personal altamente cualificado en nuestro Departamento de Obra Civil que, trabajando en conjunto con nuestro Departamento de Servicio T\u00e9cnico, consiguen <b>los resultados esperados.<\/b><\/p>\n<\/div>\n<\/div>\n<\/div>\n<div class=\"row mt-4 mb-4\">\n<div class=\"col-md-6 mosaico-home borde-derecha\">\n<div class=\"fondo-obra-civil-1 mosaico-escala\">\n<h3><a class=\"d-flex justify-content-center flex-column\" href=\"https:\/\/www.villafloresmartin.com\/es\/servicios\/obra-civil\/canalizaciones\">Canalizaciones<\/a><\/h3>\n<\/div>\n<\/div>\n<div class=\"col-md-6 mosaico-home borde-izquierda\">\n<div class=\"fondo-obra-civil-2 mosaico-escala\">\n<h3><a class=\"d-flex justify-content-center flex-column\" href=\"https:\/\/www.villafloresmartin.com\/es\/servicios\/obra-civil\/obra-civil-centros-transformacion\">Obra civil en centros de transformaci\u00f3n<\/a><\/h3>\n<\/div>\n<\/div>\n<\/div>\n","protected":false},"excerpt":{"rendered":"<p>Obra civil En Villa Flores Mart\u00edn, VFM, somos una empresa integral que contempla la instalaci\u00f3n de nuevas redes de distribuci\u00f3n de alta, media y baja tensi\u00f3n, procura el mantenimiento de los centros de distribuci\u00f3n y las reparaciones necesarias. Asimismo, en una labor conjunta entre el Departamento de Servicio T\u00e9cnico y el Departamento de Obra Civil, [&#8230;]<\/p>\n<p><a class=\"btn btn-secondary understrap-read-more-link\" href=\"https:\/\/www.villafloresmartin.com\/es\/servicios\/obra-civil\/\">Leer m\u00e1s&#8230;<\/a><\/p>\n","protected":false},"author":2,"featured_media":0,"parent":12,"menu_order":0,"comment_status":"closed","ping_status":"closed","template":"page-templates\/empty.php","meta":{"footnotes":""},"class_list":["post-56","page","type-page","status-publish","hentry"],"yoast_head":"<!-- This site is optimized with the Yoast SEO plugin v26.9 - https:\/\/yoast.com\/product\/yoast-seo-wordpress\/ -->\n<title>Proyectos de Obras Civiles en Villa Flores Mart\u00edn Sevilla<\/title>\n<meta name=\"description\" content=\"Nuestra larga trayectoria en instalaciones el\u00e9ctricas, unida a la experiencia que atesoramos en obra civil, hace que Villa Flores Mart\u00edn, VFM, pueda ofrecer un servicio especializado en todo lo relacionado con la reforma y la construcci\u00f3n de centros de transformaci\u00f3n.\" \/>\n<meta name=\"robots\" content=\"index, follow, max-snippet:-1, max-image-preview:large, max-video-preview:-1\" \/>\n<link rel=\"canonical\" href=\"https:\/\/www.villafloresmartin.com\/es\/servicios\/obra-civil\/\" \/>\n<meta property=\"og:locale\" content=\"es_ES\" \/>\n<meta property=\"og:type\" content=\"article\" \/>\n<meta property=\"og:title\" content=\"Proyectos de Obras Civiles en Villa Flores Mart\u00edn Sevilla\" \/>\n<meta property=\"og:description\" content=\"Nuestra larga trayectoria en instalaciones el\u00e9ctricas, unida a la experiencia que atesoramos en obra civil, hace que Villa Flores Mart\u00edn, VFM, pueda ofrecer un servicio especializado en todo lo relacionado con la reforma y la construcci\u00f3n de centros de transformaci\u00f3n.\" \/>\n<meta property=\"og:url\" content=\"https:\/\/www.villafloresmartin.com\/es\/servicios\/obra-civil\/\" \/>\n<meta property=\"og:site_name\" content=\"Villa Flores Mart\u00edn\" \/>\n<meta property=\"article:modified_time\" content=\"2023-08-29T11:07:53+00:00\" \/>\n<meta property=\"og:image\" content=\"https:\/\/www.villafloresmartin.com\/es\/wp-content\/uploads\/2017\/04\/obra-civil-cabecera.jpg\" \/>\n<meta name=\"twitter:label1\" content=\"Tiempo de lectura\" \/>\n\t<meta name=\"twitter:data1\" content=\"3 minutos\" \/>\n<script type=\"application\/ld+json\" class=\"yoast-schema-graph\">{\"@context\":\"https:\/\/schema.org\",\"@graph\":[{\"@type\":\"WebPage\",\"@id\":\"https:\/\/www.villafloresmartin.com\/es\/servicios\/obra-civil\/\",\"url\":\"https:\/\/www.villafloresmartin.com\/es\/servicios\/obra-civil\/\",\"name\":\"Proyectos de Obras Civiles en Villa Flores Mart\u00edn Sevilla\",\"isPartOf\":{\"@id\":\"https:\/\/www.villafloresmartin.com\/es\/#website\"},\"primaryImageOfPage\":{\"@id\":\"https:\/\/www.villafloresmartin.com\/es\/servicios\/obra-civil\/#primaryimage\"},\"image\":{\"@id\":\"https:\/\/www.villafloresmartin.com\/es\/servicios\/obra-civil\/#primaryimage\"},\"thumbnailUrl\":\"https:\/\/www.villafloresmartin.com\/es\/wp-content\/uploads\/2017\/04\/obra-civil-cabecera.jpg\",\"datePublished\":\"2017-04-06T13:15:18+00:00\",\"dateModified\":\"2023-08-29T11:07:53+00:00\",\"description\":\"Nuestra larga trayectoria en instalaciones el\u00e9ctricas, unida a la experiencia que atesoramos en obra civil, hace que Villa Flores Mart\u00edn, VFM, pueda ofrecer un servicio especializado en todo lo relacionado con la reforma y la construcci\u00f3n de centros de transformaci\u00f3n.\",\"breadcrumb\":{\"@id\":\"https:\/\/www.villafloresmartin.com\/es\/servicios\/obra-civil\/#breadcrumb\"},\"inLanguage\":\"es\",\"potentialAction\":[{\"@type\":\"ReadAction\",\"target\":[\"https:\/\/www.villafloresmartin.com\/es\/servicios\/obra-civil\/\"]}]},{\"@type\":\"ImageObject\",\"inLanguage\":\"es\",\"@id\":\"https:\/\/www.villafloresmartin.com\/es\/servicios\/obra-civil\/#primaryimage\",\"url\":\"https:\/\/www.villafloresmartin.com\/es\/wp-content\/uploads\/2017\/04\/obra-civil-cabecera.jpg\",\"contentUrl\":\"https:\/\/www.villafloresmartin.com\/es\/wp-content\/uploads\/2017\/04\/obra-civil-cabecera.jpg\",\"width\":1400,\"height\":504},{\"@type\":\"BreadcrumbList\",\"@id\":\"https:\/\/www.villafloresmartin.com\/es\/servicios\/obra-civil\/#breadcrumb\",\"itemListElement\":[{\"@type\":\"ListItem\",\"position\":1,\"name\":\"Portada\",\"item\":\"https:\/\/www.villafloresmartin.com\/es\/\"},{\"@type\":\"ListItem\",\"position\":2,\"name\":\"Servicios\",\"item\":\"https:\/\/www.villafloresmartin.com\/es\/servicios\/\"},{\"@type\":\"ListItem\",\"position\":3,\"name\":\"Obra civil\"}]},{\"@type\":\"WebSite\",\"@id\":\"https:\/\/www.villafloresmartin.com\/es\/#website\",\"url\":\"https:\/\/www.villafloresmartin.com\/es\/\",\"name\":\"Villa Flores Mart\u00edn\",\"description\":\"\",\"potentialAction\":[{\"@type\":\"SearchAction\",\"target\":{\"@type\":\"EntryPoint\",\"urlTemplate\":\"https:\/\/www.villafloresmartin.com\/es\/?s={search_term_string}\"},\"query-input\":{\"@type\":\"PropertyValueSpecification\",\"valueRequired\":true,\"valueName\":\"search_term_string\"}}],\"inLanguage\":\"es\"}]}<\/script>\n<!-- \/ Yoast SEO plugin. -->","yoast_head_json":{"title":"Proyectos de Obras Civiles en Villa Flores Mart\u00edn Sevilla","description":"Nuestra larga trayectoria en instalaciones el\u00e9ctricas, unida a la experiencia que atesoramos en obra civil, hace que Villa Flores Mart\u00edn, VFM, pueda ofrecer un servicio especializado en todo lo relacionado con la reforma y la construcci\u00f3n de centros de transformaci\u00f3n.","robots":{"index":"index","follow":"follow","max-snippet":"max-snippet:-1","max-image-preview":"max-image-preview:large","max-video-preview":"max-video-preview:-1"},"canonical":"https:\/\/www.villafloresmartin.com\/es\/servicios\/obra-civil\/","og_locale":"es_ES","og_type":"article","og_title":"Proyectos de Obras Civiles en Villa Flores Mart\u00edn Sevilla","og_description":"Nuestra larga trayectoria en instalaciones el\u00e9ctricas, unida a la experiencia que atesoramos en obra civil, hace que Villa Flores Mart\u00edn, VFM, pueda ofrecer un servicio especializado en todo lo relacionado con la reforma y la construcci\u00f3n de centros de transformaci\u00f3n.","og_url":"https:\/\/www.villafloresmartin.com\/es\/servicios\/obra-civil\/","og_site_name":"Villa Flores Mart\u00edn","article_modified_time":"2023-08-29T11:07:53+00:00","og_image":[{"url":"https:\/\/www.villafloresmartin.com\/es\/wp-content\/uploads\/2017\/04\/obra-civil-cabecera.jpg","type":"","width":"","height":""}],"twitter_misc":{"Tiempo de lectura":"3 minutos"},"schema":{"@context":"https:\/\/schema.org","@graph":[{"@type":"WebPage","@id":"https:\/\/www.villafloresmartin.com\/es\/servicios\/obra-civil\/","url":"https:\/\/www.villafloresmartin.com\/es\/servicios\/obra-civil\/","name":"Proyectos de Obras Civiles en Villa Flores Mart\u00edn Sevilla","isPartOf":{"@id":"https:\/\/www.villafloresmartin.com\/es\/#website"},"primaryImageOfPage":{"@id":"https:\/\/www.villafloresmartin.com\/es\/servicios\/obra-civil\/#primaryimage"},"image":{"@id":"https:\/\/www.villafloresmartin.com\/es\/servicios\/obra-civil\/#primaryimage"},"thumbnailUrl":"https:\/\/www.villafloresmartin.com\/es\/wp-content\/uploads\/2017\/04\/obra-civil-cabecera.jpg","datePublished":"2017-04-06T13:15:18+00:00","dateModified":"2023-08-29T11:07:53+00:00","description":"Nuestra larga trayectoria en instalaciones el\u00e9ctricas, unida a la experiencia que atesoramos en obra civil, hace que Villa Flores Mart\u00edn, VFM, pueda ofrecer un servicio especializado en todo lo relacionado con la reforma y la construcci\u00f3n de centros de transformaci\u00f3n.","breadcrumb":{"@id":"https:\/\/www.villafloresmartin.com\/es\/servicios\/obra-civil\/#breadcrumb"},"inLanguage":"es","potentialAction":[{"@type":"ReadAction","target":["https:\/\/www.villafloresmartin.com\/es\/servicios\/obra-civil\/"]}]},{"@type":"ImageObject","inLanguage":"es","@id":"https:\/\/www.villafloresmartin.com\/es\/servicios\/obra-civil\/#primaryimage","url":"https:\/\/www.villafloresmartin.com\/es\/wp-content\/uploads\/2017\/04\/obra-civil-cabecera.jpg","contentUrl":"https:\/\/www.villafloresmartin.com\/es\/wp-content\/uploads\/2017\/04\/obra-civil-cabecera.jpg","width":1400,"height":504},{"@type":"BreadcrumbList","@id":"https:\/\/www.villafloresmartin.com\/es\/servicios\/obra-civil\/#breadcrumb","itemListElement":[{"@type":"ListItem","position":1,"name":"Portada","item":"https:\/\/www.villafloresmartin.com\/es\/"},{"@type":"ListItem","position":2,"name":"Servicios","item":"https:\/\/www.villafloresmartin.com\/es\/servicios\/"},{"@type":"ListItem","position":3,"name":"Obra civil"}]},{"@type":"WebSite","@id":"https:\/\/www.villafloresmartin.com\/es\/#website","url":"https:\/\/www.villafloresmartin.com\/es\/","name":"Villa Flores Mart\u00edn","description":"","potentialAction":[{"@type":"SearchAction","target":{"@type":"EntryPoint","urlTemplate":"https:\/\/www.villafloresmartin.com\/es\/?s={search_term_string}"},"query-input":{"@type":"PropertyValueSpecification","valueRequired":true,"valueName":"search_term_string"}}],"inLanguage":"es"}]}},"_links":{"self":[{"href":"https:\/\/www.villafloresmartin.com\/es\/wp-json\/wp\/v2\/pages\/56","targetHints":{"allow":["GET"]}}],"collection":[{"href":"https:\/\/www.villafloresmartin.com\/es\/wp-json\/wp\/v2\/pages"}],"about":[{"href":"https:\/\/www.villafloresmartin.com\/es\/wp-json\/wp\/v2\/types\/page"}],"author":[{"embeddable":true,"href":"https:\/\/www.villafloresmartin.com\/es\/wp-json\/wp\/v2\/users\/2"}],"replies":[{"embeddable":true,"href":"https:\/\/www.villafloresmartin.com\/es\/wp-json\/wp\/v2\/comments?post=56"}],"version-history":[{"count":1,"href":"https:\/\/www.villafloresmartin.com\/es\/wp-json\/wp\/v2\/pages\/56\/revisions"}],"predecessor-version":[{"id":2371,"href":"https:\/\/www.villafloresmartin.com\/es\/wp-json\/wp\/v2\/pages\/56\/revisions\/2371"}],"up":[{"embeddable":true,"href":"https:\/\/www.villafloresmartin.com\/es\/wp-json\/wp\/v2\/pages\/12"}],"wp:attachment":[{"href":"https:\/\/www.villafloresmartin.com\/es\/wp-json\/wp\/v2\/media?parent=56"}],"curies":[{"name":"wp","href":"https:\/\/api.w.org\/{rel}","templated":true}]}}