{"id":54,"date":"2017-04-06T15:15:00","date_gmt":"2017-04-06T13:15:00","guid":{"rendered":"https:\/\/www.villafloresmartin.com\/es\/?page_id=54"},"modified":"2022-05-09T11:35:45","modified_gmt":"2022-05-09T09:35:45","slug":"servicios-energia-electrica","status":"publish","type":"page","link":"https:\/\/www.villafloresmartin.com\/es\/servicios\/servicios-energia-electrica\/","title":{"rendered":"Servicios de energ\u00eda el\u00e9ctrica"},"content":{"rendered":"<p class=\"no-margin\"><img  title=\"Servicios de energ\u00eda el\u00e9ctrica - Villa Flores Mart\u00edn\" loading=\"lazy\" decoding=\"async\" class=\"aligncenter size-full wp-image-711 img-full\" src=\"https:\/\/www.villafloresmartin.com\/es\/wp-content\/uploads\/2017\/04\/servicios-energia-cabecera-1.jpg\"  alt=\"Servicios de energ\u00eda el\u00e9ctrica - Villa Flores Mart\u00edn\"  width=\"1600\" height=\"575\" srcset=\"https:\/\/www.villafloresmartin.com\/es\/wp-content\/uploads\/2017\/04\/servicios-energia-cabecera-1.jpg 1600w, https:\/\/www.villafloresmartin.com\/es\/wp-content\/uploads\/2017\/04\/servicios-energia-cabecera-1-300x108.jpg 300w, https:\/\/www.villafloresmartin.com\/es\/wp-content\/uploads\/2017\/04\/servicios-energia-cabecera-1-768x276.jpg 768w, https:\/\/www.villafloresmartin.com\/es\/wp-content\/uploads\/2017\/04\/servicios-energia-cabecera-1-1024x368.jpg 1024w\" sizes=\"auto, (max-width: 1600px) 100vw, 1600px\" \/><\/p>\n<h1 class=\"text-center mt-4 mb-4\">Servicios de energ\u00eda el\u00e9ctrica<\/h1>\n<div class=\"adorno-naranja\"><\/div>\n<div class=\"container mt-4 mb-4\">\n<div class=\"row\">\n<div class=\"col-md-12\">\n<div class=\"dos-columnas\">\n<p class=\"texto\">La electricidad se ha convertido en un elemento imprescindible para todos, ya que sin ella, la sociedad actualidad se parar\u00eda por completo. Por tanto, desde Villa Flores Mart\u00edn garantizamos su distribuci\u00f3n gracias a nuestros servicios de energ\u00eda el\u00e9ctrica.<\/p>\n<p class=\"texto\">Todo nuestro equipo est\u00e1 preparado para ofrecer el servicio de energ\u00eda m\u00e1s eficiente con la m\u00e1xima fiabilidad y excelencia, ya que siempre damos una respuesta r\u00e1pida ante cualquier necesidad o aver\u00eda que surja a nuestros clientes las 24 horas del d\u00eda durante el a\u00f1o entero.<\/p>\n<\/div>\n<\/div>\n<\/div>\n<\/div>\n<div class=\"row mt-4 mb-4\">\n<div class=\"col-md-4 quienes-somos-fondo-1\"><\/div>\n<div class=\"col-md-8 fondo-naranja padding-3\">\n<h2>Servicios de energ\u00eda el\u00e9ctrica de Villa Flores Mart\u00edn<\/h2>\n<p class=\"texto\">Dividimos en dos los tipos de servicios de energ\u00edas el\u00e9ctrica ofrecidos.<\/p>\n<ul>\n<li style=\"list-style-type: none;\">\n<ul>\n<\/ul>\n<\/li>\n<\/ul>\n<ul>\n<li style=\"list-style-type: none;\">\n<ul>\n<li><strong>Grupos electr\u00f3genos<\/strong><\/a><\/li>\n<\/ul>\n<\/li>\n<\/ul>\n<p class=\"texto\">Los grupos electr\u00f3genos de Villa Flores Mart\u00edn son equipos autosuficientes de corriente el\u00e9ctrica, necesarios cuando se produce un corte peri\u00f3dico en la red. Las potencias abarcan desde las 100 Kva hasta las 1600 Kva y cuentan con diferentes juegos de conductores para conectar con la instalaci\u00f3n que necesita la energ\u00eda.<\/p>\n<p class=\"texto\">El equipo que se alquila se encuentra fijado en camiones plataforma o g\u00f3ndola para poder desplazarnos en la mayor brevedad a cualquier punto, incluso si este se ubica en un espacio de dif\u00edcil acceso. Adem\u00e1s, tambi\u00e9n estar\u00e1s contratando un operario especializado que estar\u00e1 in situ durante el servicio, atento a todas las situaciones que se presenten.<\/p>\n<ul>\n<li style=\"list-style-type: none;\">\n<ul>\n<li><strong>Centros de transformaci\u00f3n m\u00f3viles<\/strong><\/a><\/li>\n<\/ul>\n<\/li>\n<\/ul>\n<p class=\"texto\">Entre los servicios de energ\u00eda el\u00e9ctrica de Villa Flores Mart\u00edn, tambi\u00e9n se encuentran los centros de transformaci\u00f3n m\u00f3viles. Esta instalaci\u00f3n da soluci\u00f3n a las aver\u00edas y cortes de suministros en los centros de distribuci\u00f3n donde por cualquier circunstancia quedan fuera de servicio. Actuamos r\u00e1pidamente con ellos y de forma eficaz en cuanto los alquiles.<\/p>\n<p class=\"texto\">Los transformadores de nuestros centros de distribuci\u00f3n tienen una potencia de hasta 1000 Kva y pueden instalarse en la v\u00eda p\u00fablica, ya que su uso en ella y su seguridad est\u00e1n avalados por la Delegaci\u00f3n Territorial de Econom\u00eda, Innovaci\u00f3n, Ciencia y Empleo de Sevilla.<\/p>\n<\/div>\n<\/div>\n<div class=\"container mt-4 mb-4\">\n<div class=\"row\">\n<div class=\"col-md-12\">\n<h2>Contacta con nosotros cuando necesites un servicio de energ\u00eda el\u00e9ctrica profesional<\/h2>\n<p class=\"texto\">En Villa Flores Mart\u00edn sabemos la importancia de actuar en la mayor brevedad posible cuando se produzca una aver\u00eda en la red el\u00e9ctrica. Por tanto, ponemos a disposici\u00f3n de nuestros clientes el alquiler de grupos electr\u00f3genos y centros de transformaci\u00f3n m\u00f3viles que se adaptan a todo tipo de necesidades.<\/p>\n<p class=\"texto\">En cuanto observes que ha comenzado la aver\u00eda, no dudes en ponerte en contacto con nosotros. Seguro que te sorprender\u00e1 nuestra eficacia. <\/p>\n<\/div>\n<\/div>\n<\/div>\n<div class=\"row mt-4 mb-4\">\n<div class=\"col-md-6 mosaico-home borde-derecha\">\n<div class=\"fondo-servicios-energia-1 mosaico-escala\">\n<h3><a class=\"d-flex justify-content-center flex-column\" href=\"https:\/\/www.villafloresmartin.com\/es\/servicios\/servicios-energia-electrica\/grupos-electrogenos\">Grupos electr\u00f3genos<\/a><\/h3>\n<\/div>\n<\/div>\n<div class=\"col-md-6 mosaico-home borde-izquierda\">\n<div class=\"fondo-servicios-energia-2 mosaico-escala\">\n<h3><a class=\"d-flex justify-content-center flex-column\" href=\"https:\/\/www.villafloresmartin.com\/es\/servicios\/servicios-energia-electrica\/centros-transformacion-moviles\">Centros de transformaci\u00f3n m\u00f3viles<\/a><\/h3>\n<\/div>\n<\/div>\n<\/div>\n","protected":false},"excerpt":{"rendered":"<p>Servicios de energ\u00eda el\u00e9ctrica La electricidad se ha convertido en un elemento imprescindible para todos, ya que sin ella, la sociedad actualidad se parar\u00eda por completo. Por tanto, desde Villa Flores Mart\u00edn garantizamos su distribuci\u00f3n gracias a nuestros servicios de energ\u00eda el\u00e9ctrica. Todo nuestro equipo est\u00e1 preparado para ofrecer el servicio de energ\u00eda m\u00e1s eficiente [&#8230;]<\/p>\n<p><a class=\"btn btn-secondary understrap-read-more-link\" href=\"https:\/\/www.villafloresmartin.com\/es\/servicios\/servicios-energia-electrica\/\">Leer m\u00e1s&#8230;<\/a><\/p>\n","protected":false},"author":2,"featured_media":0,"parent":12,"menu_order":0,"comment_status":"closed","ping_status":"closed","template":"page-templates\/empty.php","meta":{"footnotes":""},"class_list":["post-54","page","type-page","status-publish","hentry"],"yoast_head":"<!-- This site is optimized with the Yoast SEO plugin v26.9 - https:\/\/yoast.com\/product\/yoast-seo-wordpress\/ -->\n<title>Servicios de energ\u00eda el\u00e9ctrica - Villa Flores Mart\u00edn<\/title>\n<meta name=\"description\" content=\"Villa Flores Mart\u00edn (VFM) lleva toda una vida dedicada al mundo de la distribuci\u00f3n energ\u00e9tica. Nuestro ADN lleva impreso la din\u00e1mica de un sector donde se debe responder a las aver\u00edas el\u00e9ctricas a la mayor brevedad posible.\" \/>\n<meta name=\"robots\" content=\"index, follow, max-snippet:-1, max-image-preview:large, max-video-preview:-1\" \/>\n<link rel=\"canonical\" href=\"https:\/\/www.villafloresmartin.com\/es\/servicios\/servicios-energia-electrica\/\" \/>\n<meta property=\"og:locale\" content=\"es_ES\" \/>\n<meta property=\"og:type\" content=\"article\" \/>\n<meta property=\"og:title\" content=\"Servicios de energ\u00eda el\u00e9ctrica - Villa Flores Mart\u00edn\" \/>\n<meta property=\"og:description\" content=\"Villa Flores Mart\u00edn (VFM) lleva toda una vida dedicada al mundo de la distribuci\u00f3n energ\u00e9tica. Nuestro ADN lleva impreso la din\u00e1mica de un sector donde se debe responder a las aver\u00edas el\u00e9ctricas a la mayor brevedad posible.\" \/>\n<meta property=\"og:url\" content=\"https:\/\/www.villafloresmartin.com\/es\/servicios\/servicios-energia-electrica\/\" \/>\n<meta property=\"og:site_name\" content=\"Villa Flores Mart\u00edn\" \/>\n<meta property=\"article:modified_time\" content=\"2022-05-09T09:35:45+00:00\" \/>\n<meta property=\"og:image\" content=\"https:\/\/www.villafloresmartin.com\/es\/wp-content\/uploads\/2017\/04\/servicios-energia-cabecera-1.jpg\" \/>\n<meta name=\"twitter:label1\" content=\"Tiempo de lectura\" \/>\n\t<meta name=\"twitter:data1\" content=\"2 minutos\" \/>\n<script type=\"application\/ld+json\" class=\"yoast-schema-graph\">{\"@context\":\"https:\/\/schema.org\",\"@graph\":[{\"@type\":\"WebPage\",\"@id\":\"https:\/\/www.villafloresmartin.com\/es\/servicios\/servicios-energia-electrica\/\",\"url\":\"https:\/\/www.villafloresmartin.com\/es\/servicios\/servicios-energia-electrica\/\",\"name\":\"Servicios de energ\u00eda el\u00e9ctrica - Villa Flores Mart\u00edn\",\"isPartOf\":{\"@id\":\"https:\/\/www.villafloresmartin.com\/es\/#website\"},\"primaryImageOfPage\":{\"@id\":\"https:\/\/www.villafloresmartin.com\/es\/servicios\/servicios-energia-electrica\/#primaryimage\"},\"image\":{\"@id\":\"https:\/\/www.villafloresmartin.com\/es\/servicios\/servicios-energia-electrica\/#primaryimage\"},\"thumbnailUrl\":\"https:\/\/www.villafloresmartin.com\/es\/wp-content\/uploads\/2017\/04\/servicios-energia-cabecera-1.jpg\",\"datePublished\":\"2017-04-06T13:15:00+00:00\",\"dateModified\":\"2022-05-09T09:35:45+00:00\",\"description\":\"Villa Flores Mart\u00edn (VFM) lleva toda una vida dedicada al mundo de la distribuci\u00f3n energ\u00e9tica. Nuestro ADN lleva impreso la din\u00e1mica de un sector donde se debe responder a las aver\u00edas el\u00e9ctricas a la mayor brevedad posible.\",\"breadcrumb\":{\"@id\":\"https:\/\/www.villafloresmartin.com\/es\/servicios\/servicios-energia-electrica\/#breadcrumb\"},\"inLanguage\":\"es\",\"potentialAction\":[{\"@type\":\"ReadAction\",\"target\":[\"https:\/\/www.villafloresmartin.com\/es\/servicios\/servicios-energia-electrica\/\"]}]},{\"@type\":\"ImageObject\",\"inLanguage\":\"es\",\"@id\":\"https:\/\/www.villafloresmartin.com\/es\/servicios\/servicios-energia-electrica\/#primaryimage\",\"url\":\"https:\/\/www.villafloresmartin.com\/es\/wp-content\/uploads\/2017\/04\/servicios-energia-cabecera-1.jpg\",\"contentUrl\":\"https:\/\/www.villafloresmartin.com\/es\/wp-content\/uploads\/2017\/04\/servicios-energia-cabecera-1.jpg\",\"width\":1600,\"height\":575},{\"@type\":\"BreadcrumbList\",\"@id\":\"https:\/\/www.villafloresmartin.com\/es\/servicios\/servicios-energia-electrica\/#breadcrumb\",\"itemListElement\":[{\"@type\":\"ListItem\",\"position\":1,\"name\":\"Portada\",\"item\":\"https:\/\/www.villafloresmartin.com\/es\/\"},{\"@type\":\"ListItem\",\"position\":2,\"name\":\"Servicios\",\"item\":\"https:\/\/www.villafloresmartin.com\/es\/servicios\/\"},{\"@type\":\"ListItem\",\"position\":3,\"name\":\"Servicios de energ\u00eda el\u00e9ctrica\"}]},{\"@type\":\"WebSite\",\"@id\":\"https:\/\/www.villafloresmartin.com\/es\/#website\",\"url\":\"https:\/\/www.villafloresmartin.com\/es\/\",\"name\":\"Villa Flores Mart\u00edn\",\"description\":\"\",\"potentialAction\":[{\"@type\":\"SearchAction\",\"target\":{\"@type\":\"EntryPoint\",\"urlTemplate\":\"https:\/\/www.villafloresmartin.com\/es\/?s={search_term_string}\"},\"query-input\":{\"@type\":\"PropertyValueSpecification\",\"valueRequired\":true,\"valueName\":\"search_term_string\"}}],\"inLanguage\":\"es\"}]}<\/script>\n<!-- \/ Yoast SEO plugin. -->","yoast_head_json":{"title":"Servicios de energ\u00eda el\u00e9ctrica - Villa Flores Mart\u00edn","description":"Villa Flores Mart\u00edn (VFM) lleva toda una vida dedicada al mundo de la distribuci\u00f3n energ\u00e9tica. Nuestro ADN lleva impreso la din\u00e1mica de un sector donde se debe responder a las aver\u00edas el\u00e9ctricas a la mayor brevedad posible.","robots":{"index":"index","follow":"follow","max-snippet":"max-snippet:-1","max-image-preview":"max-image-preview:large","max-video-preview":"max-video-preview:-1"},"canonical":"https:\/\/www.villafloresmartin.com\/es\/servicios\/servicios-energia-electrica\/","og_locale":"es_ES","og_type":"article","og_title":"Servicios de energ\u00eda el\u00e9ctrica - Villa Flores Mart\u00edn","og_description":"Villa Flores Mart\u00edn (VFM) lleva toda una vida dedicada al mundo de la distribuci\u00f3n energ\u00e9tica. Nuestro ADN lleva impreso la din\u00e1mica de un sector donde se debe responder a las aver\u00edas el\u00e9ctricas a la mayor brevedad posible.","og_url":"https:\/\/www.villafloresmartin.com\/es\/servicios\/servicios-energia-electrica\/","og_site_name":"Villa Flores Mart\u00edn","article_modified_time":"2022-05-09T09:35:45+00:00","og_image":[{"url":"https:\/\/www.villafloresmartin.com\/es\/wp-content\/uploads\/2017\/04\/servicios-energia-cabecera-1.jpg","type":"","width":"","height":""}],"twitter_misc":{"Tiempo de lectura":"2 minutos"},"schema":{"@context":"https:\/\/schema.org","@graph":[{"@type":"WebPage","@id":"https:\/\/www.villafloresmartin.com\/es\/servicios\/servicios-energia-electrica\/","url":"https:\/\/www.villafloresmartin.com\/es\/servicios\/servicios-energia-electrica\/","name":"Servicios de energ\u00eda el\u00e9ctrica - Villa Flores Mart\u00edn","isPartOf":{"@id":"https:\/\/www.villafloresmartin.com\/es\/#website"},"primaryImageOfPage":{"@id":"https:\/\/www.villafloresmartin.com\/es\/servicios\/servicios-energia-electrica\/#primaryimage"},"image":{"@id":"https:\/\/www.villafloresmartin.com\/es\/servicios\/servicios-energia-electrica\/#primaryimage"},"thumbnailUrl":"https:\/\/www.villafloresmartin.com\/es\/wp-content\/uploads\/2017\/04\/servicios-energia-cabecera-1.jpg","datePublished":"2017-04-06T13:15:00+00:00","dateModified":"2022-05-09T09:35:45+00:00","description":"Villa Flores Mart\u00edn (VFM) lleva toda una vida dedicada al mundo de la distribuci\u00f3n energ\u00e9tica. Nuestro ADN lleva impreso la din\u00e1mica de un sector donde se debe responder a las aver\u00edas el\u00e9ctricas a la mayor brevedad posible.","breadcrumb":{"@id":"https:\/\/www.villafloresmartin.com\/es\/servicios\/servicios-energia-electrica\/#breadcrumb"},"inLanguage":"es","potentialAction":[{"@type":"ReadAction","target":["https:\/\/www.villafloresmartin.com\/es\/servicios\/servicios-energia-electrica\/"]}]},{"@type":"ImageObject","inLanguage":"es","@id":"https:\/\/www.villafloresmartin.com\/es\/servicios\/servicios-energia-electrica\/#primaryimage","url":"https:\/\/www.villafloresmartin.com\/es\/wp-content\/uploads\/2017\/04\/servicios-energia-cabecera-1.jpg","contentUrl":"https:\/\/www.villafloresmartin.com\/es\/wp-content\/uploads\/2017\/04\/servicios-energia-cabecera-1.jpg","width":1600,"height":575},{"@type":"BreadcrumbList","@id":"https:\/\/www.villafloresmartin.com\/es\/servicios\/servicios-energia-electrica\/#breadcrumb","itemListElement":[{"@type":"ListItem","position":1,"name":"Portada","item":"https:\/\/www.villafloresmartin.com\/es\/"},{"@type":"ListItem","position":2,"name":"Servicios","item":"https:\/\/www.villafloresmartin.com\/es\/servicios\/"},{"@type":"ListItem","position":3,"name":"Servicios de energ\u00eda el\u00e9ctrica"}]},{"@type":"WebSite","@id":"https:\/\/www.villafloresmartin.com\/es\/#website","url":"https:\/\/www.villafloresmartin.com\/es\/","name":"Villa Flores Mart\u00edn","description":"","potentialAction":[{"@type":"SearchAction","target":{"@type":"EntryPoint","urlTemplate":"https:\/\/www.villafloresmartin.com\/es\/?s={search_term_string}"},"query-input":{"@type":"PropertyValueSpecification","valueRequired":true,"valueName":"search_term_string"}}],"inLanguage":"es"}]}},"_links":{"self":[{"href":"https:\/\/www.villafloresmartin.com\/es\/wp-json\/wp\/v2\/pages\/54","targetHints":{"allow":["GET"]}}],"collection":[{"href":"https:\/\/www.villafloresmartin.com\/es\/wp-json\/wp\/v2\/pages"}],"about":[{"href":"https:\/\/www.villafloresmartin.com\/es\/wp-json\/wp\/v2\/types\/page"}],"author":[{"embeddable":true,"href":"https:\/\/www.villafloresmartin.com\/es\/wp-json\/wp\/v2\/users\/2"}],"replies":[{"embeddable":true,"href":"https:\/\/www.villafloresmartin.com\/es\/wp-json\/wp\/v2\/comments?post=54"}],"version-history":[{"count":0,"href":"https:\/\/www.villafloresmartin.com\/es\/wp-json\/wp\/v2\/pages\/54\/revisions"}],"up":[{"embeddable":true,"href":"https:\/\/www.villafloresmartin.com\/es\/wp-json\/wp\/v2\/pages\/12"}],"wp:attachment":[{"href":"https:\/\/www.villafloresmartin.com\/es\/wp-json\/wp\/v2\/media?parent=54"}],"curies":[{"name":"wp","href":"https:\/\/api.w.org\/{rel}","templated":true}]}}