{"id":529,"date":"2017-06-01T10:07:21","date_gmt":"2017-06-01T08:07:21","guid":{"rendered":"https:\/\/www.villafloresmartin.com\/es\/?page_id=529"},"modified":"2021-06-10T13:11:51","modified_gmt":"2021-06-10T11:11:51","slug":"formacion","status":"publish","type":"page","link":"https:\/\/www.villafloresmartin.com\/es\/responsabilidad\/formacion\/","title":{"rendered":"Formaci\u00f3n"},"content":{"rendered":"<p class=\"no-margin\"><div id=\"metaslider-id-816\" style=\"width: 100%;\" class=\"ml-slider-3-105-0 metaslider metaslider-flex metaslider-816 ml-slider ms-theme-default nav-hidden\" role=\"region\" aria-label=\"formacion\" data-height=\"575\" data-width=\"1600\">\n    <div id=\"metaslider_container_816\">\n        <div id=\"metaslider_816\">\n            <ul class='slides'>\n                <li style=\"display: block; width: 100%;\" class=\"slide-820 ms-image \" aria-roledescription=\"slide\" data-date=\"2017-06-08 17:08:03\" data-filename=\"cabecera-formacion-1-1399x503.jpg\" data-slide-type=\"image\"><img  title=\"Formaci\u00f3n - Villa Flores Mart\u00edn\" loading=\"lazy\" decoding=\"async\" src=\"https:\/\/www.villafloresmartin.com\/es\/wp-content\/uploads\/2017\/06\/cabecera-formacion-1-1399x503.jpg\" height=\"575\" width=\"1600\"  alt=\"Formaci\u00f3n - Villa Flores Mart\u00edn\"  class=\"slider-816 slide-820 msDefaultImage\" \/><\/li>\n                <li style=\"display: none; width: 100%;\" class=\"slide-821 ms-image \" aria-roledescription=\"slide\" data-date=\"2017-06-08 17:08:04\" data-filename=\"cabecera-formacion2.jpg\" data-slide-type=\"image\"><img  title=\"Formaci\u00f3n - Villa Flores Mart\u00edn\" loading=\"lazy\" decoding=\"async\" src=\"https:\/\/www.villafloresmartin.com\/es\/wp-content\/uploads\/2017\/06\/cabecera-formacion2.jpg\" height=\"575\" width=\"1600\"  alt=\"Formaci\u00f3n - Villa Flores Mart\u00edn\"  class=\"slider-816 slide-821 msDefaultImage\" \/><div class=\"caption-wrap\"><div class=\"caption\"> <\/div><\/div><\/li>\n                <li style=\"display: none; width: 100%;\" class=\"slide-822 ms-image \" aria-roledescription=\"slide\" data-date=\"2017-06-08 17:08:04\" data-filename=\"cabecera-formacion3.jpg\" data-slide-type=\"image\"><img  title=\"Formaci\u00f3n - Villa Flores Mart\u00edn\" loading=\"lazy\" decoding=\"async\" src=\"https:\/\/www.villafloresmartin.com\/es\/wp-content\/uploads\/2017\/06\/cabecera-formacion3.jpg\" height=\"575\" width=\"1600\"  alt=\"Formaci\u00f3n - Villa Flores Mart\u00edn\"  class=\"slider-816 slide-822 msDefaultImage\" \/><\/li>\n                <li style=\"display: none; width: 100%;\" class=\"slide-827 ms-image \" aria-roledescription=\"slide\" data-date=\"2017-06-08 17:11:47\" data-filename=\"cabecera-formacion5.jpg\" data-slide-type=\"image\"><img  title=\"Formaci\u00f3n - Villa Flores Mart\u00edn\" loading=\"lazy\" decoding=\"async\" src=\"https:\/\/www.villafloresmartin.com\/es\/wp-content\/uploads\/2017\/06\/cabecera-formacion5.jpg\" height=\"575\" width=\"1600\"  alt=\"Formaci\u00f3n - Villa Flores Mart\u00edn\"  class=\"slider-816 slide-827 msDefaultImage\" \/><\/li>\n            <\/ul>\n        <\/div>\n        \n    <\/div>\n<\/div>\n<h1 class=\"text-center mt-4 mb-4\">Formaci\u00f3n<\/h1>\n<div class=\"adorno-naranja\"><\/div>\n<div class=\"container mt-4 mb-4\">\n<div class=\"row\">\n<div class=\"col-md-12 dos-columnas\">\n<p class=\"texto\">La formaci\u00f3n supone una pieza indisoluble de Villa Flores Mart\u00edn. Y es que buena parte de nuestros recursos se destinan a ella. No obstante, cuando hablamos de formaci\u00f3n no nos referimos tan solo a la que le impartimos a nuestro propio personal, sino tambi\u00e9n a aquella que desarrollamos espec\u00edficamente para otras entidades o que tienen lugar en nuestras instalaciones por parte de otras organizaciones y que nos eligen por el correcto acondicionamiento de las mismas.<\/p>\n<p class=\"texto\">La formaci\u00f3n de nuestro personal se lleva a cabo por cuenta propia de la compa\u00f1\u00eda y de forma peri\u00f3dica para garantizar as\u00ed la actualizaci\u00f3n de conocimientos. De esta manera aseguramos un servicio plenamente adaptado a las necesidades del usuario. Intentamos ir un paso por delante, anticip\u00e1ndonos a tu demanda.<\/p>\n<p class=\"texto\">En este sentido, la Ley 31\/1995 de Prevenci\u00f3n de Riesgos Laborales, en sus art\u00edculos 18 y 19, recoge que el empresario debe adoptar las medidas adecuadas para que los trabajadores reciban todas las informaciones necesarias en relaci\u00f3n a los riesgos para la seguridad y la salud que supongan sus tareas laborales. Asimismo, el trabajador tambi\u00e9n tiene que ser conocedor de las medidas y las actividades de protecci\u00f3n y prevenci\u00f3n aplicables a su labor. Por su parte, el contratante debe garantizar que cada empleado reciba formaci\u00f3n te\u00f3rica y pr\u00e1ctica suficiente y adecuada, en materia preventiva, tanto en el momento de su contrataci\u00f3n, como en funci\u00f3n de los cambios que se vayan produciendo en su puesto de trabajo. Dicha formaci\u00f3n deber\u00e1 ser espec\u00edfica para las acciones que desempe\u00f1e y adaptarse a la evaluaci\u00f3n de riesgos y procedimientos. A su vez, la formaci\u00f3n debe someterse en todo momento a procesos de reciclaje peri\u00f3dicos.<\/p>\n<p class=\"texto\">Por todo lo expuesto, en Villa Flores Mart\u00edn (VFM), a fin de dar riguroso cumplimiento a la normativa y entendiendo la importancia de la formaci\u00f3n e informaci\u00f3n en materia preventiva, como pilar b\u00e1sico de cualquier sistema de gesti\u00f3n de la prevenci\u00f3n de riesgos laborales, tiene establecido anualmente un Plan de Formaci\u00f3n Espec\u00edfico. Dicho plan estar\u00e1 siempre sujeto a los cambios oportunos para adaptarlo en funci\u00f3n de los puestos de trabajo, la adquisici\u00f3n de nuevos equipos o la inclusi\u00f3n de las \u00faltimas tecnolog\u00edas. En definitiva, se adaptar\u00e1 a cualquier cambio que en el sistema productivo se produzca.<\/p>\n<\/div>\n<\/div>\n<\/div>\n<div class=\"containerfluid\">\n<div class=\"row mt-4 mb-4\">\n<div class=\"col-md-6 fondo-naranja padding-3\">\n<h2>Instalaciones y medios para la actividad formativa<\/h2>\n<p class=\"texto\">Para ello, VFM cuenta con medios propios de formaci\u00f3n y personal competente en la materia. El equipo humano que conforma el Departamento de Formaci\u00f3n cuenta con experiencia y conocimiento tanto de los centros de trabajo como del personal al que van dirigidas estas actuaciones formativas.<\/p>\n<p class=\"texto\">Con respecto a las instalaciones, se hace necesario poner de manifiesto que son \u00fanicas, ya que pocos disponen de los medios con los que contamos en Villa Flores Mart\u00edn. La dotaci\u00f3n que se ha llevado a cabo a lo largo de a\u00f1os nos permite realizar una formaci\u00f3n integral te\u00f3rico-pr\u00e1ctica de calidad. Adem\u00e1s, la excepcionalidad de estas instalaciones abren la puerta a la posibilidad de ser alquiladas por otras entidades interesadas.<\/p>\n<p class=\"texto\">Entre los medios se\u00f1alados se encuentra un aula de formaci\u00f3n dotada de medios audiovisuales y con una capacidad de aforo para unos 70 asistentes.<\/p>\n<\/div>\n<div class=\"col-md-6 formacion-fondo-1 padding-3\"><\/div>\n<\/div>\n<div class=\"row mt-4 mb-4\">\n<div class=\"col-md-6 formacion-fondo-2 padding-3\"><\/div>\n<div class=\"col-md-6 fondo-gris padding-3\">\n<p class=\"texto\">En el caso de las jornadas pr\u00e1cticas, contamos a su vez con instalaciones espec\u00edficas para el desempe\u00f1o de las mismas. Tal es el caso de apoyos met\u00e1licos para trabajos en altura, elementos de maniobras en aparamentas el\u00e9ctricas de distintos tipos, aparamenta convencional de corte al aire, celdas de SF6, centros de transformaci\u00f3n port\u00e1tiles completamente equipados, cuadros de Baja Tensi\u00f3n, equipos de trabajo en altura, maquinaria espec\u00edfica, herramientas y equipos de protecci\u00f3n individual, entre muchos otros.<\/p>\n<p class=\"texto\">Adem\u00e1s en nuestras instalaciones exteriores contamos varios circuitos de l\u00edneas subterr\u00e1neas de Media y Baja Tensi\u00f3n, los cuales tienen provocados los distintos tipos de aver\u00edas que se pueden dar. Todo esto nos permite formar a nuestro personal con la m\u00e1xima eficiencia en la localizaci\u00f3n de aver\u00edas subterr\u00e1neas, as\u00ed como para la verificaci\u00f3n y prueba de nuestros equipos.\u00a0Haznos saber tus necesidades y nos adaptaremos a ellas de la mejor manera posible.<\/p>\n<p class=\"texto\">Para terminar, y dadas las caracter\u00edsticas especiales que muestran estas instalaciones a la hora de ofrecer una formaci\u00f3n de calidad, hay que se\u00f1alar que algunas de las empresas del sector, as\u00ed como compa\u00f1\u00edas de servicios de prevenci\u00f3n ajeno y consultoras de formaci\u00f3n han mostrado su inter\u00e9s para impartir sus propios cursos. En otras ocasiones es VFM quien realiza la propuesta, en funci\u00f3n del tipo de curso que nos sea requerido. Nos ponemos a tu disposici\u00f3n.<\/p>\n<\/div>\n<\/div>\n<div class=\"content_block\" id=\"custom_post_widget-2058\"><div class=\"row mt-5 mb-3\">\n<div class=\"col-md-4 mosaico-home borde-derecha\">\n<div class=\"fondo-sostenibilidad-ambiental mosaico-escala mosaico-escala-int\">\n<h3><a class=\"d-flex justify-content-center flex-column\" href=\"https:\/\/www.villafloresmartin.com\/es\/responsabilidad\/medio-ambiente\/\">Medio ambiente<\/a><\/h3>\n<\/div>\n<\/div>\n<div class=\"col-md-4 mosaico-home borde-derecha-izquierda\">\n<div class=\"fondo-sostenibilidad-calidad mosaico-escala mosaico-escala-int\">\n<h3><a class=\"d-flex justify-content-center flex-column\" href=\"https:\/\/www.villafloresmartin.com\/es\/responsabilidad\/calidad\/\">Calidad<\/a><\/h3>\n<\/div>\n<\/div>\n<div class=\"col-md-4 mosaico-home borde-izquierda\">\n<div class=\"fondo-sostenibilidad-seguridad mosaico-escala mosaico-escala-int\">\n<h3><a class=\"d-flex justify-content-center flex-column\" href=\"https:\/\/www.villafloresmartin.com\/es\/responsabilidad\/seguridad\/\">Seguridad<\/a><\/h3>\n<\/div>\n<\/div>\n<\/div>\n<div class=\"row mt-4 mb-4\">\n<div class=\"col-md-3 mosaico-home borde-derecha\">\n<div class=\"fondo-sostenibilidad-responsabilidad mosaico-escala mosaico-escala-int\">\n<h3><a class=\"d-flex justify-content-center flex-column\" href=\"https:\/\/www.villafloresmartin.com\/es\/responsabilidad\/responsabilidad-social-corporativa\">Responsabilidad social corporativa<\/a><\/h3>\n<\/div>\n<\/div>\n<div class=\"col-md-3 mosaico-home borde-derecha-izquierda\">\n<div class=\"fondo-sostenibilidad-formacion mosaico-escala mosaico-escala-int\">\n<h3><a class=\"d-flex justify-content-center flex-column\" href=\"https:\/\/www.villafloresmartin.com\/es\/responsabilidad\/formacion\">Formaci\u00f3n<\/a><\/h3>\n<\/div>\n<\/div>\n<div class=\"col-md-3 mosaico-home borde-izquierda\">\n<div class=\"fondo-sostenibilidad-certificaciones mosaico-escala mosaico-escala-int\">\n<h3><a class=\"d-flex justify-content-center flex-column\" href=\"https:\/\/www.villafloresmartin.com\/es\/responsabilidad\/certificaciones\">Certificaciones<\/a><\/h3>\n<\/div>\n<\/div>\n<div class=\"col-md-3 mosaico-home borde-izquierda\">\n<div class=\"fondo-seguridad-pandemia mosaico-escala mosaico-escala-int\">\n<h3><a class=\"d-flex justify-content-center flex-column\" href=\"https:\/\/www.villafloresmartin.com\/es\/responsabilidad\/trabajo-seguro-en-pandemia\/\">Trabajo seguro en pandemia<\/a><\/h3>\n<\/div>\n<\/div>\n<\/div>\n<\/div>\n<\/div>\n","protected":false},"excerpt":{"rendered":"<p>Formaci\u00f3n La formaci\u00f3n supone una pieza indisoluble de Villa Flores Mart\u00edn. Y es que buena parte de nuestros recursos se destinan a ella. No obstante, cuando hablamos de formaci\u00f3n no nos referimos tan solo a la que le impartimos a nuestro propio personal, sino tambi\u00e9n a aquella que desarrollamos espec\u00edficamente para otras entidades o que [&#8230;]<\/p>\n<p><a class=\"btn btn-secondary understrap-read-more-link\" href=\"https:\/\/www.villafloresmartin.com\/es\/responsabilidad\/formacion\/\">Leer m\u00e1s&#8230;<\/a><\/p>\n","protected":false},"author":2,"featured_media":0,"parent":14,"menu_order":0,"comment_status":"closed","ping_status":"closed","template":"page-templates\/empty.php","meta":{"footnotes":""},"class_list":["post-529","page","type-page","status-publish","hentry"],"yoast_head":"<!-- This site is optimized with the Yoast SEO plugin v26.9 - https:\/\/yoast.com\/product\/yoast-seo-wordpress\/ -->\n<title>Formaci\u00f3n de Trabajadores de la Empresa Villa Flores Mart\u00edn<\/title>\n<meta name=\"description\" content=\"La formaci\u00f3n de nuestro personal se lleva a cabo por cuenta propia de la compa\u00f1\u00eda y de forma peri\u00f3dica para garantizar as\u00ed la actualizaci\u00f3n de conocimientos. De esta manera aseguramos un servicio plenamente adaptado a las necesidades del usuario. Intentamos ir un paso por delante, anticip\u00e1ndonos a tu demanda.\" \/>\n<meta name=\"robots\" content=\"index, follow, max-snippet:-1, max-image-preview:large, max-video-preview:-1\" \/>\n<link rel=\"canonical\" href=\"https:\/\/www.villafloresmartin.com\/es\/responsabilidad\/formacion\/\" \/>\n<meta property=\"og:locale\" content=\"es_ES\" \/>\n<meta property=\"og:type\" content=\"article\" \/>\n<meta property=\"og:title\" content=\"Formaci\u00f3n de Trabajadores de la Empresa Villa Flores Mart\u00edn\" \/>\n<meta property=\"og:description\" content=\"La formaci\u00f3n de nuestro personal se lleva a cabo por cuenta propia de la compa\u00f1\u00eda y de forma peri\u00f3dica para garantizar as\u00ed la actualizaci\u00f3n de conocimientos. De esta manera aseguramos un servicio plenamente adaptado a las necesidades del usuario. Intentamos ir un paso por delante, anticip\u00e1ndonos a tu demanda.\" \/>\n<meta property=\"og:url\" content=\"https:\/\/www.villafloresmartin.com\/es\/responsabilidad\/formacion\/\" \/>\n<meta property=\"og:site_name\" content=\"Villa Flores Mart\u00edn\" \/>\n<meta property=\"article:modified_time\" content=\"2021-06-10T11:11:51+00:00\" \/>\n<meta name=\"twitter:label1\" content=\"Tiempo de lectura\" \/>\n\t<meta name=\"twitter:data1\" content=\"4 minutos\" \/>\n<script type=\"application\/ld+json\" class=\"yoast-schema-graph\">{\"@context\":\"https:\/\/schema.org\",\"@graph\":[{\"@type\":\"WebPage\",\"@id\":\"https:\/\/www.villafloresmartin.com\/es\/responsabilidad\/formacion\/\",\"url\":\"https:\/\/www.villafloresmartin.com\/es\/responsabilidad\/formacion\/\",\"name\":\"Formaci\u00f3n de Trabajadores de la Empresa Villa Flores Mart\u00edn\",\"isPartOf\":{\"@id\":\"https:\/\/www.villafloresmartin.com\/es\/#website\"},\"datePublished\":\"2017-06-01T08:07:21+00:00\",\"dateModified\":\"2021-06-10T11:11:51+00:00\",\"description\":\"La formaci\u00f3n de nuestro personal se lleva a cabo por cuenta propia de la compa\u00f1\u00eda y de forma peri\u00f3dica para garantizar as\u00ed la actualizaci\u00f3n de conocimientos. De esta manera aseguramos un servicio plenamente adaptado a las necesidades del usuario. Intentamos ir un paso por delante, anticip\u00e1ndonos a tu demanda.\",\"breadcrumb\":{\"@id\":\"https:\/\/www.villafloresmartin.com\/es\/responsabilidad\/formacion\/#breadcrumb\"},\"inLanguage\":\"es\",\"potentialAction\":[{\"@type\":\"ReadAction\",\"target\":[\"https:\/\/www.villafloresmartin.com\/es\/responsabilidad\/formacion\/\"]}]},{\"@type\":\"BreadcrumbList\",\"@id\":\"https:\/\/www.villafloresmartin.com\/es\/responsabilidad\/formacion\/#breadcrumb\",\"itemListElement\":[{\"@type\":\"ListItem\",\"position\":1,\"name\":\"Portada\",\"item\":\"https:\/\/www.villafloresmartin.com\/es\/\"},{\"@type\":\"ListItem\",\"position\":2,\"name\":\"Responsabilidad\",\"item\":\"https:\/\/www.villafloresmartin.com\/es\/responsabilidad\/\"},{\"@type\":\"ListItem\",\"position\":3,\"name\":\"Formaci\u00f3n\"}]},{\"@type\":\"WebSite\",\"@id\":\"https:\/\/www.villafloresmartin.com\/es\/#website\",\"url\":\"https:\/\/www.villafloresmartin.com\/es\/\",\"name\":\"Villa Flores Mart\u00edn\",\"description\":\"\",\"potentialAction\":[{\"@type\":\"SearchAction\",\"target\":{\"@type\":\"EntryPoint\",\"urlTemplate\":\"https:\/\/www.villafloresmartin.com\/es\/?s={search_term_string}\"},\"query-input\":{\"@type\":\"PropertyValueSpecification\",\"valueRequired\":true,\"valueName\":\"search_term_string\"}}],\"inLanguage\":\"es\"}]}<\/script>\n<!-- \/ Yoast SEO plugin. -->","yoast_head_json":{"title":"Formaci\u00f3n de Trabajadores de la Empresa Villa Flores Mart\u00edn","description":"La formaci\u00f3n de nuestro personal se lleva a cabo por cuenta propia de la compa\u00f1\u00eda y de forma peri\u00f3dica para garantizar as\u00ed la actualizaci\u00f3n de conocimientos. De esta manera aseguramos un servicio plenamente adaptado a las necesidades del usuario. Intentamos ir un paso por delante, anticip\u00e1ndonos a tu demanda.","robots":{"index":"index","follow":"follow","max-snippet":"max-snippet:-1","max-image-preview":"max-image-preview:large","max-video-preview":"max-video-preview:-1"},"canonical":"https:\/\/www.villafloresmartin.com\/es\/responsabilidad\/formacion\/","og_locale":"es_ES","og_type":"article","og_title":"Formaci\u00f3n de Trabajadores de la Empresa Villa Flores Mart\u00edn","og_description":"La formaci\u00f3n de nuestro personal se lleva a cabo por cuenta propia de la compa\u00f1\u00eda y de forma peri\u00f3dica para garantizar as\u00ed la actualizaci\u00f3n de conocimientos. De esta manera aseguramos un servicio plenamente adaptado a las necesidades del usuario. Intentamos ir un paso por delante, anticip\u00e1ndonos a tu demanda.","og_url":"https:\/\/www.villafloresmartin.com\/es\/responsabilidad\/formacion\/","og_site_name":"Villa Flores Mart\u00edn","article_modified_time":"2021-06-10T11:11:51+00:00","twitter_misc":{"Tiempo de lectura":"4 minutos"},"schema":{"@context":"https:\/\/schema.org","@graph":[{"@type":"WebPage","@id":"https:\/\/www.villafloresmartin.com\/es\/responsabilidad\/formacion\/","url":"https:\/\/www.villafloresmartin.com\/es\/responsabilidad\/formacion\/","name":"Formaci\u00f3n de Trabajadores de la Empresa Villa Flores Mart\u00edn","isPartOf":{"@id":"https:\/\/www.villafloresmartin.com\/es\/#website"},"datePublished":"2017-06-01T08:07:21+00:00","dateModified":"2021-06-10T11:11:51+00:00","description":"La formaci\u00f3n de nuestro personal se lleva a cabo por cuenta propia de la compa\u00f1\u00eda y de forma peri\u00f3dica para garantizar as\u00ed la actualizaci\u00f3n de conocimientos. De esta manera aseguramos un servicio plenamente adaptado a las necesidades del usuario. Intentamos ir un paso por delante, anticip\u00e1ndonos a tu demanda.","breadcrumb":{"@id":"https:\/\/www.villafloresmartin.com\/es\/responsabilidad\/formacion\/#breadcrumb"},"inLanguage":"es","potentialAction":[{"@type":"ReadAction","target":["https:\/\/www.villafloresmartin.com\/es\/responsabilidad\/formacion\/"]}]},{"@type":"BreadcrumbList","@id":"https:\/\/www.villafloresmartin.com\/es\/responsabilidad\/formacion\/#breadcrumb","itemListElement":[{"@type":"ListItem","position":1,"name":"Portada","item":"https:\/\/www.villafloresmartin.com\/es\/"},{"@type":"ListItem","position":2,"name":"Responsabilidad","item":"https:\/\/www.villafloresmartin.com\/es\/responsabilidad\/"},{"@type":"ListItem","position":3,"name":"Formaci\u00f3n"}]},{"@type":"WebSite","@id":"https:\/\/www.villafloresmartin.com\/es\/#website","url":"https:\/\/www.villafloresmartin.com\/es\/","name":"Villa Flores Mart\u00edn","description":"","potentialAction":[{"@type":"SearchAction","target":{"@type":"EntryPoint","urlTemplate":"https:\/\/www.villafloresmartin.com\/es\/?s={search_term_string}"},"query-input":{"@type":"PropertyValueSpecification","valueRequired":true,"valueName":"search_term_string"}}],"inLanguage":"es"}]}},"_links":{"self":[{"href":"https:\/\/www.villafloresmartin.com\/es\/wp-json\/wp\/v2\/pages\/529","targetHints":{"allow":["GET"]}}],"collection":[{"href":"https:\/\/www.villafloresmartin.com\/es\/wp-json\/wp\/v2\/pages"}],"about":[{"href":"https:\/\/www.villafloresmartin.com\/es\/wp-json\/wp\/v2\/types\/page"}],"author":[{"embeddable":true,"href":"https:\/\/www.villafloresmartin.com\/es\/wp-json\/wp\/v2\/users\/2"}],"replies":[{"embeddable":true,"href":"https:\/\/www.villafloresmartin.com\/es\/wp-json\/wp\/v2\/comments?post=529"}],"version-history":[{"count":0,"href":"https:\/\/www.villafloresmartin.com\/es\/wp-json\/wp\/v2\/pages\/529\/revisions"}],"up":[{"embeddable":true,"href":"https:\/\/www.villafloresmartin.com\/es\/wp-json\/wp\/v2\/pages\/14"}],"wp:attachment":[{"href":"https:\/\/www.villafloresmartin.com\/es\/wp-json\/wp\/v2\/media?parent=529"}],"curies":[{"name":"wp","href":"https:\/\/api.w.org\/{rel}","templated":true}]}}