{"id":52,"date":"2017-04-06T15:14:48","date_gmt":"2017-04-06T13:14:48","guid":{"rendered":"https:\/\/www.villafloresmartin.com\/es\/?page_id=52"},"modified":"2022-04-11T10:10:58","modified_gmt":"2022-04-11T08:10:58","slug":"localizacion-ensayos-diagnosis-lineas-subterraneas-electricas","status":"publish","type":"page","link":"https:\/\/www.villafloresmartin.com\/es\/servicios\/localizacion-ensayos-diagnosis-lineas-subterraneas-electricas\/","title":{"rendered":"Localizaci\u00f3n, ensayos y diagnosis de l\u00edneas subterr\u00e1neas el\u00e9ctricas"},"content":{"rendered":"<p class=\"no-margin\"><img  title=\"Localizaci\u00f3n, ensayos y diagnosis de l\u00edneas subterr\u00e1neas el\u00e9ctricas - Villa Flores Mart\u00edn\" loading=\"lazy\" decoding=\"async\" class=\"aligncenter size-full wp-image-271 img-full\" src=\"https:\/\/www.villafloresmartin.com\/es\/wp-content\/uploads\/2017\/04\/localizacion-cabecera.jpg\"  alt=\"Localizaci\u00f3n, ensayos y diagnosis de l\u00edneas subterr\u00e1neas el\u00e9ctricas - Villa Flores Mart\u00edn\"  width=\"1600\" height=\"575\" srcset=\"https:\/\/www.villafloresmartin.com\/es\/wp-content\/uploads\/2017\/04\/localizacion-cabecera.jpg 1600w, https:\/\/www.villafloresmartin.com\/es\/wp-content\/uploads\/2017\/04\/localizacion-cabecera-300x108.jpg 300w, https:\/\/www.villafloresmartin.com\/es\/wp-content\/uploads\/2017\/04\/localizacion-cabecera-768x276.jpg 768w, https:\/\/www.villafloresmartin.com\/es\/wp-content\/uploads\/2017\/04\/localizacion-cabecera-1024x368.jpg 1024w\" sizes=\"auto, (max-width: 1600px) 100vw, 1600px\" \/><\/p>\n<h1 class=\"text-center mt-4 mb-4\">Localizaci\u00f3n, ensayos y diagnosis de l\u00edneas subterr\u00e1neas el\u00e9ctricas<\/h1>\n<div class=\"adorno-naranja\"><\/div>\n<div class=\"container mt-4 mb-4\">\n<div class=\"row\">\n<div class=\"col-md-12\">\n<div class=\"dos-columnas\">\n<p class=\"texto\">En los n\u00facleos urbanos predominan las l\u00edneas subterr\u00e1neas a la hora de ofrecer energ\u00eda el\u00e9ctrica a todos sus habitantes. Asimismo, estas no est\u00e1n libres de sufrir una aver\u00eda, con lo que en Villa Flores Mart\u00edn ofrecemos dos servicios fundamentales para su correcto funcionamiento: la localizaci\u00f3n de aver\u00edas, para ver d\u00f3nde est\u00e1n fallando, y la diagnosis, para comprobar si se encuentra en buen estado.<\/p>\n<p class=\"texto\">En Villa Flores Mart\u00edn contamos con los equipos profesionales m\u00e1s novedosos del mercado para que nuestros servicios de localizaci\u00f3n, ensayos y diagnosis de l\u00edneas subterr\u00e1neas el\u00e9ctricas sean los m\u00e1s eficaces.<\/p>\n<\/div>\n<\/div>\n<\/div>\n<\/div>\n<div class=\"row mt-4 mb-4\">\n<div class=\"col-md-4 quienes-somos-fondo-1\"><\/div>\n<div class=\"col-md-8 fondo-naranja padding-3\">\n<h2>\u00bfC\u00f3mo podemos ayudarte a mantener las l\u00edneas subterr\u00e1neas?<\/h2>\n<p class=\"texto\">En Villa Flores Mart\u00edn ofrecemos para nuestros clientes distintos servicios de localizaci\u00f3n, ensayos y diagnosis de l\u00edneas subterr\u00e1neas el\u00e9ctricas.<\/p>\n<ul>\n<li style=\"list-style-type: none;\"><\/li>\n<\/ul>\n<ul>\n<li style=\"list-style-type: none;\">\n<ul>\n<li><strong>Ensayos y diagnosis de aislamiento en l\u00edneas de AT, MT y BT:<\/strong><\/li>\n<\/ul>\n<\/li>\n<\/ul>\n<p class=\"texto\">Para asegurar que se pueda mantener el servicio de energ\u00eda, en Villa Flores Mart\u00edn realizamos ensayos de tensi\u00f3n con dos m\u00e9todos: tensi\u00f3n soportada a onda oscilante y el m\u00e9todo de descarga. Adem\u00e1s, realizamos el diagn\u00f3stico del aislamiento de cables subterr\u00e1neos de Baja, Media y Alta Tensi\u00f3n.<\/p>\n<ul>\n<li style=\"list-style-type: none;\">\n<ul>\n<li><strong>Localizaci\u00f3n de aver\u00edas en l\u00edneas subterr\u00e1neas de AT, MT y BT:<\/strong><\/li>\n<\/ul>\n<\/li>\n<\/ul>\n<p class=\"texto\">En Villa Flores Mart\u00edn contamos con un equipo novedoso y la utilizaci\u00f3n de las \u00faltimas t\u00e9cnicas actuales para localizar y reparar aver\u00edas en l\u00edneas subterr\u00e1neas de Baja, Media o Alta Tensi\u00f3n. Adem\u00e1s, el material utilizado para este tipo de servicios sirve para trazar l\u00edneas subterr\u00e1neas, llevar a cabo la identificaci\u00f3n de fases o conductores y la prelocalizaci\u00f3n de aver\u00edas, entre otros servicios.<\/p>\n<\/div>\n<\/div>\n<div class=\"container mt-4 mb-4\">\n<div class=\"row\">\n<div class=\"col-md-12\">\n<h2>Villa Flores Mart\u00edn, especialistas en localizaci\u00f3n, ensayos y diagnosis de l\u00edneas subterr\u00e1neas el\u00e9ctricas<\/h2>\n<p class=\"texto\">En Villa Flores Mart\u00edn conocemos la importancia de dar un servicio profesional en cuanto a localizaci\u00f3n, ensayos y diagnosis de l\u00edneas subterr\u00e1neas el\u00e9ctricas. Es por ello que contamos con el personal adecuado para llevarlo a cabo, junto con la tecnolog\u00eda m\u00e1s puntera. <\/p>\n<p class=\"texto\">Si necesitas m\u00e1s informaci\u00f3n sobre nuestros servicios, no olvides ponerte en contacto con nosotros. \u00a1Estaremos encantados de atenderte sin compromiso!<\/p>\n<\/div>\n<\/div>\n<\/div>\n<div class=\"row mt-4 mb-4\">\n<div class=\"col-md-6 mosaico-home borde-derecha\">\n<div class=\"fondo-localizacion-1 mosaico-escala\">\n<h3><a class=\"d-flex justify-content-center flex-column\" href=\"https:\/\/www.villafloresmartin.com\/es\/servicios\/localizacion-ensayos-diagnosis-lineas-subterraneas-electricas\/ensayos-diagnosis-aislamiento-lineas-at-mt-bt\/\">Ensayos y diagnosis de aislamiento en l\u00edneas de AT, MT y BT<\/a><\/h3>\n<\/div>\n<\/div>\n<div class=\"col-md-6 mosaico-home borde-izquierda\">\n<div class=\"fondo-localizacion-2 mosaico-escala\">\n<h3><a class=\"d-flex justify-content-center flex-column\" href=\"https:\/\/www.villafloresmartin.com\/es\/servicios\/localizacion-ensayos-diagnosis-lineas-subterraneas-electricas\/localizacion-averias-lineas-subterraneas-at-mt-bt\/\">Localizaci\u00f3n de aver\u00edas en l\u00edneas subterr\u00e1neas de AT, MT y BT<\/a><\/h3>\n<\/div>\n<\/div>\n<\/div>\n","protected":false},"excerpt":{"rendered":"<p>Localizaci\u00f3n, ensayos y diagnosis de l\u00edneas subterr\u00e1neas el\u00e9ctricas En los n\u00facleos urbanos predominan las l\u00edneas subterr\u00e1neas a la hora de ofrecer energ\u00eda el\u00e9ctrica a todos sus habitantes. Asimismo, estas no est\u00e1n libres de sufrir una aver\u00eda, con lo que en Villa Flores Mart\u00edn ofrecemos dos servicios fundamentales para su correcto funcionamiento: la localizaci\u00f3n de aver\u00edas, [&#8230;]<\/p>\n<p><a class=\"btn btn-secondary understrap-read-more-link\" href=\"https:\/\/www.villafloresmartin.com\/es\/servicios\/localizacion-ensayos-diagnosis-lineas-subterraneas-electricas\/\">Leer m\u00e1s&#8230;<\/a><\/p>\n","protected":false},"author":2,"featured_media":0,"parent":12,"menu_order":0,"comment_status":"closed","ping_status":"closed","template":"page-templates\/empty.php","meta":{"footnotes":""},"class_list":["post-52","page","type-page","status-publish","hentry"],"yoast_head":"<!-- This site is optimized with the Yoast SEO plugin v26.9 - https:\/\/yoast.com\/product\/yoast-seo-wordpress\/ -->\n<title>B\u00fasqueda Aver\u00eda Cable Media Tensi\u00f3n - Localizaci\u00f3n Aver\u00eda Cable Baja Tensi\u00f3n - Ensayo de L\u00ednea<\/title>\n<meta name=\"description\" content=\"La necesidad de mantener un servicio de energ\u00eda continuo y confiable, con un m\u00ednimo de interrupciones y que garantice la calidad de la asistencia a los clientes, requiere de la implementaci\u00f3n de tecnolog\u00edas que contribuyan al ensayo y al diagn\u00f3stico del aislamiento de cables subterr\u00e1neos de Baja, Media y Alta Tensi\u00f3n.\" \/>\n<meta name=\"robots\" content=\"index, follow, max-snippet:-1, max-image-preview:large, max-video-preview:-1\" \/>\n<link rel=\"canonical\" href=\"https:\/\/www.villafloresmartin.com\/es\/servicios\/localizacion-ensayos-diagnosis-lineas-subterraneas-electricas\/\" \/>\n<meta property=\"og:locale\" content=\"es_ES\" \/>\n<meta property=\"og:type\" content=\"article\" \/>\n<meta property=\"og:title\" content=\"B\u00fasqueda Aver\u00eda Cable Media Tensi\u00f3n - Localizaci\u00f3n Aver\u00eda Cable Baja Tensi\u00f3n - Ensayo de L\u00ednea\" \/>\n<meta property=\"og:description\" content=\"La necesidad de mantener un servicio de energ\u00eda continuo y confiable, con un m\u00ednimo de interrupciones y que garantice la calidad de la asistencia a los clientes, requiere de la implementaci\u00f3n de tecnolog\u00edas que contribuyan al ensayo y al diagn\u00f3stico del aislamiento de cables subterr\u00e1neos de Baja, Media y Alta Tensi\u00f3n.\" \/>\n<meta property=\"og:url\" content=\"https:\/\/www.villafloresmartin.com\/es\/servicios\/localizacion-ensayos-diagnosis-lineas-subterraneas-electricas\/\" \/>\n<meta property=\"og:site_name\" content=\"Villa Flores Mart\u00edn\" \/>\n<meta property=\"article:modified_time\" content=\"2022-04-11T08:10:58+00:00\" \/>\n<meta property=\"og:image\" content=\"https:\/\/www.villafloresmartin.com\/es\/wp-content\/uploads\/2017\/04\/localizacion-cabecera.jpg\" \/>\n<meta name=\"twitter:label1\" content=\"Tiempo de lectura\" \/>\n\t<meta name=\"twitter:data1\" content=\"2 minutos\" \/>\n<script type=\"application\/ld+json\" class=\"yoast-schema-graph\">{\"@context\":\"https:\/\/schema.org\",\"@graph\":[{\"@type\":\"WebPage\",\"@id\":\"https:\/\/www.villafloresmartin.com\/es\/servicios\/localizacion-ensayos-diagnosis-lineas-subterraneas-electricas\/\",\"url\":\"https:\/\/www.villafloresmartin.com\/es\/servicios\/localizacion-ensayos-diagnosis-lineas-subterraneas-electricas\/\",\"name\":\"B\u00fasqueda Aver\u00eda Cable Media Tensi\u00f3n - Localizaci\u00f3n Aver\u00eda Cable Baja Tensi\u00f3n - Ensayo de L\u00ednea\",\"isPartOf\":{\"@id\":\"https:\/\/www.villafloresmartin.com\/es\/#website\"},\"primaryImageOfPage\":{\"@id\":\"https:\/\/www.villafloresmartin.com\/es\/servicios\/localizacion-ensayos-diagnosis-lineas-subterraneas-electricas\/#primaryimage\"},\"image\":{\"@id\":\"https:\/\/www.villafloresmartin.com\/es\/servicios\/localizacion-ensayos-diagnosis-lineas-subterraneas-electricas\/#primaryimage\"},\"thumbnailUrl\":\"https:\/\/www.villafloresmartin.com\/es\/wp-content\/uploads\/2017\/04\/localizacion-cabecera.jpg\",\"datePublished\":\"2017-04-06T13:14:48+00:00\",\"dateModified\":\"2022-04-11T08:10:58+00:00\",\"description\":\"La necesidad de mantener un servicio de energ\u00eda continuo y confiable, con un m\u00ednimo de interrupciones y que garantice la calidad de la asistencia a los clientes, requiere de la implementaci\u00f3n de tecnolog\u00edas que contribuyan al ensayo y al diagn\u00f3stico del aislamiento de cables subterr\u00e1neos de Baja, Media y Alta Tensi\u00f3n.\",\"breadcrumb\":{\"@id\":\"https:\/\/www.villafloresmartin.com\/es\/servicios\/localizacion-ensayos-diagnosis-lineas-subterraneas-electricas\/#breadcrumb\"},\"inLanguage\":\"es\",\"potentialAction\":[{\"@type\":\"ReadAction\",\"target\":[\"https:\/\/www.villafloresmartin.com\/es\/servicios\/localizacion-ensayos-diagnosis-lineas-subterraneas-electricas\/\"]}]},{\"@type\":\"ImageObject\",\"inLanguage\":\"es\",\"@id\":\"https:\/\/www.villafloresmartin.com\/es\/servicios\/localizacion-ensayos-diagnosis-lineas-subterraneas-electricas\/#primaryimage\",\"url\":\"https:\/\/www.villafloresmartin.com\/es\/wp-content\/uploads\/2017\/04\/localizacion-cabecera.jpg\",\"contentUrl\":\"https:\/\/www.villafloresmartin.com\/es\/wp-content\/uploads\/2017\/04\/localizacion-cabecera.jpg\",\"width\":1600,\"height\":575},{\"@type\":\"BreadcrumbList\",\"@id\":\"https:\/\/www.villafloresmartin.com\/es\/servicios\/localizacion-ensayos-diagnosis-lineas-subterraneas-electricas\/#breadcrumb\",\"itemListElement\":[{\"@type\":\"ListItem\",\"position\":1,\"name\":\"Portada\",\"item\":\"https:\/\/www.villafloresmartin.com\/es\/\"},{\"@type\":\"ListItem\",\"position\":2,\"name\":\"Servicios\",\"item\":\"https:\/\/www.villafloresmartin.com\/es\/servicios\/\"},{\"@type\":\"ListItem\",\"position\":3,\"name\":\"Localizaci\u00f3n, ensayos y diagnosis de l\u00edneas subterr\u00e1neas el\u00e9ctricas\"}]},{\"@type\":\"WebSite\",\"@id\":\"https:\/\/www.villafloresmartin.com\/es\/#website\",\"url\":\"https:\/\/www.villafloresmartin.com\/es\/\",\"name\":\"Villa Flores Mart\u00edn\",\"description\":\"\",\"potentialAction\":[{\"@type\":\"SearchAction\",\"target\":{\"@type\":\"EntryPoint\",\"urlTemplate\":\"https:\/\/www.villafloresmartin.com\/es\/?s={search_term_string}\"},\"query-input\":{\"@type\":\"PropertyValueSpecification\",\"valueRequired\":true,\"valueName\":\"search_term_string\"}}],\"inLanguage\":\"es\"}]}<\/script>\n<!-- \/ Yoast SEO plugin. -->","yoast_head_json":{"title":"B\u00fasqueda Aver\u00eda Cable Media Tensi\u00f3n - Localizaci\u00f3n Aver\u00eda Cable Baja Tensi\u00f3n - Ensayo de L\u00ednea","description":"La necesidad de mantener un servicio de energ\u00eda continuo y confiable, con un m\u00ednimo de interrupciones y que garantice la calidad de la asistencia a los clientes, requiere de la implementaci\u00f3n de tecnolog\u00edas que contribuyan al ensayo y al diagn\u00f3stico del aislamiento de cables subterr\u00e1neos de Baja, Media y Alta Tensi\u00f3n.","robots":{"index":"index","follow":"follow","max-snippet":"max-snippet:-1","max-image-preview":"max-image-preview:large","max-video-preview":"max-video-preview:-1"},"canonical":"https:\/\/www.villafloresmartin.com\/es\/servicios\/localizacion-ensayos-diagnosis-lineas-subterraneas-electricas\/","og_locale":"es_ES","og_type":"article","og_title":"B\u00fasqueda Aver\u00eda Cable Media Tensi\u00f3n - Localizaci\u00f3n Aver\u00eda Cable Baja Tensi\u00f3n - Ensayo de L\u00ednea","og_description":"La necesidad de mantener un servicio de energ\u00eda continuo y confiable, con un m\u00ednimo de interrupciones y que garantice la calidad de la asistencia a los clientes, requiere de la implementaci\u00f3n de tecnolog\u00edas que contribuyan al ensayo y al diagn\u00f3stico del aislamiento de cables subterr\u00e1neos de Baja, Media y Alta Tensi\u00f3n.","og_url":"https:\/\/www.villafloresmartin.com\/es\/servicios\/localizacion-ensayos-diagnosis-lineas-subterraneas-electricas\/","og_site_name":"Villa Flores Mart\u00edn","article_modified_time":"2022-04-11T08:10:58+00:00","og_image":[{"url":"https:\/\/www.villafloresmartin.com\/es\/wp-content\/uploads\/2017\/04\/localizacion-cabecera.jpg","type":"","width":"","height":""}],"twitter_misc":{"Tiempo de lectura":"2 minutos"},"schema":{"@context":"https:\/\/schema.org","@graph":[{"@type":"WebPage","@id":"https:\/\/www.villafloresmartin.com\/es\/servicios\/localizacion-ensayos-diagnosis-lineas-subterraneas-electricas\/","url":"https:\/\/www.villafloresmartin.com\/es\/servicios\/localizacion-ensayos-diagnosis-lineas-subterraneas-electricas\/","name":"B\u00fasqueda Aver\u00eda Cable Media Tensi\u00f3n - Localizaci\u00f3n Aver\u00eda Cable Baja Tensi\u00f3n - Ensayo de L\u00ednea","isPartOf":{"@id":"https:\/\/www.villafloresmartin.com\/es\/#website"},"primaryImageOfPage":{"@id":"https:\/\/www.villafloresmartin.com\/es\/servicios\/localizacion-ensayos-diagnosis-lineas-subterraneas-electricas\/#primaryimage"},"image":{"@id":"https:\/\/www.villafloresmartin.com\/es\/servicios\/localizacion-ensayos-diagnosis-lineas-subterraneas-electricas\/#primaryimage"},"thumbnailUrl":"https:\/\/www.villafloresmartin.com\/es\/wp-content\/uploads\/2017\/04\/localizacion-cabecera.jpg","datePublished":"2017-04-06T13:14:48+00:00","dateModified":"2022-04-11T08:10:58+00:00","description":"La necesidad de mantener un servicio de energ\u00eda continuo y confiable, con un m\u00ednimo de interrupciones y que garantice la calidad de la asistencia a los clientes, requiere de la implementaci\u00f3n de tecnolog\u00edas que contribuyan al ensayo y al diagn\u00f3stico del aislamiento de cables subterr\u00e1neos de Baja, Media y Alta Tensi\u00f3n.","breadcrumb":{"@id":"https:\/\/www.villafloresmartin.com\/es\/servicios\/localizacion-ensayos-diagnosis-lineas-subterraneas-electricas\/#breadcrumb"},"inLanguage":"es","potentialAction":[{"@type":"ReadAction","target":["https:\/\/www.villafloresmartin.com\/es\/servicios\/localizacion-ensayos-diagnosis-lineas-subterraneas-electricas\/"]}]},{"@type":"ImageObject","inLanguage":"es","@id":"https:\/\/www.villafloresmartin.com\/es\/servicios\/localizacion-ensayos-diagnosis-lineas-subterraneas-electricas\/#primaryimage","url":"https:\/\/www.villafloresmartin.com\/es\/wp-content\/uploads\/2017\/04\/localizacion-cabecera.jpg","contentUrl":"https:\/\/www.villafloresmartin.com\/es\/wp-content\/uploads\/2017\/04\/localizacion-cabecera.jpg","width":1600,"height":575},{"@type":"BreadcrumbList","@id":"https:\/\/www.villafloresmartin.com\/es\/servicios\/localizacion-ensayos-diagnosis-lineas-subterraneas-electricas\/#breadcrumb","itemListElement":[{"@type":"ListItem","position":1,"name":"Portada","item":"https:\/\/www.villafloresmartin.com\/es\/"},{"@type":"ListItem","position":2,"name":"Servicios","item":"https:\/\/www.villafloresmartin.com\/es\/servicios\/"},{"@type":"ListItem","position":3,"name":"Localizaci\u00f3n, ensayos y diagnosis de l\u00edneas subterr\u00e1neas el\u00e9ctricas"}]},{"@type":"WebSite","@id":"https:\/\/www.villafloresmartin.com\/es\/#website","url":"https:\/\/www.villafloresmartin.com\/es\/","name":"Villa Flores Mart\u00edn","description":"","potentialAction":[{"@type":"SearchAction","target":{"@type":"EntryPoint","urlTemplate":"https:\/\/www.villafloresmartin.com\/es\/?s={search_term_string}"},"query-input":{"@type":"PropertyValueSpecification","valueRequired":true,"valueName":"search_term_string"}}],"inLanguage":"es"}]}},"_links":{"self":[{"href":"https:\/\/www.villafloresmartin.com\/es\/wp-json\/wp\/v2\/pages\/52","targetHints":{"allow":["GET"]}}],"collection":[{"href":"https:\/\/www.villafloresmartin.com\/es\/wp-json\/wp\/v2\/pages"}],"about":[{"href":"https:\/\/www.villafloresmartin.com\/es\/wp-json\/wp\/v2\/types\/page"}],"author":[{"embeddable":true,"href":"https:\/\/www.villafloresmartin.com\/es\/wp-json\/wp\/v2\/users\/2"}],"replies":[{"embeddable":true,"href":"https:\/\/www.villafloresmartin.com\/es\/wp-json\/wp\/v2\/comments?post=52"}],"version-history":[{"count":0,"href":"https:\/\/www.villafloresmartin.com\/es\/wp-json\/wp\/v2\/pages\/52\/revisions"}],"up":[{"embeddable":true,"href":"https:\/\/www.villafloresmartin.com\/es\/wp-json\/wp\/v2\/pages\/12"}],"wp:attachment":[{"href":"https:\/\/www.villafloresmartin.com\/es\/wp-json\/wp\/v2\/media?parent=52"}],"curies":[{"name":"wp","href":"https:\/\/api.w.org\/{rel}","templated":true}]}}