{"id":50,"date":"2017-04-06T15:14:34","date_gmt":"2017-04-06T13:14:34","guid":{"rendered":"https:\/\/www.villafloresmartin.com\/es\/?page_id=50"},"modified":"2022-03-11T10:32:25","modified_gmt":"2022-03-11T09:32:25","slug":"redes-distribucion-alta-media-baja-tension","status":"publish","type":"page","link":"https:\/\/www.villafloresmartin.com\/es\/servicios\/redes-distribucion-alta-media-baja-tension\/","title":{"rendered":"Redes de distribuci\u00f3n de alta, media y baja tensi\u00f3n"},"content":{"rendered":"<p class=\"no-margin\"><img  title=\"Redes de distribuci\u00f3n de alta, media y baja tensi\u00f3n - Villa Flores Mart\u00edn\" loading=\"lazy\" decoding=\"async\" class=\"aligncenter size-full wp-image-700 img-full\" src=\"https:\/\/www.villafloresmartin.com\/es\/wp-content\/uploads\/2017\/04\/redes-distribucion-cabecera.jpg\"  alt=\"Redes de distribuci\u00f3n de alta, media y baja tensi\u00f3n - Villa Flores Mart\u00edn\"  width=\"974\" height=\"350\" srcset=\"https:\/\/www.villafloresmartin.com\/es\/wp-content\/uploads\/2017\/04\/redes-distribucion-cabecera.jpg 974w, https:\/\/www.villafloresmartin.com\/es\/wp-content\/uploads\/2017\/04\/redes-distribucion-cabecera-300x108.jpg 300w, https:\/\/www.villafloresmartin.com\/es\/wp-content\/uploads\/2017\/04\/redes-distribucion-cabecera-768x276.jpg 768w\" sizes=\"auto, (max-width: 974px) 100vw, 974px\" \/><\/p>\n<h1 class=\"entry-title text-center mt-4 mb-4\">Redes de distribuci\u00f3n de alta, media y baja tensi\u00f3n<\/h1>\n<div class=\"adorno-naranja\"><\/div>\n<div class=\"container mt-4 mb-4\">\n<div class=\"row\">\n<div class=\"col-md-12\">\n<div class=\"dos-columnas\">\n<p class=\"texto\">La energ\u00eda el\u00e9ctrica es una necesidad. Sin ella, realizar cada una de las labores diarias se volver\u00eda muy complicado. Como en Villa Flores Mart\u00edn (VFM) somos conscientes de ello, te ofrecemos el servicio de redes de distribuci\u00f3n de alta, media y baja tensi\u00f3n m\u00e1s especializado del mercado y de mayor calidad. As\u00ed, contar\u00e1s con un sistema el\u00e9ctrico eficiente y duradero.<\/p>\n<p class=\"texto\">Por ello, queremos presentarte las \u00e1reas que abarca nuestro servicio, para que sepas con qu\u00e9 puedes contar al confiar en el trabajo de VFM.<\/p>\n<\/div>\n<\/div>\n<\/div>\n<\/div>\n<div class=\"row mt-4 mb-4\">\n<div class=\"col-md-4 quienes-somos-fondo-1\"><\/div>\n<div class=\"col-md-8 fondo-naranja padding-3\">\n<h2>\u00bfQu\u00e9 ofrecemos en VFM?<\/h2>\n<p class=\"texto\">En cuanto a redes de distribuci\u00f3n de alta, media y baja tensi\u00f3n, contamos con un servicio amplio que cubre diferentes \u00e1reas, donde destacamos:<\/p>\n<ul>\n<li style=\"list-style-type: none;\">\n<ul>\n<li><a style=\"color: #fff;\" href=\"https:\/\/www.villafloresmartin.com\/es\/servicios\/redes-distribucion-alta-media-baja-tension\/lineas-aereas-subterraneas-alta-media-baja-tension\/\"><strong>L\u00edneas a\u00e9reas y subterr\u00e1neas de alta, media y baja tensi\u00f3n.<\/strong><\/a><\/li>\n<\/ul>\n<\/li>\n<\/ul>\n<p class=\"texto\">Dentro de este servicio nos complace ofrecer todo el paquete disponible, desde l\u00edneas de alta, media y baja tensi\u00f3n para obras completamente nuevas, hasta el mantenimiento de las l\u00edneas de ese tipo que ya existen, tanto a\u00e9reas como subterr\u00e1neas.<\/p>\n<p class=\"texto\">Tambi\u00e9n trabajamos con provisional de obras, desv\u00edos y nuevas acometidas, haciendo adem\u00e1s todos los tr\u00e1mites legales pertinentes para cada trabajo el\u00e9ctrico.<\/p>\n<p class=\"texto\">Para cumplir con todo ello contamos con el personal m\u00e1s cualificado, que tiene la experiencia necesaria acumulada durante a\u00f1os y puede ofrecer una asesor\u00eda experta en el \u00e1rea y acabados de alta capacidad y eficiencia.<\/p>\n<ul>\n<li style=\"list-style-type: none;\">\n<ul>\n<li><a style=\"color: #fff;\" href=\"https:\/\/www.villafloresmartin.com\/es\/servicios\/redes-distribucion-alta-media-baja-tension\/centros-de-transformacion\/\"><strong>Centros de transformaci\u00f3n.<\/strong><\/a><\/li>\n<\/ul>\n<\/li>\n<\/ul>\n<p class=\"texto\">Para cubrir todos los aspectos posibles, tambi\u00e9n nos encargamos de ofrecer un servicio de montaje, mantenimiento completo y resoluci\u00f3n de aver\u00edas en los centros de transformaci\u00f3n. El mantenimiento es una obligaci\u00f3n del titular de la instalaci\u00f3n, por lo que en Villa Flores Mart\u00edn llevamos a cabo la revisi\u00f3n de estos centros en conformidad con la ITC-RAT-22 del R.D 337\/2014, de 9 de mayo. Como empresa mantenedora, cumplimos con los requisitos legales necesarios para llevar a cabo esta actividad: estamos habilitados en alta tensi\u00f3n por la Junta de Andaluc\u00eda y disponemos de un equipo cualificado. M\u00e1s informaci\u00f3n <a href=\"https:\/\/www.villafloresmartin.com\/es\/cuando-se-debe-realizar-el-mantenimiento-y-revision-de-centros-de-transformacion-de-energia-electrica\/\">aqu\u00ed<\/a>.<\/p>\n<p class=\"texto\">Trat\u00e1ndose de un trabajo de sumo cuidado, empleamos para ello tecnolog\u00eda de vanguardia que asegura un \u00f3ptimo resultado.<\/p>\n<ul>\n<li style=\"list-style-type: none;\">\n<ul>\n<li><a style=\"color: #fff;\" href=\"https:\/\/www.villafloresmartin.com\/es\/servicios\/redes-distribucion-alta-media-baja-tension\/reparacion-averias-electricas\/\"><strong>Reparaci\u00f3n de aver\u00edas el\u00e9ctricas.<\/strong><\/a><\/li>\n<\/ul>\n<\/li>\n<\/ul>\n<p class=\"texto\">Nuestro servicio no se limita a la instalaci\u00f3n de nuevas redes el\u00e9ctricas, tambi\u00e9n ofrecemos un servicio especializado en la reparaci\u00f3n de las redes existentes las 24 horas los 365 d\u00edas al a\u00f1o.<\/p>\n<p class=\"texto\">Con este servicio, buscamos actuar de la forma m\u00e1s eficiente para resolver la aver\u00eda r\u00e1pidamente y para que el tiempo de interrupci\u00f3n del suministro sea el m\u00ednimo.<\/p>\n<\/div>\n<\/div>\n<div class=\"container mt-4 mb-4\">\n<div class=\"row\">\n<div class=\"col-md-12\">\n<h2>VFM: especializados en distribuci\u00f3n de energ\u00eda el\u00e9ctrica<\/h2>\n<p class=\"texto\">En VFM somos una empresa dedicada a ofrecer los mejores servicios de distribuci\u00f3n de redes el\u00e9ctricas, utilizando tecnolog\u00eda punta para todos los procesos relacionados con la misma.<\/p>\n<p class=\"texto\">\u00a1No lo pienses m\u00e1s! Contacta con nosotros y obt\u00e9n las redes de distribuci\u00f3n de alta, media y baja tensi\u00f3n con las mejores caracter\u00edsticas del mercado en la provincia de Sevilla<\/p>\n<\/div>\n<\/div>\n<\/div>\n<div class=\"row mt-4 mb-4\">\n<div class=\"col-md-4 mosaico-home borde-derecha\">\n<div class=\"fondo-redes-1 mosaico-escala\">\n<h3><a class=\"d-flex justify-content-center flex-column\" href=\"https:\/\/www.villafloresmartin.com\/es\/servicios\/redes-distribucion-alta-media-baja-tension\/lineas-aereas-subterraneas-alta-media-baja-tension\/\">L\u00edneas a\u00e9reas y subterr\u00e1neas de alta, media y baja tensi\u00f3n<\/a><\/h3>\n<\/div>\n<\/div>\n<div class=\"col-md-4 mosaico-home borde-derecha-izquierda\">\n<div class=\"fondo-redes-2 mosaico-escala\">\n<h3><a class=\"d-flex justify-content-center flex-column\" href=\"https:\/\/www.villafloresmartin.com\/es\/servicios\/redes-distribucion-alta-media-baja-tension\/centros-de-transformacion\/\">Centros de transformaci\u00f3n<\/a><\/h3>\n<\/div>\n<\/div>\n<div class=\"col-md-4 mosaico-home borde-izquierda\">\n<div class=\"fondo-redes-3 mosaico-escala\">\n<h3><a class=\"d-flex justify-content-center flex-column\" href=\"https:\/\/www.villafloresmartin.com\/es\/servicios\/redes-distribucion-alta-media-baja-tension\/reparacion-averias-electricas\/\">Reparaci\u00f3n de aver\u00edas el\u00e9ctricas<\/a><\/h3>\n<\/div>\n<\/div>\n<\/div>\n","protected":false},"excerpt":{"rendered":"<p>Redes de distribuci\u00f3n de alta, media y baja tensi\u00f3n La energ\u00eda el\u00e9ctrica es una necesidad. Sin ella, realizar cada una de las labores diarias se volver\u00eda muy complicado. Como en Villa Flores Mart\u00edn (VFM) somos conscientes de ello, te ofrecemos el servicio de redes de distribuci\u00f3n de alta, media y baja tensi\u00f3n m\u00e1s especializado del [&#8230;]<\/p>\n<p><a class=\"btn btn-secondary understrap-read-more-link\" href=\"https:\/\/www.villafloresmartin.com\/es\/servicios\/redes-distribucion-alta-media-baja-tension\/\">Leer m\u00e1s&#8230;<\/a><\/p>\n","protected":false},"author":2,"featured_media":0,"parent":12,"menu_order":0,"comment_status":"closed","ping_status":"closed","template":"page-templates\/empty.php","meta":{"footnotes":""},"class_list":["post-50","page","type-page","status-publish","hentry"],"yoast_head":"<!-- This site is optimized with the Yoast SEO plugin v26.9 - https:\/\/yoast.com\/product\/yoast-seo-wordpress\/ -->\n<title>Redes de distribuci\u00f3n de alta, media y baja tensi\u00f3n - Villa Flores Mart\u00edn<\/title>\n<meta name=\"description\" content=\"En Villa Flores Mart\u00edn (VFM) llevamos m\u00e1s de 30 a\u00f1os dedicados a la distribuci\u00f3n el\u00e9ctrica. Esta amplia trayectoria nos ha servido para especializarnos en el dise\u00f1o y en la construcci\u00f3n de l\u00edneas a\u00e9reas y subterr\u00e1neas.\" \/>\n<meta name=\"robots\" content=\"index, follow, max-snippet:-1, max-image-preview:large, max-video-preview:-1\" \/>\n<link rel=\"canonical\" href=\"https:\/\/www.villafloresmartin.com\/es\/servicios\/redes-distribucion-alta-media-baja-tension\/\" \/>\n<meta property=\"og:locale\" content=\"es_ES\" \/>\n<meta property=\"og:type\" content=\"article\" \/>\n<meta property=\"og:title\" content=\"Redes de distribuci\u00f3n de alta, media y baja tensi\u00f3n - Villa Flores Mart\u00edn\" \/>\n<meta property=\"og:description\" content=\"En Villa Flores Mart\u00edn (VFM) llevamos m\u00e1s de 30 a\u00f1os dedicados a la distribuci\u00f3n el\u00e9ctrica. Esta amplia trayectoria nos ha servido para especializarnos en el dise\u00f1o y en la construcci\u00f3n de l\u00edneas a\u00e9reas y subterr\u00e1neas.\" \/>\n<meta property=\"og:url\" content=\"https:\/\/www.villafloresmartin.com\/es\/servicios\/redes-distribucion-alta-media-baja-tension\/\" \/>\n<meta property=\"og:site_name\" content=\"Villa Flores Mart\u00edn\" \/>\n<meta property=\"article:modified_time\" content=\"2022-03-11T09:32:25+00:00\" \/>\n<meta property=\"og:image\" content=\"https:\/\/www.villafloresmartin.com\/es\/wp-content\/uploads\/2017\/04\/redes-distribucion-cabecera.jpg\" \/>\n<meta name=\"twitter:label1\" content=\"Tiempo de lectura\" \/>\n\t<meta name=\"twitter:data1\" content=\"3 minutos\" \/>\n<script type=\"application\/ld+json\" class=\"yoast-schema-graph\">{\"@context\":\"https:\/\/schema.org\",\"@graph\":[{\"@type\":\"WebPage\",\"@id\":\"https:\/\/www.villafloresmartin.com\/es\/servicios\/redes-distribucion-alta-media-baja-tension\/\",\"url\":\"https:\/\/www.villafloresmartin.com\/es\/servicios\/redes-distribucion-alta-media-baja-tension\/\",\"name\":\"Redes de distribuci\u00f3n de alta, media y baja tensi\u00f3n - Villa Flores Mart\u00edn\",\"isPartOf\":{\"@id\":\"https:\/\/www.villafloresmartin.com\/es\/#website\"},\"primaryImageOfPage\":{\"@id\":\"https:\/\/www.villafloresmartin.com\/es\/servicios\/redes-distribucion-alta-media-baja-tension\/#primaryimage\"},\"image\":{\"@id\":\"https:\/\/www.villafloresmartin.com\/es\/servicios\/redes-distribucion-alta-media-baja-tension\/#primaryimage\"},\"thumbnailUrl\":\"https:\/\/www.villafloresmartin.com\/es\/wp-content\/uploads\/2017\/04\/redes-distribucion-cabecera.jpg\",\"datePublished\":\"2017-04-06T13:14:34+00:00\",\"dateModified\":\"2022-03-11T09:32:25+00:00\",\"description\":\"En Villa Flores Mart\u00edn (VFM) llevamos m\u00e1s de 30 a\u00f1os dedicados a la distribuci\u00f3n el\u00e9ctrica. Esta amplia trayectoria nos ha servido para especializarnos en el dise\u00f1o y en la construcci\u00f3n de l\u00edneas a\u00e9reas y subterr\u00e1neas.\",\"breadcrumb\":{\"@id\":\"https:\/\/www.villafloresmartin.com\/es\/servicios\/redes-distribucion-alta-media-baja-tension\/#breadcrumb\"},\"inLanguage\":\"es\",\"potentialAction\":[{\"@type\":\"ReadAction\",\"target\":[\"https:\/\/www.villafloresmartin.com\/es\/servicios\/redes-distribucion-alta-media-baja-tension\/\"]}]},{\"@type\":\"ImageObject\",\"inLanguage\":\"es\",\"@id\":\"https:\/\/www.villafloresmartin.com\/es\/servicios\/redes-distribucion-alta-media-baja-tension\/#primaryimage\",\"url\":\"https:\/\/www.villafloresmartin.com\/es\/wp-content\/uploads\/2017\/04\/redes-distribucion-cabecera.jpg\",\"contentUrl\":\"https:\/\/www.villafloresmartin.com\/es\/wp-content\/uploads\/2017\/04\/redes-distribucion-cabecera.jpg\",\"width\":974,\"height\":350},{\"@type\":\"BreadcrumbList\",\"@id\":\"https:\/\/www.villafloresmartin.com\/es\/servicios\/redes-distribucion-alta-media-baja-tension\/#breadcrumb\",\"itemListElement\":[{\"@type\":\"ListItem\",\"position\":1,\"name\":\"Portada\",\"item\":\"https:\/\/www.villafloresmartin.com\/es\/\"},{\"@type\":\"ListItem\",\"position\":2,\"name\":\"Servicios\",\"item\":\"https:\/\/www.villafloresmartin.com\/es\/servicios\/\"},{\"@type\":\"ListItem\",\"position\":3,\"name\":\"Redes de distribuci\u00f3n de alta, media y baja tensi\u00f3n\"}]},{\"@type\":\"WebSite\",\"@id\":\"https:\/\/www.villafloresmartin.com\/es\/#website\",\"url\":\"https:\/\/www.villafloresmartin.com\/es\/\",\"name\":\"Villa Flores Mart\u00edn\",\"description\":\"\",\"potentialAction\":[{\"@type\":\"SearchAction\",\"target\":{\"@type\":\"EntryPoint\",\"urlTemplate\":\"https:\/\/www.villafloresmartin.com\/es\/?s={search_term_string}\"},\"query-input\":{\"@type\":\"PropertyValueSpecification\",\"valueRequired\":true,\"valueName\":\"search_term_string\"}}],\"inLanguage\":\"es\"}]}<\/script>\n<!-- \/ Yoast SEO plugin. -->","yoast_head_json":{"title":"Redes de distribuci\u00f3n de alta, media y baja tensi\u00f3n - Villa Flores Mart\u00edn","description":"En Villa Flores Mart\u00edn (VFM) llevamos m\u00e1s de 30 a\u00f1os dedicados a la distribuci\u00f3n el\u00e9ctrica. Esta amplia trayectoria nos ha servido para especializarnos en el dise\u00f1o y en la construcci\u00f3n de l\u00edneas a\u00e9reas y subterr\u00e1neas.","robots":{"index":"index","follow":"follow","max-snippet":"max-snippet:-1","max-image-preview":"max-image-preview:large","max-video-preview":"max-video-preview:-1"},"canonical":"https:\/\/www.villafloresmartin.com\/es\/servicios\/redes-distribucion-alta-media-baja-tension\/","og_locale":"es_ES","og_type":"article","og_title":"Redes de distribuci\u00f3n de alta, media y baja tensi\u00f3n - Villa Flores Mart\u00edn","og_description":"En Villa Flores Mart\u00edn (VFM) llevamos m\u00e1s de 30 a\u00f1os dedicados a la distribuci\u00f3n el\u00e9ctrica. Esta amplia trayectoria nos ha servido para especializarnos en el dise\u00f1o y en la construcci\u00f3n de l\u00edneas a\u00e9reas y subterr\u00e1neas.","og_url":"https:\/\/www.villafloresmartin.com\/es\/servicios\/redes-distribucion-alta-media-baja-tension\/","og_site_name":"Villa Flores Mart\u00edn","article_modified_time":"2022-03-11T09:32:25+00:00","og_image":[{"url":"https:\/\/www.villafloresmartin.com\/es\/wp-content\/uploads\/2017\/04\/redes-distribucion-cabecera.jpg","type":"","width":"","height":""}],"twitter_misc":{"Tiempo de lectura":"3 minutos"},"schema":{"@context":"https:\/\/schema.org","@graph":[{"@type":"WebPage","@id":"https:\/\/www.villafloresmartin.com\/es\/servicios\/redes-distribucion-alta-media-baja-tension\/","url":"https:\/\/www.villafloresmartin.com\/es\/servicios\/redes-distribucion-alta-media-baja-tension\/","name":"Redes de distribuci\u00f3n de alta, media y baja tensi\u00f3n - Villa Flores Mart\u00edn","isPartOf":{"@id":"https:\/\/www.villafloresmartin.com\/es\/#website"},"primaryImageOfPage":{"@id":"https:\/\/www.villafloresmartin.com\/es\/servicios\/redes-distribucion-alta-media-baja-tension\/#primaryimage"},"image":{"@id":"https:\/\/www.villafloresmartin.com\/es\/servicios\/redes-distribucion-alta-media-baja-tension\/#primaryimage"},"thumbnailUrl":"https:\/\/www.villafloresmartin.com\/es\/wp-content\/uploads\/2017\/04\/redes-distribucion-cabecera.jpg","datePublished":"2017-04-06T13:14:34+00:00","dateModified":"2022-03-11T09:32:25+00:00","description":"En Villa Flores Mart\u00edn (VFM) llevamos m\u00e1s de 30 a\u00f1os dedicados a la distribuci\u00f3n el\u00e9ctrica. Esta amplia trayectoria nos ha servido para especializarnos en el dise\u00f1o y en la construcci\u00f3n de l\u00edneas a\u00e9reas y subterr\u00e1neas.","breadcrumb":{"@id":"https:\/\/www.villafloresmartin.com\/es\/servicios\/redes-distribucion-alta-media-baja-tension\/#breadcrumb"},"inLanguage":"es","potentialAction":[{"@type":"ReadAction","target":["https:\/\/www.villafloresmartin.com\/es\/servicios\/redes-distribucion-alta-media-baja-tension\/"]}]},{"@type":"ImageObject","inLanguage":"es","@id":"https:\/\/www.villafloresmartin.com\/es\/servicios\/redes-distribucion-alta-media-baja-tension\/#primaryimage","url":"https:\/\/www.villafloresmartin.com\/es\/wp-content\/uploads\/2017\/04\/redes-distribucion-cabecera.jpg","contentUrl":"https:\/\/www.villafloresmartin.com\/es\/wp-content\/uploads\/2017\/04\/redes-distribucion-cabecera.jpg","width":974,"height":350},{"@type":"BreadcrumbList","@id":"https:\/\/www.villafloresmartin.com\/es\/servicios\/redes-distribucion-alta-media-baja-tension\/#breadcrumb","itemListElement":[{"@type":"ListItem","position":1,"name":"Portada","item":"https:\/\/www.villafloresmartin.com\/es\/"},{"@type":"ListItem","position":2,"name":"Servicios","item":"https:\/\/www.villafloresmartin.com\/es\/servicios\/"},{"@type":"ListItem","position":3,"name":"Redes de distribuci\u00f3n de alta, media y baja tensi\u00f3n"}]},{"@type":"WebSite","@id":"https:\/\/www.villafloresmartin.com\/es\/#website","url":"https:\/\/www.villafloresmartin.com\/es\/","name":"Villa Flores Mart\u00edn","description":"","potentialAction":[{"@type":"SearchAction","target":{"@type":"EntryPoint","urlTemplate":"https:\/\/www.villafloresmartin.com\/es\/?s={search_term_string}"},"query-input":{"@type":"PropertyValueSpecification","valueRequired":true,"valueName":"search_term_string"}}],"inLanguage":"es"}]}},"_links":{"self":[{"href":"https:\/\/www.villafloresmartin.com\/es\/wp-json\/wp\/v2\/pages\/50","targetHints":{"allow":["GET"]}}],"collection":[{"href":"https:\/\/www.villafloresmartin.com\/es\/wp-json\/wp\/v2\/pages"}],"about":[{"href":"https:\/\/www.villafloresmartin.com\/es\/wp-json\/wp\/v2\/types\/page"}],"author":[{"embeddable":true,"href":"https:\/\/www.villafloresmartin.com\/es\/wp-json\/wp\/v2\/users\/2"}],"replies":[{"embeddable":true,"href":"https:\/\/www.villafloresmartin.com\/es\/wp-json\/wp\/v2\/comments?post=50"}],"version-history":[{"count":0,"href":"https:\/\/www.villafloresmartin.com\/es\/wp-json\/wp\/v2\/pages\/50\/revisions"}],"up":[{"embeddable":true,"href":"https:\/\/www.villafloresmartin.com\/es\/wp-json\/wp\/v2\/pages\/12"}],"wp:attachment":[{"href":"https:\/\/www.villafloresmartin.com\/es\/wp-json\/wp\/v2\/media?parent=50"}],"curies":[{"name":"wp","href":"https:\/\/api.w.org\/{rel}","templated":true}]}}