{"id":48,"date":"2017-04-06T15:14:20","date_gmt":"2017-04-06T13:14:20","guid":{"rendered":"https:\/\/www.villafloresmartin.com\/es\/?page_id=48"},"modified":"2023-08-29T13:06:59","modified_gmt":"2023-08-29T11:06:59","slug":"ingenieria-y-proyectos","status":"publish","type":"page","link":"https:\/\/www.villafloresmartin.com\/es\/servicios\/ingenieria-y-proyectos\/","title":{"rendered":"Ingenier\u00eda y proyectos"},"content":{"rendered":"<p class=\"no-margin\"><img  title=\"Ingenier\u00eda y proyectos - Villa Flores Mart\u00edn\" loading=\"lazy\" decoding=\"async\" class=\"aligncenter size-full wp-image-169 img-full\" src=\"https:\/\/www.villafloresmartin.com\/es\/wp-content\/uploads\/2017\/04\/ingenieria-cabecera.jpg\"  alt=\"Ingenier\u00eda y proyectos - Villa Flores Mart\u00edn\"  width=\"1600\" height=\"575\" srcset=\"https:\/\/www.villafloresmartin.com\/es\/wp-content\/uploads\/2017\/04\/ingenieria-cabecera.jpg 1600w, https:\/\/www.villafloresmartin.com\/es\/wp-content\/uploads\/2017\/04\/ingenieria-cabecera-300x108.jpg 300w, https:\/\/www.villafloresmartin.com\/es\/wp-content\/uploads\/2017\/04\/ingenieria-cabecera-768x276.jpg 768w, https:\/\/www.villafloresmartin.com\/es\/wp-content\/uploads\/2017\/04\/ingenieria-cabecera-1024x368.jpg 1024w\" sizes=\"auto, (max-width: 1600px) 100vw, 1600px\" \/><\/p>\n<h1 class=\"text-center mt-4 mb-4\">Ingenier\u00eda y proyectos<\/h1>\n<div class=\"adorno-naranja\"><\/div>\n<div class=\"container mt-4 mb-4\">\n<div class=\"row\">\n<div class=\"col-md-12\">\n<div class=\"dos-columnas\">\n<p class=\"texto\">Ser conscientes del reto que implica la ejecuci\u00f3n de un proyecto de electricidad y trazar los planes que permitan alcanzar un <strong>resultado eficiente y de calidad<\/strong> debe ser la labor m\u00e1s importante de una empresa, y en Villa Flores Mart\u00edn (VFM) nos esforzamos siempre d\u00e1ndole el valor que merece.<\/p>\n<p class=\"texto\">Nuestro <strong>equipo de profesionales<\/strong> se encarga de analizar cada proyecto con el fin de presentar un plan preciso que contemple cada uno de los recursos a ser empleados y las metas que queremos alcanzar para satisfacer a nuestros clientes. Adem\u00e1s, consideramos y cuidamos el medioambiente y las necesidades del entorno social.<\/p>\n<\/div>\n<\/div>\n<\/div>\n<\/div>\n<div class=\"row mt-4 mb-4\">\n<div class=\"col-md-4 quienes-somos-fondo-1\"><\/div>\n<div class=\"col-md-8 fondo-naranja padding-3\">\n<h2>\u00bfQu\u00e9 involucra la <strong>ingenier\u00eda<\/strong> y los proyectos en VFM?<\/h2>\n<p class=\"texto\">Nuestro trabajo de ingenier\u00eda consiste en establecer cada uno de los recursos necesarios en la ejecuci\u00f3n de los <strong>diferentes proyectos<\/strong> el\u00e9ctricos.<\/p>\n<p class=\"texto\">Para ello, ofrecemos dos servicios de gran inter\u00e9s:<\/p>\n<ul>\n<li style=\"list-style-type: none;\"><\/li>\n<\/ul>\n<ul>\n<li style=\"list-style-type: none;\">\n<ul>\n<li><strong>Proyectos, estudios y certificado final de obras:<\/strong><\/li>\n<\/ul>\n<\/li>\n<\/ul>\n<p class=\"texto\">Nuestro Departamento de Oficina T\u00e9cnica, especialista en ingenier\u00eda el\u00e9ctrica, realizar\u00e1 los proyectos y estudios de instalaciones, adem\u00e1s de la emisi\u00f3n del certificado final de la obra.<\/p>\n<ul>\n<li style=\"list-style-type: none;\">\n<ul>\n<li><strong>Gestiones administrativas y tramitaciones:<\/strong><\/li>\n<\/ul>\n<\/li>\n<\/ul>\n<p class=\"texto\">El mismo departamento tramitar\u00e1 a los clientes los expedientes que se requieran para la ejecuci\u00f3n y puesta en marcha de servicios de instalaci\u00f3n el\u00e9ctrica. Algunas de ellas son las tramitaciones en el ayuntamiento para la licencia de obra y las autorizaciones en distintos organismos.<\/p>\n<\/div>\n<\/div>\n<div class=\"container mt-4 mb-4\">\n<div class=\"row\">\n<div class=\"col-md-12\">\n<h2>En VFM, nuestros proyectos nos representan<\/h2>\n<p class=\"texto\">En <strong>VFM<\/strong> estamos orgullosos de lo que hemos logrado en m\u00e1s de <strong>40 a\u00f1os de experiencia<\/strong>, porque nuestros proyectos son dignos representantes de nuestro trabajo, orientados siempre a la satisfacci\u00f3n de las necesidades b\u00e1sicas del entorno, procurando un respeto por el medio y los ciudadanos.<\/p>\n<p class=\"texto\">Hemos alcanzado las <strong>certificaciones de mayor prestigio<\/strong> que garantizan proyectos de calidad y, gracias a nuestro <strong>equipo multidisciplinario de profesionales<\/strong>, estar\u00e1s en manos cualificadas y expertas que te asegurar\u00e1 ingenio y dedicaci\u00f3n en todos los proyectos que contrates con nosotros.<\/p>\n<\/div>\n<\/div>\n<\/div>\n<div class=\"row mt-4 mb-4\">\n<div class=\"col-md-6 mosaico-home borde-derecha\">\n<div class=\"fondo-ingenieria-1 mosaico-escala\">\n<h3><a class=\"d-flex justify-content-center flex-column\" href=\"https:\/\/www.villafloresmartin.com\/es\/servicios\/ingenieria-y-proyectos\/proyectos-estudios-certificado-final-obra\/\">Proyectos, estudios y certificado final de obra<\/a><\/h3>\n<\/div>\n<\/div>\n<div class=\"col-md-6 mosaico-home borde-izquierda\">\n<div class=\"fondo-ingenieria-2 mosaico-escala\">\n<h3><a class=\"d-flex justify-content-center flex-column\" href=\"https:\/\/www.villafloresmartin.com\/es\/servicios\/ingenieria-y-proyectos\/gestiones-administrativas-tramitaciones\/\">Gestiones administrativas y tramitaciones<\/a><\/h3>\n<\/div>\n<\/div>\n<\/div>\n","protected":false},"excerpt":{"rendered":"<p>Ingenier\u00eda y proyectos Ser conscientes del reto que implica la ejecuci\u00f3n de un proyecto de electricidad y trazar los planes que permitan alcanzar un resultado eficiente y de calidad debe ser la labor m\u00e1s importante de una empresa, y en Villa Flores Mart\u00edn (VFM) nos esforzamos siempre d\u00e1ndole el valor que merece. Nuestro equipo de [&#8230;]<\/p>\n<p><a class=\"btn btn-secondary understrap-read-more-link\" href=\"https:\/\/www.villafloresmartin.com\/es\/servicios\/ingenieria-y-proyectos\/\">Leer m\u00e1s&#8230;<\/a><\/p>\n","protected":false},"author":2,"featured_media":0,"parent":12,"menu_order":0,"comment_status":"closed","ping_status":"closed","template":"page-templates\/empty.php","meta":{"footnotes":""},"class_list":["post-48","page","type-page","status-publish","hentry"],"yoast_head":"<!-- This site is optimized with the Yoast SEO plugin v26.9 - https:\/\/yoast.com\/product\/yoast-seo-wordpress\/ -->\n<title>Proyectos de acometida baja tensi\u00f3n - Levantamientos topogr\u00e1ficos de L\u00edneas a\u00e9reas - Proyectos l\u00ednea subterr\u00e1nea media tensi\u00f3n<\/title>\n<meta name=\"description\" content=\"Villa Flores Mart\u00edn (VFM) cuenta con un Departamento de Oficina T\u00e9cnica formado por un cualificado equipo de ingenieros t\u00e9cnicos especializados en la rama de la ingenier\u00eda el\u00e9ctrica. Nuestro personal te tramitar\u00e1 de manera eficaz y eficiente cualquier expediente requerido.\" \/>\n<meta name=\"robots\" content=\"index, follow, max-snippet:-1, max-image-preview:large, max-video-preview:-1\" \/>\n<link rel=\"canonical\" href=\"https:\/\/www.villafloresmartin.com\/es\/servicios\/ingenieria-y-proyectos\/\" \/>\n<meta property=\"og:locale\" content=\"es_ES\" \/>\n<meta property=\"og:type\" content=\"article\" \/>\n<meta property=\"og:title\" content=\"Proyectos de acometida baja tensi\u00f3n - Levantamientos topogr\u00e1ficos de L\u00edneas a\u00e9reas - Proyectos l\u00ednea subterr\u00e1nea media tensi\u00f3n\" \/>\n<meta property=\"og:description\" content=\"Villa Flores Mart\u00edn (VFM) cuenta con un Departamento de Oficina T\u00e9cnica formado por un cualificado equipo de ingenieros t\u00e9cnicos especializados en la rama de la ingenier\u00eda el\u00e9ctrica. Nuestro personal te tramitar\u00e1 de manera eficaz y eficiente cualquier expediente requerido.\" \/>\n<meta property=\"og:url\" content=\"https:\/\/www.villafloresmartin.com\/es\/servicios\/ingenieria-y-proyectos\/\" \/>\n<meta property=\"og:site_name\" content=\"Villa Flores Mart\u00edn\" \/>\n<meta property=\"article:modified_time\" content=\"2023-08-29T11:06:59+00:00\" \/>\n<meta property=\"og:image\" content=\"https:\/\/www.villafloresmartin.com\/es\/wp-content\/uploads\/2017\/04\/ingenieria-cabecera.jpg\" \/>\n<meta name=\"twitter:label1\" content=\"Tiempo de lectura\" \/>\n\t<meta name=\"twitter:data1\" content=\"2 minutos\" \/>\n<script type=\"application\/ld+json\" class=\"yoast-schema-graph\">{\"@context\":\"https:\/\/schema.org\",\"@graph\":[{\"@type\":\"WebPage\",\"@id\":\"https:\/\/www.villafloresmartin.com\/es\/servicios\/ingenieria-y-proyectos\/\",\"url\":\"https:\/\/www.villafloresmartin.com\/es\/servicios\/ingenieria-y-proyectos\/\",\"name\":\"Proyectos de acometida baja tensi\u00f3n - Levantamientos topogr\u00e1ficos de L\u00edneas a\u00e9reas - Proyectos l\u00ednea subterr\u00e1nea media tensi\u00f3n\",\"isPartOf\":{\"@id\":\"https:\/\/www.villafloresmartin.com\/es\/#website\"},\"primaryImageOfPage\":{\"@id\":\"https:\/\/www.villafloresmartin.com\/es\/servicios\/ingenieria-y-proyectos\/#primaryimage\"},\"image\":{\"@id\":\"https:\/\/www.villafloresmartin.com\/es\/servicios\/ingenieria-y-proyectos\/#primaryimage\"},\"thumbnailUrl\":\"https:\/\/www.villafloresmartin.com\/es\/wp-content\/uploads\/2017\/04\/ingenieria-cabecera.jpg\",\"datePublished\":\"2017-04-06T13:14:20+00:00\",\"dateModified\":\"2023-08-29T11:06:59+00:00\",\"description\":\"Villa Flores Mart\u00edn (VFM) cuenta con un Departamento de Oficina T\u00e9cnica formado por un cualificado equipo de ingenieros t\u00e9cnicos especializados en la rama de la ingenier\u00eda el\u00e9ctrica. Nuestro personal te tramitar\u00e1 de manera eficaz y eficiente cualquier expediente requerido.\",\"breadcrumb\":{\"@id\":\"https:\/\/www.villafloresmartin.com\/es\/servicios\/ingenieria-y-proyectos\/#breadcrumb\"},\"inLanguage\":\"es\",\"potentialAction\":[{\"@type\":\"ReadAction\",\"target\":[\"https:\/\/www.villafloresmartin.com\/es\/servicios\/ingenieria-y-proyectos\/\"]}]},{\"@type\":\"ImageObject\",\"inLanguage\":\"es\",\"@id\":\"https:\/\/www.villafloresmartin.com\/es\/servicios\/ingenieria-y-proyectos\/#primaryimage\",\"url\":\"https:\/\/www.villafloresmartin.com\/es\/wp-content\/uploads\/2017\/04\/ingenieria-cabecera.jpg\",\"contentUrl\":\"https:\/\/www.villafloresmartin.com\/es\/wp-content\/uploads\/2017\/04\/ingenieria-cabecera.jpg\",\"width\":1600,\"height\":575},{\"@type\":\"BreadcrumbList\",\"@id\":\"https:\/\/www.villafloresmartin.com\/es\/servicios\/ingenieria-y-proyectos\/#breadcrumb\",\"itemListElement\":[{\"@type\":\"ListItem\",\"position\":1,\"name\":\"Portada\",\"item\":\"https:\/\/www.villafloresmartin.com\/es\/\"},{\"@type\":\"ListItem\",\"position\":2,\"name\":\"Servicios\",\"item\":\"https:\/\/www.villafloresmartin.com\/es\/servicios\/\"},{\"@type\":\"ListItem\",\"position\":3,\"name\":\"Ingenier\u00eda y proyectos\"}]},{\"@type\":\"WebSite\",\"@id\":\"https:\/\/www.villafloresmartin.com\/es\/#website\",\"url\":\"https:\/\/www.villafloresmartin.com\/es\/\",\"name\":\"Villa Flores Mart\u00edn\",\"description\":\"\",\"potentialAction\":[{\"@type\":\"SearchAction\",\"target\":{\"@type\":\"EntryPoint\",\"urlTemplate\":\"https:\/\/www.villafloresmartin.com\/es\/?s={search_term_string}\"},\"query-input\":{\"@type\":\"PropertyValueSpecification\",\"valueRequired\":true,\"valueName\":\"search_term_string\"}}],\"inLanguage\":\"es\"}]}<\/script>\n<!-- \/ Yoast SEO plugin. -->","yoast_head_json":{"title":"Proyectos de acometida baja tensi\u00f3n - Levantamientos topogr\u00e1ficos de L\u00edneas a\u00e9reas - Proyectos l\u00ednea subterr\u00e1nea media tensi\u00f3n","description":"Villa Flores Mart\u00edn (VFM) cuenta con un Departamento de Oficina T\u00e9cnica formado por un cualificado equipo de ingenieros t\u00e9cnicos especializados en la rama de la ingenier\u00eda el\u00e9ctrica. Nuestro personal te tramitar\u00e1 de manera eficaz y eficiente cualquier expediente requerido.","robots":{"index":"index","follow":"follow","max-snippet":"max-snippet:-1","max-image-preview":"max-image-preview:large","max-video-preview":"max-video-preview:-1"},"canonical":"https:\/\/www.villafloresmartin.com\/es\/servicios\/ingenieria-y-proyectos\/","og_locale":"es_ES","og_type":"article","og_title":"Proyectos de acometida baja tensi\u00f3n - Levantamientos topogr\u00e1ficos de L\u00edneas a\u00e9reas - Proyectos l\u00ednea subterr\u00e1nea media tensi\u00f3n","og_description":"Villa Flores Mart\u00edn (VFM) cuenta con un Departamento de Oficina T\u00e9cnica formado por un cualificado equipo de ingenieros t\u00e9cnicos especializados en la rama de la ingenier\u00eda el\u00e9ctrica. Nuestro personal te tramitar\u00e1 de manera eficaz y eficiente cualquier expediente requerido.","og_url":"https:\/\/www.villafloresmartin.com\/es\/servicios\/ingenieria-y-proyectos\/","og_site_name":"Villa Flores Mart\u00edn","article_modified_time":"2023-08-29T11:06:59+00:00","og_image":[{"url":"https:\/\/www.villafloresmartin.com\/es\/wp-content\/uploads\/2017\/04\/ingenieria-cabecera.jpg","type":"","width":"","height":""}],"twitter_misc":{"Tiempo de lectura":"2 minutos"},"schema":{"@context":"https:\/\/schema.org","@graph":[{"@type":"WebPage","@id":"https:\/\/www.villafloresmartin.com\/es\/servicios\/ingenieria-y-proyectos\/","url":"https:\/\/www.villafloresmartin.com\/es\/servicios\/ingenieria-y-proyectos\/","name":"Proyectos de acometida baja tensi\u00f3n - Levantamientos topogr\u00e1ficos de L\u00edneas a\u00e9reas - Proyectos l\u00ednea subterr\u00e1nea media tensi\u00f3n","isPartOf":{"@id":"https:\/\/www.villafloresmartin.com\/es\/#website"},"primaryImageOfPage":{"@id":"https:\/\/www.villafloresmartin.com\/es\/servicios\/ingenieria-y-proyectos\/#primaryimage"},"image":{"@id":"https:\/\/www.villafloresmartin.com\/es\/servicios\/ingenieria-y-proyectos\/#primaryimage"},"thumbnailUrl":"https:\/\/www.villafloresmartin.com\/es\/wp-content\/uploads\/2017\/04\/ingenieria-cabecera.jpg","datePublished":"2017-04-06T13:14:20+00:00","dateModified":"2023-08-29T11:06:59+00:00","description":"Villa Flores Mart\u00edn (VFM) cuenta con un Departamento de Oficina T\u00e9cnica formado por un cualificado equipo de ingenieros t\u00e9cnicos especializados en la rama de la ingenier\u00eda el\u00e9ctrica. Nuestro personal te tramitar\u00e1 de manera eficaz y eficiente cualquier expediente requerido.","breadcrumb":{"@id":"https:\/\/www.villafloresmartin.com\/es\/servicios\/ingenieria-y-proyectos\/#breadcrumb"},"inLanguage":"es","potentialAction":[{"@type":"ReadAction","target":["https:\/\/www.villafloresmartin.com\/es\/servicios\/ingenieria-y-proyectos\/"]}]},{"@type":"ImageObject","inLanguage":"es","@id":"https:\/\/www.villafloresmartin.com\/es\/servicios\/ingenieria-y-proyectos\/#primaryimage","url":"https:\/\/www.villafloresmartin.com\/es\/wp-content\/uploads\/2017\/04\/ingenieria-cabecera.jpg","contentUrl":"https:\/\/www.villafloresmartin.com\/es\/wp-content\/uploads\/2017\/04\/ingenieria-cabecera.jpg","width":1600,"height":575},{"@type":"BreadcrumbList","@id":"https:\/\/www.villafloresmartin.com\/es\/servicios\/ingenieria-y-proyectos\/#breadcrumb","itemListElement":[{"@type":"ListItem","position":1,"name":"Portada","item":"https:\/\/www.villafloresmartin.com\/es\/"},{"@type":"ListItem","position":2,"name":"Servicios","item":"https:\/\/www.villafloresmartin.com\/es\/servicios\/"},{"@type":"ListItem","position":3,"name":"Ingenier\u00eda y proyectos"}]},{"@type":"WebSite","@id":"https:\/\/www.villafloresmartin.com\/es\/#website","url":"https:\/\/www.villafloresmartin.com\/es\/","name":"Villa Flores Mart\u00edn","description":"","potentialAction":[{"@type":"SearchAction","target":{"@type":"EntryPoint","urlTemplate":"https:\/\/www.villafloresmartin.com\/es\/?s={search_term_string}"},"query-input":{"@type":"PropertyValueSpecification","valueRequired":true,"valueName":"search_term_string"}}],"inLanguage":"es"}]}},"_links":{"self":[{"href":"https:\/\/www.villafloresmartin.com\/es\/wp-json\/wp\/v2\/pages\/48","targetHints":{"allow":["GET"]}}],"collection":[{"href":"https:\/\/www.villafloresmartin.com\/es\/wp-json\/wp\/v2\/pages"}],"about":[{"href":"https:\/\/www.villafloresmartin.com\/es\/wp-json\/wp\/v2\/types\/page"}],"author":[{"embeddable":true,"href":"https:\/\/www.villafloresmartin.com\/es\/wp-json\/wp\/v2\/users\/2"}],"replies":[{"embeddable":true,"href":"https:\/\/www.villafloresmartin.com\/es\/wp-json\/wp\/v2\/comments?post=48"}],"version-history":[{"count":1,"href":"https:\/\/www.villafloresmartin.com\/es\/wp-json\/wp\/v2\/pages\/48\/revisions"}],"predecessor-version":[{"id":2370,"href":"https:\/\/www.villafloresmartin.com\/es\/wp-json\/wp\/v2\/pages\/48\/revisions\/2370"}],"up":[{"embeddable":true,"href":"https:\/\/www.villafloresmartin.com\/es\/wp-json\/wp\/v2\/pages\/12"}],"wp:attachment":[{"href":"https:\/\/www.villafloresmartin.com\/es\/wp-json\/wp\/v2\/media?parent=48"}],"curies":[{"name":"wp","href":"https:\/\/api.w.org\/{rel}","templated":true}]}}