{"id":430,"date":"2017-05-29T17:53:07","date_gmt":"2017-05-29T15:53:07","guid":{"rendered":"https:\/\/www.villafloresmartin.com\/es\/?page_id=430"},"modified":"2025-04-28T10:23:26","modified_gmt":"2025-04-28T08:23:26","slug":"aviso-legal","status":"publish","type":"page","link":"https:\/\/www.villafloresmartin.com\/es\/aviso-legal\/","title":{"rendered":"Aviso legal"},"content":{"rendered":"<p class=\"no-margin\"><img  title=\"Aviso legal - Villa Flores Mart\u00edn\" loading=\"lazy\" decoding=\"async\" class=\"aligncenter size-full wp-image-688 img-full\" src=\"https:\/\/www.villafloresmartin.com\/es\/wp-content\/uploads\/2017\/04\/quienes-somos-cabecera.jpg\"  alt=\"Aviso legal - Villa Flores Mart\u00edn\"  width=\"1600\" height=\"575\" srcset=\"https:\/\/www.villafloresmartin.com\/es\/wp-content\/uploads\/2017\/04\/quienes-somos-cabecera.jpg 1600w, https:\/\/www.villafloresmartin.com\/es\/wp-content\/uploads\/2017\/04\/quienes-somos-cabecera-300x108.jpg 300w, https:\/\/www.villafloresmartin.com\/es\/wp-content\/uploads\/2017\/04\/quienes-somos-cabecera-768x276.jpg 768w, https:\/\/www.villafloresmartin.com\/es\/wp-content\/uploads\/2017\/04\/quienes-somos-cabecera-1024x368.jpg 1024w\" sizes=\"auto, (max-width: 1600px) 100vw, 1600px\" \/><\/p>\n<h1 class=\"text-center mt-4 mb-4\">Aviso legal<\/h1>\n<div class=\"adorno-naranja\"><\/div>\n<div class=\"container mt-4 mb-4\">\n<p><span style=\"font-weight: 400;\">En cumplimiento con el deber de informaci\u00f3n recogido en art\u00edculo 10 de la Ley 34\/2002, de 11 de julio, de Servicios de la Sociedad de la Informaci\u00f3n y del Comercio Electr\u00f3nico, a continuaci\u00f3n se reflejan los siguientes datos:<\/span><\/p>\n<h3><\/h3>\n<h3><\/h3>\n<h3><span style=\"font-weight: 400;\">Informaci\u00f3n legal:<\/span><\/h3>\n<p><span style=\"font-weight: 400;\">VILLA FLORES MARTIN, MONTAJES, OBRAS Y SERVICIOS, S.A.<\/span><\/p>\n<p><b>Domicilio Social<\/b><span style=\"font-weight: 400;\"><br \/>\n<\/span><span style=\"font-weight: 400;\">C\/ ABASTO, 21 AUTOV\u00cdA A4, KM 521<\/span><span style=\"font-weight: 400;\"><br \/>\n<\/span><span style=\"font-weight: 400;\">41410 CARMONA (SEVILLA)<\/span><span style=\"font-weight: 400;\"><br \/>\n<\/span><span style=\"font-weight: 400;\">CIF: A41091927<\/span><\/p>\n<p><b>Tel\u00e9fono de Contacto:<\/b><span style=\"font-weight: 400;\"><br \/>\n<\/span><a href=\"tel:+34955545242\"><span style=\"font-weight: 400;\">955 545 242<\/span><\/a><\/p>\n<p><span style=\"font-weight: 400;\">Correo electr\u00f3nico:<\/span><span style=\"font-weight: 400;\"><br \/>\n<\/span><span style=\"font-weight: 400;\">info@villafloresmartin.com<\/span><\/p>\n<p><span style=\"font-weight: 400;\">El presente Aviso Legal regula el acceso y uso de los diversos contenidos e informaci\u00f3n incluidos o accesibles a trav\u00e9s del sitio web www.villafloresmartin.com (en adelante, el sitio web), titularidad de Villa Flores Mart\u00edn, Montajes, Obras y Servicios S.A (en adelante, VFM) <\/span><span style=\"font-weight: 400;\">empresa perteneciente al Grupo Veolia.<\/span><span style=\"font-weight: 400;\"> Por la mera utilizaci\u00f3n del sitio web usted adquiere la condici\u00f3n de usuario. La utilizaci\u00f3n del sitio web y de cualquiera de los servicios del mismo significa su aceptaci\u00f3n como usuario, sin reservas de ninguna clase, de todas y cada una de las presentes condiciones generales as\u00ed como a las condiciones particulares que, en su caso, rijan.<\/span><\/p>\n<p>&nbsp;<\/p>\n<h3><\/h3>\n<h3><\/h3>\n<h3><span style=\"font-weight: 400;\">I. T\u00c9RMINOS Y CONDICIONES <\/span><span style=\"font-weight: 400;\">GENERALES<\/span><span style=\"font-weight: 400;\"> DE ACCESO Y USO DE LA P\u00c1GINA WEB OBLIGACIONES DEL USUARIO<\/span><\/h3>\n<p>&nbsp;<\/p>\n<ol>\n<li><span style=\"font-weight: 400;\"> El usuario se obliga, con car\u00e1cter general, a utilizar el sitio web as\u00ed como los contenidos, servicios e informaci\u00f3n vinculados al mismo de forma diligente, de conformidad con la ley, la moral, el orden p\u00fablico y lo dispuesto en este Aviso Legal, debiendo, asimismo, abstenerse de utilizarlos en cualquier forma que pueda impedir el normal funcionamiento y disfrute por parte de los usuarios del sitio web de los contenidos del mismo, o que pudiera lesionar o causar da\u00f1os a los bienes y derechos de VFM, de sus proveedores, usuarios o, en general, de cualquier tercero.<\/span><\/li>\n<\/ol>\n<p><span style=\"font-weight: 400;\">M\u00e1s en particular, pero sin que esta enumeraci\u00f3n l\u00edmite el alcance general de la obligaci\u00f3n dispuesta en el p\u00e1rrafo anterior, el usuario se obliga en la utilizaci\u00f3n del sitio web y de los servicios vinculados al mismo, a:<\/span><\/p>\n<p><span style=\"font-weight: 400;\">a) No introducir, almacenar o difundir mediante el sitio web o a trav\u00e9s de cualquiera de los servicios vinculados al mismo ning\u00fan programa de ordenador, dato, virus, c\u00f3digo, o cualquier otro instrumento o dispositivo electr\u00f3nico que sea susceptible de causar da\u00f1os en el sitio web, en cualquiera de los servicios vinculados al mismo o en cualesquiera equipos, sistemas o redes de VFM, de cualquier usuario, de sus proveedores o en general de cualquier tercero, o que de otra forma sea capaz de causarles cualquier tipo de alteraci\u00f3n o impedir el normal funcionamiento del mismo.<\/span><\/p>\n<p><span style=\"font-weight: 400;\">b) No utilizar identidades falsas, ni suplantar la identidad de otros en la utilizaci\u00f3n del sitio web o de cualquiera de los servicios vinculados al mismo, incluyendo la utilizaci\u00f3n en su caso de contrase\u00f1as o claves de acceso de terceros o de cualquier otra forma.<\/span><\/p>\n<p><span style=\"font-weight: 400;\">c) No destruir, alterar, inutilizar o da\u00f1ar los datos, informaciones, programas o documentos electr\u00f3nicos de VFM, de sus proveedores o de terceros.<\/span><\/p>\n<p><span style=\"font-weight: 400;\">d) No utilizar los contenidos y en particular la informaci\u00f3n obtenida a trav\u00e9s del sitio web para remitir publicidad, enviar mensajes con fines comerciales, ni para recoger o almacenar datos personales de terceros.<\/span><\/p>\n<h3><span style=\"font-weight: 400;\">PROPIEDAD<\/span><span style=\"font-weight: 400;\"> INTELECTUAL E INDUSTRIAL<\/span><\/h3>\n<ol start=\"2\">\n<li><span style=\"font-weight: 400;\"> El usuario reconoce que todos los elementos del sitio web, la informaci\u00f3n y materiales contenidos en el mismo, la estructura, selecci\u00f3n, ordenaci\u00f3n y presentaci\u00f3n de sus contenidos y los programas de ordenador utilizados en relaci\u00f3n con el mismo est\u00e1n protegidos por derechos de propiedad intelectual e industrial de la propia VFM o de terceros.<\/span><\/li>\n<li><span style=\"font-weight: 400;\"> Salvo que fuera autorizado por VFM o, en su caso, por los terceros titulares de los derechos correspondientes, o a menos que ello resulte legalmente permitido, el usuario no podr\u00e1 copiar, reproducir, transformar, modificar, desensamblar, realizar ingenier\u00eda inversa, distribuir, alquilar, prestar, poner a disposici\u00f3n o permitir el acceso al p\u00fablico a trav\u00e9s de cualquier modalidad de comunicaci\u00f3n p\u00fablica de ninguno de los elementos del sitio web.<\/span><\/li>\n<li><span style=\"font-weight: 400;\"> El usuario deber\u00e1 abstenerse de suprimir los signos identificativos de los derechos (de propiedad intelectual, industrial o cualquier otro) de VFM o de los terceros que figuren en el sitio web y en los contenidos ofrecidos a trav\u00e9s de \u00e9l.<\/span><\/li>\n<li><span style=\"font-weight: 400;\"> Asimismo, el usuario deber\u00e1 abstenerse de eludir o manipular cualesquiera dispositivos t\u00e9cnicos establecidos por VFM o por terceros, ya sea en el sitio web, en cualquiera de los materiales, elementos o informaci\u00f3n obtenidos a trav\u00e9s del mismo, para la protecci\u00f3n de sus derechos.<\/span><\/li>\n<\/ol>\n<h3><span style=\"font-weight: 400;\">EXCLUSI\u00d3N DE <\/span><span style=\"font-weight: 400;\">GARANT\u00cdAS<\/span><\/h3>\n<ol start=\"6\">\n<li><span style=\"font-weight: 400;\"> El usuario consiente que VFM <\/span><span style=\"font-weight: 400;\">como empresa del Grupo Veolia<\/span><span style=\"font-weight: 400;\">, pueda dirigirle comunicaciones comerciales referidas a sus productos o servicios bien por correo electr\u00f3nico, por correo postal o por cualquier otro medio. <\/span><span style=\"font-weight: 400;\">El tratamiento de sus datos personales para estas comunicaciones se realizar\u00e1 de conformidad con la Pol\u00edtica de Privacidad de Veolia, disponible en <\/span><a href=\"https:\/\/www.veolia.es\/politica-privacidad\"><span style=\"font-weight: 400;\">https:\/\/www.veolia.es\/politica-privacidad<\/span><\/a><span style=\"font-weight: 400;\">. Puede solicitar en cualquier momento el cese en el env\u00edo de dichas comunicaciones a trav\u00e9s de los canales indicados en dicha pol\u00edtica.<\/span><\/li>\n<\/ol>\n<h3><span style=\"font-weight: 400;\">COMUNICACIONES<\/span><\/h3>\n<ol start=\"7\">\n<li><span style=\"font-weight: 400;\"> VFM se compromete a llevar a cabo todos los esfuerzos necesarios para garantizar la disponibilidad y continuidad del sitio web as\u00ed como de los servicios vinculados al mismo. No obstante, VFM no puede garantizar que el sitio web y los servicios vinculados al mismo funcionen correctamente en todo momento, que el usuario pueda acceder a ellos y utilizarlos de forma r\u00e1pida, ininterrumpida y libre de errores.<\/span><\/li>\n<li><span style=\"font-weight: 400;\"> VFM actuar\u00e1 diligentemente seg\u00fan los usos generales aceptados en el sector para evitar la presencia en el sitio web o en alguno de los servicios vinculados al mismo de virus u otros elementos lesivos que pudieran causar alteraciones en el sistema inform\u00e1tico del usuario, en sus documentos electr\u00f3nicos o en sus ficheros, pero no puede garantizar la ausencia de tales elementos, no siendo responsable por los da\u00f1os y perjuicios que ello pudiera ocasionar.<\/span><\/li>\n<li><span style=\"font-weight: 400;\"> VFM no controla, ni hace propios, ni garantiza la exactitud, calidad, veracidad, fiabilidad o idoneidad de las informaciones y servicios facilitados o prestados por terceros a trav\u00e9s del sitio web. De igual forma, no controla y no garantiza la ausencia de virus u otros elementos lesivos en los contenidos o servicios facilitados o prestados por terceros a trav\u00e9s del sitio web.<\/span><\/li>\n<li><span style=\"font-weight: 400;\"> VFM no garantiza la disponibilidad t\u00e9cnica, calidad, fiabilidad, exactitud o veracidad de los contenidos y servicios disponibles en sitios pertenecientes o gestionados por terceros a los que el usuario pueda acceder mediante dispositivos t\u00e9cnicos de enlace (links) desde el sitio web. VFM no controla el contenido de dichos sitios web ni ofrece ni comercializa los productos y servicios disponibles en los sitios web as\u00ed enlazados, ni asume en consecuencia responsabilidad alguna por los mismos.<\/span><\/li>\n<\/ol>\n<h3><span style=\"font-weight: 400;\">POL\u00cdTICA DE COOKIES<\/span><\/h3>\n<ol start=\"11\">\n<li><span style=\"font-weight: 400;\"> El Usuario acepta expresamente, por la utilizaci\u00f3n de esta web, el tratamiento de la informaci\u00f3n recabada en la forma y con los fines anteriormente mencionados. Y asimismo reconoce conocer la posibilidad de rechazar el tratamiento de tales datos o informaci\u00f3n rechazando el uso de Cookies mediante la selecci\u00f3n de la configuraci\u00f3n apropiada a tal fin en su navegador. Si bien esta opci\u00f3n de bloqueo de Cookies en su navegador puede no permitirle el uso pleno de todas las funcionalidades del sitio web.<\/span><\/li>\n<\/ol>\n<p><span style=\"font-weight: 400;\">Puede usted permitir, bloquear o eliminar las cookies instaladas en su equipo mediante la configuraci\u00f3n de las opciones del navegador instalado en su ordenador:<\/span><\/p>\n<ul>\n<li style=\"font-weight: 400;\" aria-level=\"1\"><a href=\"http:\/\/support.google.com\/chrome\/bin\/answer.py?hl=es&amp;answer=95647\"><span style=\"font-weight: 400;\">Chrome<\/span><\/a><\/li>\n<li style=\"font-weight: 400;\" aria-level=\"1\"><a href=\"http:\/\/windows.microsoft.com\/es-es\/windows7\/how-to-manage-cookies-in-internet-explorer-9\"><span style=\"font-weight: 400;\">Explorer<\/span><\/a><\/li>\n<li style=\"font-weight: 400;\" aria-level=\"1\"><a href=\"http:\/\/support.mozilla.org\/es\/kb\/habilitar-y-deshabilitar-cookies-que-los-sitios-we\"><span style=\"font-weight: 400;\">Firefox<\/span><\/a><\/li>\n<li style=\"font-weight: 400;\" aria-level=\"1\"><a href=\"http:\/\/support.apple.com\/kb\/ph5042\"><span style=\"font-weight: 400;\">Safari<\/span><\/a><\/li>\n<\/ul>\n<h3><span style=\"font-weight: 400;\">RESOLUCI\u00d3N<\/span><\/h3>\n<ol start=\"12\">\n<li><span style=\"font-weight: 400;\"> Sin perjuicio de la responsabilidad por da\u00f1os y perjuicios que se pudiera derivar, VFM podr\u00e1, con car\u00e1cter inmediato y sin necesidad de preaviso, resolver y dar por terminada su relaci\u00f3n con el usuario, interrumpiendo su acceso al sitio web o a sus correspondientes servicios, si detecta un uso de los mismos o de cualquiera de los servicios vinculados a los mismos contrario a las condiciones generales o particulares que sean de aplicaci\u00f3n.<\/span><\/li>\n<\/ol>\n<h3><span style=\"font-weight: 400;\">GENERALIDADES<\/span><\/h3>\n<ol start=\"13\">\n<li><span style=\"font-weight: 400;\"> VFM perseguir\u00e1 el incumplimiento de las presentes condiciones as\u00ed como cualquier utilizaci\u00f3n indebida de su sitio web ejerciendo todas las acciones civiles y penales que le puedan corresponder en derecho.<\/span><\/li>\n<\/ol>\n<h3><span style=\"font-weight: 400;\">LEGISLACI\u00d3N APLICABLE Y JURISDICCI\u00d3N<\/span><\/h3>\n<ol start=\"14\">\n<li><span style=\"font-weight: 400;\"> La relaci\u00f3n entre VFM y el USUARIO se regir\u00e1 por la normativa espa\u00f1ola vigente y cualquier controversia se someter\u00e1 a los Juzgados y tribunales de la ciudad de SEVILLA.<\/span><\/li>\n<\/ol>\n<p><span style=\"font-weight: 400;\">Como consecuencia de la integraci\u00f3n de VFM en el Grupo Veolia, le informamos que el tratamiento de datos personales se realiza bajo los est\u00e1ndares y pol\u00edticas de privacidad de Veolia.<\/span><span style=\"font-weight: 400;\">\u00a0<\/span><\/p>\n<p><span style=\"font-weight: 400;\">Para m\u00e1s informaci\u00f3n sobre c\u00f3mo tratamos sus datos personales, las finalidades del tratamiento, sus derechos y c\u00f3mo ejercerlos, puede consultar la Pol\u00edtica de Privacidad completa de Veolia en<\/span> <a href=\"https:\/\/www.veolia.es\/politica-privacidad\"><span style=\"font-weight: 400;\">https:\/\/www.veolia.es\/politica-privacidad<\/span><\/a><span style=\"font-weight: 400;\">. Esta pol\u00edtica complementa y\/o sustituye cualquier informaci\u00f3n sobre protecci\u00f3n de datos contenida en el presente aviso legal.<\/span><\/p>\n<p>&nbsp;<\/p>\n<h3><\/h3>\n<h3><span style=\"font-weight: 400;\">II. SEGURIDAD Y PROTECCI\u00d3N DE DATOS DE CAR\u00c1CTER PERSONAL <\/span><span style=\"font-weight: 400;\">PROTECCI\u00d3N DE DATOS PERSONALES<\/span><\/h3>\n<p>&nbsp;<\/p>\n<p><span style=\"font-weight: 400;\">15. Le recordamos la posibilidad de acceder a los datos facilitados, as\u00ed como de solicitar, en su caso, su rectificaci\u00f3n, oposici\u00f3n o cancelaci\u00f3n, en los t\u00e9rminos establecidos por la Ley indicada, dirigiendo una comunicaci\u00f3n escrita <\/span><span style=\"font-weight: 400;\">a la direcci\u00f3n de correo electr\u00f3nico <\/span><a href=\"mailto:dpo.spain@veolia.com\"><span style=\"font-weight: 400;\">dpo.spain@veolia.com<\/span><\/a><span style=\"font-weight: 400;\">.<\/span><span style=\"font-weight: 400;\">\u00a0 <\/span><\/p>\n<p>&nbsp;<\/p>\n<\/div>\n","protected":false},"excerpt":{"rendered":"<p>Aviso legal En cumplimiento con el deber de informaci\u00f3n recogido en art\u00edculo 10 de la Ley 34\/2002, de 11 de julio, de Servicios de la Sociedad de la Informaci\u00f3n y del Comercio Electr\u00f3nico, a continuaci\u00f3n se reflejan los siguientes datos: Informaci\u00f3n legal: VILLA FLORES MARTIN, MONTAJES, OBRAS Y SERVICIOS, S.A. Domicilio Social C\/ ABASTO, 21 [&#8230;]<\/p>\n<p><a class=\"btn btn-secondary understrap-read-more-link\" href=\"https:\/\/www.villafloresmartin.com\/es\/aviso-legal\/\">Leer m\u00e1s&#8230;<\/a><\/p>\n","protected":false},"author":2,"featured_media":0,"parent":0,"menu_order":0,"comment_status":"closed","ping_status":"closed","template":"page-templates\/empty.php","meta":{"footnotes":""},"class_list":["post-430","page","type-page","status-publish","hentry"],"yoast_head":"<!-- This site is optimized with the Yoast SEO plugin v26.9 - https:\/\/yoast.com\/product\/yoast-seo-wordpress\/ -->\n<title>Aviso legal - Villa Flores Mart\u00edn<\/title>\n<meta name=\"description\" content=\"Villa Flores Mart\u00edn - T\u00e9rminos y condiciones generales de acceso y uso de la p\u00e1gina web Obligaciones del usuario - Propiedad intelectual e industrial\" \/>\n<meta name=\"robots\" content=\"noindex, nofollow\" \/>\n<meta property=\"og:locale\" content=\"es_ES\" \/>\n<meta property=\"og:type\" content=\"article\" \/>\n<meta property=\"og:title\" content=\"Aviso legal - Villa Flores Mart\u00edn\" \/>\n<meta property=\"og:description\" content=\"Villa Flores Mart\u00edn - T\u00e9rminos y condiciones generales de acceso y uso de la p\u00e1gina web Obligaciones del usuario - Propiedad intelectual e industrial\" \/>\n<meta property=\"og:url\" content=\"https:\/\/www.villafloresmartin.com\/es\/aviso-legal\/\" \/>\n<meta property=\"og:site_name\" content=\"Villa Flores Mart\u00edn\" \/>\n<meta property=\"article:modified_time\" content=\"2025-04-28T08:23:26+00:00\" \/>\n<meta property=\"og:image\" content=\"https:\/\/www.villafloresmartin.com\/es\/wp-content\/uploads\/2017\/04\/quienes-somos-cabecera.jpg\" \/>\n\t<meta property=\"og:image:width\" content=\"1600\" \/>\n\t<meta property=\"og:image:height\" content=\"575\" \/>\n\t<meta property=\"og:image:type\" content=\"image\/jpeg\" \/>\n<meta name=\"twitter:label1\" content=\"Tiempo de lectura\" \/>\n\t<meta name=\"twitter:data1\" content=\"7 minutos\" \/>\n<script type=\"application\/ld+json\" class=\"yoast-schema-graph\">{\"@context\":\"https:\/\/schema.org\",\"@graph\":[{\"@type\":\"WebPage\",\"@id\":\"https:\/\/www.villafloresmartin.com\/es\/aviso-legal\/\",\"url\":\"https:\/\/www.villafloresmartin.com\/es\/aviso-legal\/\",\"name\":\"Aviso legal - Villa Flores Mart\u00edn\",\"isPartOf\":{\"@id\":\"https:\/\/www.villafloresmartin.com\/es\/#website\"},\"primaryImageOfPage\":{\"@id\":\"https:\/\/www.villafloresmartin.com\/es\/aviso-legal\/#primaryimage\"},\"image\":{\"@id\":\"https:\/\/www.villafloresmartin.com\/es\/aviso-legal\/#primaryimage\"},\"thumbnailUrl\":\"https:\/\/www.villafloresmartin.com\/es\/wp-content\/uploads\/2017\/04\/quienes-somos-cabecera.jpg\",\"datePublished\":\"2017-05-29T15:53:07+00:00\",\"dateModified\":\"2025-04-28T08:23:26+00:00\",\"description\":\"Villa Flores Mart\u00edn - T\u00e9rminos y condiciones generales de acceso y uso de la p\u00e1gina web Obligaciones del usuario - Propiedad intelectual e industrial\",\"breadcrumb\":{\"@id\":\"https:\/\/www.villafloresmartin.com\/es\/aviso-legal\/#breadcrumb\"},\"inLanguage\":\"es\",\"potentialAction\":[{\"@type\":\"ReadAction\",\"target\":[\"https:\/\/www.villafloresmartin.com\/es\/aviso-legal\/\"]}]},{\"@type\":\"ImageObject\",\"inLanguage\":\"es\",\"@id\":\"https:\/\/www.villafloresmartin.com\/es\/aviso-legal\/#primaryimage\",\"url\":\"https:\/\/www.villafloresmartin.com\/es\/wp-content\/uploads\/2017\/04\/quienes-somos-cabecera.jpg\",\"contentUrl\":\"https:\/\/www.villafloresmartin.com\/es\/wp-content\/uploads\/2017\/04\/quienes-somos-cabecera.jpg\",\"width\":1600,\"height\":575},{\"@type\":\"BreadcrumbList\",\"@id\":\"https:\/\/www.villafloresmartin.com\/es\/aviso-legal\/#breadcrumb\",\"itemListElement\":[{\"@type\":\"ListItem\",\"position\":1,\"name\":\"Portada\",\"item\":\"https:\/\/www.villafloresmartin.com\/es\/\"},{\"@type\":\"ListItem\",\"position\":2,\"name\":\"Aviso legal\"}]},{\"@type\":\"WebSite\",\"@id\":\"https:\/\/www.villafloresmartin.com\/es\/#website\",\"url\":\"https:\/\/www.villafloresmartin.com\/es\/\",\"name\":\"Villa Flores Mart\u00edn\",\"description\":\"\",\"potentialAction\":[{\"@type\":\"SearchAction\",\"target\":{\"@type\":\"EntryPoint\",\"urlTemplate\":\"https:\/\/www.villafloresmartin.com\/es\/?s={search_term_string}\"},\"query-input\":{\"@type\":\"PropertyValueSpecification\",\"valueRequired\":true,\"valueName\":\"search_term_string\"}}],\"inLanguage\":\"es\"}]}<\/script>\n<!-- \/ Yoast SEO plugin. -->","yoast_head_json":{"title":"Aviso legal - Villa Flores Mart\u00edn","description":"Villa Flores Mart\u00edn - T\u00e9rminos y condiciones generales de acceso y uso de la p\u00e1gina web Obligaciones del usuario - Propiedad intelectual e industrial","robots":{"index":"noindex","follow":"nofollow"},"og_locale":"es_ES","og_type":"article","og_title":"Aviso legal - Villa Flores Mart\u00edn","og_description":"Villa Flores Mart\u00edn - T\u00e9rminos y condiciones generales de acceso y uso de la p\u00e1gina web Obligaciones del usuario - Propiedad intelectual e industrial","og_url":"https:\/\/www.villafloresmartin.com\/es\/aviso-legal\/","og_site_name":"Villa Flores Mart\u00edn","article_modified_time":"2025-04-28T08:23:26+00:00","og_image":[{"width":1600,"height":575,"url":"https:\/\/www.villafloresmartin.com\/es\/wp-content\/uploads\/2017\/04\/quienes-somos-cabecera.jpg","type":"image\/jpeg"}],"twitter_misc":{"Tiempo de lectura":"7 minutos"},"schema":{"@context":"https:\/\/schema.org","@graph":[{"@type":"WebPage","@id":"https:\/\/www.villafloresmartin.com\/es\/aviso-legal\/","url":"https:\/\/www.villafloresmartin.com\/es\/aviso-legal\/","name":"Aviso legal - Villa Flores Mart\u00edn","isPartOf":{"@id":"https:\/\/www.villafloresmartin.com\/es\/#website"},"primaryImageOfPage":{"@id":"https:\/\/www.villafloresmartin.com\/es\/aviso-legal\/#primaryimage"},"image":{"@id":"https:\/\/www.villafloresmartin.com\/es\/aviso-legal\/#primaryimage"},"thumbnailUrl":"https:\/\/www.villafloresmartin.com\/es\/wp-content\/uploads\/2017\/04\/quienes-somos-cabecera.jpg","datePublished":"2017-05-29T15:53:07+00:00","dateModified":"2025-04-28T08:23:26+00:00","description":"Villa Flores Mart\u00edn - T\u00e9rminos y condiciones generales de acceso y uso de la p\u00e1gina web Obligaciones del usuario - Propiedad intelectual e industrial","breadcrumb":{"@id":"https:\/\/www.villafloresmartin.com\/es\/aviso-legal\/#breadcrumb"},"inLanguage":"es","potentialAction":[{"@type":"ReadAction","target":["https:\/\/www.villafloresmartin.com\/es\/aviso-legal\/"]}]},{"@type":"ImageObject","inLanguage":"es","@id":"https:\/\/www.villafloresmartin.com\/es\/aviso-legal\/#primaryimage","url":"https:\/\/www.villafloresmartin.com\/es\/wp-content\/uploads\/2017\/04\/quienes-somos-cabecera.jpg","contentUrl":"https:\/\/www.villafloresmartin.com\/es\/wp-content\/uploads\/2017\/04\/quienes-somos-cabecera.jpg","width":1600,"height":575},{"@type":"BreadcrumbList","@id":"https:\/\/www.villafloresmartin.com\/es\/aviso-legal\/#breadcrumb","itemListElement":[{"@type":"ListItem","position":1,"name":"Portada","item":"https:\/\/www.villafloresmartin.com\/es\/"},{"@type":"ListItem","position":2,"name":"Aviso legal"}]},{"@type":"WebSite","@id":"https:\/\/www.villafloresmartin.com\/es\/#website","url":"https:\/\/www.villafloresmartin.com\/es\/","name":"Villa Flores Mart\u00edn","description":"","potentialAction":[{"@type":"SearchAction","target":{"@type":"EntryPoint","urlTemplate":"https:\/\/www.villafloresmartin.com\/es\/?s={search_term_string}"},"query-input":{"@type":"PropertyValueSpecification","valueRequired":true,"valueName":"search_term_string"}}],"inLanguage":"es"}]}},"_links":{"self":[{"href":"https:\/\/www.villafloresmartin.com\/es\/wp-json\/wp\/v2\/pages\/430","targetHints":{"allow":["GET"]}}],"collection":[{"href":"https:\/\/www.villafloresmartin.com\/es\/wp-json\/wp\/v2\/pages"}],"about":[{"href":"https:\/\/www.villafloresmartin.com\/es\/wp-json\/wp\/v2\/types\/page"}],"author":[{"embeddable":true,"href":"https:\/\/www.villafloresmartin.com\/es\/wp-json\/wp\/v2\/users\/2"}],"replies":[{"embeddable":true,"href":"https:\/\/www.villafloresmartin.com\/es\/wp-json\/wp\/v2\/comments?post=430"}],"version-history":[{"count":5,"href":"https:\/\/www.villafloresmartin.com\/es\/wp-json\/wp\/v2\/pages\/430\/revisions"}],"predecessor-version":[{"id":5606,"href":"https:\/\/www.villafloresmartin.com\/es\/wp-json\/wp\/v2\/pages\/430\/revisions\/5606"}],"wp:attachment":[{"href":"https:\/\/www.villafloresmartin.com\/es\/wp-json\/wp\/v2\/media?parent=430"}],"curies":[{"name":"wp","href":"https:\/\/api.w.org\/{rel}","templated":true}]}}