{"id":428,"date":"2017-05-29T17:52:48","date_gmt":"2017-05-29T15:52:48","guid":{"rendered":"https:\/\/www.villafloresmartin.com\/es\/?page_id=428"},"modified":"2021-06-10T13:10:22","modified_gmt":"2021-06-10T11:10:22","slug":"seguridad","status":"publish","type":"page","link":"https:\/\/www.villafloresmartin.com\/es\/responsabilidad\/seguridad\/","title":{"rendered":"Seguridad"},"content":{"rendered":"<p class=\"no-margin\"><img  title=\"Seguridad - Villa Flores Mart\u00edn\" loading=\"lazy\" decoding=\"async\" class=\"aligncenter size-full wp-image-557 img-full\" src=\"https:\/\/www.villafloresmartin.com\/es\/wp-content\/uploads\/2017\/05\/cabecera-seguridad.jpg\"  alt=\"Seguridad - Villa Flores Mart\u00edn\"  width=\"1600\" height=\"575\" srcset=\"https:\/\/www.villafloresmartin.com\/es\/wp-content\/uploads\/2017\/05\/cabecera-seguridad.jpg 1600w, https:\/\/www.villafloresmartin.com\/es\/wp-content\/uploads\/2017\/05\/cabecera-seguridad-300x108.jpg 300w, https:\/\/www.villafloresmartin.com\/es\/wp-content\/uploads\/2017\/05\/cabecera-seguridad-768x276.jpg 768w, https:\/\/www.villafloresmartin.com\/es\/wp-content\/uploads\/2017\/05\/cabecera-seguridad-1024x368.jpg 1024w\" sizes=\"auto, (max-width: 1600px) 100vw, 1600px\" \/><\/p>\n<h1 class=\"text-center mt-4 mb-4\">Seguridad<\/h1>\n<div class=\"adorno-naranja\"><\/div>\n<div class=\"container mt-4 mb-4\">\n<div class=\"row\">\n<div class=\"col-md-12 dos-columnas\">\n<p class=\"texto\">Villa Flores Mart\u00edn (VFM)\u00a0dispone de un Sistema de Gesti\u00f3n de Seguridad y Salud en el Trabajo certificado por <a href=\"https:\/\/www.aenor.es\/aenor\/certificacion\/seguridad\/seguridad_ohsas.asp#.WTU9p2jyi70\" target=\"_blank\" rel=\"noopener noreferrer\"><strong>AENOR<\/strong><\/a>, desde 2006, de acuerdo con la norma OHSAS 18001. Si bien, fuimos una de las primeras entidades en conseguirlo.<\/p>\n<p>La Direcci\u00f3n de Villa Flores Mart\u00edn concede un inter\u00e9s prioritario y el m\u00e1ximo apoyo a la seguridad como medio para proteger la integridad y salud de las personas. Adem\u00e1s, considera que esta funci\u00f3n de la actividad empresarial tiene el mismo nivel de importancia y trascendencia que la producci\u00f3n, la calidad y la rentabilidad, por su incidencia beneficiosa en los resultados de la gesti\u00f3n.<\/p>\n<p class=\"texto\">VFM gestionar\u00e1 y realizar\u00e1 todas sus actividades de forma segura y responsable, cumpliendo con todos los requisitos legales y aquellos que pueda suscribir, as\u00ed como aplicando los procedimientos internos y la buena pr\u00e1ctica para prevenir y evitar incidir negativamente en la seguridad y salud de las personas y en la seguridad de las instalaciones. El objetivo de realizar con calidad un trabajo va intr\u00ednsecamente unido a llevarlo a cabo con seguridad.<\/p>\n<\/div>\n<\/div>\n<\/div>\n<div class=\"container-fluid\">\n<div class=\"row mt-4 mb-4\">\n<div class=\"col-md-6 fondo-naranja padding-3\">\n<h2>Se implantar\u00e1 directrices en la compa\u00f1\u00eda para:<\/h2>\n<ul>\n<li>Identificar y evaluar los riesgos potenciales existentes para la Seguridad y Salud laboral<\/li>\n<li>Planificar la acci\u00f3n preventiva para evitar cualquier riesgo no tolerable para la Seguridad y Salud de las personas y protegerlas de posibles accidentes, asociados con las actividades de la empresa.<\/li>\n<\/ul>\n<\/div>\n<div class=\"col-md-6 fondo-gris padding-3\">\n<ul>\n<li>Formar e informar a los empleados de los requisitos legales relacionados con la Seguridad y Salud laboral y sobre las reglas y medidas preventivas vigentes para su trabajo.<\/li>\n<li>Favorecer la participaci\u00f3n de los empleados en la mejora de la seguridad y la salud laboral.<\/li>\n<li>Realizar y apoyar los an\u00e1lisis, los estudios y otras gestiones necesarias para conocer los posibles aspectos negativos para la seguridad y la salud de las personas causados por el desarrollo de la actividad en la empresa.<\/li>\n<\/ul>\n<\/div>\n<\/div>\n<div class=\"container mt-4 mb-4\">\n<div class=\"row\">\n<div class=\"col-md-12\">\n<div class=\"dos-columnas\">\n<p class=\"texto\">La primera acci\u00f3n en materia preventiva ser\u00e1 siempre evitar los riesgos y combatirlos en su origen, siendo de importancia en nuestro trabajo atender a los riesgos asociados a los posibles contactos directos e indirectos de nuestro personal con la electricidad.<\/p>\n<p class=\"texto\">Villa Flores Mart\u00edn utilizar\u00e1 los resultados de las evaluaciones, inspecciones y auditor\u00edas como criterio importante para evaluar la gesti\u00f3n de la empresa y su mejora continua.<\/p>\n<p class=\"texto\">Se procurar\u00e1 en todo momento adaptar el trabajo a la persona y se tendr\u00e1 en cuenta permanentemente la evoluci\u00f3n de la t\u00e9cnica disponible para realizar las tareas de forma m\u00e1s segura, sustituyendo lo peligroso por lo que entra\u00f1e poco o ning\u00fan peligro.<\/p>\n<p class=\"texto\">La protecci\u00f3n individual ser\u00e1 siempre el \u00faltimo recurso, teniendo siempre prioridad las medidas de protecci\u00f3n colectiva que sean t\u00e9cnica y razonablemente posibles.<\/p>\n<p class=\"texto\">La Direcci\u00f3n de la empresa adoptar\u00e1 intervenciones destinadas a la instauraci\u00f3n en la empresa de buenas relaciones humanas que contribuyan a crear un buen clima psicosocial y al aspecto ergon\u00f3mico del trabajo con el objetivo de evitar los accidentes y patolog\u00edas laborales, disminuir la fatiga f\u00edsica o mental y aumentar el nivel de satisfacci\u00f3n del trabajador as\u00ed como su rendimiento.<\/p>\n<p class=\"texto\">La responsabilidad en seguridad ser\u00e1 de todo el personal de la empresa, seg\u00fan sus funciones, delegaci\u00f3n y autoridad, de acuerdo con el principio de la seguridad integrada. Todo el que tenga personal a sus \u00f3rdenes es responsable de la seguridad y la salud del mismo, por lo que debe conocer y hacer cumplir todas las reglas de prevenci\u00f3n que afecten al trabajo que realice.<\/p>\n<\/div>\n<\/div>\n<\/div>\n<\/div>\n<div class=\"row mt-4 mb-4\">\n<div class=\"col-md-6 fondo-naranja padding-3\">\n<h3>El desarrollo de esta pol\u00edtica de prevenci\u00f3n se apoyar\u00e1 en los siguientes principios rectores:<\/h3>\n<ul>\n<li>Principio \u00e9tico: derivado de la necesidad \u00e9tica sobre la protecci\u00f3n de personas, bienes materiales y medio ambiente.<\/li>\n<li>Principio de la seguridad integrada: la seguridad y la salud en el trabajo es funci\u00f3n de la Direcci\u00f3n, delegada a toda la l\u00ednea de mando y, a trav\u00e9s de ella, a todo el personal. Por ello debe asumirse en todos los niveles de la organizaci\u00f3n.<\/li>\n<li>Principio de participaci\u00f3n: se utilizar\u00e1n los m\u00e9todos operativos necesarios para que, con la colaboraci\u00f3n solidaria de todo el personal en el cumplimiento de las normas establecidas, se tiendan a lograr las condiciones de trabajo m\u00e1s seguras.<\/li>\n<\/ul>\n<\/div>\n<div class=\"col-md-6 fondo-gris padding-3\">\n<ul>\n<li>Principio de reconocimiento: la direcci\u00f3n reconocer\u00e1 a sus empleados la contribuci\u00f3n que realizan para la mejora de la seguridad e higiene en el trabajo, ya que el grado de participaci\u00f3n individual aumenta cuando el personal recibe el reconocimiento de su contribuci\u00f3n al logro de sus resultados.<\/li>\n<li>Principio de la comunicaci\u00f3n: el personal debe obtener y emitir toda la informaci\u00f3n necesaria en materia de Seguridad a trav\u00e9s de los medios de comunicaci\u00f3n interna establecidos dentro de la empresa.<\/li>\n<li>Principio de minimizaci\u00f3n de p\u00e9rdidas: se aplicar\u00e1n las t\u00e9cnicas, procedimientos y procesos posibles para la reducci\u00f3n al m\u00ednimo de las p\u00e9rdidas por accidentes de trabajo.<\/li>\n<\/ul>\n<\/div>\n<\/div>\n<div class=\"content_block\" id=\"custom_post_widget-2058\"><div class=\"row mt-5 mb-3\">\n<div class=\"col-md-4 mosaico-home borde-derecha\">\n<div class=\"fondo-sostenibilidad-ambiental mosaico-escala mosaico-escala-int\">\n<h3><a class=\"d-flex justify-content-center flex-column\" href=\"https:\/\/www.villafloresmartin.com\/es\/responsabilidad\/medio-ambiente\/\">Medio ambiente<\/a><\/h3>\n<\/div>\n<\/div>\n<div class=\"col-md-4 mosaico-home borde-derecha-izquierda\">\n<div class=\"fondo-sostenibilidad-calidad mosaico-escala mosaico-escala-int\">\n<h3><a class=\"d-flex justify-content-center flex-column\" href=\"https:\/\/www.villafloresmartin.com\/es\/responsabilidad\/calidad\/\">Calidad<\/a><\/h3>\n<\/div>\n<\/div>\n<div class=\"col-md-4 mosaico-home borde-izquierda\">\n<div class=\"fondo-sostenibilidad-seguridad mosaico-escala mosaico-escala-int\">\n<h3><a class=\"d-flex justify-content-center flex-column\" href=\"https:\/\/www.villafloresmartin.com\/es\/responsabilidad\/seguridad\/\">Seguridad<\/a><\/h3>\n<\/div>\n<\/div>\n<\/div>\n<div class=\"row mt-4 mb-4\">\n<div class=\"col-md-3 mosaico-home borde-derecha\">\n<div class=\"fondo-sostenibilidad-responsabilidad mosaico-escala mosaico-escala-int\">\n<h3><a class=\"d-flex justify-content-center flex-column\" href=\"https:\/\/www.villafloresmartin.com\/es\/responsabilidad\/responsabilidad-social-corporativa\">Responsabilidad social corporativa<\/a><\/h3>\n<\/div>\n<\/div>\n<div class=\"col-md-3 mosaico-home borde-derecha-izquierda\">\n<div class=\"fondo-sostenibilidad-formacion mosaico-escala mosaico-escala-int\">\n<h3><a class=\"d-flex justify-content-center flex-column\" href=\"https:\/\/www.villafloresmartin.com\/es\/responsabilidad\/formacion\">Formaci\u00f3n<\/a><\/h3>\n<\/div>\n<\/div>\n<div class=\"col-md-3 mosaico-home borde-izquierda\">\n<div class=\"fondo-sostenibilidad-certificaciones mosaico-escala mosaico-escala-int\">\n<h3><a class=\"d-flex justify-content-center flex-column\" href=\"https:\/\/www.villafloresmartin.com\/es\/responsabilidad\/certificaciones\">Certificaciones<\/a><\/h3>\n<\/div>\n<\/div>\n<div class=\"col-md-3 mosaico-home borde-izquierda\">\n<div class=\"fondo-seguridad-pandemia mosaico-escala mosaico-escala-int\">\n<h3><a class=\"d-flex justify-content-center flex-column\" href=\"https:\/\/www.villafloresmartin.com\/es\/responsabilidad\/trabajo-seguro-en-pandemia\/\">Trabajo seguro en pandemia<\/a><\/h3>\n<\/div>\n<\/div>\n<\/div>\n<\/div><\/div>\n","protected":false},"excerpt":{"rendered":"<p>Seguridad Villa Flores Mart\u00edn (VFM)\u00a0dispone de un Sistema de Gesti\u00f3n de Seguridad y Salud en el Trabajo certificado por AENOR, desde 2006, de acuerdo con la norma OHSAS 18001. Si bien, fuimos una de las primeras entidades en conseguirlo. La Direcci\u00f3n de Villa Flores Mart\u00edn concede un inter\u00e9s prioritario y el m\u00e1ximo apoyo a la [&#8230;]<\/p>\n<p><a class=\"btn btn-secondary understrap-read-more-link\" href=\"https:\/\/www.villafloresmartin.com\/es\/responsabilidad\/seguridad\/\">Leer m\u00e1s&#8230;<\/a><\/p>\n","protected":false},"author":2,"featured_media":0,"parent":14,"menu_order":0,"comment_status":"closed","ping_status":"closed","template":"page-templates\/empty.php","meta":{"footnotes":""},"class_list":["post-428","page","type-page","status-publish","hentry"],"yoast_head":"<!-- This site is optimized with the Yoast SEO plugin v26.9 - https:\/\/yoast.com\/product\/yoast-seo-wordpress\/ -->\n<title>Seguridad en el Trabajo de la Empresa Villa Flores Mart\u00edn<\/title>\n<meta name=\"description\" content=\"Villa Flores Mart\u00edn (VFM) dispone de un Sistema de Gesti\u00f3n de Seguridad y Salud en el Trabajo certificado por AENOR, desde 2006, de acuerdo con la norma OHSAS 18001. Si bien, fuimos una de las primeras entidades en conseguirlo.\" \/>\n<meta name=\"robots\" content=\"index, follow, max-snippet:-1, max-image-preview:large, max-video-preview:-1\" \/>\n<link rel=\"canonical\" href=\"https:\/\/www.villafloresmartin.com\/es\/responsabilidad\/seguridad\/\" \/>\n<meta property=\"og:locale\" content=\"es_ES\" \/>\n<meta property=\"og:type\" content=\"article\" \/>\n<meta property=\"og:title\" content=\"Seguridad en el Trabajo de la Empresa Villa Flores Mart\u00edn\" \/>\n<meta property=\"og:description\" content=\"Villa Flores Mart\u00edn (VFM) dispone de un Sistema de Gesti\u00f3n de Seguridad y Salud en el Trabajo certificado por AENOR, desde 2006, de acuerdo con la norma OHSAS 18001. Si bien, fuimos una de las primeras entidades en conseguirlo.\" \/>\n<meta property=\"og:url\" content=\"https:\/\/www.villafloresmartin.com\/es\/responsabilidad\/seguridad\/\" \/>\n<meta property=\"og:site_name\" content=\"Villa Flores Mart\u00edn\" \/>\n<meta property=\"article:modified_time\" content=\"2021-06-10T11:10:22+00:00\" \/>\n<meta property=\"og:image\" content=\"https:\/\/www.villafloresmartin.com\/es\/wp-content\/uploads\/2017\/05\/cabecera-seguridad.jpg\" \/>\n<meta name=\"twitter:label1\" content=\"Tiempo de lectura\" \/>\n\t<meta name=\"twitter:data1\" content=\"4 minutos\" \/>\n<script type=\"application\/ld+json\" class=\"yoast-schema-graph\">{\"@context\":\"https:\/\/schema.org\",\"@graph\":[{\"@type\":\"WebPage\",\"@id\":\"https:\/\/www.villafloresmartin.com\/es\/responsabilidad\/seguridad\/\",\"url\":\"https:\/\/www.villafloresmartin.com\/es\/responsabilidad\/seguridad\/\",\"name\":\"Seguridad en el Trabajo de la Empresa Villa Flores Mart\u00edn\",\"isPartOf\":{\"@id\":\"https:\/\/www.villafloresmartin.com\/es\/#website\"},\"primaryImageOfPage\":{\"@id\":\"https:\/\/www.villafloresmartin.com\/es\/responsabilidad\/seguridad\/#primaryimage\"},\"image\":{\"@id\":\"https:\/\/www.villafloresmartin.com\/es\/responsabilidad\/seguridad\/#primaryimage\"},\"thumbnailUrl\":\"https:\/\/www.villafloresmartin.com\/es\/wp-content\/uploads\/2017\/05\/cabecera-seguridad.jpg\",\"datePublished\":\"2017-05-29T15:52:48+00:00\",\"dateModified\":\"2021-06-10T11:10:22+00:00\",\"description\":\"Villa Flores Mart\u00edn (VFM) dispone de un Sistema de Gesti\u00f3n de Seguridad y Salud en el Trabajo certificado por AENOR, desde 2006, de acuerdo con la norma OHSAS 18001. Si bien, fuimos una de las primeras entidades en conseguirlo.\",\"breadcrumb\":{\"@id\":\"https:\/\/www.villafloresmartin.com\/es\/responsabilidad\/seguridad\/#breadcrumb\"},\"inLanguage\":\"es\",\"potentialAction\":[{\"@type\":\"ReadAction\",\"target\":[\"https:\/\/www.villafloresmartin.com\/es\/responsabilidad\/seguridad\/\"]}]},{\"@type\":\"ImageObject\",\"inLanguage\":\"es\",\"@id\":\"https:\/\/www.villafloresmartin.com\/es\/responsabilidad\/seguridad\/#primaryimage\",\"url\":\"https:\/\/www.villafloresmartin.com\/es\/wp-content\/uploads\/2017\/05\/cabecera-seguridad.jpg\",\"contentUrl\":\"https:\/\/www.villafloresmartin.com\/es\/wp-content\/uploads\/2017\/05\/cabecera-seguridad.jpg\",\"width\":1600,\"height\":575},{\"@type\":\"BreadcrumbList\",\"@id\":\"https:\/\/www.villafloresmartin.com\/es\/responsabilidad\/seguridad\/#breadcrumb\",\"itemListElement\":[{\"@type\":\"ListItem\",\"position\":1,\"name\":\"Portada\",\"item\":\"https:\/\/www.villafloresmartin.com\/es\/\"},{\"@type\":\"ListItem\",\"position\":2,\"name\":\"Responsabilidad\",\"item\":\"https:\/\/www.villafloresmartin.com\/es\/responsabilidad\/\"},{\"@type\":\"ListItem\",\"position\":3,\"name\":\"Seguridad\"}]},{\"@type\":\"WebSite\",\"@id\":\"https:\/\/www.villafloresmartin.com\/es\/#website\",\"url\":\"https:\/\/www.villafloresmartin.com\/es\/\",\"name\":\"Villa Flores Mart\u00edn\",\"description\":\"\",\"potentialAction\":[{\"@type\":\"SearchAction\",\"target\":{\"@type\":\"EntryPoint\",\"urlTemplate\":\"https:\/\/www.villafloresmartin.com\/es\/?s={search_term_string}\"},\"query-input\":{\"@type\":\"PropertyValueSpecification\",\"valueRequired\":true,\"valueName\":\"search_term_string\"}}],\"inLanguage\":\"es\"}]}<\/script>\n<!-- \/ Yoast SEO plugin. -->","yoast_head_json":{"title":"Seguridad en el Trabajo de la Empresa Villa Flores Mart\u00edn","description":"Villa Flores Mart\u00edn (VFM) dispone de un Sistema de Gesti\u00f3n de Seguridad y Salud en el Trabajo certificado por AENOR, desde 2006, de acuerdo con la norma OHSAS 18001. Si bien, fuimos una de las primeras entidades en conseguirlo.","robots":{"index":"index","follow":"follow","max-snippet":"max-snippet:-1","max-image-preview":"max-image-preview:large","max-video-preview":"max-video-preview:-1"},"canonical":"https:\/\/www.villafloresmartin.com\/es\/responsabilidad\/seguridad\/","og_locale":"es_ES","og_type":"article","og_title":"Seguridad en el Trabajo de la Empresa Villa Flores Mart\u00edn","og_description":"Villa Flores Mart\u00edn (VFM) dispone de un Sistema de Gesti\u00f3n de Seguridad y Salud en el Trabajo certificado por AENOR, desde 2006, de acuerdo con la norma OHSAS 18001. Si bien, fuimos una de las primeras entidades en conseguirlo.","og_url":"https:\/\/www.villafloresmartin.com\/es\/responsabilidad\/seguridad\/","og_site_name":"Villa Flores Mart\u00edn","article_modified_time":"2021-06-10T11:10:22+00:00","og_image":[{"url":"https:\/\/www.villafloresmartin.com\/es\/wp-content\/uploads\/2017\/05\/cabecera-seguridad.jpg","type":"","width":"","height":""}],"twitter_misc":{"Tiempo de lectura":"4 minutos"},"schema":{"@context":"https:\/\/schema.org","@graph":[{"@type":"WebPage","@id":"https:\/\/www.villafloresmartin.com\/es\/responsabilidad\/seguridad\/","url":"https:\/\/www.villafloresmartin.com\/es\/responsabilidad\/seguridad\/","name":"Seguridad en el Trabajo de la Empresa Villa Flores Mart\u00edn","isPartOf":{"@id":"https:\/\/www.villafloresmartin.com\/es\/#website"},"primaryImageOfPage":{"@id":"https:\/\/www.villafloresmartin.com\/es\/responsabilidad\/seguridad\/#primaryimage"},"image":{"@id":"https:\/\/www.villafloresmartin.com\/es\/responsabilidad\/seguridad\/#primaryimage"},"thumbnailUrl":"https:\/\/www.villafloresmartin.com\/es\/wp-content\/uploads\/2017\/05\/cabecera-seguridad.jpg","datePublished":"2017-05-29T15:52:48+00:00","dateModified":"2021-06-10T11:10:22+00:00","description":"Villa Flores Mart\u00edn (VFM) dispone de un Sistema de Gesti\u00f3n de Seguridad y Salud en el Trabajo certificado por AENOR, desde 2006, de acuerdo con la norma OHSAS 18001. Si bien, fuimos una de las primeras entidades en conseguirlo.","breadcrumb":{"@id":"https:\/\/www.villafloresmartin.com\/es\/responsabilidad\/seguridad\/#breadcrumb"},"inLanguage":"es","potentialAction":[{"@type":"ReadAction","target":["https:\/\/www.villafloresmartin.com\/es\/responsabilidad\/seguridad\/"]}]},{"@type":"ImageObject","inLanguage":"es","@id":"https:\/\/www.villafloresmartin.com\/es\/responsabilidad\/seguridad\/#primaryimage","url":"https:\/\/www.villafloresmartin.com\/es\/wp-content\/uploads\/2017\/05\/cabecera-seguridad.jpg","contentUrl":"https:\/\/www.villafloresmartin.com\/es\/wp-content\/uploads\/2017\/05\/cabecera-seguridad.jpg","width":1600,"height":575},{"@type":"BreadcrumbList","@id":"https:\/\/www.villafloresmartin.com\/es\/responsabilidad\/seguridad\/#breadcrumb","itemListElement":[{"@type":"ListItem","position":1,"name":"Portada","item":"https:\/\/www.villafloresmartin.com\/es\/"},{"@type":"ListItem","position":2,"name":"Responsabilidad","item":"https:\/\/www.villafloresmartin.com\/es\/responsabilidad\/"},{"@type":"ListItem","position":3,"name":"Seguridad"}]},{"@type":"WebSite","@id":"https:\/\/www.villafloresmartin.com\/es\/#website","url":"https:\/\/www.villafloresmartin.com\/es\/","name":"Villa Flores Mart\u00edn","description":"","potentialAction":[{"@type":"SearchAction","target":{"@type":"EntryPoint","urlTemplate":"https:\/\/www.villafloresmartin.com\/es\/?s={search_term_string}"},"query-input":{"@type":"PropertyValueSpecification","valueRequired":true,"valueName":"search_term_string"}}],"inLanguage":"es"}]}},"_links":{"self":[{"href":"https:\/\/www.villafloresmartin.com\/es\/wp-json\/wp\/v2\/pages\/428","targetHints":{"allow":["GET"]}}],"collection":[{"href":"https:\/\/www.villafloresmartin.com\/es\/wp-json\/wp\/v2\/pages"}],"about":[{"href":"https:\/\/www.villafloresmartin.com\/es\/wp-json\/wp\/v2\/types\/page"}],"author":[{"embeddable":true,"href":"https:\/\/www.villafloresmartin.com\/es\/wp-json\/wp\/v2\/users\/2"}],"replies":[{"embeddable":true,"href":"https:\/\/www.villafloresmartin.com\/es\/wp-json\/wp\/v2\/comments?post=428"}],"version-history":[{"count":0,"href":"https:\/\/www.villafloresmartin.com\/es\/wp-json\/wp\/v2\/pages\/428\/revisions"}],"up":[{"embeddable":true,"href":"https:\/\/www.villafloresmartin.com\/es\/wp-json\/wp\/v2\/pages\/14"}],"wp:attachment":[{"href":"https:\/\/www.villafloresmartin.com\/es\/wp-json\/wp\/v2\/media?parent=428"}],"curies":[{"name":"wp","href":"https:\/\/api.w.org\/{rel}","templated":true}]}}