{"id":426,"date":"2017-05-29T17:52:11","date_gmt":"2017-05-29T15:52:11","guid":{"rendered":"https:\/\/www.villafloresmartin.com\/es\/?page_id=426"},"modified":"2021-06-10T13:08:55","modified_gmt":"2021-06-10T11:08:55","slug":"calidad","status":"publish","type":"page","link":"https:\/\/www.villafloresmartin.com\/es\/responsabilidad\/calidad\/","title":{"rendered":"Calidad"},"content":{"rendered":"<p class=\"no-margin\"><img  title=\"Calidad - Villa Flores Mart\u00edn\" loading=\"lazy\" decoding=\"async\" class=\"aligncenter size-full wp-image-555 img-full\" src=\"https:\/\/www.villafloresmartin.com\/es\/wp-content\/uploads\/2017\/05\/cabecera-politica-calidad.jpg\"  alt=\"Calidad - Villa Flores Mart\u00edn\"  width=\"1600\" height=\"575\" srcset=\"https:\/\/www.villafloresmartin.com\/es\/wp-content\/uploads\/2017\/05\/cabecera-politica-calidad.jpg 1600w, https:\/\/www.villafloresmartin.com\/es\/wp-content\/uploads\/2017\/05\/cabecera-politica-calidad-300x108.jpg 300w, https:\/\/www.villafloresmartin.com\/es\/wp-content\/uploads\/2017\/05\/cabecera-politica-calidad-768x276.jpg 768w, https:\/\/www.villafloresmartin.com\/es\/wp-content\/uploads\/2017\/05\/cabecera-politica-calidad-1024x368.jpg 1024w\" sizes=\"auto, (max-width: 1600px) 100vw, 1600px\" \/><\/p>\n<h1 class=\"text-center mt-4 mb-4\">Calidad<\/h1>\n<div class=\"adorno-naranja\"><\/div>\n<div class=\"container mt-4 mb-4\">\n<div class=\"row\">\n<div class=\"col-md-12\">\n<p class=\"text-center\">Villa Flores Mart\u00edn (VFM) dispone de un Sistema de Gesti\u00f3n de la Calidad certificado por <a href=\"http:\/\/www.aenor.es\/aenor\/certificacion\/calidad\/calidad_9001.asp#.WTU-22jyi70\" target=\"_blank\" rel=\"noopener noreferrer\"><strong>AENOR<\/strong><\/a>, desde 1997, de acuerdo con la norma ISO 9001.<\/p>\n<p class=\"text-center\">VFM establece su Pol\u00edtica de Calidad en el marco del desarrollo de sus actividades de instalaci\u00f3n, reparaci\u00f3n y mantenimiento, relacionadas con el sector el\u00e9ctrico y obra civil.<\/p>\n<\/div>\n<\/div>\n<\/div>\n<div class=\"container-fluid\">\n<div class=\"row mt-4 mb-5\">\n<div class=\"col-md-6 fondo-naranja padding-3\">\n<h2>VFM entiende la calidad como objetivo prioritario para:<\/h2>\n<ul>\n<li>Comprender las necesidades actuales y futuras de nuestros clientes, satisfacer sus requisitos y conseguir progresivamente ir por encima de sus expectativas.<\/li>\n<li>Proporcionar un ambiente interno adecuado, para que todo el personal se vea involucrado en los objetivos de la empresa, as\u00ed como en la superaci\u00f3n de su capacitaci\u00f3n y formaci\u00f3n.<\/li>\n<li>Mantener como directriz principal de la empresa la consecuci\u00f3n progresiva de la mejora continua en nuestras actividades y de calidad en la atenci\u00f3n a los clientes.<\/li>\n<\/ul>\n<\/div>\n<div class=\"col-md-6 fondo-gris padding-3\">\n<h4>Esta Pol\u00edtica de Calidad de Villa Flores Mart\u00edn es establecida por la direcci\u00f3n con el compromiso de:<\/h4>\n<ul>\n<li>Ofrecer calidad en todas las actividades que realiza, entendi\u00e9ndose por calidad la participaci\u00f3n y el compromiso de todos los que constituyen la organizaci\u00f3n, con el fin de satisfacer las necesidades y expectativas de todos sus clientes.<\/li>\n<li>Cumplir con los requisitos y mejorar continuamente la eficacia del Sistema de Gesti\u00f3n de la Calidad, lo cual implica la gesti\u00f3n de los medios necesarios para que la Pol\u00edtica de Calidad sea conocida, comprendida e implantada en los niveles apropiados de la organizaci\u00f3n.<\/li>\n<li>Lograr como objetivo generales, el obtener por parte de nuestros clientes una percepci\u00f3n de su satisfacci\u00f3n que vaya acorde al cumplimiento de sus necesidades por parte de nuestra empresa.<\/li>\n<\/ul>\n<\/div>\n<\/div>\n<div class=\"container\">\n<div class=\"row\">\n<div class=\"col-md-3\"><a href=\"https:\/\/www.villafloresmartin.com\/es\/wp-content\/uploads\/2019\/05\/CertificadoSST-0021-2006_ES_2019-05-06.pdf\" target=\"_blank\" rel=\"noopener noreferrer\"><img  title=\"Calidad - Villa Flores Mart\u00edn\" loading=\"lazy\" decoding=\"async\" class=\"aligncenter wp-image-129 size-full\" src=\"https:\/\/www.villafloresmartin.com\/es\/wp-content\/uploads\/2017\/04\/LOGO-BYN-seg-e1496989504481.png\"  alt=\"Calidad - Villa Flores Mart\u00edn\"  width=\"66\" height=\"120\" \/><\/a><\/div>\n<div class=\"col-md-2\"><a href=\"https:\/\/www.villafloresmartin.com\/es\/wp-content\/uploads\/2019\/05\/CertificadoER-0905-1997_ES_2019-05-06.pdf\" target=\"_blank\" rel=\"noopener noreferrer\"><img  title=\"Calidad - Villa Flores Mart\u00edn\" loading=\"lazy\" decoding=\"async\" class=\"aligncenter wp-image-131 size-full\" src=\"https:\/\/www.villafloresmartin.com\/es\/wp-content\/uploads\/2017\/04\/LOGO-BYN-e1496989524496.png\"  alt=\"Calidad - Villa Flores Mart\u00edn\"  width=\"66\" height=\"120\" \/><\/a><\/div>\n<div class=\"col-md-2\"><a href=\"https:\/\/www.villafloresmartin.com\/es\/wp-content\/uploads\/2019\/05\/CertificadoGA-2001-0004_ES_2019-05-06.pdf\" target=\"_blank\" rel=\"noopener noreferrer\"><img  title=\"Calidad - Villa Flores Mart\u00edn\" loading=\"lazy\" decoding=\"async\" class=\"aligncenter wp-image-133 size-full\" src=\"https:\/\/www.villafloresmartin.com\/es\/wp-content\/uploads\/2017\/04\/LOGO-COLOR-e1496989538670.png\"  alt=\"Calidad - Villa Flores Mart\u00edn\"  width=\"66\" height=\"121\" \/><\/a><\/div>\n<div class=\"col-md-2\"><a href=\"https:\/\/www.villafloresmartin.com\/es\/wp-content\/uploads\/2019\/03\/CLASIFICACION-DEL-ESTADO-OBRAS.pdf\" target=\"_blank\" rel=\"noopener noreferrer\"><img  title=\"Calidad - Villa Flores Mart\u00edn\" loading=\"lazy\" decoding=\"async\" class=\"aligncenter size-full wp-image-914\" src=\"https:\/\/www.villafloresmartin.com\/es\/wp-content\/uploads\/2017\/04\/ministerio.png\"  alt=\"Calidad - Villa Flores Mart\u00edn\"  width=\"200\" height=\"120\" \/><\/a><\/div>\n<div class=\"col-md-2\"><img  title=\"Calidad - Villa Flores Mart\u00edn\" loading=\"lazy\" decoding=\"async\" class=\"aligncenter wp-image-135 size-full\" src=\"https:\/\/www.villafloresmartin.com\/es\/wp-content\/uploads\/2017\/04\/Sello-Premio-Asepeyo16-e1496989558849.png\"  alt=\"Calidad - Villa Flores Mart\u00edn\"  width=\"200\" height=\"120\" \/><\/div>\n<\/div>\n<\/div>\n<div class=\"content_block\" id=\"custom_post_widget-2058\"><div class=\"row mt-5 mb-3\">\n<div class=\"col-md-4 mosaico-home borde-derecha\">\n<div class=\"fondo-sostenibilidad-ambiental mosaico-escala mosaico-escala-int\">\n<h3><a class=\"d-flex justify-content-center flex-column\" href=\"https:\/\/www.villafloresmartin.com\/es\/responsabilidad\/medio-ambiente\/\">Medio ambiente<\/a><\/h3>\n<\/div>\n<\/div>\n<div class=\"col-md-4 mosaico-home borde-derecha-izquierda\">\n<div class=\"fondo-sostenibilidad-calidad mosaico-escala mosaico-escala-int\">\n<h3><a class=\"d-flex justify-content-center flex-column\" href=\"https:\/\/www.villafloresmartin.com\/es\/responsabilidad\/calidad\/\">Calidad<\/a><\/h3>\n<\/div>\n<\/div>\n<div class=\"col-md-4 mosaico-home borde-izquierda\">\n<div class=\"fondo-sostenibilidad-seguridad mosaico-escala mosaico-escala-int\">\n<h3><a class=\"d-flex justify-content-center flex-column\" href=\"https:\/\/www.villafloresmartin.com\/es\/responsabilidad\/seguridad\/\">Seguridad<\/a><\/h3>\n<\/div>\n<\/div>\n<\/div>\n<div class=\"row mt-4 mb-4\">\n<div class=\"col-md-3 mosaico-home borde-derecha\">\n<div class=\"fondo-sostenibilidad-responsabilidad mosaico-escala mosaico-escala-int\">\n<h3><a class=\"d-flex justify-content-center flex-column\" href=\"https:\/\/www.villafloresmartin.com\/es\/responsabilidad\/responsabilidad-social-corporativa\">Responsabilidad social corporativa<\/a><\/h3>\n<\/div>\n<\/div>\n<div class=\"col-md-3 mosaico-home borde-derecha-izquierda\">\n<div class=\"fondo-sostenibilidad-formacion mosaico-escala mosaico-escala-int\">\n<h3><a class=\"d-flex justify-content-center flex-column\" href=\"https:\/\/www.villafloresmartin.com\/es\/responsabilidad\/formacion\">Formaci\u00f3n<\/a><\/h3>\n<\/div>\n<\/div>\n<div class=\"col-md-3 mosaico-home borde-izquierda\">\n<div class=\"fondo-sostenibilidad-certificaciones mosaico-escala mosaico-escala-int\">\n<h3><a class=\"d-flex justify-content-center flex-column\" href=\"https:\/\/www.villafloresmartin.com\/es\/responsabilidad\/certificaciones\">Certificaciones<\/a><\/h3>\n<\/div>\n<\/div>\n<div class=\"col-md-3 mosaico-home borde-izquierda\">\n<div class=\"fondo-seguridad-pandemia mosaico-escala mosaico-escala-int\">\n<h3><a class=\"d-flex justify-content-center flex-column\" href=\"https:\/\/www.villafloresmartin.com\/es\/responsabilidad\/trabajo-seguro-en-pandemia\/\">Trabajo seguro en pandemia<\/a><\/h3>\n<\/div>\n<\/div>\n<\/div>\n<\/div><\/div>\n","protected":false},"excerpt":{"rendered":"<p>Calidad Villa Flores Mart\u00edn (VFM) dispone de un Sistema de Gesti\u00f3n de la Calidad certificado por AENOR, desde 1997, de acuerdo con la norma ISO 9001. VFM establece su Pol\u00edtica de Calidad en el marco del desarrollo de sus actividades de instalaci\u00f3n, reparaci\u00f3n y mantenimiento, relacionadas con el sector el\u00e9ctrico y obra civil. VFM entiende [&#8230;]<\/p>\n<p><a class=\"btn btn-secondary understrap-read-more-link\" href=\"https:\/\/www.villafloresmartin.com\/es\/responsabilidad\/calidad\/\">Leer m\u00e1s&#8230;<\/a><\/p>\n","protected":false},"author":2,"featured_media":0,"parent":14,"menu_order":0,"comment_status":"closed","ping_status":"closed","template":"page-templates\/empty.php","meta":{"footnotes":""},"class_list":["post-426","page","type-page","status-publish","hentry"],"yoast_head":"<!-- This site is optimized with the Yoast SEO plugin v26.9 - https:\/\/yoast.com\/product\/yoast-seo-wordpress\/ -->\n<title>Calidad de Productos y Trabajo - Villa Flores Mart\u00edn<\/title>\n<meta name=\"description\" content=\"Villa Flores Mart\u00edn (VFM) dispone de un Sistema de Gesti\u00f3n de la Calidad certificado por AENOR, desde 1997, de acuerdo con la norma ISO 9001. VFM establece su Pol\u00edtica de Calidad en el marco del desarrollo de sus actividades de instalaci\u00f3n, reparaci\u00f3n y mantenimiento, relacionadas con el sector el\u00e9ctrico y obra civil.\" \/>\n<meta name=\"robots\" content=\"index, follow, max-snippet:-1, max-image-preview:large, max-video-preview:-1\" \/>\n<link rel=\"canonical\" href=\"https:\/\/www.villafloresmartin.com\/es\/responsabilidad\/calidad\/\" \/>\n<meta property=\"og:locale\" content=\"es_ES\" \/>\n<meta property=\"og:type\" content=\"article\" \/>\n<meta property=\"og:title\" content=\"Calidad de Productos y Trabajo - Villa Flores Mart\u00edn\" \/>\n<meta property=\"og:description\" content=\"Villa Flores Mart\u00edn (VFM) dispone de un Sistema de Gesti\u00f3n de la Calidad certificado por AENOR, desde 1997, de acuerdo con la norma ISO 9001. VFM establece su Pol\u00edtica de Calidad en el marco del desarrollo de sus actividades de instalaci\u00f3n, reparaci\u00f3n y mantenimiento, relacionadas con el sector el\u00e9ctrico y obra civil.\" \/>\n<meta property=\"og:url\" content=\"https:\/\/www.villafloresmartin.com\/es\/responsabilidad\/calidad\/\" \/>\n<meta property=\"og:site_name\" content=\"Villa Flores Mart\u00edn\" \/>\n<meta property=\"article:modified_time\" content=\"2021-06-10T11:08:55+00:00\" \/>\n<meta property=\"og:image\" content=\"https:\/\/www.villafloresmartin.com\/es\/wp-content\/uploads\/2017\/05\/cabecera-politica-calidad.jpg\" \/>\n<meta name=\"twitter:label1\" content=\"Tiempo de lectura\" \/>\n\t<meta name=\"twitter:data1\" content=\"1 minuto\" \/>\n<script type=\"application\/ld+json\" class=\"yoast-schema-graph\">{\"@context\":\"https:\/\/schema.org\",\"@graph\":[{\"@type\":\"WebPage\",\"@id\":\"https:\/\/www.villafloresmartin.com\/es\/responsabilidad\/calidad\/\",\"url\":\"https:\/\/www.villafloresmartin.com\/es\/responsabilidad\/calidad\/\",\"name\":\"Calidad de Productos y Trabajo - Villa Flores Mart\u00edn\",\"isPartOf\":{\"@id\":\"https:\/\/www.villafloresmartin.com\/es\/#website\"},\"primaryImageOfPage\":{\"@id\":\"https:\/\/www.villafloresmartin.com\/es\/responsabilidad\/calidad\/#primaryimage\"},\"image\":{\"@id\":\"https:\/\/www.villafloresmartin.com\/es\/responsabilidad\/calidad\/#primaryimage\"},\"thumbnailUrl\":\"https:\/\/www.villafloresmartin.com\/es\/wp-content\/uploads\/2017\/05\/cabecera-politica-calidad.jpg\",\"datePublished\":\"2017-05-29T15:52:11+00:00\",\"dateModified\":\"2021-06-10T11:08:55+00:00\",\"description\":\"Villa Flores Mart\u00edn (VFM) dispone de un Sistema de Gesti\u00f3n de la Calidad certificado por AENOR, desde 1997, de acuerdo con la norma ISO 9001. VFM establece su Pol\u00edtica de Calidad en el marco del desarrollo de sus actividades de instalaci\u00f3n, reparaci\u00f3n y mantenimiento, relacionadas con el sector el\u00e9ctrico y obra civil.\",\"breadcrumb\":{\"@id\":\"https:\/\/www.villafloresmartin.com\/es\/responsabilidad\/calidad\/#breadcrumb\"},\"inLanguage\":\"es\",\"potentialAction\":[{\"@type\":\"ReadAction\",\"target\":[\"https:\/\/www.villafloresmartin.com\/es\/responsabilidad\/calidad\/\"]}]},{\"@type\":\"ImageObject\",\"inLanguage\":\"es\",\"@id\":\"https:\/\/www.villafloresmartin.com\/es\/responsabilidad\/calidad\/#primaryimage\",\"url\":\"https:\/\/www.villafloresmartin.com\/es\/wp-content\/uploads\/2017\/05\/cabecera-politica-calidad.jpg\",\"contentUrl\":\"https:\/\/www.villafloresmartin.com\/es\/wp-content\/uploads\/2017\/05\/cabecera-politica-calidad.jpg\",\"width\":1600,\"height\":575},{\"@type\":\"BreadcrumbList\",\"@id\":\"https:\/\/www.villafloresmartin.com\/es\/responsabilidad\/calidad\/#breadcrumb\",\"itemListElement\":[{\"@type\":\"ListItem\",\"position\":1,\"name\":\"Portada\",\"item\":\"https:\/\/www.villafloresmartin.com\/es\/\"},{\"@type\":\"ListItem\",\"position\":2,\"name\":\"Responsabilidad\",\"item\":\"https:\/\/www.villafloresmartin.com\/es\/responsabilidad\/\"},{\"@type\":\"ListItem\",\"position\":3,\"name\":\"Calidad\"}]},{\"@type\":\"WebSite\",\"@id\":\"https:\/\/www.villafloresmartin.com\/es\/#website\",\"url\":\"https:\/\/www.villafloresmartin.com\/es\/\",\"name\":\"Villa Flores Mart\u00edn\",\"description\":\"\",\"potentialAction\":[{\"@type\":\"SearchAction\",\"target\":{\"@type\":\"EntryPoint\",\"urlTemplate\":\"https:\/\/www.villafloresmartin.com\/es\/?s={search_term_string}\"},\"query-input\":{\"@type\":\"PropertyValueSpecification\",\"valueRequired\":true,\"valueName\":\"search_term_string\"}}],\"inLanguage\":\"es\"}]}<\/script>\n<!-- \/ Yoast SEO plugin. -->","yoast_head_json":{"title":"Calidad de Productos y Trabajo - Villa Flores Mart\u00edn","description":"Villa Flores Mart\u00edn (VFM) dispone de un Sistema de Gesti\u00f3n de la Calidad certificado por AENOR, desde 1997, de acuerdo con la norma ISO 9001. VFM establece su Pol\u00edtica de Calidad en el marco del desarrollo de sus actividades de instalaci\u00f3n, reparaci\u00f3n y mantenimiento, relacionadas con el sector el\u00e9ctrico y obra civil.","robots":{"index":"index","follow":"follow","max-snippet":"max-snippet:-1","max-image-preview":"max-image-preview:large","max-video-preview":"max-video-preview:-1"},"canonical":"https:\/\/www.villafloresmartin.com\/es\/responsabilidad\/calidad\/","og_locale":"es_ES","og_type":"article","og_title":"Calidad de Productos y Trabajo - Villa Flores Mart\u00edn","og_description":"Villa Flores Mart\u00edn (VFM) dispone de un Sistema de Gesti\u00f3n de la Calidad certificado por AENOR, desde 1997, de acuerdo con la norma ISO 9001. VFM establece su Pol\u00edtica de Calidad en el marco del desarrollo de sus actividades de instalaci\u00f3n, reparaci\u00f3n y mantenimiento, relacionadas con el sector el\u00e9ctrico y obra civil.","og_url":"https:\/\/www.villafloresmartin.com\/es\/responsabilidad\/calidad\/","og_site_name":"Villa Flores Mart\u00edn","article_modified_time":"2021-06-10T11:08:55+00:00","og_image":[{"url":"https:\/\/www.villafloresmartin.com\/es\/wp-content\/uploads\/2017\/05\/cabecera-politica-calidad.jpg","type":"","width":"","height":""}],"twitter_misc":{"Tiempo de lectura":"1 minuto"},"schema":{"@context":"https:\/\/schema.org","@graph":[{"@type":"WebPage","@id":"https:\/\/www.villafloresmartin.com\/es\/responsabilidad\/calidad\/","url":"https:\/\/www.villafloresmartin.com\/es\/responsabilidad\/calidad\/","name":"Calidad de Productos y Trabajo - Villa Flores Mart\u00edn","isPartOf":{"@id":"https:\/\/www.villafloresmartin.com\/es\/#website"},"primaryImageOfPage":{"@id":"https:\/\/www.villafloresmartin.com\/es\/responsabilidad\/calidad\/#primaryimage"},"image":{"@id":"https:\/\/www.villafloresmartin.com\/es\/responsabilidad\/calidad\/#primaryimage"},"thumbnailUrl":"https:\/\/www.villafloresmartin.com\/es\/wp-content\/uploads\/2017\/05\/cabecera-politica-calidad.jpg","datePublished":"2017-05-29T15:52:11+00:00","dateModified":"2021-06-10T11:08:55+00:00","description":"Villa Flores Mart\u00edn (VFM) dispone de un Sistema de Gesti\u00f3n de la Calidad certificado por AENOR, desde 1997, de acuerdo con la norma ISO 9001. VFM establece su Pol\u00edtica de Calidad en el marco del desarrollo de sus actividades de instalaci\u00f3n, reparaci\u00f3n y mantenimiento, relacionadas con el sector el\u00e9ctrico y obra civil.","breadcrumb":{"@id":"https:\/\/www.villafloresmartin.com\/es\/responsabilidad\/calidad\/#breadcrumb"},"inLanguage":"es","potentialAction":[{"@type":"ReadAction","target":["https:\/\/www.villafloresmartin.com\/es\/responsabilidad\/calidad\/"]}]},{"@type":"ImageObject","inLanguage":"es","@id":"https:\/\/www.villafloresmartin.com\/es\/responsabilidad\/calidad\/#primaryimage","url":"https:\/\/www.villafloresmartin.com\/es\/wp-content\/uploads\/2017\/05\/cabecera-politica-calidad.jpg","contentUrl":"https:\/\/www.villafloresmartin.com\/es\/wp-content\/uploads\/2017\/05\/cabecera-politica-calidad.jpg","width":1600,"height":575},{"@type":"BreadcrumbList","@id":"https:\/\/www.villafloresmartin.com\/es\/responsabilidad\/calidad\/#breadcrumb","itemListElement":[{"@type":"ListItem","position":1,"name":"Portada","item":"https:\/\/www.villafloresmartin.com\/es\/"},{"@type":"ListItem","position":2,"name":"Responsabilidad","item":"https:\/\/www.villafloresmartin.com\/es\/responsabilidad\/"},{"@type":"ListItem","position":3,"name":"Calidad"}]},{"@type":"WebSite","@id":"https:\/\/www.villafloresmartin.com\/es\/#website","url":"https:\/\/www.villafloresmartin.com\/es\/","name":"Villa Flores Mart\u00edn","description":"","potentialAction":[{"@type":"SearchAction","target":{"@type":"EntryPoint","urlTemplate":"https:\/\/www.villafloresmartin.com\/es\/?s={search_term_string}"},"query-input":{"@type":"PropertyValueSpecification","valueRequired":true,"valueName":"search_term_string"}}],"inLanguage":"es"}]}},"_links":{"self":[{"href":"https:\/\/www.villafloresmartin.com\/es\/wp-json\/wp\/v2\/pages\/426","targetHints":{"allow":["GET"]}}],"collection":[{"href":"https:\/\/www.villafloresmartin.com\/es\/wp-json\/wp\/v2\/pages"}],"about":[{"href":"https:\/\/www.villafloresmartin.com\/es\/wp-json\/wp\/v2\/types\/page"}],"author":[{"embeddable":true,"href":"https:\/\/www.villafloresmartin.com\/es\/wp-json\/wp\/v2\/users\/2"}],"replies":[{"embeddable":true,"href":"https:\/\/www.villafloresmartin.com\/es\/wp-json\/wp\/v2\/comments?post=426"}],"version-history":[{"count":0,"href":"https:\/\/www.villafloresmartin.com\/es\/wp-json\/wp\/v2\/pages\/426\/revisions"}],"up":[{"embeddable":true,"href":"https:\/\/www.villafloresmartin.com\/es\/wp-json\/wp\/v2\/pages\/14"}],"wp:attachment":[{"href":"https:\/\/www.villafloresmartin.com\/es\/wp-json\/wp\/v2\/media?parent=426"}],"curies":[{"name":"wp","href":"https:\/\/api.w.org\/{rel}","templated":true}]}}