{"id":424,"date":"2017-05-29T17:51:43","date_gmt":"2017-05-29T15:51:43","guid":{"rendered":"https:\/\/www.villafloresmartin.com\/es\/?page_id=424"},"modified":"2023-08-04T09:03:23","modified_gmt":"2023-08-04T07:03:23","slug":"medio-ambiente","status":"publish","type":"page","link":"https:\/\/www.villafloresmartin.com\/es\/responsabilidad\/medio-ambiente\/","title":{"rendered":"Medio ambiente"},"content":{"rendered":"<p class=\"no-margin\"><img  title=\"Medio ambiente - Villa Flores Mart\u00edn\" loading=\"lazy\" decoding=\"async\" class=\"aligncenter size-full wp-image-553 img-full\" src=\"https:\/\/www.villafloresmartin.com\/es\/wp-content\/uploads\/2017\/05\/cabecera-politica-ambiental.jpg\"  alt=\"Medio ambiente - Villa Flores Mart\u00edn\"  width=\"1600\" height=\"575\" srcset=\"https:\/\/www.villafloresmartin.com\/es\/wp-content\/uploads\/2017\/05\/cabecera-politica-ambiental.jpg 1600w, https:\/\/www.villafloresmartin.com\/es\/wp-content\/uploads\/2017\/05\/cabecera-politica-ambiental-300x108.jpg 300w, https:\/\/www.villafloresmartin.com\/es\/wp-content\/uploads\/2017\/05\/cabecera-politica-ambiental-768x276.jpg 768w, https:\/\/www.villafloresmartin.com\/es\/wp-content\/uploads\/2017\/05\/cabecera-politica-ambiental-1024x368.jpg 1024w\" sizes=\"auto, (max-width: 1600px) 100vw, 1600px\" \/><\/p>\n<h1 class=\"text-center mt-4 mb-4\">Medio ambiente<\/h1>\n<div class=\"adorno-naranja\"><\/div>\n<div class=\"container mt-4 mb-4\">\n<div class=\"row\">\n<div class=\"col-md-12 dos-columnas\">\n<p class=\"texto\">Villa Flores Mart\u00edn (VFM) dispone de un Sistema de Gesti\u00f3n Ambiental certificado por <a href=\"http:\/\/www.aenor.es\/aenor\/certificacion\/mambiente\/iso14001.asp#.WTU_vmjyi70\" target=\"_blank\" rel=\"noopener noreferrer\"><strong>AENOR<\/strong><\/a>, desde 2001, de acuerdo con la norma ISO 14001. En esta l\u00ednea, nuestra compa\u00f1\u00eda tambi\u00e9n ha sido certificada por la entidad Bureau Veritas con la norma UNE ISO 14064-1:2018, que acredita el cumplimiento del c\u00e1lculo y la aplicaci\u00f3n de la Huella de Carbono en la actividad desarrollada.<\/p>\n<p class=\"texto\">La direcci\u00f3n de Villa Flores Mart\u00edn es consciente de que el desarrollo humano debe ser sostenible, de tal modo que las generaciones venideras encuentren un entorno no degradado. Compatibilizar la eficacia de la empresa con la preservaci\u00f3n del medio ambiente es una meta ineludible dentro de la gesti\u00f3n de la empresa, dado que \u00e9sta se encuentra firmemente comprometida con las exigencias de la sociedad actual.<\/p>\n<p class=\"texto\">VFM establece su Pol\u00edtica Ambiental en el marco de su actividad, motivada por el deseo de la mejora ambiental continua, adquiriendo un compromiso con la sociedad traducido en el mejor aprovechamiento de los recursos y la disminuci\u00f3n o eliminaci\u00f3n de los focos contaminantes.<\/p>\n<\/div>\n<\/div>\n<\/div>\n<div class=\"container-fluid\">\n<div class=\"row mt-4 mb-4\">\n<div class=\"col-md-6 fondo-naranja padding-3\">\n<h2>En este sentido, nuestra pol\u00edtica ambiental se fundamenta en las siguientes directrices:<\/h2>\n<ul>\n<li>Compromiso de la Gerencia para impulsar la implantaci\u00f3n de un Sistema de Gesti\u00f3n Ambiental, asegurando la prevenci\u00f3n de la contaminaci\u00f3n, una mejora continua y la minimizaci\u00f3n de los efectos ambientales que sean significativos.<\/li>\n<li>Establecimiento de unos objetivos y metas que garanticen la mejora continua de los resultados ambientales obtenidos.<\/li>\n<li>Cumplimiento de la legislaci\u00f3n legal aplicable en todo momento, de cualquier requisito que se suscriba en relaci\u00f3n a los aspectos ambientales y, en la medida de lo posible, adelantarse a las disposiciones legales de futura aparici\u00f3n.<\/li>\n<li>Establecimiento de los mecanismos necesarios para prevenir la contaminaci\u00f3n durante el desarrollo de nuestra actividad.<\/li>\n<li>Utilizaci\u00f3n racional de los distintos recursos energ\u00e9ticos.<\/li>\n<li>Formaci\u00f3n y sensibilizaci\u00f3n del personal, especialmente de aquel directamente relacionado con nuestra actividad productiva.<\/li>\n<\/ul>\n<\/div>\n<div class=\"col-md-6 fondo-gris padding-3\">\n<p class=\"texto\">Villa Flores Mart\u00edn ha dise\u00f1ado un Sistema de Gesti\u00f3n Ambiental de acuerdo con la norma UNE EN ISO 14001 y se compromete a mantenerlo y actualizarlo con la periodicidad adecuada, difundiendo su Pol\u00edtica Ambiental a todos los empleados, proveedores y subcontratistas de la misma, as\u00ed como a mantenerla a disposici\u00f3n del p\u00fablico en general.<\/p>\n<p class=\"texto\">Con respecto a la normativa UNE ISO 14064-1:2018, su aplicaci\u00f3n establece el cumplimiento satisfactorio del c\u00e1lculo de gases de efecto invernadero (GEI), as\u00ed como de la metodolog\u00eda aplicada para el c\u00e1lculo y la declaraci\u00f3n del consumo de energ\u00eda y de emisiones de efecto invernadero que se producen en los servicios de distribuci\u00f3n el\u00e9ctrica que realizamos.<\/p>\n<p class=\"texto\">La Huella de Carbono se aplica a las siguientes actividades:<\/p>\n<ul>\n<li>Montaje y mantenimiento de centros de transformaci\u00f3n, subestaciones y telemandos, l\u00edneas a\u00e9reas y subterr\u00e1neas de Alta, Media y Baja Tensi\u00f3n; y redes trenzadas de Media y Baja Tensi\u00f3n.<\/li>\n<li>Obra civil para infraestructuras el\u00e9ctricas, hidr\u00e1ulicas y de gas.<\/li>\n<li>Ensayos, localizaci\u00f3n y diagnosis de l\u00edneas de Alta, Media y Baja Tensi\u00f3n.<\/li>\n<\/ul>\n<\/div>\n<\/div>\n<div class=\"content_block\" id=\"custom_post_widget-2058\"><div class=\"row mt-5 mb-3\">\n<div class=\"col-md-4 mosaico-home borde-derecha\">\n<div class=\"fondo-sostenibilidad-ambiental mosaico-escala mosaico-escala-int\">\n<h3><a class=\"d-flex justify-content-center flex-column\" href=\"https:\/\/www.villafloresmartin.com\/es\/responsabilidad\/medio-ambiente\/\">Medio ambiente<\/a><\/h3>\n<\/div>\n<\/div>\n<div class=\"col-md-4 mosaico-home borde-derecha-izquierda\">\n<div class=\"fondo-sostenibilidad-calidad mosaico-escala mosaico-escala-int\">\n<h3><a class=\"d-flex justify-content-center flex-column\" href=\"https:\/\/www.villafloresmartin.com\/es\/responsabilidad\/calidad\/\">Calidad<\/a><\/h3>\n<\/div>\n<\/div>\n<div class=\"col-md-4 mosaico-home borde-izquierda\">\n<div class=\"fondo-sostenibilidad-seguridad mosaico-escala mosaico-escala-int\">\n<h3><a class=\"d-flex justify-content-center flex-column\" href=\"https:\/\/www.villafloresmartin.com\/es\/responsabilidad\/seguridad\/\">Seguridad<\/a><\/h3>\n<\/div>\n<\/div>\n<\/div>\n<div class=\"row mt-4 mb-4\">\n<div class=\"col-md-3 mosaico-home borde-derecha\">\n<div class=\"fondo-sostenibilidad-responsabilidad mosaico-escala mosaico-escala-int\">\n<h3><a class=\"d-flex justify-content-center flex-column\" href=\"https:\/\/www.villafloresmartin.com\/es\/responsabilidad\/responsabilidad-social-corporativa\">Responsabilidad social corporativa<\/a><\/h3>\n<\/div>\n<\/div>\n<div class=\"col-md-3 mosaico-home borde-derecha-izquierda\">\n<div class=\"fondo-sostenibilidad-formacion mosaico-escala mosaico-escala-int\">\n<h3><a class=\"d-flex justify-content-center flex-column\" href=\"https:\/\/www.villafloresmartin.com\/es\/responsabilidad\/formacion\">Formaci\u00f3n<\/a><\/h3>\n<\/div>\n<\/div>\n<div class=\"col-md-3 mosaico-home borde-izquierda\">\n<div class=\"fondo-sostenibilidad-certificaciones mosaico-escala mosaico-escala-int\">\n<h3><a class=\"d-flex justify-content-center flex-column\" href=\"https:\/\/www.villafloresmartin.com\/es\/responsabilidad\/certificaciones\">Certificaciones<\/a><\/h3>\n<\/div>\n<\/div>\n<div class=\"col-md-3 mosaico-home borde-izquierda\">\n<div class=\"fondo-seguridad-pandemia mosaico-escala mosaico-escala-int\">\n<h3><a class=\"d-flex justify-content-center flex-column\" href=\"https:\/\/www.villafloresmartin.com\/es\/responsabilidad\/trabajo-seguro-en-pandemia\/\">Trabajo seguro en pandemia<\/a><\/h3>\n<\/div>\n<\/div>\n<\/div>\n<\/div>\n<\/div>\n","protected":false},"excerpt":{"rendered":"<p>Medio ambiente Villa Flores Mart\u00edn (VFM) dispone de un Sistema de Gesti\u00f3n Ambiental certificado por AENOR, desde 2001, de acuerdo con la norma ISO 14001. En esta l\u00ednea, nuestra compa\u00f1\u00eda tambi\u00e9n ha sido certificada por la entidad Bureau Veritas con la norma UNE ISO 14064-1:2018, que acredita el cumplimiento del c\u00e1lculo y la aplicaci\u00f3n de [&#8230;]<\/p>\n<p><a class=\"btn btn-secondary understrap-read-more-link\" href=\"https:\/\/www.villafloresmartin.com\/es\/responsabilidad\/medio-ambiente\/\">Leer m\u00e1s&#8230;<\/a><\/p>\n","protected":false},"author":2,"featured_media":0,"parent":14,"menu_order":0,"comment_status":"closed","ping_status":"closed","template":"page-templates\/empty.php","meta":{"footnotes":""},"class_list":["post-424","page","type-page","status-publish","hentry"],"yoast_head":"<!-- This site is optimized with the Yoast SEO plugin v26.9 - https:\/\/yoast.com\/product\/yoast-seo-wordpress\/ -->\n<title>Pol\u00edtica Ambiental de la Empresa Villa Flores Mart\u00edn<\/title>\n<meta name=\"description\" content=\"VFM establece su Pol\u00edtica Ambiental en el marco de su actividad, motivada por el deseo de la mejora ambiental continua, adquiriendo un compromiso con la sociedad traducido en el mejor aprovechamiento de los recursos y la disminuci\u00f3n o eliminaci\u00f3n de los focos contaminantes.\" \/>\n<meta name=\"robots\" content=\"index, follow, max-snippet:-1, max-image-preview:large, max-video-preview:-1\" \/>\n<link rel=\"canonical\" href=\"https:\/\/www.villafloresmartin.com\/es\/responsabilidad\/medio-ambiente\/\" \/>\n<meta property=\"og:locale\" content=\"es_ES\" \/>\n<meta property=\"og:type\" content=\"article\" \/>\n<meta property=\"og:title\" content=\"Pol\u00edtica Ambiental de la Empresa Villa Flores Mart\u00edn\" \/>\n<meta property=\"og:description\" content=\"VFM establece su Pol\u00edtica Ambiental en el marco de su actividad, motivada por el deseo de la mejora ambiental continua, adquiriendo un compromiso con la sociedad traducido en el mejor aprovechamiento de los recursos y la disminuci\u00f3n o eliminaci\u00f3n de los focos contaminantes.\" \/>\n<meta property=\"og:url\" content=\"https:\/\/www.villafloresmartin.com\/es\/responsabilidad\/medio-ambiente\/\" \/>\n<meta property=\"og:site_name\" content=\"Villa Flores Mart\u00edn\" \/>\n<meta property=\"article:modified_time\" content=\"2023-08-04T07:03:23+00:00\" \/>\n<meta property=\"og:image\" content=\"https:\/\/www.villafloresmartin.com\/es\/wp-content\/uploads\/2017\/05\/cabecera-politica-ambiental.jpg\" \/>\n<meta name=\"twitter:label1\" content=\"Tiempo de lectura\" \/>\n\t<meta name=\"twitter:data1\" content=\"3 minutos\" \/>\n<script type=\"application\/ld+json\" class=\"yoast-schema-graph\">{\"@context\":\"https:\/\/schema.org\",\"@graph\":[{\"@type\":\"WebPage\",\"@id\":\"https:\/\/www.villafloresmartin.com\/es\/responsabilidad\/medio-ambiente\/\",\"url\":\"https:\/\/www.villafloresmartin.com\/es\/responsabilidad\/medio-ambiente\/\",\"name\":\"Pol\u00edtica Ambiental de la Empresa Villa Flores Mart\u00edn\",\"isPartOf\":{\"@id\":\"https:\/\/www.villafloresmartin.com\/es\/#website\"},\"primaryImageOfPage\":{\"@id\":\"https:\/\/www.villafloresmartin.com\/es\/responsabilidad\/medio-ambiente\/#primaryimage\"},\"image\":{\"@id\":\"https:\/\/www.villafloresmartin.com\/es\/responsabilidad\/medio-ambiente\/#primaryimage\"},\"thumbnailUrl\":\"https:\/\/www.villafloresmartin.com\/es\/wp-content\/uploads\/2017\/05\/cabecera-politica-ambiental.jpg\",\"datePublished\":\"2017-05-29T15:51:43+00:00\",\"dateModified\":\"2023-08-04T07:03:23+00:00\",\"description\":\"VFM establece su Pol\u00edtica Ambiental en el marco de su actividad, motivada por el deseo de la mejora ambiental continua, adquiriendo un compromiso con la sociedad traducido en el mejor aprovechamiento de los recursos y la disminuci\u00f3n o eliminaci\u00f3n de los focos contaminantes.\",\"breadcrumb\":{\"@id\":\"https:\/\/www.villafloresmartin.com\/es\/responsabilidad\/medio-ambiente\/#breadcrumb\"},\"inLanguage\":\"es\",\"potentialAction\":[{\"@type\":\"ReadAction\",\"target\":[\"https:\/\/www.villafloresmartin.com\/es\/responsabilidad\/medio-ambiente\/\"]}]},{\"@type\":\"ImageObject\",\"inLanguage\":\"es\",\"@id\":\"https:\/\/www.villafloresmartin.com\/es\/responsabilidad\/medio-ambiente\/#primaryimage\",\"url\":\"https:\/\/www.villafloresmartin.com\/es\/wp-content\/uploads\/2017\/05\/cabecera-politica-ambiental.jpg\",\"contentUrl\":\"https:\/\/www.villafloresmartin.com\/es\/wp-content\/uploads\/2017\/05\/cabecera-politica-ambiental.jpg\",\"width\":1600,\"height\":575},{\"@type\":\"BreadcrumbList\",\"@id\":\"https:\/\/www.villafloresmartin.com\/es\/responsabilidad\/medio-ambiente\/#breadcrumb\",\"itemListElement\":[{\"@type\":\"ListItem\",\"position\":1,\"name\":\"Portada\",\"item\":\"https:\/\/www.villafloresmartin.com\/es\/\"},{\"@type\":\"ListItem\",\"position\":2,\"name\":\"Responsabilidad\",\"item\":\"https:\/\/www.villafloresmartin.com\/es\/responsabilidad\/\"},{\"@type\":\"ListItem\",\"position\":3,\"name\":\"Medio ambiente\"}]},{\"@type\":\"WebSite\",\"@id\":\"https:\/\/www.villafloresmartin.com\/es\/#website\",\"url\":\"https:\/\/www.villafloresmartin.com\/es\/\",\"name\":\"Villa Flores Mart\u00edn\",\"description\":\"\",\"potentialAction\":[{\"@type\":\"SearchAction\",\"target\":{\"@type\":\"EntryPoint\",\"urlTemplate\":\"https:\/\/www.villafloresmartin.com\/es\/?s={search_term_string}\"},\"query-input\":{\"@type\":\"PropertyValueSpecification\",\"valueRequired\":true,\"valueName\":\"search_term_string\"}}],\"inLanguage\":\"es\"}]}<\/script>\n<!-- \/ Yoast SEO plugin. -->","yoast_head_json":{"title":"Pol\u00edtica Ambiental de la Empresa Villa Flores Mart\u00edn","description":"VFM establece su Pol\u00edtica Ambiental en el marco de su actividad, motivada por el deseo de la mejora ambiental continua, adquiriendo un compromiso con la sociedad traducido en el mejor aprovechamiento de los recursos y la disminuci\u00f3n o eliminaci\u00f3n de los focos contaminantes.","robots":{"index":"index","follow":"follow","max-snippet":"max-snippet:-1","max-image-preview":"max-image-preview:large","max-video-preview":"max-video-preview:-1"},"canonical":"https:\/\/www.villafloresmartin.com\/es\/responsabilidad\/medio-ambiente\/","og_locale":"es_ES","og_type":"article","og_title":"Pol\u00edtica Ambiental de la Empresa Villa Flores Mart\u00edn","og_description":"VFM establece su Pol\u00edtica Ambiental en el marco de su actividad, motivada por el deseo de la mejora ambiental continua, adquiriendo un compromiso con la sociedad traducido en el mejor aprovechamiento de los recursos y la disminuci\u00f3n o eliminaci\u00f3n de los focos contaminantes.","og_url":"https:\/\/www.villafloresmartin.com\/es\/responsabilidad\/medio-ambiente\/","og_site_name":"Villa Flores Mart\u00edn","article_modified_time":"2023-08-04T07:03:23+00:00","og_image":[{"url":"https:\/\/www.villafloresmartin.com\/es\/wp-content\/uploads\/2017\/05\/cabecera-politica-ambiental.jpg","type":"","width":"","height":""}],"twitter_misc":{"Tiempo de lectura":"3 minutos"},"schema":{"@context":"https:\/\/schema.org","@graph":[{"@type":"WebPage","@id":"https:\/\/www.villafloresmartin.com\/es\/responsabilidad\/medio-ambiente\/","url":"https:\/\/www.villafloresmartin.com\/es\/responsabilidad\/medio-ambiente\/","name":"Pol\u00edtica Ambiental de la Empresa Villa Flores Mart\u00edn","isPartOf":{"@id":"https:\/\/www.villafloresmartin.com\/es\/#website"},"primaryImageOfPage":{"@id":"https:\/\/www.villafloresmartin.com\/es\/responsabilidad\/medio-ambiente\/#primaryimage"},"image":{"@id":"https:\/\/www.villafloresmartin.com\/es\/responsabilidad\/medio-ambiente\/#primaryimage"},"thumbnailUrl":"https:\/\/www.villafloresmartin.com\/es\/wp-content\/uploads\/2017\/05\/cabecera-politica-ambiental.jpg","datePublished":"2017-05-29T15:51:43+00:00","dateModified":"2023-08-04T07:03:23+00:00","description":"VFM establece su Pol\u00edtica Ambiental en el marco de su actividad, motivada por el deseo de la mejora ambiental continua, adquiriendo un compromiso con la sociedad traducido en el mejor aprovechamiento de los recursos y la disminuci\u00f3n o eliminaci\u00f3n de los focos contaminantes.","breadcrumb":{"@id":"https:\/\/www.villafloresmartin.com\/es\/responsabilidad\/medio-ambiente\/#breadcrumb"},"inLanguage":"es","potentialAction":[{"@type":"ReadAction","target":["https:\/\/www.villafloresmartin.com\/es\/responsabilidad\/medio-ambiente\/"]}]},{"@type":"ImageObject","inLanguage":"es","@id":"https:\/\/www.villafloresmartin.com\/es\/responsabilidad\/medio-ambiente\/#primaryimage","url":"https:\/\/www.villafloresmartin.com\/es\/wp-content\/uploads\/2017\/05\/cabecera-politica-ambiental.jpg","contentUrl":"https:\/\/www.villafloresmartin.com\/es\/wp-content\/uploads\/2017\/05\/cabecera-politica-ambiental.jpg","width":1600,"height":575},{"@type":"BreadcrumbList","@id":"https:\/\/www.villafloresmartin.com\/es\/responsabilidad\/medio-ambiente\/#breadcrumb","itemListElement":[{"@type":"ListItem","position":1,"name":"Portada","item":"https:\/\/www.villafloresmartin.com\/es\/"},{"@type":"ListItem","position":2,"name":"Responsabilidad","item":"https:\/\/www.villafloresmartin.com\/es\/responsabilidad\/"},{"@type":"ListItem","position":3,"name":"Medio ambiente"}]},{"@type":"WebSite","@id":"https:\/\/www.villafloresmartin.com\/es\/#website","url":"https:\/\/www.villafloresmartin.com\/es\/","name":"Villa Flores Mart\u00edn","description":"","potentialAction":[{"@type":"SearchAction","target":{"@type":"EntryPoint","urlTemplate":"https:\/\/www.villafloresmartin.com\/es\/?s={search_term_string}"},"query-input":{"@type":"PropertyValueSpecification","valueRequired":true,"valueName":"search_term_string"}}],"inLanguage":"es"}]}},"_links":{"self":[{"href":"https:\/\/www.villafloresmartin.com\/es\/wp-json\/wp\/v2\/pages\/424","targetHints":{"allow":["GET"]}}],"collection":[{"href":"https:\/\/www.villafloresmartin.com\/es\/wp-json\/wp\/v2\/pages"}],"about":[{"href":"https:\/\/www.villafloresmartin.com\/es\/wp-json\/wp\/v2\/types\/page"}],"author":[{"embeddable":true,"href":"https:\/\/www.villafloresmartin.com\/es\/wp-json\/wp\/v2\/users\/2"}],"replies":[{"embeddable":true,"href":"https:\/\/www.villafloresmartin.com\/es\/wp-json\/wp\/v2\/comments?post=424"}],"version-history":[{"count":1,"href":"https:\/\/www.villafloresmartin.com\/es\/wp-json\/wp\/v2\/pages\/424\/revisions"}],"predecessor-version":[{"id":2363,"href":"https:\/\/www.villafloresmartin.com\/es\/wp-json\/wp\/v2\/pages\/424\/revisions\/2363"}],"up":[{"embeddable":true,"href":"https:\/\/www.villafloresmartin.com\/es\/wp-json\/wp\/v2\/pages\/14"}],"wp:attachment":[{"href":"https:\/\/www.villafloresmartin.com\/es\/wp-json\/wp\/v2\/media?parent=424"}],"curies":[{"name":"wp","href":"https:\/\/api.w.org\/{rel}","templated":true}]}}