{"id":383,"date":"2017-05-29T12:15:56","date_gmt":"2017-05-29T10:15:56","guid":{"rendered":"https:\/\/www.villafloresmartin.com\/es\/?page_id=383"},"modified":"2019-04-04T11:39:55","modified_gmt":"2019-04-04T09:39:55","slug":"revision-termografica","status":"publish","type":"page","link":"https:\/\/www.villafloresmartin.com\/es\/servicios\/mantenimiento-instalaciones-electricas\/revision-termografica\/","title":{"rendered":"Revisi\u00f3n termogr\u00e1fica"},"content":{"rendered":"<p class=\"no-margin\"><div id=\"metaslider-id-888\" style=\"width: 100%;\" class=\"ml-slider-3-105-0 metaslider metaslider-flex metaslider-888 ml-slider ms-theme-default nav-hidden\" role=\"region\" aria-label=\"termograf\" data-height=\"575\" data-width=\"1600\">\n    <div id=\"metaslider_container_888\">\n        <div id=\"metaslider_888\">\n            <ul class='slides'>\n                <li style=\"display: block; width: 100%;\" class=\"slide-894 ms-image \" aria-roledescription=\"slide\" data-date=\"2017-06-08 18:13:23\" data-filename=\"cabecera-revision-termografica-1.jpg\" data-slide-type=\"image\"><img  title=\"Revisi\u00f3n termogr\u00e1fica - Villa Flores Mart\u00edn\" loading=\"lazy\" decoding=\"async\" src=\"https:\/\/www.villafloresmartin.com\/es\/wp-content\/uploads\/2017\/05\/cabecera-revision-termografica-1.jpg\" height=\"575\" width=\"1600\"  alt=\"Revisi\u00f3n termogr\u00e1fica - Villa Flores Mart\u00edn\"  class=\"slider-888 slide-894 msDefaultImage\" \/><\/li>\n                <li style=\"display: none; width: 100%;\" class=\"slide-896 ms-image \" aria-roledescription=\"slide\" data-date=\"2017-06-08 18:13:35\" data-filename=\"cabecera-revision-termografica-b-800x287.jpg\" data-slide-type=\"image\"><img  title=\"Revisi\u00f3n termogr\u00e1fica - Villa Flores Mart\u00edn\" loading=\"lazy\" decoding=\"async\" src=\"https:\/\/www.villafloresmartin.com\/es\/wp-content\/uploads\/2017\/06\/cabecera-revision-termografica-b-800x287.jpg\" height=\"575\" width=\"1600\"  alt=\"Revisi\u00f3n termogr\u00e1fica - Villa Flores Mart\u00edn\"  class=\"slider-888 slide-896 msDefaultImage\" \/><\/li>\n            <\/ul>\n        <\/div>\n        \n    <\/div>\n<\/div>\n<h1 class=\"text-center mt-4 mb-4\">Revisi\u00f3n termogr\u00e1fica<\/h1>\n<div class=\"adorno-naranja\"><\/div>\n<div class=\"container mt-4 mb-4\">\n<div class=\"row\">\n<div class=\"col-md-12 dos-columnas\">\n<p class=\"texto\">Con el fin de aportar a los clientes un servicio de mantenimiento predictivo de calidad, Villa Flores Mart\u00edn (VFM) dispone de c\u00e1maras termogr\u00e1ficas de \u00faltima generaci\u00f3n. Con ellas nuestro personal experimentado realizar\u00e1 las revisiones termogr\u00e1ficas pertinentes a las instalaciones de Baja y Alta Tensi\u00f3n de los clientes. Asimismo, el servicio se ve complementado con un informe exhaustivo de los puntos calientes que pueden existir en sus instalaciones el\u00e9ctricas.<\/p>\n<p class=\"texto\">El mantenimiento preventivo es fundamental en las instalaciones de Alta y Baja Tensi\u00f3n. Gracias a este tipo de mantenimiento se pueden reducir las incidencias provocadas por una aver\u00eda. Ayuda a prever qu\u00e9 componentes est\u00e1n a punto de estropearse, lo cual precisa en qu\u00e9 momento adoptar las debidas medidas correctivas. Por desgracia, los peores problemas permanecen ocultos hasta que es demasiado tarde y este sistema permite que los enfrentemos con eficacia.<\/p>\n<\/div>\n<\/div>\n<\/div>\n<div class=\"row mt-4 mb-4\">\n<div class=\"col-md-6 fondo-gris padding-3\">\n<h2>La revisi\u00f3n termogr\u00e1fica como gran factor preventivo<\/h2>\n<p class=\"texto\">De forma concreta, un mantenimiento preventivo fundamental es la revisi\u00f3n termogr\u00e1fica en las instalaciones el\u00e9ctricas. En este tipo de revisi\u00f3n se efect\u00faa una inspecci\u00f3n en condiciones normales de funcionamiento, observando si se producen puntos calientes (puntos con una temperatura superior a la establecida como normal) para analizar las causas e implantar medidas correctoras.<\/p>\n<p class=\"texto\">El calor es un factor importante en las instalaciones el\u00e9ctricas. Cuando la corriente el\u00e9ctrica pasa a trav\u00e9s de un elemento resistivo genera calor. Una mayor resistencia produce un aumento de la temperatura. Con el tiempo, la resistencia de las conexiones el\u00e9ctricas aumenta debido, por ejemplo, a la holgura o la corrosi\u00f3n.<\/p>\n<\/div>\n<div class=\"col-md-6 fondo-naranja padding-3\">\n<p class=\"texto\">El correspondiente incremento de la temperatura puede hacer que los componentes fallen, lo que puede provocar cortes de tensi\u00f3n inesperados. Adem\u00e1s, la energ\u00eda empleada en generar calor provoca p\u00e9rdidas de energ\u00eda innecesarias. Si no se comprueba, el calor podr\u00eda acumularse hasta el punto de fundir conexiones y provocar aver\u00edas o incluso incendios.<\/p>\n<h3 class=\"mt-4\">Algunos ejemplos de fallos en instalaciones el\u00e9ctricas que se pueden detectar con termograf\u00eda son:<\/h3>\n<ul>\n<li>Oxidaci\u00f3n de interruptores.<\/li>\n<li>Conexiones recalentadas.<\/li>\n<li>Conexiones mal aseguradas.<\/li>\n<li>Defectos de aislamiento, entre otros.<\/li>\n<\/ul>\n<\/div>\n<\/div>\n<div class=\"divider-gris mt-5 mb-4\"><\/div>\n<h2 class=\"text-center\">Contacta con nosotros<\/h2>\n<div class=\"adorno-naranja\"><\/div>\n<div class=\"container mt-4 mb-4\">\n<div class=\"wpcf7 no-js\" id=\"wpcf7-f390-o1\" lang=\"es-ES\" dir=\"ltr\" data-wpcf7-id=\"390\">\n<div class=\"screen-reader-response\"><p role=\"status\" aria-live=\"polite\" aria-atomic=\"true\"><\/p> <ul><\/ul><\/div>\n<form action=\"\/es\/wp-json\/wp\/v2\/pages\/383#wpcf7-f390-o1\" method=\"post\" class=\"wpcf7-form init\" aria-label=\"Formulario de contacto\" novalidate=\"novalidate\" data-status=\"init\">\n<fieldset class=\"hidden-fields-container\"><input type=\"hidden\" name=\"_wpcf7\" value=\"390\" \/><input type=\"hidden\" name=\"_wpcf7_version\" value=\"6.1.4\" \/><input type=\"hidden\" name=\"_wpcf7_locale\" value=\"es_ES\" \/><input type=\"hidden\" name=\"_wpcf7_unit_tag\" value=\"wpcf7-f390-o1\" \/><input type=\"hidden\" name=\"_wpcf7_container_post\" value=\"0\" \/><input type=\"hidden\" name=\"_wpcf7_posted_data_hash\" value=\"\" \/><input type=\"hidden\" name=\"_wpcf7_recaptcha_response\" value=\"\" \/>\n<\/fieldset>\n<div class=\"row\">\n\t<div class=\"col-md-6\">\n\t\t<p><label> <span class=\"wpcf7-form-control-wrap\" data-name=\"your-name\"><input size=\"40\" maxlength=\"400\" class=\"wpcf7-form-control wpcf7-text wpcf7-validates-as-required form-int\" aria-required=\"true\" aria-invalid=\"false\" placeholder=\"Nombre (*)\" value=\"\" type=\"text\" name=\"your-name\" \/><\/span> <\/label>\n\t\t<\/p>\n\t<\/div>\n\t<div class=\"col-md-6\">\n\t\t<p><label> <span class=\"wpcf7-form-control-wrap\" data-name=\"your-email\"><input size=\"40\" maxlength=\"400\" class=\"wpcf7-form-control wpcf7-email wpcf7-validates-as-required wpcf7-text wpcf7-validates-as-email form-int\" aria-required=\"true\" aria-invalid=\"false\" placeholder=\"Email (*)\" value=\"\" type=\"email\" name=\"your-email\" \/><\/span> <\/label>\n\t\t<\/p>\n\t<\/div>\n<\/div>\n<div class=\"row mt-3\">\n\t<div class=\"col-md-6\">\n\t\t<p><label> <span class=\"wpcf7-form-control-wrap\" data-name=\"tel-308\"><input size=\"40\" maxlength=\"400\" class=\"wpcf7-form-control wpcf7-tel wpcf7-text wpcf7-validates-as-tel form-int\" aria-invalid=\"false\" placeholder=\"Tel\u00e9fono\" value=\"\" type=\"tel\" name=\"tel-308\" \/><\/span> <\/label>\n\t\t<\/p>\n\t<\/div>\n\t<div class=\"col-md-6\">\n\t\t<p><label> <span class=\"wpcf7-form-control-wrap\" data-name=\"tipo-servicio\"><select class=\"wpcf7-form-control wpcf7-select form-int\" aria-invalid=\"false\" name=\"tipo-servicio\"><option value=\"Tipo de servicio\">Tipo de servicio<\/option><option value=\"Mantenimiento preventivo y correctivo en Alta y Baja Tensi\u00f3n\">Mantenimiento preventivo y correctivo en Alta y Baja Tensi\u00f3n<\/option><option value=\"Revisi\u00f3n termogr\u00e1fica\">Revisi\u00f3n termogr\u00e1fica<\/option><\/select><\/span> <\/label>\n\t\t<\/p>\n\t<\/div>\n<\/div>\n<div class=\"row mt-3\">\n\t<div class=\"col-md-12\">\n\t\t<p><label> <span class=\"wpcf7-form-control-wrap\" data-name=\"your-message\"><textarea cols=\"40\" rows=\"3\" maxlength=\"2000\" class=\"wpcf7-form-control wpcf7-textarea form-int\" aria-invalid=\"false\" placeholder=\"Mensaje\" name=\"your-message\"><\/textarea><\/span> <\/label>\n\t\t<\/p>\n\t<\/div>\n<\/div>\n<div class=\"row mt-3\">\n\t<div class=\"col-md-12\">\n\t\t<p class=\"text-center\"><span class=\"wpcf7-form-control-wrap\" data-name=\"acceptance-788\"><span class=\"wpcf7-form-control wpcf7-acceptance\"><span class=\"wpcf7-list-item\"><input type=\"checkbox\" name=\"acceptance-788\" value=\"1\" aria-invalid=\"false\" \/><\/span><\/span><\/span> He le\u00eddo y acepto la <a target=\"_blank\" href=\"https:\/\/www.villafloresmartin.com\/es\/aviso-legal\/\">pol\u00edtica de privacidad<\/a>\n\t\t<\/p>\n\t<\/div>\n<\/div>\n<div class=\"row mt-3\">\n\t<div class=\"col-md-12\">\n\t\t<p><input class=\"wpcf7-form-control wpcf7-submit has-spinner btn-int\" type=\"submit\" value=\"Enviar\" \/>\n\t\t<\/p>\n\t<\/div>\n<\/div><p style=\"display: none !important;\" class=\"akismet-fields-container\" data-prefix=\"_wpcf7_ak_\"><label>&#916;<textarea name=\"_wpcf7_ak_hp_textarea\" cols=\"45\" rows=\"8\" maxlength=\"100\"><\/textarea><\/label><input type=\"hidden\" id=\"ak_js_1\" name=\"_wpcf7_ak_js\" value=\"197\"\/><script>document.getElementById( \"ak_js_1\" ).setAttribute( \"value\", ( new Date() ).getTime() );<\/script><\/p><div class=\"wpcf7-response-output\" aria-hidden=\"true\"><\/div>\n<\/form>\n<\/div>\n<\/div>\n<div class=\"row mt-5 mb-3\">\n<div class=\"col-md-3 mosaico-home borde-derecha\">\n<div class=\"fondo-ingenieria-proyectos mosaico-escala mosaico-escala-int\">\n<h3><a class=\"d-flex justify-content-center flex-column\" href=\"https:\/\/www.villafloresmartin.com\/es\/servicios\/ingenieria-y-proyectos\/\">Ingenier\u00eda y proyectos<\/a><\/h3>\n<\/div>\n<\/div>\n<div class=\"col-md-3 mosaico-home borde-derecha-izquierda\">\n<div class=\"fondo-redes-distribucion mosaico-escala mosaico-escala-int\">\n<h3><a class=\"d-flex justify-content-center flex-column\" href=\"https:\/\/www.villafloresmartin.com\/es\/servicios\/redes-distribucion-alta-media-baja-tension\/\">Redes de distribuci\u00f3n de alta, media y baja tensi\u00f3n<\/a><\/h3>\n<\/div>\n<\/div>\n<div class=\"col-md-3 mosaico-home borde-derecha-izquierda\">\n<div class=\"fondo-localizacion-ensayos mosaico-escala mosaico-escala-int\">\n<h3><a class=\"d-flex justify-content-center flex-column\" href=\"https:\/\/www.villafloresmartin.com\/es\/servicios\/localizacion-ensayos-diagnosis-lineas-subterraneas-electricas\/\">Localizaci\u00f3n, ensayos y diagnosis de l\u00edneas subterr\u00e1neas el\u00e9ctricas<\/a><\/h3>\n<\/div>\n<\/div>\n<div class=\"col-md-3 mosaico-home borde-izquierda\">\n<div class=\"fondo-servicios-energia mosaico-escala mosaico-escala-int\">\n<h3><a class=\"d-flex justify-content-center flex-column\" href=\"https:\/\/www.villafloresmartin.com\/es\/servicios\/servicios-energia-electrica\/\">Servicios de energ\u00eda el\u00e9ctrica<\/a><\/h3>\n<\/div>\n<\/div>\n<\/div>\n<div class=\"row mb-4\">\n<div class=\"col-md-3 mosaico-home borde-derecha\">\n<div class=\"fondo-obra-civil mosaico-escala mosaico-escala-int\">\n<h3><a class=\"d-flex justify-content-center flex-column\" href=\"https:\/\/www.villafloresmartin.com\/es\/servicios\/obra-civil\/\">Obra civil<\/a><\/h3>\n<\/div>\n<\/div>\n<div class=\"col-md-3 mosaico-home borde-derecha-izquierda\">\n<div class=\"fondo-mantenimiento-instalaciones mosaico-escala mosaico-escala-int\">\n<h3><a class=\"d-flex justify-content-center flex-column\" href=\"https:\/\/www.villafloresmartin.com\/es\/servicios\/mantenimiento-instalaciones-electricas\/\">Mantenimiento de instalaciones el\u00e9ctricas<\/a><\/h3>\n<\/div>\n<\/div>\n<div class=\"col-md-3 mosaico-home borde-derecha-izquierda\">\n<div class=\"fondo-alumbrado-publico mosaico-escala mosaico-escala-int\">\n<h3><a class=\"d-flex justify-content-center flex-column\" href=\"https:\/\/www.villafloresmartin.com\/es\/servicios\/alumbrado-vial-urbano\/\">Alumbrado vial y urbano<\/a><\/h3>\n<\/div>\n<\/div>\n<div class=\"col-md-3 mosaico-home borde-izquierda\">\n<div class=\"fondo-energias-renovables mosaico-escala mosaico-escala-int\">\n<h3><a class=\"d-flex justify-content-center flex-column\" href=\"https:\/\/www.villafloresmartin.com\/es\/servicios\/energias-renovables\/\">Energ\u00edas renovables<\/a><\/h3>\n<\/div>\n<\/div>\n<\/div>\n","protected":false},"excerpt":{"rendered":"<p>Revisi\u00f3n termogr\u00e1fica Con el fin de aportar a los clientes un servicio de mantenimiento predictivo de calidad, Villa Flores Mart\u00edn (VFM) dispone de c\u00e1maras termogr\u00e1ficas de \u00faltima generaci\u00f3n. Con ellas nuestro personal experimentado realizar\u00e1 las revisiones termogr\u00e1ficas pertinentes a las instalaciones de Baja y Alta Tensi\u00f3n de los clientes. Asimismo, el servicio se ve complementado [&#8230;]<\/p>\n<p><a class=\"btn btn-secondary understrap-read-more-link\" href=\"https:\/\/www.villafloresmartin.com\/es\/servicios\/mantenimiento-instalaciones-electricas\/revision-termografica\/\">Leer m\u00e1s&#8230;<\/a><\/p>\n","protected":false},"author":2,"featured_media":0,"parent":60,"menu_order":0,"comment_status":"closed","ping_status":"closed","template":"page-templates\/empty.php","meta":{"footnotes":""},"class_list":["post-383","page","type-page","status-publish","hentry"],"yoast_head":"<!-- This site is optimized with the Yoast SEO plugin v26.9 - https:\/\/yoast.com\/product\/yoast-seo-wordpress\/ -->\n<title>Revisiones Termogr\u00e1ficas - Correcci\u00f3n de Defectos OCA - VFM<\/title>\n<meta name=\"description\" content=\"Para un servicio de mantenimiento predictivo de calidad, Villa Flores Mart\u00edn (VFM) dispone de c\u00e1maras termogr\u00e1ficas de \u00faltima generaci\u00f3n. Con ellas nuestro personal experimentado realizar\u00e1 las revisiones termogr\u00e1ficas pertinentes a las instalaciones de Baja y Alta Tensi\u00f3n de los clientes.\" \/>\n<meta name=\"robots\" content=\"index, follow, max-snippet:-1, max-image-preview:large, max-video-preview:-1\" \/>\n<link rel=\"canonical\" href=\"https:\/\/www.villafloresmartin.com\/es\/servicios\/mantenimiento-instalaciones-electricas\/revision-termografica\/\" \/>\n<meta property=\"og:locale\" content=\"es_ES\" \/>\n<meta property=\"og:type\" content=\"article\" \/>\n<meta property=\"og:title\" content=\"Revisiones Termogr\u00e1ficas - Correcci\u00f3n de Defectos OCA - VFM\" \/>\n<meta property=\"og:description\" content=\"Para un servicio de mantenimiento predictivo de calidad, Villa Flores Mart\u00edn (VFM) dispone de c\u00e1maras termogr\u00e1ficas de \u00faltima generaci\u00f3n. Con ellas nuestro personal experimentado realizar\u00e1 las revisiones termogr\u00e1ficas pertinentes a las instalaciones de Baja y Alta Tensi\u00f3n de los clientes.\" \/>\n<meta property=\"og:url\" content=\"https:\/\/www.villafloresmartin.com\/es\/servicios\/mantenimiento-instalaciones-electricas\/revision-termografica\/\" \/>\n<meta property=\"og:site_name\" content=\"Villa Flores Mart\u00edn\" \/>\n<meta property=\"article:modified_time\" content=\"2019-04-04T09:39:55+00:00\" \/>\n<meta name=\"twitter:label1\" content=\"Tiempo de lectura\" \/>\n\t<meta name=\"twitter:data1\" content=\"2 minutos\" \/>\n<script type=\"application\/ld+json\" class=\"yoast-schema-graph\">{\"@context\":\"https:\/\/schema.org\",\"@graph\":[{\"@type\":\"WebPage\",\"@id\":\"https:\/\/www.villafloresmartin.com\/es\/servicios\/mantenimiento-instalaciones-electricas\/revision-termografica\/\",\"url\":\"https:\/\/www.villafloresmartin.com\/es\/servicios\/mantenimiento-instalaciones-electricas\/revision-termografica\/\",\"name\":\"Revisiones Termogr\u00e1ficas - Correcci\u00f3n de Defectos OCA - VFM\",\"isPartOf\":{\"@id\":\"https:\/\/www.villafloresmartin.com\/es\/#website\"},\"datePublished\":\"2017-05-29T10:15:56+00:00\",\"dateModified\":\"2019-04-04T09:39:55+00:00\",\"description\":\"Para un servicio de mantenimiento predictivo de calidad, Villa Flores Mart\u00edn (VFM) dispone de c\u00e1maras termogr\u00e1ficas de \u00faltima generaci\u00f3n. Con ellas nuestro personal experimentado realizar\u00e1 las revisiones termogr\u00e1ficas pertinentes a las instalaciones de Baja y Alta Tensi\u00f3n de los clientes.\",\"breadcrumb\":{\"@id\":\"https:\/\/www.villafloresmartin.com\/es\/servicios\/mantenimiento-instalaciones-electricas\/revision-termografica\/#breadcrumb\"},\"inLanguage\":\"es\",\"potentialAction\":[{\"@type\":\"ReadAction\",\"target\":[\"https:\/\/www.villafloresmartin.com\/es\/servicios\/mantenimiento-instalaciones-electricas\/revision-termografica\/\"]}]},{\"@type\":\"BreadcrumbList\",\"@id\":\"https:\/\/www.villafloresmartin.com\/es\/servicios\/mantenimiento-instalaciones-electricas\/revision-termografica\/#breadcrumb\",\"itemListElement\":[{\"@type\":\"ListItem\",\"position\":1,\"name\":\"Portada\",\"item\":\"https:\/\/www.villafloresmartin.com\/es\/\"},{\"@type\":\"ListItem\",\"position\":2,\"name\":\"Servicios\",\"item\":\"https:\/\/www.villafloresmartin.com\/es\/servicios\/\"},{\"@type\":\"ListItem\",\"position\":3,\"name\":\"Mantenimiento de instalaciones el\u00e9ctricas\",\"item\":\"https:\/\/www.villafloresmartin.com\/es\/servicios\/mantenimiento-instalaciones-electricas\/\"},{\"@type\":\"ListItem\",\"position\":4,\"name\":\"Revisi\u00f3n termogr\u00e1fica\"}]},{\"@type\":\"WebSite\",\"@id\":\"https:\/\/www.villafloresmartin.com\/es\/#website\",\"url\":\"https:\/\/www.villafloresmartin.com\/es\/\",\"name\":\"Villa Flores Mart\u00edn\",\"description\":\"\",\"potentialAction\":[{\"@type\":\"SearchAction\",\"target\":{\"@type\":\"EntryPoint\",\"urlTemplate\":\"https:\/\/www.villafloresmartin.com\/es\/?s={search_term_string}\"},\"query-input\":{\"@type\":\"PropertyValueSpecification\",\"valueRequired\":true,\"valueName\":\"search_term_string\"}}],\"inLanguage\":\"es\"}]}<\/script>\n<!-- \/ Yoast SEO plugin. -->","yoast_head_json":{"title":"Revisiones Termogr\u00e1ficas - Correcci\u00f3n de Defectos OCA - VFM","description":"Para un servicio de mantenimiento predictivo de calidad, Villa Flores Mart\u00edn (VFM) dispone de c\u00e1maras termogr\u00e1ficas de \u00faltima generaci\u00f3n. Con ellas nuestro personal experimentado realizar\u00e1 las revisiones termogr\u00e1ficas pertinentes a las instalaciones de Baja y Alta Tensi\u00f3n de los clientes.","robots":{"index":"index","follow":"follow","max-snippet":"max-snippet:-1","max-image-preview":"max-image-preview:large","max-video-preview":"max-video-preview:-1"},"canonical":"https:\/\/www.villafloresmartin.com\/es\/servicios\/mantenimiento-instalaciones-electricas\/revision-termografica\/","og_locale":"es_ES","og_type":"article","og_title":"Revisiones Termogr\u00e1ficas - Correcci\u00f3n de Defectos OCA - VFM","og_description":"Para un servicio de mantenimiento predictivo de calidad, Villa Flores Mart\u00edn (VFM) dispone de c\u00e1maras termogr\u00e1ficas de \u00faltima generaci\u00f3n. Con ellas nuestro personal experimentado realizar\u00e1 las revisiones termogr\u00e1ficas pertinentes a las instalaciones de Baja y Alta Tensi\u00f3n de los clientes.","og_url":"https:\/\/www.villafloresmartin.com\/es\/servicios\/mantenimiento-instalaciones-electricas\/revision-termografica\/","og_site_name":"Villa Flores Mart\u00edn","article_modified_time":"2019-04-04T09:39:55+00:00","twitter_misc":{"Tiempo de lectura":"2 minutos"},"schema":{"@context":"https:\/\/schema.org","@graph":[{"@type":"WebPage","@id":"https:\/\/www.villafloresmartin.com\/es\/servicios\/mantenimiento-instalaciones-electricas\/revision-termografica\/","url":"https:\/\/www.villafloresmartin.com\/es\/servicios\/mantenimiento-instalaciones-electricas\/revision-termografica\/","name":"Revisiones Termogr\u00e1ficas - Correcci\u00f3n de Defectos OCA - VFM","isPartOf":{"@id":"https:\/\/www.villafloresmartin.com\/es\/#website"},"datePublished":"2017-05-29T10:15:56+00:00","dateModified":"2019-04-04T09:39:55+00:00","description":"Para un servicio de mantenimiento predictivo de calidad, Villa Flores Mart\u00edn (VFM) dispone de c\u00e1maras termogr\u00e1ficas de \u00faltima generaci\u00f3n. Con ellas nuestro personal experimentado realizar\u00e1 las revisiones termogr\u00e1ficas pertinentes a las instalaciones de Baja y Alta Tensi\u00f3n de los clientes.","breadcrumb":{"@id":"https:\/\/www.villafloresmartin.com\/es\/servicios\/mantenimiento-instalaciones-electricas\/revision-termografica\/#breadcrumb"},"inLanguage":"es","potentialAction":[{"@type":"ReadAction","target":["https:\/\/www.villafloresmartin.com\/es\/servicios\/mantenimiento-instalaciones-electricas\/revision-termografica\/"]}]},{"@type":"BreadcrumbList","@id":"https:\/\/www.villafloresmartin.com\/es\/servicios\/mantenimiento-instalaciones-electricas\/revision-termografica\/#breadcrumb","itemListElement":[{"@type":"ListItem","position":1,"name":"Portada","item":"https:\/\/www.villafloresmartin.com\/es\/"},{"@type":"ListItem","position":2,"name":"Servicios","item":"https:\/\/www.villafloresmartin.com\/es\/servicios\/"},{"@type":"ListItem","position":3,"name":"Mantenimiento de instalaciones el\u00e9ctricas","item":"https:\/\/www.villafloresmartin.com\/es\/servicios\/mantenimiento-instalaciones-electricas\/"},{"@type":"ListItem","position":4,"name":"Revisi\u00f3n termogr\u00e1fica"}]},{"@type":"WebSite","@id":"https:\/\/www.villafloresmartin.com\/es\/#website","url":"https:\/\/www.villafloresmartin.com\/es\/","name":"Villa Flores Mart\u00edn","description":"","potentialAction":[{"@type":"SearchAction","target":{"@type":"EntryPoint","urlTemplate":"https:\/\/www.villafloresmartin.com\/es\/?s={search_term_string}"},"query-input":{"@type":"PropertyValueSpecification","valueRequired":true,"valueName":"search_term_string"}}],"inLanguage":"es"}]}},"_links":{"self":[{"href":"https:\/\/www.villafloresmartin.com\/es\/wp-json\/wp\/v2\/pages\/383","targetHints":{"allow":["GET"]}}],"collection":[{"href":"https:\/\/www.villafloresmartin.com\/es\/wp-json\/wp\/v2\/pages"}],"about":[{"href":"https:\/\/www.villafloresmartin.com\/es\/wp-json\/wp\/v2\/types\/page"}],"author":[{"embeddable":true,"href":"https:\/\/www.villafloresmartin.com\/es\/wp-json\/wp\/v2\/users\/2"}],"replies":[{"embeddable":true,"href":"https:\/\/www.villafloresmartin.com\/es\/wp-json\/wp\/v2\/comments?post=383"}],"version-history":[{"count":0,"href":"https:\/\/www.villafloresmartin.com\/es\/wp-json\/wp\/v2\/pages\/383\/revisions"}],"up":[{"embeddable":true,"href":"https:\/\/www.villafloresmartin.com\/es\/wp-json\/wp\/v2\/pages\/60"}],"wp:attachment":[{"href":"https:\/\/www.villafloresmartin.com\/es\/wp-json\/wp\/v2\/media?parent=383"}],"curies":[{"name":"wp","href":"https:\/\/api.w.org\/{rel}","templated":true}]}}