{"id":381,"date":"2017-05-29T12:15:37","date_gmt":"2017-05-29T10:15:37","guid":{"rendered":"https:\/\/www.villafloresmartin.com\/es\/?page_id=381"},"modified":"2019-04-04T11:38:01","modified_gmt":"2019-04-04T09:38:01","slug":"mantenimiento-preventivo-correctivo-alta-baja-tension","status":"publish","type":"page","link":"https:\/\/www.villafloresmartin.com\/es\/servicios\/mantenimiento-instalaciones-electricas\/mantenimiento-preventivo-correctivo-alta-baja-tension\/","title":{"rendered":"Mantenimiento preventivo y correctivo en Alta y Baja Tensi\u00f3n"},"content":{"rendered":"<p class=\"no-margin\"><img  title=\"Mantenimiento preventivo y correctivo en Alta y Baja Tensi\u00f3n - Villa Flores Mart\u00edn\" loading=\"lazy\" decoding=\"async\" class=\"aligncenter size-full wp-image-721 img-full\" src=\"https:\/\/www.villafloresmartin.com\/es\/wp-content\/uploads\/2017\/05\/cabecera-mantenimiento-preventivo.jpg\"  alt=\"Mantenimiento preventivo y correctivo en Alta y Baja Tensi\u00f3n - Villa Flores Mart\u00edn\"  width=\"1600\" height=\"575\" srcset=\"https:\/\/www.villafloresmartin.com\/es\/wp-content\/uploads\/2017\/05\/cabecera-mantenimiento-preventivo.jpg 1600w, https:\/\/www.villafloresmartin.com\/es\/wp-content\/uploads\/2017\/05\/cabecera-mantenimiento-preventivo-300x108.jpg 300w, https:\/\/www.villafloresmartin.com\/es\/wp-content\/uploads\/2017\/05\/cabecera-mantenimiento-preventivo-768x276.jpg 768w, https:\/\/www.villafloresmartin.com\/es\/wp-content\/uploads\/2017\/05\/cabecera-mantenimiento-preventivo-1024x368.jpg 1024w\" sizes=\"auto, (max-width: 1600px) 100vw, 1600px\" \/><\/p>\n<h1 class=\"text-center mt-4 mb-4\">Mantenimiento preventivo y correctivo en Alta y Baja Tensi\u00f3n<\/h1>\n<div class=\"adorno-naranja\"><\/div>\n<div class=\"container mt-4 mb-4\">\n<div class=\"row\">\n<div class=\"col-md-12 dos-columnas\">\n<p class=\"texto\">En Villa Flores Mart\u00edn (VFM) nos dedicamos al cuidado preventivo y correctivo de las instalaciones de Alta y Baja Tensi\u00f3n de todos nuestros clientes. Para dar un servicio lo m\u00e1s completo posible, disponemos de un servicio de 24 horas los 365 d\u00edas del a\u00f1o en reparaciones de aver\u00edas el\u00e9ctricas. Damos una respuesta r\u00e1pida y eficaz a las <a href=\"https:\/\/www.villafloresmartin.com\/es\/servicios\/redes-distribucion-alta-media-baja-tension\/reparacion-averias-electricas\/\">reparaciones urgentes<\/a> que surgen.<\/p>\n<p class=\"texto\">Por otro lado, analizamos tambi\u00e9n el estado de su instalaci\u00f3n y diagnosticamos un plan de mantenimiento preventivo acorde a las normas que rigen el sector y a sus necesidades.<\/p>\n<\/div>\n<\/div>\n<\/div>\n<div class=\"row mt-4 mb-4\">\n<div class=\"col-md-6 fondo-gris padding-3\">\n<h2>En este sentido, VFM da cumplimiento a estos Reales Decretos:<\/h2>\n<ul>\n<li>ITC-22 del REAL DECRETO 337\/2014 de 9 de mayo, sobre Condiciones T\u00e9cnicas y Garant\u00edas de Seguridad en Centrales El\u00e9ctricas, Subestaciones y Centros de Transformaci\u00f3n.<\/li>\n<li>Art. 20 del Reglamento sobre Condiciones T\u00e9cnicas y Garant\u00edas de Seguridad en L\u00edneas El\u00e9ctricas de Alta Tensi\u00f3n aprobado por R.D. 223\/2008, de 15 de febrero.<\/li>\n<\/ul>\n<h3 class=\"mt-4\">La normativa nos advierte que los titulares de instalaciones de Media y Alta tensi\u00f3n est\u00e1n obligados a llevar a cabo las siguientes acciones:<\/h3>\n<ul>\n<li>Un CONTRATO DE MANTENIMIENTO suscrito con una empresa instaladora autorizada que se haga responsable de mantener la instalaci\u00f3n de Alta Tensi\u00f3n en el debido estado de conservaci\u00f3n y funcionamiento.<\/li>\n<li>La INSPECCI\u00d3N PERI\u00d3DICA de las instalaciones el\u00e9ctricas de Alta Tensi\u00f3n cada tres a\u00f1os por un Organismo de Control Autorizado (OCA).<\/li>\n<\/ul>\n<\/div>\n<div class=\"col-md-6 fondo-naranja padding-3\">\n<h3>En este sentido y como instaladores habilitados en Baja y Alta tensi\u00f3n por la Consejer\u00eda de Econom\u00eda, Innovaci\u00f3n, Ciencia y Empleo de la Junta de Andaluc\u00eda ofrecemos a nuestros clientes los siguientes servicios:<\/h3>\n<ul>\n<li>Mantenimiento preventivo y revisiones anuales de instalaciones en Alta y Baja Tensi\u00f3n.<\/li>\n<li>Mantenimiento correctivo en Alta y Baja Tensi\u00f3n (Servicio Aver\u00edas 24H).<\/li>\n<li>Gesti\u00f3n y ejecuci\u00f3n, junto con los Organismos de Control Autorizados (OCA), de las inspecciones peri\u00f3dicas.<\/li>\n<li>Acreditaci\u00f3n de NO Contaminaci\u00f3n mediante determinaci\u00f3n cuantitativa del contenido de PCB en el aceite diel\u00e9ctrico del transformador, efectuada por un laboratorio acreditado. Incluida certificaci\u00f3n de la toma de muestra del mismo por un Organismo de Control Autorizado, seg\u00fan RD 228\/2006, de 24 de febrero.<\/li>\n<li>Retirada y destrucci\u00f3n de transformadores con diel\u00e9ctricos contaminados con PCB.<\/li>\n<li>Como empresa autorizada en AT disponemos de equipo de medida de tensiones de paso y contacto en el centro de transformaci\u00f3n, subestaciones o apoyos frecuentados, aportando a nuestros clientes certificado de los valores tomados en su instalaci\u00f3n.<\/li>\n<\/ul>\n<\/div>\n<\/div>\n<div class=\"divider-gris mt-5 mb-4\"><\/div>\n<h2 class=\"text-center\">Contacta con nosotros<\/h2>\n<div class=\"adorno-naranja\"><\/div>\n<div class=\"container mt-4 mb-4\">\n<div class=\"wpcf7 no-js\" id=\"wpcf7-f390-o1\" lang=\"es-ES\" dir=\"ltr\" data-wpcf7-id=\"390\">\n<div class=\"screen-reader-response\"><p role=\"status\" aria-live=\"polite\" aria-atomic=\"true\"><\/p> <ul><\/ul><\/div>\n<form action=\"\/es\/wp-json\/wp\/v2\/pages\/381#wpcf7-f390-o1\" method=\"post\" class=\"wpcf7-form init\" aria-label=\"Formulario de contacto\" novalidate=\"novalidate\" data-status=\"init\">\n<fieldset class=\"hidden-fields-container\"><input type=\"hidden\" name=\"_wpcf7\" value=\"390\" \/><input type=\"hidden\" name=\"_wpcf7_version\" value=\"6.1.4\" \/><input type=\"hidden\" name=\"_wpcf7_locale\" value=\"es_ES\" \/><input type=\"hidden\" name=\"_wpcf7_unit_tag\" value=\"wpcf7-f390-o1\" \/><input type=\"hidden\" name=\"_wpcf7_container_post\" value=\"0\" \/><input type=\"hidden\" name=\"_wpcf7_posted_data_hash\" value=\"\" \/><input type=\"hidden\" name=\"_wpcf7_recaptcha_response\" value=\"\" \/>\n<\/fieldset>\n<div class=\"row\">\n\t<div class=\"col-md-6\">\n\t\t<p><label> <span class=\"wpcf7-form-control-wrap\" data-name=\"your-name\"><input size=\"40\" maxlength=\"400\" class=\"wpcf7-form-control wpcf7-text wpcf7-validates-as-required form-int\" aria-required=\"true\" aria-invalid=\"false\" placeholder=\"Nombre (*)\" value=\"\" type=\"text\" name=\"your-name\" \/><\/span> <\/label>\n\t\t<\/p>\n\t<\/div>\n\t<div class=\"col-md-6\">\n\t\t<p><label> <span class=\"wpcf7-form-control-wrap\" data-name=\"your-email\"><input size=\"40\" maxlength=\"400\" class=\"wpcf7-form-control wpcf7-email wpcf7-validates-as-required wpcf7-text wpcf7-validates-as-email form-int\" aria-required=\"true\" aria-invalid=\"false\" placeholder=\"Email (*)\" value=\"\" type=\"email\" name=\"your-email\" \/><\/span> <\/label>\n\t\t<\/p>\n\t<\/div>\n<\/div>\n<div class=\"row mt-3\">\n\t<div class=\"col-md-6\">\n\t\t<p><label> <span class=\"wpcf7-form-control-wrap\" data-name=\"tel-308\"><input size=\"40\" maxlength=\"400\" class=\"wpcf7-form-control wpcf7-tel wpcf7-text wpcf7-validates-as-tel form-int\" aria-invalid=\"false\" placeholder=\"Tel\u00e9fono\" value=\"\" type=\"tel\" name=\"tel-308\" \/><\/span> <\/label>\n\t\t<\/p>\n\t<\/div>\n\t<div class=\"col-md-6\">\n\t\t<p><label> <span class=\"wpcf7-form-control-wrap\" data-name=\"tipo-servicio\"><select class=\"wpcf7-form-control wpcf7-select form-int\" aria-invalid=\"false\" name=\"tipo-servicio\"><option value=\"Tipo de servicio\">Tipo de servicio<\/option><option value=\"Mantenimiento preventivo y correctivo en Alta y Baja Tensi\u00f3n\">Mantenimiento preventivo y correctivo en Alta y Baja Tensi\u00f3n<\/option><option value=\"Revisi\u00f3n termogr\u00e1fica\">Revisi\u00f3n termogr\u00e1fica<\/option><\/select><\/span> <\/label>\n\t\t<\/p>\n\t<\/div>\n<\/div>\n<div class=\"row mt-3\">\n\t<div class=\"col-md-12\">\n\t\t<p><label> <span class=\"wpcf7-form-control-wrap\" data-name=\"your-message\"><textarea cols=\"40\" rows=\"3\" maxlength=\"2000\" class=\"wpcf7-form-control wpcf7-textarea form-int\" aria-invalid=\"false\" placeholder=\"Mensaje\" name=\"your-message\"><\/textarea><\/span> <\/label>\n\t\t<\/p>\n\t<\/div>\n<\/div>\n<div class=\"row mt-3\">\n\t<div class=\"col-md-12\">\n\t\t<p class=\"text-center\"><span class=\"wpcf7-form-control-wrap\" data-name=\"acceptance-788\"><span class=\"wpcf7-form-control wpcf7-acceptance\"><span class=\"wpcf7-list-item\"><input type=\"checkbox\" name=\"acceptance-788\" value=\"1\" aria-invalid=\"false\" \/><\/span><\/span><\/span> He le\u00eddo y acepto la <a target=\"_blank\" href=\"https:\/\/www.villafloresmartin.com\/es\/aviso-legal\/\">pol\u00edtica de privacidad<\/a>\n\t\t<\/p>\n\t<\/div>\n<\/div>\n<div class=\"row mt-3\">\n\t<div class=\"col-md-12\">\n\t\t<p><input class=\"wpcf7-form-control wpcf7-submit has-spinner btn-int\" type=\"submit\" value=\"Enviar\" \/>\n\t\t<\/p>\n\t<\/div>\n<\/div><p style=\"display: none !important;\" class=\"akismet-fields-container\" data-prefix=\"_wpcf7_ak_\"><label>&#916;<textarea name=\"_wpcf7_ak_hp_textarea\" cols=\"45\" rows=\"8\" maxlength=\"100\"><\/textarea><\/label><input type=\"hidden\" id=\"ak_js_1\" name=\"_wpcf7_ak_js\" value=\"129\"\/><script>document.getElementById( \"ak_js_1\" ).setAttribute( \"value\", ( new Date() ).getTime() );<\/script><\/p><div class=\"wpcf7-response-output\" aria-hidden=\"true\"><\/div>\n<\/form>\n<\/div>\n<\/div>\n<div class=\"row mt-5 mb-3\">\n<div class=\"col-md-3 mosaico-home borde-derecha\">\n<div class=\"fondo-ingenieria-proyectos mosaico-escala mosaico-escala-int\">\n<h3><a class=\"d-flex justify-content-center flex-column\" href=\"https:\/\/www.villafloresmartin.com\/es\/servicios\/ingenieria-y-proyectos\/\">Ingenier\u00eda y proyectos<\/a><\/h3>\n<\/div>\n<\/div>\n<div class=\"col-md-3 mosaico-home borde-derecha-izquierda\">\n<div class=\"fondo-redes-distribucion mosaico-escala mosaico-escala-int\">\n<h3><a class=\"d-flex justify-content-center flex-column\" href=\"https:\/\/www.villafloresmartin.com\/es\/servicios\/redes-distribucion-alta-media-baja-tension\/\">Redes de distribuci\u00f3n de alta, media y baja tensi\u00f3n<\/a><\/h3>\n<\/div>\n<\/div>\n<div class=\"col-md-3 mosaico-home borde-derecha-izquierda\">\n<div class=\"fondo-localizacion-ensayos mosaico-escala mosaico-escala-int\">\n<h3><a class=\"d-flex justify-content-center flex-column\" href=\"https:\/\/www.villafloresmartin.com\/es\/servicios\/localizacion-ensayos-diagnosis-lineas-subterraneas-electricas\/\">Localizaci\u00f3n, ensayos y diagnosis de l\u00edneas subterr\u00e1neas el\u00e9ctricas<\/a><\/h3>\n<\/div>\n<\/div>\n<div class=\"col-md-3 mosaico-home borde-izquierda\">\n<div class=\"fondo-servicios-energia mosaico-escala mosaico-escala-int\">\n<h3><a class=\"d-flex justify-content-center flex-column\" href=\"https:\/\/www.villafloresmartin.com\/es\/servicios\/servicios-energia-electrica\/\">Servicios de energ\u00eda el\u00e9ctrica<\/a><\/h3>\n<\/div>\n<\/div>\n<\/div>\n<div class=\"row mb-4\">\n<div class=\"col-md-3 mosaico-home borde-derecha\">\n<div class=\"fondo-obra-civil mosaico-escala mosaico-escala-int\">\n<h3><a class=\"d-flex justify-content-center flex-column\" href=\"https:\/\/www.villafloresmartin.com\/es\/servicios\/obra-civil\/\">Obra civil<\/a><\/h3>\n<\/div>\n<\/div>\n<div class=\"col-md-3 mosaico-home borde-derecha-izquierda\">\n<div class=\"fondo-mantenimiento-instalaciones mosaico-escala mosaico-escala-int\">\n<h3><a class=\"d-flex justify-content-center flex-column\" href=\"https:\/\/www.villafloresmartin.com\/es\/servicios\/mantenimiento-instalaciones-electricas\/\">Mantenimiento de instalaciones el\u00e9ctricas<\/a><\/h3>\n<\/div>\n<\/div>\n<div class=\"col-md-3 mosaico-home borde-derecha-izquierda\">\n<div class=\"fondo-alumbrado-publico mosaico-escala mosaico-escala-int\">\n<h3><a class=\"d-flex justify-content-center flex-column\" href=\"https:\/\/www.villafloresmartin.com\/es\/servicios\/alumbrado-vial-urbano\/\">Alumbrado vial y urbano<\/a><\/h3>\n<\/div>\n<\/div>\n<div class=\"col-md-3 mosaico-home borde-izquierda\">\n<div class=\"fondo-energias-renovables mosaico-escala mosaico-escala-int\">\n<h3><a class=\"d-flex justify-content-center flex-column\" href=\"https:\/\/www.villafloresmartin.com\/es\/servicios\/energias-renovables\/\">Energ\u00edas renovables<\/a><\/h3>\n<\/div>\n<\/div>\n<\/div>\n","protected":false},"excerpt":{"rendered":"<p>Mantenimiento preventivo y correctivo en Alta y Baja Tensi\u00f3n En Villa Flores Mart\u00edn (VFM) nos dedicamos al cuidado preventivo y correctivo de las instalaciones de Alta y Baja Tensi\u00f3n de todos nuestros clientes. Para dar un servicio lo m\u00e1s completo posible, disponemos de un servicio de 24 horas los 365 d\u00edas del a\u00f1o en reparaciones [&#8230;]<\/p>\n<p><a class=\"btn btn-secondary understrap-read-more-link\" href=\"https:\/\/www.villafloresmartin.com\/es\/servicios\/mantenimiento-instalaciones-electricas\/mantenimiento-preventivo-correctivo-alta-baja-tension\/\">Leer m\u00e1s&#8230;<\/a><\/p>\n","protected":false},"author":2,"featured_media":0,"parent":60,"menu_order":0,"comment_status":"closed","ping_status":"closed","template":"page-templates\/empty.php","meta":{"footnotes":""},"class_list":["post-381","page","type-page","status-publish","hentry"],"yoast_head":"<!-- This site is optimized with the Yoast SEO plugin v26.9 - https:\/\/yoast.com\/product\/yoast-seo-wordpress\/ -->\n<title>Mantenimiento El\u00e9ctrico Preventivo - Mantenimiento El\u00e9ctrico Predictivo - Mantenimiento de Instalaciones El\u00e9ctricas<\/title>\n<meta name=\"description\" content=\"En Villa Flores Mart\u00edn (VFM) nos dedicamos al cuidado preventivo y correctivo de las instalaciones de Alta y Baja Tensi\u00f3n de todos nuestros clientes. Para dar un servicio lo m\u00e1s completo posible, disponemos de un servicio de 24 horas los 365 d\u00edas del a\u00f1o en reparaciones de aver\u00edas el\u00e9ctricas.\" \/>\n<meta name=\"robots\" content=\"index, follow, max-snippet:-1, max-image-preview:large, max-video-preview:-1\" \/>\n<link rel=\"canonical\" href=\"https:\/\/www.villafloresmartin.com\/es\/servicios\/mantenimiento-instalaciones-electricas\/mantenimiento-preventivo-correctivo-alta-baja-tension\/\" \/>\n<meta property=\"og:locale\" content=\"es_ES\" \/>\n<meta property=\"og:type\" content=\"article\" \/>\n<meta property=\"og:title\" content=\"Mantenimiento El\u00e9ctrico Preventivo - Mantenimiento El\u00e9ctrico Predictivo - Mantenimiento de Instalaciones El\u00e9ctricas\" \/>\n<meta property=\"og:description\" content=\"En Villa Flores Mart\u00edn (VFM) nos dedicamos al cuidado preventivo y correctivo de las instalaciones de Alta y Baja Tensi\u00f3n de todos nuestros clientes. Para dar un servicio lo m\u00e1s completo posible, disponemos de un servicio de 24 horas los 365 d\u00edas del a\u00f1o en reparaciones de aver\u00edas el\u00e9ctricas.\" \/>\n<meta property=\"og:url\" content=\"https:\/\/www.villafloresmartin.com\/es\/servicios\/mantenimiento-instalaciones-electricas\/mantenimiento-preventivo-correctivo-alta-baja-tension\/\" \/>\n<meta property=\"og:site_name\" content=\"Villa Flores Mart\u00edn\" \/>\n<meta property=\"article:modified_time\" content=\"2019-04-04T09:38:01+00:00\" \/>\n<meta property=\"og:image\" content=\"https:\/\/www.villafloresmartin.com\/es\/wp-content\/uploads\/2017\/05\/cabecera-mantenimiento-preventivo.jpg\" \/>\n<meta name=\"twitter:label1\" content=\"Tiempo de lectura\" \/>\n\t<meta name=\"twitter:data1\" content=\"2 minutos\" \/>\n<script type=\"application\/ld+json\" class=\"yoast-schema-graph\">{\"@context\":\"https:\/\/schema.org\",\"@graph\":[{\"@type\":\"WebPage\",\"@id\":\"https:\/\/www.villafloresmartin.com\/es\/servicios\/mantenimiento-instalaciones-electricas\/mantenimiento-preventivo-correctivo-alta-baja-tension\/\",\"url\":\"https:\/\/www.villafloresmartin.com\/es\/servicios\/mantenimiento-instalaciones-electricas\/mantenimiento-preventivo-correctivo-alta-baja-tension\/\",\"name\":\"Mantenimiento El\u00e9ctrico Preventivo - Mantenimiento El\u00e9ctrico Predictivo - Mantenimiento de Instalaciones El\u00e9ctricas\",\"isPartOf\":{\"@id\":\"https:\/\/www.villafloresmartin.com\/es\/#website\"},\"primaryImageOfPage\":{\"@id\":\"https:\/\/www.villafloresmartin.com\/es\/servicios\/mantenimiento-instalaciones-electricas\/mantenimiento-preventivo-correctivo-alta-baja-tension\/#primaryimage\"},\"image\":{\"@id\":\"https:\/\/www.villafloresmartin.com\/es\/servicios\/mantenimiento-instalaciones-electricas\/mantenimiento-preventivo-correctivo-alta-baja-tension\/#primaryimage\"},\"thumbnailUrl\":\"https:\/\/www.villafloresmartin.com\/es\/wp-content\/uploads\/2017\/05\/cabecera-mantenimiento-preventivo.jpg\",\"datePublished\":\"2017-05-29T10:15:37+00:00\",\"dateModified\":\"2019-04-04T09:38:01+00:00\",\"description\":\"En Villa Flores Mart\u00edn (VFM) nos dedicamos al cuidado preventivo y correctivo de las instalaciones de Alta y Baja Tensi\u00f3n de todos nuestros clientes. Para dar un servicio lo m\u00e1s completo posible, disponemos de un servicio de 24 horas los 365 d\u00edas del a\u00f1o en reparaciones de aver\u00edas el\u00e9ctricas.\",\"breadcrumb\":{\"@id\":\"https:\/\/www.villafloresmartin.com\/es\/servicios\/mantenimiento-instalaciones-electricas\/mantenimiento-preventivo-correctivo-alta-baja-tension\/#breadcrumb\"},\"inLanguage\":\"es\",\"potentialAction\":[{\"@type\":\"ReadAction\",\"target\":[\"https:\/\/www.villafloresmartin.com\/es\/servicios\/mantenimiento-instalaciones-electricas\/mantenimiento-preventivo-correctivo-alta-baja-tension\/\"]}]},{\"@type\":\"ImageObject\",\"inLanguage\":\"es\",\"@id\":\"https:\/\/www.villafloresmartin.com\/es\/servicios\/mantenimiento-instalaciones-electricas\/mantenimiento-preventivo-correctivo-alta-baja-tension\/#primaryimage\",\"url\":\"https:\/\/www.villafloresmartin.com\/es\/wp-content\/uploads\/2017\/05\/cabecera-mantenimiento-preventivo.jpg\",\"contentUrl\":\"https:\/\/www.villafloresmartin.com\/es\/wp-content\/uploads\/2017\/05\/cabecera-mantenimiento-preventivo.jpg\",\"width\":1600,\"height\":575},{\"@type\":\"BreadcrumbList\",\"@id\":\"https:\/\/www.villafloresmartin.com\/es\/servicios\/mantenimiento-instalaciones-electricas\/mantenimiento-preventivo-correctivo-alta-baja-tension\/#breadcrumb\",\"itemListElement\":[{\"@type\":\"ListItem\",\"position\":1,\"name\":\"Portada\",\"item\":\"https:\/\/www.villafloresmartin.com\/es\/\"},{\"@type\":\"ListItem\",\"position\":2,\"name\":\"Servicios\",\"item\":\"https:\/\/www.villafloresmartin.com\/es\/servicios\/\"},{\"@type\":\"ListItem\",\"position\":3,\"name\":\"Mantenimiento de instalaciones el\u00e9ctricas\",\"item\":\"https:\/\/www.villafloresmartin.com\/es\/servicios\/mantenimiento-instalaciones-electricas\/\"},{\"@type\":\"ListItem\",\"position\":4,\"name\":\"Mantenimiento preventivo y correctivo en Alta y Baja Tensi\u00f3n\"}]},{\"@type\":\"WebSite\",\"@id\":\"https:\/\/www.villafloresmartin.com\/es\/#website\",\"url\":\"https:\/\/www.villafloresmartin.com\/es\/\",\"name\":\"Villa Flores Mart\u00edn\",\"description\":\"\",\"potentialAction\":[{\"@type\":\"SearchAction\",\"target\":{\"@type\":\"EntryPoint\",\"urlTemplate\":\"https:\/\/www.villafloresmartin.com\/es\/?s={search_term_string}\"},\"query-input\":{\"@type\":\"PropertyValueSpecification\",\"valueRequired\":true,\"valueName\":\"search_term_string\"}}],\"inLanguage\":\"es\"}]}<\/script>\n<!-- \/ Yoast SEO plugin. -->","yoast_head_json":{"title":"Mantenimiento El\u00e9ctrico Preventivo - Mantenimiento El\u00e9ctrico Predictivo - Mantenimiento de Instalaciones El\u00e9ctricas","description":"En Villa Flores Mart\u00edn (VFM) nos dedicamos al cuidado preventivo y correctivo de las instalaciones de Alta y Baja Tensi\u00f3n de todos nuestros clientes. Para dar un servicio lo m\u00e1s completo posible, disponemos de un servicio de 24 horas los 365 d\u00edas del a\u00f1o en reparaciones de aver\u00edas el\u00e9ctricas.","robots":{"index":"index","follow":"follow","max-snippet":"max-snippet:-1","max-image-preview":"max-image-preview:large","max-video-preview":"max-video-preview:-1"},"canonical":"https:\/\/www.villafloresmartin.com\/es\/servicios\/mantenimiento-instalaciones-electricas\/mantenimiento-preventivo-correctivo-alta-baja-tension\/","og_locale":"es_ES","og_type":"article","og_title":"Mantenimiento El\u00e9ctrico Preventivo - Mantenimiento El\u00e9ctrico Predictivo - Mantenimiento de Instalaciones El\u00e9ctricas","og_description":"En Villa Flores Mart\u00edn (VFM) nos dedicamos al cuidado preventivo y correctivo de las instalaciones de Alta y Baja Tensi\u00f3n de todos nuestros clientes. Para dar un servicio lo m\u00e1s completo posible, disponemos de un servicio de 24 horas los 365 d\u00edas del a\u00f1o en reparaciones de aver\u00edas el\u00e9ctricas.","og_url":"https:\/\/www.villafloresmartin.com\/es\/servicios\/mantenimiento-instalaciones-electricas\/mantenimiento-preventivo-correctivo-alta-baja-tension\/","og_site_name":"Villa Flores Mart\u00edn","article_modified_time":"2019-04-04T09:38:01+00:00","og_image":[{"url":"https:\/\/www.villafloresmartin.com\/es\/wp-content\/uploads\/2017\/05\/cabecera-mantenimiento-preventivo.jpg","type":"","width":"","height":""}],"twitter_misc":{"Tiempo de lectura":"2 minutos"},"schema":{"@context":"https:\/\/schema.org","@graph":[{"@type":"WebPage","@id":"https:\/\/www.villafloresmartin.com\/es\/servicios\/mantenimiento-instalaciones-electricas\/mantenimiento-preventivo-correctivo-alta-baja-tension\/","url":"https:\/\/www.villafloresmartin.com\/es\/servicios\/mantenimiento-instalaciones-electricas\/mantenimiento-preventivo-correctivo-alta-baja-tension\/","name":"Mantenimiento El\u00e9ctrico Preventivo - Mantenimiento El\u00e9ctrico Predictivo - Mantenimiento de Instalaciones El\u00e9ctricas","isPartOf":{"@id":"https:\/\/www.villafloresmartin.com\/es\/#website"},"primaryImageOfPage":{"@id":"https:\/\/www.villafloresmartin.com\/es\/servicios\/mantenimiento-instalaciones-electricas\/mantenimiento-preventivo-correctivo-alta-baja-tension\/#primaryimage"},"image":{"@id":"https:\/\/www.villafloresmartin.com\/es\/servicios\/mantenimiento-instalaciones-electricas\/mantenimiento-preventivo-correctivo-alta-baja-tension\/#primaryimage"},"thumbnailUrl":"https:\/\/www.villafloresmartin.com\/es\/wp-content\/uploads\/2017\/05\/cabecera-mantenimiento-preventivo.jpg","datePublished":"2017-05-29T10:15:37+00:00","dateModified":"2019-04-04T09:38:01+00:00","description":"En Villa Flores Mart\u00edn (VFM) nos dedicamos al cuidado preventivo y correctivo de las instalaciones de Alta y Baja Tensi\u00f3n de todos nuestros clientes. Para dar un servicio lo m\u00e1s completo posible, disponemos de un servicio de 24 horas los 365 d\u00edas del a\u00f1o en reparaciones de aver\u00edas el\u00e9ctricas.","breadcrumb":{"@id":"https:\/\/www.villafloresmartin.com\/es\/servicios\/mantenimiento-instalaciones-electricas\/mantenimiento-preventivo-correctivo-alta-baja-tension\/#breadcrumb"},"inLanguage":"es","potentialAction":[{"@type":"ReadAction","target":["https:\/\/www.villafloresmartin.com\/es\/servicios\/mantenimiento-instalaciones-electricas\/mantenimiento-preventivo-correctivo-alta-baja-tension\/"]}]},{"@type":"ImageObject","inLanguage":"es","@id":"https:\/\/www.villafloresmartin.com\/es\/servicios\/mantenimiento-instalaciones-electricas\/mantenimiento-preventivo-correctivo-alta-baja-tension\/#primaryimage","url":"https:\/\/www.villafloresmartin.com\/es\/wp-content\/uploads\/2017\/05\/cabecera-mantenimiento-preventivo.jpg","contentUrl":"https:\/\/www.villafloresmartin.com\/es\/wp-content\/uploads\/2017\/05\/cabecera-mantenimiento-preventivo.jpg","width":1600,"height":575},{"@type":"BreadcrumbList","@id":"https:\/\/www.villafloresmartin.com\/es\/servicios\/mantenimiento-instalaciones-electricas\/mantenimiento-preventivo-correctivo-alta-baja-tension\/#breadcrumb","itemListElement":[{"@type":"ListItem","position":1,"name":"Portada","item":"https:\/\/www.villafloresmartin.com\/es\/"},{"@type":"ListItem","position":2,"name":"Servicios","item":"https:\/\/www.villafloresmartin.com\/es\/servicios\/"},{"@type":"ListItem","position":3,"name":"Mantenimiento de instalaciones el\u00e9ctricas","item":"https:\/\/www.villafloresmartin.com\/es\/servicios\/mantenimiento-instalaciones-electricas\/"},{"@type":"ListItem","position":4,"name":"Mantenimiento preventivo y correctivo en Alta y Baja Tensi\u00f3n"}]},{"@type":"WebSite","@id":"https:\/\/www.villafloresmartin.com\/es\/#website","url":"https:\/\/www.villafloresmartin.com\/es\/","name":"Villa Flores Mart\u00edn","description":"","potentialAction":[{"@type":"SearchAction","target":{"@type":"EntryPoint","urlTemplate":"https:\/\/www.villafloresmartin.com\/es\/?s={search_term_string}"},"query-input":{"@type":"PropertyValueSpecification","valueRequired":true,"valueName":"search_term_string"}}],"inLanguage":"es"}]}},"_links":{"self":[{"href":"https:\/\/www.villafloresmartin.com\/es\/wp-json\/wp\/v2\/pages\/381","targetHints":{"allow":["GET"]}}],"collection":[{"href":"https:\/\/www.villafloresmartin.com\/es\/wp-json\/wp\/v2\/pages"}],"about":[{"href":"https:\/\/www.villafloresmartin.com\/es\/wp-json\/wp\/v2\/types\/page"}],"author":[{"embeddable":true,"href":"https:\/\/www.villafloresmartin.com\/es\/wp-json\/wp\/v2\/users\/2"}],"replies":[{"embeddable":true,"href":"https:\/\/www.villafloresmartin.com\/es\/wp-json\/wp\/v2\/comments?post=381"}],"version-history":[{"count":0,"href":"https:\/\/www.villafloresmartin.com\/es\/wp-json\/wp\/v2\/pages\/381\/revisions"}],"up":[{"embeddable":true,"href":"https:\/\/www.villafloresmartin.com\/es\/wp-json\/wp\/v2\/pages\/60"}],"wp:attachment":[{"href":"https:\/\/www.villafloresmartin.com\/es\/wp-json\/wp\/v2\/media?parent=381"}],"curies":[{"name":"wp","href":"https:\/\/api.w.org\/{rel}","templated":true}]}}