{"id":365,"date":"2017-05-29T11:39:10","date_gmt":"2017-05-29T09:39:10","guid":{"rendered":"https:\/\/www.villafloresmartin.com\/es\/?page_id=365"},"modified":"2019-04-04T11:34:59","modified_gmt":"2019-04-04T09:34:59","slug":"obra-civil-centros-transformacion","status":"publish","type":"page","link":"https:\/\/www.villafloresmartin.com\/es\/servicios\/obra-civil\/obra-civil-centros-transformacion\/","title":{"rendered":"Obra civil en centros de transformaci\u00f3n"},"content":{"rendered":"<p class=\"no-margin\"><img  title=\"Obra civil en centros de transformaci\u00f3n - Villa Flores Mart\u00edn\" loading=\"lazy\" decoding=\"async\" class=\"aligncenter size-full wp-image-654 img-full\" src=\"https:\/\/www.villafloresmartin.com\/es\/wp-content\/uploads\/2017\/05\/obra-centros-transformacion-cabecera.jpg\"  alt=\"Obra civil en centros de transformaci\u00f3n - Villa Flores Mart\u00edn\"  width=\"1600\" height=\"575\" srcset=\"https:\/\/www.villafloresmartin.com\/es\/wp-content\/uploads\/2017\/05\/obra-centros-transformacion-cabecera.jpg 1600w, https:\/\/www.villafloresmartin.com\/es\/wp-content\/uploads\/2017\/05\/obra-centros-transformacion-cabecera-300x108.jpg 300w, https:\/\/www.villafloresmartin.com\/es\/wp-content\/uploads\/2017\/05\/obra-centros-transformacion-cabecera-768x276.jpg 768w, https:\/\/www.villafloresmartin.com\/es\/wp-content\/uploads\/2017\/05\/obra-centros-transformacion-cabecera-1024x368.jpg 1024w\" sizes=\"auto, (max-width: 1600px) 100vw, 1600px\" \/><\/p>\n<h1 class=\"text-center mt-4 mb-4\">Obra civil en centros de transformaci\u00f3n<\/h1>\n<div class=\"adorno-naranja\"><\/div>\n<div class=\"container mt-4 mb-4\">\n<div class=\"row\">\n<div class=\"col-md-12 dos-columnas\">\n<p class=\"texto\">Nuestra larga trayectoria en instalaciones el\u00e9ctricas, unida a la experiencia que atesoramos en obra civil, hace que Villa Flores Mart\u00edn, VFM, pueda ofrecer un servicio especializado en todo lo relacionado con la reforma y la construcci\u00f3n de centros de transformaci\u00f3n.<\/p>\n<p class=\"texto\">Pero, \u00bfqu\u00e9 son los centros de transformaci\u00f3n de energ\u00eda? Son aquellos que se encuentran entre la subestaci\u00f3n y el usuario final, es decir, que su principal funci\u00f3n consiste en distribuir la electricidad a diferentes tensiones. Por tanto se convierten en el \u00faltimo paso de la transformaci\u00f3n de la energ\u00eda en su camino hacia los centros de consumo.<\/p>\n<\/div>\n<\/div>\n<\/div>\n<div class=\"row mt-4 mb-4\">\n<div class=\"col-md-6 fondo-gris padding-3\">\n<h2>Principales servicios en centros de transformaci\u00f3n<\/h2>\n<p class=\"texto\">La obra civil en centros de transformaci\u00f3n que desarrollamos en VFM abarca desde las reformas de edificios existentes hasta obras de nueva construcci\u00f3n. En relaci\u00f3n a este servicio hay que destacar las siguientes especialidades:<\/p>\n<ul>\n<li>Montaje de edificios prefabricados panelables destinados a centros de distribuci\u00f3n el\u00e9ctrica.<\/li>\n<li>Acondicionamiento t\u00e9rmico y ac\u00fastico de locales, habit\u00e1culos y edificios de centros de transformaci\u00f3n afectados por posibles quejas y reclamaciones de comunidades de vecinos o entidades de cualquier tipo.<\/li>\n<\/ul>\n<\/div>\n<div class=\"col-md-6 fondo-naranja padding-3\">\n<p class=\"texto\">Cabe recordar que los centros de transformaci\u00f3n est\u00e1n compuestos por uno o varios transformadores y su aparellaje correspondiente de Media o Baja Tensi\u00f3n. Si bien, estos centros pueden ser construidos en: edificios de obra civil, donde todos los elementos de CT se alojan en el interior de un edificio o de un local destinado a tal efecto; en edificios prefabricados, donde se alojan todos los elementos del CT en un edificio prefabricado de hormig\u00f3n en la mayor parte de los casos; en un local subterr\u00e1neo al que se accede por medio de una trampilla en la v\u00eda p\u00fablica; o centros de transformaci\u00f3n intemperie que consisten en un transformador montado sobre el apoyo de una l\u00ednea a\u00e9rea de alta tensi\u00f3n, en este caso no suelen usarse potencias superiores a 160 Kva y su uso predomina en zonas rurales.<\/p>\n<p class=\"texto\">Si necesitas asesoramiento, la mejor opci\u00f3n es ponerse en contacto con profesionales como Villa Flores Mart\u00edn.<\/p>\n<\/div>\n<\/div>\n<div class=\"divider-gris mt-5 mb-4\"><\/div>\n<h2 class=\"text-center\">Contacta con nosotros<\/h2>\n<div class=\"adorno-naranja\"><\/div>\n<div class=\"container mt-4 mb-4\">\n<div class=\"wpcf7 no-js\" id=\"wpcf7-f372-o1\" lang=\"es-ES\" dir=\"ltr\" data-wpcf7-id=\"372\">\n<div class=\"screen-reader-response\"><p role=\"status\" aria-live=\"polite\" aria-atomic=\"true\"><\/p> <ul><\/ul><\/div>\n<form action=\"\/es\/wp-json\/wp\/v2\/pages\/365#wpcf7-f372-o1\" method=\"post\" class=\"wpcf7-form init\" aria-label=\"Formulario de contacto\" novalidate=\"novalidate\" data-status=\"init\">\n<fieldset class=\"hidden-fields-container\"><input type=\"hidden\" name=\"_wpcf7\" value=\"372\" \/><input type=\"hidden\" name=\"_wpcf7_version\" value=\"6.1.4\" \/><input type=\"hidden\" name=\"_wpcf7_locale\" value=\"es_ES\" \/><input type=\"hidden\" name=\"_wpcf7_unit_tag\" value=\"wpcf7-f372-o1\" \/><input type=\"hidden\" name=\"_wpcf7_container_post\" value=\"0\" \/><input type=\"hidden\" name=\"_wpcf7_posted_data_hash\" value=\"\" \/><input type=\"hidden\" name=\"_wpcf7_recaptcha_response\" value=\"\" \/>\n<\/fieldset>\n<div class=\"row\">\n\t<div class=\"col-md-6\">\n\t\t<p><label> <span class=\"wpcf7-form-control-wrap\" data-name=\"your-name\"><input size=\"40\" maxlength=\"400\" class=\"wpcf7-form-control wpcf7-text wpcf7-validates-as-required form-int\" aria-required=\"true\" aria-invalid=\"false\" placeholder=\"Nombre (*)\" value=\"\" type=\"text\" name=\"your-name\" \/><\/span> <\/label>\n\t\t<\/p>\n\t<\/div>\n\t<div class=\"col-md-6\">\n\t\t<p><label> <span class=\"wpcf7-form-control-wrap\" data-name=\"your-email\"><input size=\"40\" maxlength=\"400\" class=\"wpcf7-form-control wpcf7-email wpcf7-validates-as-required wpcf7-text wpcf7-validates-as-email form-int\" aria-required=\"true\" aria-invalid=\"false\" placeholder=\"Email (*)\" value=\"\" type=\"email\" name=\"your-email\" \/><\/span> <\/label>\n\t\t<\/p>\n\t<\/div>\n<\/div>\n<div class=\"row mt-3\">\n\t<div class=\"col-md-6\">\n\t\t<p><label> <span class=\"wpcf7-form-control-wrap\" data-name=\"tel-308\"><input size=\"40\" maxlength=\"400\" class=\"wpcf7-form-control wpcf7-tel wpcf7-text wpcf7-validates-as-tel form-int\" aria-invalid=\"false\" placeholder=\"Tel\u00e9fono\" value=\"\" type=\"tel\" name=\"tel-308\" \/><\/span> <\/label>\n\t\t<\/p>\n\t<\/div>\n\t<div class=\"col-md-6\">\n\t\t<p><label> <span class=\"wpcf7-form-control-wrap\" data-name=\"tipo-servicio\"><select class=\"wpcf7-form-control wpcf7-select form-int\" aria-invalid=\"false\" name=\"tipo-servicio\"><option value=\"Tipo de servicio\">Tipo de servicio<\/option><option value=\"Canalizaciones\">Canalizaciones<\/option><option value=\"Obra civil en centros de transformaci\u00f3n\">Obra civil en centros de transformaci\u00f3n<\/option><\/select><\/span> <\/label>\n\t\t<\/p>\n\t<\/div>\n<\/div>\n<div class=\"row mt-3\">\n\t<div class=\"col-md-12\">\n\t\t<p><label> <span class=\"wpcf7-form-control-wrap\" data-name=\"your-message\"><textarea cols=\"40\" rows=\"3\" maxlength=\"2000\" class=\"wpcf7-form-control wpcf7-textarea form-int\" aria-invalid=\"false\" placeholder=\"Mensaje\" name=\"your-message\"><\/textarea><\/span> <\/label>\n\t\t<\/p>\n\t<\/div>\n<\/div>\n<div class=\"row mt-3\">\n\t<div class=\"col-md-12\">\n\t\t<p class=\"text-center\"><span class=\"wpcf7-form-control-wrap\" data-name=\"acceptance-788\"><span class=\"wpcf7-form-control wpcf7-acceptance\"><span class=\"wpcf7-list-item\"><input type=\"checkbox\" name=\"acceptance-788\" value=\"1\" aria-invalid=\"false\" \/><\/span><\/span><\/span> He le\u00eddo y acepto la <a target=\"_blank\" href=\"https:\/\/www.villafloresmartin.com\/es\/aviso-legal\/\">pol\u00edtica de privacidad<\/a>\n\t\t<\/p>\n\t<\/div>\n<\/div>\n<div class=\"row mt-3\">\n\t<div class=\"col-md-12\">\n\t\t<p><input class=\"wpcf7-form-control wpcf7-submit has-spinner btn-int\" type=\"submit\" value=\"Enviar\" \/>\n\t\t<\/p>\n\t<\/div>\n<\/div><p style=\"display: none !important;\" class=\"akismet-fields-container\" data-prefix=\"_wpcf7_ak_\"><label>&#916;<textarea name=\"_wpcf7_ak_hp_textarea\" cols=\"45\" rows=\"8\" maxlength=\"100\"><\/textarea><\/label><input type=\"hidden\" id=\"ak_js_1\" name=\"_wpcf7_ak_js\" value=\"183\"\/><script>document.getElementById( \"ak_js_1\" ).setAttribute( \"value\", ( new Date() ).getTime() );<\/script><\/p><div class=\"wpcf7-response-output\" aria-hidden=\"true\"><\/div>\n<\/form>\n<\/div>\n<\/div>\n<div class=\"row mt-5 mb-3\">\n<div class=\"col-md-3 mosaico-home borde-derecha\">\n<div class=\"fondo-ingenieria-proyectos mosaico-escala mosaico-escala-int\">\n<h3><a class=\"d-flex justify-content-center flex-column\" href=\"https:\/\/www.villafloresmartin.com\/es\/servicios\/ingenieria-y-proyectos\/\">Ingenier\u00eda y proyectos<\/a><\/h3>\n<\/div>\n<\/div>\n<div class=\"col-md-3 mosaico-home borde-derecha-izquierda\">\n<div class=\"fondo-redes-distribucion mosaico-escala mosaico-escala-int\">\n<h3><a class=\"d-flex justify-content-center flex-column\" href=\"https:\/\/www.villafloresmartin.com\/es\/servicios\/redes-distribucion-alta-media-baja-tension\/\">Redes de distribuci\u00f3n de alta, media y baja tensi\u00f3n<\/a><\/h3>\n<\/div>\n<\/div>\n<div class=\"col-md-3 mosaico-home borde-derecha-izquierda\">\n<div class=\"fondo-localizacion-ensayos mosaico-escala mosaico-escala-int\">\n<h3><a class=\"d-flex justify-content-center flex-column\" href=\"https:\/\/www.villafloresmartin.com\/es\/servicios\/localizacion-ensayos-diagnosis-lineas-subterraneas-electricas\/\">Localizaci\u00f3n, ensayos y diagnosis de l\u00edneas subterr\u00e1neas el\u00e9ctricas<\/a><\/h3>\n<\/div>\n<\/div>\n<div class=\"col-md-3 mosaico-home borde-izquierda\">\n<div class=\"fondo-servicios-energia mosaico-escala mosaico-escala-int\">\n<h3><a class=\"d-flex justify-content-center flex-column\" href=\"https:\/\/www.villafloresmartin.com\/es\/servicios\/servicios-energia-electrica\/\">Servicios de energ\u00eda el\u00e9ctrica<\/a><\/h3>\n<\/div>\n<\/div>\n<\/div>\n<div class=\"row mb-4\">\n<div class=\"col-md-3 mosaico-home borde-derecha\">\n<div class=\"fondo-obra-civil mosaico-escala mosaico-escala-int\">\n<h3><a class=\"d-flex justify-content-center flex-column\" href=\"https:\/\/www.villafloresmartin.com\/es\/servicios\/obra-civil\/\">Obra civil<\/a><\/h3>\n<\/div>\n<\/div>\n<div class=\"col-md-3 mosaico-home borde-derecha-izquierda\">\n<div class=\"fondo-mantenimiento-instalaciones mosaico-escala mosaico-escala-int\">\n<h3><a class=\"d-flex justify-content-center flex-column\" href=\"https:\/\/www.villafloresmartin.com\/es\/servicios\/mantenimiento-instalaciones-electricas\/\">Mantenimiento de instalaciones el\u00e9ctricas<\/a><\/h3>\n<\/div>\n<\/div>\n<div class=\"col-md-3 mosaico-home borde-derecha-izquierda\">\n<div class=\"fondo-alumbrado-publico mosaico-escala mosaico-escala-int\">\n<h3><a class=\"d-flex justify-content-center flex-column\" href=\"https:\/\/www.villafloresmartin.com\/es\/servicios\/alumbrado-vial-urbano\/\">Alumbrado vial y urbano<\/a><\/h3>\n<\/div>\n<\/div>\n<div class=\"col-md-3 mosaico-home borde-izquierda\">\n<div class=\"fondo-energias-renovables mosaico-escala mosaico-escala-int\">\n<h3><a class=\"d-flex justify-content-center flex-column\" href=\"https:\/\/www.villafloresmartin.com\/es\/servicios\/energias-renovables\/\">Energ\u00edas renovables<\/a><\/h3>\n<\/div>\n<\/div>\n<\/div>\n","protected":false},"excerpt":{"rendered":"<p>Obra civil en centros de transformaci\u00f3n Nuestra larga trayectoria en instalaciones el\u00e9ctricas, unida a la experiencia que atesoramos en obra civil, hace que Villa Flores Mart\u00edn, VFM, pueda ofrecer un servicio especializado en todo lo relacionado con la reforma y la construcci\u00f3n de centros de transformaci\u00f3n. Pero, \u00bfqu\u00e9 son los centros de transformaci\u00f3n de energ\u00eda? [&#8230;]<\/p>\n<p><a class=\"btn btn-secondary understrap-read-more-link\" href=\"https:\/\/www.villafloresmartin.com\/es\/servicios\/obra-civil\/obra-civil-centros-transformacion\/\">Leer m\u00e1s&#8230;<\/a><\/p>\n","protected":false},"author":2,"featured_media":0,"parent":56,"menu_order":0,"comment_status":"closed","ping_status":"closed","template":"page-templates\/empty.php","meta":{"footnotes":""},"class_list":["post-365","page","type-page","status-publish","hentry"],"yoast_head":"<!-- This site is optimized with the Yoast SEO plugin v26.9 - https:\/\/yoast.com\/product\/yoast-seo-wordpress\/ -->\n<title>Obra Civil en Centros de Transformaci\u00f3n - Servicios de Obras Civiles en Centros de Transformaci\u00f3n<\/title>\n<meta name=\"description\" content=\"Nuestra larga trayectoria en instalaciones el\u00e9ctricas, unida a la experiencia que atesoramos en obra civil, hace que Villa Flores Mart\u00edn, VFM, pueda ofrecer un servicio especializado en todo lo relacionado con la reforma y la construcci\u00f3n de centros de transformaci\u00f3n.\" \/>\n<meta name=\"robots\" content=\"index, follow, max-snippet:-1, max-image-preview:large, max-video-preview:-1\" \/>\n<link rel=\"canonical\" href=\"https:\/\/www.villafloresmartin.com\/es\/servicios\/obra-civil\/obra-civil-centros-transformacion\/\" \/>\n<meta property=\"og:locale\" content=\"es_ES\" \/>\n<meta property=\"og:type\" content=\"article\" \/>\n<meta property=\"og:title\" content=\"Obra Civil en Centros de Transformaci\u00f3n - Servicios de Obras Civiles en Centros de Transformaci\u00f3n\" \/>\n<meta property=\"og:description\" content=\"Nuestra larga trayectoria en instalaciones el\u00e9ctricas, unida a la experiencia que atesoramos en obra civil, hace que Villa Flores Mart\u00edn, VFM, pueda ofrecer un servicio especializado en todo lo relacionado con la reforma y la construcci\u00f3n de centros de transformaci\u00f3n.\" \/>\n<meta property=\"og:url\" content=\"https:\/\/www.villafloresmartin.com\/es\/servicios\/obra-civil\/obra-civil-centros-transformacion\/\" \/>\n<meta property=\"og:site_name\" content=\"Villa Flores Mart\u00edn\" \/>\n<meta property=\"article:modified_time\" content=\"2019-04-04T09:34:59+00:00\" \/>\n<meta property=\"og:image\" content=\"https:\/\/www.villafloresmartin.com\/es\/wp-content\/uploads\/2017\/05\/obra-centros-transformacion-cabecera.jpg\" \/>\n<meta name=\"twitter:label1\" content=\"Tiempo de lectura\" \/>\n\t<meta name=\"twitter:data1\" content=\"2 minutos\" \/>\n<script type=\"application\/ld+json\" class=\"yoast-schema-graph\">{\"@context\":\"https:\/\/schema.org\",\"@graph\":[{\"@type\":\"WebPage\",\"@id\":\"https:\/\/www.villafloresmartin.com\/es\/servicios\/obra-civil\/obra-civil-centros-transformacion\/\",\"url\":\"https:\/\/www.villafloresmartin.com\/es\/servicios\/obra-civil\/obra-civil-centros-transformacion\/\",\"name\":\"Obra Civil en Centros de Transformaci\u00f3n - Servicios de Obras Civiles en Centros de Transformaci\u00f3n\",\"isPartOf\":{\"@id\":\"https:\/\/www.villafloresmartin.com\/es\/#website\"},\"primaryImageOfPage\":{\"@id\":\"https:\/\/www.villafloresmartin.com\/es\/servicios\/obra-civil\/obra-civil-centros-transformacion\/#primaryimage\"},\"image\":{\"@id\":\"https:\/\/www.villafloresmartin.com\/es\/servicios\/obra-civil\/obra-civil-centros-transformacion\/#primaryimage\"},\"thumbnailUrl\":\"https:\/\/www.villafloresmartin.com\/es\/wp-content\/uploads\/2017\/05\/obra-centros-transformacion-cabecera.jpg\",\"datePublished\":\"2017-05-29T09:39:10+00:00\",\"dateModified\":\"2019-04-04T09:34:59+00:00\",\"description\":\"Nuestra larga trayectoria en instalaciones el\u00e9ctricas, unida a la experiencia que atesoramos en obra civil, hace que Villa Flores Mart\u00edn, VFM, pueda ofrecer un servicio especializado en todo lo relacionado con la reforma y la construcci\u00f3n de centros de transformaci\u00f3n.\",\"breadcrumb\":{\"@id\":\"https:\/\/www.villafloresmartin.com\/es\/servicios\/obra-civil\/obra-civil-centros-transformacion\/#breadcrumb\"},\"inLanguage\":\"es\",\"potentialAction\":[{\"@type\":\"ReadAction\",\"target\":[\"https:\/\/www.villafloresmartin.com\/es\/servicios\/obra-civil\/obra-civil-centros-transformacion\/\"]}]},{\"@type\":\"ImageObject\",\"inLanguage\":\"es\",\"@id\":\"https:\/\/www.villafloresmartin.com\/es\/servicios\/obra-civil\/obra-civil-centros-transformacion\/#primaryimage\",\"url\":\"https:\/\/www.villafloresmartin.com\/es\/wp-content\/uploads\/2017\/05\/obra-centros-transformacion-cabecera.jpg\",\"contentUrl\":\"https:\/\/www.villafloresmartin.com\/es\/wp-content\/uploads\/2017\/05\/obra-centros-transformacion-cabecera.jpg\",\"width\":1600,\"height\":575},{\"@type\":\"BreadcrumbList\",\"@id\":\"https:\/\/www.villafloresmartin.com\/es\/servicios\/obra-civil\/obra-civil-centros-transformacion\/#breadcrumb\",\"itemListElement\":[{\"@type\":\"ListItem\",\"position\":1,\"name\":\"Portada\",\"item\":\"https:\/\/www.villafloresmartin.com\/es\/\"},{\"@type\":\"ListItem\",\"position\":2,\"name\":\"Servicios\",\"item\":\"https:\/\/www.villafloresmartin.com\/es\/servicios\/\"},{\"@type\":\"ListItem\",\"position\":3,\"name\":\"Obra civil\",\"item\":\"https:\/\/www.villafloresmartin.com\/es\/servicios\/obra-civil\/\"},{\"@type\":\"ListItem\",\"position\":4,\"name\":\"Obra civil en centros de transformaci\u00f3n\"}]},{\"@type\":\"WebSite\",\"@id\":\"https:\/\/www.villafloresmartin.com\/es\/#website\",\"url\":\"https:\/\/www.villafloresmartin.com\/es\/\",\"name\":\"Villa Flores Mart\u00edn\",\"description\":\"\",\"potentialAction\":[{\"@type\":\"SearchAction\",\"target\":{\"@type\":\"EntryPoint\",\"urlTemplate\":\"https:\/\/www.villafloresmartin.com\/es\/?s={search_term_string}\"},\"query-input\":{\"@type\":\"PropertyValueSpecification\",\"valueRequired\":true,\"valueName\":\"search_term_string\"}}],\"inLanguage\":\"es\"}]}<\/script>\n<!-- \/ Yoast SEO plugin. -->","yoast_head_json":{"title":"Obra Civil en Centros de Transformaci\u00f3n - Servicios de Obras Civiles en Centros de Transformaci\u00f3n","description":"Nuestra larga trayectoria en instalaciones el\u00e9ctricas, unida a la experiencia que atesoramos en obra civil, hace que Villa Flores Mart\u00edn, VFM, pueda ofrecer un servicio especializado en todo lo relacionado con la reforma y la construcci\u00f3n de centros de transformaci\u00f3n.","robots":{"index":"index","follow":"follow","max-snippet":"max-snippet:-1","max-image-preview":"max-image-preview:large","max-video-preview":"max-video-preview:-1"},"canonical":"https:\/\/www.villafloresmartin.com\/es\/servicios\/obra-civil\/obra-civil-centros-transformacion\/","og_locale":"es_ES","og_type":"article","og_title":"Obra Civil en Centros de Transformaci\u00f3n - Servicios de Obras Civiles en Centros de Transformaci\u00f3n","og_description":"Nuestra larga trayectoria en instalaciones el\u00e9ctricas, unida a la experiencia que atesoramos en obra civil, hace que Villa Flores Mart\u00edn, VFM, pueda ofrecer un servicio especializado en todo lo relacionado con la reforma y la construcci\u00f3n de centros de transformaci\u00f3n.","og_url":"https:\/\/www.villafloresmartin.com\/es\/servicios\/obra-civil\/obra-civil-centros-transformacion\/","og_site_name":"Villa Flores Mart\u00edn","article_modified_time":"2019-04-04T09:34:59+00:00","og_image":[{"url":"https:\/\/www.villafloresmartin.com\/es\/wp-content\/uploads\/2017\/05\/obra-centros-transformacion-cabecera.jpg","type":"","width":"","height":""}],"twitter_misc":{"Tiempo de lectura":"2 minutos"},"schema":{"@context":"https:\/\/schema.org","@graph":[{"@type":"WebPage","@id":"https:\/\/www.villafloresmartin.com\/es\/servicios\/obra-civil\/obra-civil-centros-transformacion\/","url":"https:\/\/www.villafloresmartin.com\/es\/servicios\/obra-civil\/obra-civil-centros-transformacion\/","name":"Obra Civil en Centros de Transformaci\u00f3n - Servicios de Obras Civiles en Centros de Transformaci\u00f3n","isPartOf":{"@id":"https:\/\/www.villafloresmartin.com\/es\/#website"},"primaryImageOfPage":{"@id":"https:\/\/www.villafloresmartin.com\/es\/servicios\/obra-civil\/obra-civil-centros-transformacion\/#primaryimage"},"image":{"@id":"https:\/\/www.villafloresmartin.com\/es\/servicios\/obra-civil\/obra-civil-centros-transformacion\/#primaryimage"},"thumbnailUrl":"https:\/\/www.villafloresmartin.com\/es\/wp-content\/uploads\/2017\/05\/obra-centros-transformacion-cabecera.jpg","datePublished":"2017-05-29T09:39:10+00:00","dateModified":"2019-04-04T09:34:59+00:00","description":"Nuestra larga trayectoria en instalaciones el\u00e9ctricas, unida a la experiencia que atesoramos en obra civil, hace que Villa Flores Mart\u00edn, VFM, pueda ofrecer un servicio especializado en todo lo relacionado con la reforma y la construcci\u00f3n de centros de transformaci\u00f3n.","breadcrumb":{"@id":"https:\/\/www.villafloresmartin.com\/es\/servicios\/obra-civil\/obra-civil-centros-transformacion\/#breadcrumb"},"inLanguage":"es","potentialAction":[{"@type":"ReadAction","target":["https:\/\/www.villafloresmartin.com\/es\/servicios\/obra-civil\/obra-civil-centros-transformacion\/"]}]},{"@type":"ImageObject","inLanguage":"es","@id":"https:\/\/www.villafloresmartin.com\/es\/servicios\/obra-civil\/obra-civil-centros-transformacion\/#primaryimage","url":"https:\/\/www.villafloresmartin.com\/es\/wp-content\/uploads\/2017\/05\/obra-centros-transformacion-cabecera.jpg","contentUrl":"https:\/\/www.villafloresmartin.com\/es\/wp-content\/uploads\/2017\/05\/obra-centros-transformacion-cabecera.jpg","width":1600,"height":575},{"@type":"BreadcrumbList","@id":"https:\/\/www.villafloresmartin.com\/es\/servicios\/obra-civil\/obra-civil-centros-transformacion\/#breadcrumb","itemListElement":[{"@type":"ListItem","position":1,"name":"Portada","item":"https:\/\/www.villafloresmartin.com\/es\/"},{"@type":"ListItem","position":2,"name":"Servicios","item":"https:\/\/www.villafloresmartin.com\/es\/servicios\/"},{"@type":"ListItem","position":3,"name":"Obra civil","item":"https:\/\/www.villafloresmartin.com\/es\/servicios\/obra-civil\/"},{"@type":"ListItem","position":4,"name":"Obra civil en centros de transformaci\u00f3n"}]},{"@type":"WebSite","@id":"https:\/\/www.villafloresmartin.com\/es\/#website","url":"https:\/\/www.villafloresmartin.com\/es\/","name":"Villa Flores Mart\u00edn","description":"","potentialAction":[{"@type":"SearchAction","target":{"@type":"EntryPoint","urlTemplate":"https:\/\/www.villafloresmartin.com\/es\/?s={search_term_string}"},"query-input":{"@type":"PropertyValueSpecification","valueRequired":true,"valueName":"search_term_string"}}],"inLanguage":"es"}]}},"_links":{"self":[{"href":"https:\/\/www.villafloresmartin.com\/es\/wp-json\/wp\/v2\/pages\/365","targetHints":{"allow":["GET"]}}],"collection":[{"href":"https:\/\/www.villafloresmartin.com\/es\/wp-json\/wp\/v2\/pages"}],"about":[{"href":"https:\/\/www.villafloresmartin.com\/es\/wp-json\/wp\/v2\/types\/page"}],"author":[{"embeddable":true,"href":"https:\/\/www.villafloresmartin.com\/es\/wp-json\/wp\/v2\/users\/2"}],"replies":[{"embeddable":true,"href":"https:\/\/www.villafloresmartin.com\/es\/wp-json\/wp\/v2\/comments?post=365"}],"version-history":[{"count":0,"href":"https:\/\/www.villafloresmartin.com\/es\/wp-json\/wp\/v2\/pages\/365\/revisions"}],"up":[{"embeddable":true,"href":"https:\/\/www.villafloresmartin.com\/es\/wp-json\/wp\/v2\/pages\/56"}],"wp:attachment":[{"href":"https:\/\/www.villafloresmartin.com\/es\/wp-json\/wp\/v2\/media?parent=365"}],"curies":[{"name":"wp","href":"https:\/\/api.w.org\/{rel}","templated":true}]}}