{"id":363,"date":"2017-05-29T11:38:55","date_gmt":"2017-05-29T09:38:55","guid":{"rendered":"https:\/\/www.villafloresmartin.com\/es\/?page_id=363"},"modified":"2019-07-05T13:02:46","modified_gmt":"2019-07-05T11:02:46","slug":"canalizaciones","status":"publish","type":"page","link":"https:\/\/www.villafloresmartin.com\/es\/servicios\/obra-civil\/canalizaciones\/","title":{"rendered":"Canalizaciones"},"content":{"rendered":"<p class=\"no-margin\"><div id=\"metaslider-id-877\" style=\"width: 100%;\" class=\"ml-slider-3-105-0 metaslider metaslider-flex metaslider-877 ml-slider ms-theme-default nav-hidden\" role=\"region\" aria-label=\"canalizaciones\" data-height=\"575\" data-width=\"1600\">\n    <div id=\"metaslider_container_877\">\n        <div id=\"metaslider_877\">\n            <ul class='slides'>\n                <li style=\"display: block; width: 100%;\" class=\"slide-878 ms-image \" aria-roledescription=\"slide\" data-date=\"2017-06-08 18:03:55\" data-filename=\"PAG20_DOSSIER_1600X575.jpg\" data-slide-type=\"image\"><img  title=\"Canalizaciones - Villa Flores Mart\u00edn\" loading=\"lazy\" decoding=\"async\" src=\"https:\/\/www.villafloresmartin.com\/es\/wp-content\/uploads\/2018\/04\/PAG20_DOSSIER_1600X575.jpg\" height=\"575\" width=\"1600\"  alt=\"Canalizaciones - Villa Flores Mart\u00edn\"  class=\"slider-877 slide-878 msDefaultImage\" \/><\/li>\n                <li style=\"display: none; width: 100%;\" class=\"slide-883 ms-image \" aria-roledescription=\"slide\" data-date=\"2017-06-08 18:04:10\" data-filename=\"canalizaciones-cabecera-b.jpg\" data-slide-type=\"image\"><img  title=\"Canalizaciones - Villa Flores Mart\u00edn\" loading=\"lazy\" decoding=\"async\" src=\"https:\/\/www.villafloresmartin.com\/es\/wp-content\/uploads\/2017\/06\/canalizaciones-cabecera-b.jpg\" height=\"575\" width=\"1600\"  alt=\"Canalizaciones - Villa Flores Mart\u00edn\"  class=\"slider-877 slide-883 msDefaultImage\" \/><\/li>\n                <li style=\"display: none; width: 100%;\" class=\"slide-884 ms-image \" aria-roledescription=\"slide\" data-date=\"2017-06-08 18:04:10\" data-filename=\"canalizaciones-cabecera-c-1597x574.jpg\" data-slide-type=\"image\"><img  title=\"Canalizaciones - Villa Flores Mart\u00edn\" loading=\"lazy\" decoding=\"async\" src=\"https:\/\/www.villafloresmartin.com\/es\/wp-content\/uploads\/2017\/06\/canalizaciones-cabecera-c-1597x574.jpg\" height=\"575\" width=\"1600\"  alt=\"Canalizaciones - Villa Flores Mart\u00edn\"  class=\"slider-877 slide-884 msDefaultImage\" \/><\/li>\n                <li style=\"display: none; width: 100%;\" class=\"slide-885 ms-image \" aria-roledescription=\"slide\" data-date=\"2017-06-08 18:04:10\" data-filename=\"canalizaciones-cabecera-d-1400x503.jpg\" data-slide-type=\"image\"><img  title=\"Canalizaciones - Villa Flores Mart\u00edn\" loading=\"lazy\" decoding=\"async\" src=\"https:\/\/www.villafloresmartin.com\/es\/wp-content\/uploads\/2017\/06\/canalizaciones-cabecera-d-1400x503.jpg\" height=\"575\" width=\"1600\"  alt=\"Canalizaciones - Villa Flores Mart\u00edn\"  class=\"slider-877 slide-885 msDefaultImage\" \/><\/li>\n            <\/ul>\n        <\/div>\n        \n    <\/div>\n<\/div>\n<h1 class=\"text-center mt-4 mb-4\">Canalizaciones<\/h1>\n<div class=\"adorno-naranja\"><\/div>\n<div class=\"container mt-4 mb-4\">\n<div class=\"row\">\n<div class=\"col-md-12 dos-columnas\">\n<p class=\"texto\">El Departamento de Obra Civil de Villa Flores Mart\u00edn (VFM) tiene integrado el servicio especializado en canalizaciones para obras el\u00e9ctricas e hidr\u00e1ulicas (redes de abastecimiento y saneamiento de aguas). Su desempe\u00f1o aglutina por un lado un completo equipo humano profesionalizado en la materia y, por otro, medios propios que responden a las principales demandas del sector de la energ\u00eda en Espa\u00f1a.<\/p>\n<\/div>\n<\/div>\n<\/div>\n<div class=\"row mt-4 mb-4\">\n<div class=\"col-md-6 fondo-gris padding-3\">\n<h2>Cobertura completa de canalizaciones<\/h2>\n<p class=\"texto\">Dentro de nuestro servicio de canalizaciones para obras el\u00e9ctricas e hidr\u00e1ulicas damos cobertura a distintos tipos de proyectos. Tambi\u00e9n ejecutamos canalizaciones para obras de gas, fibra \u00f3ptica o alumbrado, entre otros.<\/p>\n<p class=\"texto\">Menci\u00f3n especial merecen nuestros trabajos de acompa\u00f1amiento a los servicios de mantenimiento y a las reformas urban\u00edsticas de ayuntamientos. En este sentido podemos hacer referencia a algunos trabajos ya realizados como, por ejemplo, la construcci\u00f3n y remodelaci\u00f3n de carriles bicis, carriles viarios, carriles asfaltados, etc.<\/p>\n<\/div>\n<div class=\"col-md-6 fondo-naranja padding-3\">\n<p class=\"texto\">Para terminar, resaltar que desde nuestro Departamento T\u00e9cnico nos encargamos tambi\u00e9n de la <a href=\"https:\/\/www.villafloresmartin.com\/es\/servicios\/ingenieria-y-proyectos\/gestiones-administrativas-tramitaciones\/\">gesti\u00f3n y la tramitaci\u00f3n de los permisos<\/a> solicitados por los diferentes organismos afectados en la obra, as\u00ed como licencias, solicitud de cortes de calles y todo lo necesario para facilitar la tarea de los clientes que demandan nuestros servicios.<\/p>\n<p class=\"texto\">Si desea m\u00e1s informaci\u00f3n sobre nuestro servicio de canalizaciones para obras el\u00e9ctricas u otra de nuestras especialidades, no dude en contactar con nosotros. Nuestro personal de atenci\u00f3n al cliente estar\u00e1 encantado de prestarle el asesoramiento deseado.<\/p>\n<\/div>\n<\/div>\n<div class=\"divider-gris mt-5 mb-4\"><\/div>\n<h2 class=\"text-center\">Contacta con nosotros<\/h2>\n<div class=\"adorno-naranja\"><\/div>\n<div class=\"container mt-4 mb-4\">\n<div class=\"wpcf7 no-js\" id=\"wpcf7-f372-o1\" lang=\"es-ES\" dir=\"ltr\" data-wpcf7-id=\"372\">\n<div class=\"screen-reader-response\"><p role=\"status\" aria-live=\"polite\" aria-atomic=\"true\"><\/p> <ul><\/ul><\/div>\n<form action=\"\/es\/wp-json\/wp\/v2\/pages\/363#wpcf7-f372-o1\" method=\"post\" class=\"wpcf7-form init\" aria-label=\"Formulario de contacto\" novalidate=\"novalidate\" data-status=\"init\">\n<fieldset class=\"hidden-fields-container\"><input type=\"hidden\" name=\"_wpcf7\" value=\"372\" \/><input type=\"hidden\" name=\"_wpcf7_version\" value=\"6.1.4\" \/><input type=\"hidden\" name=\"_wpcf7_locale\" value=\"es_ES\" \/><input type=\"hidden\" name=\"_wpcf7_unit_tag\" value=\"wpcf7-f372-o1\" \/><input type=\"hidden\" name=\"_wpcf7_container_post\" value=\"0\" \/><input type=\"hidden\" name=\"_wpcf7_posted_data_hash\" value=\"\" \/><input type=\"hidden\" name=\"_wpcf7_recaptcha_response\" value=\"\" \/>\n<\/fieldset>\n<div class=\"row\">\n\t<div class=\"col-md-6\">\n\t\t<p><label> <span class=\"wpcf7-form-control-wrap\" data-name=\"your-name\"><input size=\"40\" maxlength=\"400\" class=\"wpcf7-form-control wpcf7-text wpcf7-validates-as-required form-int\" aria-required=\"true\" aria-invalid=\"false\" placeholder=\"Nombre (*)\" value=\"\" type=\"text\" name=\"your-name\" \/><\/span> <\/label>\n\t\t<\/p>\n\t<\/div>\n\t<div class=\"col-md-6\">\n\t\t<p><label> <span class=\"wpcf7-form-control-wrap\" data-name=\"your-email\"><input size=\"40\" maxlength=\"400\" class=\"wpcf7-form-control wpcf7-email wpcf7-validates-as-required wpcf7-text wpcf7-validates-as-email form-int\" aria-required=\"true\" aria-invalid=\"false\" placeholder=\"Email (*)\" value=\"\" type=\"email\" name=\"your-email\" \/><\/span> <\/label>\n\t\t<\/p>\n\t<\/div>\n<\/div>\n<div class=\"row mt-3\">\n\t<div class=\"col-md-6\">\n\t\t<p><label> <span class=\"wpcf7-form-control-wrap\" data-name=\"tel-308\"><input size=\"40\" maxlength=\"400\" class=\"wpcf7-form-control wpcf7-tel wpcf7-text wpcf7-validates-as-tel form-int\" aria-invalid=\"false\" placeholder=\"Tel\u00e9fono\" value=\"\" type=\"tel\" name=\"tel-308\" \/><\/span> <\/label>\n\t\t<\/p>\n\t<\/div>\n\t<div class=\"col-md-6\">\n\t\t<p><label> <span class=\"wpcf7-form-control-wrap\" data-name=\"tipo-servicio\"><select class=\"wpcf7-form-control wpcf7-select form-int\" aria-invalid=\"false\" name=\"tipo-servicio\"><option value=\"Tipo de servicio\">Tipo de servicio<\/option><option value=\"Canalizaciones\">Canalizaciones<\/option><option value=\"Obra civil en centros de transformaci\u00f3n\">Obra civil en centros de transformaci\u00f3n<\/option><\/select><\/span> <\/label>\n\t\t<\/p>\n\t<\/div>\n<\/div>\n<div class=\"row mt-3\">\n\t<div class=\"col-md-12\">\n\t\t<p><label> <span class=\"wpcf7-form-control-wrap\" data-name=\"your-message\"><textarea cols=\"40\" rows=\"3\" maxlength=\"2000\" class=\"wpcf7-form-control wpcf7-textarea form-int\" aria-invalid=\"false\" placeholder=\"Mensaje\" name=\"your-message\"><\/textarea><\/span> <\/label>\n\t\t<\/p>\n\t<\/div>\n<\/div>\n<div class=\"row mt-3\">\n\t<div class=\"col-md-12\">\n\t\t<p class=\"text-center\"><span class=\"wpcf7-form-control-wrap\" data-name=\"acceptance-788\"><span class=\"wpcf7-form-control wpcf7-acceptance\"><span class=\"wpcf7-list-item\"><input type=\"checkbox\" name=\"acceptance-788\" value=\"1\" aria-invalid=\"false\" \/><\/span><\/span><\/span> He le\u00eddo y acepto la <a target=\"_blank\" href=\"https:\/\/www.villafloresmartin.com\/es\/aviso-legal\/\">pol\u00edtica de privacidad<\/a>\n\t\t<\/p>\n\t<\/div>\n<\/div>\n<div class=\"row mt-3\">\n\t<div class=\"col-md-12\">\n\t\t<p><input class=\"wpcf7-form-control wpcf7-submit has-spinner btn-int\" type=\"submit\" value=\"Enviar\" \/>\n\t\t<\/p>\n\t<\/div>\n<\/div><p style=\"display: none !important;\" class=\"akismet-fields-container\" data-prefix=\"_wpcf7_ak_\"><label>&#916;<textarea name=\"_wpcf7_ak_hp_textarea\" cols=\"45\" rows=\"8\" maxlength=\"100\"><\/textarea><\/label><input type=\"hidden\" id=\"ak_js_1\" name=\"_wpcf7_ak_js\" value=\"58\"\/><script>document.getElementById( \"ak_js_1\" ).setAttribute( \"value\", ( new Date() ).getTime() );<\/script><\/p><div class=\"wpcf7-response-output\" aria-hidden=\"true\"><\/div>\n<\/form>\n<\/div>\n<\/div>\n<div class=\"row mt-5 mb-3\">\n<div class=\"col-md-3 mosaico-home borde-derecha\">\n<div class=\"fondo-ingenieria-proyectos mosaico-escala mosaico-escala-int\">\n<h3><a class=\"d-flex justify-content-center flex-column\" href=\"https:\/\/www.villafloresmartin.com\/es\/servicios\/ingenieria-y-proyectos\/\">Ingenier\u00eda y proyectos<\/a><\/h3>\n<\/div>\n<\/div>\n<div class=\"col-md-3 mosaico-home borde-derecha-izquierda\">\n<div class=\"fondo-redes-distribucion mosaico-escala mosaico-escala-int\">\n<h3><a class=\"d-flex justify-content-center flex-column\" href=\"https:\/\/www.villafloresmartin.com\/es\/servicios\/redes-distribucion-alta-media-baja-tension\/\">Redes de distribuci\u00f3n de alta, media y baja tensi\u00f3n<\/a><\/h3>\n<\/div>\n<\/div>\n<div class=\"col-md-3 mosaico-home borde-derecha-izquierda\">\n<div class=\"fondo-localizacion-ensayos mosaico-escala mosaico-escala-int\">\n<h3><a class=\"d-flex justify-content-center flex-column\" href=\"https:\/\/www.villafloresmartin.com\/es\/servicios\/localizacion-ensayos-diagnosis-lineas-subterraneas-electricas\/\">Localizaci\u00f3n, ensayos y diagnosis de l\u00edneas subterr\u00e1neas el\u00e9ctricas<\/a><\/h3>\n<\/div>\n<\/div>\n<div class=\"col-md-3 mosaico-home borde-izquierda\">\n<div class=\"fondo-servicios-energia mosaico-escala mosaico-escala-int\">\n<h3><a class=\"d-flex justify-content-center flex-column\" href=\"https:\/\/www.villafloresmartin.com\/es\/servicios\/servicios-energia-electrica\/\">Servicios de energ\u00eda el\u00e9ctrica<\/a><\/h3>\n<\/div>\n<\/div>\n<\/div>\n<div class=\"row mb-4\">\n<div class=\"col-md-3 mosaico-home borde-derecha\">\n<div class=\"fondo-obra-civil mosaico-escala mosaico-escala-int\">\n<h3><a class=\"d-flex justify-content-center flex-column\" href=\"https:\/\/www.villafloresmartin.com\/es\/servicios\/obra-civil\/\">Obra civil<\/a><\/h3>\n<\/div>\n<\/div>\n<div class=\"col-md-3 mosaico-home borde-derecha-izquierda\">\n<div class=\"fondo-mantenimiento-instalaciones mosaico-escala mosaico-escala-int\">\n<h3><a class=\"d-flex justify-content-center flex-column\" href=\"https:\/\/www.villafloresmartin.com\/es\/servicios\/mantenimiento-instalaciones-electricas\/\">Mantenimiento de instalaciones el\u00e9ctricas<\/a><\/h3>\n<\/div>\n<\/div>\n<div class=\"col-md-3 mosaico-home borde-derecha-izquierda\">\n<div class=\"fondo-alumbrado-publico mosaico-escala mosaico-escala-int\">\n<h3><a class=\"d-flex justify-content-center flex-column\" href=\"https:\/\/www.villafloresmartin.com\/es\/servicios\/alumbrado-vial-urbano\/\">Alumbrado vial y urbano<\/a><\/h3>\n<\/div>\n<\/div>\n<div class=\"col-md-3 mosaico-home borde-izquierda\">\n<div class=\"fondo-energias-renovables mosaico-escala mosaico-escala-int\">\n<h3><a class=\"d-flex justify-content-center flex-column\" href=\"https:\/\/www.villafloresmartin.com\/es\/servicios\/energias-renovables\/\">Energ\u00edas renovables<\/a><\/h3>\n<\/div>\n<\/div>\n<\/div>\n","protected":false},"excerpt":{"rendered":"<p>Canalizaciones El Departamento de Obra Civil de Villa Flores Mart\u00edn (VFM) tiene integrado el servicio especializado en canalizaciones para obras el\u00e9ctricas e hidr\u00e1ulicas (redes de abastecimiento y saneamiento de aguas). Su desempe\u00f1o aglutina por un lado un completo equipo humano profesionalizado en la materia y, por otro, medios propios que responden a las principales demandas [&#8230;]<\/p>\n<p><a class=\"btn btn-secondary understrap-read-more-link\" href=\"https:\/\/www.villafloresmartin.com\/es\/servicios\/obra-civil\/canalizaciones\/\">Leer m\u00e1s&#8230;<\/a><\/p>\n","protected":false},"author":2,"featured_media":0,"parent":56,"menu_order":0,"comment_status":"closed","ping_status":"closed","template":"page-templates\/empty.php","meta":{"footnotes":""},"class_list":["post-363","page","type-page","status-publish","hentry"],"yoast_head":"<!-- This site is optimized with the Yoast SEO plugin v26.9 - https:\/\/yoast.com\/product\/yoast-seo-wordpress\/ -->\n<title>Canalizaciones para Obras El\u00e9ctricas - Servicios de Canalizaciones para obras El\u00e9ctricas en Sevilla<\/title>\n<meta name=\"description\" content=\"El Departamento de Obra Civil de VFM tiene integrado el servicio especializado en canalizaciones para obras el\u00e9ctricas. Su desempe\u00f1o aglutina por un lado un completo equipo humano profesionalizado en la materia y, por otro, medios propios que responden a las principales demandas del sector de la energ\u00eda en Espa\u00f1a.\" \/>\n<meta name=\"robots\" content=\"index, follow, max-snippet:-1, max-image-preview:large, max-video-preview:-1\" \/>\n<link rel=\"canonical\" href=\"https:\/\/www.villafloresmartin.com\/es\/servicios\/obra-civil\/canalizaciones\/\" \/>\n<meta property=\"og:locale\" content=\"es_ES\" \/>\n<meta property=\"og:type\" content=\"article\" \/>\n<meta property=\"og:title\" content=\"Canalizaciones para Obras El\u00e9ctricas - Servicios de Canalizaciones para obras El\u00e9ctricas en Sevilla\" \/>\n<meta property=\"og:description\" content=\"El Departamento de Obra Civil de VFM tiene integrado el servicio especializado en canalizaciones para obras el\u00e9ctricas. Su desempe\u00f1o aglutina por un lado un completo equipo humano profesionalizado en la materia y, por otro, medios propios que responden a las principales demandas del sector de la energ\u00eda en Espa\u00f1a.\" \/>\n<meta property=\"og:url\" content=\"https:\/\/www.villafloresmartin.com\/es\/servicios\/obra-civil\/canalizaciones\/\" \/>\n<meta property=\"og:site_name\" content=\"Villa Flores Mart\u00edn\" \/>\n<meta property=\"article:modified_time\" content=\"2019-07-05T11:02:46+00:00\" \/>\n<meta name=\"twitter:label1\" content=\"Tiempo de lectura\" \/>\n\t<meta name=\"twitter:data1\" content=\"2 minutos\" \/>\n<script type=\"application\/ld+json\" class=\"yoast-schema-graph\">{\"@context\":\"https:\/\/schema.org\",\"@graph\":[{\"@type\":\"WebPage\",\"@id\":\"https:\/\/www.villafloresmartin.com\/es\/servicios\/obra-civil\/canalizaciones\/\",\"url\":\"https:\/\/www.villafloresmartin.com\/es\/servicios\/obra-civil\/canalizaciones\/\",\"name\":\"Canalizaciones para Obras El\u00e9ctricas - Servicios de Canalizaciones para obras El\u00e9ctricas en Sevilla\",\"isPartOf\":{\"@id\":\"https:\/\/www.villafloresmartin.com\/es\/#website\"},\"datePublished\":\"2017-05-29T09:38:55+00:00\",\"dateModified\":\"2019-07-05T11:02:46+00:00\",\"description\":\"El Departamento de Obra Civil de VFM tiene integrado el servicio especializado en canalizaciones para obras el\u00e9ctricas. Su desempe\u00f1o aglutina por un lado un completo equipo humano profesionalizado en la materia y, por otro, medios propios que responden a las principales demandas del sector de la energ\u00eda en Espa\u00f1a.\",\"breadcrumb\":{\"@id\":\"https:\/\/www.villafloresmartin.com\/es\/servicios\/obra-civil\/canalizaciones\/#breadcrumb\"},\"inLanguage\":\"es\",\"potentialAction\":[{\"@type\":\"ReadAction\",\"target\":[\"https:\/\/www.villafloresmartin.com\/es\/servicios\/obra-civil\/canalizaciones\/\"]}]},{\"@type\":\"BreadcrumbList\",\"@id\":\"https:\/\/www.villafloresmartin.com\/es\/servicios\/obra-civil\/canalizaciones\/#breadcrumb\",\"itemListElement\":[{\"@type\":\"ListItem\",\"position\":1,\"name\":\"Portada\",\"item\":\"https:\/\/www.villafloresmartin.com\/es\/\"},{\"@type\":\"ListItem\",\"position\":2,\"name\":\"Servicios\",\"item\":\"https:\/\/www.villafloresmartin.com\/es\/servicios\/\"},{\"@type\":\"ListItem\",\"position\":3,\"name\":\"Obra civil\",\"item\":\"https:\/\/www.villafloresmartin.com\/es\/servicios\/obra-civil\/\"},{\"@type\":\"ListItem\",\"position\":4,\"name\":\"Canalizaciones\"}]},{\"@type\":\"WebSite\",\"@id\":\"https:\/\/www.villafloresmartin.com\/es\/#website\",\"url\":\"https:\/\/www.villafloresmartin.com\/es\/\",\"name\":\"Villa Flores Mart\u00edn\",\"description\":\"\",\"potentialAction\":[{\"@type\":\"SearchAction\",\"target\":{\"@type\":\"EntryPoint\",\"urlTemplate\":\"https:\/\/www.villafloresmartin.com\/es\/?s={search_term_string}\"},\"query-input\":{\"@type\":\"PropertyValueSpecification\",\"valueRequired\":true,\"valueName\":\"search_term_string\"}}],\"inLanguage\":\"es\"}]}<\/script>\n<!-- \/ Yoast SEO plugin. -->","yoast_head_json":{"title":"Canalizaciones para Obras El\u00e9ctricas - Servicios de Canalizaciones para obras El\u00e9ctricas en Sevilla","description":"El Departamento de Obra Civil de VFM tiene integrado el servicio especializado en canalizaciones para obras el\u00e9ctricas. Su desempe\u00f1o aglutina por un lado un completo equipo humano profesionalizado en la materia y, por otro, medios propios que responden a las principales demandas del sector de la energ\u00eda en Espa\u00f1a.","robots":{"index":"index","follow":"follow","max-snippet":"max-snippet:-1","max-image-preview":"max-image-preview:large","max-video-preview":"max-video-preview:-1"},"canonical":"https:\/\/www.villafloresmartin.com\/es\/servicios\/obra-civil\/canalizaciones\/","og_locale":"es_ES","og_type":"article","og_title":"Canalizaciones para Obras El\u00e9ctricas - Servicios de Canalizaciones para obras El\u00e9ctricas en Sevilla","og_description":"El Departamento de Obra Civil de VFM tiene integrado el servicio especializado en canalizaciones para obras el\u00e9ctricas. Su desempe\u00f1o aglutina por un lado un completo equipo humano profesionalizado en la materia y, por otro, medios propios que responden a las principales demandas del sector de la energ\u00eda en Espa\u00f1a.","og_url":"https:\/\/www.villafloresmartin.com\/es\/servicios\/obra-civil\/canalizaciones\/","og_site_name":"Villa Flores Mart\u00edn","article_modified_time":"2019-07-05T11:02:46+00:00","twitter_misc":{"Tiempo de lectura":"2 minutos"},"schema":{"@context":"https:\/\/schema.org","@graph":[{"@type":"WebPage","@id":"https:\/\/www.villafloresmartin.com\/es\/servicios\/obra-civil\/canalizaciones\/","url":"https:\/\/www.villafloresmartin.com\/es\/servicios\/obra-civil\/canalizaciones\/","name":"Canalizaciones para Obras El\u00e9ctricas - Servicios de Canalizaciones para obras El\u00e9ctricas en Sevilla","isPartOf":{"@id":"https:\/\/www.villafloresmartin.com\/es\/#website"},"datePublished":"2017-05-29T09:38:55+00:00","dateModified":"2019-07-05T11:02:46+00:00","description":"El Departamento de Obra Civil de VFM tiene integrado el servicio especializado en canalizaciones para obras el\u00e9ctricas. Su desempe\u00f1o aglutina por un lado un completo equipo humano profesionalizado en la materia y, por otro, medios propios que responden a las principales demandas del sector de la energ\u00eda en Espa\u00f1a.","breadcrumb":{"@id":"https:\/\/www.villafloresmartin.com\/es\/servicios\/obra-civil\/canalizaciones\/#breadcrumb"},"inLanguage":"es","potentialAction":[{"@type":"ReadAction","target":["https:\/\/www.villafloresmartin.com\/es\/servicios\/obra-civil\/canalizaciones\/"]}]},{"@type":"BreadcrumbList","@id":"https:\/\/www.villafloresmartin.com\/es\/servicios\/obra-civil\/canalizaciones\/#breadcrumb","itemListElement":[{"@type":"ListItem","position":1,"name":"Portada","item":"https:\/\/www.villafloresmartin.com\/es\/"},{"@type":"ListItem","position":2,"name":"Servicios","item":"https:\/\/www.villafloresmartin.com\/es\/servicios\/"},{"@type":"ListItem","position":3,"name":"Obra civil","item":"https:\/\/www.villafloresmartin.com\/es\/servicios\/obra-civil\/"},{"@type":"ListItem","position":4,"name":"Canalizaciones"}]},{"@type":"WebSite","@id":"https:\/\/www.villafloresmartin.com\/es\/#website","url":"https:\/\/www.villafloresmartin.com\/es\/","name":"Villa Flores Mart\u00edn","description":"","potentialAction":[{"@type":"SearchAction","target":{"@type":"EntryPoint","urlTemplate":"https:\/\/www.villafloresmartin.com\/es\/?s={search_term_string}"},"query-input":{"@type":"PropertyValueSpecification","valueRequired":true,"valueName":"search_term_string"}}],"inLanguage":"es"}]}},"_links":{"self":[{"href":"https:\/\/www.villafloresmartin.com\/es\/wp-json\/wp\/v2\/pages\/363","targetHints":{"allow":["GET"]}}],"collection":[{"href":"https:\/\/www.villafloresmartin.com\/es\/wp-json\/wp\/v2\/pages"}],"about":[{"href":"https:\/\/www.villafloresmartin.com\/es\/wp-json\/wp\/v2\/types\/page"}],"author":[{"embeddable":true,"href":"https:\/\/www.villafloresmartin.com\/es\/wp-json\/wp\/v2\/users\/2"}],"replies":[{"embeddable":true,"href":"https:\/\/www.villafloresmartin.com\/es\/wp-json\/wp\/v2\/comments?post=363"}],"version-history":[{"count":0,"href":"https:\/\/www.villafloresmartin.com\/es\/wp-json\/wp\/v2\/pages\/363\/revisions"}],"up":[{"embeddable":true,"href":"https:\/\/www.villafloresmartin.com\/es\/wp-json\/wp\/v2\/pages\/56"}],"wp:attachment":[{"href":"https:\/\/www.villafloresmartin.com\/es\/wp-json\/wp\/v2\/media?parent=363"}],"curies":[{"name":"wp","href":"https:\/\/api.w.org\/{rel}","templated":true}]}}