{"id":355,"date":"2017-05-29T11:02:43","date_gmt":"2017-05-29T09:02:43","guid":{"rendered":"https:\/\/www.villafloresmartin.com\/es\/?page_id=355"},"modified":"2019-04-04T10:58:11","modified_gmt":"2019-04-04T08:58:11","slug":"centros-transformacion-moviles","status":"publish","type":"page","link":"https:\/\/www.villafloresmartin.com\/es\/servicios\/servicios-energia-electrica\/centros-transformacion-moviles\/","title":{"rendered":"Centros de transformaci\u00f3n m\u00f3viles"},"content":{"rendered":"<p class=\"no-margin\"><div id=\"metaslider-id-866\" style=\"width: 100%;\" class=\"ml-slider-3-105-0 metaslider metaslider-flex metaslider-866 ml-slider ms-theme-default nav-hidden\" role=\"region\" aria-label=\"centros moviles\" data-height=\"575\" data-width=\"1600\">\n    <div id=\"metaslider_container_866\">\n        <div id=\"metaslider_866\">\n            <ul class='slides'>\n                <li style=\"display: block; width: 100%;\" class=\"slide-867 ms-image \" aria-roledescription=\"slide\" data-date=\"2017-06-08 17:57:44\" data-filename=\"ct-movil-cabecera-1.jpg\" data-slide-type=\"image\"><img  title=\"Centros de transformaci\u00f3n m\u00f3viles - Villa Flores Mart\u00edn\" loading=\"lazy\" decoding=\"async\" src=\"https:\/\/www.villafloresmartin.com\/es\/wp-content\/uploads\/2017\/05\/ct-movil-cabecera-1.jpg\" height=\"575\" width=\"1600\"  alt=\"Centros de transformaci\u00f3n m\u00f3viles - Villa Flores Mart\u00edn\"  class=\"slider-866 slide-867 msDefaultImage\" \/><\/li>\n                <li style=\"display: none; width: 100%;\" class=\"slide-872 ms-image \" aria-roledescription=\"slide\" data-date=\"2017-06-08 17:58:05\" data-filename=\"ct-movil-cabecera-b-1154x415.jpg\" data-slide-type=\"image\"><img  title=\"Centros de transformaci\u00f3n m\u00f3viles - Villa Flores Mart\u00edn\" loading=\"lazy\" decoding=\"async\" src=\"https:\/\/www.villafloresmartin.com\/es\/wp-content\/uploads\/2017\/06\/ct-movil-cabecera-b-1154x415.jpg\" height=\"575\" width=\"1600\"  alt=\"Centros de transformaci\u00f3n m\u00f3viles - Villa Flores Mart\u00edn\"  class=\"slider-866 slide-872 msDefaultImage\" \/><\/li>\n                <li style=\"display: none; width: 100%;\" class=\"slide-873 ms-image \" aria-roledescription=\"slide\" data-date=\"2017-06-08 17:58:05\" data-filename=\"ct-movil-cabecera-c.jpg\" data-slide-type=\"image\"><img  title=\"Centros de transformaci\u00f3n m\u00f3viles - Villa Flores Mart\u00edn\" loading=\"lazy\" decoding=\"async\" src=\"https:\/\/www.villafloresmartin.com\/es\/wp-content\/uploads\/2017\/06\/ct-movil-cabecera-c.jpg\" height=\"575\" width=\"1600\"  alt=\"Centros de transformaci\u00f3n m\u00f3viles - Villa Flores Mart\u00edn\"  class=\"slider-866 slide-873 msDefaultImage\" \/><\/li>\n                <li style=\"display: none; width: 100%;\" class=\"slide-874 ms-image \" aria-roledescription=\"slide\" data-date=\"2017-06-08 17:58:05\" data-filename=\"ct-movil-cabecera-d.jpg\" data-slide-type=\"image\"><img  title=\"Centros de transformaci\u00f3n m\u00f3viles - Villa Flores Mart\u00edn\" loading=\"lazy\" decoding=\"async\" src=\"https:\/\/www.villafloresmartin.com\/es\/wp-content\/uploads\/2017\/06\/ct-movil-cabecera-d.jpg\" height=\"575\" width=\"1600\"  alt=\"Centros de transformaci\u00f3n m\u00f3viles - Villa Flores Mart\u00edn\"  class=\"slider-866 slide-874 msDefaultImage\" \/><\/li>\n                <li style=\"display: none; width: 100%;\" class=\"slide-875 ms-image \" aria-roledescription=\"slide\" data-date=\"2017-06-08 17:58:06\" data-filename=\"ct-movil-cabecera-e.jpg\" data-slide-type=\"image\"><img  title=\"Centros de transformaci\u00f3n m\u00f3viles - Villa Flores Mart\u00edn\" loading=\"lazy\" decoding=\"async\" src=\"https:\/\/www.villafloresmartin.com\/es\/wp-content\/uploads\/2017\/06\/ct-movil-cabecera-e.jpg\" height=\"575\" width=\"1600\"  alt=\"Centros de transformaci\u00f3n m\u00f3viles - Villa Flores Mart\u00edn\"  class=\"slider-866 slide-875 msDefaultImage\" \/><\/li>\n            <\/ul>\n        <\/div>\n        \n    <\/div>\n<\/div>\n<h1 class=\"text-center mt-4 mb-4\">Centros de transformaci\u00f3n m\u00f3viles<\/h1>\n<div class=\"adorno-naranja\"><\/div>\n<div class=\"container mt-4 mb-4\">\n<div class=\"row\">\n<div class=\"col-md-12 dos-columnas\">\n<p class=\"texto\">Villa Flores Mart\u00edn (VFM) lleva toda una vida dedicada al mundo de la distribuci\u00f3n energ\u00e9tica. Nuestro ADN lleva impreso la din\u00e1mica de un sector donde se debe responder a las aver\u00edas el\u00e9ctricas a la mayor brevedad posible. Ante esta realidad nuestros esfuerzos han ido siempre dirigidos a acortar tiempos mediante la utilizaci\u00f3n de maquinaria y tecnolog\u00edas punteras, apostando tambi\u00e9n en todo momento por personal especializado.<\/p>\n<p class=\"texto\">Los cortes de suministros en los centros de distribuci\u00f3n son quiz\u00e1 los que m\u00e1s alarma generan, puesto que son aquellos que provocan que la industria y las empresas se queden sin suministro el\u00e9ctrico. Precisamente para atajar cuanto antes este tipo de situaciones tenemos la soluci\u00f3n con nuestros centros de transformaci\u00f3n m\u00f3viles.<\/p>\n<\/div>\n<\/div>\n<\/div>\n<div class=\"row mb-4\">\n<div class=\"col-md-6 fondo-gris padding-3\">\n<h2>Rapidez y eficiencia gracias a los centros de transformaci\u00f3n m\u00f3viles<\/h2>\n<p class=\"texto\">En VFM nos hemos hecho eco de las principales inquietudes que sufren los distribuidores ante este tipo de problemas y adversidades. Por ese motivo hemos querido ofrecer una soluci\u00f3n que d\u00e9 respuesta lo antes posible a lo que demanda el mercado. Una soluci\u00f3n que, adem\u00e1s, debe cubrir un amplio rango de realidades que se pueden presentar. A continuaci\u00f3n os mostramos un resumen de ellas:<\/p>\n<ul>\n<li>Reformas totales de centros de distribuci\u00f3n.<\/li>\n<li>Suministros provisionales, tales como: ferias, espect\u00e1culos, aumento de demandas puntuales en centros de distribuci\u00f3n fijos.<\/li>\n<li>Centros de distribuci\u00f3n de capacidades f\u00edsicas reducidas.<\/li>\n<li>Incendio total o parcial del centro de distribuci\u00f3n existente.<\/li>\n<\/ul>\n<\/div>\n<div class=\"col-md-6 fondo-naranja padding-3\">\n<p class=\"texto\">Con el deseo de solventar incidencias de este calibre, Villa Flores Mart\u00edn pone a tu servicio tres centros de distribuci\u00f3n m\u00f3viles con capacidad para uno o dos transformadores con potencia de hasta 1.000 Kva por cada transformador. Asimismo, disponemos de todas las garant\u00edas para las personas, una m\u00e1xima seguridad y un tiempo de respuesta m\u00ednimo ante cualquier emergencia. Otro punto a su favor es que se pueden instalar sin problemas en la v\u00eda p\u00fablica, ya que sus componentes lo hacen totalmente pr\u00e1cticos y seguros.<\/p>\n<p class=\"texto\">Nuestros centros m\u00f3viles cuentan con la debida autorizaci\u00f3n de uso otorgada por la Delegaci\u00f3n Territorial de Econom\u00eda, Innovaci\u00f3n, Ciencia y Empleo de Sevilla.<\/p>\n<p class=\"texto\">Los centros de transformaci\u00f3n m\u00f3viles que poseemos se ofrecen en servicio de alquiler. Su equipaci\u00f3n es completa, incluyendo transformadores, celdas de Media Tensi\u00f3n, cuadros de Baja Tensi\u00f3n, etc. Nos adaptanos a tus necesidades. \u00a1Dinos qu\u00e9 necesitas!<\/p>\n<\/div>\n<\/div>\n<div class=\"divider-gris mt-5 mb-4\"><\/div>\n<h2 class=\"text-center\">Contacta con nosotros<\/h2>\n<div class=\"adorno-naranja\"><\/div>\n<div class=\"container mt-4 mb-4\">\n<div class=\"wpcf7 no-js\" id=\"wpcf7-f369-o1\" lang=\"es-ES\" dir=\"ltr\" data-wpcf7-id=\"369\">\n<div class=\"screen-reader-response\"><p role=\"status\" aria-live=\"polite\" aria-atomic=\"true\"><\/p> <ul><\/ul><\/div>\n<form action=\"\/es\/wp-json\/wp\/v2\/pages\/355#wpcf7-f369-o1\" method=\"post\" class=\"wpcf7-form init\" aria-label=\"Formulario de contacto\" novalidate=\"novalidate\" data-status=\"init\">\n<fieldset class=\"hidden-fields-container\"><input type=\"hidden\" name=\"_wpcf7\" value=\"369\" \/><input type=\"hidden\" name=\"_wpcf7_version\" value=\"6.1.4\" \/><input type=\"hidden\" name=\"_wpcf7_locale\" value=\"es_ES\" \/><input type=\"hidden\" name=\"_wpcf7_unit_tag\" value=\"wpcf7-f369-o1\" \/><input type=\"hidden\" name=\"_wpcf7_container_post\" value=\"0\" \/><input type=\"hidden\" name=\"_wpcf7_posted_data_hash\" value=\"\" \/><input type=\"hidden\" name=\"_wpcf7_recaptcha_response\" value=\"\" \/>\n<\/fieldset>\n<div class=\"row\">\n\t<div class=\"col-md-6\">\n\t\t<p><label> <span class=\"wpcf7-form-control-wrap\" data-name=\"your-name\"><input size=\"40\" maxlength=\"400\" class=\"wpcf7-form-control wpcf7-text wpcf7-validates-as-required form-int\" aria-required=\"true\" aria-invalid=\"false\" placeholder=\"Nombre (*)\" value=\"\" type=\"text\" name=\"your-name\" \/><\/span> <\/label>\n\t\t<\/p>\n\t<\/div>\n\t<div class=\"col-md-6\">\n\t\t<p><label> <span class=\"wpcf7-form-control-wrap\" data-name=\"your-email\"><input size=\"40\" maxlength=\"400\" class=\"wpcf7-form-control wpcf7-email wpcf7-validates-as-required wpcf7-text wpcf7-validates-as-email form-int\" aria-required=\"true\" aria-invalid=\"false\" placeholder=\"Email (*)\" value=\"\" type=\"email\" name=\"your-email\" \/><\/span> <\/label>\n\t\t<\/p>\n\t<\/div>\n<\/div>\n<div class=\"row mt-3\">\n\t<div class=\"col-md-6\">\n\t\t<p><label> <span class=\"wpcf7-form-control-wrap\" data-name=\"tel-308\"><input size=\"40\" maxlength=\"400\" class=\"wpcf7-form-control wpcf7-tel wpcf7-text wpcf7-validates-as-tel form-int\" aria-invalid=\"false\" placeholder=\"Tel\u00e9fono\" value=\"\" type=\"tel\" name=\"tel-308\" \/><\/span> <\/label>\n\t\t<\/p>\n\t<\/div>\n\t<div class=\"col-md-6\">\n\t\t<p><label> <span class=\"wpcf7-form-control-wrap\" data-name=\"tipo-servicio\"><select class=\"wpcf7-form-control wpcf7-select form-int\" aria-invalid=\"false\" name=\"tipo-servicio\"><option value=\"Tipo de servicio\">Tipo de servicio<\/option><option value=\"Grupos electr\u00f3genos\">Grupos electr\u00f3genos<\/option><option value=\"Centros de transformaci\u00f3n m\u00f3viles\">Centros de transformaci\u00f3n m\u00f3viles<\/option><\/select><\/span> <\/label>\n\t\t<\/p>\n\t<\/div>\n<\/div>\n<div class=\"row mt-3\">\n\t<div class=\"col-md-12\">\n\t\t<p><label> <span class=\"wpcf7-form-control-wrap\" data-name=\"your-message\"><textarea cols=\"40\" rows=\"3\" maxlength=\"2000\" class=\"wpcf7-form-control wpcf7-textarea form-int\" aria-invalid=\"false\" placeholder=\"Mensaje\" name=\"your-message\"><\/textarea><\/span> <\/label>\n\t\t<\/p>\n\t<\/div>\n<\/div>\n<div class=\"row mt-3\">\n\t<div class=\"col-md-12\">\n\t\t<p class=\"text-center\"><span class=\"wpcf7-form-control-wrap\" data-name=\"acceptance-788\"><span class=\"wpcf7-form-control wpcf7-acceptance\"><span class=\"wpcf7-list-item\"><input type=\"checkbox\" name=\"acceptance-788\" value=\"1\" aria-invalid=\"false\" \/><\/span><\/span><\/span> He le\u00eddo y acepto la <a target=\"_blank\" href=\"https:\/\/www.villafloresmartin.com\/es\/aviso-legal\/\">pol\u00edtica de privacidad<\/a>\n\t\t<\/p>\n\t<\/div>\n<\/div>\n<div class=\"row mt-3\">\n\t<div class=\"col-md-12\">\n\t\t<p><input class=\"wpcf7-form-control wpcf7-submit has-spinner btn-int\" type=\"submit\" value=\"Enviar\" \/>\n\t\t<\/p>\n\t<\/div>\n<\/div><p style=\"display: none !important;\" class=\"akismet-fields-container\" data-prefix=\"_wpcf7_ak_\"><label>&#916;<textarea name=\"_wpcf7_ak_hp_textarea\" cols=\"45\" rows=\"8\" maxlength=\"100\"><\/textarea><\/label><input type=\"hidden\" id=\"ak_js_1\" name=\"_wpcf7_ak_js\" value=\"219\"\/><script>document.getElementById( \"ak_js_1\" ).setAttribute( \"value\", ( new Date() ).getTime() );<\/script><\/p><div class=\"wpcf7-response-output\" aria-hidden=\"true\"><\/div>\n<\/form>\n<\/div>\n<\/div>\n<div class=\"row mt-5 mb-3\">\n<div class=\"col-md-3 mosaico-home borde-derecha\">\n<div class=\"fondo-ingenieria-proyectos mosaico-escala mosaico-escala-int\">\n<h3><a class=\"d-flex justify-content-center flex-column\" href=\"https:\/\/www.villafloresmartin.com\/es\/servicios\/ingenieria-y-proyectos\/\">Ingenier\u00eda y proyectos<\/a><\/h3>\n<\/div>\n<\/div>\n<div class=\"col-md-3 mosaico-home borde-derecha-izquierda\">\n<div class=\"fondo-redes-distribucion mosaico-escala mosaico-escala-int\">\n<h3><a class=\"d-flex justify-content-center flex-column\" href=\"https:\/\/www.villafloresmartin.com\/es\/servicios\/redes-distribucion-alta-media-baja-tension\/\">Redes de distribuci\u00f3n de alta, media y baja tensi\u00f3n<\/a><\/h3>\n<\/div>\n<\/div>\n<div class=\"col-md-3 mosaico-home borde-derecha-izquierda\">\n<div class=\"fondo-localizacion-ensayos mosaico-escala mosaico-escala-int\">\n<h3><a class=\"d-flex justify-content-center flex-column\" href=\"https:\/\/www.villafloresmartin.com\/es\/servicios\/localizacion-ensayos-diagnosis-lineas-subterraneas-electricas\/\">Localizaci\u00f3n, ensayos y diagnosis de l\u00edneas subterr\u00e1neas el\u00e9ctricas<\/a><\/h3>\n<\/div>\n<\/div>\n<div class=\"col-md-3 mosaico-home borde-izquierda\">\n<div class=\"fondo-servicios-energia mosaico-escala mosaico-escala-int\">\n<h3><a class=\"d-flex justify-content-center flex-column\" href=\"https:\/\/www.villafloresmartin.com\/es\/servicios\/servicios-energia-electrica\/\">Servicios de energ\u00eda el\u00e9ctrica<\/a><\/h3>\n<\/div>\n<\/div>\n<\/div>\n<div class=\"row mb-4\">\n<div class=\"col-md-3 mosaico-home borde-derecha\">\n<div class=\"fondo-obra-civil mosaico-escala mosaico-escala-int\">\n<h3><a class=\"d-flex justify-content-center flex-column\" href=\"https:\/\/www.villafloresmartin.com\/es\/servicios\/obra-civil\/\">Obra civil<\/a><\/h3>\n<\/div>\n<\/div>\n<div class=\"col-md-3 mosaico-home borde-derecha-izquierda\">\n<div class=\"fondo-mantenimiento-instalaciones mosaico-escala mosaico-escala-int\">\n<h3><a class=\"d-flex justify-content-center flex-column\" href=\"https:\/\/www.villafloresmartin.com\/es\/servicios\/mantenimiento-instalaciones-electricas\/\">Mantenimiento de instalaciones el\u00e9ctricas<\/a><\/h3>\n<\/div>\n<\/div>\n<div class=\"col-md-3 mosaico-home borde-derecha-izquierda\">\n<div class=\"fondo-alumbrado-publico mosaico-escala mosaico-escala-int\">\n<h3><a class=\"d-flex justify-content-center flex-column\" href=\"https:\/\/www.villafloresmartin.com\/es\/servicios\/alumbrado-vial-urbano\/\">Alumbrado vial y urbano<\/a><\/h3>\n<\/div>\n<\/div>\n<div class=\"col-md-3 mosaico-home borde-izquierda\">\n<div class=\"fondo-energias-renovables mosaico-escala mosaico-escala-int\">\n<h3><a class=\"d-flex justify-content-center flex-column\" href=\"https:\/\/www.villafloresmartin.com\/es\/servicios\/energias-renovables\/\">Energ\u00edas renovables<\/a><\/h3>\n<\/div>\n<\/div>\n<\/div>\n","protected":false},"excerpt":{"rendered":"<p>Centros de transformaci\u00f3n m\u00f3viles Villa Flores Mart\u00edn (VFM) lleva toda una vida dedicada al mundo de la distribuci\u00f3n energ\u00e9tica. Nuestro ADN lleva impreso la din\u00e1mica de un sector donde se debe responder a las aver\u00edas el\u00e9ctricas a la mayor brevedad posible. Ante esta realidad nuestros esfuerzos han ido siempre dirigidos a acortar tiempos mediante la [&#8230;]<\/p>\n<p><a class=\"btn btn-secondary understrap-read-more-link\" href=\"https:\/\/www.villafloresmartin.com\/es\/servicios\/servicios-energia-electrica\/centros-transformacion-moviles\/\">Leer m\u00e1s&#8230;<\/a><\/p>\n","protected":false},"author":2,"featured_media":0,"parent":54,"menu_order":0,"comment_status":"closed","ping_status":"closed","template":"page-templates\/empty.php","meta":{"footnotes":""},"class_list":["post-355","page","type-page","status-publish","hentry"],"yoast_head":"<!-- This site is optimized with the Yoast SEO plugin v26.9 - https:\/\/yoast.com\/product\/yoast-seo-wordpress\/ -->\n<title>Centros de transformaci\u00f3n m\u00f3viles - Villa Flores Mart\u00edn<\/title>\n<meta name=\"description\" content=\"Villa Flores Mart\u00edn (VFM) lleva toda una vida dedicada al mundo de la distribuci\u00f3n energ\u00e9tica. Nuestro ADN lleva impreso la din\u00e1mica de un sector donde se debe responder a las aver\u00edas el\u00e9ctricas a la mayor brevedad posible.\" \/>\n<meta name=\"robots\" content=\"index, follow, max-snippet:-1, max-image-preview:large, max-video-preview:-1\" \/>\n<link rel=\"canonical\" href=\"https:\/\/www.villafloresmartin.com\/es\/servicios\/servicios-energia-electrica\/centros-transformacion-moviles\/\" \/>\n<meta property=\"og:locale\" content=\"es_ES\" \/>\n<meta property=\"og:type\" content=\"article\" \/>\n<meta property=\"og:title\" content=\"Centros de transformaci\u00f3n m\u00f3viles - Villa Flores Mart\u00edn\" \/>\n<meta property=\"og:description\" content=\"Villa Flores Mart\u00edn (VFM) lleva toda una vida dedicada al mundo de la distribuci\u00f3n energ\u00e9tica. Nuestro ADN lleva impreso la din\u00e1mica de un sector donde se debe responder a las aver\u00edas el\u00e9ctricas a la mayor brevedad posible.\" \/>\n<meta property=\"og:url\" content=\"https:\/\/www.villafloresmartin.com\/es\/servicios\/servicios-energia-electrica\/centros-transformacion-moviles\/\" \/>\n<meta property=\"og:site_name\" content=\"Villa Flores Mart\u00edn\" \/>\n<meta property=\"article:modified_time\" content=\"2019-04-04T08:58:11+00:00\" \/>\n<meta name=\"twitter:label1\" content=\"Tiempo de lectura\" \/>\n\t<meta name=\"twitter:data1\" content=\"2 minutos\" \/>\n<script type=\"application\/ld+json\" class=\"yoast-schema-graph\">{\"@context\":\"https:\/\/schema.org\",\"@graph\":[{\"@type\":\"WebPage\",\"@id\":\"https:\/\/www.villafloresmartin.com\/es\/servicios\/servicios-energia-electrica\/centros-transformacion-moviles\/\",\"url\":\"https:\/\/www.villafloresmartin.com\/es\/servicios\/servicios-energia-electrica\/centros-transformacion-moviles\/\",\"name\":\"Centros de transformaci\u00f3n m\u00f3viles - Villa Flores Mart\u00edn\",\"isPartOf\":{\"@id\":\"https:\/\/www.villafloresmartin.com\/es\/#website\"},\"datePublished\":\"2017-05-29T09:02:43+00:00\",\"dateModified\":\"2019-04-04T08:58:11+00:00\",\"description\":\"Villa Flores Mart\u00edn (VFM) lleva toda una vida dedicada al mundo de la distribuci\u00f3n energ\u00e9tica. Nuestro ADN lleva impreso la din\u00e1mica de un sector donde se debe responder a las aver\u00edas el\u00e9ctricas a la mayor brevedad posible.\",\"breadcrumb\":{\"@id\":\"https:\/\/www.villafloresmartin.com\/es\/servicios\/servicios-energia-electrica\/centros-transformacion-moviles\/#breadcrumb\"},\"inLanguage\":\"es\",\"potentialAction\":[{\"@type\":\"ReadAction\",\"target\":[\"https:\/\/www.villafloresmartin.com\/es\/servicios\/servicios-energia-electrica\/centros-transformacion-moviles\/\"]}]},{\"@type\":\"BreadcrumbList\",\"@id\":\"https:\/\/www.villafloresmartin.com\/es\/servicios\/servicios-energia-electrica\/centros-transformacion-moviles\/#breadcrumb\",\"itemListElement\":[{\"@type\":\"ListItem\",\"position\":1,\"name\":\"Portada\",\"item\":\"https:\/\/www.villafloresmartin.com\/es\/\"},{\"@type\":\"ListItem\",\"position\":2,\"name\":\"Servicios\",\"item\":\"https:\/\/www.villafloresmartin.com\/es\/servicios\/\"},{\"@type\":\"ListItem\",\"position\":3,\"name\":\"Servicios de energ\u00eda el\u00e9ctrica\",\"item\":\"https:\/\/www.villafloresmartin.com\/es\/servicios\/servicios-energia-electrica\/\"},{\"@type\":\"ListItem\",\"position\":4,\"name\":\"Centros de transformaci\u00f3n m\u00f3viles\"}]},{\"@type\":\"WebSite\",\"@id\":\"https:\/\/www.villafloresmartin.com\/es\/#website\",\"url\":\"https:\/\/www.villafloresmartin.com\/es\/\",\"name\":\"Villa Flores Mart\u00edn\",\"description\":\"\",\"potentialAction\":[{\"@type\":\"SearchAction\",\"target\":{\"@type\":\"EntryPoint\",\"urlTemplate\":\"https:\/\/www.villafloresmartin.com\/es\/?s={search_term_string}\"},\"query-input\":{\"@type\":\"PropertyValueSpecification\",\"valueRequired\":true,\"valueName\":\"search_term_string\"}}],\"inLanguage\":\"es\"}]}<\/script>\n<!-- \/ Yoast SEO plugin. -->","yoast_head_json":{"title":"Centros de transformaci\u00f3n m\u00f3viles - Villa Flores Mart\u00edn","description":"Villa Flores Mart\u00edn (VFM) lleva toda una vida dedicada al mundo de la distribuci\u00f3n energ\u00e9tica. Nuestro ADN lleva impreso la din\u00e1mica de un sector donde se debe responder a las aver\u00edas el\u00e9ctricas a la mayor brevedad posible.","robots":{"index":"index","follow":"follow","max-snippet":"max-snippet:-1","max-image-preview":"max-image-preview:large","max-video-preview":"max-video-preview:-1"},"canonical":"https:\/\/www.villafloresmartin.com\/es\/servicios\/servicios-energia-electrica\/centros-transformacion-moviles\/","og_locale":"es_ES","og_type":"article","og_title":"Centros de transformaci\u00f3n m\u00f3viles - Villa Flores Mart\u00edn","og_description":"Villa Flores Mart\u00edn (VFM) lleva toda una vida dedicada al mundo de la distribuci\u00f3n energ\u00e9tica. Nuestro ADN lleva impreso la din\u00e1mica de un sector donde se debe responder a las aver\u00edas el\u00e9ctricas a la mayor brevedad posible.","og_url":"https:\/\/www.villafloresmartin.com\/es\/servicios\/servicios-energia-electrica\/centros-transformacion-moviles\/","og_site_name":"Villa Flores Mart\u00edn","article_modified_time":"2019-04-04T08:58:11+00:00","twitter_misc":{"Tiempo de lectura":"2 minutos"},"schema":{"@context":"https:\/\/schema.org","@graph":[{"@type":"WebPage","@id":"https:\/\/www.villafloresmartin.com\/es\/servicios\/servicios-energia-electrica\/centros-transformacion-moviles\/","url":"https:\/\/www.villafloresmartin.com\/es\/servicios\/servicios-energia-electrica\/centros-transformacion-moviles\/","name":"Centros de transformaci\u00f3n m\u00f3viles - Villa Flores Mart\u00edn","isPartOf":{"@id":"https:\/\/www.villafloresmartin.com\/es\/#website"},"datePublished":"2017-05-29T09:02:43+00:00","dateModified":"2019-04-04T08:58:11+00:00","description":"Villa Flores Mart\u00edn (VFM) lleva toda una vida dedicada al mundo de la distribuci\u00f3n energ\u00e9tica. Nuestro ADN lleva impreso la din\u00e1mica de un sector donde se debe responder a las aver\u00edas el\u00e9ctricas a la mayor brevedad posible.","breadcrumb":{"@id":"https:\/\/www.villafloresmartin.com\/es\/servicios\/servicios-energia-electrica\/centros-transformacion-moviles\/#breadcrumb"},"inLanguage":"es","potentialAction":[{"@type":"ReadAction","target":["https:\/\/www.villafloresmartin.com\/es\/servicios\/servicios-energia-electrica\/centros-transformacion-moviles\/"]}]},{"@type":"BreadcrumbList","@id":"https:\/\/www.villafloresmartin.com\/es\/servicios\/servicios-energia-electrica\/centros-transformacion-moviles\/#breadcrumb","itemListElement":[{"@type":"ListItem","position":1,"name":"Portada","item":"https:\/\/www.villafloresmartin.com\/es\/"},{"@type":"ListItem","position":2,"name":"Servicios","item":"https:\/\/www.villafloresmartin.com\/es\/servicios\/"},{"@type":"ListItem","position":3,"name":"Servicios de energ\u00eda el\u00e9ctrica","item":"https:\/\/www.villafloresmartin.com\/es\/servicios\/servicios-energia-electrica\/"},{"@type":"ListItem","position":4,"name":"Centros de transformaci\u00f3n m\u00f3viles"}]},{"@type":"WebSite","@id":"https:\/\/www.villafloresmartin.com\/es\/#website","url":"https:\/\/www.villafloresmartin.com\/es\/","name":"Villa Flores Mart\u00edn","description":"","potentialAction":[{"@type":"SearchAction","target":{"@type":"EntryPoint","urlTemplate":"https:\/\/www.villafloresmartin.com\/es\/?s={search_term_string}"},"query-input":{"@type":"PropertyValueSpecification","valueRequired":true,"valueName":"search_term_string"}}],"inLanguage":"es"}]}},"_links":{"self":[{"href":"https:\/\/www.villafloresmartin.com\/es\/wp-json\/wp\/v2\/pages\/355","targetHints":{"allow":["GET"]}}],"collection":[{"href":"https:\/\/www.villafloresmartin.com\/es\/wp-json\/wp\/v2\/pages"}],"about":[{"href":"https:\/\/www.villafloresmartin.com\/es\/wp-json\/wp\/v2\/types\/page"}],"author":[{"embeddable":true,"href":"https:\/\/www.villafloresmartin.com\/es\/wp-json\/wp\/v2\/users\/2"}],"replies":[{"embeddable":true,"href":"https:\/\/www.villafloresmartin.com\/es\/wp-json\/wp\/v2\/comments?post=355"}],"version-history":[{"count":0,"href":"https:\/\/www.villafloresmartin.com\/es\/wp-json\/wp\/v2\/pages\/355\/revisions"}],"up":[{"embeddable":true,"href":"https:\/\/www.villafloresmartin.com\/es\/wp-json\/wp\/v2\/pages\/54"}],"wp:attachment":[{"href":"https:\/\/www.villafloresmartin.com\/es\/wp-json\/wp\/v2\/media?parent=355"}],"curies":[{"name":"wp","href":"https:\/\/api.w.org\/{rel}","templated":true}]}}