{"id":353,"date":"2017-05-29T11:02:21","date_gmt":"2017-05-29T09:02:21","guid":{"rendered":"https:\/\/www.villafloresmartin.com\/es\/?page_id=353"},"modified":"2019-04-04T10:55:06","modified_gmt":"2019-04-04T08:55:06","slug":"grupos-electrogenos","status":"publish","type":"page","link":"https:\/\/www.villafloresmartin.com\/es\/servicios\/servicios-energia-electrica\/grupos-electrogenos\/","title":{"rendered":"Grupos electr\u00f3genos"},"content":{"rendered":"<p class=\"no-margin\"><div id=\"metaslider-id-858\" style=\"width: 100%;\" class=\"ml-slider-3-105-0 metaslider metaslider-flex metaslider-858 ml-slider slider-grupo ms-theme-default nav-hidden\" role=\"region\" aria-label=\"grupos elec\" data-height=\"575\" data-width=\"1600\">\n    <div id=\"metaslider_container_858\">\n        <div id=\"metaslider_858\">\n            <ul class='slides'>\n                <li style=\"display: block; width: 100%;\" class=\"slide-862 ms-image \" aria-roledescription=\"slide\" data-date=\"2017-06-08 17:50:42\" data-filename=\"GRUPOS-TRASERA_1600X575-1588x570.jpg\" data-slide-type=\"image\"><img  title=\"Grupos electr\u00f3genos - Villa Flores Mart\u00edn\" loading=\"lazy\" decoding=\"async\" src=\"https:\/\/www.villafloresmartin.com\/es\/wp-content\/uploads\/2018\/04\/GRUPOS-TRASERA_1600X575-1588x570.jpg\" height=\"575\" width=\"1600\"  alt=\"Grupos electr\u00f3genos - Villa Flores Mart\u00edn\"  class=\"slider-858 slide-862 msDefaultImage\" \/><\/li>\n                <li style=\"display: none; width: 100%;\" class=\"slide-1332 ms-image \" aria-roledescription=\"slide\" data-date=\"2018-04-10 10:28:37\" data-filename=\"GRUPOS-FRONTAL-1600X575-1600x575.jpg\" data-slide-type=\"image\"><img  title=\"Grupos electr\u00f3genos - Villa Flores Mart\u00edn\" loading=\"lazy\" decoding=\"async\" src=\"https:\/\/www.villafloresmartin.com\/es\/wp-content\/uploads\/2018\/04\/GRUPOS-FRONTAL-1600X575-1600x575.jpg\" height=\"575\" width=\"1600\"  alt=\"Grupos electr\u00f3genos - Villa Flores Mart\u00edn\"  class=\"slider-858 slide-1332 msDefaultImage\" \/><\/li>\n                <li style=\"display: none; width: 100%;\" class=\"slide-859 ms-image \" aria-roledescription=\"slide\" data-date=\"2017-06-08 17:50:21\" data-filename=\"1.jpg\" data-slide-type=\"image\"><img  title=\"Grupos electr\u00f3genos - Villa Flores Mart\u00edn\" loading=\"lazy\" decoding=\"async\" src=\"https:\/\/www.villafloresmartin.com\/es\/wp-content\/uploads\/2024\/03\/1.jpg\" height=\"575\" width=\"1600\"  alt=\"Grupos electr\u00f3genos - Villa Flores Mart\u00edn\"  class=\"slider-858 slide-859 msDefaultImage\" \/><\/li>\n                <li style=\"display: none; width: 100%;\" class=\"slide-2397 ms-image \" aria-roledescription=\"slide\" data-date=\"2024-03-13 09:08:40\" data-filename=\"2.jpg\" data-slide-type=\"image\"><img loading=\"lazy\" decoding=\"async\" src=\"https:\/\/www.villafloresmartin.com\/es\/wp-content\/uploads\/2024\/03\/2.jpg\" height=\"575\" width=\"1600\"  alt=\"Grupos electr\u00f3genos - Villa Flores Mart\u00edn\"  class=\"slider-858 slide-2397 msDefaultImage\"  title=\"Grupos electr\u00f3genos - Villa Flores Mart\u00edn\"  \/><\/li>\n            <\/ul>\n        <\/div>\n        \n    <\/div>\n<\/div>\n<h1 class=\"text-center mt-4 mb-4\">Grupos electr\u00f3genos<\/h1>\n<div class=\"adorno-naranja\"><\/div>\n<div class=\"container mt-4 mb-4\">\n<div class=\"row\">\n<div class=\"col-md-12 dos-columnas\">\n<p class=\"texto\">En Villa Flores Mart\u00edn (VFM) no pod\u00edamos dejar de prestar el servicio de grupos electr\u00f3genos. Sin embargo nos diferenciamos del resto. \u00bfEn qu\u00e9? Nosotros no nos limitamos a ser alquiladores de grupos electr\u00f3genos o maquinaria de obra, sino que nuestra maquinaria va siempre acompa\u00f1ada por un operario especializado en el funcionamiento de la misma.<\/p>\n<p class=\"texto\">Esta distinci\u00f3n le ofrece al cliente un servicio de energ\u00eda m\u00e1s eficiente al garantizar la presencia permanente de un profesional en la obra en cuesti\u00f3n. Por otro lado, como caracter\u00edstica t\u00e9cnica principal de esta serie de grupos electr\u00f3genos, cabe destacar que todos ellos son bitensi\u00f3n. Por tanto tienen la posibilidad de dar suministro el\u00e9ctrico a la tensi\u00f3n de 230 v y a 380 v, al mismo tiempo o de forma simult\u00e1nea, como se requiera.<\/p>\n<p class=\"texto\">Tambi\u00e9n es importante recordar que nuestros equipos est\u00e1n provistos de una protecci\u00f3n diferencial selectiva apropiada a la potencia de cada uno de los grupos.<\/p>\n<\/div>\n<\/div>\n<\/div>\n<div class=\"row mb-4\">\n<div class=\"col-md-6 fondo-gris padding-3\">\n<h2>Caracter\u00edsticas de los grupos electr\u00f3genos<\/h2>\n<p class=\"texto\">Los grupos electr\u00f3genos con los que trabajamos abarcan potencias desde las 100 Kva hasta las 1.600 Kva. Todos ellos equipados con diferentes juegos de conductores, los cuales son necesarios para la conexi\u00f3n con la instalaci\u00f3n a energizar. Estos juegos combinan distintas medidas y disponen de las secciones suficientes para abastecer el suministro hasta en localizaciones con dificultad de acceso.<\/p>\n<p class=\"texto\">Nuestros grupos son de primeras marcas, todas ellas reconocidas a nivel internacional, por lo que ofrecen las m\u00e1s altas prestaciones. Contamos con la garant\u00eda y las prestaciones de la propia Caterpillar, donde pasamos rigurosos procesos de mantenimiento reglamentarios, de tal forma que los servicios prestados vayan avalados siempre con la m\u00e1xima fiabilidad y excelencia.<\/p>\n<\/div>\n<div class=\"col-md-6 fondo-naranja padding-3\">\n<p class=\"texto\">Por su parte, incidir en el hecho de que si la jornada de trabajo de estos grupos se dilatara en el tiempo, de forma interna tenemos cubierto el abastecimiento de gas\u00f3leo B. No importa ni la hora ni el momento. Cobertura 100%.<\/p>\n<p class=\"texto\">Si est\u00e1s interesado en la contrataci\u00f3n de grupos electr\u00f3genos, te interesar\u00e1 saber que todas nuestras m\u00e1quinas se encuentran ubicadas de forma fija sobre camiones plataforma o g\u00f3ndolas. Esto nos permite estar preparados en cualquier momento que se nos demande la actuaci\u00f3n.<\/p>\n<p class=\"texto\">Para terminar, apuntar tambi\u00e9n nuestro servicio de energ\u00eda en Media y Alta Tensi\u00f3n a trav\u00e9s de generadores tanto para incidencias y aver\u00edas imprevistas como para descargos o cortes de corrientes programados. La maquinaria de VFM est\u00e1 preparada para dar un suministro energ\u00e9tico en Media Tensi\u00f3n como fuente primaria o de emergencia. Son equipos autosuficientes que pueden trabajar en isla o acoplados a la red de distribuci\u00f3n.<\/p>\n<\/div>\n<\/div>\n<h3 class=\"text-center mt-4 mb-4\">Un sinf\u00edn de ventajas que beneficiaran la resoluci\u00f3n de incidencias de aquellos que contacten con nosotros. No esperes m\u00e1s. Te esperamos.<\/h3>\n<div class=\"divider-gris mt-5 mb-4\"><\/div>\n<h2 class=\"text-center\">Contacta con nosotros<\/h2>\n<div class=\"adorno-naranja\"><\/div>\n<div class=\"container mt-4 mb-4\">\n<div class=\"wpcf7 no-js\" id=\"wpcf7-f369-o1\" lang=\"es-ES\" dir=\"ltr\" data-wpcf7-id=\"369\">\n<div class=\"screen-reader-response\"><p role=\"status\" aria-live=\"polite\" aria-atomic=\"true\"><\/p> <ul><\/ul><\/div>\n<form action=\"\/es\/wp-json\/wp\/v2\/pages\/353#wpcf7-f369-o1\" method=\"post\" class=\"wpcf7-form init\" aria-label=\"Formulario de contacto\" novalidate=\"novalidate\" data-status=\"init\">\n<fieldset class=\"hidden-fields-container\"><input type=\"hidden\" name=\"_wpcf7\" value=\"369\" \/><input type=\"hidden\" name=\"_wpcf7_version\" value=\"6.1.4\" \/><input type=\"hidden\" name=\"_wpcf7_locale\" value=\"es_ES\" \/><input type=\"hidden\" name=\"_wpcf7_unit_tag\" value=\"wpcf7-f369-o1\" \/><input type=\"hidden\" name=\"_wpcf7_container_post\" value=\"0\" \/><input type=\"hidden\" name=\"_wpcf7_posted_data_hash\" value=\"\" \/><input type=\"hidden\" name=\"_wpcf7_recaptcha_response\" value=\"\" \/>\n<\/fieldset>\n<div class=\"row\">\n\t<div class=\"col-md-6\">\n\t\t<p><label> <span class=\"wpcf7-form-control-wrap\" data-name=\"your-name\"><input size=\"40\" maxlength=\"400\" class=\"wpcf7-form-control wpcf7-text wpcf7-validates-as-required form-int\" aria-required=\"true\" aria-invalid=\"false\" placeholder=\"Nombre (*)\" value=\"\" type=\"text\" name=\"your-name\" \/><\/span> <\/label>\n\t\t<\/p>\n\t<\/div>\n\t<div class=\"col-md-6\">\n\t\t<p><label> <span class=\"wpcf7-form-control-wrap\" data-name=\"your-email\"><input size=\"40\" maxlength=\"400\" class=\"wpcf7-form-control wpcf7-email wpcf7-validates-as-required wpcf7-text wpcf7-validates-as-email form-int\" aria-required=\"true\" aria-invalid=\"false\" placeholder=\"Email (*)\" value=\"\" type=\"email\" name=\"your-email\" \/><\/span> <\/label>\n\t\t<\/p>\n\t<\/div>\n<\/div>\n<div class=\"row mt-3\">\n\t<div class=\"col-md-6\">\n\t\t<p><label> <span class=\"wpcf7-form-control-wrap\" data-name=\"tel-308\"><input size=\"40\" maxlength=\"400\" class=\"wpcf7-form-control wpcf7-tel wpcf7-text wpcf7-validates-as-tel form-int\" aria-invalid=\"false\" placeholder=\"Tel\u00e9fono\" value=\"\" type=\"tel\" name=\"tel-308\" \/><\/span> <\/label>\n\t\t<\/p>\n\t<\/div>\n\t<div class=\"col-md-6\">\n\t\t<p><label> <span class=\"wpcf7-form-control-wrap\" data-name=\"tipo-servicio\"><select class=\"wpcf7-form-control wpcf7-select form-int\" aria-invalid=\"false\" name=\"tipo-servicio\"><option value=\"Tipo de servicio\">Tipo de servicio<\/option><option value=\"Grupos electr\u00f3genos\">Grupos electr\u00f3genos<\/option><option value=\"Centros de transformaci\u00f3n m\u00f3viles\">Centros de transformaci\u00f3n m\u00f3viles<\/option><\/select><\/span> <\/label>\n\t\t<\/p>\n\t<\/div>\n<\/div>\n<div class=\"row mt-3\">\n\t<div class=\"col-md-12\">\n\t\t<p><label> <span class=\"wpcf7-form-control-wrap\" data-name=\"your-message\"><textarea cols=\"40\" rows=\"3\" maxlength=\"2000\" class=\"wpcf7-form-control wpcf7-textarea form-int\" aria-invalid=\"false\" placeholder=\"Mensaje\" name=\"your-message\"><\/textarea><\/span> <\/label>\n\t\t<\/p>\n\t<\/div>\n<\/div>\n<div class=\"row mt-3\">\n\t<div class=\"col-md-12\">\n\t\t<p class=\"text-center\"><span class=\"wpcf7-form-control-wrap\" data-name=\"acceptance-788\"><span class=\"wpcf7-form-control wpcf7-acceptance\"><span class=\"wpcf7-list-item\"><input type=\"checkbox\" name=\"acceptance-788\" value=\"1\" aria-invalid=\"false\" \/><\/span><\/span><\/span> He le\u00eddo y acepto la <a target=\"_blank\" href=\"https:\/\/www.villafloresmartin.com\/es\/aviso-legal\/\">pol\u00edtica de privacidad<\/a>\n\t\t<\/p>\n\t<\/div>\n<\/div>\n<div class=\"row mt-3\">\n\t<div class=\"col-md-12\">\n\t\t<p><input class=\"wpcf7-form-control wpcf7-submit has-spinner btn-int\" type=\"submit\" value=\"Enviar\" \/>\n\t\t<\/p>\n\t<\/div>\n<\/div><p style=\"display: none !important;\" class=\"akismet-fields-container\" data-prefix=\"_wpcf7_ak_\"><label>&#916;<textarea name=\"_wpcf7_ak_hp_textarea\" cols=\"45\" rows=\"8\" maxlength=\"100\"><\/textarea><\/label><input type=\"hidden\" id=\"ak_js_1\" name=\"_wpcf7_ak_js\" value=\"110\"\/><script>document.getElementById( \"ak_js_1\" ).setAttribute( \"value\", ( new Date() ).getTime() );<\/script><\/p><div class=\"wpcf7-response-output\" aria-hidden=\"true\"><\/div>\n<\/form>\n<\/div>\n<\/div>\n<div class=\"row mt-5 mb-3\">\n<div class=\"col-md-3 mosaico-home borde-derecha\">\n<div class=\"fondo-ingenieria-proyectos mosaico-escala mosaico-escala-int\">\n<h3><a class=\"d-flex justify-content-center flex-column\" href=\"https:\/\/www.villafloresmartin.com\/es\/servicios\/ingenieria-y-proyectos\/\">Ingenier\u00eda y proyectos<\/a><\/h3>\n<\/div>\n<\/div>\n<div class=\"col-md-3 mosaico-home borde-derecha-izquierda\">\n<div class=\"fondo-redes-distribucion mosaico-escala mosaico-escala-int\">\n<h3><a class=\"d-flex justify-content-center flex-column\" href=\"https:\/\/www.villafloresmartin.com\/es\/servicios\/redes-distribucion-alta-media-baja-tension\/\">Redes de distribuci\u00f3n de alta, media y baja tensi\u00f3n<\/a><\/h3>\n<\/div>\n<\/div>\n<div class=\"col-md-3 mosaico-home borde-derecha-izquierda\">\n<div class=\"fondo-localizacion-ensayos mosaico-escala mosaico-escala-int\">\n<h3><a class=\"d-flex justify-content-center flex-column\" href=\"https:\/\/www.villafloresmartin.com\/es\/servicios\/localizacion-ensayos-diagnosis-lineas-subterraneas-electricas\/\">Localizaci\u00f3n, ensayos y diagnosis de l\u00edneas subterr\u00e1neas el\u00e9ctricas<\/a><\/h3>\n<\/div>\n<\/div>\n<div class=\"col-md-3 mosaico-home borde-izquierda\">\n<div class=\"fondo-servicios-energia mosaico-escala mosaico-escala-int\">\n<h3><a class=\"d-flex justify-content-center flex-column\" href=\"https:\/\/www.villafloresmartin.com\/es\/servicios\/servicios-energia-electrica\/\">Servicios de energ\u00eda el\u00e9ctrica<\/a><\/h3>\n<\/div>\n<\/div>\n<\/div>\n<div class=\"row mb-4\">\n<div class=\"col-md-3 mosaico-home borde-derecha\">\n<div class=\"fondo-obra-civil mosaico-escala mosaico-escala-int\">\n<h3><a class=\"d-flex justify-content-center flex-column\" href=\"https:\/\/www.villafloresmartin.com\/es\/servicios\/obra-civil\/\">Obra civil<\/a><\/h3>\n<\/div>\n<\/div>\n<div class=\"col-md-3 mosaico-home borde-derecha-izquierda\">\n<div class=\"fondo-mantenimiento-instalaciones mosaico-escala mosaico-escala-int\">\n<h3><a class=\"d-flex justify-content-center flex-column\" href=\"https:\/\/www.villafloresmartin.com\/es\/servicios\/mantenimiento-instalaciones-electricas\/\">Mantenimiento de instalaciones el\u00e9ctricas<\/a><\/h3>\n<\/div>\n<\/div>\n<div class=\"col-md-3 mosaico-home borde-derecha-izquierda\">\n<div class=\"fondo-alumbrado-publico mosaico-escala mosaico-escala-int\">\n<h3><a class=\"d-flex justify-content-center flex-column\" href=\"https:\/\/www.villafloresmartin.com\/es\/servicios\/alumbrado-vial-urbano\/\">Alumbrado vial y urbano<\/a><\/h3>\n<\/div>\n<\/div>\n<div class=\"col-md-3 mosaico-home borde-izquierda\">\n<div class=\"fondo-energias-renovables mosaico-escala mosaico-escala-int\">\n<h3><a class=\"d-flex justify-content-center flex-column\" href=\"https:\/\/www.villafloresmartin.com\/es\/servicios\/energias-renovables\/\">Energ\u00edas renovables<\/a><\/h3>\n<\/div>\n<\/div>\n<\/div>\n","protected":false},"excerpt":{"rendered":"<p>Grupos electr\u00f3genos En Villa Flores Mart\u00edn (VFM) no pod\u00edamos dejar de prestar el servicio de grupos electr\u00f3genos. Sin embargo nos diferenciamos del resto. \u00bfEn qu\u00e9? Nosotros no nos limitamos a ser alquiladores de grupos electr\u00f3genos o maquinaria de obra, sino que nuestra maquinaria va siempre acompa\u00f1ada por un operario especializado en el funcionamiento de la [&#8230;]<\/p>\n<p><a class=\"btn btn-secondary understrap-read-more-link\" href=\"https:\/\/www.villafloresmartin.com\/es\/servicios\/servicios-energia-electrica\/grupos-electrogenos\/\">Leer m\u00e1s&#8230;<\/a><\/p>\n","protected":false},"author":2,"featured_media":0,"parent":54,"menu_order":0,"comment_status":"closed","ping_status":"closed","template":"page-templates\/empty.php","meta":{"footnotes":""},"class_list":["post-353","page","type-page","status-publish","hentry"],"yoast_head":"<!-- This site is optimized with the Yoast SEO plugin v26.9 - https:\/\/yoast.com\/product\/yoast-seo-wordpress\/ -->\n<title>Alquiler de Grupos Electr\u00f3genos - Servicio de Alquiler de Grupos Electr\u00f3genos<\/title>\n<meta name=\"description\" content=\"En Villa Flores Mart\u00edn (VFM) no pod\u00edamos dejar de prestar el servicio de grupos electr\u00f3genos. Nosotros no nos limitamos a ser alquiladores de grupos electr\u00f3genos o maquinaria de obra, sino que nuestra maquinaria va siempre acompa\u00f1ada por un operario especializado en el funcionamiento de la misma.\" \/>\n<meta name=\"robots\" content=\"index, follow, max-snippet:-1, max-image-preview:large, max-video-preview:-1\" \/>\n<link rel=\"canonical\" href=\"https:\/\/www.villafloresmartin.com\/es\/servicios\/servicios-energia-electrica\/grupos-electrogenos\/\" \/>\n<meta property=\"og:locale\" content=\"es_ES\" \/>\n<meta property=\"og:type\" content=\"article\" \/>\n<meta property=\"og:title\" content=\"Alquiler de Grupos Electr\u00f3genos - Servicio de Alquiler de Grupos Electr\u00f3genos\" \/>\n<meta property=\"og:description\" content=\"En Villa Flores Mart\u00edn (VFM) no pod\u00edamos dejar de prestar el servicio de grupos electr\u00f3genos. Nosotros no nos limitamos a ser alquiladores de grupos electr\u00f3genos o maquinaria de obra, sino que nuestra maquinaria va siempre acompa\u00f1ada por un operario especializado en el funcionamiento de la misma.\" \/>\n<meta property=\"og:url\" content=\"https:\/\/www.villafloresmartin.com\/es\/servicios\/servicios-energia-electrica\/grupos-electrogenos\/\" \/>\n<meta property=\"og:site_name\" content=\"Villa Flores Mart\u00edn\" \/>\n<meta property=\"article:modified_time\" content=\"2019-04-04T08:55:06+00:00\" \/>\n<meta name=\"twitter:label1\" content=\"Tiempo de lectura\" \/>\n\t<meta name=\"twitter:data1\" content=\"3 minutos\" \/>\n<script type=\"application\/ld+json\" class=\"yoast-schema-graph\">{\"@context\":\"https:\/\/schema.org\",\"@graph\":[{\"@type\":\"WebPage\",\"@id\":\"https:\/\/www.villafloresmartin.com\/es\/servicios\/servicios-energia-electrica\/grupos-electrogenos\/\",\"url\":\"https:\/\/www.villafloresmartin.com\/es\/servicios\/servicios-energia-electrica\/grupos-electrogenos\/\",\"name\":\"Alquiler de Grupos Electr\u00f3genos - Servicio de Alquiler de Grupos Electr\u00f3genos\",\"isPartOf\":{\"@id\":\"https:\/\/www.villafloresmartin.com\/es\/#website\"},\"datePublished\":\"2017-05-29T09:02:21+00:00\",\"dateModified\":\"2019-04-04T08:55:06+00:00\",\"description\":\"En Villa Flores Mart\u00edn (VFM) no pod\u00edamos dejar de prestar el servicio de grupos electr\u00f3genos. Nosotros no nos limitamos a ser alquiladores de grupos electr\u00f3genos o maquinaria de obra, sino que nuestra maquinaria va siempre acompa\u00f1ada por un operario especializado en el funcionamiento de la misma.\",\"breadcrumb\":{\"@id\":\"https:\/\/www.villafloresmartin.com\/es\/servicios\/servicios-energia-electrica\/grupos-electrogenos\/#breadcrumb\"},\"inLanguage\":\"es\",\"potentialAction\":[{\"@type\":\"ReadAction\",\"target\":[\"https:\/\/www.villafloresmartin.com\/es\/servicios\/servicios-energia-electrica\/grupos-electrogenos\/\"]}]},{\"@type\":\"BreadcrumbList\",\"@id\":\"https:\/\/www.villafloresmartin.com\/es\/servicios\/servicios-energia-electrica\/grupos-electrogenos\/#breadcrumb\",\"itemListElement\":[{\"@type\":\"ListItem\",\"position\":1,\"name\":\"Portada\",\"item\":\"https:\/\/www.villafloresmartin.com\/es\/\"},{\"@type\":\"ListItem\",\"position\":2,\"name\":\"Servicios\",\"item\":\"https:\/\/www.villafloresmartin.com\/es\/servicios\/\"},{\"@type\":\"ListItem\",\"position\":3,\"name\":\"Servicios de energ\u00eda el\u00e9ctrica\",\"item\":\"https:\/\/www.villafloresmartin.com\/es\/servicios\/servicios-energia-electrica\/\"},{\"@type\":\"ListItem\",\"position\":4,\"name\":\"Grupos electr\u00f3genos\"}]},{\"@type\":\"WebSite\",\"@id\":\"https:\/\/www.villafloresmartin.com\/es\/#website\",\"url\":\"https:\/\/www.villafloresmartin.com\/es\/\",\"name\":\"Villa Flores Mart\u00edn\",\"description\":\"\",\"potentialAction\":[{\"@type\":\"SearchAction\",\"target\":{\"@type\":\"EntryPoint\",\"urlTemplate\":\"https:\/\/www.villafloresmartin.com\/es\/?s={search_term_string}\"},\"query-input\":{\"@type\":\"PropertyValueSpecification\",\"valueRequired\":true,\"valueName\":\"search_term_string\"}}],\"inLanguage\":\"es\"}]}<\/script>\n<!-- \/ Yoast SEO plugin. -->","yoast_head_json":{"title":"Alquiler de Grupos Electr\u00f3genos - Servicio de Alquiler de Grupos Electr\u00f3genos","description":"En Villa Flores Mart\u00edn (VFM) no pod\u00edamos dejar de prestar el servicio de grupos electr\u00f3genos. Nosotros no nos limitamos a ser alquiladores de grupos electr\u00f3genos o maquinaria de obra, sino que nuestra maquinaria va siempre acompa\u00f1ada por un operario especializado en el funcionamiento de la misma.","robots":{"index":"index","follow":"follow","max-snippet":"max-snippet:-1","max-image-preview":"max-image-preview:large","max-video-preview":"max-video-preview:-1"},"canonical":"https:\/\/www.villafloresmartin.com\/es\/servicios\/servicios-energia-electrica\/grupos-electrogenos\/","og_locale":"es_ES","og_type":"article","og_title":"Alquiler de Grupos Electr\u00f3genos - Servicio de Alquiler de Grupos Electr\u00f3genos","og_description":"En Villa Flores Mart\u00edn (VFM) no pod\u00edamos dejar de prestar el servicio de grupos electr\u00f3genos. Nosotros no nos limitamos a ser alquiladores de grupos electr\u00f3genos o maquinaria de obra, sino que nuestra maquinaria va siempre acompa\u00f1ada por un operario especializado en el funcionamiento de la misma.","og_url":"https:\/\/www.villafloresmartin.com\/es\/servicios\/servicios-energia-electrica\/grupos-electrogenos\/","og_site_name":"Villa Flores Mart\u00edn","article_modified_time":"2019-04-04T08:55:06+00:00","twitter_misc":{"Tiempo de lectura":"3 minutos"},"schema":{"@context":"https:\/\/schema.org","@graph":[{"@type":"WebPage","@id":"https:\/\/www.villafloresmartin.com\/es\/servicios\/servicios-energia-electrica\/grupos-electrogenos\/","url":"https:\/\/www.villafloresmartin.com\/es\/servicios\/servicios-energia-electrica\/grupos-electrogenos\/","name":"Alquiler de Grupos Electr\u00f3genos - Servicio de Alquiler de Grupos Electr\u00f3genos","isPartOf":{"@id":"https:\/\/www.villafloresmartin.com\/es\/#website"},"datePublished":"2017-05-29T09:02:21+00:00","dateModified":"2019-04-04T08:55:06+00:00","description":"En Villa Flores Mart\u00edn (VFM) no pod\u00edamos dejar de prestar el servicio de grupos electr\u00f3genos. Nosotros no nos limitamos a ser alquiladores de grupos electr\u00f3genos o maquinaria de obra, sino que nuestra maquinaria va siempre acompa\u00f1ada por un operario especializado en el funcionamiento de la misma.","breadcrumb":{"@id":"https:\/\/www.villafloresmartin.com\/es\/servicios\/servicios-energia-electrica\/grupos-electrogenos\/#breadcrumb"},"inLanguage":"es","potentialAction":[{"@type":"ReadAction","target":["https:\/\/www.villafloresmartin.com\/es\/servicios\/servicios-energia-electrica\/grupos-electrogenos\/"]}]},{"@type":"BreadcrumbList","@id":"https:\/\/www.villafloresmartin.com\/es\/servicios\/servicios-energia-electrica\/grupos-electrogenos\/#breadcrumb","itemListElement":[{"@type":"ListItem","position":1,"name":"Portada","item":"https:\/\/www.villafloresmartin.com\/es\/"},{"@type":"ListItem","position":2,"name":"Servicios","item":"https:\/\/www.villafloresmartin.com\/es\/servicios\/"},{"@type":"ListItem","position":3,"name":"Servicios de energ\u00eda el\u00e9ctrica","item":"https:\/\/www.villafloresmartin.com\/es\/servicios\/servicios-energia-electrica\/"},{"@type":"ListItem","position":4,"name":"Grupos electr\u00f3genos"}]},{"@type":"WebSite","@id":"https:\/\/www.villafloresmartin.com\/es\/#website","url":"https:\/\/www.villafloresmartin.com\/es\/","name":"Villa Flores Mart\u00edn","description":"","potentialAction":[{"@type":"SearchAction","target":{"@type":"EntryPoint","urlTemplate":"https:\/\/www.villafloresmartin.com\/es\/?s={search_term_string}"},"query-input":{"@type":"PropertyValueSpecification","valueRequired":true,"valueName":"search_term_string"}}],"inLanguage":"es"}]}},"_links":{"self":[{"href":"https:\/\/www.villafloresmartin.com\/es\/wp-json\/wp\/v2\/pages\/353","targetHints":{"allow":["GET"]}}],"collection":[{"href":"https:\/\/www.villafloresmartin.com\/es\/wp-json\/wp\/v2\/pages"}],"about":[{"href":"https:\/\/www.villafloresmartin.com\/es\/wp-json\/wp\/v2\/types\/page"}],"author":[{"embeddable":true,"href":"https:\/\/www.villafloresmartin.com\/es\/wp-json\/wp\/v2\/users\/2"}],"replies":[{"embeddable":true,"href":"https:\/\/www.villafloresmartin.com\/es\/wp-json\/wp\/v2\/comments?post=353"}],"version-history":[{"count":0,"href":"https:\/\/www.villafloresmartin.com\/es\/wp-json\/wp\/v2\/pages\/353\/revisions"}],"up":[{"embeddable":true,"href":"https:\/\/www.villafloresmartin.com\/es\/wp-json\/wp\/v2\/pages\/54"}],"wp:attachment":[{"href":"https:\/\/www.villafloresmartin.com\/es\/wp-json\/wp\/v2\/media?parent=353"}],"curies":[{"name":"wp","href":"https:\/\/api.w.org\/{rel}","templated":true}]}}