{"id":269,"date":"2017-05-24T11:32:45","date_gmt":"2017-05-24T09:32:45","guid":{"rendered":"https:\/\/www.villafloresmartin.com\/es\/?page_id=269"},"modified":"2019-04-04T10:48:33","modified_gmt":"2019-04-04T08:48:33","slug":"localizacion-averias-lineas-subterraneas-at-mt-bt","status":"publish","type":"page","link":"https:\/\/www.villafloresmartin.com\/es\/servicios\/localizacion-ensayos-diagnosis-lineas-subterraneas-electricas\/localizacion-averias-lineas-subterraneas-at-mt-bt\/","title":{"rendered":"Localizaci\u00f3n de aver\u00edas en l\u00edneas subterr\u00e1neas de AT, MT y BT"},"content":{"rendered":"<p class=\"no-margin\"><a href=\"https:\/\/www.villafloresmartin.com\/es\/wp-content\/uploads\/2018\/04\/20170921_084517_1300x575.jpg\"><img  title=\"Localizaci\u00f3n de aver\u00edas en l\u00edneas subterr\u00e1neas de AT, MT y BT - Villa Flores Mart\u00edn\" loading=\"lazy\" decoding=\"async\" class=\"img-full aligncenter wp-image-1337 size-full\" src=\"https:\/\/www.villafloresmartin.com\/es\/wp-content\/uploads\/2018\/04\/20170921_084517_1300x575.jpg\"  alt=\"Localizaci\u00f3n de aver\u00edas en l\u00edneas subterr\u00e1neas de AT, MT y BT - Villa Flores Mart\u00edn\"  width=\"1274\" height=\"575\" srcset=\"https:\/\/www.villafloresmartin.com\/es\/wp-content\/uploads\/2018\/04\/20170921_084517_1300x575.jpg 1274w, https:\/\/www.villafloresmartin.com\/es\/wp-content\/uploads\/2018\/04\/20170921_084517_1300x575-300x135.jpg 300w, https:\/\/www.villafloresmartin.com\/es\/wp-content\/uploads\/2018\/04\/20170921_084517_1300x575-768x347.jpg 768w, https:\/\/www.villafloresmartin.com\/es\/wp-content\/uploads\/2018\/04\/20170921_084517_1300x575-1024x462.jpg 1024w\" sizes=\"auto, (max-width: 1274px) 100vw, 1274px\" \/><\/a><\/p>\n<h1 class=\"text-center mt-4 mb-4\">Localizaci\u00f3n de aver\u00edas en l\u00edneas subterr\u00e1neas de AT, MT y BT<\/h1>\n<div class=\"adorno-naranja\"><\/div>\n<div class=\"container mt-4 mb-4\">\n<div class=\"row\">\n<div class=\"col-md-12 dos-columnas\">\n<p class=\"texto\">La experiencia que dan los a\u00f1os dedicados al sector de la distribuci\u00f3n el\u00e9ctrica nos ha permitido ofrecer una amplia variedad de servicios que dan cobertura a la mayor parte de necesidades relacionadas con la energ\u00eda el\u00e9ctrica. Si a ello le unimos los medios y los materiales adecuados, as\u00ed como un personal altamente cualificado, el resultado no puede ser otro que la satisfacci\u00f3n del consumidor.<\/p>\n<p class=\"texto\">En relaci\u00f3n a la localizaci\u00f3n y reparaci\u00f3n de aver\u00edas en l\u00edneas subterr\u00e1neas de Baja, Media o Alta Tensi\u00f3n, se hace necesario poner de manifiesto que ofrecemos un servicio caracterizado por su rapidez y efectividad. Esto se consigue gracias a la combinaci\u00f3n perfecta de experiencia y apuesta por la innovaci\u00f3n que caracteriza a Villa Flores Mart\u00edn (VFM). As\u00ed se logra, adem\u00e1s, que la interrupci\u00f3n del suministro de energ\u00eda sea m\u00ednima y la consiguiente satisfacci\u00f3n del cliente.<\/p>\n<\/div>\n<\/div>\n<\/div>\n<div class=\"row mt-4 mb-4\">\n<div class=\"col-md-6 fondo-localizacion-averias-1 padding-3\"><\/div>\n<div class=\"col-md-6 fondo-naranja padding-3\">\n<h3>Proceso de localizaci\u00f3n de aver\u00edas en l\u00edneas subterr\u00e1neas<\/h3>\n<p class=\"texto\">La localizaci\u00f3n de aver\u00edas en l\u00edneas subterr\u00e1neas de BT, MT y AT es una ardua tarea. En nuestro caso se salda la dificultad con la utilizaci\u00f3n de las \u00faltimas t\u00e9cnicas. En este sentido, destacar que contamos con dos laboratorios trif\u00e1sicos m\u00f3viles equipados con instrumentos de \u00faltima generaci\u00f3n.<\/p>\n<p class=\"texto\">El equipamiento que tenemos nos permite, adem\u00e1s de las funciones propias de localizaci\u00f3n de aver\u00edas en l\u00edneas subterr\u00e1neas, trazar l\u00edneas subterr\u00e1neas, llevar a cabo la identificaci\u00f3n de fases o conductores, ensayos de aislamiento.<\/p>\n<p class=\"texto\">Otro servicio estrella es el de la prelocalizaci\u00f3n de aver\u00edas, que nos permite realizar un marcaje r\u00e1pido y certero del punto donde se sit\u00faa el problema.<\/p>\n<p class=\"texto\">Con todo este amplio equipamiento, VFM puede enfrentarse a cualquier tipo de aver\u00eda ya sea en el propio aislamiento del conductor como en la cubierta exterior.<\/p>\n<p class=\"texto\">Nuestros equipos est\u00e1n dotados con bobinas de cables de hasta 50 metros, con el fin de poder llegar a cualquier instalaci\u00f3n aunque se encuentre en un sitio de dif\u00edcil acceso. Adem\u00e1s poseemos equipos port\u00e1tiles que se pueden transportar manualmente a cualquier lugar.<\/p>\n<\/div>\n<\/div>\n<div class=\"container mt-4 mb-4\">\n<div class=\"row\">\n<div class=\"col-md-12\">\n<h3 class=\"text-center\">Descr\u00edbenos tu problem\u00e1tica el\u00e9ctrica y le daremos la respuesta que m\u00e1s se ajuste a tus necesidades en todos los sentidos.<\/h3>\n<\/div>\n<\/div>\n<\/div>\n<div class=\"divider-gris mt-5 mb-4\"><\/div>\n<h2 class=\"text-center\">Contacta con nosotros<\/h2>\n<div class=\"adorno-naranja\"><\/div>\n<div class=\"container mt-4 mb-4\">\n<div class=\"wpcf7 no-js\" id=\"wpcf7-f297-o1\" lang=\"es-ES\" dir=\"ltr\" data-wpcf7-id=\"297\">\n<div class=\"screen-reader-response\"><p role=\"status\" aria-live=\"polite\" aria-atomic=\"true\"><\/p> <ul><\/ul><\/div>\n<form action=\"\/es\/wp-json\/wp\/v2\/pages\/269#wpcf7-f297-o1\" method=\"post\" class=\"wpcf7-form init\" aria-label=\"Formulario de contacto\" novalidate=\"novalidate\" data-status=\"init\">\n<fieldset class=\"hidden-fields-container\"><input type=\"hidden\" name=\"_wpcf7\" value=\"297\" \/><input type=\"hidden\" name=\"_wpcf7_version\" value=\"6.1.4\" \/><input type=\"hidden\" name=\"_wpcf7_locale\" value=\"es_ES\" \/><input type=\"hidden\" name=\"_wpcf7_unit_tag\" value=\"wpcf7-f297-o1\" \/><input type=\"hidden\" name=\"_wpcf7_container_post\" value=\"0\" \/><input type=\"hidden\" name=\"_wpcf7_posted_data_hash\" value=\"\" \/><input type=\"hidden\" name=\"_wpcf7_recaptcha_response\" value=\"\" \/>\n<\/fieldset>\n<div class=\"row\">\n\t<div class=\"col-md-6\">\n\t\t<p><label> <span class=\"wpcf7-form-control-wrap\" data-name=\"your-name\"><input size=\"40\" maxlength=\"400\" class=\"wpcf7-form-control wpcf7-text wpcf7-validates-as-required form-int\" aria-required=\"true\" aria-invalid=\"false\" placeholder=\"Nombre (*)\" value=\"\" type=\"text\" name=\"your-name\" \/><\/span> <\/label>\n\t\t<\/p>\n\t<\/div>\n\t<div class=\"col-md-6\">\n\t\t<p><label> <span class=\"wpcf7-form-control-wrap\" data-name=\"your-email\"><input size=\"40\" maxlength=\"400\" class=\"wpcf7-form-control wpcf7-email wpcf7-validates-as-required wpcf7-text wpcf7-validates-as-email form-int\" aria-required=\"true\" aria-invalid=\"false\" placeholder=\"Email (*)\" value=\"\" type=\"email\" name=\"your-email\" \/><\/span> <\/label>\n\t\t<\/p>\n\t<\/div>\n<\/div>\n<div class=\"row mt-3\">\n\t<div class=\"col-md-6\">\n\t\t<p><label> <span class=\"wpcf7-form-control-wrap\" data-name=\"tel-308\"><input size=\"40\" maxlength=\"400\" class=\"wpcf7-form-control wpcf7-tel wpcf7-text wpcf7-validates-as-tel form-int\" aria-invalid=\"false\" placeholder=\"Tel\u00e9fono\" value=\"\" type=\"tel\" name=\"tel-308\" \/><\/span> <\/label>\n\t\t<\/p>\n\t<\/div>\n\t<div class=\"col-md-6\">\n\t\t<p><label> <span class=\"wpcf7-form-control-wrap\" data-name=\"tipo-servicio\"><select class=\"wpcf7-form-control wpcf7-select form-int\" aria-invalid=\"false\" name=\"tipo-servicio\"><option value=\"Tipo de servicio\">Tipo de servicio<\/option><option value=\"Ensayos y diagnosis de aislamiento en l\u00edneas de AT, MT y BT\">Ensayos y diagnosis de aislamiento en l\u00edneas de AT, MT y BT<\/option><option value=\"Localizaci\u00f3n de aver\u00edas en l\u00edneas subterr\u00e1neas de AT, MT y BT\">Localizaci\u00f3n de aver\u00edas en l\u00edneas subterr\u00e1neas de AT, MT y BT<\/option><\/select><\/span> <\/label>\n\t\t<\/p>\n\t<\/div>\n<\/div>\n<div class=\"row mt-3\">\n\t<div class=\"col-md-12\">\n\t\t<p><label> <span class=\"wpcf7-form-control-wrap\" data-name=\"your-message\"><textarea cols=\"40\" rows=\"3\" maxlength=\"2000\" class=\"wpcf7-form-control wpcf7-textarea form-int\" aria-invalid=\"false\" placeholder=\"Mensaje\" name=\"your-message\"><\/textarea><\/span> <\/label>\n\t\t<\/p>\n\t<\/div>\n<\/div>\n<div class=\"row mt-3\">\n\t<div class=\"col-md-12\">\n\t\t<p class=\"text-center\"><span class=\"wpcf7-form-control-wrap\" data-name=\"acceptance-788\"><span class=\"wpcf7-form-control wpcf7-acceptance\"><span class=\"wpcf7-list-item\"><input type=\"checkbox\" name=\"acceptance-788\" value=\"1\" aria-invalid=\"false\" \/><\/span><\/span><\/span> He le\u00eddo y acepto la <a target=\"_blank\" href=\"https:\/\/www.villafloresmartin.com\/es\/aviso-legal\/\">pol\u00edtica de privacidad<\/a>\n\t\t<\/p>\n\t<\/div>\n<\/div>\n<div class=\"row mt-3\">\n\t<div class=\"col-md-12\">\n\t\t<p><input class=\"wpcf7-form-control wpcf7-submit has-spinner btn-int\" type=\"submit\" value=\"Enviar\" \/>\n\t\t<\/p>\n\t<\/div>\n<\/div><p style=\"display: none !important;\" class=\"akismet-fields-container\" data-prefix=\"_wpcf7_ak_\"><label>&#916;<textarea name=\"_wpcf7_ak_hp_textarea\" cols=\"45\" rows=\"8\" maxlength=\"100\"><\/textarea><\/label><input type=\"hidden\" id=\"ak_js_1\" name=\"_wpcf7_ak_js\" value=\"208\"\/><script>document.getElementById( \"ak_js_1\" ).setAttribute( \"value\", ( new Date() ).getTime() );<\/script><\/p><div class=\"wpcf7-response-output\" aria-hidden=\"true\"><\/div>\n<\/form>\n<\/div>\n<\/div>\n<div class=\"row mt-5 mb-3\">\n<div class=\"col-md-3 mosaico-home borde-derecha\">\n<div class=\"fondo-ingenieria-proyectos mosaico-escala mosaico-escala-int\">\n<h3><a class=\"d-flex justify-content-center flex-column\" href=\"https:\/\/www.villafloresmartin.com\/es\/servicios\/ingenieria-y-proyectos\/\">Ingenier\u00eda y proyectos<\/a><\/h3>\n<\/div>\n<\/div>\n<div class=\"col-md-3 mosaico-home borde-derecha-izquierda\">\n<div class=\"fondo-redes-distribucion mosaico-escala mosaico-escala-int\">\n<h3><a class=\"d-flex justify-content-center flex-column\" href=\"https:\/\/www.villafloresmartin.com\/es\/servicios\/redes-distribucion-alta-media-baja-tension\/\">Redes de distribuci\u00f3n de alta, media y baja tensi\u00f3n<\/a><\/h3>\n<\/div>\n<\/div>\n<div class=\"col-md-3 mosaico-home borde-derecha-izquierda\">\n<div class=\"fondo-localizacion-ensayos mosaico-escala mosaico-escala-int\">\n<h3><a class=\"d-flex justify-content-center flex-column\" href=\"https:\/\/www.villafloresmartin.com\/es\/servicios\/localizacion-ensayos-diagnosis-lineas-subterraneas-electricas\/\">Localizaci\u00f3n, ensayos y diagnosis de l\u00edneas subterr\u00e1neas el\u00e9ctricas<\/a><\/h3>\n<\/div>\n<\/div>\n<div class=\"col-md-3 mosaico-home borde-izquierda\">\n<div class=\"fondo-servicios-energia mosaico-escala mosaico-escala-int\">\n<h3><a class=\"d-flex justify-content-center flex-column\" href=\"https:\/\/www.villafloresmartin.com\/es\/servicios\/servicios-energia-electrica\/\">Servicios de energ\u00eda el\u00e9ctrica<\/a><\/h3>\n<\/div>\n<\/div>\n<\/div>\n<div class=\"row mb-4\">\n<div class=\"col-md-3 mosaico-home borde-derecha\">\n<div class=\"fondo-obra-civil mosaico-escala mosaico-escala-int\">\n<h3><a class=\"d-flex justify-content-center flex-column\" href=\"https:\/\/www.villafloresmartin.com\/es\/servicios\/obra-civil\/\">Obra civil<\/a><\/h3>\n<\/div>\n<\/div>\n<div class=\"col-md-3 mosaico-home borde-derecha-izquierda\">\n<div class=\"fondo-mantenimiento-instalaciones mosaico-escala mosaico-escala-int\">\n<h3><a class=\"d-flex justify-content-center flex-column\" href=\"https:\/\/www.villafloresmartin.com\/es\/servicios\/mantenimiento-instalaciones-electricas\/\">Mantenimiento de instalaciones el\u00e9ctricas<\/a><\/h3>\n<\/div>\n<\/div>\n<div class=\"col-md-3 mosaico-home borde-derecha-izquierda\">\n<div class=\"fondo-alumbrado-publico mosaico-escala mosaico-escala-int\">\n<h3><a class=\"d-flex justify-content-center flex-column\" href=\"https:\/\/www.villafloresmartin.com\/es\/servicios\/alumbrado-vial-urbano\/\">Alumbrado vial y urbano<\/a><\/h3>\n<\/div>\n<\/div>\n<div class=\"col-md-3 mosaico-home borde-izquierda\">\n<div class=\"fondo-energias-renovables mosaico-escala mosaico-escala-int\">\n<h3><a class=\"d-flex justify-content-center flex-column\" href=\"https:\/\/www.villafloresmartin.com\/es\/servicios\/energias-renovables\/\">Energ\u00edas renovables<\/a><\/h3>\n<\/div>\n<\/div>\n<\/div>\n","protected":false},"excerpt":{"rendered":"<p>Localizaci\u00f3n de aver\u00edas en l\u00edneas subterr\u00e1neas de AT, MT y BT La experiencia que dan los a\u00f1os dedicados al sector de la distribuci\u00f3n el\u00e9ctrica nos ha permitido ofrecer una amplia variedad de servicios que dan cobertura a la mayor parte de necesidades relacionadas con la energ\u00eda el\u00e9ctrica. Si a ello le unimos los medios y [&#8230;]<\/p>\n<p><a class=\"btn btn-secondary understrap-read-more-link\" href=\"https:\/\/www.villafloresmartin.com\/es\/servicios\/localizacion-ensayos-diagnosis-lineas-subterraneas-electricas\/localizacion-averias-lineas-subterraneas-at-mt-bt\/\">Leer m\u00e1s&#8230;<\/a><\/p>\n","protected":false},"author":2,"featured_media":0,"parent":52,"menu_order":0,"comment_status":"closed","ping_status":"closed","template":"page-templates\/empty.php","meta":{"footnotes":""},"class_list":["post-269","page","type-page","status-publish","hentry"],"yoast_head":"<!-- This site is optimized with the Yoast SEO plugin v26.9 - https:\/\/yoast.com\/product\/yoast-seo-wordpress\/ -->\n<title>Diagnosis del Cable - Diagnosis Conductor - Prelocalizaci\u00f3n aver\u00eda cable subterr\u00e1neo<\/title>\n<meta name=\"description\" content=\"En VFM tenemos equipos que est\u00e1n dotados con bobinas de cables de hasta 50 metros, con el fin de poder llegar a cualquier instalaci\u00f3n aunque se encuentre en un sitio de dif\u00edcil acceso. Adem\u00e1s poseemos equipos port\u00e1tiles que se pueden transportar manualmente a cualquier lugar.\" \/>\n<meta name=\"robots\" content=\"index, follow, max-snippet:-1, max-image-preview:large, max-video-preview:-1\" \/>\n<link rel=\"canonical\" href=\"https:\/\/www.villafloresmartin.com\/es\/servicios\/localizacion-ensayos-diagnosis-lineas-subterraneas-electricas\/localizacion-averias-lineas-subterraneas-at-mt-bt\/\" \/>\n<meta property=\"og:locale\" content=\"es_ES\" \/>\n<meta property=\"og:type\" content=\"article\" \/>\n<meta property=\"og:title\" content=\"Diagnosis del Cable - Diagnosis Conductor - Prelocalizaci\u00f3n aver\u00eda cable subterr\u00e1neo\" \/>\n<meta property=\"og:description\" content=\"En VFM tenemos equipos que est\u00e1n dotados con bobinas de cables de hasta 50 metros, con el fin de poder llegar a cualquier instalaci\u00f3n aunque se encuentre en un sitio de dif\u00edcil acceso. Adem\u00e1s poseemos equipos port\u00e1tiles que se pueden transportar manualmente a cualquier lugar.\" \/>\n<meta property=\"og:url\" content=\"https:\/\/www.villafloresmartin.com\/es\/servicios\/localizacion-ensayos-diagnosis-lineas-subterraneas-electricas\/localizacion-averias-lineas-subterraneas-at-mt-bt\/\" \/>\n<meta property=\"og:site_name\" content=\"Villa Flores Mart\u00edn\" \/>\n<meta property=\"article:modified_time\" content=\"2019-04-04T08:48:33+00:00\" \/>\n<meta property=\"og:image\" content=\"https:\/\/www.villafloresmartin.com\/es\/wp-content\/uploads\/2018\/04\/20170921_084517_1300x575.jpg\" \/>\n<meta name=\"twitter:label1\" content=\"Tiempo de lectura\" \/>\n\t<meta name=\"twitter:data1\" content=\"2 minutos\" \/>\n<script type=\"application\/ld+json\" class=\"yoast-schema-graph\">{\"@context\":\"https:\/\/schema.org\",\"@graph\":[{\"@type\":\"WebPage\",\"@id\":\"https:\/\/www.villafloresmartin.com\/es\/servicios\/localizacion-ensayos-diagnosis-lineas-subterraneas-electricas\/localizacion-averias-lineas-subterraneas-at-mt-bt\/\",\"url\":\"https:\/\/www.villafloresmartin.com\/es\/servicios\/localizacion-ensayos-diagnosis-lineas-subterraneas-electricas\/localizacion-averias-lineas-subterraneas-at-mt-bt\/\",\"name\":\"Diagnosis del Cable - Diagnosis Conductor - Prelocalizaci\u00f3n aver\u00eda cable subterr\u00e1neo\",\"isPartOf\":{\"@id\":\"https:\/\/www.villafloresmartin.com\/es\/#website\"},\"primaryImageOfPage\":{\"@id\":\"https:\/\/www.villafloresmartin.com\/es\/servicios\/localizacion-ensayos-diagnosis-lineas-subterraneas-electricas\/localizacion-averias-lineas-subterraneas-at-mt-bt\/#primaryimage\"},\"image\":{\"@id\":\"https:\/\/www.villafloresmartin.com\/es\/servicios\/localizacion-ensayos-diagnosis-lineas-subterraneas-electricas\/localizacion-averias-lineas-subterraneas-at-mt-bt\/#primaryimage\"},\"thumbnailUrl\":\"https:\/\/www.villafloresmartin.com\/es\/wp-content\/uploads\/2018\/04\/20170921_084517_1300x575.jpg\",\"datePublished\":\"2017-05-24T09:32:45+00:00\",\"dateModified\":\"2019-04-04T08:48:33+00:00\",\"description\":\"En VFM tenemos equipos que est\u00e1n dotados con bobinas de cables de hasta 50 metros, con el fin de poder llegar a cualquier instalaci\u00f3n aunque se encuentre en un sitio de dif\u00edcil acceso. Adem\u00e1s poseemos equipos port\u00e1tiles que se pueden transportar manualmente a cualquier lugar.\",\"breadcrumb\":{\"@id\":\"https:\/\/www.villafloresmartin.com\/es\/servicios\/localizacion-ensayos-diagnosis-lineas-subterraneas-electricas\/localizacion-averias-lineas-subterraneas-at-mt-bt\/#breadcrumb\"},\"inLanguage\":\"es\",\"potentialAction\":[{\"@type\":\"ReadAction\",\"target\":[\"https:\/\/www.villafloresmartin.com\/es\/servicios\/localizacion-ensayos-diagnosis-lineas-subterraneas-electricas\/localizacion-averias-lineas-subterraneas-at-mt-bt\/\"]}]},{\"@type\":\"ImageObject\",\"inLanguage\":\"es\",\"@id\":\"https:\/\/www.villafloresmartin.com\/es\/servicios\/localizacion-ensayos-diagnosis-lineas-subterraneas-electricas\/localizacion-averias-lineas-subterraneas-at-mt-bt\/#primaryimage\",\"url\":\"https:\/\/www.villafloresmartin.com\/es\/wp-content\/uploads\/2018\/04\/20170921_084517_1300x575.jpg\",\"contentUrl\":\"https:\/\/www.villafloresmartin.com\/es\/wp-content\/uploads\/2018\/04\/20170921_084517_1300x575.jpg\",\"width\":1274,\"height\":575},{\"@type\":\"BreadcrumbList\",\"@id\":\"https:\/\/www.villafloresmartin.com\/es\/servicios\/localizacion-ensayos-diagnosis-lineas-subterraneas-electricas\/localizacion-averias-lineas-subterraneas-at-mt-bt\/#breadcrumb\",\"itemListElement\":[{\"@type\":\"ListItem\",\"position\":1,\"name\":\"Portada\",\"item\":\"https:\/\/www.villafloresmartin.com\/es\/\"},{\"@type\":\"ListItem\",\"position\":2,\"name\":\"Servicios\",\"item\":\"https:\/\/www.villafloresmartin.com\/es\/servicios\/\"},{\"@type\":\"ListItem\",\"position\":3,\"name\":\"Localizaci\u00f3n, ensayos y diagnosis de l\u00edneas subterr\u00e1neas el\u00e9ctricas\",\"item\":\"https:\/\/www.villafloresmartin.com\/es\/servicios\/localizacion-ensayos-diagnosis-lineas-subterraneas-electricas\/\"},{\"@type\":\"ListItem\",\"position\":4,\"name\":\"Localizaci\u00f3n de aver\u00edas en l\u00edneas subterr\u00e1neas de AT, MT y BT\"}]},{\"@type\":\"WebSite\",\"@id\":\"https:\/\/www.villafloresmartin.com\/es\/#website\",\"url\":\"https:\/\/www.villafloresmartin.com\/es\/\",\"name\":\"Villa Flores Mart\u00edn\",\"description\":\"\",\"potentialAction\":[{\"@type\":\"SearchAction\",\"target\":{\"@type\":\"EntryPoint\",\"urlTemplate\":\"https:\/\/www.villafloresmartin.com\/es\/?s={search_term_string}\"},\"query-input\":{\"@type\":\"PropertyValueSpecification\",\"valueRequired\":true,\"valueName\":\"search_term_string\"}}],\"inLanguage\":\"es\"}]}<\/script>\n<!-- \/ Yoast SEO plugin. -->","yoast_head_json":{"title":"Diagnosis del Cable - Diagnosis Conductor - Prelocalizaci\u00f3n aver\u00eda cable subterr\u00e1neo","description":"En VFM tenemos equipos que est\u00e1n dotados con bobinas de cables de hasta 50 metros, con el fin de poder llegar a cualquier instalaci\u00f3n aunque se encuentre en un sitio de dif\u00edcil acceso. Adem\u00e1s poseemos equipos port\u00e1tiles que se pueden transportar manualmente a cualquier lugar.","robots":{"index":"index","follow":"follow","max-snippet":"max-snippet:-1","max-image-preview":"max-image-preview:large","max-video-preview":"max-video-preview:-1"},"canonical":"https:\/\/www.villafloresmartin.com\/es\/servicios\/localizacion-ensayos-diagnosis-lineas-subterraneas-electricas\/localizacion-averias-lineas-subterraneas-at-mt-bt\/","og_locale":"es_ES","og_type":"article","og_title":"Diagnosis del Cable - Diagnosis Conductor - Prelocalizaci\u00f3n aver\u00eda cable subterr\u00e1neo","og_description":"En VFM tenemos equipos que est\u00e1n dotados con bobinas de cables de hasta 50 metros, con el fin de poder llegar a cualquier instalaci\u00f3n aunque se encuentre en un sitio de dif\u00edcil acceso. Adem\u00e1s poseemos equipos port\u00e1tiles que se pueden transportar manualmente a cualquier lugar.","og_url":"https:\/\/www.villafloresmartin.com\/es\/servicios\/localizacion-ensayos-diagnosis-lineas-subterraneas-electricas\/localizacion-averias-lineas-subterraneas-at-mt-bt\/","og_site_name":"Villa Flores Mart\u00edn","article_modified_time":"2019-04-04T08:48:33+00:00","og_image":[{"url":"https:\/\/www.villafloresmartin.com\/es\/wp-content\/uploads\/2018\/04\/20170921_084517_1300x575.jpg","type":"","width":"","height":""}],"twitter_misc":{"Tiempo de lectura":"2 minutos"},"schema":{"@context":"https:\/\/schema.org","@graph":[{"@type":"WebPage","@id":"https:\/\/www.villafloresmartin.com\/es\/servicios\/localizacion-ensayos-diagnosis-lineas-subterraneas-electricas\/localizacion-averias-lineas-subterraneas-at-mt-bt\/","url":"https:\/\/www.villafloresmartin.com\/es\/servicios\/localizacion-ensayos-diagnosis-lineas-subterraneas-electricas\/localizacion-averias-lineas-subterraneas-at-mt-bt\/","name":"Diagnosis del Cable - Diagnosis Conductor - Prelocalizaci\u00f3n aver\u00eda cable subterr\u00e1neo","isPartOf":{"@id":"https:\/\/www.villafloresmartin.com\/es\/#website"},"primaryImageOfPage":{"@id":"https:\/\/www.villafloresmartin.com\/es\/servicios\/localizacion-ensayos-diagnosis-lineas-subterraneas-electricas\/localizacion-averias-lineas-subterraneas-at-mt-bt\/#primaryimage"},"image":{"@id":"https:\/\/www.villafloresmartin.com\/es\/servicios\/localizacion-ensayos-diagnosis-lineas-subterraneas-electricas\/localizacion-averias-lineas-subterraneas-at-mt-bt\/#primaryimage"},"thumbnailUrl":"https:\/\/www.villafloresmartin.com\/es\/wp-content\/uploads\/2018\/04\/20170921_084517_1300x575.jpg","datePublished":"2017-05-24T09:32:45+00:00","dateModified":"2019-04-04T08:48:33+00:00","description":"En VFM tenemos equipos que est\u00e1n dotados con bobinas de cables de hasta 50 metros, con el fin de poder llegar a cualquier instalaci\u00f3n aunque se encuentre en un sitio de dif\u00edcil acceso. Adem\u00e1s poseemos equipos port\u00e1tiles que se pueden transportar manualmente a cualquier lugar.","breadcrumb":{"@id":"https:\/\/www.villafloresmartin.com\/es\/servicios\/localizacion-ensayos-diagnosis-lineas-subterraneas-electricas\/localizacion-averias-lineas-subterraneas-at-mt-bt\/#breadcrumb"},"inLanguage":"es","potentialAction":[{"@type":"ReadAction","target":["https:\/\/www.villafloresmartin.com\/es\/servicios\/localizacion-ensayos-diagnosis-lineas-subterraneas-electricas\/localizacion-averias-lineas-subterraneas-at-mt-bt\/"]}]},{"@type":"ImageObject","inLanguage":"es","@id":"https:\/\/www.villafloresmartin.com\/es\/servicios\/localizacion-ensayos-diagnosis-lineas-subterraneas-electricas\/localizacion-averias-lineas-subterraneas-at-mt-bt\/#primaryimage","url":"https:\/\/www.villafloresmartin.com\/es\/wp-content\/uploads\/2018\/04\/20170921_084517_1300x575.jpg","contentUrl":"https:\/\/www.villafloresmartin.com\/es\/wp-content\/uploads\/2018\/04\/20170921_084517_1300x575.jpg","width":1274,"height":575},{"@type":"BreadcrumbList","@id":"https:\/\/www.villafloresmartin.com\/es\/servicios\/localizacion-ensayos-diagnosis-lineas-subterraneas-electricas\/localizacion-averias-lineas-subterraneas-at-mt-bt\/#breadcrumb","itemListElement":[{"@type":"ListItem","position":1,"name":"Portada","item":"https:\/\/www.villafloresmartin.com\/es\/"},{"@type":"ListItem","position":2,"name":"Servicios","item":"https:\/\/www.villafloresmartin.com\/es\/servicios\/"},{"@type":"ListItem","position":3,"name":"Localizaci\u00f3n, ensayos y diagnosis de l\u00edneas subterr\u00e1neas el\u00e9ctricas","item":"https:\/\/www.villafloresmartin.com\/es\/servicios\/localizacion-ensayos-diagnosis-lineas-subterraneas-electricas\/"},{"@type":"ListItem","position":4,"name":"Localizaci\u00f3n de aver\u00edas en l\u00edneas subterr\u00e1neas de AT, MT y BT"}]},{"@type":"WebSite","@id":"https:\/\/www.villafloresmartin.com\/es\/#website","url":"https:\/\/www.villafloresmartin.com\/es\/","name":"Villa Flores Mart\u00edn","description":"","potentialAction":[{"@type":"SearchAction","target":{"@type":"EntryPoint","urlTemplate":"https:\/\/www.villafloresmartin.com\/es\/?s={search_term_string}"},"query-input":{"@type":"PropertyValueSpecification","valueRequired":true,"valueName":"search_term_string"}}],"inLanguage":"es"}]}},"_links":{"self":[{"href":"https:\/\/www.villafloresmartin.com\/es\/wp-json\/wp\/v2\/pages\/269","targetHints":{"allow":["GET"]}}],"collection":[{"href":"https:\/\/www.villafloresmartin.com\/es\/wp-json\/wp\/v2\/pages"}],"about":[{"href":"https:\/\/www.villafloresmartin.com\/es\/wp-json\/wp\/v2\/types\/page"}],"author":[{"embeddable":true,"href":"https:\/\/www.villafloresmartin.com\/es\/wp-json\/wp\/v2\/users\/2"}],"replies":[{"embeddable":true,"href":"https:\/\/www.villafloresmartin.com\/es\/wp-json\/wp\/v2\/comments?post=269"}],"version-history":[{"count":0,"href":"https:\/\/www.villafloresmartin.com\/es\/wp-json\/wp\/v2\/pages\/269\/revisions"}],"up":[{"embeddable":true,"href":"https:\/\/www.villafloresmartin.com\/es\/wp-json\/wp\/v2\/pages\/52"}],"wp:attachment":[{"href":"https:\/\/www.villafloresmartin.com\/es\/wp-json\/wp\/v2\/media?parent=269"}],"curies":[{"name":"wp","href":"https:\/\/api.w.org\/{rel}","templated":true}]}}