{"id":267,"date":"2017-05-24T11:31:39","date_gmt":"2017-05-24T09:31:39","guid":{"rendered":"https:\/\/www.villafloresmartin.com\/es\/?page_id=267"},"modified":"2019-04-04T10:51:54","modified_gmt":"2019-04-04T08:51:54","slug":"ensayos-diagnosis-aislamiento-lineas-at-mt-bt","status":"publish","type":"page","link":"https:\/\/www.villafloresmartin.com\/es\/servicios\/localizacion-ensayos-diagnosis-lineas-subterraneas-electricas\/ensayos-diagnosis-aislamiento-lineas-at-mt-bt\/","title":{"rendered":"Ensayos y diagnosis de aislamiento en l\u00edneas de AT, MT y BT"},"content":{"rendered":"<p class=\"no-margin\"><div id=\"metaslider-id-853\" style=\"width: 100%;\" class=\"ml-slider-3-105-0 metaslider metaslider-flex metaslider-853 ml-slider ms-theme-default nav-hidden\" role=\"region\" aria-label=\"ensayos diagnosis\" data-height=\"575\" data-width=\"1600\">\n    <div id=\"metaslider_container_853\">\n        <div id=\"metaslider_853\">\n            <ul class='slides'>\n                <li style=\"display: block; width: 100%;\" class=\"slide-856 ms-image \" aria-roledescription=\"slide\" data-date=\"2017-06-08 17:44:26\" data-filename=\"localizacion-ensayos-cabecera.jpg\" data-slide-type=\"image\"><img  title=\"Ensayos y diagnosis de aislamiento en l\u00edneas de AT, MT y BT - Villa Flores Mart\u00edn\" loading=\"lazy\" decoding=\"async\" src=\"https:\/\/www.villafloresmartin.com\/es\/wp-content\/uploads\/2017\/05\/localizacion-ensayos-cabecera.jpg\" height=\"575\" width=\"1600\"  alt=\"Ensayos y diagnosis de aislamiento en l\u00edneas de AT, MT y BT - Villa Flores Mart\u00edn\"  class=\"slider-853 slide-856 msDefaultImage\" \/><\/li>\n                <li style=\"display: none; width: 100%;\" class=\"slide-855 ms-image \" aria-roledescription=\"slide\" data-date=\"2017-06-08 17:43:43\" data-filename=\"localizacion-ensayos-cabecera-b.jpg\" data-slide-type=\"image\"><img  title=\"Ensayos y diagnosis de aislamiento en l\u00edneas de AT, MT y BT - Villa Flores Mart\u00edn\" loading=\"lazy\" decoding=\"async\" src=\"https:\/\/www.villafloresmartin.com\/es\/wp-content\/uploads\/2017\/06\/localizacion-ensayos-cabecera-b.jpg\" height=\"575\" width=\"1600\"  alt=\"Ensayos y diagnosis de aislamiento en l\u00edneas de AT, MT y BT - Villa Flores Mart\u00edn\"  class=\"slider-853 slide-855 msDefaultImage\" \/><\/li>\n            <\/ul>\n        <\/div>\n        \n    <\/div>\n<\/div>\n<h1 class=\"text-center mt-4 mb-4\">Ensayos y diagnosis de aislamiento en l\u00edneas de AT, MT y BT<\/h1>\n<div class=\"adorno-naranja\"><\/div>\n<div class=\"container mt-4 mb-4\">\n<div class=\"row\">\n<div class=\"col-md-12 dos-columnas\">\n<p class=\"texto\">La necesidad de mantener un servicio de energ\u00eda continuo y confiable, con un m\u00ednimo de interrupciones y que garantice la calidad de la asistencia a los clientes, requiere de la implementaci\u00f3n de tecnolog\u00edas que contribuyan al ensayo y al diagn\u00f3stico del aislamiento de cables subterr\u00e1neos de Baja, Media y Alta Tensi\u00f3n.<\/p>\n<p class=\"texto\">En Villa Flores Mart\u00edn (VFM) somos conscientes de este hecho, de ah\u00ed que contemos con los equipos necesarios para el cumplimiento de la norma UNE 211006:2010 \u201cEnsayos previos a la puesta en servicio de sistemas de cables el\u00e9ctricos de Alta Tensi\u00f3n\u201d , la cual define las pruebas y los ensayos a realizar con los cables nuevos una vez terminada su fase de instalaci\u00f3n.<\/p>\n<p class=\"texto\">Con la meta de cumplir la norma descrita anteriormente, VFM emplea el ensayo de tensi\u00f3n soportada a onda oscilante y el m\u00e9todo de descargas parciales. Ambos m\u00e9todos nos permiten dar a nuestros clientes un servicio de mayor confianza y calidad que sin duda alguna agradecen.<\/p>\n<\/div>\n<\/div>\n<\/div>\n<div class=\"row mt-4 mb-4\">\n<div class=\"col-md-6 fondo-gris padding-3\">\n<h3>\u00daltima tecnolog\u00eda en diagnosis de l\u00edneas subterr\u00e1neas el\u00e9ctricas<\/h3>\n<p class=\"texto\">Para atender este tipo de necesidades en nuestra compa\u00f1\u00eda contamos con dos laboratorios m\u00f3viles completamente equipados con la \u00faltima tecnolog\u00eda de aplicaci\u00f3n en diagnosis de l\u00edneas subterr\u00e1neas el\u00e9ctricas. En su interior se dispone de equipos trif\u00e1sicos con un rango de tensi\u00f3n de hasta 80 KV, los cuales se encuentran instalados sobre el furg\u00f3n para dar la mayor rapidez de respuesta a todos los clientes.<\/p>\n<\/div>\n<div class=\"col-md-6 fondo-naranja padding-3\">\n<p class=\"texto\">Adem\u00e1s Villa Flores Mart\u00edn cuenta con t\u00e9cnicos cualificados y debidamente formados para el uso de estos equipos, los cuales destacan por su gran experiencia en este tipo de pruebas. Sin ellos nada de esto ser\u00eda posible.<\/p>\n<p class=\"texto\">Si deseas asesoramiento sobre el diagnosis de l\u00edneas subterr\u00e1neas el\u00e9ctricas, o cualquier otro servicio de los que ofrecemos en nuestra compa\u00f1\u00eda, no tienes m\u00e1s que contactar con nosotros. Nuestro personal estar\u00e1 encantado de atenderte.<\/p>\n<\/div>\n<\/div>\n<div class=\"divider-gris mt-5 mb-4\"><\/div>\n<h2 class=\"text-center\">Contacta con nosotros<\/h2>\n<div class=\"adorno-naranja\"><\/div>\n<div class=\"container mt-4 mb-4\">\n<div class=\"wpcf7 no-js\" id=\"wpcf7-f297-o1\" lang=\"es-ES\" dir=\"ltr\" data-wpcf7-id=\"297\">\n<div class=\"screen-reader-response\"><p role=\"status\" aria-live=\"polite\" aria-atomic=\"true\"><\/p> <ul><\/ul><\/div>\n<form action=\"\/es\/wp-json\/wp\/v2\/pages\/267#wpcf7-f297-o1\" method=\"post\" class=\"wpcf7-form init\" aria-label=\"Formulario de contacto\" novalidate=\"novalidate\" data-status=\"init\">\n<fieldset class=\"hidden-fields-container\"><input type=\"hidden\" name=\"_wpcf7\" value=\"297\" \/><input type=\"hidden\" name=\"_wpcf7_version\" value=\"6.1.4\" \/><input type=\"hidden\" name=\"_wpcf7_locale\" value=\"es_ES\" \/><input type=\"hidden\" name=\"_wpcf7_unit_tag\" value=\"wpcf7-f297-o1\" \/><input type=\"hidden\" name=\"_wpcf7_container_post\" value=\"0\" \/><input type=\"hidden\" name=\"_wpcf7_posted_data_hash\" value=\"\" \/><input type=\"hidden\" name=\"_wpcf7_recaptcha_response\" value=\"\" \/>\n<\/fieldset>\n<div class=\"row\">\n\t<div class=\"col-md-6\">\n\t\t<p><label> <span class=\"wpcf7-form-control-wrap\" data-name=\"your-name\"><input size=\"40\" maxlength=\"400\" class=\"wpcf7-form-control wpcf7-text wpcf7-validates-as-required form-int\" aria-required=\"true\" aria-invalid=\"false\" placeholder=\"Nombre (*)\" value=\"\" type=\"text\" name=\"your-name\" \/><\/span> <\/label>\n\t\t<\/p>\n\t<\/div>\n\t<div class=\"col-md-6\">\n\t\t<p><label> <span class=\"wpcf7-form-control-wrap\" data-name=\"your-email\"><input size=\"40\" maxlength=\"400\" class=\"wpcf7-form-control wpcf7-email wpcf7-validates-as-required wpcf7-text wpcf7-validates-as-email form-int\" aria-required=\"true\" aria-invalid=\"false\" placeholder=\"Email (*)\" value=\"\" type=\"email\" name=\"your-email\" \/><\/span> <\/label>\n\t\t<\/p>\n\t<\/div>\n<\/div>\n<div class=\"row mt-3\">\n\t<div class=\"col-md-6\">\n\t\t<p><label> <span class=\"wpcf7-form-control-wrap\" data-name=\"tel-308\"><input size=\"40\" maxlength=\"400\" class=\"wpcf7-form-control wpcf7-tel wpcf7-text wpcf7-validates-as-tel form-int\" aria-invalid=\"false\" placeholder=\"Tel\u00e9fono\" value=\"\" type=\"tel\" name=\"tel-308\" \/><\/span> <\/label>\n\t\t<\/p>\n\t<\/div>\n\t<div class=\"col-md-6\">\n\t\t<p><label> <span class=\"wpcf7-form-control-wrap\" data-name=\"tipo-servicio\"><select class=\"wpcf7-form-control wpcf7-select form-int\" aria-invalid=\"false\" name=\"tipo-servicio\"><option value=\"Tipo de servicio\">Tipo de servicio<\/option><option value=\"Ensayos y diagnosis de aislamiento en l\u00edneas de AT, MT y BT\">Ensayos y diagnosis de aislamiento en l\u00edneas de AT, MT y BT<\/option><option value=\"Localizaci\u00f3n de aver\u00edas en l\u00edneas subterr\u00e1neas de AT, MT y BT\">Localizaci\u00f3n de aver\u00edas en l\u00edneas subterr\u00e1neas de AT, MT y BT<\/option><\/select><\/span> <\/label>\n\t\t<\/p>\n\t<\/div>\n<\/div>\n<div class=\"row mt-3\">\n\t<div class=\"col-md-12\">\n\t\t<p><label> <span class=\"wpcf7-form-control-wrap\" data-name=\"your-message\"><textarea cols=\"40\" rows=\"3\" maxlength=\"2000\" class=\"wpcf7-form-control wpcf7-textarea form-int\" aria-invalid=\"false\" placeholder=\"Mensaje\" name=\"your-message\"><\/textarea><\/span> <\/label>\n\t\t<\/p>\n\t<\/div>\n<\/div>\n<div class=\"row mt-3\">\n\t<div class=\"col-md-12\">\n\t\t<p class=\"text-center\"><span class=\"wpcf7-form-control-wrap\" data-name=\"acceptance-788\"><span class=\"wpcf7-form-control wpcf7-acceptance\"><span class=\"wpcf7-list-item\"><input type=\"checkbox\" name=\"acceptance-788\" value=\"1\" aria-invalid=\"false\" \/><\/span><\/span><\/span> He le\u00eddo y acepto la <a target=\"_blank\" href=\"https:\/\/www.villafloresmartin.com\/es\/aviso-legal\/\">pol\u00edtica de privacidad<\/a>\n\t\t<\/p>\n\t<\/div>\n<\/div>\n<div class=\"row mt-3\">\n\t<div class=\"col-md-12\">\n\t\t<p><input class=\"wpcf7-form-control wpcf7-submit has-spinner btn-int\" type=\"submit\" value=\"Enviar\" \/>\n\t\t<\/p>\n\t<\/div>\n<\/div><p style=\"display: none !important;\" class=\"akismet-fields-container\" data-prefix=\"_wpcf7_ak_\"><label>&#916;<textarea name=\"_wpcf7_ak_hp_textarea\" cols=\"45\" rows=\"8\" maxlength=\"100\"><\/textarea><\/label><input type=\"hidden\" id=\"ak_js_1\" name=\"_wpcf7_ak_js\" value=\"222\"\/><script>document.getElementById( \"ak_js_1\" ).setAttribute( \"value\", ( new Date() ).getTime() );<\/script><\/p><div class=\"wpcf7-response-output\" aria-hidden=\"true\"><\/div>\n<\/form>\n<\/div>\n<\/div>\n<div class=\"row mt-5 mb-3\">\n<div class=\"col-md-3 mosaico-home borde-derecha\">\n<div class=\"fondo-ingenieria-proyectos mosaico-escala mosaico-escala-int\">\n<h3><a class=\"d-flex justify-content-center flex-column\" href=\"https:\/\/www.villafloresmartin.com\/es\/servicios\/ingenieria-y-proyectos\/\">Ingenier\u00eda y proyectos<\/a><\/h3>\n<\/div>\n<\/div>\n<div class=\"col-md-3 mosaico-home borde-derecha-izquierda\">\n<div class=\"fondo-redes-distribucion mosaico-escala mosaico-escala-int\">\n<h3><a class=\"d-flex justify-content-center flex-column\" href=\"https:\/\/www.villafloresmartin.com\/es\/servicios\/redes-distribucion-alta-media-baja-tension\/\">Redes de distribuci\u00f3n de alta, media y baja tensi\u00f3n<\/a><\/h3>\n<\/div>\n<\/div>\n<div class=\"col-md-3 mosaico-home borde-derecha-izquierda\">\n<div class=\"fondo-localizacion-ensayos mosaico-escala mosaico-escala-int\">\n<h3><a class=\"d-flex justify-content-center flex-column\" href=\"https:\/\/www.villafloresmartin.com\/es\/servicios\/localizacion-ensayos-diagnosis-lineas-subterraneas-electricas\/\">Localizaci\u00f3n, ensayos y diagnosis de l\u00edneas subterr\u00e1neas el\u00e9ctricas<\/a><\/h3>\n<\/div>\n<\/div>\n<div class=\"col-md-3 mosaico-home borde-izquierda\">\n<div class=\"fondo-servicios-energia mosaico-escala mosaico-escala-int\">\n<h3><a class=\"d-flex justify-content-center flex-column\" href=\"https:\/\/www.villafloresmartin.com\/es\/servicios\/servicios-energia-electrica\/\">Servicios de energ\u00eda el\u00e9ctrica<\/a><\/h3>\n<\/div>\n<\/div>\n<\/div>\n<div class=\"row mb-4\">\n<div class=\"col-md-3 mosaico-home borde-derecha\">\n<div class=\"fondo-obra-civil mosaico-escala mosaico-escala-int\">\n<h3><a class=\"d-flex justify-content-center flex-column\" href=\"https:\/\/www.villafloresmartin.com\/es\/servicios\/obra-civil\/\">Obra civil<\/a><\/h3>\n<\/div>\n<\/div>\n<div class=\"col-md-3 mosaico-home borde-derecha-izquierda\">\n<div class=\"fondo-mantenimiento-instalaciones mosaico-escala mosaico-escala-int\">\n<h3><a class=\"d-flex justify-content-center flex-column\" href=\"https:\/\/www.villafloresmartin.com\/es\/servicios\/mantenimiento-instalaciones-electricas\/\">Mantenimiento de instalaciones el\u00e9ctricas<\/a><\/h3>\n<\/div>\n<\/div>\n<div class=\"col-md-3 mosaico-home borde-derecha-izquierda\">\n<div class=\"fondo-alumbrado-publico mosaico-escala mosaico-escala-int\">\n<h3><a class=\"d-flex justify-content-center flex-column\" href=\"https:\/\/www.villafloresmartin.com\/es\/servicios\/alumbrado-vial-urbano\/\">Alumbrado vial y urbano<\/a><\/h3>\n<\/div>\n<\/div>\n<div class=\"col-md-3 mosaico-home borde-izquierda\">\n<div class=\"fondo-energias-renovables mosaico-escala mosaico-escala-int\">\n<h3><a class=\"d-flex justify-content-center flex-column\" href=\"https:\/\/www.villafloresmartin.com\/es\/servicios\/energias-renovables\/\">Energ\u00edas renovables<\/a><\/h3>\n<\/div>\n<\/div>\n<\/div>\n","protected":false},"excerpt":{"rendered":"<p>Ensayos y diagnosis de aislamiento en l\u00edneas de AT, MT y BT La necesidad de mantener un servicio de energ\u00eda continuo y confiable, con un m\u00ednimo de interrupciones y que garantice la calidad de la asistencia a los clientes, requiere de la implementaci\u00f3n de tecnolog\u00edas que contribuyan al ensayo y al diagn\u00f3stico del aislamiento de [&#8230;]<\/p>\n<p><a class=\"btn btn-secondary understrap-read-more-link\" href=\"https:\/\/www.villafloresmartin.com\/es\/servicios\/localizacion-ensayos-diagnosis-lineas-subterraneas-electricas\/ensayos-diagnosis-aislamiento-lineas-at-mt-bt\/\">Leer m\u00e1s&#8230;<\/a><\/p>\n","protected":false},"author":2,"featured_media":0,"parent":52,"menu_order":0,"comment_status":"closed","ping_status":"closed","template":"page-templates\/empty.php","meta":{"footnotes":""},"class_list":["post-267","page","type-page","status-publish","hentry"],"yoast_head":"<!-- This site is optimized with the Yoast SEO plugin v26.9 - https:\/\/yoast.com\/product\/yoast-seo-wordpress\/ -->\n<title>Ensayos de Aislamiento en L\u00edneas de Media Tensi\u00f3n - Diagnosis de Aislamiento en L\u00edneas de Baja Tensi\u00f3n<\/title>\n<meta name=\"description\" content=\"En Villa Flores Mart\u00edn (VFM) contamos con los equipos necesarios para el cumplimiento de la norma \u201cEnsayos previos a la puesta en servicio de sistemas de cables el\u00e9ctricos de Alta Tensi\u00f3n\u201d , la cual define las pruebas y los ensayos a realizar con los cables nuevos una vez terminada su fase de instalaci\u00f3n.\" \/>\n<meta name=\"robots\" content=\"index, follow, max-snippet:-1, max-image-preview:large, max-video-preview:-1\" \/>\n<link rel=\"canonical\" href=\"https:\/\/www.villafloresmartin.com\/es\/servicios\/localizacion-ensayos-diagnosis-lineas-subterraneas-electricas\/ensayos-diagnosis-aislamiento-lineas-at-mt-bt\/\" \/>\n<meta property=\"og:locale\" content=\"es_ES\" \/>\n<meta property=\"og:type\" content=\"article\" \/>\n<meta property=\"og:title\" content=\"Ensayos de Aislamiento en L\u00edneas de Media Tensi\u00f3n - Diagnosis de Aislamiento en L\u00edneas de Baja Tensi\u00f3n\" \/>\n<meta property=\"og:description\" content=\"En Villa Flores Mart\u00edn (VFM) contamos con los equipos necesarios para el cumplimiento de la norma \u201cEnsayos previos a la puesta en servicio de sistemas de cables el\u00e9ctricos de Alta Tensi\u00f3n\u201d , la cual define las pruebas y los ensayos a realizar con los cables nuevos una vez terminada su fase de instalaci\u00f3n.\" \/>\n<meta property=\"og:url\" content=\"https:\/\/www.villafloresmartin.com\/es\/servicios\/localizacion-ensayos-diagnosis-lineas-subterraneas-electricas\/ensayos-diagnosis-aislamiento-lineas-at-mt-bt\/\" \/>\n<meta property=\"og:site_name\" content=\"Villa Flores Mart\u00edn\" \/>\n<meta property=\"article:modified_time\" content=\"2019-04-04T08:51:54+00:00\" \/>\n<meta name=\"twitter:label1\" content=\"Tiempo de lectura\" \/>\n\t<meta name=\"twitter:data1\" content=\"2 minutos\" \/>\n<script type=\"application\/ld+json\" class=\"yoast-schema-graph\">{\"@context\":\"https:\/\/schema.org\",\"@graph\":[{\"@type\":\"WebPage\",\"@id\":\"https:\/\/www.villafloresmartin.com\/es\/servicios\/localizacion-ensayos-diagnosis-lineas-subterraneas-electricas\/ensayos-diagnosis-aislamiento-lineas-at-mt-bt\/\",\"url\":\"https:\/\/www.villafloresmartin.com\/es\/servicios\/localizacion-ensayos-diagnosis-lineas-subterraneas-electricas\/ensayos-diagnosis-aislamiento-lineas-at-mt-bt\/\",\"name\":\"Ensayos de Aislamiento en L\u00edneas de Media Tensi\u00f3n - Diagnosis de Aislamiento en L\u00edneas de Baja Tensi\u00f3n\",\"isPartOf\":{\"@id\":\"https:\/\/www.villafloresmartin.com\/es\/#website\"},\"datePublished\":\"2017-05-24T09:31:39+00:00\",\"dateModified\":\"2019-04-04T08:51:54+00:00\",\"description\":\"En Villa Flores Mart\u00edn (VFM) contamos con los equipos necesarios para el cumplimiento de la norma \u201cEnsayos previos a la puesta en servicio de sistemas de cables el\u00e9ctricos de Alta Tensi\u00f3n\u201d , la cual define las pruebas y los ensayos a realizar con los cables nuevos una vez terminada su fase de instalaci\u00f3n.\",\"breadcrumb\":{\"@id\":\"https:\/\/www.villafloresmartin.com\/es\/servicios\/localizacion-ensayos-diagnosis-lineas-subterraneas-electricas\/ensayos-diagnosis-aislamiento-lineas-at-mt-bt\/#breadcrumb\"},\"inLanguage\":\"es\",\"potentialAction\":[{\"@type\":\"ReadAction\",\"target\":[\"https:\/\/www.villafloresmartin.com\/es\/servicios\/localizacion-ensayos-diagnosis-lineas-subterraneas-electricas\/ensayos-diagnosis-aislamiento-lineas-at-mt-bt\/\"]}]},{\"@type\":\"BreadcrumbList\",\"@id\":\"https:\/\/www.villafloresmartin.com\/es\/servicios\/localizacion-ensayos-diagnosis-lineas-subterraneas-electricas\/ensayos-diagnosis-aislamiento-lineas-at-mt-bt\/#breadcrumb\",\"itemListElement\":[{\"@type\":\"ListItem\",\"position\":1,\"name\":\"Portada\",\"item\":\"https:\/\/www.villafloresmartin.com\/es\/\"},{\"@type\":\"ListItem\",\"position\":2,\"name\":\"Servicios\",\"item\":\"https:\/\/www.villafloresmartin.com\/es\/servicios\/\"},{\"@type\":\"ListItem\",\"position\":3,\"name\":\"Localizaci\u00f3n, ensayos y diagnosis de l\u00edneas subterr\u00e1neas el\u00e9ctricas\",\"item\":\"https:\/\/www.villafloresmartin.com\/es\/servicios\/localizacion-ensayos-diagnosis-lineas-subterraneas-electricas\/\"},{\"@type\":\"ListItem\",\"position\":4,\"name\":\"Ensayos y diagnosis de aislamiento en l\u00edneas de AT, MT y BT\"}]},{\"@type\":\"WebSite\",\"@id\":\"https:\/\/www.villafloresmartin.com\/es\/#website\",\"url\":\"https:\/\/www.villafloresmartin.com\/es\/\",\"name\":\"Villa Flores Mart\u00edn\",\"description\":\"\",\"potentialAction\":[{\"@type\":\"SearchAction\",\"target\":{\"@type\":\"EntryPoint\",\"urlTemplate\":\"https:\/\/www.villafloresmartin.com\/es\/?s={search_term_string}\"},\"query-input\":{\"@type\":\"PropertyValueSpecification\",\"valueRequired\":true,\"valueName\":\"search_term_string\"}}],\"inLanguage\":\"es\"}]}<\/script>\n<!-- \/ Yoast SEO plugin. -->","yoast_head_json":{"title":"Ensayos de Aislamiento en L\u00edneas de Media Tensi\u00f3n - Diagnosis de Aislamiento en L\u00edneas de Baja Tensi\u00f3n","description":"En Villa Flores Mart\u00edn (VFM) contamos con los equipos necesarios para el cumplimiento de la norma \u201cEnsayos previos a la puesta en servicio de sistemas de cables el\u00e9ctricos de Alta Tensi\u00f3n\u201d , la cual define las pruebas y los ensayos a realizar con los cables nuevos una vez terminada su fase de instalaci\u00f3n.","robots":{"index":"index","follow":"follow","max-snippet":"max-snippet:-1","max-image-preview":"max-image-preview:large","max-video-preview":"max-video-preview:-1"},"canonical":"https:\/\/www.villafloresmartin.com\/es\/servicios\/localizacion-ensayos-diagnosis-lineas-subterraneas-electricas\/ensayos-diagnosis-aislamiento-lineas-at-mt-bt\/","og_locale":"es_ES","og_type":"article","og_title":"Ensayos de Aislamiento en L\u00edneas de Media Tensi\u00f3n - Diagnosis de Aislamiento en L\u00edneas de Baja Tensi\u00f3n","og_description":"En Villa Flores Mart\u00edn (VFM) contamos con los equipos necesarios para el cumplimiento de la norma \u201cEnsayos previos a la puesta en servicio de sistemas de cables el\u00e9ctricos de Alta Tensi\u00f3n\u201d , la cual define las pruebas y los ensayos a realizar con los cables nuevos una vez terminada su fase de instalaci\u00f3n.","og_url":"https:\/\/www.villafloresmartin.com\/es\/servicios\/localizacion-ensayos-diagnosis-lineas-subterraneas-electricas\/ensayos-diagnosis-aislamiento-lineas-at-mt-bt\/","og_site_name":"Villa Flores Mart\u00edn","article_modified_time":"2019-04-04T08:51:54+00:00","twitter_misc":{"Tiempo de lectura":"2 minutos"},"schema":{"@context":"https:\/\/schema.org","@graph":[{"@type":"WebPage","@id":"https:\/\/www.villafloresmartin.com\/es\/servicios\/localizacion-ensayos-diagnosis-lineas-subterraneas-electricas\/ensayos-diagnosis-aislamiento-lineas-at-mt-bt\/","url":"https:\/\/www.villafloresmartin.com\/es\/servicios\/localizacion-ensayos-diagnosis-lineas-subterraneas-electricas\/ensayos-diagnosis-aislamiento-lineas-at-mt-bt\/","name":"Ensayos de Aislamiento en L\u00edneas de Media Tensi\u00f3n - Diagnosis de Aislamiento en L\u00edneas de Baja Tensi\u00f3n","isPartOf":{"@id":"https:\/\/www.villafloresmartin.com\/es\/#website"},"datePublished":"2017-05-24T09:31:39+00:00","dateModified":"2019-04-04T08:51:54+00:00","description":"En Villa Flores Mart\u00edn (VFM) contamos con los equipos necesarios para el cumplimiento de la norma \u201cEnsayos previos a la puesta en servicio de sistemas de cables el\u00e9ctricos de Alta Tensi\u00f3n\u201d , la cual define las pruebas y los ensayos a realizar con los cables nuevos una vez terminada su fase de instalaci\u00f3n.","breadcrumb":{"@id":"https:\/\/www.villafloresmartin.com\/es\/servicios\/localizacion-ensayos-diagnosis-lineas-subterraneas-electricas\/ensayos-diagnosis-aislamiento-lineas-at-mt-bt\/#breadcrumb"},"inLanguage":"es","potentialAction":[{"@type":"ReadAction","target":["https:\/\/www.villafloresmartin.com\/es\/servicios\/localizacion-ensayos-diagnosis-lineas-subterraneas-electricas\/ensayos-diagnosis-aislamiento-lineas-at-mt-bt\/"]}]},{"@type":"BreadcrumbList","@id":"https:\/\/www.villafloresmartin.com\/es\/servicios\/localizacion-ensayos-diagnosis-lineas-subterraneas-electricas\/ensayos-diagnosis-aislamiento-lineas-at-mt-bt\/#breadcrumb","itemListElement":[{"@type":"ListItem","position":1,"name":"Portada","item":"https:\/\/www.villafloresmartin.com\/es\/"},{"@type":"ListItem","position":2,"name":"Servicios","item":"https:\/\/www.villafloresmartin.com\/es\/servicios\/"},{"@type":"ListItem","position":3,"name":"Localizaci\u00f3n, ensayos y diagnosis de l\u00edneas subterr\u00e1neas el\u00e9ctricas","item":"https:\/\/www.villafloresmartin.com\/es\/servicios\/localizacion-ensayos-diagnosis-lineas-subterraneas-electricas\/"},{"@type":"ListItem","position":4,"name":"Ensayos y diagnosis de aislamiento en l\u00edneas de AT, MT y BT"}]},{"@type":"WebSite","@id":"https:\/\/www.villafloresmartin.com\/es\/#website","url":"https:\/\/www.villafloresmartin.com\/es\/","name":"Villa Flores Mart\u00edn","description":"","potentialAction":[{"@type":"SearchAction","target":{"@type":"EntryPoint","urlTemplate":"https:\/\/www.villafloresmartin.com\/es\/?s={search_term_string}"},"query-input":{"@type":"PropertyValueSpecification","valueRequired":true,"valueName":"search_term_string"}}],"inLanguage":"es"}]}},"_links":{"self":[{"href":"https:\/\/www.villafloresmartin.com\/es\/wp-json\/wp\/v2\/pages\/267","targetHints":{"allow":["GET"]}}],"collection":[{"href":"https:\/\/www.villafloresmartin.com\/es\/wp-json\/wp\/v2\/pages"}],"about":[{"href":"https:\/\/www.villafloresmartin.com\/es\/wp-json\/wp\/v2\/types\/page"}],"author":[{"embeddable":true,"href":"https:\/\/www.villafloresmartin.com\/es\/wp-json\/wp\/v2\/users\/2"}],"replies":[{"embeddable":true,"href":"https:\/\/www.villafloresmartin.com\/es\/wp-json\/wp\/v2\/comments?post=267"}],"version-history":[{"count":0,"href":"https:\/\/www.villafloresmartin.com\/es\/wp-json\/wp\/v2\/pages\/267\/revisions"}],"up":[{"embeddable":true,"href":"https:\/\/www.villafloresmartin.com\/es\/wp-json\/wp\/v2\/pages\/52"}],"wp:attachment":[{"href":"https:\/\/www.villafloresmartin.com\/es\/wp-json\/wp\/v2\/media?parent=267"}],"curies":[{"name":"wp","href":"https:\/\/api.w.org\/{rel}","templated":true}]}}