{"id":241,"date":"2017-05-24T10:02:51","date_gmt":"2017-05-24T08:02:51","guid":{"rendered":"https:\/\/www.villafloresmartin.com\/es\/?page_id=241"},"modified":"2019-04-04T10:44:57","modified_gmt":"2019-04-04T08:44:57","slug":"reparacion-averias-electricas","status":"publish","type":"page","link":"https:\/\/www.villafloresmartin.com\/es\/servicios\/redes-distribucion-alta-media-baja-tension\/reparacion-averias-electricas\/","title":{"rendered":"Reparaci\u00f3n de aver\u00edas el\u00e9ctricas"},"content":{"rendered":"<p class=\"no-margin\"><div id=\"metaslider-id-846\" style=\"width: 100%;\" class=\"ml-slider-3-105-0 metaslider metaslider-flex metaslider-846 ml-slider ms-theme-default nav-hidden\" role=\"region\" aria-label=\"averias\" data-height=\"575\" data-width=\"1600\">\n    <div id=\"metaslider_container_846\">\n        <div id=\"metaslider_846\">\n            <ul class='slides'>\n                <li style=\"display: block; width: 100%;\" class=\"slide-851 ms-image \" aria-roledescription=\"slide\" data-date=\"2017-06-08 17:34:16\" data-filename=\"redes-distribucion-cabecera-3-1-1597x574.jpg\" data-slide-type=\"image\"><img  title=\"Reparaci\u00f3n de aver\u00edas el\u00e9ctricas - Villa Flores Mart\u00edn\" loading=\"lazy\" decoding=\"async\" src=\"https:\/\/www.villafloresmartin.com\/es\/wp-content\/uploads\/2017\/05\/redes-distribucion-cabecera-3-1-1597x574.jpg\" height=\"575\" width=\"1600\"  alt=\"Reparaci\u00f3n de aver\u00edas el\u00e9ctricas - Villa Flores Mart\u00edn\"  class=\"slider-846 slide-851 msDefaultImage\" \/><\/li>\n                <li style=\"display: none; width: 100%;\" class=\"slide-849 ms-image \" aria-roledescription=\"slide\" data-date=\"2017-06-08 17:33:58\" data-filename=\"redes-distribucion-cabecera-3b.jpg\" data-slide-type=\"image\"><img  title=\"Reparaci\u00f3n de aver\u00edas el\u00e9ctricas - Villa Flores Mart\u00edn\" loading=\"lazy\" decoding=\"async\" src=\"https:\/\/www.villafloresmartin.com\/es\/wp-content\/uploads\/2017\/06\/redes-distribucion-cabecera-3b.jpg\" height=\"575\" width=\"1600\"  alt=\"Reparaci\u00f3n de aver\u00edas el\u00e9ctricas - Villa Flores Mart\u00edn\"  class=\"slider-846 slide-849 msDefaultImage\" \/><\/li>\n                <li style=\"display: none; width: 100%;\" class=\"slide-850 ms-image \" aria-roledescription=\"slide\" data-date=\"2017-06-08 17:33:58\" data-filename=\"PAG12_DOSSIER_1600X575.jpg\" data-slide-type=\"image\"><img  title=\"Reparaci\u00f3n de aver\u00edas el\u00e9ctricas - Villa Flores Mart\u00edn\" loading=\"lazy\" decoding=\"async\" src=\"https:\/\/www.villafloresmartin.com\/es\/wp-content\/uploads\/2018\/04\/PAG12_DOSSIER_1600X575.jpg\" height=\"575\" width=\"1600\"  alt=\"Reparaci\u00f3n de aver\u00edas el\u00e9ctricas - Villa Flores Mart\u00edn\"  class=\"slider-846 slide-850 msDefaultImage\" \/><\/li>\n            <\/ul>\n        <\/div>\n        \n    <\/div>\n<\/div>\n<h1 class=\"text-center mt-4 mb-4\">Reparaci\u00f3n de aver\u00edas el\u00e9ctricas<\/h1>\n<div class=\"adorno-naranja\"><\/div>\n<div class=\"container mt-4 mb-4\">\n<div class=\"row\">\n<div class=\"col-md-12 dos-columnas\">\n<p class=\"texto\">Los imprevistos y las aver\u00edas el\u00e9ctricas surgen casi a diario. Hay veces que nos percatamos de ello en el seno de nuestros hogares y otras que, sin embargo, no son percibidas por el consumidor final.<\/p>\n<p class=\"texto\">Al igual que ocurre en cualquier otro sector, las incidencias el\u00e9ctricas pueden ser de diferente grado, llegando incluso a desencadenar una interrupci\u00f3n total de suministro. Cuando ocurre un caso de este tipo, en funci\u00f3n del tiempo de corte, se pueden ocasionar grandes p\u00e9rdidas econ\u00f3micas a las empresas y a las personas particulares.<\/p>\n<p class=\"texto\">Precisamente para evitar este tipo de situaciones trabajamos en Villa Flores Mart\u00edn (VFM). El mejor ejemplo de ello se encuentra en nuestro servicio de atenci\u00f3n de aver\u00edas el\u00e9ctricas. Atendemos cualquier problema las 24 horas del d\u00eda durante los 365 d\u00edas del a\u00f1o.<\/p>\n<p class=\"texto\">Este servicio atiende de forma r\u00e1pida y eficiente la resoluci\u00f3n de cualquier consulta de aver\u00edas el\u00e9ctricas con el objetivo de que el tiempo de la interrupci\u00f3n del suministro sea el m\u00ednimo posible. Nos esforzamos para que el cliente recupere la normalidad lo antes posible.<\/p>\n<\/div>\n<\/div>\n<\/div>\n<div class=\"row mt-4 mb-4\">\n<div class=\"col-md-6 fondo-gris padding-3\">\n<h3>\u00bfD\u00f3nde se producen las principales aver\u00edas el\u00e9ctricas?<\/h3>\n<p class=\"texo\">No importa d\u00f3nde tenga lugar la aver\u00eda el\u00e9ctrica, en VFM siempre buscamos la mejor soluci\u00f3n porque estamos especializados en las reparaciones de:<\/p>\n<ul>\n<li>L\u00edneas a\u00e9reas de Alta, Media y Baja Tensi\u00f3n.<\/li>\n<li><a href=\"https:\/\/www.villafloresmartin.com\/es\/servicios\/localizacion-ensayos-diagnosis-lineas-subterraneas-electricas\/localizacion-averias-lineas-subterraneas-at-mt-bt\/\">L\u00edneas subterr\u00e1neas de Alta, Media y Baja Tensi\u00f3n.<\/a><\/li>\n<li>Centros de transformaci\u00f3n de energ\u00eda interiores o intemperie.<\/li>\n<li>Sustituci\u00f3n de transformadores.<\/li>\n<\/ul>\n<\/div>\n<div class=\"col-md-6 fondo-naranja padding-3\">\n<p class=\"texto\">No queremos dejar pasar la oportunidad de recordar que en aquellas aver\u00edas donde tengan que intervenir las compa\u00f1\u00edas suministradoras de electricidad, nos encargaremos de las gestiones pertinentes con la misma para el corte y la reposici\u00f3n del suministro. Por tanto, ofrecemos de esta forma un servicio integral y \u00f3ptimo para nuestros clientes.<\/p>\n<p class=\"texto\">Si tienes cualquier consulta en este sentido, no dudes en contactar con nuestro personal especializado. Estaremos encantados de atenderte.<\/p>\n<\/div>\n<\/div>\n<div class=\"divider-gris mt-5 mb-4\"><\/div>\n<h2 class=\"text-center\">Contacta con nosotros<\/h2>\n<div class=\"adorno-naranja\"><\/div>\n<div class=\"container mt-4 mb-4\">\n<div class=\"wpcf7 no-js\" id=\"wpcf7-f293-o1\" lang=\"es-ES\" dir=\"ltr\" data-wpcf7-id=\"293\">\n<div class=\"screen-reader-response\"><p role=\"status\" aria-live=\"polite\" aria-atomic=\"true\"><\/p> <ul><\/ul><\/div>\n<form action=\"\/es\/wp-json\/wp\/v2\/pages\/241#wpcf7-f293-o1\" method=\"post\" class=\"wpcf7-form init\" aria-label=\"Formulario de contacto\" novalidate=\"novalidate\" data-status=\"init\">\n<fieldset class=\"hidden-fields-container\"><input type=\"hidden\" name=\"_wpcf7\" value=\"293\" \/><input type=\"hidden\" name=\"_wpcf7_version\" value=\"6.1.4\" \/><input type=\"hidden\" name=\"_wpcf7_locale\" value=\"es_ES\" \/><input type=\"hidden\" name=\"_wpcf7_unit_tag\" value=\"wpcf7-f293-o1\" \/><input type=\"hidden\" name=\"_wpcf7_container_post\" value=\"0\" \/><input type=\"hidden\" name=\"_wpcf7_posted_data_hash\" value=\"\" \/><input type=\"hidden\" name=\"_wpcf7_recaptcha_response\" value=\"\" \/>\n<\/fieldset>\n<div class=\"row\">\n\t<div class=\"col-md-6\">\n\t\t<p><label> <span class=\"wpcf7-form-control-wrap\" data-name=\"your-name\"><input size=\"40\" maxlength=\"400\" class=\"wpcf7-form-control wpcf7-text wpcf7-validates-as-required form-int\" aria-required=\"true\" aria-invalid=\"false\" placeholder=\"Nombre (*)\" value=\"\" type=\"text\" name=\"your-name\" \/><\/span> <\/label>\n\t\t<\/p>\n\t<\/div>\n\t<div class=\"col-md-6\">\n\t\t<p><label> <span class=\"wpcf7-form-control-wrap\" data-name=\"your-email\"><input size=\"40\" maxlength=\"400\" class=\"wpcf7-form-control wpcf7-email wpcf7-validates-as-required wpcf7-text wpcf7-validates-as-email form-int\" aria-required=\"true\" aria-invalid=\"false\" placeholder=\"Email (*)\" value=\"\" type=\"email\" name=\"your-email\" \/><\/span> <\/label>\n\t\t<\/p>\n\t<\/div>\n<\/div>\n<div class=\"row mt-3\">\n\t<div class=\"col-md-6\">\n\t\t<p><label> <span class=\"wpcf7-form-control-wrap\" data-name=\"tel-308\"><input size=\"40\" maxlength=\"400\" class=\"wpcf7-form-control wpcf7-tel wpcf7-text wpcf7-validates-as-tel form-int\" aria-invalid=\"false\" placeholder=\"Tel\u00e9fono\" value=\"\" type=\"tel\" name=\"tel-308\" \/><\/span> <\/label>\n\t\t<\/p>\n\t<\/div>\n\t<div class=\"col-md-6\">\n\t\t<p><label> <span class=\"wpcf7-form-control-wrap\" data-name=\"tipo-servicio\"><select class=\"wpcf7-form-control wpcf7-select form-int\" aria-invalid=\"false\" name=\"tipo-servicio\"><option value=\"Tipo de servicio\">Tipo de servicio<\/option><option value=\"L\u00edneas a\u00e9reas y subterr\u00e1neas de alta, media y baja tensi\u00f3n\">L\u00edneas a\u00e9reas y subterr\u00e1neas de alta, media y baja tensi\u00f3n<\/option><option value=\"Centros de transformaci\u00f3n\">Centros de transformaci\u00f3n<\/option><option value=\"Reparaci\u00f3n de aver\u00edas el\u00e9ctricas\">Reparaci\u00f3n de aver\u00edas el\u00e9ctricas<\/option><\/select><\/span> <\/label>\n\t\t<\/p>\n\t<\/div>\n<\/div>\n<div class=\"row mt-3\">\n\t<div class=\"col-md-12\">\n\t\t<p><label> <span class=\"wpcf7-form-control-wrap\" data-name=\"your-message\"><textarea cols=\"40\" rows=\"3\" maxlength=\"2000\" class=\"wpcf7-form-control wpcf7-textarea form-int\" aria-invalid=\"false\" placeholder=\"Mensaje\" name=\"your-message\"><\/textarea><\/span> <\/label>\n\t\t<\/p>\n\t<\/div>\n<\/div>\n<div class=\"row mt-3\">\n\t<div class=\"col-md-12\">\n\t\t<p class=\"text-center\"><span class=\"wpcf7-form-control-wrap\" data-name=\"acceptance-788\"><span class=\"wpcf7-form-control wpcf7-acceptance\"><span class=\"wpcf7-list-item\"><input type=\"checkbox\" name=\"acceptance-788\" value=\"1\" aria-invalid=\"false\" \/><\/span><\/span><\/span> He le\u00eddo y acepto la <a target=\"_blank\" href=\"https:\/\/www.villafloresmartin.com\/es\/aviso-legal\/\">pol\u00edtica de privacidad<\/a>\n\t\t<\/p>\n\t<\/div>\n<\/div>\n<div class=\"row mt-3\">\n\t<div class=\"col-md-12\">\n\t\t<p><input class=\"wpcf7-form-control wpcf7-submit has-spinner btn-int\" type=\"submit\" value=\"Enviar\" \/>\n\t\t<\/p>\n\t<\/div>\n<\/div><p style=\"display: none !important;\" class=\"akismet-fields-container\" data-prefix=\"_wpcf7_ak_\"><label>&#916;<textarea name=\"_wpcf7_ak_hp_textarea\" cols=\"45\" rows=\"8\" maxlength=\"100\"><\/textarea><\/label><input type=\"hidden\" id=\"ak_js_1\" name=\"_wpcf7_ak_js\" value=\"56\"\/><script>document.getElementById( \"ak_js_1\" ).setAttribute( \"value\", ( new Date() ).getTime() );<\/script><\/p><div class=\"wpcf7-response-output\" aria-hidden=\"true\"><\/div>\n<\/form>\n<\/div>\n<\/div>\n<div class=\"row mt-5 mb-3\">\n<div class=\"col-md-3 mosaico-home borde-derecha\">\n<div class=\"fondo-ingenieria-proyectos mosaico-escala mosaico-escala-int\">\n<h3><a class=\"d-flex justify-content-center flex-column\" href=\"https:\/\/www.villafloresmartin.com\/es\/servicios\/ingenieria-y-proyectos\/\">Ingenier\u00eda y proyectos<\/a><\/h3>\n<\/div>\n<\/div>\n<div class=\"col-md-3 mosaico-home borde-derecha-izquierda\">\n<div class=\"fondo-redes-distribucion mosaico-escala mosaico-escala-int\">\n<h3><a class=\"d-flex justify-content-center flex-column\" href=\"https:\/\/www.villafloresmartin.com\/es\/servicios\/redes-distribucion-alta-media-baja-tension\/\">Redes de distribuci\u00f3n de alta, media y baja tensi\u00f3n<\/a><\/h3>\n<\/div>\n<\/div>\n<div class=\"col-md-3 mosaico-home borde-derecha-izquierda\">\n<div class=\"fondo-localizacion-ensayos mosaico-escala mosaico-escala-int\">\n<h3><a class=\"d-flex justify-content-center flex-column\" href=\"https:\/\/www.villafloresmartin.com\/es\/servicios\/localizacion-ensayos-diagnosis-lineas-subterraneas-electricas\/\">Localizaci\u00f3n, ensayos y diagnosis de l\u00edneas subterr\u00e1neas el\u00e9ctricas<\/a><\/h3>\n<\/div>\n<\/div>\n<div class=\"col-md-3 mosaico-home borde-izquierda\">\n<div class=\"fondo-servicios-energia mosaico-escala mosaico-escala-int\">\n<h3><a class=\"d-flex justify-content-center flex-column\" href=\"https:\/\/www.villafloresmartin.com\/es\/servicios\/servicios-energia-electrica\/\">Servicios de energ\u00eda el\u00e9ctrica<\/a><\/h3>\n<\/div>\n<\/div>\n<\/div>\n<div class=\"row mb-4\">\n<div class=\"col-md-3 mosaico-home borde-derecha\">\n<div class=\"fondo-obra-civil mosaico-escala mosaico-escala-int\">\n<h3><a class=\"d-flex justify-content-center flex-column\" href=\"https:\/\/www.villafloresmartin.com\/es\/servicios\/obra-civil\/\">Obra civil<\/a><\/h3>\n<\/div>\n<\/div>\n<div class=\"col-md-3 mosaico-home borde-derecha-izquierda\">\n<div class=\"fondo-mantenimiento-instalaciones mosaico-escala mosaico-escala-int\">\n<h3><a class=\"d-flex justify-content-center flex-column\" href=\"https:\/\/www.villafloresmartin.com\/es\/servicios\/mantenimiento-instalaciones-electricas\/\">Mantenimiento de instalaciones el\u00e9ctricas<\/a><\/h3>\n<\/div>\n<\/div>\n<div class=\"col-md-3 mosaico-home borde-derecha-izquierda\">\n<div class=\"fondo-alumbrado-publico mosaico-escala mosaico-escala-int\">\n<h3><a class=\"d-flex justify-content-center flex-column\" href=\"https:\/\/www.villafloresmartin.com\/es\/servicios\/alumbrado-vial-urbano\/\">Alumbrado vial y urbano<\/a><\/h3>\n<\/div>\n<\/div>\n<div class=\"col-md-3 mosaico-home borde-izquierda\">\n<div class=\"fondo-energias-renovables mosaico-escala mosaico-escala-int\">\n<h3><a class=\"d-flex justify-content-center flex-column\" href=\"https:\/\/www.villafloresmartin.com\/es\/servicios\/energias-renovables\/\">Energ\u00edas renovables<\/a><\/h3>\n<\/div>\n<\/div>\n<\/div>\n","protected":false},"excerpt":{"rendered":"<p>Reparaci\u00f3n de aver\u00edas el\u00e9ctricas Los imprevistos y las aver\u00edas el\u00e9ctricas surgen casi a diario. Hay veces que nos percatamos de ello en el seno de nuestros hogares y otras que, sin embargo, no son percibidas por el consumidor final. Al igual que ocurre en cualquier otro sector, las incidencias el\u00e9ctricas pueden ser de diferente grado, [&#8230;]<\/p>\n<p><a class=\"btn btn-secondary understrap-read-more-link\" href=\"https:\/\/www.villafloresmartin.com\/es\/servicios\/redes-distribucion-alta-media-baja-tension\/reparacion-averias-electricas\/\">Leer m\u00e1s&#8230;<\/a><\/p>\n","protected":false},"author":2,"featured_media":0,"parent":50,"menu_order":0,"comment_status":"closed","ping_status":"closed","template":"page-templates\/empty.php","meta":{"footnotes":""},"class_list":["post-241","page","type-page","status-publish","hentry"],"yoast_head":"<!-- This site is optimized with the Yoast SEO plugin v26.9 - https:\/\/yoast.com\/product\/yoast-seo-wordpress\/ -->\n<title>Reparaci\u00f3n de Aver\u00edas El\u00e9ctrica - Cambio de Unipolares - Maniobras en Instalaciones El\u00e9ctricas Media Tensi\u00f3n<\/title>\n<meta name=\"description\" content=\"En Villa Flores Mart\u00edn los imprevistos y las aver\u00edas el\u00e9ctricas surgen casi a diario. Hay veces que nos percatamos de ello en el seno de nuestros hogares y otras que, sin embargo, no son percibidas por el consumidor final.\" \/>\n<meta name=\"robots\" content=\"index, follow, max-snippet:-1, max-image-preview:large, max-video-preview:-1\" \/>\n<link rel=\"canonical\" href=\"https:\/\/www.villafloresmartin.com\/es\/servicios\/redes-distribucion-alta-media-baja-tension\/reparacion-averias-electricas\/\" \/>\n<meta property=\"og:locale\" content=\"es_ES\" \/>\n<meta property=\"og:type\" content=\"article\" \/>\n<meta property=\"og:title\" content=\"Reparaci\u00f3n de Aver\u00edas El\u00e9ctrica - Cambio de Unipolares - Maniobras en Instalaciones El\u00e9ctricas Media Tensi\u00f3n\" \/>\n<meta property=\"og:description\" content=\"En Villa Flores Mart\u00edn los imprevistos y las aver\u00edas el\u00e9ctricas surgen casi a diario. Hay veces que nos percatamos de ello en el seno de nuestros hogares y otras que, sin embargo, no son percibidas por el consumidor final.\" \/>\n<meta property=\"og:url\" content=\"https:\/\/www.villafloresmartin.com\/es\/servicios\/redes-distribucion-alta-media-baja-tension\/reparacion-averias-electricas\/\" \/>\n<meta property=\"og:site_name\" content=\"Villa Flores Mart\u00edn\" \/>\n<meta property=\"article:modified_time\" content=\"2019-04-04T08:44:57+00:00\" \/>\n<meta name=\"twitter:label1\" content=\"Tiempo de lectura\" \/>\n\t<meta name=\"twitter:data1\" content=\"2 minutos\" \/>\n<script type=\"application\/ld+json\" class=\"yoast-schema-graph\">{\"@context\":\"https:\/\/schema.org\",\"@graph\":[{\"@type\":\"WebPage\",\"@id\":\"https:\/\/www.villafloresmartin.com\/es\/servicios\/redes-distribucion-alta-media-baja-tension\/reparacion-averias-electricas\/\",\"url\":\"https:\/\/www.villafloresmartin.com\/es\/servicios\/redes-distribucion-alta-media-baja-tension\/reparacion-averias-electricas\/\",\"name\":\"Reparaci\u00f3n de Aver\u00edas El\u00e9ctrica - Cambio de Unipolares - Maniobras en Instalaciones El\u00e9ctricas Media Tensi\u00f3n\",\"isPartOf\":{\"@id\":\"https:\/\/www.villafloresmartin.com\/es\/#website\"},\"datePublished\":\"2017-05-24T08:02:51+00:00\",\"dateModified\":\"2019-04-04T08:44:57+00:00\",\"description\":\"En Villa Flores Mart\u00edn los imprevistos y las aver\u00edas el\u00e9ctricas surgen casi a diario. Hay veces que nos percatamos de ello en el seno de nuestros hogares y otras que, sin embargo, no son percibidas por el consumidor final.\",\"breadcrumb\":{\"@id\":\"https:\/\/www.villafloresmartin.com\/es\/servicios\/redes-distribucion-alta-media-baja-tension\/reparacion-averias-electricas\/#breadcrumb\"},\"inLanguage\":\"es\",\"potentialAction\":[{\"@type\":\"ReadAction\",\"target\":[\"https:\/\/www.villafloresmartin.com\/es\/servicios\/redes-distribucion-alta-media-baja-tension\/reparacion-averias-electricas\/\"]}]},{\"@type\":\"BreadcrumbList\",\"@id\":\"https:\/\/www.villafloresmartin.com\/es\/servicios\/redes-distribucion-alta-media-baja-tension\/reparacion-averias-electricas\/#breadcrumb\",\"itemListElement\":[{\"@type\":\"ListItem\",\"position\":1,\"name\":\"Portada\",\"item\":\"https:\/\/www.villafloresmartin.com\/es\/\"},{\"@type\":\"ListItem\",\"position\":2,\"name\":\"Servicios\",\"item\":\"https:\/\/www.villafloresmartin.com\/es\/servicios\/\"},{\"@type\":\"ListItem\",\"position\":3,\"name\":\"Redes de distribuci\u00f3n de alta, media y baja tensi\u00f3n\",\"item\":\"https:\/\/www.villafloresmartin.com\/es\/servicios\/redes-distribucion-alta-media-baja-tension\/\"},{\"@type\":\"ListItem\",\"position\":4,\"name\":\"Reparaci\u00f3n de aver\u00edas el\u00e9ctricas\"}]},{\"@type\":\"WebSite\",\"@id\":\"https:\/\/www.villafloresmartin.com\/es\/#website\",\"url\":\"https:\/\/www.villafloresmartin.com\/es\/\",\"name\":\"Villa Flores Mart\u00edn\",\"description\":\"\",\"potentialAction\":[{\"@type\":\"SearchAction\",\"target\":{\"@type\":\"EntryPoint\",\"urlTemplate\":\"https:\/\/www.villafloresmartin.com\/es\/?s={search_term_string}\"},\"query-input\":{\"@type\":\"PropertyValueSpecification\",\"valueRequired\":true,\"valueName\":\"search_term_string\"}}],\"inLanguage\":\"es\"}]}<\/script>\n<!-- \/ Yoast SEO plugin. -->","yoast_head_json":{"title":"Reparaci\u00f3n de Aver\u00edas El\u00e9ctrica - Cambio de Unipolares - Maniobras en Instalaciones El\u00e9ctricas Media Tensi\u00f3n","description":"En Villa Flores Mart\u00edn los imprevistos y las aver\u00edas el\u00e9ctricas surgen casi a diario. Hay veces que nos percatamos de ello en el seno de nuestros hogares y otras que, sin embargo, no son percibidas por el consumidor final.","robots":{"index":"index","follow":"follow","max-snippet":"max-snippet:-1","max-image-preview":"max-image-preview:large","max-video-preview":"max-video-preview:-1"},"canonical":"https:\/\/www.villafloresmartin.com\/es\/servicios\/redes-distribucion-alta-media-baja-tension\/reparacion-averias-electricas\/","og_locale":"es_ES","og_type":"article","og_title":"Reparaci\u00f3n de Aver\u00edas El\u00e9ctrica - Cambio de Unipolares - Maniobras en Instalaciones El\u00e9ctricas Media Tensi\u00f3n","og_description":"En Villa Flores Mart\u00edn los imprevistos y las aver\u00edas el\u00e9ctricas surgen casi a diario. Hay veces que nos percatamos de ello en el seno de nuestros hogares y otras que, sin embargo, no son percibidas por el consumidor final.","og_url":"https:\/\/www.villafloresmartin.com\/es\/servicios\/redes-distribucion-alta-media-baja-tension\/reparacion-averias-electricas\/","og_site_name":"Villa Flores Mart\u00edn","article_modified_time":"2019-04-04T08:44:57+00:00","twitter_misc":{"Tiempo de lectura":"2 minutos"},"schema":{"@context":"https:\/\/schema.org","@graph":[{"@type":"WebPage","@id":"https:\/\/www.villafloresmartin.com\/es\/servicios\/redes-distribucion-alta-media-baja-tension\/reparacion-averias-electricas\/","url":"https:\/\/www.villafloresmartin.com\/es\/servicios\/redes-distribucion-alta-media-baja-tension\/reparacion-averias-electricas\/","name":"Reparaci\u00f3n de Aver\u00edas El\u00e9ctrica - Cambio de Unipolares - Maniobras en Instalaciones El\u00e9ctricas Media Tensi\u00f3n","isPartOf":{"@id":"https:\/\/www.villafloresmartin.com\/es\/#website"},"datePublished":"2017-05-24T08:02:51+00:00","dateModified":"2019-04-04T08:44:57+00:00","description":"En Villa Flores Mart\u00edn los imprevistos y las aver\u00edas el\u00e9ctricas surgen casi a diario. Hay veces que nos percatamos de ello en el seno de nuestros hogares y otras que, sin embargo, no son percibidas por el consumidor final.","breadcrumb":{"@id":"https:\/\/www.villafloresmartin.com\/es\/servicios\/redes-distribucion-alta-media-baja-tension\/reparacion-averias-electricas\/#breadcrumb"},"inLanguage":"es","potentialAction":[{"@type":"ReadAction","target":["https:\/\/www.villafloresmartin.com\/es\/servicios\/redes-distribucion-alta-media-baja-tension\/reparacion-averias-electricas\/"]}]},{"@type":"BreadcrumbList","@id":"https:\/\/www.villafloresmartin.com\/es\/servicios\/redes-distribucion-alta-media-baja-tension\/reparacion-averias-electricas\/#breadcrumb","itemListElement":[{"@type":"ListItem","position":1,"name":"Portada","item":"https:\/\/www.villafloresmartin.com\/es\/"},{"@type":"ListItem","position":2,"name":"Servicios","item":"https:\/\/www.villafloresmartin.com\/es\/servicios\/"},{"@type":"ListItem","position":3,"name":"Redes de distribuci\u00f3n de alta, media y baja tensi\u00f3n","item":"https:\/\/www.villafloresmartin.com\/es\/servicios\/redes-distribucion-alta-media-baja-tension\/"},{"@type":"ListItem","position":4,"name":"Reparaci\u00f3n de aver\u00edas el\u00e9ctricas"}]},{"@type":"WebSite","@id":"https:\/\/www.villafloresmartin.com\/es\/#website","url":"https:\/\/www.villafloresmartin.com\/es\/","name":"Villa Flores Mart\u00edn","description":"","potentialAction":[{"@type":"SearchAction","target":{"@type":"EntryPoint","urlTemplate":"https:\/\/www.villafloresmartin.com\/es\/?s={search_term_string}"},"query-input":{"@type":"PropertyValueSpecification","valueRequired":true,"valueName":"search_term_string"}}],"inLanguage":"es"}]}},"_links":{"self":[{"href":"https:\/\/www.villafloresmartin.com\/es\/wp-json\/wp\/v2\/pages\/241","targetHints":{"allow":["GET"]}}],"collection":[{"href":"https:\/\/www.villafloresmartin.com\/es\/wp-json\/wp\/v2\/pages"}],"about":[{"href":"https:\/\/www.villafloresmartin.com\/es\/wp-json\/wp\/v2\/types\/page"}],"author":[{"embeddable":true,"href":"https:\/\/www.villafloresmartin.com\/es\/wp-json\/wp\/v2\/users\/2"}],"replies":[{"embeddable":true,"href":"https:\/\/www.villafloresmartin.com\/es\/wp-json\/wp\/v2\/comments?post=241"}],"version-history":[{"count":0,"href":"https:\/\/www.villafloresmartin.com\/es\/wp-json\/wp\/v2\/pages\/241\/revisions"}],"up":[{"embeddable":true,"href":"https:\/\/www.villafloresmartin.com\/es\/wp-json\/wp\/v2\/pages\/50"}],"wp:attachment":[{"href":"https:\/\/www.villafloresmartin.com\/es\/wp-json\/wp\/v2\/media?parent=241"}],"curies":[{"name":"wp","href":"https:\/\/api.w.org\/{rel}","templated":true}]}}