{"id":239,"date":"2017-05-24T10:02:26","date_gmt":"2017-05-24T08:02:26","guid":{"rendered":"https:\/\/www.villafloresmartin.com\/es\/?page_id=239"},"modified":"2019-04-04T10:41:11","modified_gmt":"2019-04-04T08:41:11","slug":"centros-de-transformacion","status":"publish","type":"page","link":"https:\/\/www.villafloresmartin.com\/es\/servicios\/redes-distribucion-alta-media-baja-tension\/centros-de-transformacion\/","title":{"rendered":"Centros de transformaci\u00f3n"},"content":{"rendered":"<p class=\"no-margin\"><div id=\"metaslider-id-828\" style=\"width: 100%;\" class=\"ml-slider-3-105-0 metaslider metaslider-flex metaslider-828 ml-slider ms-theme-default nav-hidden\" role=\"region\" aria-label=\"centro trans\" data-height=\"575\" data-width=\"1600\">\n    <div id=\"metaslider_container_828\">\n        <div id=\"metaslider_828\">\n            <ul class='slides'>\n                <li style=\"display: block; width: 100%;\" class=\"slide-1328 ms-image \" aria-roledescription=\"slide\" data-date=\"2018-04-10 08:51:15\" data-filename=\"PAG11_dossier_1600x575.jpg\" data-slide-type=\"image\"><img  title=\"Centros de transformaci\u00f3n - Villa Flores Mart\u00edn\" loading=\"lazy\" decoding=\"async\" src=\"https:\/\/www.villafloresmartin.com\/es\/wp-content\/uploads\/2018\/04\/PAG11_dossier_1600x575.jpg\" height=\"575\" width=\"1600\"  alt=\"Centros de transformaci\u00f3n - Villa Flores Mart\u00edn\"  class=\"slider-828 slide-1328 msDefaultImage\" \/><\/li>\n                <li style=\"display: none; width: 100%;\" class=\"slide-832 ms-image \" aria-roledescription=\"slide\" data-date=\"2017-06-08 17:17:25\" data-filename=\"redes-distribucion-cabecera-2.jpg\" data-slide-type=\"image\"><img  title=\"Centros de transformaci\u00f3n - Villa Flores Mart\u00edn\" loading=\"lazy\" decoding=\"async\" src=\"https:\/\/www.villafloresmartin.com\/es\/wp-content\/uploads\/2017\/06\/redes-distribucion-cabecera-2.jpg\" height=\"575\" width=\"1600\"  alt=\"Centros de transformaci\u00f3n - Villa Flores Mart\u00edn\"  class=\"slider-828 slide-832 msDefaultImage\" \/><\/li>\n                <li style=\"display: none; width: 100%;\" class=\"slide-834 ms-image \" aria-roledescription=\"slide\" data-date=\"2017-06-08 17:17:25\" data-filename=\"redes-distribucion-cabecera-2c-1438x517.jpg\" data-slide-type=\"image\"><img  title=\"Centros de transformaci\u00f3n - Villa Flores Mart\u00edn\" loading=\"lazy\" decoding=\"async\" src=\"https:\/\/www.villafloresmartin.com\/es\/wp-content\/uploads\/2017\/06\/redes-distribucion-cabecera-2c-1438x517.jpg\" height=\"575\" width=\"1600\"  alt=\"Centros de transformaci\u00f3n - Villa Flores Mart\u00edn\"  class=\"slider-828 slide-834 msDefaultImage\" \/><\/li>\n                <li style=\"display: none; width: 100%;\" class=\"slide-833 ms-image \" aria-roledescription=\"slide\" data-date=\"2017-06-08 17:17:25\" data-filename=\"redes-distribucion-cabecera-2b.jpg\" data-slide-type=\"image\"><img  title=\"Centros de transformaci\u00f3n - Villa Flores Mart\u00edn\" loading=\"lazy\" decoding=\"async\" src=\"https:\/\/www.villafloresmartin.com\/es\/wp-content\/uploads\/2017\/06\/redes-distribucion-cabecera-2b.jpg\" height=\"575\" width=\"1600\"  alt=\"Centros de transformaci\u00f3n - Villa Flores Mart\u00edn\"  class=\"slider-828 slide-833 msDefaultImage\" \/><\/li>\n            <\/ul>\n        <\/div>\n        \n    <\/div>\n<\/div>\n<h1 class=\"text-center mt-4 mb-4\">Centros de transformaci\u00f3n<\/h1>\n<div class=\"adorno-naranja\"><\/div>\n<div class=\"container mt-4 mb-4\">\n<div class=\"row\">\n<div class=\"col-md-12 dos-columnas\">\n<p class=\"texto\">Gracias a la experiencia que atesoran m\u00e1s de tres d\u00e9cadas dedicadas a la distribuci\u00f3n el\u00e9ctrica, podemos decir que en Villa Flores Mart\u00edn estamos especializados en el montaje, mantenimiento y resoluci\u00f3n de aver\u00edas en los centros de transformaci\u00f3n de energ\u00eda.<\/p>\n<p class=\"texto\">En esta l\u00ednea tambi\u00e9n damos cobertura a las obras civiles que tienen lugar en estos tipos de centros, adem\u00e1s de contar con un personal altamente cualificado. No hay que olvidar que todas nuestras actuaciones siguen unos estrictos controles de seguridad y calidad para garantizar todas las etapas del proyecto.<\/p>\n<p class=\"texto\">El correcto funcionamiento de un centro de transformaci\u00f3n de energ\u00eda el\u00e9ctrica es fundamental para el d\u00eda a d\u00eda del usuario dom\u00e9stico, ya que son el \u00faltimo eslab\u00f3n de transformaci\u00f3n de la energ\u00eda en su camino hacia los centros de consumo. Es decir, son aquellos que se encuentran a medio camino entre la subestaci\u00f3n y el usuario final.<\/p>\n<\/div>\n<\/div>\n<\/div>\n<div class=\"row mt-4 mb-4\">\n<div class=\"col-md-6 fondo-gris padding-3\">\n<h3>Tipos de centros de transformaci\u00f3n<\/h3>\n<p class=\"texo\">Los centros de transformaci\u00f3n el\u00e9ctricos son fundamentalmente prefabricados o de obra civil. En cuanto a su construcci\u00f3n podemos se\u00f1alar que se pueden llevar a cabo en: edificios de obra civil, donde todos los elementos se alojan en el interior de un edificio o de un local destinado a tal efecto; en edificios prefabricados, donde se alojan todos los elementos del centro en un edificio prefabricado de hormig\u00f3n; en un local subterr\u00e1neo al que se accede por medio de una trampilla en la v\u00eda p\u00fablica; o centros de transformaci\u00f3n intemperie que consisten en un transformador montado sobre el apoyo de una l\u00ednea a\u00e9rea de alta tensi\u00f3n.<\/p>\n<\/div>\n<div class=\"col-md-6 fondo-naranja padding-3\">\n<p class=\"texto\">Dentro de este servicio, VFM tambi\u00e9n da a sus clientes soluciones \u201cllave en mano\u201d y reformas integrales de centros de transformaci\u00f3n. La finalidad a alcanzar consiste en dar soluci\u00f3n a todas las fases del desarrollo de los trabajos, desde el proyecto de la instalaci\u00f3n hasta el <a href=\"https:\/\/www.villafloresmartin.com\/es\/servicios\/mantenimiento-instalaciones-electricas\/\">mantenimiento<\/a> de la misma.<\/p>\n<p class=\"texto\">Independientemente de la finalidad y tipolog\u00eda del centro de transformaci\u00f3n, nos encargamos de su instalaci\u00f3n completa. No importa si la petici\u00f3n procede de la compa\u00f1\u00eda o del abonado.<\/p>\n<p class=\"texto\">Adapt\u00e1ndonos a las nuevas tecnolog\u00edas y cambios en el sector, realizamos instalaciones de centros de transformaci\u00f3n telemandos y monitorizados, ofreciendo as\u00ed la ventaja de poder realizar las maniobras remotamente.<\/p>\n<\/div>\n<\/div>\n<h3 class=\"text-center mt-4 mb-4\">No temas en pedirnos ayuda, nos adaptamos a cualquier circunstancia.<\/h3>\n<div class=\"divider-gris mt-5 mb-4\"><\/div>\n<h2 class=\"text-center\">Contacta con nosotros<\/h2>\n<div class=\"adorno-naranja\"><\/div>\n<div class=\"container mt-4 mb-4\">\n<div class=\"wpcf7 no-js\" id=\"wpcf7-f293-o1\" lang=\"es-ES\" dir=\"ltr\" data-wpcf7-id=\"293\">\n<div class=\"screen-reader-response\"><p role=\"status\" aria-live=\"polite\" aria-atomic=\"true\"><\/p> <ul><\/ul><\/div>\n<form action=\"\/es\/wp-json\/wp\/v2\/pages\/239#wpcf7-f293-o1\" method=\"post\" class=\"wpcf7-form init\" aria-label=\"Formulario de contacto\" novalidate=\"novalidate\" data-status=\"init\">\n<fieldset class=\"hidden-fields-container\"><input type=\"hidden\" name=\"_wpcf7\" value=\"293\" \/><input type=\"hidden\" name=\"_wpcf7_version\" value=\"6.1.4\" \/><input type=\"hidden\" name=\"_wpcf7_locale\" value=\"es_ES\" \/><input type=\"hidden\" name=\"_wpcf7_unit_tag\" value=\"wpcf7-f293-o1\" \/><input type=\"hidden\" name=\"_wpcf7_container_post\" value=\"0\" \/><input type=\"hidden\" name=\"_wpcf7_posted_data_hash\" value=\"\" \/><input type=\"hidden\" name=\"_wpcf7_recaptcha_response\" value=\"\" \/>\n<\/fieldset>\n<div class=\"row\">\n\t<div class=\"col-md-6\">\n\t\t<p><label> <span class=\"wpcf7-form-control-wrap\" data-name=\"your-name\"><input size=\"40\" maxlength=\"400\" class=\"wpcf7-form-control wpcf7-text wpcf7-validates-as-required form-int\" aria-required=\"true\" aria-invalid=\"false\" placeholder=\"Nombre (*)\" value=\"\" type=\"text\" name=\"your-name\" \/><\/span> <\/label>\n\t\t<\/p>\n\t<\/div>\n\t<div class=\"col-md-6\">\n\t\t<p><label> <span class=\"wpcf7-form-control-wrap\" data-name=\"your-email\"><input size=\"40\" maxlength=\"400\" class=\"wpcf7-form-control wpcf7-email wpcf7-validates-as-required wpcf7-text wpcf7-validates-as-email form-int\" aria-required=\"true\" aria-invalid=\"false\" placeholder=\"Email (*)\" value=\"\" type=\"email\" name=\"your-email\" \/><\/span> <\/label>\n\t\t<\/p>\n\t<\/div>\n<\/div>\n<div class=\"row mt-3\">\n\t<div class=\"col-md-6\">\n\t\t<p><label> <span class=\"wpcf7-form-control-wrap\" data-name=\"tel-308\"><input size=\"40\" maxlength=\"400\" class=\"wpcf7-form-control wpcf7-tel wpcf7-text wpcf7-validates-as-tel form-int\" aria-invalid=\"false\" placeholder=\"Tel\u00e9fono\" value=\"\" type=\"tel\" name=\"tel-308\" \/><\/span> <\/label>\n\t\t<\/p>\n\t<\/div>\n\t<div class=\"col-md-6\">\n\t\t<p><label> <span class=\"wpcf7-form-control-wrap\" data-name=\"tipo-servicio\"><select class=\"wpcf7-form-control wpcf7-select form-int\" aria-invalid=\"false\" name=\"tipo-servicio\"><option value=\"Tipo de servicio\">Tipo de servicio<\/option><option value=\"L\u00edneas a\u00e9reas y subterr\u00e1neas de alta, media y baja tensi\u00f3n\">L\u00edneas a\u00e9reas y subterr\u00e1neas de alta, media y baja tensi\u00f3n<\/option><option value=\"Centros de transformaci\u00f3n\">Centros de transformaci\u00f3n<\/option><option value=\"Reparaci\u00f3n de aver\u00edas el\u00e9ctricas\">Reparaci\u00f3n de aver\u00edas el\u00e9ctricas<\/option><\/select><\/span> <\/label>\n\t\t<\/p>\n\t<\/div>\n<\/div>\n<div class=\"row mt-3\">\n\t<div class=\"col-md-12\">\n\t\t<p><label> <span class=\"wpcf7-form-control-wrap\" data-name=\"your-message\"><textarea cols=\"40\" rows=\"3\" maxlength=\"2000\" class=\"wpcf7-form-control wpcf7-textarea form-int\" aria-invalid=\"false\" placeholder=\"Mensaje\" name=\"your-message\"><\/textarea><\/span> <\/label>\n\t\t<\/p>\n\t<\/div>\n<\/div>\n<div class=\"row mt-3\">\n\t<div class=\"col-md-12\">\n\t\t<p class=\"text-center\"><span class=\"wpcf7-form-control-wrap\" data-name=\"acceptance-788\"><span class=\"wpcf7-form-control wpcf7-acceptance\"><span class=\"wpcf7-list-item\"><input type=\"checkbox\" name=\"acceptance-788\" value=\"1\" aria-invalid=\"false\" \/><\/span><\/span><\/span> He le\u00eddo y acepto la <a target=\"_blank\" href=\"https:\/\/www.villafloresmartin.com\/es\/aviso-legal\/\">pol\u00edtica de privacidad<\/a>\n\t\t<\/p>\n\t<\/div>\n<\/div>\n<div class=\"row mt-3\">\n\t<div class=\"col-md-12\">\n\t\t<p><input class=\"wpcf7-form-control wpcf7-submit has-spinner btn-int\" type=\"submit\" value=\"Enviar\" \/>\n\t\t<\/p>\n\t<\/div>\n<\/div><p style=\"display: none !important;\" class=\"akismet-fields-container\" data-prefix=\"_wpcf7_ak_\"><label>&#916;<textarea name=\"_wpcf7_ak_hp_textarea\" cols=\"45\" rows=\"8\" maxlength=\"100\"><\/textarea><\/label><input type=\"hidden\" id=\"ak_js_1\" name=\"_wpcf7_ak_js\" value=\"216\"\/><script>document.getElementById( \"ak_js_1\" ).setAttribute( \"value\", ( new Date() ).getTime() );<\/script><\/p><div class=\"wpcf7-response-output\" aria-hidden=\"true\"><\/div>\n<\/form>\n<\/div>\n<\/div>\n<div class=\"row mt-5 mb-3\">\n<div class=\"col-md-3 mosaico-home borde-derecha\">\n<div class=\"fondo-ingenieria-proyectos mosaico-escala mosaico-escala-int\">\n<h3><a class=\"d-flex justify-content-center flex-column\" href=\"https:\/\/www.villafloresmartin.com\/es\/servicios\/ingenieria-y-proyectos\/\">Ingenier\u00eda y proyectos<\/a><\/h3>\n<\/div>\n<\/div>\n<div class=\"col-md-3 mosaico-home borde-derecha-izquierda\">\n<div class=\"fondo-redes-distribucion mosaico-escala mosaico-escala-int\">\n<h3><a class=\"d-flex justify-content-center flex-column\" href=\"https:\/\/www.villafloresmartin.com\/es\/servicios\/redes-distribucion-alta-media-baja-tension\/\">Redes de distribuci\u00f3n de alta, media y baja tensi\u00f3n<\/a><\/h3>\n<\/div>\n<\/div>\n<div class=\"col-md-3 mosaico-home borde-derecha-izquierda\">\n<div class=\"fondo-localizacion-ensayos mosaico-escala mosaico-escala-int\">\n<h3><a class=\"d-flex justify-content-center flex-column\" href=\"https:\/\/www.villafloresmartin.com\/es\/servicios\/localizacion-ensayos-diagnosis-lineas-subterraneas-electricas\/\">Localizaci\u00f3n, ensayos y diagnosis de l\u00edneas subterr\u00e1neas el\u00e9ctricas<\/a><\/h3>\n<\/div>\n<\/div>\n<div class=\"col-md-3 mosaico-home borde-izquierda\">\n<div class=\"fondo-servicios-energia mosaico-escala mosaico-escala-int\">\n<h3><a class=\"d-flex justify-content-center flex-column\" href=\"https:\/\/www.villafloresmartin.com\/es\/servicios\/servicios-energia-electrica\/\">Servicios de energ\u00eda el\u00e9ctrica<\/a><\/h3>\n<\/div>\n<\/div>\n<\/div>\n<div class=\"row mb-4\">\n<div class=\"col-md-3 mosaico-home borde-derecha\">\n<div class=\"fondo-obra-civil mosaico-escala mosaico-escala-int\">\n<h3><a class=\"d-flex justify-content-center flex-column\" href=\"https:\/\/www.villafloresmartin.com\/es\/servicios\/obra-civil\/\">Obra civil<\/a><\/h3>\n<\/div>\n<\/div>\n<div class=\"col-md-3 mosaico-home borde-derecha-izquierda\">\n<div class=\"fondo-mantenimiento-instalaciones mosaico-escala mosaico-escala-int\">\n<h3><a class=\"d-flex justify-content-center flex-column\" href=\"https:\/\/www.villafloresmartin.com\/es\/servicios\/mantenimiento-instalaciones-electricas\/\">Mantenimiento de instalaciones el\u00e9ctricas<\/a><\/h3>\n<\/div>\n<\/div>\n<div class=\"col-md-3 mosaico-home borde-derecha-izquierda\">\n<div class=\"fondo-alumbrado-publico mosaico-escala mosaico-escala-int\">\n<h3><a class=\"d-flex justify-content-center flex-column\" href=\"https:\/\/www.villafloresmartin.com\/es\/servicios\/alumbrado-vial-urbano\/\">Alumbrado vial y urbano<\/a><\/h3>\n<\/div>\n<\/div>\n<div class=\"col-md-3 mosaico-home borde-izquierda\">\n<div class=\"fondo-energias-renovables mosaico-escala mosaico-escala-int\">\n<h3><a class=\"d-flex justify-content-center flex-column\" href=\"https:\/\/www.villafloresmartin.com\/es\/servicios\/energias-renovables\/\">Energ\u00edas renovables<\/a><\/h3>\n<\/div>\n<\/div>\n<\/div>\n","protected":false},"excerpt":{"rendered":"<p>Centros de transformaci\u00f3n Gracias a la experiencia que atesoran m\u00e1s de tres d\u00e9cadas dedicadas a la distribuci\u00f3n el\u00e9ctrica, podemos decir que en Villa Flores Mart\u00edn estamos especializados en el montaje, mantenimiento y resoluci\u00f3n de aver\u00edas en los centros de transformaci\u00f3n de energ\u00eda. En esta l\u00ednea tambi\u00e9n damos cobertura a las obras civiles que tienen lugar [&#8230;]<\/p>\n<p><a class=\"btn btn-secondary understrap-read-more-link\" href=\"https:\/\/www.villafloresmartin.com\/es\/servicios\/redes-distribucion-alta-media-baja-tension\/centros-de-transformacion\/\">Leer m\u00e1s&#8230;<\/a><\/p>\n","protected":false},"author":2,"featured_media":0,"parent":50,"menu_order":0,"comment_status":"closed","ping_status":"closed","template":"page-templates\/empty.php","meta":{"footnotes":""},"class_list":["post-239","page","type-page","status-publish","hentry"],"yoast_head":"<!-- This site is optimized with the Yoast SEO plugin v26.9 - https:\/\/yoast.com\/product\/yoast-seo-wordpress\/ -->\n<title>Tendidos L\u00ednea El\u00e9ctrica - Desv\u00edos de l\u00edneas - Acometidas de Baja y Media Tensi\u00f3n - Soterramiento de L\u00edneas<\/title>\n<meta name=\"description\" content=\"Los centros de transformaci\u00f3n el\u00e9ctricos son fundamentalmente prefabricados o de obra civil. En cuanto a su construcci\u00f3n podemos se\u00f1alar que se pueden llevar a cabo en: edificios de obra civil, donde todos los elementos se alojan en el interior de un edificio o de un local destinado a tal efecto.\" \/>\n<meta name=\"robots\" content=\"index, follow, max-snippet:-1, max-image-preview:large, max-video-preview:-1\" \/>\n<link rel=\"canonical\" href=\"https:\/\/www.villafloresmartin.com\/es\/servicios\/redes-distribucion-alta-media-baja-tension\/centros-de-transformacion\/\" \/>\n<meta property=\"og:locale\" content=\"es_ES\" \/>\n<meta property=\"og:type\" content=\"article\" \/>\n<meta property=\"og:title\" content=\"Tendidos L\u00ednea El\u00e9ctrica - Desv\u00edos de l\u00edneas - Acometidas de Baja y Media Tensi\u00f3n - Soterramiento de L\u00edneas\" \/>\n<meta property=\"og:description\" content=\"Los centros de transformaci\u00f3n el\u00e9ctricos son fundamentalmente prefabricados o de obra civil. En cuanto a su construcci\u00f3n podemos se\u00f1alar que se pueden llevar a cabo en: edificios de obra civil, donde todos los elementos se alojan en el interior de un edificio o de un local destinado a tal efecto.\" \/>\n<meta property=\"og:url\" content=\"https:\/\/www.villafloresmartin.com\/es\/servicios\/redes-distribucion-alta-media-baja-tension\/centros-de-transformacion\/\" \/>\n<meta property=\"og:site_name\" content=\"Villa Flores Mart\u00edn\" \/>\n<meta property=\"article:modified_time\" content=\"2019-04-04T08:41:11+00:00\" \/>\n<meta name=\"twitter:label1\" content=\"Tiempo de lectura\" \/>\n\t<meta name=\"twitter:data1\" content=\"2 minutos\" \/>\n<script type=\"application\/ld+json\" class=\"yoast-schema-graph\">{\"@context\":\"https:\/\/schema.org\",\"@graph\":[{\"@type\":\"WebPage\",\"@id\":\"https:\/\/www.villafloresmartin.com\/es\/servicios\/redes-distribucion-alta-media-baja-tension\/centros-de-transformacion\/\",\"url\":\"https:\/\/www.villafloresmartin.com\/es\/servicios\/redes-distribucion-alta-media-baja-tension\/centros-de-transformacion\/\",\"name\":\"Tendidos L\u00ednea El\u00e9ctrica - Desv\u00edos de l\u00edneas - Acometidas de Baja y Media Tensi\u00f3n - Soterramiento de L\u00edneas\",\"isPartOf\":{\"@id\":\"https:\/\/www.villafloresmartin.com\/es\/#website\"},\"datePublished\":\"2017-05-24T08:02:26+00:00\",\"dateModified\":\"2019-04-04T08:41:11+00:00\",\"description\":\"Los centros de transformaci\u00f3n el\u00e9ctricos son fundamentalmente prefabricados o de obra civil. En cuanto a su construcci\u00f3n podemos se\u00f1alar que se pueden llevar a cabo en: edificios de obra civil, donde todos los elementos se alojan en el interior de un edificio o de un local destinado a tal efecto.\",\"breadcrumb\":{\"@id\":\"https:\/\/www.villafloresmartin.com\/es\/servicios\/redes-distribucion-alta-media-baja-tension\/centros-de-transformacion\/#breadcrumb\"},\"inLanguage\":\"es\",\"potentialAction\":[{\"@type\":\"ReadAction\",\"target\":[\"https:\/\/www.villafloresmartin.com\/es\/servicios\/redes-distribucion-alta-media-baja-tension\/centros-de-transformacion\/\"]}]},{\"@type\":\"BreadcrumbList\",\"@id\":\"https:\/\/www.villafloresmartin.com\/es\/servicios\/redes-distribucion-alta-media-baja-tension\/centros-de-transformacion\/#breadcrumb\",\"itemListElement\":[{\"@type\":\"ListItem\",\"position\":1,\"name\":\"Portada\",\"item\":\"https:\/\/www.villafloresmartin.com\/es\/\"},{\"@type\":\"ListItem\",\"position\":2,\"name\":\"Servicios\",\"item\":\"https:\/\/www.villafloresmartin.com\/es\/servicios\/\"},{\"@type\":\"ListItem\",\"position\":3,\"name\":\"Redes de distribuci\u00f3n de alta, media y baja tensi\u00f3n\",\"item\":\"https:\/\/www.villafloresmartin.com\/es\/servicios\/redes-distribucion-alta-media-baja-tension\/\"},{\"@type\":\"ListItem\",\"position\":4,\"name\":\"Centros de transformaci\u00f3n\"}]},{\"@type\":\"WebSite\",\"@id\":\"https:\/\/www.villafloresmartin.com\/es\/#website\",\"url\":\"https:\/\/www.villafloresmartin.com\/es\/\",\"name\":\"Villa Flores Mart\u00edn\",\"description\":\"\",\"potentialAction\":[{\"@type\":\"SearchAction\",\"target\":{\"@type\":\"EntryPoint\",\"urlTemplate\":\"https:\/\/www.villafloresmartin.com\/es\/?s={search_term_string}\"},\"query-input\":{\"@type\":\"PropertyValueSpecification\",\"valueRequired\":true,\"valueName\":\"search_term_string\"}}],\"inLanguage\":\"es\"}]}<\/script>\n<!-- \/ Yoast SEO plugin. -->","yoast_head_json":{"title":"Tendidos L\u00ednea El\u00e9ctrica - Desv\u00edos de l\u00edneas - Acometidas de Baja y Media Tensi\u00f3n - Soterramiento de L\u00edneas","description":"Los centros de transformaci\u00f3n el\u00e9ctricos son fundamentalmente prefabricados o de obra civil. En cuanto a su construcci\u00f3n podemos se\u00f1alar que se pueden llevar a cabo en: edificios de obra civil, donde todos los elementos se alojan en el interior de un edificio o de un local destinado a tal efecto.","robots":{"index":"index","follow":"follow","max-snippet":"max-snippet:-1","max-image-preview":"max-image-preview:large","max-video-preview":"max-video-preview:-1"},"canonical":"https:\/\/www.villafloresmartin.com\/es\/servicios\/redes-distribucion-alta-media-baja-tension\/centros-de-transformacion\/","og_locale":"es_ES","og_type":"article","og_title":"Tendidos L\u00ednea El\u00e9ctrica - Desv\u00edos de l\u00edneas - Acometidas de Baja y Media Tensi\u00f3n - Soterramiento de L\u00edneas","og_description":"Los centros de transformaci\u00f3n el\u00e9ctricos son fundamentalmente prefabricados o de obra civil. En cuanto a su construcci\u00f3n podemos se\u00f1alar que se pueden llevar a cabo en: edificios de obra civil, donde todos los elementos se alojan en el interior de un edificio o de un local destinado a tal efecto.","og_url":"https:\/\/www.villafloresmartin.com\/es\/servicios\/redes-distribucion-alta-media-baja-tension\/centros-de-transformacion\/","og_site_name":"Villa Flores Mart\u00edn","article_modified_time":"2019-04-04T08:41:11+00:00","twitter_misc":{"Tiempo de lectura":"2 minutos"},"schema":{"@context":"https:\/\/schema.org","@graph":[{"@type":"WebPage","@id":"https:\/\/www.villafloresmartin.com\/es\/servicios\/redes-distribucion-alta-media-baja-tension\/centros-de-transformacion\/","url":"https:\/\/www.villafloresmartin.com\/es\/servicios\/redes-distribucion-alta-media-baja-tension\/centros-de-transformacion\/","name":"Tendidos L\u00ednea El\u00e9ctrica - Desv\u00edos de l\u00edneas - Acometidas de Baja y Media Tensi\u00f3n - Soterramiento de L\u00edneas","isPartOf":{"@id":"https:\/\/www.villafloresmartin.com\/es\/#website"},"datePublished":"2017-05-24T08:02:26+00:00","dateModified":"2019-04-04T08:41:11+00:00","description":"Los centros de transformaci\u00f3n el\u00e9ctricos son fundamentalmente prefabricados o de obra civil. En cuanto a su construcci\u00f3n podemos se\u00f1alar que se pueden llevar a cabo en: edificios de obra civil, donde todos los elementos se alojan en el interior de un edificio o de un local destinado a tal efecto.","breadcrumb":{"@id":"https:\/\/www.villafloresmartin.com\/es\/servicios\/redes-distribucion-alta-media-baja-tension\/centros-de-transformacion\/#breadcrumb"},"inLanguage":"es","potentialAction":[{"@type":"ReadAction","target":["https:\/\/www.villafloresmartin.com\/es\/servicios\/redes-distribucion-alta-media-baja-tension\/centros-de-transformacion\/"]}]},{"@type":"BreadcrumbList","@id":"https:\/\/www.villafloresmartin.com\/es\/servicios\/redes-distribucion-alta-media-baja-tension\/centros-de-transformacion\/#breadcrumb","itemListElement":[{"@type":"ListItem","position":1,"name":"Portada","item":"https:\/\/www.villafloresmartin.com\/es\/"},{"@type":"ListItem","position":2,"name":"Servicios","item":"https:\/\/www.villafloresmartin.com\/es\/servicios\/"},{"@type":"ListItem","position":3,"name":"Redes de distribuci\u00f3n de alta, media y baja tensi\u00f3n","item":"https:\/\/www.villafloresmartin.com\/es\/servicios\/redes-distribucion-alta-media-baja-tension\/"},{"@type":"ListItem","position":4,"name":"Centros de transformaci\u00f3n"}]},{"@type":"WebSite","@id":"https:\/\/www.villafloresmartin.com\/es\/#website","url":"https:\/\/www.villafloresmartin.com\/es\/","name":"Villa Flores Mart\u00edn","description":"","potentialAction":[{"@type":"SearchAction","target":{"@type":"EntryPoint","urlTemplate":"https:\/\/www.villafloresmartin.com\/es\/?s={search_term_string}"},"query-input":{"@type":"PropertyValueSpecification","valueRequired":true,"valueName":"search_term_string"}}],"inLanguage":"es"}]}},"_links":{"self":[{"href":"https:\/\/www.villafloresmartin.com\/es\/wp-json\/wp\/v2\/pages\/239","targetHints":{"allow":["GET"]}}],"collection":[{"href":"https:\/\/www.villafloresmartin.com\/es\/wp-json\/wp\/v2\/pages"}],"about":[{"href":"https:\/\/www.villafloresmartin.com\/es\/wp-json\/wp\/v2\/types\/page"}],"author":[{"embeddable":true,"href":"https:\/\/www.villafloresmartin.com\/es\/wp-json\/wp\/v2\/users\/2"}],"replies":[{"embeddable":true,"href":"https:\/\/www.villafloresmartin.com\/es\/wp-json\/wp\/v2\/comments?post=239"}],"version-history":[{"count":0,"href":"https:\/\/www.villafloresmartin.com\/es\/wp-json\/wp\/v2\/pages\/239\/revisions"}],"up":[{"embeddable":true,"href":"https:\/\/www.villafloresmartin.com\/es\/wp-json\/wp\/v2\/pages\/50"}],"wp:attachment":[{"href":"https:\/\/www.villafloresmartin.com\/es\/wp-json\/wp\/v2\/media?parent=239"}],"curies":[{"name":"wp","href":"https:\/\/api.w.org\/{rel}","templated":true}]}}