{"id":236,"date":"2017-05-24T10:01:14","date_gmt":"2017-05-24T08:01:14","guid":{"rendered":"https:\/\/www.villafloresmartin.com\/es\/?page_id=236"},"modified":"2019-04-04T10:37:03","modified_gmt":"2019-04-04T08:37:03","slug":"lineas-aereas-subterraneas-alta-media-baja-tension","status":"publish","type":"page","link":"https:\/\/www.villafloresmartin.com\/es\/servicios\/redes-distribucion-alta-media-baja-tension\/lineas-aereas-subterraneas-alta-media-baja-tension\/","title":{"rendered":"L\u00edneas a\u00e9reas y subterr\u00e1neas de alta, media y baja tensi\u00f3n"},"content":{"rendered":"<p class=\"no-margin\"><div id=\"metaslider-id-836\" style=\"width: 100%;\" class=\"ml-slider-3-105-0 metaslider metaslider-flex metaslider-836 ml-slider ms-theme-default nav-hidden\" role=\"region\" aria-label=\"a\u00e9reas y subt\" data-height=\"575\" data-width=\"1600\">\n    <div id=\"metaslider_container_836\">\n        <div id=\"metaslider_836\">\n            <ul class='slides'>\n                <li style=\"display: block; width: 100%;\" class=\"slide-843 ms-image \" aria-roledescription=\"slide\" data-date=\"2017-06-08 17:23:16\" data-filename=\"redes-distribucion-cabecera-1-1.jpg\" data-slide-type=\"image\"><img  title=\"L\u00edneas a\u00e9reas y subterr\u00e1neas de alta, media y baja tensi\u00f3n - Villa Flores Mart\u00edn\" loading=\"lazy\" decoding=\"async\" src=\"https:\/\/www.villafloresmartin.com\/es\/wp-content\/uploads\/2017\/05\/redes-distribucion-cabecera-1-1.jpg\" height=\"575\" width=\"1600\"  alt=\"L\u00edneas a\u00e9reas y subterr\u00e1neas de alta, media y baja tensi\u00f3n - Villa Flores Mart\u00edn\"  class=\"slider-836 slide-843 msDefaultImage\" \/><\/li>\n                <li style=\"display: none; width: 100%;\" class=\"slide-840 ms-image \" aria-roledescription=\"slide\" data-date=\"2017-06-08 17:22:53\" data-filename=\"PAG10_dossier_1600x575-1025x368.jpg\" data-slide-type=\"image\"><img  title=\"L\u00edneas a\u00e9reas y subterr\u00e1neas de alta, media y baja tensi\u00f3n - Villa Flores Mart\u00edn\" loading=\"lazy\" decoding=\"async\" src=\"https:\/\/www.villafloresmartin.com\/es\/wp-content\/uploads\/2018\/04\/PAG10_dossier_1600x575-1025x368.jpg\" height=\"575\" width=\"1600\"  alt=\"L\u00edneas a\u00e9reas y subterr\u00e1neas de alta, media y baja tensi\u00f3n - Villa Flores Mart\u00edn\"  class=\"slider-836 slide-840 msDefaultImage\" \/><\/li>\n                <li style=\"display: none; width: 100%;\" class=\"slide-842 ms-image \" aria-roledescription=\"slide\" data-date=\"2017-06-08 17:22:54\" data-filename=\"redes-distribucion-cabecera-1d-1399x503.jpg\" data-slide-type=\"image\"><img  title=\"L\u00edneas a\u00e9reas y subterr\u00e1neas de alta, media y baja tensi\u00f3n - Villa Flores Mart\u00edn\" loading=\"lazy\" decoding=\"async\" src=\"https:\/\/www.villafloresmartin.com\/es\/wp-content\/uploads\/2017\/06\/redes-distribucion-cabecera-1d-1399x503.jpg\" height=\"575\" width=\"1600\"  alt=\"L\u00edneas a\u00e9reas y subterr\u00e1neas de alta, media y baja tensi\u00f3n - Villa Flores Mart\u00edn\"  class=\"slider-836 slide-842 msDefaultImage\" \/><\/li>\n                <li style=\"display: none; width: 100%;\" class=\"slide-841 ms-image \" aria-roledescription=\"slide\" data-date=\"2017-06-08 17:22:53\" data-filename=\"redes-distribucion-cabecera-1c.jpg\" data-slide-type=\"image\"><img  title=\"L\u00edneas a\u00e9reas y subterr\u00e1neas de alta, media y baja tensi\u00f3n - Villa Flores Mart\u00edn\" loading=\"lazy\" decoding=\"async\" src=\"https:\/\/www.villafloresmartin.com\/es\/wp-content\/uploads\/2017\/06\/redes-distribucion-cabecera-1c.jpg\" height=\"575\" width=\"1600\"  alt=\"L\u00edneas a\u00e9reas y subterr\u00e1neas de alta, media y baja tensi\u00f3n - Villa Flores Mart\u00edn\"  class=\"slider-836 slide-841 msDefaultImage\" \/><\/li>\n                <li style=\"display: none; width: 100%;\" class=\"slide-1326 ms-image \" aria-roledescription=\"slide\" data-date=\"2018-04-09 12:33:43\" data-filename=\"adif_20180110_103415_1600x575.jpg\" data-slide-type=\"image\"><img  title=\"L\u00edneas a\u00e9reas y subterr\u00e1neas de alta, media y baja tensi\u00f3n - Villa Flores Mart\u00edn\" loading=\"lazy\" decoding=\"async\" src=\"https:\/\/www.villafloresmartin.com\/es\/wp-content\/uploads\/2018\/04\/adif_20180110_103415_1600x575.jpg\" height=\"575\" width=\"1600\"  alt=\"L\u00edneas a\u00e9reas y subterr\u00e1neas de alta, media y baja tensi\u00f3n - Villa Flores Mart\u00edn\"  class=\"slider-836 slide-1326 msDefaultImage\" \/><\/li>\n            <\/ul>\n        <\/div>\n        \n    <\/div>\n<\/div>\n<h1 class=\"text-center mt-4 mb-4\">L\u00edneas a\u00e9reas y subterr\u00e1neas de Alta, Media y Baja Tensi\u00f3n<\/h1>\n<div class=\"adorno-naranja\"><\/div>\n<div class=\"container mt-4 mb-4\">\n<div class=\"row\">\n<div class=\"col-md-12 dos-columnas\">\n<p class=\"texto\">En Villa Flores Mart\u00edn (VFM) llevamos m\u00e1s de 30 a\u00f1os dedicados a la distribuci\u00f3n el\u00e9ctrica. Esta amplia trayectoria nos ha servido para especializarnos en el dise\u00f1o y en la construcci\u00f3n de l\u00edneas a\u00e9reas y subterr\u00e1neas. Trabajamos desde la instalaci\u00f3n de l\u00edneas de Alta y Media Tensi\u00f3n hasta las l\u00edneas de suministro en Baja Tensi\u00f3n, que son aquellas que llegan directamente al cliente.<\/p>\n<p class=\"texto\">Una de las principales se\u00f1as de identidad de nuestra empresa y que nos diferencia del resto de compa\u00f1\u00edas es nuestra implicaci\u00f3n absoluta con cada obra. Y es que para la realizaci\u00f3n de estos trabajos siempre empleamos nuestros propios medios t\u00e9cnicos y personal cualificado. De esta forma garantizamos que el desempe\u00f1o de todos los trabajos se llevan a cabo de la manera m\u00e1s eficiente para los clientes.<\/p>\n<\/div>\n<\/div>\n<\/div>\n<div class=\"row mt-4 mb-4\">\n<div class=\"col-md-6 fondo-gris padding-3\">\n<p class=\"texo\">Dentro de nuestro servicio de l\u00edneas a\u00e9reas y subterr\u00e1neas realizamos todo tipo de instalaci\u00f3n, ya sean de obra nueva, nuevas acometidas, desv\u00edos de l\u00edneas o <a href=\"https:\/\/www.villafloresmartin.com\/es\/servicios\/mantenimiento-instalaciones-electricas\/\">mantenimiento <\/a>de las mismas. Adem\u00e1s, para dar una gesti\u00f3n m\u00e1s completa e integral, nos encargamos tambi\u00e9n de los tr\u00e1mites legales que se suelen solicitar desde la compa\u00f1\u00eda suministradora u \u00f3rgano competente de las instalaciones realizadas. As\u00ed nuestro cliente se siente siempre atendido y se consigue una agradable sensaci\u00f3n de satisfacci\u00f3n por su parte, siendo este nuestro principal objetivo.<\/p>\n<\/div>\n<div class=\"col-md-6 fondo-naranja padding-3\">\n<p class=\"texto\">Si bien, para la realizaci\u00f3n de este servicio contamos con un personal altamente cualificado y con una gran experiencia en el desarrollo de este tipo de trabajos. Menci\u00f3n especial merece nuestra propia oficina t\u00e9cnica, que cuenta con ingenieros t\u00e9cnicos, delineantes y top\u00f3grafos de primer nivel. La uni\u00f3n de todo ello con nuestro Departamento de <a href=\"https:\/\/www.villafloresmartin.com\/es\/servicios\/obra-civil\/\">Obra Civil<\/a>, especializado en canalizaciones, supone un plus extra de excelencia a la asistencia que prestamos desde VFM.<\/p>\n<\/div>\n<\/div>\n<div class=\"container mb-4\">\n<div class=\"row\">\n<div class=\"col-xs-12 col-md-5\">\n<h3>\u00daltima tecnolog\u00eda para las l\u00edneas a\u00e9reas y subterr\u00e1neas<\/h3>\n<p class=\"texto\">Asimismo es importante poner de manifiesto el alto valor tecnol\u00f3gico de nuestros medios y herramientas. Tan solo apostamos por material de \u00faltima generaci\u00f3n, lo cual nos ha convertido en un referente dentro del mundo de la distribuci\u00f3n el\u00e9ctrica.<\/p>\n<p class=\"texto\">Tendidos de l\u00ednea el\u00e9ctrica, soterramiento de l\u00edneas, trenzados, conductores el\u00e9ctricos, apoyos de Baja y Media Tensi\u00f3n\u2026 No esperes para contactar con nosotros. Estamos aqu\u00ed para ayudarte.<\/p>\n<\/div>\n<div class=\"col-xs-12 col-md-7\">\n<h5>Provisional de obras<\/h5>\n<p class=\"texto\">El provisional de obra es uno de los servicios m\u00e1s recurrentes a los que tenemos que dar respuesta. Este tipo de actuaci\u00f3n se hace necesaria cuando una zona en construcci\u00f3n y sin conexi\u00f3n a la red de energ\u00eda requiere de una acometida el\u00e9ctrica, durante el desarrollo de una obra.<\/p>\n<p class=\"texto\">En Villa Flores Mart\u00edn podemos ayudarte con la tramitaci\u00f3n e instalaci\u00f3n de este tipo de montajes. Si bien, su utilizaci\u00f3n tiene fecha de caducidad. En caso de ser necesario una pr\u00f3rroga variar\u00e1 en base a los criterios de cada operador de red.<\/p>\n<p class=\"texto\">Una empresa especializada en el sector de la distribuci\u00f3n el\u00e9ctrica como VFM es la encargada de efectuar este tipo de trabajos. Adem\u00e1s, te asesoramos en todo lo que necesites, desde la gesti\u00f3n de los tr\u00e1mites hasta la instalaci\u00f3n del provisional de obra para que no falte nunca la iluminaci\u00f3n en la zona de trabajo. Incluso te ayudamos a gestionar el contrato el\u00e9ctrico con la empresa suministradora de energ\u00ed\u00ada que elijas.<\/p>\n<\/div>\n<\/div>\n<\/div>\n<div class=\"divider-gris mt-5 mb-4\"><\/div>\n<h2 class=\"text-center\">Contacta con nosotros<\/h2>\n<div class=\"adorno-naranja\"><\/div>\n<div class=\"container mt-4 mb-4\">\n<div class=\"wpcf7 no-js\" id=\"wpcf7-f293-o1\" lang=\"es-ES\" dir=\"ltr\" data-wpcf7-id=\"293\">\n<div class=\"screen-reader-response\"><p role=\"status\" aria-live=\"polite\" aria-atomic=\"true\"><\/p> <ul><\/ul><\/div>\n<form action=\"\/es\/wp-json\/wp\/v2\/pages\/236#wpcf7-f293-o1\" method=\"post\" class=\"wpcf7-form init\" aria-label=\"Formulario de contacto\" novalidate=\"novalidate\" data-status=\"init\">\n<fieldset class=\"hidden-fields-container\"><input type=\"hidden\" name=\"_wpcf7\" value=\"293\" \/><input type=\"hidden\" name=\"_wpcf7_version\" value=\"6.1.4\" \/><input type=\"hidden\" name=\"_wpcf7_locale\" value=\"es_ES\" \/><input type=\"hidden\" name=\"_wpcf7_unit_tag\" value=\"wpcf7-f293-o1\" \/><input type=\"hidden\" name=\"_wpcf7_container_post\" value=\"0\" \/><input type=\"hidden\" name=\"_wpcf7_posted_data_hash\" value=\"\" \/><input type=\"hidden\" name=\"_wpcf7_recaptcha_response\" value=\"\" \/>\n<\/fieldset>\n<div class=\"row\">\n\t<div class=\"col-md-6\">\n\t\t<p><label> <span class=\"wpcf7-form-control-wrap\" data-name=\"your-name\"><input size=\"40\" maxlength=\"400\" class=\"wpcf7-form-control wpcf7-text wpcf7-validates-as-required form-int\" aria-required=\"true\" aria-invalid=\"false\" placeholder=\"Nombre (*)\" value=\"\" type=\"text\" name=\"your-name\" \/><\/span> <\/label>\n\t\t<\/p>\n\t<\/div>\n\t<div class=\"col-md-6\">\n\t\t<p><label> <span class=\"wpcf7-form-control-wrap\" data-name=\"your-email\"><input size=\"40\" maxlength=\"400\" class=\"wpcf7-form-control wpcf7-email wpcf7-validates-as-required wpcf7-text wpcf7-validates-as-email form-int\" aria-required=\"true\" aria-invalid=\"false\" placeholder=\"Email (*)\" value=\"\" type=\"email\" name=\"your-email\" \/><\/span> <\/label>\n\t\t<\/p>\n\t<\/div>\n<\/div>\n<div class=\"row mt-3\">\n\t<div class=\"col-md-6\">\n\t\t<p><label> <span class=\"wpcf7-form-control-wrap\" data-name=\"tel-308\"><input size=\"40\" maxlength=\"400\" class=\"wpcf7-form-control wpcf7-tel wpcf7-text wpcf7-validates-as-tel form-int\" aria-invalid=\"false\" placeholder=\"Tel\u00e9fono\" value=\"\" type=\"tel\" name=\"tel-308\" \/><\/span> <\/label>\n\t\t<\/p>\n\t<\/div>\n\t<div class=\"col-md-6\">\n\t\t<p><label> <span class=\"wpcf7-form-control-wrap\" data-name=\"tipo-servicio\"><select class=\"wpcf7-form-control wpcf7-select form-int\" aria-invalid=\"false\" name=\"tipo-servicio\"><option value=\"Tipo de servicio\">Tipo de servicio<\/option><option value=\"L\u00edneas a\u00e9reas y subterr\u00e1neas de alta, media y baja tensi\u00f3n\">L\u00edneas a\u00e9reas y subterr\u00e1neas de alta, media y baja tensi\u00f3n<\/option><option value=\"Centros de transformaci\u00f3n\">Centros de transformaci\u00f3n<\/option><option value=\"Reparaci\u00f3n de aver\u00edas el\u00e9ctricas\">Reparaci\u00f3n de aver\u00edas el\u00e9ctricas<\/option><\/select><\/span> <\/label>\n\t\t<\/p>\n\t<\/div>\n<\/div>\n<div class=\"row mt-3\">\n\t<div class=\"col-md-12\">\n\t\t<p><label> <span class=\"wpcf7-form-control-wrap\" data-name=\"your-message\"><textarea cols=\"40\" rows=\"3\" maxlength=\"2000\" class=\"wpcf7-form-control wpcf7-textarea form-int\" aria-invalid=\"false\" placeholder=\"Mensaje\" name=\"your-message\"><\/textarea><\/span> <\/label>\n\t\t<\/p>\n\t<\/div>\n<\/div>\n<div class=\"row mt-3\">\n\t<div class=\"col-md-12\">\n\t\t<p class=\"text-center\"><span class=\"wpcf7-form-control-wrap\" data-name=\"acceptance-788\"><span class=\"wpcf7-form-control wpcf7-acceptance\"><span class=\"wpcf7-list-item\"><input type=\"checkbox\" name=\"acceptance-788\" value=\"1\" aria-invalid=\"false\" \/><\/span><\/span><\/span> He le\u00eddo y acepto la <a target=\"_blank\" href=\"https:\/\/www.villafloresmartin.com\/es\/aviso-legal\/\">pol\u00edtica de privacidad<\/a>\n\t\t<\/p>\n\t<\/div>\n<\/div>\n<div class=\"row mt-3\">\n\t<div class=\"col-md-12\">\n\t\t<p><input class=\"wpcf7-form-control wpcf7-submit has-spinner btn-int\" type=\"submit\" value=\"Enviar\" \/>\n\t\t<\/p>\n\t<\/div>\n<\/div><p style=\"display: none !important;\" class=\"akismet-fields-container\" data-prefix=\"_wpcf7_ak_\"><label>&#916;<textarea name=\"_wpcf7_ak_hp_textarea\" cols=\"45\" rows=\"8\" maxlength=\"100\"><\/textarea><\/label><input type=\"hidden\" id=\"ak_js_1\" name=\"_wpcf7_ak_js\" value=\"4\"\/><script>document.getElementById( \"ak_js_1\" ).setAttribute( \"value\", ( new Date() ).getTime() );<\/script><\/p><div class=\"wpcf7-response-output\" aria-hidden=\"true\"><\/div>\n<\/form>\n<\/div>\n<\/div>\n<div class=\"row mt-5 mb-3\">\n<div class=\"col-md-3 mosaico-home borde-derecha\">\n<div class=\"fondo-ingenieria-proyectos mosaico-escala mosaico-escala-int\">\n<h3><a class=\"d-flex justify-content-center flex-column\" href=\"https:\/\/www.villafloresmartin.com\/es\/servicios\/ingenieria-y-proyectos\/\">Ingenier\u00eda y proyectos<\/a><\/h3>\n<\/div>\n<\/div>\n<div class=\"col-md-3 mosaico-home borde-derecha-izquierda\">\n<div class=\"fondo-redes-distribucion mosaico-escala mosaico-escala-int\">\n<h3><a class=\"d-flex justify-content-center flex-column\" href=\"https:\/\/www.villafloresmartin.com\/es\/servicios\/redes-distribucion-alta-media-baja-tension\/\">Redes de distribuci\u00f3n de alta, media y baja tensi\u00f3n<\/a><\/h3>\n<\/div>\n<\/div>\n<div class=\"col-md-3 mosaico-home borde-derecha-izquierda\">\n<div class=\"fondo-localizacion-ensayos mosaico-escala mosaico-escala-int\">\n<h3><a class=\"d-flex justify-content-center flex-column\" href=\"https:\/\/www.villafloresmartin.com\/es\/servicios\/localizacion-ensayos-diagnosis-lineas-subterraneas-electricas\/\">Localizaci\u00f3n, ensayos y diagnosis de l\u00edneas subterr\u00e1neas el\u00e9ctricas<\/a><\/h3>\n<\/div>\n<\/div>\n<div class=\"col-md-3 mosaico-home borde-izquierda\">\n<div class=\"fondo-servicios-energia mosaico-escala mosaico-escala-int\">\n<h3><a class=\"d-flex justify-content-center flex-column\" href=\"https:\/\/www.villafloresmartin.com\/es\/servicios\/servicios-energia-electrica\/\">Servicios de energ\u00eda el\u00e9ctrica<\/a><\/h3>\n<\/div>\n<\/div>\n<\/div>\n<div class=\"row mb-4\">\n<div class=\"col-md-3 mosaico-home borde-derecha\">\n<div class=\"fondo-obra-civil mosaico-escala mosaico-escala-int\">\n<h3><a class=\"d-flex justify-content-center flex-column\" href=\"https:\/\/www.villafloresmartin.com\/es\/servicios\/obra-civil\/\">Obra civil<\/a><\/h3>\n<\/div>\n<\/div>\n<div class=\"col-md-3 mosaico-home borde-derecha-izquierda\">\n<div class=\"fondo-mantenimiento-instalaciones mosaico-escala mosaico-escala-int\">\n<h3><a class=\"d-flex justify-content-center flex-column\" href=\"https:\/\/www.villafloresmartin.com\/es\/servicios\/mantenimiento-instalaciones-electricas\/\">Mantenimiento de instalaciones el\u00e9ctricas<\/a><\/h3>\n<\/div>\n<\/div>\n<div class=\"col-md-3 mosaico-home borde-derecha-izquierda\">\n<div class=\"fondo-alumbrado-publico mosaico-escala mosaico-escala-int\">\n<h3><a class=\"d-flex justify-content-center flex-column\" href=\"https:\/\/www.villafloresmartin.com\/es\/servicios\/alumbrado-vial-urbano\/\">Alumbrado vial y urbano<\/a><\/h3>\n<\/div>\n<\/div>\n<div class=\"col-md-3 mosaico-home borde-izquierda\">\n<div class=\"fondo-energias-renovables mosaico-escala mosaico-escala-int\">\n<h3><a class=\"d-flex justify-content-center flex-column\" href=\"https:\/\/www.villafloresmartin.com\/es\/servicios\/energias-renovables\/\">Energ\u00edas renovables<\/a><\/h3>\n<\/div>\n<\/div>\n<\/div>\n","protected":false},"excerpt":{"rendered":"<p>L\u00edneas a\u00e9reas y subterr\u00e1neas de Alta, Media y Baja Tensi\u00f3n En Villa Flores Mart\u00edn (VFM) llevamos m\u00e1s de 30 a\u00f1os dedicados a la distribuci\u00f3n el\u00e9ctrica. Esta amplia trayectoria nos ha servido para especializarnos en el dise\u00f1o y en la construcci\u00f3n de l\u00edneas a\u00e9reas y subterr\u00e1neas. Trabajamos desde la instalaci\u00f3n de l\u00edneas de Alta y Media [&#8230;]<\/p>\n<p><a class=\"btn btn-secondary understrap-read-more-link\" href=\"https:\/\/www.villafloresmartin.com\/es\/servicios\/redes-distribucion-alta-media-baja-tension\/lineas-aereas-subterraneas-alta-media-baja-tension\/\">Leer m\u00e1s&#8230;<\/a><\/p>\n","protected":false},"author":2,"featured_media":0,"parent":50,"menu_order":0,"comment_status":"closed","ping_status":"closed","template":"page-templates\/empty.php","meta":{"footnotes":""},"class_list":["post-236","page","type-page","status-publish","hentry"],"yoast_head":"<!-- This site is optimized with the Yoast SEO plugin v26.9 - https:\/\/yoast.com\/product\/yoast-seo-wordpress\/ -->\n<title>Sustituci\u00f3n de Fusibles de media tensi\u00f3n y alta tensi\u00f3n - Villa Flores Mart\u00edn<\/title>\n<meta name=\"description\" content=\"En Villa Flores Mart\u00edn (VFM) llevamos m\u00e1s de 30 a\u00f1os dedicados a la distribuci\u00f3n el\u00e9ctrica. Esta amplia trayectoria nos ha servido para especializarnos en el dise\u00f1o y en la construcci\u00f3n de l\u00edneas a\u00e9reas y subterr\u00e1neas.\" \/>\n<meta name=\"robots\" content=\"index, follow, max-snippet:-1, max-image-preview:large, max-video-preview:-1\" \/>\n<link rel=\"canonical\" href=\"https:\/\/www.villafloresmartin.com\/es\/servicios\/redes-distribucion-alta-media-baja-tension\/lineas-aereas-subterraneas-alta-media-baja-tension\/\" \/>\n<meta property=\"og:locale\" content=\"es_ES\" \/>\n<meta property=\"og:type\" content=\"article\" \/>\n<meta property=\"og:title\" content=\"Sustituci\u00f3n de Fusibles de media tensi\u00f3n y alta tensi\u00f3n - Villa Flores Mart\u00edn\" \/>\n<meta property=\"og:description\" content=\"En Villa Flores Mart\u00edn (VFM) llevamos m\u00e1s de 30 a\u00f1os dedicados a la distribuci\u00f3n el\u00e9ctrica. Esta amplia trayectoria nos ha servido para especializarnos en el dise\u00f1o y en la construcci\u00f3n de l\u00edneas a\u00e9reas y subterr\u00e1neas.\" \/>\n<meta property=\"og:url\" content=\"https:\/\/www.villafloresmartin.com\/es\/servicios\/redes-distribucion-alta-media-baja-tension\/lineas-aereas-subterraneas-alta-media-baja-tension\/\" \/>\n<meta property=\"og:site_name\" content=\"Villa Flores Mart\u00edn\" \/>\n<meta property=\"article:modified_time\" content=\"2019-04-04T08:37:03+00:00\" \/>\n<meta name=\"twitter:label1\" content=\"Tiempo de lectura\" \/>\n\t<meta name=\"twitter:data1\" content=\"3 minutos\" \/>\n<script type=\"application\/ld+json\" class=\"yoast-schema-graph\">{\"@context\":\"https:\/\/schema.org\",\"@graph\":[{\"@type\":\"WebPage\",\"@id\":\"https:\/\/www.villafloresmartin.com\/es\/servicios\/redes-distribucion-alta-media-baja-tension\/lineas-aereas-subterraneas-alta-media-baja-tension\/\",\"url\":\"https:\/\/www.villafloresmartin.com\/es\/servicios\/redes-distribucion-alta-media-baja-tension\/lineas-aereas-subterraneas-alta-media-baja-tension\/\",\"name\":\"Sustituci\u00f3n de Fusibles de media tensi\u00f3n y alta tensi\u00f3n - Villa Flores Mart\u00edn\",\"isPartOf\":{\"@id\":\"https:\/\/www.villafloresmartin.com\/es\/#website\"},\"datePublished\":\"2017-05-24T08:01:14+00:00\",\"dateModified\":\"2019-04-04T08:37:03+00:00\",\"description\":\"En Villa Flores Mart\u00edn (VFM) llevamos m\u00e1s de 30 a\u00f1os dedicados a la distribuci\u00f3n el\u00e9ctrica. Esta amplia trayectoria nos ha servido para especializarnos en el dise\u00f1o y en la construcci\u00f3n de l\u00edneas a\u00e9reas y subterr\u00e1neas.\",\"breadcrumb\":{\"@id\":\"https:\/\/www.villafloresmartin.com\/es\/servicios\/redes-distribucion-alta-media-baja-tension\/lineas-aereas-subterraneas-alta-media-baja-tension\/#breadcrumb\"},\"inLanguage\":\"es\",\"potentialAction\":[{\"@type\":\"ReadAction\",\"target\":[\"https:\/\/www.villafloresmartin.com\/es\/servicios\/redes-distribucion-alta-media-baja-tension\/lineas-aereas-subterraneas-alta-media-baja-tension\/\"]}]},{\"@type\":\"BreadcrumbList\",\"@id\":\"https:\/\/www.villafloresmartin.com\/es\/servicios\/redes-distribucion-alta-media-baja-tension\/lineas-aereas-subterraneas-alta-media-baja-tension\/#breadcrumb\",\"itemListElement\":[{\"@type\":\"ListItem\",\"position\":1,\"name\":\"Portada\",\"item\":\"https:\/\/www.villafloresmartin.com\/es\/\"},{\"@type\":\"ListItem\",\"position\":2,\"name\":\"Servicios\",\"item\":\"https:\/\/www.villafloresmartin.com\/es\/servicios\/\"},{\"@type\":\"ListItem\",\"position\":3,\"name\":\"Redes de distribuci\u00f3n de alta, media y baja tensi\u00f3n\",\"item\":\"https:\/\/www.villafloresmartin.com\/es\/servicios\/redes-distribucion-alta-media-baja-tension\/\"},{\"@type\":\"ListItem\",\"position\":4,\"name\":\"L\u00edneas a\u00e9reas y subterr\u00e1neas de alta, media y baja tensi\u00f3n\"}]},{\"@type\":\"WebSite\",\"@id\":\"https:\/\/www.villafloresmartin.com\/es\/#website\",\"url\":\"https:\/\/www.villafloresmartin.com\/es\/\",\"name\":\"Villa Flores Mart\u00edn\",\"description\":\"\",\"potentialAction\":[{\"@type\":\"SearchAction\",\"target\":{\"@type\":\"EntryPoint\",\"urlTemplate\":\"https:\/\/www.villafloresmartin.com\/es\/?s={search_term_string}\"},\"query-input\":{\"@type\":\"PropertyValueSpecification\",\"valueRequired\":true,\"valueName\":\"search_term_string\"}}],\"inLanguage\":\"es\"}]}<\/script>\n<!-- \/ Yoast SEO plugin. -->","yoast_head_json":{"title":"Sustituci\u00f3n de Fusibles de media tensi\u00f3n y alta tensi\u00f3n - Villa Flores Mart\u00edn","description":"En Villa Flores Mart\u00edn (VFM) llevamos m\u00e1s de 30 a\u00f1os dedicados a la distribuci\u00f3n el\u00e9ctrica. Esta amplia trayectoria nos ha servido para especializarnos en el dise\u00f1o y en la construcci\u00f3n de l\u00edneas a\u00e9reas y subterr\u00e1neas.","robots":{"index":"index","follow":"follow","max-snippet":"max-snippet:-1","max-image-preview":"max-image-preview:large","max-video-preview":"max-video-preview:-1"},"canonical":"https:\/\/www.villafloresmartin.com\/es\/servicios\/redes-distribucion-alta-media-baja-tension\/lineas-aereas-subterraneas-alta-media-baja-tension\/","og_locale":"es_ES","og_type":"article","og_title":"Sustituci\u00f3n de Fusibles de media tensi\u00f3n y alta tensi\u00f3n - Villa Flores Mart\u00edn","og_description":"En Villa Flores Mart\u00edn (VFM) llevamos m\u00e1s de 30 a\u00f1os dedicados a la distribuci\u00f3n el\u00e9ctrica. Esta amplia trayectoria nos ha servido para especializarnos en el dise\u00f1o y en la construcci\u00f3n de l\u00edneas a\u00e9reas y subterr\u00e1neas.","og_url":"https:\/\/www.villafloresmartin.com\/es\/servicios\/redes-distribucion-alta-media-baja-tension\/lineas-aereas-subterraneas-alta-media-baja-tension\/","og_site_name":"Villa Flores Mart\u00edn","article_modified_time":"2019-04-04T08:37:03+00:00","twitter_misc":{"Tiempo de lectura":"3 minutos"},"schema":{"@context":"https:\/\/schema.org","@graph":[{"@type":"WebPage","@id":"https:\/\/www.villafloresmartin.com\/es\/servicios\/redes-distribucion-alta-media-baja-tension\/lineas-aereas-subterraneas-alta-media-baja-tension\/","url":"https:\/\/www.villafloresmartin.com\/es\/servicios\/redes-distribucion-alta-media-baja-tension\/lineas-aereas-subterraneas-alta-media-baja-tension\/","name":"Sustituci\u00f3n de Fusibles de media tensi\u00f3n y alta tensi\u00f3n - Villa Flores Mart\u00edn","isPartOf":{"@id":"https:\/\/www.villafloresmartin.com\/es\/#website"},"datePublished":"2017-05-24T08:01:14+00:00","dateModified":"2019-04-04T08:37:03+00:00","description":"En Villa Flores Mart\u00edn (VFM) llevamos m\u00e1s de 30 a\u00f1os dedicados a la distribuci\u00f3n el\u00e9ctrica. Esta amplia trayectoria nos ha servido para especializarnos en el dise\u00f1o y en la construcci\u00f3n de l\u00edneas a\u00e9reas y subterr\u00e1neas.","breadcrumb":{"@id":"https:\/\/www.villafloresmartin.com\/es\/servicios\/redes-distribucion-alta-media-baja-tension\/lineas-aereas-subterraneas-alta-media-baja-tension\/#breadcrumb"},"inLanguage":"es","potentialAction":[{"@type":"ReadAction","target":["https:\/\/www.villafloresmartin.com\/es\/servicios\/redes-distribucion-alta-media-baja-tension\/lineas-aereas-subterraneas-alta-media-baja-tension\/"]}]},{"@type":"BreadcrumbList","@id":"https:\/\/www.villafloresmartin.com\/es\/servicios\/redes-distribucion-alta-media-baja-tension\/lineas-aereas-subterraneas-alta-media-baja-tension\/#breadcrumb","itemListElement":[{"@type":"ListItem","position":1,"name":"Portada","item":"https:\/\/www.villafloresmartin.com\/es\/"},{"@type":"ListItem","position":2,"name":"Servicios","item":"https:\/\/www.villafloresmartin.com\/es\/servicios\/"},{"@type":"ListItem","position":3,"name":"Redes de distribuci\u00f3n de alta, media y baja tensi\u00f3n","item":"https:\/\/www.villafloresmartin.com\/es\/servicios\/redes-distribucion-alta-media-baja-tension\/"},{"@type":"ListItem","position":4,"name":"L\u00edneas a\u00e9reas y subterr\u00e1neas de alta, media y baja tensi\u00f3n"}]},{"@type":"WebSite","@id":"https:\/\/www.villafloresmartin.com\/es\/#website","url":"https:\/\/www.villafloresmartin.com\/es\/","name":"Villa Flores Mart\u00edn","description":"","potentialAction":[{"@type":"SearchAction","target":{"@type":"EntryPoint","urlTemplate":"https:\/\/www.villafloresmartin.com\/es\/?s={search_term_string}"},"query-input":{"@type":"PropertyValueSpecification","valueRequired":true,"valueName":"search_term_string"}}],"inLanguage":"es"}]}},"_links":{"self":[{"href":"https:\/\/www.villafloresmartin.com\/es\/wp-json\/wp\/v2\/pages\/236","targetHints":{"allow":["GET"]}}],"collection":[{"href":"https:\/\/www.villafloresmartin.com\/es\/wp-json\/wp\/v2\/pages"}],"about":[{"href":"https:\/\/www.villafloresmartin.com\/es\/wp-json\/wp\/v2\/types\/page"}],"author":[{"embeddable":true,"href":"https:\/\/www.villafloresmartin.com\/es\/wp-json\/wp\/v2\/users\/2"}],"replies":[{"embeddable":true,"href":"https:\/\/www.villafloresmartin.com\/es\/wp-json\/wp\/v2\/comments?post=236"}],"version-history":[{"count":0,"href":"https:\/\/www.villafloresmartin.com\/es\/wp-json\/wp\/v2\/pages\/236\/revisions"}],"up":[{"embeddable":true,"href":"https:\/\/www.villafloresmartin.com\/es\/wp-json\/wp\/v2\/pages\/50"}],"wp:attachment":[{"href":"https:\/\/www.villafloresmartin.com\/es\/wp-json\/wp\/v2\/media?parent=236"}],"curies":[{"name":"wp","href":"https:\/\/api.w.org\/{rel}","templated":true}]}}