{"id":213,"date":"2017-05-24T09:19:54","date_gmt":"2017-05-24T07:19:54","guid":{"rendered":"https:\/\/www.villafloresmartin.com\/es\/?page_id=213"},"modified":"2019-04-04T10:33:31","modified_gmt":"2019-04-04T08:33:31","slug":"gestiones-administrativas-tramitaciones","status":"publish","type":"page","link":"https:\/\/www.villafloresmartin.com\/es\/servicios\/ingenieria-y-proyectos\/gestiones-administrativas-tramitaciones\/","title":{"rendered":"Gestiones administrativas y tramitaciones"},"content":{"rendered":"<p class=\"no-margin\"><img  title=\"Gestiones administrativas y tramitaciones - Villa Flores Mart\u00edn\" loading=\"lazy\" decoding=\"async\" class=\"aligncenter size-full wp-image-698 img-full\" src=\"https:\/\/www.villafloresmartin.com\/es\/wp-content\/uploads\/2017\/05\/ingenieria-cabecera-2.jpg\"  alt=\"Gestiones administrativas y tramitaciones - Villa Flores Mart\u00edn\"  width=\"1600\" height=\"575\" srcset=\"https:\/\/www.villafloresmartin.com\/es\/wp-content\/uploads\/2017\/05\/ingenieria-cabecera-2.jpg 1600w, https:\/\/www.villafloresmartin.com\/es\/wp-content\/uploads\/2017\/05\/ingenieria-cabecera-2-300x108.jpg 300w, https:\/\/www.villafloresmartin.com\/es\/wp-content\/uploads\/2017\/05\/ingenieria-cabecera-2-768x276.jpg 768w, https:\/\/www.villafloresmartin.com\/es\/wp-content\/uploads\/2017\/05\/ingenieria-cabecera-2-1024x368.jpg 1024w\" sizes=\"auto, (max-width: 1600px) 100vw, 1600px\" \/><\/p>\n<h1 class=\"text-center mt-4 mb-4\">Gestiones administrativas y tramitaciones<\/h1>\n<div class=\"adorno-naranja\"><\/div>\n<div class=\"container mt-4 mb-4\">\n<div class=\"row\">\n<div class=\"col-md-12 dos-columnas\">\n<p class=\"texto\">El Departamento de Oficina T\u00e9cnica de Villa Flores Mart\u00edn (VFM) est\u00e1 formado por un amplio equipo de profesionales especializados en la gesti\u00f3n administrativa y en las tramitaciones propias del sector el\u00e9ctrico. Nuestro personal te tramitar\u00e1 de manera eficaz y eficiente cualquier expediente requerido por la administraci\u00f3n o la compa\u00f1\u00eda suministradora de energ\u00eda. Este tipo de asesoramiento se antoja m\u00e1s que necesario para la consecuci\u00f3n de autorizaciones administrativas de ejecuci\u00f3n y puesta en servicio de instalaciones el\u00e9ctricas.<br \/>\nEn este sentido, VFM dedica todo su esfuerzo e implicaci\u00f3n en darle a sus clientes un servicio con el que se sientan satisfechos. Damos mucha importancia a los tiempos de tramitaci\u00f3n, por lo que nuestros t\u00e9cnicos llevar\u00e1n a cabo un seguimiento exhaustivo del estado de la diligencia y de los agentes intervinientes. Tal es el caso de organismos de control, instituciones p\u00fablicas, compa\u00f1\u00edas suministradoras de electricidad, entre otros.<\/p>\n<p class=\"texto\">Nuestros esfuerzos ir\u00e1n en todo momento dirigidos a obtener los permisos necesarios para la ejecuci\u00f3n de las obras en el menor tiempo posible, as\u00ed como su puesta en servicio.<\/p>\n<\/div>\n<\/div>\n<\/div>\n<div class=\"row mt-4 mb-4\">\n<div class=\"col-md-6 fondo-gris padding-3\">\n<h3>Algunas de las tramitaciones a las que damos cobertura desde Villa Flores Mart\u00edn son las siguientes:<\/h3>\n<ul>\n<li>Tramitaciones en ayuntamientos para la obtenci\u00f3n de licencias de obras.<\/li>\n<li>Tramitaci\u00f3n de autorizaciones en los diferentes organismos que se pueden ver implicados en la ejecuci\u00f3n y desarrollo de una obra.<\/li>\n<\/ul>\n<\/div>\n<div class=\"col-md-6 fondo-naranja padding-3\">\n<ul>\n<li>Tramitaciones para la gesti\u00f3n de solicitudes de condiciones de suministro de energ\u00eda en las compa\u00f1\u00edas el\u00e9ctricas.<\/li>\n<li>Tramitaciones de los expedientes con compa\u00f1\u00edas suministradoras de electricidad para futuras contrataciones de servicios y energ\u00eda.\n<ul>\n<li>Ayuda al cliente para la obtenci\u00f3n de contratos de suministro el\u00e9ctrico.<\/li>\n<li>Preparaci\u00f3n de documentaci\u00f3n para la legalizaci\u00f3n de las instalaciones con la compa\u00f1\u00eda suministradora.<\/li>\n<\/ul>\n<\/li>\n<li>Tramitamos y realizamos certificados de instalaciones de Baja Tensi\u00f3n.<\/li>\n<\/ul>\n<\/div>\n<\/div>\n<h3 class=\"text-center\">Te ayudamos con la gesti\u00f3n administrativa de instalaciones el\u00e9ctricas<\/h3>\n<div class=\"container mb-4\">\n<div class=\"row\">\n<div class=\"dos-columnas\">\n<p class=\"texto\">Por tanto, si necesitas asesoramiento en materia relacionada con la legalizaci\u00f3n de instalaciones de Media, Baja Tensi\u00f3n o Centros de Transformaci\u00f3n, as\u00ed como para cualquier tipo de proyecto el\u00e9ctrico, acometidas o levantamientos topogr\u00e1ficos de l\u00edneas a\u00e9reas, no dudes en ponerte en contacto con Villa Flores Mart\u00edn. Estaremos encantados de atenderte.<\/p>\n<\/div>\n<\/div>\n<\/div>\n<div class=\"divider-gris mt-5 mb-4\"><\/div>\n<h2 class=\"text-center\">Contacta con nosotros<\/h2>\n<div class=\"adorno-naranja\"><\/div>\n<div class=\"container mt-4 mb-4\">\n<div class=\"wpcf7 no-js\" id=\"wpcf7-f286-o1\" lang=\"es-ES\" dir=\"ltr\" data-wpcf7-id=\"286\">\n<div class=\"screen-reader-response\"><p role=\"status\" aria-live=\"polite\" aria-atomic=\"true\"><\/p> <ul><\/ul><\/div>\n<form action=\"\/es\/wp-json\/wp\/v2\/pages\/213#wpcf7-f286-o1\" method=\"post\" class=\"wpcf7-form init\" aria-label=\"Formulario de contacto\" novalidate=\"novalidate\" data-status=\"init\">\n<fieldset class=\"hidden-fields-container\"><input type=\"hidden\" name=\"_wpcf7\" value=\"286\" \/><input type=\"hidden\" name=\"_wpcf7_version\" value=\"6.1.4\" \/><input type=\"hidden\" name=\"_wpcf7_locale\" value=\"es_ES\" \/><input type=\"hidden\" name=\"_wpcf7_unit_tag\" value=\"wpcf7-f286-o1\" \/><input type=\"hidden\" name=\"_wpcf7_container_post\" value=\"0\" \/><input type=\"hidden\" name=\"_wpcf7_posted_data_hash\" value=\"\" \/><input type=\"hidden\" name=\"_wpcf7_recaptcha_response\" value=\"\" \/>\n<\/fieldset>\n<div class=\"row\">\n\t<div class=\"col-md-6\">\n\t\t<p><label> <span class=\"wpcf7-form-control-wrap\" data-name=\"your-name\"><input size=\"40\" maxlength=\"400\" class=\"wpcf7-form-control wpcf7-text wpcf7-validates-as-required form-int\" aria-required=\"true\" aria-invalid=\"false\" placeholder=\"Nombre (*)\" value=\"\" type=\"text\" name=\"your-name\" \/><\/span> <\/label>\n\t\t<\/p>\n\t<\/div>\n\t<div class=\"col-md-6\">\n\t\t<p><label> <span class=\"wpcf7-form-control-wrap\" data-name=\"your-email\"><input size=\"40\" maxlength=\"400\" class=\"wpcf7-form-control wpcf7-email wpcf7-validates-as-required wpcf7-text wpcf7-validates-as-email form-int\" aria-required=\"true\" aria-invalid=\"false\" placeholder=\"Email (*)\" value=\"\" type=\"email\" name=\"your-email\" \/><\/span> <\/label>\n\t\t<\/p>\n\t<\/div>\n<\/div>\n<div class=\"row mt-3\">\n\t<div class=\"col-md-6\">\n\t\t<p><label> <span class=\"wpcf7-form-control-wrap\" data-name=\"tel-308\"><input size=\"40\" maxlength=\"400\" class=\"wpcf7-form-control wpcf7-tel wpcf7-text wpcf7-validates-as-tel form-int\" aria-invalid=\"false\" placeholder=\"Tel\u00e9fono\" value=\"\" type=\"tel\" name=\"tel-308\" \/><\/span> <\/label>\n\t\t<\/p>\n\t<\/div>\n\t<div class=\"col-md-6\">\n\t\t<p><label> <span class=\"wpcf7-form-control-wrap\" data-name=\"tipo-servicio\"><select class=\"wpcf7-form-control wpcf7-select form-int\" aria-invalid=\"false\" name=\"tipo-servicio\"><option value=\"Tipo de servicio\">Tipo de servicio<\/option><option value=\"Proyectos, estudios y certificado final de obra\">Proyectos, estudios y certificado final de obra<\/option><option value=\"Gestiones administrativas y tramitaciones\">Gestiones administrativas y tramitaciones<\/option><\/select><\/span> <\/label>\n\t\t<\/p>\n\t<\/div>\n<\/div>\n<div class=\"row mt-3\">\n\t<div class=\"col-md-12\">\n\t\t<p><label> <span class=\"wpcf7-form-control-wrap\" data-name=\"your-message\"><textarea cols=\"40\" rows=\"3\" maxlength=\"2000\" class=\"wpcf7-form-control wpcf7-textarea form-int\" aria-invalid=\"false\" placeholder=\"Mensaje\" name=\"your-message\"><\/textarea><\/span> <\/label>\n\t\t<\/p>\n\t<\/div>\n<\/div>\n<div class=\"row mt-3\">\n\t<div class=\"col-md-12\">\n\t\t<p class=\"text-center\"><span class=\"wpcf7-form-control-wrap\" data-name=\"acceptance-788\"><span class=\"wpcf7-form-control wpcf7-acceptance\"><span class=\"wpcf7-list-item\"><input type=\"checkbox\" name=\"acceptance-788\" value=\"1\" aria-invalid=\"false\" \/><\/span><\/span><\/span> He le\u00eddo y acepto la <a target=\"_blank\" href=\"https:\/\/www.villafloresmartin.com\/es\/aviso-legal\/\">pol\u00edtica de privacidad<\/a>\n\t\t<\/p>\n\t<\/div>\n<\/div>\n<div class=\"row mt-3\">\n\t<div class=\"col-md-12\">\n\t\t<p><input class=\"wpcf7-form-control wpcf7-submit has-spinner btn-int\" type=\"submit\" value=\"Enviar\" \/>\n\t\t<\/p>\n\t<\/div>\n<\/div><p style=\"display: none !important;\" class=\"akismet-fields-container\" data-prefix=\"_wpcf7_ak_\"><label>&#916;<textarea name=\"_wpcf7_ak_hp_textarea\" cols=\"45\" rows=\"8\" maxlength=\"100\"><\/textarea><\/label><input type=\"hidden\" id=\"ak_js_1\" name=\"_wpcf7_ak_js\" value=\"116\"\/><script>document.getElementById( \"ak_js_1\" ).setAttribute( \"value\", ( new Date() ).getTime() );<\/script><\/p><div class=\"wpcf7-response-output\" aria-hidden=\"true\"><\/div>\n<\/form>\n<\/div>\n<\/div>\n<div class=\"row mt-5 mb-3\">\n<div class=\"col-md-3 mosaico-home borde-derecha\">\n<div class=\"fondo-ingenieria-proyectos mosaico-escala mosaico-escala-int\">\n<h3><a class=\"d-flex justify-content-center flex-column\" href=\"https:\/\/www.villafloresmartin.com\/es\/servicios\/ingenieria-y-proyectos\/\">Ingenier\u00eda y proyectos<\/a><\/h3>\n<\/div>\n<\/div>\n<div class=\"col-md-3 mosaico-home borde-derecha-izquierda\">\n<div class=\"fondo-redes-distribucion mosaico-escala mosaico-escala-int\">\n<h3><a class=\"d-flex justify-content-center flex-column\" href=\"https:\/\/www.villafloresmartin.com\/es\/servicios\/redes-distribucion-alta-media-baja-tension\/\">Redes de distribuci\u00f3n de alta, media y baja tensi\u00f3n<\/a><\/h3>\n<\/div>\n<\/div>\n<div class=\"col-md-3 mosaico-home borde-derecha-izquierda\">\n<div class=\"fondo-localizacion-ensayos mosaico-escala mosaico-escala-int\">\n<h3><a class=\"d-flex justify-content-center flex-column\" href=\"https:\/\/www.villafloresmartin.com\/es\/servicios\/localizacion-ensayos-diagnosis-lineas-subterraneas-electricas\/\">Localizaci\u00f3n, ensayos y diagnosis de l\u00edneas subterr\u00e1neas el\u00e9ctricas<\/a><\/h3>\n<\/div>\n<\/div>\n<div class=\"col-md-3 mosaico-home borde-izquierda\">\n<div class=\"fondo-servicios-energia mosaico-escala mosaico-escala-int\">\n<h3><a class=\"d-flex justify-content-center flex-column\" href=\"https:\/\/www.villafloresmartin.com\/es\/servicios\/servicios-energia-electrica\/\">Servicios de energ\u00eda el\u00e9ctrica<\/a><\/h3>\n<\/div>\n<\/div>\n<\/div>\n<div class=\"row mb-4\">\n<div class=\"col-md-3 mosaico-home borde-derecha\">\n<div class=\"fondo-obra-civil mosaico-escala mosaico-escala-int\">\n<h3><a class=\"d-flex justify-content-center flex-column\" href=\"https:\/\/www.villafloresmartin.com\/es\/servicios\/obra-civil\/\">Obra civil<\/a><\/h3>\n<\/div>\n<\/div>\n<div class=\"col-md-3 mosaico-home borde-derecha-izquierda\">\n<div class=\"fondo-mantenimiento-instalaciones mosaico-escala mosaico-escala-int\">\n<h3><a class=\"d-flex justify-content-center flex-column\" href=\"https:\/\/www.villafloresmartin.com\/es\/servicios\/mantenimiento-instalaciones-electricas\/\">Mantenimiento de instalaciones el\u00e9ctricas<\/a><\/h3>\n<\/div>\n<\/div>\n<div class=\"col-md-3 mosaico-home borde-derecha-izquierda\">\n<div class=\"fondo-alumbrado-publico mosaico-escala mosaico-escala-int\">\n<h3><a class=\"d-flex justify-content-center flex-column\" href=\"https:\/\/www.villafloresmartin.com\/es\/servicios\/alumbrado-vial-urbano\/\">Alumbrado vial y urbano<\/a><\/h3>\n<\/div>\n<\/div>\n<div class=\"col-md-3 mosaico-home borde-izquierda\">\n<div class=\"fondo-energias-renovables mosaico-escala mosaico-escala-int\">\n<h3><a class=\"d-flex justify-content-center flex-column\" href=\"https:\/\/www.villafloresmartin.com\/es\/servicios\/energias-renovables\/\">Energ\u00edas renovables<\/a><\/h3>\n<\/div>\n<\/div>\n<\/div>\n","protected":false},"excerpt":{"rendered":"<p>Gestiones administrativas y tramitaciones El Departamento de Oficina T\u00e9cnica de Villa Flores Mart\u00edn (VFM) est\u00e1 formado por un amplio equipo de profesionales especializados en la gesti\u00f3n administrativa y en las tramitaciones propias del sector el\u00e9ctrico. Nuestro personal te tramitar\u00e1 de manera eficaz y eficiente cualquier expediente requerido por la administraci\u00f3n o la compa\u00f1\u00eda suministradora de [&#8230;]<\/p>\n<p><a class=\"btn btn-secondary understrap-read-more-link\" href=\"https:\/\/www.villafloresmartin.com\/es\/servicios\/ingenieria-y-proyectos\/gestiones-administrativas-tramitaciones\/\">Leer m\u00e1s&#8230;<\/a><\/p>\n","protected":false},"author":2,"featured_media":0,"parent":48,"menu_order":0,"comment_status":"closed","ping_status":"closed","template":"page-templates\/empty.php","meta":{"footnotes":""},"class_list":["post-213","page","type-page","status-publish","hentry"],"yoast_head":"<!-- This site is optimized with the Yoast SEO plugin v26.9 - https:\/\/yoast.com\/product\/yoast-seo-wordpress\/ -->\n<title>Proyecto de Centro de Transformaci\u00f3n - Proyectos de L\u00ednea A\u00e9rea de Media tensi\u00f3n - Gestiones Administrativas de Instalaciones El\u00e9ctricas<\/title>\n<meta name=\"description\" content=\"VFM dedica todo su esfuerzo e implicaci\u00f3n en darle a sus clientes un servicio con el que se sientan satisfechos. Damos mucha importancia a los tiempos de tramitaci\u00f3n, por lo que nuestros t\u00e9cnicos llevar\u00e1n a cabo un seguimiento exhaustivo del estado de la diligencia y de los agentes intervinientes.\" \/>\n<meta name=\"robots\" content=\"index, follow, max-snippet:-1, max-image-preview:large, max-video-preview:-1\" \/>\n<link rel=\"canonical\" href=\"https:\/\/www.villafloresmartin.com\/es\/servicios\/ingenieria-y-proyectos\/gestiones-administrativas-tramitaciones\/\" \/>\n<meta property=\"og:locale\" content=\"es_ES\" \/>\n<meta property=\"og:type\" content=\"article\" \/>\n<meta property=\"og:title\" content=\"Proyecto de Centro de Transformaci\u00f3n - Proyectos de L\u00ednea A\u00e9rea de Media tensi\u00f3n - Gestiones Administrativas de Instalaciones El\u00e9ctricas\" \/>\n<meta property=\"og:description\" content=\"VFM dedica todo su esfuerzo e implicaci\u00f3n en darle a sus clientes un servicio con el que se sientan satisfechos. Damos mucha importancia a los tiempos de tramitaci\u00f3n, por lo que nuestros t\u00e9cnicos llevar\u00e1n a cabo un seguimiento exhaustivo del estado de la diligencia y de los agentes intervinientes.\" \/>\n<meta property=\"og:url\" content=\"https:\/\/www.villafloresmartin.com\/es\/servicios\/ingenieria-y-proyectos\/gestiones-administrativas-tramitaciones\/\" \/>\n<meta property=\"og:site_name\" content=\"Villa Flores Mart\u00edn\" \/>\n<meta property=\"article:modified_time\" content=\"2019-04-04T08:33:31+00:00\" \/>\n<meta property=\"og:image\" content=\"https:\/\/www.villafloresmartin.com\/es\/wp-content\/uploads\/2017\/05\/ingenieria-cabecera-2.jpg\" \/>\n<meta name=\"twitter:label1\" content=\"Tiempo de lectura\" \/>\n\t<meta name=\"twitter:data1\" content=\"2 minutos\" \/>\n<script type=\"application\/ld+json\" class=\"yoast-schema-graph\">{\"@context\":\"https:\/\/schema.org\",\"@graph\":[{\"@type\":\"WebPage\",\"@id\":\"https:\/\/www.villafloresmartin.com\/es\/servicios\/ingenieria-y-proyectos\/gestiones-administrativas-tramitaciones\/\",\"url\":\"https:\/\/www.villafloresmartin.com\/es\/servicios\/ingenieria-y-proyectos\/gestiones-administrativas-tramitaciones\/\",\"name\":\"Proyecto de Centro de Transformaci\u00f3n - Proyectos de L\u00ednea A\u00e9rea de Media tensi\u00f3n - Gestiones Administrativas de Instalaciones El\u00e9ctricas\",\"isPartOf\":{\"@id\":\"https:\/\/www.villafloresmartin.com\/es\/#website\"},\"primaryImageOfPage\":{\"@id\":\"https:\/\/www.villafloresmartin.com\/es\/servicios\/ingenieria-y-proyectos\/gestiones-administrativas-tramitaciones\/#primaryimage\"},\"image\":{\"@id\":\"https:\/\/www.villafloresmartin.com\/es\/servicios\/ingenieria-y-proyectos\/gestiones-administrativas-tramitaciones\/#primaryimage\"},\"thumbnailUrl\":\"https:\/\/www.villafloresmartin.com\/es\/wp-content\/uploads\/2017\/05\/ingenieria-cabecera-2.jpg\",\"datePublished\":\"2017-05-24T07:19:54+00:00\",\"dateModified\":\"2019-04-04T08:33:31+00:00\",\"description\":\"VFM dedica todo su esfuerzo e implicaci\u00f3n en darle a sus clientes un servicio con el que se sientan satisfechos. Damos mucha importancia a los tiempos de tramitaci\u00f3n, por lo que nuestros t\u00e9cnicos llevar\u00e1n a cabo un seguimiento exhaustivo del estado de la diligencia y de los agentes intervinientes.\",\"breadcrumb\":{\"@id\":\"https:\/\/www.villafloresmartin.com\/es\/servicios\/ingenieria-y-proyectos\/gestiones-administrativas-tramitaciones\/#breadcrumb\"},\"inLanguage\":\"es\",\"potentialAction\":[{\"@type\":\"ReadAction\",\"target\":[\"https:\/\/www.villafloresmartin.com\/es\/servicios\/ingenieria-y-proyectos\/gestiones-administrativas-tramitaciones\/\"]}]},{\"@type\":\"ImageObject\",\"inLanguage\":\"es\",\"@id\":\"https:\/\/www.villafloresmartin.com\/es\/servicios\/ingenieria-y-proyectos\/gestiones-administrativas-tramitaciones\/#primaryimage\",\"url\":\"https:\/\/www.villafloresmartin.com\/es\/wp-content\/uploads\/2017\/05\/ingenieria-cabecera-2.jpg\",\"contentUrl\":\"https:\/\/www.villafloresmartin.com\/es\/wp-content\/uploads\/2017\/05\/ingenieria-cabecera-2.jpg\",\"width\":1600,\"height\":575},{\"@type\":\"BreadcrumbList\",\"@id\":\"https:\/\/www.villafloresmartin.com\/es\/servicios\/ingenieria-y-proyectos\/gestiones-administrativas-tramitaciones\/#breadcrumb\",\"itemListElement\":[{\"@type\":\"ListItem\",\"position\":1,\"name\":\"Portada\",\"item\":\"https:\/\/www.villafloresmartin.com\/es\/\"},{\"@type\":\"ListItem\",\"position\":2,\"name\":\"Servicios\",\"item\":\"https:\/\/www.villafloresmartin.com\/es\/servicios\/\"},{\"@type\":\"ListItem\",\"position\":3,\"name\":\"Ingenier\u00eda y proyectos\",\"item\":\"https:\/\/www.villafloresmartin.com\/es\/servicios\/ingenieria-y-proyectos\/\"},{\"@type\":\"ListItem\",\"position\":4,\"name\":\"Gestiones administrativas y tramitaciones\"}]},{\"@type\":\"WebSite\",\"@id\":\"https:\/\/www.villafloresmartin.com\/es\/#website\",\"url\":\"https:\/\/www.villafloresmartin.com\/es\/\",\"name\":\"Villa Flores Mart\u00edn\",\"description\":\"\",\"potentialAction\":[{\"@type\":\"SearchAction\",\"target\":{\"@type\":\"EntryPoint\",\"urlTemplate\":\"https:\/\/www.villafloresmartin.com\/es\/?s={search_term_string}\"},\"query-input\":{\"@type\":\"PropertyValueSpecification\",\"valueRequired\":true,\"valueName\":\"search_term_string\"}}],\"inLanguage\":\"es\"}]}<\/script>\n<!-- \/ Yoast SEO plugin. -->","yoast_head_json":{"title":"Proyecto de Centro de Transformaci\u00f3n - Proyectos de L\u00ednea A\u00e9rea de Media tensi\u00f3n - Gestiones Administrativas de Instalaciones El\u00e9ctricas","description":"VFM dedica todo su esfuerzo e implicaci\u00f3n en darle a sus clientes un servicio con el que se sientan satisfechos. Damos mucha importancia a los tiempos de tramitaci\u00f3n, por lo que nuestros t\u00e9cnicos llevar\u00e1n a cabo un seguimiento exhaustivo del estado de la diligencia y de los agentes intervinientes.","robots":{"index":"index","follow":"follow","max-snippet":"max-snippet:-1","max-image-preview":"max-image-preview:large","max-video-preview":"max-video-preview:-1"},"canonical":"https:\/\/www.villafloresmartin.com\/es\/servicios\/ingenieria-y-proyectos\/gestiones-administrativas-tramitaciones\/","og_locale":"es_ES","og_type":"article","og_title":"Proyecto de Centro de Transformaci\u00f3n - Proyectos de L\u00ednea A\u00e9rea de Media tensi\u00f3n - Gestiones Administrativas de Instalaciones El\u00e9ctricas","og_description":"VFM dedica todo su esfuerzo e implicaci\u00f3n en darle a sus clientes un servicio con el que se sientan satisfechos. Damos mucha importancia a los tiempos de tramitaci\u00f3n, por lo que nuestros t\u00e9cnicos llevar\u00e1n a cabo un seguimiento exhaustivo del estado de la diligencia y de los agentes intervinientes.","og_url":"https:\/\/www.villafloresmartin.com\/es\/servicios\/ingenieria-y-proyectos\/gestiones-administrativas-tramitaciones\/","og_site_name":"Villa Flores Mart\u00edn","article_modified_time":"2019-04-04T08:33:31+00:00","og_image":[{"url":"https:\/\/www.villafloresmartin.com\/es\/wp-content\/uploads\/2017\/05\/ingenieria-cabecera-2.jpg","type":"","width":"","height":""}],"twitter_misc":{"Tiempo de lectura":"2 minutos"},"schema":{"@context":"https:\/\/schema.org","@graph":[{"@type":"WebPage","@id":"https:\/\/www.villafloresmartin.com\/es\/servicios\/ingenieria-y-proyectos\/gestiones-administrativas-tramitaciones\/","url":"https:\/\/www.villafloresmartin.com\/es\/servicios\/ingenieria-y-proyectos\/gestiones-administrativas-tramitaciones\/","name":"Proyecto de Centro de Transformaci\u00f3n - Proyectos de L\u00ednea A\u00e9rea de Media tensi\u00f3n - Gestiones Administrativas de Instalaciones El\u00e9ctricas","isPartOf":{"@id":"https:\/\/www.villafloresmartin.com\/es\/#website"},"primaryImageOfPage":{"@id":"https:\/\/www.villafloresmartin.com\/es\/servicios\/ingenieria-y-proyectos\/gestiones-administrativas-tramitaciones\/#primaryimage"},"image":{"@id":"https:\/\/www.villafloresmartin.com\/es\/servicios\/ingenieria-y-proyectos\/gestiones-administrativas-tramitaciones\/#primaryimage"},"thumbnailUrl":"https:\/\/www.villafloresmartin.com\/es\/wp-content\/uploads\/2017\/05\/ingenieria-cabecera-2.jpg","datePublished":"2017-05-24T07:19:54+00:00","dateModified":"2019-04-04T08:33:31+00:00","description":"VFM dedica todo su esfuerzo e implicaci\u00f3n en darle a sus clientes un servicio con el que se sientan satisfechos. Damos mucha importancia a los tiempos de tramitaci\u00f3n, por lo que nuestros t\u00e9cnicos llevar\u00e1n a cabo un seguimiento exhaustivo del estado de la diligencia y de los agentes intervinientes.","breadcrumb":{"@id":"https:\/\/www.villafloresmartin.com\/es\/servicios\/ingenieria-y-proyectos\/gestiones-administrativas-tramitaciones\/#breadcrumb"},"inLanguage":"es","potentialAction":[{"@type":"ReadAction","target":["https:\/\/www.villafloresmartin.com\/es\/servicios\/ingenieria-y-proyectos\/gestiones-administrativas-tramitaciones\/"]}]},{"@type":"ImageObject","inLanguage":"es","@id":"https:\/\/www.villafloresmartin.com\/es\/servicios\/ingenieria-y-proyectos\/gestiones-administrativas-tramitaciones\/#primaryimage","url":"https:\/\/www.villafloresmartin.com\/es\/wp-content\/uploads\/2017\/05\/ingenieria-cabecera-2.jpg","contentUrl":"https:\/\/www.villafloresmartin.com\/es\/wp-content\/uploads\/2017\/05\/ingenieria-cabecera-2.jpg","width":1600,"height":575},{"@type":"BreadcrumbList","@id":"https:\/\/www.villafloresmartin.com\/es\/servicios\/ingenieria-y-proyectos\/gestiones-administrativas-tramitaciones\/#breadcrumb","itemListElement":[{"@type":"ListItem","position":1,"name":"Portada","item":"https:\/\/www.villafloresmartin.com\/es\/"},{"@type":"ListItem","position":2,"name":"Servicios","item":"https:\/\/www.villafloresmartin.com\/es\/servicios\/"},{"@type":"ListItem","position":3,"name":"Ingenier\u00eda y proyectos","item":"https:\/\/www.villafloresmartin.com\/es\/servicios\/ingenieria-y-proyectos\/"},{"@type":"ListItem","position":4,"name":"Gestiones administrativas y tramitaciones"}]},{"@type":"WebSite","@id":"https:\/\/www.villafloresmartin.com\/es\/#website","url":"https:\/\/www.villafloresmartin.com\/es\/","name":"Villa Flores Mart\u00edn","description":"","potentialAction":[{"@type":"SearchAction","target":{"@type":"EntryPoint","urlTemplate":"https:\/\/www.villafloresmartin.com\/es\/?s={search_term_string}"},"query-input":{"@type":"PropertyValueSpecification","valueRequired":true,"valueName":"search_term_string"}}],"inLanguage":"es"}]}},"_links":{"self":[{"href":"https:\/\/www.villafloresmartin.com\/es\/wp-json\/wp\/v2\/pages\/213","targetHints":{"allow":["GET"]}}],"collection":[{"href":"https:\/\/www.villafloresmartin.com\/es\/wp-json\/wp\/v2\/pages"}],"about":[{"href":"https:\/\/www.villafloresmartin.com\/es\/wp-json\/wp\/v2\/types\/page"}],"author":[{"embeddable":true,"href":"https:\/\/www.villafloresmartin.com\/es\/wp-json\/wp\/v2\/users\/2"}],"replies":[{"embeddable":true,"href":"https:\/\/www.villafloresmartin.com\/es\/wp-json\/wp\/v2\/comments?post=213"}],"version-history":[{"count":0,"href":"https:\/\/www.villafloresmartin.com\/es\/wp-json\/wp\/v2\/pages\/213\/revisions"}],"up":[{"embeddable":true,"href":"https:\/\/www.villafloresmartin.com\/es\/wp-json\/wp\/v2\/pages\/48"}],"wp:attachment":[{"href":"https:\/\/www.villafloresmartin.com\/es\/wp-json\/wp\/v2\/media?parent=213"}],"curies":[{"name":"wp","href":"https:\/\/api.w.org\/{rel}","templated":true}]}}