{"id":211,"date":"2017-05-24T09:19:32","date_gmt":"2017-05-24T07:19:32","guid":{"rendered":"https:\/\/www.villafloresmartin.com\/es\/?page_id=211"},"modified":"2019-04-04T10:28:17","modified_gmt":"2019-04-04T08:28:17","slug":"proyectos-estudios-certificado-final-obra","status":"publish","type":"page","link":"https:\/\/www.villafloresmartin.com\/es\/servicios\/ingenieria-y-proyectos\/proyectos-estudios-certificado-final-obra\/","title":{"rendered":"Proyectos, estudios y certificado final de obra"},"content":{"rendered":"<p class=\"no-margin\"><img  title=\"Proyectos, estudios y certificado final de obra - Villa Flores Mart\u00edn\" loading=\"lazy\" decoding=\"async\" class=\"aligncenter size-full wp-image-696 img-full\" src=\"https:\/\/www.villafloresmartin.com\/es\/wp-content\/uploads\/2017\/05\/ingenieria-cabecera-1.jpg\"  alt=\"Proyectos, estudios y certificado final de obra - Villa Flores Mart\u00edn\"  width=\"1600\" height=\"575\" srcset=\"https:\/\/www.villafloresmartin.com\/es\/wp-content\/uploads\/2017\/05\/ingenieria-cabecera-1.jpg 1600w, https:\/\/www.villafloresmartin.com\/es\/wp-content\/uploads\/2017\/05\/ingenieria-cabecera-1-300x108.jpg 300w, https:\/\/www.villafloresmartin.com\/es\/wp-content\/uploads\/2017\/05\/ingenieria-cabecera-1-768x276.jpg 768w, https:\/\/www.villafloresmartin.com\/es\/wp-content\/uploads\/2017\/05\/ingenieria-cabecera-1-1024x368.jpg 1024w\" sizes=\"auto, (max-width: 1600px) 100vw, 1600px\" \/><\/p>\n<h1 class=\"text-center mt-4 mb-4\">Proyectos, estudios y certificado final de obra<\/h1>\n<div class=\"adorno-naranja\"><\/div>\n<div class=\"container mt-4 mb-4\">\n<div class=\"row\">\n<div class=\"col-md-12 dos-columnas\">\n<p class=\"texto\">Villa Flores Mart\u00edn (VFM) cuenta con un Departamento de Oficina T\u00e9cnica formado por un cualificado equipo de ingenieros t\u00e9cnicos especializados en la rama de la ingenier\u00eda el\u00e9ctrica. De esta manera aseguramos a nuestros clientes la realizaci\u00f3n de proyectos y estudios profesionales, que se rigen seg\u00fan los par\u00e1metros de calidad y seguridad del sector el\u00e9ctrico, as\u00ed como la emisi\u00f3n del certificado final de obra.<\/p>\n<p class=\"texto\">Desde este departamento VFM pone al alcance de sus clientes soluciones integrales de instalaciones el\u00e9ctricas. Este servicio global se encarga del desarrollo de los proyectos espec\u00edficos y de las direcciones de obra para la tramitaci\u00f3n de los respectivos expedientes en las administraciones p\u00fablicas y en las compa\u00f1\u00edas suministradoras de energ\u00eda. De esta forma facilitamos la vida del usuario, ya que nuestro proyecto sirve, adem\u00e1s, como documento base para la ejecuci\u00f3n de las obras el\u00e9ctricas.<\/p>\n<\/div>\n<\/div>\n<\/div>\n<div class=\"row mb-4\">\n<div class=\"col-md-6 fondo-gris padding-3\">\n<p class=\"texto\">Somos especialistas en la realizaci\u00f3n y ejecuci\u00f3n de proyectos de Baja y Media Tensi\u00f3n, as\u00ed como en las labores propias que se desempe\u00f1an en los centros de transformaci\u00f3n tanto para compa\u00f1\u00edas espec\u00edficas como para particulares. No hay que olvidar que tambi\u00e9n ofrecemos estudios y proyectos de la infraestructura el\u00e9ctrica relacionados con la urbanizaci\u00f3n.<\/p>\n<h3>Realizamos entre otros proyectos el\u00e9ctricos:<\/h3>\n<ul>\n<li>L\u00edneas a\u00e9reas y subterr\u00e1neas de Media y Alta Tensi\u00f3n.<\/li>\n<li>Red de distribuci\u00f3n en Baja Tensi\u00f3n.<\/li>\n<li>Centros de transformaci\u00f3n.<\/li>\n<li>Alumbrado vial y urbano.<\/li>\n<\/ul>\n<\/div>\n<div class=\"col-md-6 fondo-naranja padding-3\">\n<h3>Proyecto de instalaciones el\u00e9ctricas: nos encargamos de todo<\/h3>\n<p class=\"texto\">Si bien, entre nuestro personal contamos con especialistas en estudios (trazados, c\u00e1lculos&#8230;) y levantamientos topogr\u00e1ficos de l\u00edneas el\u00e9ctricas a\u00e9reas. Nuestro personal goza de la cualificaci\u00f3n e instrumentaci\u00f3n necesaria para realizar un levantamiento topogr\u00e1fico preciso, aportando as\u00ed a nuestros clientes las soluciones de trazado y los apoyos a adoptar m\u00e1s \u00f3ptimos.<\/p>\n<p class=\"texto\">Asimismo, es importante poner de manifiesto que concluimos nuestro servicio con la emisi\u00f3n del certificado final de obra.<\/p>\n<\/div>\n<\/div>\n<div class=\"divider-gris mt-5 mb-4\"><\/div>\n<h2 class=\"text-center\">Contacta con nosotros<\/h2>\n<div class=\"adorno-naranja\"><\/div>\n<div class=\"container mt-4 mb-4\">\n<div class=\"wpcf7 no-js\" id=\"wpcf7-f286-o1\" lang=\"es-ES\" dir=\"ltr\" data-wpcf7-id=\"286\">\n<div class=\"screen-reader-response\"><p role=\"status\" aria-live=\"polite\" aria-atomic=\"true\"><\/p> <ul><\/ul><\/div>\n<form action=\"\/es\/wp-json\/wp\/v2\/pages\/211#wpcf7-f286-o1\" method=\"post\" class=\"wpcf7-form init\" aria-label=\"Formulario de contacto\" novalidate=\"novalidate\" data-status=\"init\">\n<fieldset class=\"hidden-fields-container\"><input type=\"hidden\" name=\"_wpcf7\" value=\"286\" \/><input type=\"hidden\" name=\"_wpcf7_version\" value=\"6.1.4\" \/><input type=\"hidden\" name=\"_wpcf7_locale\" value=\"es_ES\" \/><input type=\"hidden\" name=\"_wpcf7_unit_tag\" value=\"wpcf7-f286-o1\" \/><input type=\"hidden\" name=\"_wpcf7_container_post\" value=\"0\" \/><input type=\"hidden\" name=\"_wpcf7_posted_data_hash\" value=\"\" \/><input type=\"hidden\" name=\"_wpcf7_recaptcha_response\" value=\"\" \/>\n<\/fieldset>\n<div class=\"row\">\n\t<div class=\"col-md-6\">\n\t\t<p><label> <span class=\"wpcf7-form-control-wrap\" data-name=\"your-name\"><input size=\"40\" maxlength=\"400\" class=\"wpcf7-form-control wpcf7-text wpcf7-validates-as-required form-int\" aria-required=\"true\" aria-invalid=\"false\" placeholder=\"Nombre (*)\" value=\"\" type=\"text\" name=\"your-name\" \/><\/span> <\/label>\n\t\t<\/p>\n\t<\/div>\n\t<div class=\"col-md-6\">\n\t\t<p><label> <span class=\"wpcf7-form-control-wrap\" data-name=\"your-email\"><input size=\"40\" maxlength=\"400\" class=\"wpcf7-form-control wpcf7-email wpcf7-validates-as-required wpcf7-text wpcf7-validates-as-email form-int\" aria-required=\"true\" aria-invalid=\"false\" placeholder=\"Email (*)\" value=\"\" type=\"email\" name=\"your-email\" \/><\/span> <\/label>\n\t\t<\/p>\n\t<\/div>\n<\/div>\n<div class=\"row mt-3\">\n\t<div class=\"col-md-6\">\n\t\t<p><label> <span class=\"wpcf7-form-control-wrap\" data-name=\"tel-308\"><input size=\"40\" maxlength=\"400\" class=\"wpcf7-form-control wpcf7-tel wpcf7-text wpcf7-validates-as-tel form-int\" aria-invalid=\"false\" placeholder=\"Tel\u00e9fono\" value=\"\" type=\"tel\" name=\"tel-308\" \/><\/span> <\/label>\n\t\t<\/p>\n\t<\/div>\n\t<div class=\"col-md-6\">\n\t\t<p><label> <span class=\"wpcf7-form-control-wrap\" data-name=\"tipo-servicio\"><select class=\"wpcf7-form-control wpcf7-select form-int\" aria-invalid=\"false\" name=\"tipo-servicio\"><option value=\"Tipo de servicio\">Tipo de servicio<\/option><option value=\"Proyectos, estudios y certificado final de obra\">Proyectos, estudios y certificado final de obra<\/option><option value=\"Gestiones administrativas y tramitaciones\">Gestiones administrativas y tramitaciones<\/option><\/select><\/span> <\/label>\n\t\t<\/p>\n\t<\/div>\n<\/div>\n<div class=\"row mt-3\">\n\t<div class=\"col-md-12\">\n\t\t<p><label> <span class=\"wpcf7-form-control-wrap\" data-name=\"your-message\"><textarea cols=\"40\" rows=\"3\" maxlength=\"2000\" class=\"wpcf7-form-control wpcf7-textarea form-int\" aria-invalid=\"false\" placeholder=\"Mensaje\" name=\"your-message\"><\/textarea><\/span> <\/label>\n\t\t<\/p>\n\t<\/div>\n<\/div>\n<div class=\"row mt-3\">\n\t<div class=\"col-md-12\">\n\t\t<p class=\"text-center\"><span class=\"wpcf7-form-control-wrap\" data-name=\"acceptance-788\"><span class=\"wpcf7-form-control wpcf7-acceptance\"><span class=\"wpcf7-list-item\"><input type=\"checkbox\" name=\"acceptance-788\" value=\"1\" aria-invalid=\"false\" \/><\/span><\/span><\/span> He le\u00eddo y acepto la <a target=\"_blank\" href=\"https:\/\/www.villafloresmartin.com\/es\/aviso-legal\/\">pol\u00edtica de privacidad<\/a>\n\t\t<\/p>\n\t<\/div>\n<\/div>\n<div class=\"row mt-3\">\n\t<div class=\"col-md-12\">\n\t\t<p><input class=\"wpcf7-form-control wpcf7-submit has-spinner btn-int\" type=\"submit\" value=\"Enviar\" \/>\n\t\t<\/p>\n\t<\/div>\n<\/div><p style=\"display: none !important;\" class=\"akismet-fields-container\" data-prefix=\"_wpcf7_ak_\"><label>&#916;<textarea name=\"_wpcf7_ak_hp_textarea\" cols=\"45\" rows=\"8\" maxlength=\"100\"><\/textarea><\/label><input type=\"hidden\" id=\"ak_js_1\" name=\"_wpcf7_ak_js\" value=\"133\"\/><script>document.getElementById( \"ak_js_1\" ).setAttribute( \"value\", ( new Date() ).getTime() );<\/script><\/p><div class=\"wpcf7-response-output\" aria-hidden=\"true\"><\/div>\n<\/form>\n<\/div>\n<\/div>\n<div class=\"row mt-5 mb-3\">\n<div class=\"col-md-3 mosaico-home borde-derecha\">\n<div class=\"fondo-ingenieria-proyectos mosaico-escala mosaico-escala-int\">\n<h3><a class=\"d-flex justify-content-center flex-column\" href=\"https:\/\/www.villafloresmartin.com\/es\/servicios\/ingenieria-y-proyectos\/\">Ingenier\u00eda y proyectos<\/a><\/h3>\n<\/div>\n<\/div>\n<div class=\"col-md-3 mosaico-home borde-derecha-izquierda\">\n<div class=\"fondo-redes-distribucion mosaico-escala mosaico-escala-int\">\n<h3><a class=\"d-flex justify-content-center flex-column\" href=\"https:\/\/www.villafloresmartin.com\/es\/servicios\/redes-distribucion-alta-media-baja-tension\/\">Redes de distribuci\u00f3n de alta, media y baja tensi\u00f3n<\/a><\/h3>\n<\/div>\n<\/div>\n<div class=\"col-md-3 mosaico-home borde-derecha-izquierda\">\n<div class=\"fondo-localizacion-ensayos mosaico-escala mosaico-escala-int\">\n<h3><a class=\"d-flex justify-content-center flex-column\" href=\"https:\/\/www.villafloresmartin.com\/es\/servicios\/localizacion-ensayos-diagnosis-lineas-subterraneas-electricas\/\">Localizaci\u00f3n, ensayos y diagnosis de l\u00edneas subterr\u00e1neas el\u00e9ctricas<\/a><\/h3>\n<\/div>\n<\/div>\n<div class=\"col-md-3 mosaico-home borde-izquierda\">\n<div class=\"fondo-servicios-energia mosaico-escala mosaico-escala-int\">\n<h3><a class=\"d-flex justify-content-center flex-column\" href=\"https:\/\/www.villafloresmartin.com\/es\/servicios\/servicios-energia-electrica\/\">Servicios de energ\u00eda el\u00e9ctrica<\/a><\/h3>\n<\/div>\n<\/div>\n<\/div>\n<div class=\"row mb-4\">\n<div class=\"col-md-3 mosaico-home borde-derecha\">\n<div class=\"fondo-obra-civil mosaico-escala mosaico-escala-int\">\n<h3><a class=\"d-flex justify-content-center flex-column\" href=\"https:\/\/www.villafloresmartin.com\/es\/servicios\/obra-civil\/\">Obra civil<\/a><\/h3>\n<\/div>\n<\/div>\n<div class=\"col-md-3 mosaico-home borde-derecha-izquierda\">\n<div class=\"fondo-mantenimiento-instalaciones mosaico-escala mosaico-escala-int\">\n<h3><a class=\"d-flex justify-content-center flex-column\" href=\"https:\/\/www.villafloresmartin.com\/es\/servicios\/mantenimiento-instalaciones-electricas\/\">Mantenimiento de instalaciones el\u00e9ctricas<\/a><\/h3>\n<\/div>\n<\/div>\n<div class=\"col-md-3 mosaico-home borde-derecha-izquierda\">\n<div class=\"fondo-alumbrado-publico mosaico-escala mosaico-escala-int\">\n<h3><a class=\"d-flex justify-content-center flex-column\" href=\"https:\/\/www.villafloresmartin.com\/es\/servicios\/alumbrado-vial-urbano\/\">Alumbrado vial y urbano<\/a><\/h3>\n<\/div>\n<\/div>\n<div class=\"col-md-3 mosaico-home borde-izquierda\">\n<div class=\"fondo-energias-renovables mosaico-escala mosaico-escala-int\">\n<h3><a class=\"d-flex justify-content-center flex-column\" href=\"https:\/\/www.villafloresmartin.com\/es\/servicios\/energias-renovables\/\">Energ\u00edas renovables<\/a><\/h3>\n<\/div>\n<\/div>\n<\/div>\n","protected":false},"excerpt":{"rendered":"<p>Proyectos, estudios y certificado final de obra Villa Flores Mart\u00edn (VFM) cuenta con un Departamento de Oficina T\u00e9cnica formado por un cualificado equipo de ingenieros t\u00e9cnicos especializados en la rama de la ingenier\u00eda el\u00e9ctrica. De esta manera aseguramos a nuestros clientes la realizaci\u00f3n de proyectos y estudios profesionales, que se rigen seg\u00fan los par\u00e1metros de [&#8230;]<\/p>\n<p><a class=\"btn btn-secondary understrap-read-more-link\" href=\"https:\/\/www.villafloresmartin.com\/es\/servicios\/ingenieria-y-proyectos\/proyectos-estudios-certificado-final-obra\/\">Leer m\u00e1s&#8230;<\/a><\/p>\n","protected":false},"author":2,"featured_media":0,"parent":48,"menu_order":0,"comment_status":"closed","ping_status":"closed","template":"page-templates\/empty.php","meta":{"footnotes":""},"class_list":["post-211","page","type-page","status-publish","hentry"],"yoast_head":"<!-- This site is optimized with the Yoast SEO plugin v26.9 - https:\/\/yoast.com\/product\/yoast-seo-wordpress\/ -->\n<title>Tramitaci\u00f3n de Instalaciones El\u00e9ctricas - Proyectos de L\u00edneas de Baja Tensi\u00f3n - Proyectos de Alumbrado P\u00fablico<\/title>\n<meta name=\"description\" content=\"En Viila Flores Mart\u00edn somos especialistas en la realizaci\u00f3n y ejecuci\u00f3n de proyectos de Baja y Media Tensi\u00f3n, as\u00ed como en las labores propias que se desempe\u00f1an en los centros de transformaci\u00f3n tanto para compa\u00f1\u00edas espec\u00edficas como para particulares.\" \/>\n<meta name=\"robots\" content=\"index, follow, max-snippet:-1, max-image-preview:large, max-video-preview:-1\" \/>\n<link rel=\"canonical\" href=\"https:\/\/www.villafloresmartin.com\/es\/servicios\/ingenieria-y-proyectos\/proyectos-estudios-certificado-final-obra\/\" \/>\n<meta property=\"og:locale\" content=\"es_ES\" \/>\n<meta property=\"og:type\" content=\"article\" \/>\n<meta property=\"og:title\" content=\"Tramitaci\u00f3n de Instalaciones El\u00e9ctricas - Proyectos de L\u00edneas de Baja Tensi\u00f3n - Proyectos de Alumbrado P\u00fablico\" \/>\n<meta property=\"og:description\" content=\"En Viila Flores Mart\u00edn somos especialistas en la realizaci\u00f3n y ejecuci\u00f3n de proyectos de Baja y Media Tensi\u00f3n, as\u00ed como en las labores propias que se desempe\u00f1an en los centros de transformaci\u00f3n tanto para compa\u00f1\u00edas espec\u00edficas como para particulares.\" \/>\n<meta property=\"og:url\" content=\"https:\/\/www.villafloresmartin.com\/es\/servicios\/ingenieria-y-proyectos\/proyectos-estudios-certificado-final-obra\/\" \/>\n<meta property=\"og:site_name\" content=\"Villa Flores Mart\u00edn\" \/>\n<meta property=\"article:modified_time\" content=\"2019-04-04T08:28:17+00:00\" \/>\n<meta property=\"og:image\" content=\"https:\/\/www.villafloresmartin.com\/es\/wp-content\/uploads\/2017\/05\/ingenieria-cabecera-1.jpg\" \/>\n<meta name=\"twitter:label1\" content=\"Tiempo de lectura\" \/>\n\t<meta name=\"twitter:data1\" content=\"2 minutos\" \/>\n<script type=\"application\/ld+json\" class=\"yoast-schema-graph\">{\"@context\":\"https:\/\/schema.org\",\"@graph\":[{\"@type\":\"WebPage\",\"@id\":\"https:\/\/www.villafloresmartin.com\/es\/servicios\/ingenieria-y-proyectos\/proyectos-estudios-certificado-final-obra\/\",\"url\":\"https:\/\/www.villafloresmartin.com\/es\/servicios\/ingenieria-y-proyectos\/proyectos-estudios-certificado-final-obra\/\",\"name\":\"Tramitaci\u00f3n de Instalaciones El\u00e9ctricas - Proyectos de L\u00edneas de Baja Tensi\u00f3n - Proyectos de Alumbrado P\u00fablico\",\"isPartOf\":{\"@id\":\"https:\/\/www.villafloresmartin.com\/es\/#website\"},\"primaryImageOfPage\":{\"@id\":\"https:\/\/www.villafloresmartin.com\/es\/servicios\/ingenieria-y-proyectos\/proyectos-estudios-certificado-final-obra\/#primaryimage\"},\"image\":{\"@id\":\"https:\/\/www.villafloresmartin.com\/es\/servicios\/ingenieria-y-proyectos\/proyectos-estudios-certificado-final-obra\/#primaryimage\"},\"thumbnailUrl\":\"https:\/\/www.villafloresmartin.com\/es\/wp-content\/uploads\/2017\/05\/ingenieria-cabecera-1.jpg\",\"datePublished\":\"2017-05-24T07:19:32+00:00\",\"dateModified\":\"2019-04-04T08:28:17+00:00\",\"description\":\"En Viila Flores Mart\u00edn somos especialistas en la realizaci\u00f3n y ejecuci\u00f3n de proyectos de Baja y Media Tensi\u00f3n, as\u00ed como en las labores propias que se desempe\u00f1an en los centros de transformaci\u00f3n tanto para compa\u00f1\u00edas espec\u00edficas como para particulares.\",\"breadcrumb\":{\"@id\":\"https:\/\/www.villafloresmartin.com\/es\/servicios\/ingenieria-y-proyectos\/proyectos-estudios-certificado-final-obra\/#breadcrumb\"},\"inLanguage\":\"es\",\"potentialAction\":[{\"@type\":\"ReadAction\",\"target\":[\"https:\/\/www.villafloresmartin.com\/es\/servicios\/ingenieria-y-proyectos\/proyectos-estudios-certificado-final-obra\/\"]}]},{\"@type\":\"ImageObject\",\"inLanguage\":\"es\",\"@id\":\"https:\/\/www.villafloresmartin.com\/es\/servicios\/ingenieria-y-proyectos\/proyectos-estudios-certificado-final-obra\/#primaryimage\",\"url\":\"https:\/\/www.villafloresmartin.com\/es\/wp-content\/uploads\/2017\/05\/ingenieria-cabecera-1.jpg\",\"contentUrl\":\"https:\/\/www.villafloresmartin.com\/es\/wp-content\/uploads\/2017\/05\/ingenieria-cabecera-1.jpg\",\"width\":1600,\"height\":575},{\"@type\":\"BreadcrumbList\",\"@id\":\"https:\/\/www.villafloresmartin.com\/es\/servicios\/ingenieria-y-proyectos\/proyectos-estudios-certificado-final-obra\/#breadcrumb\",\"itemListElement\":[{\"@type\":\"ListItem\",\"position\":1,\"name\":\"Portada\",\"item\":\"https:\/\/www.villafloresmartin.com\/es\/\"},{\"@type\":\"ListItem\",\"position\":2,\"name\":\"Servicios\",\"item\":\"https:\/\/www.villafloresmartin.com\/es\/servicios\/\"},{\"@type\":\"ListItem\",\"position\":3,\"name\":\"Ingenier\u00eda y proyectos\",\"item\":\"https:\/\/www.villafloresmartin.com\/es\/servicios\/ingenieria-y-proyectos\/\"},{\"@type\":\"ListItem\",\"position\":4,\"name\":\"Proyectos, estudios y certificado final de obra\"}]},{\"@type\":\"WebSite\",\"@id\":\"https:\/\/www.villafloresmartin.com\/es\/#website\",\"url\":\"https:\/\/www.villafloresmartin.com\/es\/\",\"name\":\"Villa Flores Mart\u00edn\",\"description\":\"\",\"potentialAction\":[{\"@type\":\"SearchAction\",\"target\":{\"@type\":\"EntryPoint\",\"urlTemplate\":\"https:\/\/www.villafloresmartin.com\/es\/?s={search_term_string}\"},\"query-input\":{\"@type\":\"PropertyValueSpecification\",\"valueRequired\":true,\"valueName\":\"search_term_string\"}}],\"inLanguage\":\"es\"}]}<\/script>\n<!-- \/ Yoast SEO plugin. -->","yoast_head_json":{"title":"Tramitaci\u00f3n de Instalaciones El\u00e9ctricas - Proyectos de L\u00edneas de Baja Tensi\u00f3n - Proyectos de Alumbrado P\u00fablico","description":"En Viila Flores Mart\u00edn somos especialistas en la realizaci\u00f3n y ejecuci\u00f3n de proyectos de Baja y Media Tensi\u00f3n, as\u00ed como en las labores propias que se desempe\u00f1an en los centros de transformaci\u00f3n tanto para compa\u00f1\u00edas espec\u00edficas como para particulares.","robots":{"index":"index","follow":"follow","max-snippet":"max-snippet:-1","max-image-preview":"max-image-preview:large","max-video-preview":"max-video-preview:-1"},"canonical":"https:\/\/www.villafloresmartin.com\/es\/servicios\/ingenieria-y-proyectos\/proyectos-estudios-certificado-final-obra\/","og_locale":"es_ES","og_type":"article","og_title":"Tramitaci\u00f3n de Instalaciones El\u00e9ctricas - Proyectos de L\u00edneas de Baja Tensi\u00f3n - Proyectos de Alumbrado P\u00fablico","og_description":"En Viila Flores Mart\u00edn somos especialistas en la realizaci\u00f3n y ejecuci\u00f3n de proyectos de Baja y Media Tensi\u00f3n, as\u00ed como en las labores propias que se desempe\u00f1an en los centros de transformaci\u00f3n tanto para compa\u00f1\u00edas espec\u00edficas como para particulares.","og_url":"https:\/\/www.villafloresmartin.com\/es\/servicios\/ingenieria-y-proyectos\/proyectos-estudios-certificado-final-obra\/","og_site_name":"Villa Flores Mart\u00edn","article_modified_time":"2019-04-04T08:28:17+00:00","og_image":[{"url":"https:\/\/www.villafloresmartin.com\/es\/wp-content\/uploads\/2017\/05\/ingenieria-cabecera-1.jpg","type":"","width":"","height":""}],"twitter_misc":{"Tiempo de lectura":"2 minutos"},"schema":{"@context":"https:\/\/schema.org","@graph":[{"@type":"WebPage","@id":"https:\/\/www.villafloresmartin.com\/es\/servicios\/ingenieria-y-proyectos\/proyectos-estudios-certificado-final-obra\/","url":"https:\/\/www.villafloresmartin.com\/es\/servicios\/ingenieria-y-proyectos\/proyectos-estudios-certificado-final-obra\/","name":"Tramitaci\u00f3n de Instalaciones El\u00e9ctricas - Proyectos de L\u00edneas de Baja Tensi\u00f3n - Proyectos de Alumbrado P\u00fablico","isPartOf":{"@id":"https:\/\/www.villafloresmartin.com\/es\/#website"},"primaryImageOfPage":{"@id":"https:\/\/www.villafloresmartin.com\/es\/servicios\/ingenieria-y-proyectos\/proyectos-estudios-certificado-final-obra\/#primaryimage"},"image":{"@id":"https:\/\/www.villafloresmartin.com\/es\/servicios\/ingenieria-y-proyectos\/proyectos-estudios-certificado-final-obra\/#primaryimage"},"thumbnailUrl":"https:\/\/www.villafloresmartin.com\/es\/wp-content\/uploads\/2017\/05\/ingenieria-cabecera-1.jpg","datePublished":"2017-05-24T07:19:32+00:00","dateModified":"2019-04-04T08:28:17+00:00","description":"En Viila Flores Mart\u00edn somos especialistas en la realizaci\u00f3n y ejecuci\u00f3n de proyectos de Baja y Media Tensi\u00f3n, as\u00ed como en las labores propias que se desempe\u00f1an en los centros de transformaci\u00f3n tanto para compa\u00f1\u00edas espec\u00edficas como para particulares.","breadcrumb":{"@id":"https:\/\/www.villafloresmartin.com\/es\/servicios\/ingenieria-y-proyectos\/proyectos-estudios-certificado-final-obra\/#breadcrumb"},"inLanguage":"es","potentialAction":[{"@type":"ReadAction","target":["https:\/\/www.villafloresmartin.com\/es\/servicios\/ingenieria-y-proyectos\/proyectos-estudios-certificado-final-obra\/"]}]},{"@type":"ImageObject","inLanguage":"es","@id":"https:\/\/www.villafloresmartin.com\/es\/servicios\/ingenieria-y-proyectos\/proyectos-estudios-certificado-final-obra\/#primaryimage","url":"https:\/\/www.villafloresmartin.com\/es\/wp-content\/uploads\/2017\/05\/ingenieria-cabecera-1.jpg","contentUrl":"https:\/\/www.villafloresmartin.com\/es\/wp-content\/uploads\/2017\/05\/ingenieria-cabecera-1.jpg","width":1600,"height":575},{"@type":"BreadcrumbList","@id":"https:\/\/www.villafloresmartin.com\/es\/servicios\/ingenieria-y-proyectos\/proyectos-estudios-certificado-final-obra\/#breadcrumb","itemListElement":[{"@type":"ListItem","position":1,"name":"Portada","item":"https:\/\/www.villafloresmartin.com\/es\/"},{"@type":"ListItem","position":2,"name":"Servicios","item":"https:\/\/www.villafloresmartin.com\/es\/servicios\/"},{"@type":"ListItem","position":3,"name":"Ingenier\u00eda y proyectos","item":"https:\/\/www.villafloresmartin.com\/es\/servicios\/ingenieria-y-proyectos\/"},{"@type":"ListItem","position":4,"name":"Proyectos, estudios y certificado final de obra"}]},{"@type":"WebSite","@id":"https:\/\/www.villafloresmartin.com\/es\/#website","url":"https:\/\/www.villafloresmartin.com\/es\/","name":"Villa Flores Mart\u00edn","description":"","potentialAction":[{"@type":"SearchAction","target":{"@type":"EntryPoint","urlTemplate":"https:\/\/www.villafloresmartin.com\/es\/?s={search_term_string}"},"query-input":{"@type":"PropertyValueSpecification","valueRequired":true,"valueName":"search_term_string"}}],"inLanguage":"es"}]}},"_links":{"self":[{"href":"https:\/\/www.villafloresmartin.com\/es\/wp-json\/wp\/v2\/pages\/211","targetHints":{"allow":["GET"]}}],"collection":[{"href":"https:\/\/www.villafloresmartin.com\/es\/wp-json\/wp\/v2\/pages"}],"about":[{"href":"https:\/\/www.villafloresmartin.com\/es\/wp-json\/wp\/v2\/types\/page"}],"author":[{"embeddable":true,"href":"https:\/\/www.villafloresmartin.com\/es\/wp-json\/wp\/v2\/users\/2"}],"replies":[{"embeddable":true,"href":"https:\/\/www.villafloresmartin.com\/es\/wp-json\/wp\/v2\/comments?post=211"}],"version-history":[{"count":0,"href":"https:\/\/www.villafloresmartin.com\/es\/wp-json\/wp\/v2\/pages\/211\/revisions"}],"up":[{"embeddable":true,"href":"https:\/\/www.villafloresmartin.com\/es\/wp-json\/wp\/v2\/pages\/48"}],"wp:attachment":[{"href":"https:\/\/www.villafloresmartin.com\/es\/wp-json\/wp\/v2\/media?parent=211"}],"curies":[{"name":"wp","href":"https:\/\/api.w.org\/{rel}","templated":true}]}}