{"id":2064,"date":"2021-06-10T10:56:33","date_gmt":"2021-06-10T08:56:33","guid":{"rendered":"https:\/\/www.villafloresmartin.com\/es\/?page_id=2064"},"modified":"2021-06-10T13:36:59","modified_gmt":"2021-06-10T11:36:59","slug":"trabajo-seguro-en-pandemia","status":"publish","type":"page","link":"https:\/\/www.villafloresmartin.com\/es\/responsabilidad\/trabajo-seguro-en-pandemia\/","title":{"rendered":"Trabajo seguro en pandemia"},"content":{"rendered":"<p class=\"no-margin\"><img  title=\"Trabajo seguro en pandemia - Villa Flores Mart\u00edn\" loading=\"lazy\" decoding=\"async\" class=\"aligncenter size-full wp-image-597 img-full\" src=\"https:\/\/www.villafloresmartin.com\/es\/wp-content\/uploads\/2021\/06\/cabecera-pandemia.jpg\"  alt=\"Trabajo seguro en pandemia - Villa Flores Mart\u00edn\"  width=\"1600\" height=\"575\" \/><\/p>\n<h1 class=\"text-center mt-4 mb-4\">Trabajo seguro en pandemia<\/h1>\n<div class=\"adorno-naranja\"><\/div>\n<div class=\"container mt-4 mb-4\">\n<div class=\"row\">\n<div class=\"col-md-12\">\n<p class=\"texto\">En 2020 estall\u00f3 una de las mayores crisis sanitarias de la historia provocada por la Covid-19. Un nuevo paradigma al que tanto empresas como trabajadores tuvieron que hacer frente pese al desconocimiento y desconcierto general que reinaba durante las primeras semanas de la pandemia.<\/p>\n<\/div>\n<\/div>\n<\/div>\n<div class=\"container-fluid\">\n<div class=\"row mt-4 mb-4\">\n<div class=\"col-md-6 fondo-naranja padding-3\">\n<h2>Una aut\u00e9ntica revoluci\u00f3n en el mundo laboral<\/h2>\n<p class=\"texto\">Con este escenario encima de la mesa, los expertos en salud y seguridad ocupacional de la Organizaci\u00f3n Internacional de Normalizaci\u00f3n (ISO), de la que la Asociaci\u00f3n Espa\u00f1ola de Normalizaci\u00f3n (UNE) es el integrante espa\u00f1ol, iniciaron los mecanismos pertinentes para elaborar un protocolo que estableciese la metodolog\u00eda de actuaci\u00f3n a seguir.<\/p>\n<p class=\"texto\">El resultado fue la creaci\u00f3n de una nueva normativa: ISO\/PAS 45005 de Gesti\u00f3n de la Seguridad y la Salud en el Trabajo. Su elaboraci\u00f3n se realiz\u00f3 en un tiempo r\u00e9cord y ya forma parte del cat\u00e1logo espa\u00f1ol.<\/p>\n<p class=\"texto\">Esta nueva normativa marca las directrices generales en materia de salud, seguridad y bienestar para un trabajo seguro en pandemia. Dichas indicaciones de trabajo seguro en pandemia son v\u00e1lidas tanto para la actualidad como para situaciones futuras de tal envergadura.<\/p>\n<\/div>\n<div class=\"col-md-6 fondo-gris padding-3\">\n<p class=\"texto mb-3\">Seg\u00fan AENOR: \u201cEste nuevo est\u00e1ndar ha sido desarrollado pensando en el \u00e1mbito laboral, ya que este esquema de certificaci\u00f3n aporta directrices generales para todo tipo de centros de trabajo. Es un valioso apoyo para la mejora continua en la aplicaci\u00f3n de medidas contra la pandemia; abriendo el foco tambi\u00e9n a \u00e1reas como la salud y el bienestar emocional o la inclusividad\u201d.<\/p>\n<h4>VFM, primera empresa andaluza certificada en Seguridad y Salud frente al Covid-19 en el Trabajo<\/h4>\n<p class=\"texto mt-3\">En Villa Flores Mart\u00edn (VFM) tenemos el orgullo de ser la segunda compa\u00f1\u00eda espa\u00f1ola y primera andaluza certificada por AENOR en Seguridad y Salud frente al Covid-19 en el Trabajo.<\/p>\n<p class=\"texto\">Siempre hemos apostado de forma decidida por la seguridad y la salud en el trabajo, de ah\u00ed que seamos pioneros en la implantaci\u00f3n de esta metodolog\u00eda de trabajo seguro en pandemia.<\/p>\n<p class=\"texto\">En esta l\u00ednea, contamos con los medios t\u00e9cnicos y humanos para llevarlo a cabo con todas las garant\u00edas.<\/p>\n<\/div>\n<\/div>\n<div class=\"content_block\" id=\"custom_post_widget-2058\"><div class=\"row mt-5 mb-3\">\n<div class=\"col-md-4 mosaico-home borde-derecha\">\n<div class=\"fondo-sostenibilidad-ambiental mosaico-escala mosaico-escala-int\">\n<h3><a class=\"d-flex justify-content-center flex-column\" href=\"https:\/\/www.villafloresmartin.com\/es\/responsabilidad\/medio-ambiente\/\">Medio ambiente<\/a><\/h3>\n<\/div>\n<\/div>\n<div class=\"col-md-4 mosaico-home borde-derecha-izquierda\">\n<div class=\"fondo-sostenibilidad-calidad mosaico-escala mosaico-escala-int\">\n<h3><a class=\"d-flex justify-content-center flex-column\" href=\"https:\/\/www.villafloresmartin.com\/es\/responsabilidad\/calidad\/\">Calidad<\/a><\/h3>\n<\/div>\n<\/div>\n<div class=\"col-md-4 mosaico-home borde-izquierda\">\n<div class=\"fondo-sostenibilidad-seguridad mosaico-escala mosaico-escala-int\">\n<h3><a class=\"d-flex justify-content-center flex-column\" href=\"https:\/\/www.villafloresmartin.com\/es\/responsabilidad\/seguridad\/\">Seguridad<\/a><\/h3>\n<\/div>\n<\/div>\n<\/div>\n<div class=\"row mt-4 mb-4\">\n<div class=\"col-md-3 mosaico-home borde-derecha\">\n<div class=\"fondo-sostenibilidad-responsabilidad mosaico-escala mosaico-escala-int\">\n<h3><a class=\"d-flex justify-content-center flex-column\" href=\"https:\/\/www.villafloresmartin.com\/es\/responsabilidad\/responsabilidad-social-corporativa\">Responsabilidad social corporativa<\/a><\/h3>\n<\/div>\n<\/div>\n<div class=\"col-md-3 mosaico-home borde-derecha-izquierda\">\n<div class=\"fondo-sostenibilidad-formacion mosaico-escala mosaico-escala-int\">\n<h3><a class=\"d-flex justify-content-center flex-column\" href=\"https:\/\/www.villafloresmartin.com\/es\/responsabilidad\/formacion\">Formaci\u00f3n<\/a><\/h3>\n<\/div>\n<\/div>\n<div class=\"col-md-3 mosaico-home borde-izquierda\">\n<div class=\"fondo-sostenibilidad-certificaciones mosaico-escala mosaico-escala-int\">\n<h3><a class=\"d-flex justify-content-center flex-column\" href=\"https:\/\/www.villafloresmartin.com\/es\/responsabilidad\/certificaciones\">Certificaciones<\/a><\/h3>\n<\/div>\n<\/div>\n<div class=\"col-md-3 mosaico-home borde-izquierda\">\n<div class=\"fondo-seguridad-pandemia mosaico-escala mosaico-escala-int\">\n<h3><a class=\"d-flex justify-content-center flex-column\" href=\"https:\/\/www.villafloresmartin.com\/es\/responsabilidad\/trabajo-seguro-en-pandemia\/\">Trabajo seguro en pandemia<\/a><\/h3>\n<\/div>\n<\/div>\n<\/div>\n<\/div>\n<\/div>\n","protected":false},"excerpt":{"rendered":"<p>Trabajo seguro en pandemia En 2020 estall\u00f3 una de las mayores crisis sanitarias de la historia provocada por la Covid-19. Un nuevo paradigma al que tanto empresas como trabajadores tuvieron que hacer frente pese al desconocimiento y desconcierto general que reinaba durante las primeras semanas de la pandemia. Una aut\u00e9ntica revoluci\u00f3n en el mundo laboral [&#8230;]<\/p>\n<p><a class=\"btn btn-secondary understrap-read-more-link\" href=\"https:\/\/www.villafloresmartin.com\/es\/responsabilidad\/trabajo-seguro-en-pandemia\/\">Leer m\u00e1s&#8230;<\/a><\/p>\n","protected":false},"author":2,"featured_media":0,"parent":14,"menu_order":0,"comment_status":"closed","ping_status":"closed","template":"page-templates\/empty.php","meta":{"footnotes":""},"class_list":["post-2064","page","type-page","status-publish","hentry"],"yoast_head":"<!-- This site is optimized with the Yoast SEO plugin v26.9 - https:\/\/yoast.com\/product\/yoast-seo-wordpress\/ -->\n<title>Trabajo seguro en pandemia - Villa Flores Mart\u00edn<\/title>\n<meta name=\"description\" content=\"Trabajo seguro en pandemia. Diagnosis y Localizaci\u00f3n de aver\u00edas en LSMT. Villa Flores Mart\u00edn. M\u00e1s de 30 a\u00f1os dedicados a la distribuci\u00f3n el\u00e9ctrica.\" \/>\n<meta name=\"robots\" content=\"index, follow, max-snippet:-1, max-image-preview:large, max-video-preview:-1\" \/>\n<link rel=\"canonical\" href=\"https:\/\/www.villafloresmartin.com\/es\/responsabilidad\/trabajo-seguro-en-pandemia\/\" \/>\n<meta property=\"og:locale\" content=\"es_ES\" \/>\n<meta property=\"og:type\" content=\"article\" \/>\n<meta property=\"og:title\" content=\"Trabajo seguro en pandemia - Villa Flores Mart\u00edn\" \/>\n<meta property=\"og:description\" content=\"Trabajo seguro en pandemia. Diagnosis y Localizaci\u00f3n de aver\u00edas en LSMT. Villa Flores Mart\u00edn. M\u00e1s de 30 a\u00f1os dedicados a la distribuci\u00f3n el\u00e9ctrica.\" \/>\n<meta property=\"og:url\" content=\"https:\/\/www.villafloresmartin.com\/es\/responsabilidad\/trabajo-seguro-en-pandemia\/\" \/>\n<meta property=\"og:site_name\" content=\"Villa Flores Mart\u00edn\" \/>\n<meta property=\"article:modified_time\" content=\"2021-06-10T11:36:59+00:00\" \/>\n<meta property=\"og:image\" content=\"https:\/\/www.villafloresmartin.com\/es\/wp-content\/uploads\/2021\/06\/cabecera-pandemia.jpg\" \/>\n<meta name=\"twitter:label1\" content=\"Tiempo de lectura\" \/>\n\t<meta name=\"twitter:data1\" content=\"2 minutos\" \/>\n<script type=\"application\/ld+json\" class=\"yoast-schema-graph\">{\"@context\":\"https:\/\/schema.org\",\"@graph\":[{\"@type\":\"WebPage\",\"@id\":\"https:\/\/www.villafloresmartin.com\/es\/responsabilidad\/trabajo-seguro-en-pandemia\/\",\"url\":\"https:\/\/www.villafloresmartin.com\/es\/responsabilidad\/trabajo-seguro-en-pandemia\/\",\"name\":\"Trabajo seguro en pandemia - Villa Flores Mart\u00edn\",\"isPartOf\":{\"@id\":\"https:\/\/www.villafloresmartin.com\/es\/#website\"},\"primaryImageOfPage\":{\"@id\":\"https:\/\/www.villafloresmartin.com\/es\/responsabilidad\/trabajo-seguro-en-pandemia\/#primaryimage\"},\"image\":{\"@id\":\"https:\/\/www.villafloresmartin.com\/es\/responsabilidad\/trabajo-seguro-en-pandemia\/#primaryimage\"},\"thumbnailUrl\":\"https:\/\/www.villafloresmartin.com\/es\/wp-content\/uploads\/2021\/06\/cabecera-pandemia.jpg\",\"datePublished\":\"2021-06-10T08:56:33+00:00\",\"dateModified\":\"2021-06-10T11:36:59+00:00\",\"description\":\"Trabajo seguro en pandemia. Diagnosis y Localizaci\u00f3n de aver\u00edas en LSMT. Villa Flores Mart\u00edn. M\u00e1s de 30 a\u00f1os dedicados a la distribuci\u00f3n el\u00e9ctrica.\",\"breadcrumb\":{\"@id\":\"https:\/\/www.villafloresmartin.com\/es\/responsabilidad\/trabajo-seguro-en-pandemia\/#breadcrumb\"},\"inLanguage\":\"es\",\"potentialAction\":[{\"@type\":\"ReadAction\",\"target\":[\"https:\/\/www.villafloresmartin.com\/es\/responsabilidad\/trabajo-seguro-en-pandemia\/\"]}]},{\"@type\":\"ImageObject\",\"inLanguage\":\"es\",\"@id\":\"https:\/\/www.villafloresmartin.com\/es\/responsabilidad\/trabajo-seguro-en-pandemia\/#primaryimage\",\"url\":\"https:\/\/www.villafloresmartin.com\/es\/wp-content\/uploads\/2021\/06\/cabecera-pandemia.jpg\",\"contentUrl\":\"https:\/\/www.villafloresmartin.com\/es\/wp-content\/uploads\/2021\/06\/cabecera-pandemia.jpg\",\"width\":1600,\"height\":575},{\"@type\":\"BreadcrumbList\",\"@id\":\"https:\/\/www.villafloresmartin.com\/es\/responsabilidad\/trabajo-seguro-en-pandemia\/#breadcrumb\",\"itemListElement\":[{\"@type\":\"ListItem\",\"position\":1,\"name\":\"Portada\",\"item\":\"https:\/\/www.villafloresmartin.com\/es\/\"},{\"@type\":\"ListItem\",\"position\":2,\"name\":\"Responsabilidad\",\"item\":\"https:\/\/www.villafloresmartin.com\/es\/responsabilidad\/\"},{\"@type\":\"ListItem\",\"position\":3,\"name\":\"Trabajo seguro en pandemia\"}]},{\"@type\":\"WebSite\",\"@id\":\"https:\/\/www.villafloresmartin.com\/es\/#website\",\"url\":\"https:\/\/www.villafloresmartin.com\/es\/\",\"name\":\"Villa Flores Mart\u00edn\",\"description\":\"\",\"potentialAction\":[{\"@type\":\"SearchAction\",\"target\":{\"@type\":\"EntryPoint\",\"urlTemplate\":\"https:\/\/www.villafloresmartin.com\/es\/?s={search_term_string}\"},\"query-input\":{\"@type\":\"PropertyValueSpecification\",\"valueRequired\":true,\"valueName\":\"search_term_string\"}}],\"inLanguage\":\"es\"}]}<\/script>\n<!-- \/ Yoast SEO plugin. -->","yoast_head_json":{"title":"Trabajo seguro en pandemia - Villa Flores Mart\u00edn","description":"Trabajo seguro en pandemia. Diagnosis y Localizaci\u00f3n de aver\u00edas en LSMT. Villa Flores Mart\u00edn. M\u00e1s de 30 a\u00f1os dedicados a la distribuci\u00f3n el\u00e9ctrica.","robots":{"index":"index","follow":"follow","max-snippet":"max-snippet:-1","max-image-preview":"max-image-preview:large","max-video-preview":"max-video-preview:-1"},"canonical":"https:\/\/www.villafloresmartin.com\/es\/responsabilidad\/trabajo-seguro-en-pandemia\/","og_locale":"es_ES","og_type":"article","og_title":"Trabajo seguro en pandemia - Villa Flores Mart\u00edn","og_description":"Trabajo seguro en pandemia. Diagnosis y Localizaci\u00f3n de aver\u00edas en LSMT. Villa Flores Mart\u00edn. M\u00e1s de 30 a\u00f1os dedicados a la distribuci\u00f3n el\u00e9ctrica.","og_url":"https:\/\/www.villafloresmartin.com\/es\/responsabilidad\/trabajo-seguro-en-pandemia\/","og_site_name":"Villa Flores Mart\u00edn","article_modified_time":"2021-06-10T11:36:59+00:00","og_image":[{"url":"https:\/\/www.villafloresmartin.com\/es\/wp-content\/uploads\/2021\/06\/cabecera-pandemia.jpg","type":"","width":"","height":""}],"twitter_misc":{"Tiempo de lectura":"2 minutos"},"schema":{"@context":"https:\/\/schema.org","@graph":[{"@type":"WebPage","@id":"https:\/\/www.villafloresmartin.com\/es\/responsabilidad\/trabajo-seguro-en-pandemia\/","url":"https:\/\/www.villafloresmartin.com\/es\/responsabilidad\/trabajo-seguro-en-pandemia\/","name":"Trabajo seguro en pandemia - Villa Flores Mart\u00edn","isPartOf":{"@id":"https:\/\/www.villafloresmartin.com\/es\/#website"},"primaryImageOfPage":{"@id":"https:\/\/www.villafloresmartin.com\/es\/responsabilidad\/trabajo-seguro-en-pandemia\/#primaryimage"},"image":{"@id":"https:\/\/www.villafloresmartin.com\/es\/responsabilidad\/trabajo-seguro-en-pandemia\/#primaryimage"},"thumbnailUrl":"https:\/\/www.villafloresmartin.com\/es\/wp-content\/uploads\/2021\/06\/cabecera-pandemia.jpg","datePublished":"2021-06-10T08:56:33+00:00","dateModified":"2021-06-10T11:36:59+00:00","description":"Trabajo seguro en pandemia. Diagnosis y Localizaci\u00f3n de aver\u00edas en LSMT. Villa Flores Mart\u00edn. M\u00e1s de 30 a\u00f1os dedicados a la distribuci\u00f3n el\u00e9ctrica.","breadcrumb":{"@id":"https:\/\/www.villafloresmartin.com\/es\/responsabilidad\/trabajo-seguro-en-pandemia\/#breadcrumb"},"inLanguage":"es","potentialAction":[{"@type":"ReadAction","target":["https:\/\/www.villafloresmartin.com\/es\/responsabilidad\/trabajo-seguro-en-pandemia\/"]}]},{"@type":"ImageObject","inLanguage":"es","@id":"https:\/\/www.villafloresmartin.com\/es\/responsabilidad\/trabajo-seguro-en-pandemia\/#primaryimage","url":"https:\/\/www.villafloresmartin.com\/es\/wp-content\/uploads\/2021\/06\/cabecera-pandemia.jpg","contentUrl":"https:\/\/www.villafloresmartin.com\/es\/wp-content\/uploads\/2021\/06\/cabecera-pandemia.jpg","width":1600,"height":575},{"@type":"BreadcrumbList","@id":"https:\/\/www.villafloresmartin.com\/es\/responsabilidad\/trabajo-seguro-en-pandemia\/#breadcrumb","itemListElement":[{"@type":"ListItem","position":1,"name":"Portada","item":"https:\/\/www.villafloresmartin.com\/es\/"},{"@type":"ListItem","position":2,"name":"Responsabilidad","item":"https:\/\/www.villafloresmartin.com\/es\/responsabilidad\/"},{"@type":"ListItem","position":3,"name":"Trabajo seguro en pandemia"}]},{"@type":"WebSite","@id":"https:\/\/www.villafloresmartin.com\/es\/#website","url":"https:\/\/www.villafloresmartin.com\/es\/","name":"Villa Flores Mart\u00edn","description":"","potentialAction":[{"@type":"SearchAction","target":{"@type":"EntryPoint","urlTemplate":"https:\/\/www.villafloresmartin.com\/es\/?s={search_term_string}"},"query-input":{"@type":"PropertyValueSpecification","valueRequired":true,"valueName":"search_term_string"}}],"inLanguage":"es"}]}},"_links":{"self":[{"href":"https:\/\/www.villafloresmartin.com\/es\/wp-json\/wp\/v2\/pages\/2064","targetHints":{"allow":["GET"]}}],"collection":[{"href":"https:\/\/www.villafloresmartin.com\/es\/wp-json\/wp\/v2\/pages"}],"about":[{"href":"https:\/\/www.villafloresmartin.com\/es\/wp-json\/wp\/v2\/types\/page"}],"author":[{"embeddable":true,"href":"https:\/\/www.villafloresmartin.com\/es\/wp-json\/wp\/v2\/users\/2"}],"replies":[{"embeddable":true,"href":"https:\/\/www.villafloresmartin.com\/es\/wp-json\/wp\/v2\/comments?post=2064"}],"version-history":[{"count":0,"href":"https:\/\/www.villafloresmartin.com\/es\/wp-json\/wp\/v2\/pages\/2064\/revisions"}],"up":[{"embeddable":true,"href":"https:\/\/www.villafloresmartin.com\/es\/wp-json\/wp\/v2\/pages\/14"}],"wp:attachment":[{"href":"https:\/\/www.villafloresmartin.com\/es\/wp-json\/wp\/v2\/media?parent=2064"}],"curies":[{"name":"wp","href":"https:\/\/api.w.org\/{rel}","templated":true}]}}