{"id":14,"date":"2017-04-06T09:53:24","date_gmt":"2017-04-06T07:53:24","guid":{"rendered":"https:\/\/www.villafloresmartin.com\/es\/?page_id=14"},"modified":"2021-06-10T13:59:28","modified_gmt":"2021-06-10T11:59:28","slug":"responsabilidad","status":"publish","type":"page","link":"https:\/\/www.villafloresmartin.com\/es\/responsabilidad\/","title":{"rendered":"Responsabilidad"},"content":{"rendered":"<p class=\"no-margin\"><img  title=\"Responsabilidad - Villa Flores Mart\u00edn\" loading=\"lazy\" decoding=\"async\" class=\"aligncenter size-full wp-image-559 img-full\" src=\"https:\/\/www.villafloresmartin.com\/es\/wp-content\/uploads\/2017\/04\/cabecera-sostenibilidad.jpg\"  alt=\"Responsabilidad - Villa Flores Mart\u00edn\"  width=\"1600\" height=\"575\" srcset=\"https:\/\/www.villafloresmartin.com\/es\/wp-content\/uploads\/2017\/04\/cabecera-sostenibilidad.jpg 1600w, https:\/\/www.villafloresmartin.com\/es\/wp-content\/uploads\/2017\/04\/cabecera-sostenibilidad-300x108.jpg 300w, https:\/\/www.villafloresmartin.com\/es\/wp-content\/uploads\/2017\/04\/cabecera-sostenibilidad-768x276.jpg 768w, https:\/\/www.villafloresmartin.com\/es\/wp-content\/uploads\/2017\/04\/cabecera-sostenibilidad-1024x368.jpg 1024w\" sizes=\"auto, (max-width: 1600px) 100vw, 1600px\" \/><\/p>\n<h1 class=\"text-center mt-4 mb-4\">Responsabilidad<\/h1>\n<div class=\"adorno-naranja\"><\/div>\n<div class=\"container\">\n<div class=\"row\">\n<div class=\"col-md-12 dos-columnas mb-5\">\n<p class=\"texto\">En materia social nos consideramos una instituci\u00f3n comprometida con nuestro entorno y comunidad, de ah\u00ed que colaboremos con iniciativas que persiguen mejorar el d\u00eda a d\u00ed\u00ada de las personas. Merece especial menci\u00f3n el Pacto Mundial de las Naciones Unidas al que estamos adheridos y con el que nos comprometemos a cuidar el entorno y la sociedad a trav\u00e9s de pr\u00e1cticas respetuosas y no invasivas.<\/p>\n<p class=\"texto\">La concienciaci\u00f3n de la compa\u00f1\u00ed\u00ada con la prevenci\u00f3n de riesgos laborales nos ha llevado a obtener el Premio Nacional Asepeyo, que reconoc\u00eda la mejora de la prevenci\u00f3n y la seguridad nacional de la empresa; o la Menci\u00f3n Especial en los galardones internacionales Apolo (organizado por Endesa) por la innovaci\u00f3n en procedimientos operativos, gracias a nuestra iniciativa \u00abDispositivo de puesta a tierra para la conversi\u00f3n a\u00e9reo-subterr\u00e1nea en l\u00edneas el\u00e9ctricas de media tensi\u00f3n\u00bb\u0080\u009d.<\/p>\n<p class=\"texto\">Otro aspecto fundamental dentro de esta instituci\u00f3n son las certificaciones que garantizan el correcto desempe\u00f1o de nuestras actividades. Somos pioneros en nuestro sector en la consecuci\u00f3n de los sellos que poseemos actualmente como: el Certificado del Sistema de Gesti\u00f3n de la Calidad, del Sistema de Gesti\u00f3n Ambiental y del Sistema de Gesti\u00f3n de Seguridad y Salud en el Trabajo, emitidos por Aenor. Asimismo, somos empresa Clasificada del Estado como Contratista de Obras y empresa calificada por Endesa Enel.<\/p>\n<p class=\"texto\">En esta l\u00ednea, destacar tambi\u00e9n que somos la primera empresa andaluza y segunda a nivel nacional en obtener el Certificado de Seguridad y Salud frente al Covid-19 en el trabajo, emitido por AENOR, seg\u00fan la ISO\/PAS 45005. Esta nueva norma europea regula los protocolos de gesti\u00f3n del riesgo frente al Covid-19, unificando as\u00ed a nivel comunitario todas las actuaciones a llevar a cabo al respecto.<\/p>\n<p class=\"texto\">Por filosof\u00ed\u00ada nuestros esfuerzos est\u00e1n siempre orientados a la constante mejora. Prueba de ello es la pertenencia tambi\u00e9n al sistema de clasificaci\u00f3n de proveedores Repro, gestionado por la compa\u00f1\u00ed\u00ada Achilles Information Limited. Este programa es el l\u00ed\u00adder en la gesti\u00f3n de riesgos en la cadena de suministros.<\/p>\n<\/div>\n<\/div>\n<\/div>\n<div class=\"row mt-4 mb-4\">\n<div class=\"col-md-4 mosaico-home borde-derecha cuadro-sostenibilidad-naranja\">\n<div class=\"fondo-sostenibilidad-ambiental mosaico-escala\">\n<h3><a class=\"d-flex justify-content-center flex-column\" href=\"https:\/\/www.villafloresmartin.com\/es\/responsabilidad\/medio-ambiente\/\">Medio ambiente<\/a><\/h3>\n<\/div>\n<p class=\"text-center padding-3 intro-sostenibilidad\">Somos una empresa responsable con el entorno que nos rodea. La prestaci\u00f3n de nuestros servicios se asienta sobre una base de econom\u00eda verde, donde el principal fin es el desarrollo sostenible para mejorar la vida de todos los ususarios. \u00bfQuieres saber c\u00f3mo protegemos el medio ambiente?<\/p>\n<\/div>\n<div class=\"col-md-4 mosaico-home borde-derecha-izquierda cuadro-sostenibilidad-gris\">\n<div class=\"fondo-sostenibilidad-calidad mosaico-escala\">\n<h3><a class=\"d-flex justify-content-center flex-column\" href=\"https:\/\/www.villafloresmartin.com\/es\/responsabilidad\/calidad\/\">Calidad<\/a><\/h3>\n<\/div>\n<p class=\"text-center padding-3 intro-sostenibilidad\">Defendemos el deber que tiene toda empresa de contar con una Pol\u00edtica de Calidad, la cual incidir\u00e1 de forma directa en la satisfacci\u00f3n del cliente. En Villa Flores Mart\u00edn hemos definido minuciosamente el marco de aplicaci\u00f3n de nuestro sistema de gesti\u00f3n para garantizar as\u00ed la excelencia y la optimizaci\u00f3n.<\/p>\n<\/div>\n<div class=\"col-md-4 mosaico-home borde-izquierda cuadro-sostenibilidad-naranja\">\n<div class=\"fondo-sostenibilidad-seguridad mosaico-escala\">\n<h3><a class=\"d-flex justify-content-center flex-column\" href=\"https:\/\/www.villafloresmartin.com\/es\/responsabilidad\/seguridad\">Seguridad<\/a><\/h3>\n<\/div>\n<p class=\"text-center padding-3 intro-sostenibilidad\">Referentes en seguridad, y con varios galardones a nuestras espaldas, el af\u00e1n de superaci\u00f3n de la compa\u00f1\u00eda sigue intacto. Para ello seguimos apostando por la formaci\u00f3n constante y por las \u00faltimas metodolog\u00edas y herramientas dentro de la seguridad laboral, siempre acompa\u00f1ados de un equipo altamente cualificado.<\/p>\n<\/div>\n<\/div>\n<div class=\"row mt-4 mb-4\">\n<div class=\"col-md-3 mosaico-home borde-derecha cuadro-sostenibilidad-gris\">\n<div class=\"fondo-sostenibilidad-responsabilidad mosaico-escala\">\n<h3><a class=\"d-flex justify-content-center flex-column\" href=\"https:\/\/www.villafloresmartin.com\/es\/responsabilidad\/responsabilidad-social-corporativa\">Responsabilidad social corporativa<\/a><\/h3>\n<\/div>\n<p class=\"text-center padding-3 intro-sostenibilidad\">Nuestro compromiso con la sociedad va mucho m\u00e1s all\u00e1 de la correcta prestaci\u00f3n de los servicios que nos ata\u00f1en. Buscamos mejorar la comunidad de la que formamos parte a trav\u00e9s de iniciativas que favorezcan su desarrollo tanto econ\u00f3mico como social o ambiental. \u00bfQuieres saber m\u00e1s?<\/p>\n<\/div>\n<div class=\"col-md-3 mosaico-home borde-derecha-izquierda cuadro-sostenibilidad-naranja\">\n<div class=\"fondo-sostenibilidad-formacion mosaico-escala\">\n<h3><a class=\"d-flex justify-content-center flex-column\" href=\"https:\/\/www.villafloresmartin.com\/es\/responsabilidad\/formacion\">Formaci\u00f3n<\/a><\/h3>\n<\/div>\n<p class=\"text-center padding-3 intro-sostenibilidad\">La formaci\u00f3n es parte fundamental dentro de VFM. Asimismo, podr\u00eda dividirse en tres vertiente. Por un lado el proceso de aprendizaje constante que llevan a cabo nuestros trabajadores y, por otro, las formaciones espec\u00edficas que impartimos a otras entidades o el alquiler de las instalaciones para formaciones externas.<\/p>\n<\/div>\n<div class=\"col-md-3 mosaico-home borde-derecha-izquierda  cuadro-sostenibilidad-gris\">\n<div class=\"fondo-sostenibilidad-certificaciones mosaico-escala\">\n<h3><a class=\"d-flex justify-content-center flex-column\" href=\"https:\/\/www.villafloresmartin.com\/es\/responsabilidad\/certificaciones\">Certificaciones<\/a><\/h3>\n<\/div>\n<p class=\"text-center padding-3 intro-sostenibilidad\">En Villa Flores Mart\u00edn nuestro compromiso con la calidad, el medio ambiente, la seguridad, la formaci\u00f3n y la sociedad no se limita a simples palabras, sino que contamos con las certificaciones pertinentes para acreditar que todas nuestras acciones son respetuosas con el entorno y las personas que nos rodean.<\/p>\n<\/div>\n<div class=\"col-md-3 mosaico-home borde-izquierda cuadro-sostenibilidad-naranja\">\n<div class=\"fondo-seguridad-pandemia mosaico-escala\">\n<h3><a class=\"d-flex justify-content-center flex-column\" href=\"https:\/\/www.villafloresmartin.com\/es\/responsabilidad\/trabajo-seguro-en-pandemia\/\">Trabajo seguro en pandemia<\/a><\/h3>\n<\/div>\n<p class=\"text-center padding-3 intro-sostenibilidad\">Fuimos la primera empresa de Andaluc\u00eda y segunda de Espa\u00f1a en lograr la certificaci\u00f3n de Seguridad y Salud frente al Covid-19 en el Trabajo. Momentos excepcionales requieren esfuerzos excepcionales y, una vez m\u00e1s, supimos estar a la altura.<\/p>\n<\/div>\n<\/div>\n","protected":false},"excerpt":{"rendered":"<p>Responsabilidad En materia social nos consideramos una instituci\u00f3n comprometida con nuestro entorno y comunidad, de ah\u00ed que colaboremos con iniciativas que persiguen mejorar el d\u00eda a d\u00ed\u00ada de las personas. Merece especial menci\u00f3n el Pacto Mundial de las Naciones Unidas al que estamos adheridos y con el que nos comprometemos a cuidar el entorno y [&#8230;]<\/p>\n<p><a class=\"btn btn-secondary understrap-read-more-link\" href=\"https:\/\/www.villafloresmartin.com\/es\/responsabilidad\/\">Leer m\u00e1s&#8230;<\/a><\/p>\n","protected":false},"author":2,"featured_media":0,"parent":0,"menu_order":0,"comment_status":"closed","ping_status":"closed","template":"page-templates\/empty.php","meta":{"footnotes":""},"class_list":["post-14","page","type-page","status-publish","hentry"],"yoast_head":"<!-- This site is optimized with the Yoast SEO plugin v26.9 - https:\/\/yoast.com\/product\/yoast-seo-wordpress\/ -->\n<title>Responsabilidad con el Medio Ambiente - Villa Flores Mart\u00edn<\/title>\n<meta name=\"description\" content=\"Somos pioneros en nuestro sector en la consecuci\u00f3n de los sellos que poseemos actualmente como: el Certificado del Sistema de Gesti\u00f3n de la Calidad, del Sistema de Gesti\u00f3n Ambiental y del Sistema de Gesti\u00f3n de Seguridad y Salud en el Trabajo, etc.\" \/>\n<meta name=\"robots\" content=\"index, follow, max-snippet:-1, max-image-preview:large, max-video-preview:-1\" \/>\n<link rel=\"canonical\" href=\"https:\/\/www.villafloresmartin.com\/es\/responsabilidad\/\" \/>\n<meta property=\"og:locale\" content=\"es_ES\" \/>\n<meta property=\"og:type\" content=\"article\" \/>\n<meta property=\"og:title\" content=\"Responsabilidad con el Medio Ambiente - Villa Flores Mart\u00edn\" \/>\n<meta property=\"og:description\" content=\"Somos pioneros en nuestro sector en la consecuci\u00f3n de los sellos que poseemos actualmente como: el Certificado del Sistema de Gesti\u00f3n de la Calidad, del Sistema de Gesti\u00f3n Ambiental y del Sistema de Gesti\u00f3n de Seguridad y Salud en el Trabajo, etc.\" \/>\n<meta property=\"og:url\" content=\"https:\/\/www.villafloresmartin.com\/es\/responsabilidad\/\" \/>\n<meta property=\"og:site_name\" content=\"Villa Flores Mart\u00edn\" \/>\n<meta property=\"article:modified_time\" content=\"2021-06-10T11:59:28+00:00\" \/>\n<meta property=\"og:image\" content=\"https:\/\/www.villafloresmartin.com\/es\/wp-content\/uploads\/2017\/04\/cabecera-sostenibilidad.jpg\" \/>\n<meta name=\"twitter:label1\" content=\"Tiempo de lectura\" \/>\n\t<meta name=\"twitter:data1\" content=\"4 minutos\" \/>\n<script type=\"application\/ld+json\" class=\"yoast-schema-graph\">{\"@context\":\"https:\/\/schema.org\",\"@graph\":[{\"@type\":\"WebPage\",\"@id\":\"https:\/\/www.villafloresmartin.com\/es\/responsabilidad\/\",\"url\":\"https:\/\/www.villafloresmartin.com\/es\/responsabilidad\/\",\"name\":\"Responsabilidad con el Medio Ambiente - Villa Flores Mart\u00edn\",\"isPartOf\":{\"@id\":\"https:\/\/www.villafloresmartin.com\/es\/#website\"},\"primaryImageOfPage\":{\"@id\":\"https:\/\/www.villafloresmartin.com\/es\/responsabilidad\/#primaryimage\"},\"image\":{\"@id\":\"https:\/\/www.villafloresmartin.com\/es\/responsabilidad\/#primaryimage\"},\"thumbnailUrl\":\"https:\/\/www.villafloresmartin.com\/es\/wp-content\/uploads\/2017\/04\/cabecera-sostenibilidad.jpg\",\"datePublished\":\"2017-04-06T07:53:24+00:00\",\"dateModified\":\"2021-06-10T11:59:28+00:00\",\"description\":\"Somos pioneros en nuestro sector en la consecuci\u00f3n de los sellos que poseemos actualmente como: el Certificado del Sistema de Gesti\u00f3n de la Calidad, del Sistema de Gesti\u00f3n Ambiental y del Sistema de Gesti\u00f3n de Seguridad y Salud en el Trabajo, etc.\",\"breadcrumb\":{\"@id\":\"https:\/\/www.villafloresmartin.com\/es\/responsabilidad\/#breadcrumb\"},\"inLanguage\":\"es\",\"potentialAction\":[{\"@type\":\"ReadAction\",\"target\":[\"https:\/\/www.villafloresmartin.com\/es\/responsabilidad\/\"]}]},{\"@type\":\"ImageObject\",\"inLanguage\":\"es\",\"@id\":\"https:\/\/www.villafloresmartin.com\/es\/responsabilidad\/#primaryimage\",\"url\":\"https:\/\/www.villafloresmartin.com\/es\/wp-content\/uploads\/2017\/04\/cabecera-sostenibilidad.jpg\",\"contentUrl\":\"https:\/\/www.villafloresmartin.com\/es\/wp-content\/uploads\/2017\/04\/cabecera-sostenibilidad.jpg\",\"width\":1600,\"height\":575},{\"@type\":\"BreadcrumbList\",\"@id\":\"https:\/\/www.villafloresmartin.com\/es\/responsabilidad\/#breadcrumb\",\"itemListElement\":[{\"@type\":\"ListItem\",\"position\":1,\"name\":\"Portada\",\"item\":\"https:\/\/www.villafloresmartin.com\/es\/\"},{\"@type\":\"ListItem\",\"position\":2,\"name\":\"Responsabilidad\"}]},{\"@type\":\"WebSite\",\"@id\":\"https:\/\/www.villafloresmartin.com\/es\/#website\",\"url\":\"https:\/\/www.villafloresmartin.com\/es\/\",\"name\":\"Villa Flores Mart\u00edn\",\"description\":\"\",\"potentialAction\":[{\"@type\":\"SearchAction\",\"target\":{\"@type\":\"EntryPoint\",\"urlTemplate\":\"https:\/\/www.villafloresmartin.com\/es\/?s={search_term_string}\"},\"query-input\":{\"@type\":\"PropertyValueSpecification\",\"valueRequired\":true,\"valueName\":\"search_term_string\"}}],\"inLanguage\":\"es\"}]}<\/script>\n<!-- \/ Yoast SEO plugin. -->","yoast_head_json":{"title":"Responsabilidad con el Medio Ambiente - Villa Flores Mart\u00edn","description":"Somos pioneros en nuestro sector en la consecuci\u00f3n de los sellos que poseemos actualmente como: el Certificado del Sistema de Gesti\u00f3n de la Calidad, del Sistema de Gesti\u00f3n Ambiental y del Sistema de Gesti\u00f3n de Seguridad y Salud en el Trabajo, etc.","robots":{"index":"index","follow":"follow","max-snippet":"max-snippet:-1","max-image-preview":"max-image-preview:large","max-video-preview":"max-video-preview:-1"},"canonical":"https:\/\/www.villafloresmartin.com\/es\/responsabilidad\/","og_locale":"es_ES","og_type":"article","og_title":"Responsabilidad con el Medio Ambiente - Villa Flores Mart\u00edn","og_description":"Somos pioneros en nuestro sector en la consecuci\u00f3n de los sellos que poseemos actualmente como: el Certificado del Sistema de Gesti\u00f3n de la Calidad, del Sistema de Gesti\u00f3n Ambiental y del Sistema de Gesti\u00f3n de Seguridad y Salud en el Trabajo, etc.","og_url":"https:\/\/www.villafloresmartin.com\/es\/responsabilidad\/","og_site_name":"Villa Flores Mart\u00edn","article_modified_time":"2021-06-10T11:59:28+00:00","og_image":[{"url":"https:\/\/www.villafloresmartin.com\/es\/wp-content\/uploads\/2017\/04\/cabecera-sostenibilidad.jpg","type":"","width":"","height":""}],"twitter_misc":{"Tiempo de lectura":"4 minutos"},"schema":{"@context":"https:\/\/schema.org","@graph":[{"@type":"WebPage","@id":"https:\/\/www.villafloresmartin.com\/es\/responsabilidad\/","url":"https:\/\/www.villafloresmartin.com\/es\/responsabilidad\/","name":"Responsabilidad con el Medio Ambiente - Villa Flores Mart\u00edn","isPartOf":{"@id":"https:\/\/www.villafloresmartin.com\/es\/#website"},"primaryImageOfPage":{"@id":"https:\/\/www.villafloresmartin.com\/es\/responsabilidad\/#primaryimage"},"image":{"@id":"https:\/\/www.villafloresmartin.com\/es\/responsabilidad\/#primaryimage"},"thumbnailUrl":"https:\/\/www.villafloresmartin.com\/es\/wp-content\/uploads\/2017\/04\/cabecera-sostenibilidad.jpg","datePublished":"2017-04-06T07:53:24+00:00","dateModified":"2021-06-10T11:59:28+00:00","description":"Somos pioneros en nuestro sector en la consecuci\u00f3n de los sellos que poseemos actualmente como: el Certificado del Sistema de Gesti\u00f3n de la Calidad, del Sistema de Gesti\u00f3n Ambiental y del Sistema de Gesti\u00f3n de Seguridad y Salud en el Trabajo, etc.","breadcrumb":{"@id":"https:\/\/www.villafloresmartin.com\/es\/responsabilidad\/#breadcrumb"},"inLanguage":"es","potentialAction":[{"@type":"ReadAction","target":["https:\/\/www.villafloresmartin.com\/es\/responsabilidad\/"]}]},{"@type":"ImageObject","inLanguage":"es","@id":"https:\/\/www.villafloresmartin.com\/es\/responsabilidad\/#primaryimage","url":"https:\/\/www.villafloresmartin.com\/es\/wp-content\/uploads\/2017\/04\/cabecera-sostenibilidad.jpg","contentUrl":"https:\/\/www.villafloresmartin.com\/es\/wp-content\/uploads\/2017\/04\/cabecera-sostenibilidad.jpg","width":1600,"height":575},{"@type":"BreadcrumbList","@id":"https:\/\/www.villafloresmartin.com\/es\/responsabilidad\/#breadcrumb","itemListElement":[{"@type":"ListItem","position":1,"name":"Portada","item":"https:\/\/www.villafloresmartin.com\/es\/"},{"@type":"ListItem","position":2,"name":"Responsabilidad"}]},{"@type":"WebSite","@id":"https:\/\/www.villafloresmartin.com\/es\/#website","url":"https:\/\/www.villafloresmartin.com\/es\/","name":"Villa Flores Mart\u00edn","description":"","potentialAction":[{"@type":"SearchAction","target":{"@type":"EntryPoint","urlTemplate":"https:\/\/www.villafloresmartin.com\/es\/?s={search_term_string}"},"query-input":{"@type":"PropertyValueSpecification","valueRequired":true,"valueName":"search_term_string"}}],"inLanguage":"es"}]}},"_links":{"self":[{"href":"https:\/\/www.villafloresmartin.com\/es\/wp-json\/wp\/v2\/pages\/14","targetHints":{"allow":["GET"]}}],"collection":[{"href":"https:\/\/www.villafloresmartin.com\/es\/wp-json\/wp\/v2\/pages"}],"about":[{"href":"https:\/\/www.villafloresmartin.com\/es\/wp-json\/wp\/v2\/types\/page"}],"author":[{"embeddable":true,"href":"https:\/\/www.villafloresmartin.com\/es\/wp-json\/wp\/v2\/users\/2"}],"replies":[{"embeddable":true,"href":"https:\/\/www.villafloresmartin.com\/es\/wp-json\/wp\/v2\/comments?post=14"}],"version-history":[{"count":0,"href":"https:\/\/www.villafloresmartin.com\/es\/wp-json\/wp\/v2\/pages\/14\/revisions"}],"wp:attachment":[{"href":"https:\/\/www.villafloresmartin.com\/es\/wp-json\/wp\/v2\/media?parent=14"}],"curies":[{"name":"wp","href":"https:\/\/api.w.org\/{rel}","templated":true}]}}