{"id":1236,"date":"2018-01-23T11:59:11","date_gmt":"2018-01-23T10:59:11","guid":{"rendered":"https:\/\/www.villafloresmartin.com\/es\/?page_id=1236"},"modified":"2021-01-14T18:07:53","modified_gmt":"2021-01-14T17:07:53","slug":"trabaja-con-nosotros","status":"publish","type":"page","link":"https:\/\/www.villafloresmartin.com\/es\/trabaja-con-nosotros\/","title":{"rendered":"Trabaja con nosotros"},"content":{"rendered":"<p class=\"no-margin\"><img  title=\"Trabaja con nosotros - Villa Flores Mart\u00edn\" loading=\"lazy\" decoding=\"async\" class=\"aligncenter size-full wp-image-1130 img-full\" src=\"https:\/\/www.villafloresmartin.com\/es\/wp-content\/uploads\/2017\/04\/cabecera-contacto.jpg\"  alt=\"Trabaja con nosotros - Villa Flores Mart\u00edn\"  width=\"1400\" height=\"503\" srcset=\"https:\/\/www.villafloresmartin.com\/es\/wp-content\/uploads\/2017\/04\/cabecera-contacto.jpg 1400w, https:\/\/www.villafloresmartin.com\/es\/wp-content\/uploads\/2017\/04\/cabecera-contacto-300x108.jpg 300w, https:\/\/www.villafloresmartin.com\/es\/wp-content\/uploads\/2017\/04\/cabecera-contacto-768x276.jpg 768w, https:\/\/www.villafloresmartin.com\/es\/wp-content\/uploads\/2017\/04\/cabecera-contacto-1024x368.jpg 1024w\" sizes=\"auto, (max-width: 1400px) 100vw, 1400px\" \/><\/p>\n<h1 class=\"text-center mt-4 mb-4\">Trabaja con nosotros<\/h1>\n<div class=\"adorno-naranja\"><\/div>\n<div class=\"container mt-4 mb-4\">\n<div class=\"row\">\n<div class=\"col-md-12 aligncenter\">\n<div id=\":cx.ma\" class=\"Mu SP\" style=\"text-align: center;\" title=\"14 de enero de 2021, 17:53:10 UTC+1\" data-tooltip=\"14 de enero de 2021, 17:53:10 UTC+1\"><span id=\":cx.co\" class=\"tL8wMe EMoHub\" dir=\"ltr\">Si est\u00e1s interesado en formar parte de nuestro equipo, puedes enviarnos tu CV a trav\u00e9s de la siguiente direcci\u00f3n de correo electr\u00f3nico.\u00a0<\/span><\/div>\n<div title=\"14 de enero de 2021, 17:53:10 UTC+1\" data-tooltip=\"14 de enero de 2021, 17:53:10 UTC+1\"><\/div>\n<div id=\":cy.ma\" class=\"Mu SP\" style=\"text-align: center;\" data-tooltip=\"14 de enero de 2021, 17:53:37 UTC+1\">\n<div id=\":cy.at\" class=\"xH\">rrhh@villafloresmartin.com<\/div>\n<div><\/div>\n<p><span id=\":cy.co\" class=\"tL8wMe EMoHub\" dir=\"ltr\">Gracias por querer ser part\u00edcipe de este proyecto. Esperamos que te apasione tanto como a nosotros. \u00a1Suerte!<\/span><\/p>\n<\/div>\n<\/div>\n<\/div>\n<\/div>\n","protected":false},"excerpt":{"rendered":"<p>Trabaja con nosotros Si est\u00e1s interesado en formar parte de nuestro equipo, puedes enviarnos tu CV a trav\u00e9s de la siguiente direcci\u00f3n de correo electr\u00f3nico.\u00a0 rrhh@villafloresmartin.com Gracias por querer ser part\u00edcipe de este proyecto. Esperamos que te apasione tanto como a nosotros. \u00a1Suerte! [&#8230;]<\/p>\n<p><a class=\"btn btn-secondary understrap-read-more-link\" href=\"https:\/\/www.villafloresmartin.com\/es\/trabaja-con-nosotros\/\">Leer m\u00e1s&#8230;<\/a><\/p>\n","protected":false},"author":2,"featured_media":0,"parent":0,"menu_order":0,"comment_status":"closed","ping_status":"closed","template":"page-templates\/empty.php","meta":{"footnotes":""},"class_list":["post-1236","page","type-page","status-publish","hentry"],"yoast_head":"<!-- This site is optimized with the Yoast SEO plugin v26.9 - https:\/\/yoast.com\/product\/yoast-seo-wordpress\/ -->\n<title>Trabaja con nosotros - Villa Flores Mart\u00edn<\/title>\n<meta name=\"description\" content=\"Accede a nuestra web y env\u00edanos tus datos si est\u00e1s interesado en trabajar con nosotros. No pierdas la oportunidad de formar parte de nuestro equipo. Env\u00edanos tu CV a trav\u00e9s de nuestro formulario. \u00a1Entra ahora!\" \/>\n<meta name=\"robots\" content=\"index, follow, max-snippet:-1, max-image-preview:large, max-video-preview:-1\" \/>\n<link rel=\"canonical\" href=\"https:\/\/www.villafloresmartin.com\/es\/trabaja-con-nosotros\/\" \/>\n<meta property=\"og:locale\" content=\"es_ES\" \/>\n<meta property=\"og:type\" content=\"article\" \/>\n<meta property=\"og:title\" content=\"Trabaja con nosotros - Villa Flores Mart\u00edn\" \/>\n<meta property=\"og:description\" content=\"Accede a nuestra web y env\u00edanos tus datos si est\u00e1s interesado en trabajar con nosotros. No pierdas la oportunidad de formar parte de nuestro equipo. Env\u00edanos tu CV a trav\u00e9s de nuestro formulario. \u00a1Entra ahora!\" \/>\n<meta property=\"og:url\" content=\"https:\/\/www.villafloresmartin.com\/es\/trabaja-con-nosotros\/\" \/>\n<meta property=\"og:site_name\" content=\"Villa Flores Mart\u00edn\" \/>\n<meta property=\"article:modified_time\" content=\"2021-01-14T17:07:53+00:00\" \/>\n<meta property=\"og:image\" content=\"https:\/\/www.villafloresmartin.com\/es\/wp-content\/uploads\/2017\/04\/cabecera-contacto.jpg\" \/>\n<script type=\"application\/ld+json\" class=\"yoast-schema-graph\">{\"@context\":\"https:\/\/schema.org\",\"@graph\":[{\"@type\":\"WebPage\",\"@id\":\"https:\/\/www.villafloresmartin.com\/es\/trabaja-con-nosotros\/\",\"url\":\"https:\/\/www.villafloresmartin.com\/es\/trabaja-con-nosotros\/\",\"name\":\"Trabaja con nosotros - Villa Flores Mart\u00edn\",\"isPartOf\":{\"@id\":\"https:\/\/www.villafloresmartin.com\/es\/#website\"},\"primaryImageOfPage\":{\"@id\":\"https:\/\/www.villafloresmartin.com\/es\/trabaja-con-nosotros\/#primaryimage\"},\"image\":{\"@id\":\"https:\/\/www.villafloresmartin.com\/es\/trabaja-con-nosotros\/#primaryimage\"},\"thumbnailUrl\":\"https:\/\/www.villafloresmartin.com\/es\/wp-content\/uploads\/2017\/04\/cabecera-contacto.jpg\",\"datePublished\":\"2018-01-23T10:59:11+00:00\",\"dateModified\":\"2021-01-14T17:07:53+00:00\",\"description\":\"Accede a nuestra web y env\u00edanos tus datos si est\u00e1s interesado en trabajar con nosotros. No pierdas la oportunidad de formar parte de nuestro equipo. Env\u00edanos tu CV a trav\u00e9s de nuestro formulario. \u00a1Entra ahora!\",\"breadcrumb\":{\"@id\":\"https:\/\/www.villafloresmartin.com\/es\/trabaja-con-nosotros\/#breadcrumb\"},\"inLanguage\":\"es\",\"potentialAction\":[{\"@type\":\"ReadAction\",\"target\":[\"https:\/\/www.villafloresmartin.com\/es\/trabaja-con-nosotros\/\"]}]},{\"@type\":\"ImageObject\",\"inLanguage\":\"es\",\"@id\":\"https:\/\/www.villafloresmartin.com\/es\/trabaja-con-nosotros\/#primaryimage\",\"url\":\"https:\/\/www.villafloresmartin.com\/es\/wp-content\/uploads\/2017\/04\/cabecera-contacto.jpg\",\"contentUrl\":\"https:\/\/www.villafloresmartin.com\/es\/wp-content\/uploads\/2017\/04\/cabecera-contacto.jpg\",\"width\":1400,\"height\":503},{\"@type\":\"BreadcrumbList\",\"@id\":\"https:\/\/www.villafloresmartin.com\/es\/trabaja-con-nosotros\/#breadcrumb\",\"itemListElement\":[{\"@type\":\"ListItem\",\"position\":1,\"name\":\"Portada\",\"item\":\"https:\/\/www.villafloresmartin.com\/es\/\"},{\"@type\":\"ListItem\",\"position\":2,\"name\":\"Trabaja con nosotros\"}]},{\"@type\":\"WebSite\",\"@id\":\"https:\/\/www.villafloresmartin.com\/es\/#website\",\"url\":\"https:\/\/www.villafloresmartin.com\/es\/\",\"name\":\"Villa Flores Mart\u00edn\",\"description\":\"\",\"potentialAction\":[{\"@type\":\"SearchAction\",\"target\":{\"@type\":\"EntryPoint\",\"urlTemplate\":\"https:\/\/www.villafloresmartin.com\/es\/?s={search_term_string}\"},\"query-input\":{\"@type\":\"PropertyValueSpecification\",\"valueRequired\":true,\"valueName\":\"search_term_string\"}}],\"inLanguage\":\"es\"}]}<\/script>\n<!-- \/ Yoast SEO plugin. -->","yoast_head_json":{"title":"Trabaja con nosotros - Villa Flores Mart\u00edn","description":"Accede a nuestra web y env\u00edanos tus datos si est\u00e1s interesado en trabajar con nosotros. No pierdas la oportunidad de formar parte de nuestro equipo. Env\u00edanos tu CV a trav\u00e9s de nuestro formulario. \u00a1Entra ahora!","robots":{"index":"index","follow":"follow","max-snippet":"max-snippet:-1","max-image-preview":"max-image-preview:large","max-video-preview":"max-video-preview:-1"},"canonical":"https:\/\/www.villafloresmartin.com\/es\/trabaja-con-nosotros\/","og_locale":"es_ES","og_type":"article","og_title":"Trabaja con nosotros - Villa Flores Mart\u00edn","og_description":"Accede a nuestra web y env\u00edanos tus datos si est\u00e1s interesado en trabajar con nosotros. No pierdas la oportunidad de formar parte de nuestro equipo. Env\u00edanos tu CV a trav\u00e9s de nuestro formulario. \u00a1Entra ahora!","og_url":"https:\/\/www.villafloresmartin.com\/es\/trabaja-con-nosotros\/","og_site_name":"Villa Flores Mart\u00edn","article_modified_time":"2021-01-14T17:07:53+00:00","og_image":[{"url":"https:\/\/www.villafloresmartin.com\/es\/wp-content\/uploads\/2017\/04\/cabecera-contacto.jpg","type":"","width":"","height":""}],"schema":{"@context":"https:\/\/schema.org","@graph":[{"@type":"WebPage","@id":"https:\/\/www.villafloresmartin.com\/es\/trabaja-con-nosotros\/","url":"https:\/\/www.villafloresmartin.com\/es\/trabaja-con-nosotros\/","name":"Trabaja con nosotros - Villa Flores Mart\u00edn","isPartOf":{"@id":"https:\/\/www.villafloresmartin.com\/es\/#website"},"primaryImageOfPage":{"@id":"https:\/\/www.villafloresmartin.com\/es\/trabaja-con-nosotros\/#primaryimage"},"image":{"@id":"https:\/\/www.villafloresmartin.com\/es\/trabaja-con-nosotros\/#primaryimage"},"thumbnailUrl":"https:\/\/www.villafloresmartin.com\/es\/wp-content\/uploads\/2017\/04\/cabecera-contacto.jpg","datePublished":"2018-01-23T10:59:11+00:00","dateModified":"2021-01-14T17:07:53+00:00","description":"Accede a nuestra web y env\u00edanos tus datos si est\u00e1s interesado en trabajar con nosotros. No pierdas la oportunidad de formar parte de nuestro equipo. Env\u00edanos tu CV a trav\u00e9s de nuestro formulario. \u00a1Entra ahora!","breadcrumb":{"@id":"https:\/\/www.villafloresmartin.com\/es\/trabaja-con-nosotros\/#breadcrumb"},"inLanguage":"es","potentialAction":[{"@type":"ReadAction","target":["https:\/\/www.villafloresmartin.com\/es\/trabaja-con-nosotros\/"]}]},{"@type":"ImageObject","inLanguage":"es","@id":"https:\/\/www.villafloresmartin.com\/es\/trabaja-con-nosotros\/#primaryimage","url":"https:\/\/www.villafloresmartin.com\/es\/wp-content\/uploads\/2017\/04\/cabecera-contacto.jpg","contentUrl":"https:\/\/www.villafloresmartin.com\/es\/wp-content\/uploads\/2017\/04\/cabecera-contacto.jpg","width":1400,"height":503},{"@type":"BreadcrumbList","@id":"https:\/\/www.villafloresmartin.com\/es\/trabaja-con-nosotros\/#breadcrumb","itemListElement":[{"@type":"ListItem","position":1,"name":"Portada","item":"https:\/\/www.villafloresmartin.com\/es\/"},{"@type":"ListItem","position":2,"name":"Trabaja con nosotros"}]},{"@type":"WebSite","@id":"https:\/\/www.villafloresmartin.com\/es\/#website","url":"https:\/\/www.villafloresmartin.com\/es\/","name":"Villa Flores Mart\u00edn","description":"","potentialAction":[{"@type":"SearchAction","target":{"@type":"EntryPoint","urlTemplate":"https:\/\/www.villafloresmartin.com\/es\/?s={search_term_string}"},"query-input":{"@type":"PropertyValueSpecification","valueRequired":true,"valueName":"search_term_string"}}],"inLanguage":"es"}]}},"_links":{"self":[{"href":"https:\/\/www.villafloresmartin.com\/es\/wp-json\/wp\/v2\/pages\/1236","targetHints":{"allow":["GET"]}}],"collection":[{"href":"https:\/\/www.villafloresmartin.com\/es\/wp-json\/wp\/v2\/pages"}],"about":[{"href":"https:\/\/www.villafloresmartin.com\/es\/wp-json\/wp\/v2\/types\/page"}],"author":[{"embeddable":true,"href":"https:\/\/www.villafloresmartin.com\/es\/wp-json\/wp\/v2\/users\/2"}],"replies":[{"embeddable":true,"href":"https:\/\/www.villafloresmartin.com\/es\/wp-json\/wp\/v2\/comments?post=1236"}],"version-history":[{"count":0,"href":"https:\/\/www.villafloresmartin.com\/es\/wp-json\/wp\/v2\/pages\/1236\/revisions"}],"wp:attachment":[{"href":"https:\/\/www.villafloresmartin.com\/es\/wp-json\/wp\/v2\/media?parent=1236"}],"curies":[{"name":"wp","href":"https:\/\/api.w.org\/{rel}","templated":true}]}}