{"id":12,"date":"2017-04-06T09:53:06","date_gmt":"2017-04-06T09:53:06","guid":{"rendered":"https:\/\/www.villafloresmartin.com\/es\/?page_id=12"},"modified":"2018-10-02T13:13:21","modified_gmt":"2018-10-02T11:13:21","slug":"servicios","status":"publish","type":"page","link":"https:\/\/www.villafloresmartin.com\/es\/servicios\/","title":{"rendered":"Servicios"},"content":{"rendered":"<h1 class=\"text-center mb-4\">Servicios<\/h1>\n<div class=\"adorno-naranja\"><\/div>\n<div class=\"container\">\n<div class=\"row\">\n<p class=\"texto text-center\">Villa Flores Mart\u00edn es una empresa especializada en la distribuci\u00f3n de energ\u00eda el\u00e9ctrica. Si bien, entre nuestros principales servicios de montajes el\u00e9ctricos se encuentran los trabajos en centros de transformaci\u00f3n (CT) y subestaciones; la instalaci\u00f3n, mantenimiento y reparaci\u00f3n de l\u00edneas a\u00e9reas y subterr\u00e1neas en alta, media y baja tensi\u00f3n; los trabajos de obra civil en CT o canalizaciones; el alumbrado vial o urbano; las energ\u00ed\u00adas renovables y la tramitaci\u00f3n de proyectos o gestiones administrativas, entre muchos otros.<\/p>\n<p class=\"texto text-center\">A continuaci\u00f3n os presentamos de manera m\u00e1s extensa en qu\u00e9 consisten cada uno de estos servicios que ponemos a tu alcance.<\/p>\n<\/div>\n<\/div>\n<div class=\"container-fluid\">\n<div class=\"row mt-4 mb-3\">\n<div class=\"col-md-3 mosaico-home borde-derecha\">\n<div class=\"fondo-ingenieria-proyectos mosaico-escala\">\n<h3><a class=\"d-flex justify-content-center flex-column\" href=\"https:\/\/www.villafloresmartin.com\/es\/servicios\/ingenieria-y-proyectos\/\">Ingenier\u00eda y proyectos<\/a><\/h3>\n<\/div>\n<\/div>\n<div class=\"col-md-3 mosaico-home borde-derecha-izquierda\">\n<div class=\"fondo-redes-distribucion mosaico-escala\">\n<h3><a class=\"d-flex justify-content-center flex-column\" href=\"https:\/\/www.villafloresmartin.com\/es\/servicios\/redes-distribucion-alta-media-baja-tension\/\">Redes de distribuci\u00f3n de alta, media y baja tensi\u00f3n<\/a><\/h3>\n<\/div>\n<\/div>\n<div class=\"col-md-3 mosaico-home borde-derecha-izquierda\">\n<div class=\"fondo-localizacion-ensayos mosaico-escala\">\n<h3><a class=\"d-flex justify-content-center flex-column\" href=\"https:\/\/www.villafloresmartin.com\/es\/servicios\/localizacion-ensayos-diagnosis-lineas-subterraneas-electricas\/\">Localizaci\u00f3n, ensayos y diagnosis de l\u00edneas subterr\u00e1neas el\u00e9ctricas<\/a><\/h3>\n<\/div>\n<\/div>\n<div class=\"col-md-3 mosaico-home borde-izquierda\">\n<div class=\"fondo-servicios-energia mosaico-escala\">\n<h3><a class=\"d-flex justify-content-center flex-column\" href=\"https:\/\/www.villafloresmartin.com\/es\/servicios\/servicios-energia-electrica\/\">Servicios de energ\u00eda el\u00e9ctrica<\/a><\/h3>\n<\/div>\n<\/div>\n<\/div>\n<div class=\"row mb-4\">\n<div class=\"col-md-3 mosaico-home borde-derecha\">\n<div class=\"fondo-obra-civil mosaico-escala\">\n<h3><a class=\"d-flex justify-content-center flex-column\" href=\"https:\/\/www.villafloresmartin.com\/es\/servicios\/obra-civil\/\">Obra civil<\/a><\/h3>\n<\/div>\n<\/div>\n<div class=\"col-md-3 mosaico-home borde-derecha-izquierda\">\n<div class=\"fondo-mantenimiento-instalaciones mosaico-escala\">\n<h3><a class=\"d-flex justify-content-center flex-column\" href=\"https:\/\/www.villafloresmartin.com\/es\/servicios\/mantenimiento-instalaciones-electricas\/\">Mantenimiento de instalaciones el\u00e9ctricas<\/a><\/h3>\n<\/div>\n<\/div>\n<div class=\"col-md-3 mosaico-home borde-derecha-izquierda\">\n<div class=\"fondo-alumbrado-publico mosaico-escala\">\n<h3><a class=\"d-flex justify-content-center flex-column\" href=\"https:\/\/www.villafloresmartin.com\/es\/servicios\/alumbrado-vial-urbano\/\">Alumbrado vial y urbano<\/a><\/h3>\n<\/div>\n<\/div>\n<div class=\"col-md-3 mosaico-home borde-izquierda\">\n<div class=\"fondo-energias-renovables mosaico-escala\">\n<h3><a class=\"d-flex justify-content-center flex-column\" href=\"https:\/\/www.villafloresmartin.com\/es\/servicios\/energias-renovables\/\">Energ\u00edas renovables<\/a><\/h3>\n<\/div>\n<\/div>\n<\/div>\n<\/div>\n","protected":false},"excerpt":{"rendered":"<p>Servicios Villa Flores Mart\u00edn es una empresa especializada en la distribuci\u00f3n de energ\u00eda el\u00e9ctrica. Si bien, entre nuestros principales servicios de montajes el\u00e9ctricos se encuentran los trabajos en centros de transformaci\u00f3n (CT) y subestaciones; la instalaci\u00f3n, mantenimiento y reparaci\u00f3n de l\u00edneas a\u00e9reas y subterr\u00e1neas en alta, media y baja tensi\u00f3n; los trabajos de obra civil [&#8230;]<\/p>\n<p><a class=\"btn btn-secondary understrap-read-more-link\" href=\"https:\/\/www.villafloresmartin.com\/es\/servicios\/\">Leer m\u00e1s&#8230;<\/a><\/p>\n","protected":false},"author":2,"featured_media":0,"parent":0,"menu_order":0,"comment_status":"closed","ping_status":"closed","template":"page-templates\/empty.php","meta":{"footnotes":""},"class_list":["post-12","page","type-page","status-publish","hentry"],"yoast_head":"<!-- This site is optimized with the Yoast SEO plugin v26.9 - https:\/\/yoast.com\/product\/yoast-seo-wordpress\/ -->\n<title>Servicios de Instalaciones, Mantenimientos y Reparaciones - VFM<\/title>\n<meta name=\"description\" content=\"Villa Flores Mart\u00edn es una empresa especializada en la distribuci\u00f3n de energ\u00eda el\u00e9ctrica. Si bien, entre nuestros principales servicios de montajes el\u00e9ctricos se encuentran los trabajos en centros de transformaci\u00f3n (CT) y subestaciones, entre muchos otros.\" \/>\n<meta name=\"robots\" content=\"index, follow, max-snippet:-1, max-image-preview:large, max-video-preview:-1\" \/>\n<link rel=\"canonical\" href=\"https:\/\/www.villafloresmartin.com\/es\/servicios\/\" \/>\n<meta property=\"og:locale\" content=\"es_ES\" \/>\n<meta property=\"og:type\" content=\"article\" \/>\n<meta property=\"og:title\" content=\"Servicios de Instalaciones, Mantenimientos y Reparaciones - VFM\" \/>\n<meta property=\"og:description\" content=\"Villa Flores Mart\u00edn es una empresa especializada en la distribuci\u00f3n de energ\u00eda el\u00e9ctrica. Si bien, entre nuestros principales servicios de montajes el\u00e9ctricos se encuentran los trabajos en centros de transformaci\u00f3n (CT) y subestaciones, entre muchos otros.\" \/>\n<meta property=\"og:url\" content=\"https:\/\/www.villafloresmartin.com\/es\/servicios\/\" \/>\n<meta property=\"og:site_name\" content=\"Villa Flores Mart\u00edn\" \/>\n<meta property=\"article:modified_time\" content=\"2018-10-02T11:13:21+00:00\" \/>\n<meta name=\"twitter:label1\" content=\"Tiempo de lectura\" \/>\n\t<meta name=\"twitter:data1\" content=\"1 minuto\" \/>\n<script type=\"application\/ld+json\" class=\"yoast-schema-graph\">{\"@context\":\"https:\/\/schema.org\",\"@graph\":[{\"@type\":\"WebPage\",\"@id\":\"https:\/\/www.villafloresmartin.com\/es\/servicios\/\",\"url\":\"https:\/\/www.villafloresmartin.com\/es\/servicios\/\",\"name\":\"Servicios de Instalaciones, Mantenimientos y Reparaciones - VFM\",\"isPartOf\":{\"@id\":\"https:\/\/www.villafloresmartin.com\/es\/#website\"},\"datePublished\":\"2017-04-06T09:53:06+00:00\",\"dateModified\":\"2018-10-02T11:13:21+00:00\",\"description\":\"Villa Flores Mart\u00edn es una empresa especializada en la distribuci\u00f3n de energ\u00eda el\u00e9ctrica. Si bien, entre nuestros principales servicios de montajes el\u00e9ctricos se encuentran los trabajos en centros de transformaci\u00f3n (CT) y subestaciones, entre muchos otros.\",\"breadcrumb\":{\"@id\":\"https:\/\/www.villafloresmartin.com\/es\/servicios\/#breadcrumb\"},\"inLanguage\":\"es\",\"potentialAction\":[{\"@type\":\"ReadAction\",\"target\":[\"https:\/\/www.villafloresmartin.com\/es\/servicios\/\"]}]},{\"@type\":\"BreadcrumbList\",\"@id\":\"https:\/\/www.villafloresmartin.com\/es\/servicios\/#breadcrumb\",\"itemListElement\":[{\"@type\":\"ListItem\",\"position\":1,\"name\":\"Portada\",\"item\":\"https:\/\/www.villafloresmartin.com\/es\/\"},{\"@type\":\"ListItem\",\"position\":2,\"name\":\"Servicios\"}]},{\"@type\":\"WebSite\",\"@id\":\"https:\/\/www.villafloresmartin.com\/es\/#website\",\"url\":\"https:\/\/www.villafloresmartin.com\/es\/\",\"name\":\"Villa Flores Mart\u00edn\",\"description\":\"\",\"potentialAction\":[{\"@type\":\"SearchAction\",\"target\":{\"@type\":\"EntryPoint\",\"urlTemplate\":\"https:\/\/www.villafloresmartin.com\/es\/?s={search_term_string}\"},\"query-input\":{\"@type\":\"PropertyValueSpecification\",\"valueRequired\":true,\"valueName\":\"search_term_string\"}}],\"inLanguage\":\"es\"}]}<\/script>\n<!-- \/ Yoast SEO plugin. -->","yoast_head_json":{"title":"Servicios de Instalaciones, Mantenimientos y Reparaciones - VFM","description":"Villa Flores Mart\u00edn es una empresa especializada en la distribuci\u00f3n de energ\u00eda el\u00e9ctrica. Si bien, entre nuestros principales servicios de montajes el\u00e9ctricos se encuentran los trabajos en centros de transformaci\u00f3n (CT) y subestaciones, entre muchos otros.","robots":{"index":"index","follow":"follow","max-snippet":"max-snippet:-1","max-image-preview":"max-image-preview:large","max-video-preview":"max-video-preview:-1"},"canonical":"https:\/\/www.villafloresmartin.com\/es\/servicios\/","og_locale":"es_ES","og_type":"article","og_title":"Servicios de Instalaciones, Mantenimientos y Reparaciones - VFM","og_description":"Villa Flores Mart\u00edn es una empresa especializada en la distribuci\u00f3n de energ\u00eda el\u00e9ctrica. Si bien, entre nuestros principales servicios de montajes el\u00e9ctricos se encuentran los trabajos en centros de transformaci\u00f3n (CT) y subestaciones, entre muchos otros.","og_url":"https:\/\/www.villafloresmartin.com\/es\/servicios\/","og_site_name":"Villa Flores Mart\u00edn","article_modified_time":"2018-10-02T11:13:21+00:00","twitter_misc":{"Tiempo de lectura":"1 minuto"},"schema":{"@context":"https:\/\/schema.org","@graph":[{"@type":"WebPage","@id":"https:\/\/www.villafloresmartin.com\/es\/servicios\/","url":"https:\/\/www.villafloresmartin.com\/es\/servicios\/","name":"Servicios de Instalaciones, Mantenimientos y Reparaciones - VFM","isPartOf":{"@id":"https:\/\/www.villafloresmartin.com\/es\/#website"},"datePublished":"2017-04-06T09:53:06+00:00","dateModified":"2018-10-02T11:13:21+00:00","description":"Villa Flores Mart\u00edn es una empresa especializada en la distribuci\u00f3n de energ\u00eda el\u00e9ctrica. Si bien, entre nuestros principales servicios de montajes el\u00e9ctricos se encuentran los trabajos en centros de transformaci\u00f3n (CT) y subestaciones, entre muchos otros.","breadcrumb":{"@id":"https:\/\/www.villafloresmartin.com\/es\/servicios\/#breadcrumb"},"inLanguage":"es","potentialAction":[{"@type":"ReadAction","target":["https:\/\/www.villafloresmartin.com\/es\/servicios\/"]}]},{"@type":"BreadcrumbList","@id":"https:\/\/www.villafloresmartin.com\/es\/servicios\/#breadcrumb","itemListElement":[{"@type":"ListItem","position":1,"name":"Portada","item":"https:\/\/www.villafloresmartin.com\/es\/"},{"@type":"ListItem","position":2,"name":"Servicios"}]},{"@type":"WebSite","@id":"https:\/\/www.villafloresmartin.com\/es\/#website","url":"https:\/\/www.villafloresmartin.com\/es\/","name":"Villa Flores Mart\u00edn","description":"","potentialAction":[{"@type":"SearchAction","target":{"@type":"EntryPoint","urlTemplate":"https:\/\/www.villafloresmartin.com\/es\/?s={search_term_string}"},"query-input":{"@type":"PropertyValueSpecification","valueRequired":true,"valueName":"search_term_string"}}],"inLanguage":"es"}]}},"_links":{"self":[{"href":"https:\/\/www.villafloresmartin.com\/es\/wp-json\/wp\/v2\/pages\/12","targetHints":{"allow":["GET"]}}],"collection":[{"href":"https:\/\/www.villafloresmartin.com\/es\/wp-json\/wp\/v2\/pages"}],"about":[{"href":"https:\/\/www.villafloresmartin.com\/es\/wp-json\/wp\/v2\/types\/page"}],"author":[{"embeddable":true,"href":"https:\/\/www.villafloresmartin.com\/es\/wp-json\/wp\/v2\/users\/2"}],"replies":[{"embeddable":true,"href":"https:\/\/www.villafloresmartin.com\/es\/wp-json\/wp\/v2\/comments?post=12"}],"version-history":[{"count":0,"href":"https:\/\/www.villafloresmartin.com\/es\/wp-json\/wp\/v2\/pages\/12\/revisions"}],"wp:attachment":[{"href":"https:\/\/www.villafloresmartin.com\/es\/wp-json\/wp\/v2\/media?parent=12"}],"curies":[{"name":"wp","href":"https:\/\/api.w.org\/{rel}","templated":true}]}}