{"id":10,"date":"2017-04-06T09:52:54","date_gmt":"2017-04-06T09:52:54","guid":{"rendered":"https:\/\/www.villafloresmartin.com\/es\/?page_id=10"},"modified":"2023-11-10T08:14:03","modified_gmt":"2023-11-10T07:14:03","slug":"quienes-somos","status":"publish","type":"page","link":"https:\/\/www.villafloresmartin.com\/es\/quienes-somos\/","title":{"rendered":"Qui\u00e9nes somos"},"content":{"rendered":"<p class=\"no-margin\"><img  title=\"Qui\u00e9nes somos - Villa Flores Mart\u00edn\" loading=\"lazy\" decoding=\"async\" class=\"aligncenter size-full wp-image-688 img-full\" src=\"https:\/\/www.villafloresmartin.com\/es\/wp-content\/uploads\/2017\/04\/quienes-somos-cabecera.jpg\"  alt=\"Qui\u00e9nes somos - Villa Flores Mart\u00edn\"  width=\"1600\" height=\"575\" srcset=\"https:\/\/www.villafloresmartin.com\/es\/wp-content\/uploads\/2017\/04\/quienes-somos-cabecera.jpg 1600w, https:\/\/www.villafloresmartin.com\/es\/wp-content\/uploads\/2017\/04\/quienes-somos-cabecera-300x108.jpg 300w, https:\/\/www.villafloresmartin.com\/es\/wp-content\/uploads\/2017\/04\/quienes-somos-cabecera-768x276.jpg 768w, https:\/\/www.villafloresmartin.com\/es\/wp-content\/uploads\/2017\/04\/quienes-somos-cabecera-1024x368.jpg 1024w\" sizes=\"auto, (max-width: 1600px) 100vw, 1600px\" \/><\/p>\n<h1 class=\"text-center mt-4 mb-4\">Qui\u00e9nes somos<\/h1>\n<div class=\"adorno-naranja\"><\/div>\n<div class=\"container mt-4 mb-4\">\n<div class=\"row\">\n<div class=\"col-md-12\">\n<div class=\"dos-columnas\">\n<p class=\"texto\">Para conocer los or\u00edgenes de Villa Flores Mart\u00edn debemos remontarnos al a\u00f1o 1981. Fue ah\u00ed cuando tres profesionales con una larga experiencia en el montaje el\u00e9ctrico se unieron para crear la compa\u00f1\u00eda que a d\u00eda de hoy es VFM. Jos\u00e9 Villa Garc\u00eda, Antonio Fern\u00e1ndez Flores y Rafael Mart\u00edn Gago crearon una empresa que desde su nacimiento se ha esforzado por el continuo progreso y la apuesta por la innovaci\u00f3n.<\/p>\n<p class=\"texto\">El mejor ejemplo de esta realidad lo encontramos en que en Villa Flores Mart\u00edn estamos especializados en la distribuci\u00f3n de energ\u00eda el\u00e9ctrica. Nuestras tareas abarcan desde las cl\u00e1sicas actividades de montaje de instalaciones, mantenimiento y reparaciones de l\u00edneas a\u00e9reas y subterr\u00e1neas en alta, media y baja tensi\u00f3n, labores en centros de transformaci\u00f3n y subestaciones hasta nuevos retos tecnol\u00f3gicos que se nos han ido presentando dentro del sector el\u00e9ctrico.<\/p>\n<p class=\"texto\">Para ello nos hemos ido dotando de los mejores medios t\u00e9cnicos, herramientas e infraestructuras que han aparecido en el mercado especializado de la electricidad. Es nuestra forma de mantener nuestro compromiso de excelencia y satisfacci\u00f3n con los clientes que conf\u00edan en nosotros<span style=\"font-size: 1rem;\">.<\/span><\/p>\n<p class=\"texto\">En esta l\u00ednea, apostamos firmemente por la formaci\u00f3n, realizando cursos y jornadas\u00a0tanto internas como externas, con el \u00fanico prop\u00f3sito de lograr la mayor profesionalizaci\u00f3n en el sector que nos ocupa.<\/p>\n<\/div>\n<\/div>\n<\/div>\n<\/div>\n<div class=\"row mt-4 mb-4\">\n<div class=\"col-md-6 quienes-somos-fondo-1\"><\/div>\n<div class=\"col-md-6 fondo-naranja padding-3\">\n<h2>M\u00e1s de 40 a\u00f1os dedicados a la distribuci\u00f3n el\u00e9ctrica<\/h2>\n<p class=\"texto\">La experiencia y el saber hacer nos han convertido en entidad homologada por compa\u00f1\u00edas de distribuci\u00f3n el\u00e9ctrica como Endesa. Y es que la calidad y eficiencia de todos los trabajos que realizamos, as\u00ed como la prestaci\u00f3n y disposici\u00f3n de medios con la que contamos nos convierte en sin\u00f3nimo de eficacia.<\/p>\n<p class=\"texto\">M\u00e1s de tres d\u00e9cadas dedicados a gestionar la red de distribuci\u00f3n el\u00e9ctrica. Comenzamos a trabajar en la zona de los municipios sevillanos de \u00c9cija, Utrera y Carmona para, posteriormente, encargarnos tambi\u00e9n del mantenimiento de la zona de Sevilla capital y el Aljarafe hispalense de la mano de quien hoy es Endesa Enel. Esto nos ha hecho llevar el mantenimiento de la red de distribuci\u00f3n el\u00e9ctrica de poblaciones superiores a un mill\u00f3n de habitantes con miles de centros de distribuci\u00f3n y kil\u00f3metros de l\u00edneas a\u00e9reas y subterr\u00e1neas.<\/p>\n<p class=\"texto\">No obstante, tambi\u00e9n han sido muchos los trabajos realizados fuera de las fronteras andaluzas. Los Pirineos, las Islas Canarias, Barcelona y hasta Buenos Aires (Argentina) han sido destinos que requer\u00edan de nuestro personal y equipamiento profesional.<\/p>\n<\/div>\n<\/div>\n<div class=\"container mt-4 mb-3\">\n<div class=\"row\">\n<div class=\"col-md-12\">\n<div class=\"dos-columnas\">\n<p class=\"texto\">Por otro lado podemos presumir que hemos realizado, entre otros proyectos, la ejecuci\u00f3n, el mantenimiento y el servicio de guardias 24 horas de la red de distribuci\u00f3n de Media y Baja Tensi\u00f3n de la Expo\u00b492 de Sevilla; as\u00ed como la instalaci\u00f3n y mantenimiento de las redes el\u00e9ctricas de grandes eventos como la Feria de Abril.<\/p>\n<p class=\"texto\">En materia social nos consideramos una instituci\u00f3n comprometida con nuestro entorno y comunidad, de ah\u00ed que colaboremos con iniciativas que persiguen mejorar el d\u00eda a d\u00eda de las personas. Merece especial menci\u00f3n el Pacto Mundial de las Naciones Unidas al que pertenecemos y con el que nos comprometemos a cuidar el entorno y la sociedad a trav\u00e9s de pr\u00e1cticas respetuosas y no invasivas.<\/p>\n<p class=\"texto\">La concienciaci\u00f3n de la compa\u00f1\u00eda con la prevenci\u00f3n de riesgos\u00a0laborales nos ha llevado a obtener el Premio Nacional Asepeyo, que reconoc\u00eda la mejora de la prevenci\u00f3n y la seguridad nacional de la empresa; o la Menci\u00f3n Especial en los galardones internacionales Apolo (organizado por Endesa) por la innovaci\u00f3n en procedimientos operativos, gracias a nuestra iniciativa \u201cDispositivo de puesta a tierra para la conversi\u00f3n a\u00e9reo-subterr\u00e1nea en l\u00edneas el\u00e9ctricas de media tensi\u00f3n\u201d<\/p>\n<\/div>\n<\/div>\n<\/div>\n<\/div>\n<div class=\"row mt-3 mb-4\">\n<div class=\"col-md-6 fondo-naranja padding-3\">\n<h4>Si bien, entre las principales se\u00f1as de identidad de Villa Flores Mart\u00edn merece la pena destacar los siguientes elementos que conforman la filosof\u00eda de trabajo de esta empresa dedicada a la distribuci\u00f3n el\u00e9ctrica:<\/h4>\n<ul>\n<li>Especial vocaci\u00f3n por la calidad y seguridad en el trabajo.<\/li>\n<li>Formaci\u00f3n y desarrollo de nuestros profesionales.<\/li>\n<li>Transparencia comunicativa y correcta atenci\u00f3n al cliente.<\/li>\n<li>Apuesta por la innovaci\u00f3n sostenible.<\/li>\n<li>Disciplina como concepto clave en el trabajo diario.<\/li>\n<\/ul>\n<\/div>\n<div class=\"col-md-6 fondo-gris padding-3\">\n<h4>Precisamente estos puntos claves nos conceden una serie de ventajas muy valoradas por nuestros clientes. Tal es el caso de:<\/h4>\n<ul>\n<li>Capacidad de respuesta r\u00e1pida y eficaz.<\/li>\n<li>Conciencia del compromiso adquirido con el cliente.<\/li>\n<li>Flexibilidad y movilidad para adaptarse a las necesidades del cliente.<\/li>\n<li>Profesionalidad que se traduce en el trabajo bien hecho.<\/li>\n<\/ul>\n<\/div>\n<\/div>\n<div class=\"container mb-5\">\n<div class=\"row\">\n<div class=\"col-md-12\">\n<div class=\"dos-columnas\">\n<p class=\"texto\">Otro aspecto fundamental dentro de esta instituci\u00f3n son las <a href=\"https:\/\/www.villafloresmartin.com\/es\/responsabilidad\/certificaciones\/\" target=\"_blank\" rel=\"noopener noreferrer\">certificaciones<\/a> que garantizan el correcto desempe\u00f1o de nuestras actividades. Somos pioneros en nuestro sector en la consecuci\u00f3n de los sellos que poseemos actualmente como: el Certificado del Sistema de Gesti\u00f3n de la Calidad, del Sistema de Gesti\u00f3n Ambiental y del Sistema de Gesti\u00f3n de Seguridad y Salud en el Trabajo, emitidos por Aenor. Asimismo, somos empresa Clasificada del Estado como Contratista de Obras y empresa calificada por Endesa Enel.<\/p>\n<p class=\"texto\">El concepto de empresa que tenemos en VFM supone un reto diario para nosotros mismos, una fuerte apuesta por mejorar cada d\u00eda los servicios que prestamos a nuestros clientes y la formaci\u00f3n laboral de nuestros trabajadores.<\/p>\n<\/div>\n<\/div>\n<\/div>\n<div class=\"row\">\n<div class=\"col-md-12\">\n<p class=\"text-center\"><a class=\"btn btn-secondary\" href=\"https:\/\/www.villafloresmartin.com\/es\/wp-content\/uploads\/2023\/11\/Dossier-VFM-2023.pdf\" target=\"_blank\" rel=\"noopener noreferrer\">DESCARGAR DOSSIER DE EMPRESA<\/a><\/p>\n<\/div>\n<\/div>\n<\/div>\n","protected":false},"excerpt":{"rendered":"<p>Qui\u00e9nes somos Para conocer los or\u00edgenes de Villa Flores Mart\u00edn debemos remontarnos al a\u00f1o 1981. Fue ah\u00ed cuando tres profesionales con una larga experiencia en el montaje el\u00e9ctrico se unieron para crear la compa\u00f1\u00eda que a d\u00eda de hoy es VFM. Jos\u00e9 Villa Garc\u00eda, Antonio Fern\u00e1ndez Flores y Rafael Mart\u00edn Gago crearon una empresa que [&#8230;]<\/p>\n<p><a class=\"btn btn-secondary understrap-read-more-link\" href=\"https:\/\/www.villafloresmartin.com\/es\/quienes-somos\/\">Leer m\u00e1s&#8230;<\/a><\/p>\n","protected":false},"author":2,"featured_media":0,"parent":0,"menu_order":0,"comment_status":"closed","ping_status":"closed","template":"page-templates\/empty.php","meta":{"footnotes":""},"class_list":["post-10","page","type-page","status-publish","hentry"],"yoast_head":"<!-- This site is optimized with the Yoast SEO plugin v26.9 - https:\/\/yoast.com\/product\/yoast-seo-wordpress\/ -->\n<title>VFM - Villa Flores Mart\u00edn: Empresas de Distribuci\u00f3n El\u00e9ctrica<\/title>\n<meta name=\"description\" content=\"En Villa Flores Mart\u00edn estamos especializados en la distribuci\u00f3n de energ\u00eda el\u00e9ctrica. Nuestras tareas abarcan desde las cl\u00e1sicas actividades de montaje de instalaciones, mantenimiento y reparaciones de l\u00edneas a\u00e9reas y subterr\u00e1neas en alta, media y baja tensi\u00f3n, etc.\" \/>\n<meta name=\"robots\" content=\"index, follow, max-snippet:-1, max-image-preview:large, max-video-preview:-1\" \/>\n<link rel=\"canonical\" href=\"https:\/\/www.villafloresmartin.com\/es\/quienes-somos\/\" \/>\n<meta property=\"og:locale\" content=\"es_ES\" \/>\n<meta property=\"og:type\" content=\"article\" \/>\n<meta property=\"og:title\" content=\"VFM - Villa Flores Mart\u00edn: Empresas de Distribuci\u00f3n El\u00e9ctrica\" \/>\n<meta property=\"og:description\" content=\"En Villa Flores Mart\u00edn estamos especializados en la distribuci\u00f3n de energ\u00eda el\u00e9ctrica. Nuestras tareas abarcan desde las cl\u00e1sicas actividades de montaje de instalaciones, mantenimiento y reparaciones de l\u00edneas a\u00e9reas y subterr\u00e1neas en alta, media y baja tensi\u00f3n, etc.\" \/>\n<meta property=\"og:url\" content=\"https:\/\/www.villafloresmartin.com\/es\/quienes-somos\/\" \/>\n<meta property=\"og:site_name\" content=\"Villa Flores Mart\u00edn\" \/>\n<meta property=\"article:modified_time\" content=\"2023-11-10T07:14:03+00:00\" \/>\n<meta property=\"og:image\" content=\"https:\/\/www.villafloresmartin.com\/es\/wp-content\/uploads\/2017\/04\/quienes-somos-cabecera.jpg\" \/>\n<meta name=\"twitter:label1\" content=\"Tiempo de lectura\" \/>\n\t<meta name=\"twitter:data1\" content=\"4 minutos\" \/>\n<script type=\"application\/ld+json\" class=\"yoast-schema-graph\">{\"@context\":\"https:\/\/schema.org\",\"@graph\":[{\"@type\":\"WebPage\",\"@id\":\"https:\/\/www.villafloresmartin.com\/es\/quienes-somos\/\",\"url\":\"https:\/\/www.villafloresmartin.com\/es\/quienes-somos\/\",\"name\":\"VFM - Villa Flores Mart\u00edn: Empresas de Distribuci\u00f3n El\u00e9ctrica\",\"isPartOf\":{\"@id\":\"https:\/\/www.villafloresmartin.com\/es\/#website\"},\"primaryImageOfPage\":{\"@id\":\"https:\/\/www.villafloresmartin.com\/es\/quienes-somos\/#primaryimage\"},\"image\":{\"@id\":\"https:\/\/www.villafloresmartin.com\/es\/quienes-somos\/#primaryimage\"},\"thumbnailUrl\":\"https:\/\/www.villafloresmartin.com\/es\/wp-content\/uploads\/2017\/04\/quienes-somos-cabecera.jpg\",\"datePublished\":\"2017-04-06T09:52:54+00:00\",\"dateModified\":\"2023-11-10T07:14:03+00:00\",\"description\":\"En Villa Flores Mart\u00edn estamos especializados en la distribuci\u00f3n de energ\u00eda el\u00e9ctrica. Nuestras tareas abarcan desde las cl\u00e1sicas actividades de montaje de instalaciones, mantenimiento y reparaciones de l\u00edneas a\u00e9reas y subterr\u00e1neas en alta, media y baja tensi\u00f3n, etc.\",\"breadcrumb\":{\"@id\":\"https:\/\/www.villafloresmartin.com\/es\/quienes-somos\/#breadcrumb\"},\"inLanguage\":\"es\",\"potentialAction\":[{\"@type\":\"ReadAction\",\"target\":[\"https:\/\/www.villafloresmartin.com\/es\/quienes-somos\/\"]}]},{\"@type\":\"ImageObject\",\"inLanguage\":\"es\",\"@id\":\"https:\/\/www.villafloresmartin.com\/es\/quienes-somos\/#primaryimage\",\"url\":\"https:\/\/www.villafloresmartin.com\/es\/wp-content\/uploads\/2017\/04\/quienes-somos-cabecera.jpg\",\"contentUrl\":\"https:\/\/www.villafloresmartin.com\/es\/wp-content\/uploads\/2017\/04\/quienes-somos-cabecera.jpg\",\"width\":1600,\"height\":575},{\"@type\":\"BreadcrumbList\",\"@id\":\"https:\/\/www.villafloresmartin.com\/es\/quienes-somos\/#breadcrumb\",\"itemListElement\":[{\"@type\":\"ListItem\",\"position\":1,\"name\":\"Portada\",\"item\":\"https:\/\/www.villafloresmartin.com\/es\/\"},{\"@type\":\"ListItem\",\"position\":2,\"name\":\"Qui\u00e9nes somos\"}]},{\"@type\":\"WebSite\",\"@id\":\"https:\/\/www.villafloresmartin.com\/es\/#website\",\"url\":\"https:\/\/www.villafloresmartin.com\/es\/\",\"name\":\"Villa Flores Mart\u00edn\",\"description\":\"\",\"potentialAction\":[{\"@type\":\"SearchAction\",\"target\":{\"@type\":\"EntryPoint\",\"urlTemplate\":\"https:\/\/www.villafloresmartin.com\/es\/?s={search_term_string}\"},\"query-input\":{\"@type\":\"PropertyValueSpecification\",\"valueRequired\":true,\"valueName\":\"search_term_string\"}}],\"inLanguage\":\"es\"}]}<\/script>\n<!-- \/ Yoast SEO plugin. -->","yoast_head_json":{"title":"VFM - Villa Flores Mart\u00edn: Empresas de Distribuci\u00f3n El\u00e9ctrica","description":"En Villa Flores Mart\u00edn estamos especializados en la distribuci\u00f3n de energ\u00eda el\u00e9ctrica. Nuestras tareas abarcan desde las cl\u00e1sicas actividades de montaje de instalaciones, mantenimiento y reparaciones de l\u00edneas a\u00e9reas y subterr\u00e1neas en alta, media y baja tensi\u00f3n, etc.","robots":{"index":"index","follow":"follow","max-snippet":"max-snippet:-1","max-image-preview":"max-image-preview:large","max-video-preview":"max-video-preview:-1"},"canonical":"https:\/\/www.villafloresmartin.com\/es\/quienes-somos\/","og_locale":"es_ES","og_type":"article","og_title":"VFM - Villa Flores Mart\u00edn: Empresas de Distribuci\u00f3n El\u00e9ctrica","og_description":"En Villa Flores Mart\u00edn estamos especializados en la distribuci\u00f3n de energ\u00eda el\u00e9ctrica. Nuestras tareas abarcan desde las cl\u00e1sicas actividades de montaje de instalaciones, mantenimiento y reparaciones de l\u00edneas a\u00e9reas y subterr\u00e1neas en alta, media y baja tensi\u00f3n, etc.","og_url":"https:\/\/www.villafloresmartin.com\/es\/quienes-somos\/","og_site_name":"Villa Flores Mart\u00edn","article_modified_time":"2023-11-10T07:14:03+00:00","og_image":[{"url":"https:\/\/www.villafloresmartin.com\/es\/wp-content\/uploads\/2017\/04\/quienes-somos-cabecera.jpg","type":"","width":"","height":""}],"twitter_misc":{"Tiempo de lectura":"4 minutos"},"schema":{"@context":"https:\/\/schema.org","@graph":[{"@type":"WebPage","@id":"https:\/\/www.villafloresmartin.com\/es\/quienes-somos\/","url":"https:\/\/www.villafloresmartin.com\/es\/quienes-somos\/","name":"VFM - Villa Flores Mart\u00edn: Empresas de Distribuci\u00f3n El\u00e9ctrica","isPartOf":{"@id":"https:\/\/www.villafloresmartin.com\/es\/#website"},"primaryImageOfPage":{"@id":"https:\/\/www.villafloresmartin.com\/es\/quienes-somos\/#primaryimage"},"image":{"@id":"https:\/\/www.villafloresmartin.com\/es\/quienes-somos\/#primaryimage"},"thumbnailUrl":"https:\/\/www.villafloresmartin.com\/es\/wp-content\/uploads\/2017\/04\/quienes-somos-cabecera.jpg","datePublished":"2017-04-06T09:52:54+00:00","dateModified":"2023-11-10T07:14:03+00:00","description":"En Villa Flores Mart\u00edn estamos especializados en la distribuci\u00f3n de energ\u00eda el\u00e9ctrica. Nuestras tareas abarcan desde las cl\u00e1sicas actividades de montaje de instalaciones, mantenimiento y reparaciones de l\u00edneas a\u00e9reas y subterr\u00e1neas en alta, media y baja tensi\u00f3n, etc.","breadcrumb":{"@id":"https:\/\/www.villafloresmartin.com\/es\/quienes-somos\/#breadcrumb"},"inLanguage":"es","potentialAction":[{"@type":"ReadAction","target":["https:\/\/www.villafloresmartin.com\/es\/quienes-somos\/"]}]},{"@type":"ImageObject","inLanguage":"es","@id":"https:\/\/www.villafloresmartin.com\/es\/quienes-somos\/#primaryimage","url":"https:\/\/www.villafloresmartin.com\/es\/wp-content\/uploads\/2017\/04\/quienes-somos-cabecera.jpg","contentUrl":"https:\/\/www.villafloresmartin.com\/es\/wp-content\/uploads\/2017\/04\/quienes-somos-cabecera.jpg","width":1600,"height":575},{"@type":"BreadcrumbList","@id":"https:\/\/www.villafloresmartin.com\/es\/quienes-somos\/#breadcrumb","itemListElement":[{"@type":"ListItem","position":1,"name":"Portada","item":"https:\/\/www.villafloresmartin.com\/es\/"},{"@type":"ListItem","position":2,"name":"Qui\u00e9nes somos"}]},{"@type":"WebSite","@id":"https:\/\/www.villafloresmartin.com\/es\/#website","url":"https:\/\/www.villafloresmartin.com\/es\/","name":"Villa Flores Mart\u00edn","description":"","potentialAction":[{"@type":"SearchAction","target":{"@type":"EntryPoint","urlTemplate":"https:\/\/www.villafloresmartin.com\/es\/?s={search_term_string}"},"query-input":{"@type":"PropertyValueSpecification","valueRequired":true,"valueName":"search_term_string"}}],"inLanguage":"es"}]}},"_links":{"self":[{"href":"https:\/\/www.villafloresmartin.com\/es\/wp-json\/wp\/v2\/pages\/10","targetHints":{"allow":["GET"]}}],"collection":[{"href":"https:\/\/www.villafloresmartin.com\/es\/wp-json\/wp\/v2\/pages"}],"about":[{"href":"https:\/\/www.villafloresmartin.com\/es\/wp-json\/wp\/v2\/types\/page"}],"author":[{"embeddable":true,"href":"https:\/\/www.villafloresmartin.com\/es\/wp-json\/wp\/v2\/users\/2"}],"replies":[{"embeddable":true,"href":"https:\/\/www.villafloresmartin.com\/es\/wp-json\/wp\/v2\/comments?post=10"}],"version-history":[{"count":3,"href":"https:\/\/www.villafloresmartin.com\/es\/wp-json\/wp\/v2\/pages\/10\/revisions"}],"predecessor-version":[{"id":2380,"href":"https:\/\/www.villafloresmartin.com\/es\/wp-json\/wp\/v2\/pages\/10\/revisions\/2380"}],"wp:attachment":[{"href":"https:\/\/www.villafloresmartin.com\/es\/wp-json\/wp\/v2\/media?parent=10"}],"curies":[{"name":"wp","href":"https:\/\/api.w.org\/{rel}","templated":true}]}}